{"id":2268,"date":"2023-08-15T13:25:54","date_gmt":"2023-08-15T11:25:54","guid":{"rendered":"https:\/\/greenowacja.pl\/?post_type=product&#038;p=2268"},"modified":"2025-08-27T16:34:46","modified_gmt":"2025-08-27T14:34:46","slug":"prezent-na-rocznice-para-na-lawce","status":"publish","type":"product","link":"https:\/\/greenowacja.pl\/en\/product\/prezent-na-rocznice-para-na-lawce\/","title":{"rendered":"Moss tree, baobab with couple on bench, 39cm"},"content":{"rendered":"<p>To create our handicrafts, we use reindeer lichen, which comes mainly from Scandinavia.<\/p>\n<p>The lichen is subjected to a stabilization process, thanks to which it no longer grows and can remain beautiful for up to 8-10 years.<\/p>\n<p>Moss stabilization involves depriving the moss of all its vital functions without any negative visual effects. This state is very similar to hibernation.<\/p>\n<p><strong>Products after the stabilization process are not alive \u2013 They do not grow!<\/strong><\/p>\n<p><strong>Reindeer moss is hypoallergenic and does not emit any harmful substances.<\/strong><\/p>\n<p>&nbsp;<\/p>\n<p>&nbsp;<\/p>\n<p><strong>Tips:<\/strong><\/p>\n<ul>\n<li><strong>do not water it or sprinkle it,<\/strong><\/li>\n<li>the lichen likes <strong>air humidity 40-60%,<\/strong> if it becomes rough and brittle, take the decoration to the bathroom for a few days and it will regain its elasticity,<\/li>\n<li>place it far away from sources of heat and light,<\/li>\n<li>If dust settles on it, gently remove it with a fabric roller.<\/li>\n<\/ul>\n<p>Each order comes with instructions on how to care for your reindeer moss decorations.<\/p>\n<p>&nbsp;<\/p>\n<p><strong>Technical data:<\/strong><\/p>\n<p>\u2013 Tree diameter: 39cm<\/p>\n<p>\u2013 Backing material: fiberboard (HDF)<\/p>\n<p>\u2013 There is a hole on the back for hanging the picture<\/p>\n<p>&nbsp;<\/p>\n<p>Each product is a natural material that varies in size, structure, and texture \u2013 each is unique and irregular.<\/p>\n<p>We begin creating the decorations after you order them online; order processing time is 3 business days.<\/p>\n<p>If you would like faster shipping, please contact us by phone.<\/p>","protected":false},"excerpt":{"rendered":"<p>A baobab tree in a circle with an image of a couple sitting on a bench. This is a very romantic gift for a loved one. It also makes a great anniversary gift. Our reindeer moss-decorated paintings are natural and are sure to impress the recipient.<\/p>","protected":false},"featured_media":8008,"template":"","meta":{"site-sidebar-layout":"default","site-content-layout":"default","ast-site-content-layout":"default","site-content-style":"default","site-sidebar-style":"default","ast-global-header-display":"","ast-banner-title-visibility":"","ast-main-header-display":"","ast-hfb-above-header-display":"","ast-hfb-below-header-display":"","ast-hfb-mobile-header-display":"","site-post-title":"","ast-breadcrumbs-content":"","ast-featured-img":"","footer-sml-layout":"","theme-transparent-header-meta":"default","adv-header-id-meta":"","stick-header-meta":"","header-above-stick-meta":"","header-main-stick-meta":"","header-below-stick-meta":"","astra-migrate-meta-layouts":"set","ast-page-background-enabled":"default","ast-page-background-meta":{"desktop":{"background-color":"","background-image":"","background-repeat":"repeat","background-position":"center center","background-size":"auto","background-attachment":"scroll","background-type":"","background-media":"","overlay-type":"","overlay-color":"","overlay-opacity":"","overlay-gradient":""},"tablet":{"background-color":"","background-image":"","background-repeat":"repeat","background-position":"center center","background-size":"auto","background-attachment":"scroll","background-type":"","background-media":"","overlay-type":"","overlay-color":"","overlay-opacity":"","overlay-gradient":""},"mobile":{"background-color":"","background-image":"","background-repeat":"repeat","background-position":"center center","background-size":"auto","background-attachment":"scroll","background-type":"","background-media":"","overlay-type":"","overlay-color":"","overlay-opacity":"","overlay-gradient":""}},"ast-content-background-meta":{"desktop":{"background-color":"var(--ast-global-color-5)","background-image":"","background-repeat":"repeat","background-position":"center center","background-size":"auto","background-attachment":"scroll","background-type":"","background-media":"","overlay-type":"","overlay-color":"","overlay-opacity":"","overlay-gradient":""},"tablet":{"background-color":"var(--ast-global-color-5)","background-image":"","background-repeat":"repeat","background-position":"center center","background-size":"auto","background-attachment":"scroll","background-type":"","background-media":"","overlay-type":"","overlay-color":"","overlay-opacity":"","overlay-gradient":""},"mobile":{"background-color":"var(--ast-global-color-5)","background-image":"","background-repeat":"repeat","background-position":"center center","background-size":"auto","background-attachment":"scroll","background-type":"","background-media":"","overlay-type":"","overlay-color":"","overlay-opacity":"","overlay-gradient":""}}},"product_brand":[],"product_cat":[92,33,121,53,118,42,93],"product_tag":[],"class_list":{"0":"post-2268","1":"product","2":"type-product","3":"status-publish","4":"has-post-thumbnail","6":"product_cat-prezent-dla-niej","7":"product_cat-drzewa-z-chrobotkiem","8":"product_cat-karta-mieszkanca-gminy-kolobrzeg","9":"product_cat-prezenty-na-slub-z-mchem","10":"product_cat-na-walentynki","11":"product_cat-obrazy-z-chrobotkiem","12":"product_cat-ok-poznan","13":"desktop-align-left","14":"tablet-align-left","15":"mobile-align-left","17":"first","18":"instock","19":"taxable","20":"shipping-taxable","21":"purchasable","22":"product-type-simple"},"yoast_head":"<!-- This site is optimized with the Yoast SEO plugin v27.4 - https:\/\/yoast.com\/product\/yoast-seo-wordpress\/ -->\n<title>Drzewo z mchu, baobab z par\u0105 na \u0142awce, 39cm - Ozdoby i prezenty z mchu | #u\u015bMECHnij si\u0119!<\/title>\n<meta name=\"description\" content=\"Drzewo baobab w kole z wizerunkiem pary na \u0142awce. To bardzo romantyczny prezent dla ukochanej osoby. \u015awietny r\u00f3wnie\u017c jako prezent na rocznice.\" \/>\n<meta name=\"robots\" content=\"index, follow, max-snippet:-1, max-image-preview:large, max-video-preview:-1\" \/>\n<link rel=\"canonical\" href=\"https:\/\/greenowacja.pl\/en\/product\/prezent-na-rocznice-para-na-lawce\/\" \/>\n<meta property=\"og:locale\" content=\"en_US\" \/>\n<meta property=\"og:type\" content=\"article\" \/>\n<meta property=\"og:title\" content=\"Drzewo z mchu, baobab z par\u0105 na \u0142awce, 39cm - Ozdoby i prezenty z mchu | #u\u015bMECHnij si\u0119!\" \/>\n<meta property=\"og:description\" content=\"Drzewo baobab w kole z wizerunkiem pary na \u0142awce. To bardzo romantyczny prezent dla ukochanej osoby. \u015awietny r\u00f3wnie\u017c jako prezent na rocznice.\" \/>\n<meta property=\"og:url\" content=\"https:\/\/greenowacja.pl\/en\/product\/prezent-na-rocznice-para-na-lawce\/\" \/>\n<meta property=\"og:site_name\" content=\"Ozdoby i prezenty z mchu | #u\u015bMECHnij si\u0119!\" \/>\n<meta property=\"article:publisher\" content=\"https:\/\/www.facebook.com\/Greenowacja\" \/>\n<meta property=\"article:modified_time\" content=\"2025-08-27T14:34:46+00:00\" \/>\n<meta property=\"og:image\" content=\"https:\/\/greenowacja.pl\/wp-content\/uploads\/2023\/08\/IMG20240712155855.jpg\" \/>\n\t<meta property=\"og:image:width\" content=\"950\" \/>\n\t<meta property=\"og:image:height\" content=\"950\" \/>\n\t<meta property=\"og:image:type\" content=\"image\/jpeg\" \/>\n<meta name=\"twitter:card\" content=\"summary_large_image\" \/>\n<meta name=\"twitter:label1\" content=\"Est. reading time\" \/>\n\t<meta name=\"twitter:data1\" content=\"2 minutes\" \/>\n<script type=\"application\/ld+json\" class=\"yoast-schema-graph\">{\"@context\":\"https:\\\/\\\/schema.org\",\"@graph\":[{\"@type\":\"WebPage\",\"@id\":\"https:\\\/\\\/greenowacja.pl\\\/produkt\\\/prezent-na-rocznice-para-na-lawce\\\/\",\"url\":\"https:\\\/\\\/greenowacja.pl\\\/produkt\\\/prezent-na-rocznice-para-na-lawce\\\/\",\"name\":\"Drzewo z mchu, baobab z par\u0105 na \u0142awce, 39cm - Ozdoby i prezenty z mchu | #u\u015bMECHnij si\u0119!\",\"isPartOf\":{\"@id\":\"https:\\\/\\\/greenowacja.pl\\\/#website\"},\"primaryImageOfPage\":{\"@id\":\"https:\\\/\\\/greenowacja.pl\\\/produkt\\\/prezent-na-rocznice-para-na-lawce\\\/#primaryimage\"},\"image\":{\"@id\":\"https:\\\/\\\/greenowacja.pl\\\/produkt\\\/prezent-na-rocznice-para-na-lawce\\\/#primaryimage\"},\"thumbnailUrl\":\"https:\\\/\\\/greenowacja.pl\\\/wp-content\\\/uploads\\\/2023\\\/08\\\/IMG20240712155855.jpg\",\"datePublished\":\"2023-08-15T11:25:54+00:00\",\"dateModified\":\"2025-08-27T14:34:46+00:00\",\"description\":\"Drzewo baobab w kole z wizerunkiem pary na \u0142awce. To bardzo romantyczny prezent dla ukochanej osoby. \u015awietny r\u00f3wnie\u017c jako prezent na rocznice.\",\"breadcrumb\":{\"@id\":\"https:\\\/\\\/greenowacja.pl\\\/produkt\\\/prezent-na-rocznice-para-na-lawce\\\/#breadcrumb\"},\"inLanguage\":\"en-US\",\"potentialAction\":[{\"@type\":\"ReadAction\",\"target\":[\"https:\\\/\\\/greenowacja.pl\\\/produkt\\\/prezent-na-rocznice-para-na-lawce\\\/\"]}]},{\"@type\":\"ImageObject\",\"inLanguage\":\"en-US\",\"@id\":\"https:\\\/\\\/greenowacja.pl\\\/produkt\\\/prezent-na-rocznice-para-na-lawce\\\/#primaryimage\",\"url\":\"https:\\\/\\\/greenowacja.pl\\\/wp-content\\\/uploads\\\/2023\\\/08\\\/IMG20240712155855.jpg\",\"contentUrl\":\"https:\\\/\\\/greenowacja.pl\\\/wp-content\\\/uploads\\\/2023\\\/08\\\/IMG20240712155855.jpg\",\"width\":950,\"height\":950},{\"@type\":\"BreadcrumbList\",\"@id\":\"https:\\\/\\\/greenowacja.pl\\\/produkt\\\/prezent-na-rocznice-para-na-lawce\\\/#breadcrumb\",\"itemListElement\":[{\"@type\":\"ListItem\",\"position\":1,\"name\":\"Strona g\u0142\u00f3wna\",\"item\":\"https:\\\/\\\/greenowacja.pl\\\/\"},{\"@type\":\"ListItem\",\"position\":2,\"name\":\"Sklep\",\"item\":\"https:\\\/\\\/greenowacja.pl\\\/sklep-z-mchem-chrobotkiem\\\/\"},{\"@type\":\"ListItem\",\"position\":3,\"name\":\"Drzewo z mchu, baobab z par\u0105 na \u0142awce, 39cm\"}]},{\"@type\":\"WebSite\",\"@id\":\"https:\\\/\\\/greenowacja.pl\\\/#website\",\"url\":\"https:\\\/\\\/greenowacja.pl\\\/\",\"name\":\"Ozdoby i prezenty z mchu | #u\u015bMECHnij si\u0119!\",\"description\":\"\",\"publisher\":{\"@id\":\"https:\\\/\\\/greenowacja.pl\\\/#organization\"},\"potentialAction\":[{\"@type\":\"SearchAction\",\"target\":{\"@type\":\"EntryPoint\",\"urlTemplate\":\"https:\\\/\\\/greenowacja.pl\\\/?s={search_term_string}\"},\"query-input\":{\"@type\":\"PropertyValueSpecification\",\"valueRequired\":true,\"valueName\":\"search_term_string\"}}],\"inLanguage\":\"en-US\"},{\"@type\":\"Organization\",\"@id\":\"https:\\\/\\\/greenowacja.pl\\\/#organization\",\"name\":\"Ozdoby i prezenty z mchu | #u\u015bMECHnij si\u0119!\",\"url\":\"https:\\\/\\\/greenowacja.pl\\\/\",\"logo\":{\"@type\":\"ImageObject\",\"inLanguage\":\"en-US\",\"@id\":\"https:\\\/\\\/greenowacja.pl\\\/#\\\/schema\\\/logo\\\/image\\\/\",\"url\":\"https:\\\/\\\/greenowacja.pl\\\/wp-content\\\/uploads\\\/2023\\\/08\\\/Logo-Greenowacja-wer-z-claimem-pozioma-2-kolory_Easy-Resize.com_.jpg\",\"contentUrl\":\"https:\\\/\\\/greenowacja.pl\\\/wp-content\\\/uploads\\\/2023\\\/08\\\/Logo-Greenowacja-wer-z-claimem-pozioma-2-kolory_Easy-Resize.com_.jpg\",\"width\":1280,\"height\":426,\"caption\":\"Ozdoby i prezenty z mchu | #u\u015bMECHnij si\u0119!\"},\"image\":{\"@id\":\"https:\\\/\\\/greenowacja.pl\\\/#\\\/schema\\\/logo\\\/image\\\/\"},\"sameAs\":[\"https:\\\/\\\/www.facebook.com\\\/Greenowacja\",\"https:\\\/\\\/www.instagram.com\\\/greenowacja\\\/\"]}]}<\/script>\n<!-- \/ Yoast SEO plugin. -->","yoast_head_json":{"title":"Drzewo z mchu, baobab z par\u0105 na \u0142awce, 39cm - Ozdoby i prezenty z mchu | #u\u015bMECHnij si\u0119!","description":"Drzewo baobab w kole z wizerunkiem pary na \u0142awce. To bardzo romantyczny prezent dla ukochanej osoby. \u015awietny r\u00f3wnie\u017c jako prezent na rocznice.","robots":{"index":"index","follow":"follow","max-snippet":"max-snippet:-1","max-image-preview":"max-image-preview:large","max-video-preview":"max-video-preview:-1"},"canonical":"https:\/\/greenowacja.pl\/en\/product\/prezent-na-rocznice-para-na-lawce\/","og_locale":"en_US","og_type":"article","og_title":"Drzewo z mchu, baobab z par\u0105 na \u0142awce, 39cm - Ozdoby i prezenty z mchu | #u\u015bMECHnij si\u0119!","og_description":"Drzewo baobab w kole z wizerunkiem pary na \u0142awce. To bardzo romantyczny prezent dla ukochanej osoby. \u015awietny r\u00f3wnie\u017c jako prezent na rocznice.","og_url":"https:\/\/greenowacja.pl\/en\/product\/prezent-na-rocznice-para-na-lawce\/","og_site_name":"Ozdoby i prezenty z mchu | #u\u015bMECHnij si\u0119!","article_publisher":"https:\/\/www.facebook.com\/Greenowacja","article_modified_time":"2025-08-27T14:34:46+00:00","og_image":[{"width":950,"height":950,"url":"https:\/\/greenowacja.pl\/wp-content\/uploads\/2023\/08\/IMG20240712155855.jpg","type":"image\/jpeg"}],"twitter_card":"summary_large_image","twitter_misc":{"Est. reading time":"2 minutes"},"schema":{"@context":"https:\/\/schema.org","@graph":[{"@type":"WebPage","@id":"https:\/\/greenowacja.pl\/produkt\/prezent-na-rocznice-para-na-lawce\/","url":"https:\/\/greenowacja.pl\/produkt\/prezent-na-rocznice-para-na-lawce\/","name":"Drzewo z mchu, baobab z par\u0105 na \u0142awce, 39cm - Ozdoby i prezenty z mchu | #u\u015bMECHnij si\u0119!","isPartOf":{"@id":"https:\/\/greenowacja.pl\/#website"},"primaryImageOfPage":{"@id":"https:\/\/greenowacja.pl\/produkt\/prezent-na-rocznice-para-na-lawce\/#primaryimage"},"image":{"@id":"https:\/\/greenowacja.pl\/produkt\/prezent-na-rocznice-para-na-lawce\/#primaryimage"},"thumbnailUrl":"https:\/\/greenowacja.pl\/wp-content\/uploads\/2023\/08\/IMG20240712155855.jpg","datePublished":"2023-08-15T11:25:54+00:00","dateModified":"2025-08-27T14:34:46+00:00","description":"Drzewo baobab w kole z wizerunkiem pary na \u0142awce. To bardzo romantyczny prezent dla ukochanej osoby. \u015awietny r\u00f3wnie\u017c jako prezent na rocznice.","breadcrumb":{"@id":"https:\/\/greenowacja.pl\/produkt\/prezent-na-rocznice-para-na-lawce\/#breadcrumb"},"inLanguage":"en-US","potentialAction":[{"@type":"ReadAction","target":["https:\/\/greenowacja.pl\/produkt\/prezent-na-rocznice-para-na-lawce\/"]}]},{"@type":"ImageObject","inLanguage":"en-US","@id":"https:\/\/greenowacja.pl\/produkt\/prezent-na-rocznice-para-na-lawce\/#primaryimage","url":"https:\/\/greenowacja.pl\/wp-content\/uploads\/2023\/08\/IMG20240712155855.jpg","contentUrl":"https:\/\/greenowacja.pl\/wp-content\/uploads\/2023\/08\/IMG20240712155855.jpg","width":950,"height":950},{"@type":"BreadcrumbList","@id":"https:\/\/greenowacja.pl\/produkt\/prezent-na-rocznice-para-na-lawce\/#breadcrumb","itemListElement":[{"@type":"ListItem","position":1,"name":"Strona g\u0142\u00f3wna","item":"https:\/\/greenowacja.pl\/"},{"@type":"ListItem","position":2,"name":"Sklep","item":"https:\/\/greenowacja.pl\/sklep-z-mchem-chrobotkiem\/"},{"@type":"ListItem","position":3,"name":"Drzewo z mchu, baobab z par\u0105 na \u0142awce, 39cm"}]},{"@type":"WebSite","@id":"https:\/\/greenowacja.pl\/#website","url":"https:\/\/greenowacja.pl\/","name":"Moss decorations and gifts | #u\u015bMECHnij!","description":"","publisher":{"@id":"https:\/\/greenowacja.pl\/#organization"},"potentialAction":[{"@type":"SearchAction","target":{"@type":"EntryPoint","urlTemplate":"https:\/\/greenowacja.pl\/?s={search_term_string}"},"query-input":{"@type":"PropertyValueSpecification","valueRequired":true,"valueName":"search_term_string"}}],"inLanguage":"en-US"},{"@type":"Organization","@id":"https:\/\/greenowacja.pl\/#organization","name":"Moss decorations and gifts | #u\u015bMECHnij!","url":"https:\/\/greenowacja.pl\/","logo":{"@type":"ImageObject","inLanguage":"en-US","@id":"https:\/\/greenowacja.pl\/#\/schema\/logo\/image\/","url":"https:\/\/greenowacja.pl\/wp-content\/uploads\/2023\/08\/Logo-Greenowacja-wer-z-claimem-pozioma-2-kolory_Easy-Resize.com_.jpg","contentUrl":"https:\/\/greenowacja.pl\/wp-content\/uploads\/2023\/08\/Logo-Greenowacja-wer-z-claimem-pozioma-2-kolory_Easy-Resize.com_.jpg","width":1280,"height":426,"caption":"Ozdoby i prezenty z mchu | #u\u015bMECHnij si\u0119!"},"image":{"@id":"https:\/\/greenowacja.pl\/#\/schema\/logo\/image\/"},"sameAs":["https:\/\/www.facebook.com\/Greenowacja","https:\/\/www.instagram.com\/greenowacja\/"]}]}},"_links":{"self":[{"href":"https:\/\/greenowacja.pl\/en\/wp-json\/wp\/v2\/product\/2268","targetHints":{"allow":["GET"]}}],"collection":[{"href":"https:\/\/greenowacja.pl\/en\/wp-json\/wp\/v2\/product"}],"about":[{"href":"https:\/\/greenowacja.pl\/en\/wp-json\/wp\/v2\/types\/product"}],"wp:featuredmedia":[{"embeddable":true,"href":"https:\/\/greenowacja.pl\/en\/wp-json\/wp\/v2\/media\/8008"}],"wp:attachment":[{"href":"https:\/\/greenowacja.pl\/en\/wp-json\/wp\/v2\/media?parent=2268"}],"wp:term":[{"taxonomy":"product_brand","embeddable":true,"href":"https:\/\/greenowacja.pl\/en\/wp-json\/wp\/v2\/product_brand?post=2268"},{"taxonomy":"product_cat","embeddable":true,"href":"https:\/\/greenowacja.pl\/en\/wp-json\/wp\/v2\/product_cat?post=2268"},{"taxonomy":"product_tag","embeddable":true,"href":"https:\/\/greenowacja.pl\/en\/wp-json\/wp\/v2\/product_tag?post=2268"}],"curies":[{"name":"wp","href":"https:\/\/api.w.org\/{rel}","templated":true}]}}