{"id":15322,"date":"2024-12-20T16:01:15","date_gmt":"2024-12-20T15:01:15","guid":{"rendered":"https:\/\/greenowacja.pl\/?page_id=15322"},"modified":"2024-12-20T16:38:30","modified_gmt":"2024-12-20T15:38:30","slug":"informacje-o-dostawcach","status":"publish","type":"page","link":"https:\/\/greenowacja.pl\/informacje-o-dostawcach\/","title":{"rendered":"Informacje o Dostawcach"},"content":{"rendered":"\n<p><strong>Informacje o Dostawcach<\/strong><\/p>\n\n\n\n<p>W trosce o przejrzysto\u015b\u0107 i zaufanie naszych klient\u00f3w, poni\u017cej przedstawiamy informacje o dostawcach komponent\u00f3w wykorzystywanych w naszych produktach. Wszystkie materia\u0142y pochodz\u0105 od renomowanych firm, kt\u00f3re spe\u0142niaj\u0105 wymogi prawa UE oraz krajowe normy bezpiecze\u0144stwa. Zgodnie z wymaganiami ustawy o Og\u00f3lnym Bezpiecze\u0144stwie Produkt\u00f3w (GPSR), wdro\u017cyli\u015bmy odpowiednie procedury zapewniaj\u0105ce pe\u0142n\u0105 zgodno\u015b\u0107 naszych produkt\u00f3w z obowi\u0105zuj\u0105cymi przepisami.<\/p>\n\n\n\n<hr class=\"wp-block-separator has-alpha-channel-opacity\"\/>\n\n\n\n<h3 class=\"wp-block-heading\"><strong>1. Mech<\/strong><\/h3>\n\n\n\n<ul class=\"wp-block-list\">\n<li><strong>Nazwa firmy:<\/strong> PBTO SP\u00d3\u0141KA Z OGRANICZON\u0104 ODPOWIEDZIALNO\u015aCI\u0104<\/li>\n\n\n\n<li><strong>Adres:<\/strong> ul. Stanis\u0142awa Wyspia\u0144skiego 13, 43-400 Cieszyn<\/li>\n\n\n\n<li><strong>NIP:<\/strong> 5482677576<\/li>\n<\/ul>\n\n\n\n<h3 class=\"wp-block-heading\"><strong>2. Podk\u0142ady HDF<\/strong><\/h3>\n\n\n\n<ul class=\"wp-block-list\">\n<li><strong>Nazwa firmy:<\/strong> Marcin Matuszewski \u2013 Wyrabianki<\/li>\n\n\n\n<li><strong>Adres:<\/strong> ul. Ignacego Dobrogojskiego 14A, 61-692 Pozna\u0144<\/li>\n\n\n\n<li><strong>NIP:<\/strong> 7961684015<\/li>\n\n\n\n<li><strong>REGON:<\/strong> 522792592<\/li>\n<\/ul>\n\n\n\n<h3 class=\"wp-block-heading\"><strong>3. Doniczki<\/strong><\/h3>\n\n\n\n<h4 class=\"wp-block-heading\"><strong>a. Jucca<\/strong><\/h4>\n\n\n\n<ul class=\"wp-block-list\">\n<li><strong>Nazwa firmy:<\/strong> Jucca Sp. z o.o. Sp. K.<\/li>\n\n\n\n<li><strong>Adres:<\/strong> ul. Pozna\u0144ska 161, 62-080 Tarnowo Podg\u00f3rne<\/li>\n\n\n\n<li><strong>Telefon:<\/strong> +48 61 814 63 84<\/li>\n\n\n\n<li><strong>E-mail:<\/strong> <a>jucca@jucca.pl<\/a><\/li>\n\n\n\n<li><strong>Strona internetowa:<\/strong> <a href=\"https:\/\/detal.jucca.pl\/\">https:\/\/detal.jucca.pl\/<\/a><\/li>\n<\/ul>\n\n\n\n<h4 class=\"wp-block-heading\"><strong>b. Dauos<\/strong><\/h4>\n\n\n\n<ul class=\"wp-block-list\">\n<li><strong>Nazwa firmy:<\/strong> Pawe\u0142 Dau \u2013 Dauos<\/li>\n\n\n\n<li><strong>Adres:<\/strong> ul. 30-go Stycznia 32, 83-110 Tczew<\/li>\n\n\n\n<li><strong>Strona internetowa:<\/strong> <a href=\"https:\/\/dauos.sklep.pl\/\">https:\/\/dauos.sklep.pl\/<\/a><\/li>\n<\/ul>\n\n\n\n<h4 class=\"wp-block-heading\"><strong>c. Platforma Temu<\/strong><\/h4>\n\n\n\n<ul class=\"wp-block-list\">\n<li><strong>Imi\u0119 i nazwisko dostawcy:<\/strong> Wangfei<\/li>\n\n\n\n<li><strong>Typ sklepu:<\/strong> Handlowiec<\/li>\n\n\n\n<li><strong>Adres:<\/strong><br>Baiyun Subdistrict Shuyuan Road<br>Dongyang<br>322100 Zhejiang Province, Jinhua City<\/li>\n\n\n\n<li><strong>Adres e-mail:<\/strong> <a>2778244370@qq.com<\/a><\/li>\n\n\n\n<li><strong>Numer telefonu:<\/strong> +86 17815574877<\/li>\n\n\n\n<li><strong>Samocertyfikacja:<\/strong><br>\u201eDostawca ten o\u015bwiadczy\u0142, \u017ce b\u0119dzie przestrzega\u0107 wszystkich obowi\u0105zuj\u0105cych przepis\u00f3w, w tym oferowa\u0107 wy\u0142\u0105cznie produkty i us\u0142ugi zgodne z polityk\u0105 Temu i obowi\u0105zuj\u0105cymi przepisami prawa UE.\u201d<\/li>\n<\/ul>\n\n\n\n<h3 class=\"wp-block-heading\"><strong>4. Kleje i materia\u0142y termotopliwe<\/strong><\/h3>\n\n\n\n<ul class=\"wp-block-list\">\n<li><strong>Nazwa firmy:<\/strong> wysy\u0142ka24H.pl Jan Kr\u0119pski<\/li>\n\n\n\n<li><strong>Adres:<\/strong> ul. Ko\u015bciuszki 7, 96-230 Bia\u0142a Rawska<\/li>\n\n\n\n<li><strong>NIP:<\/strong> 8351542446<\/li>\n<\/ul>\n\n\n\n<h3 class=\"wp-block-heading\"><strong>5. G\u0105bka florystyczna<\/strong><\/h3>\n\n\n\n<ul class=\"wp-block-list\">\n<li><strong>Nazwa firmy:<\/strong> Przedsi\u0119biorstwo Wielobran\u017cowe POLA Barbara Dziubak<\/li>\n\n\n\n<li><strong>Adres:<\/strong> Reducin 7A, 08-404 G\u00f3rzno<\/li>\n\n\n\n<li><strong>NIP:<\/strong> 8261602385<\/li>\n\n\n\n<li><strong>REGON:<\/strong> 710032000<\/li>\n<\/ul>\n\n\n\n<hr class=\"wp-block-separator has-alpha-channel-opacity\"\/>\n\n\n\n<h3 class=\"wp-block-heading\"><strong>Zapewnienie jako\u015bci<\/strong><\/h3>\n\n\n\n<p>Nasze produkty s\u0105 tworzone z najwy\u017csz\u0105 staranno\u015bci\u0105, a komponenty pochodz\u0105 od sprawdzonych dostawc\u00f3w. Dzi\u0119ki temu mo\u017cesz mie\u0107 pewno\u015b\u0107, \u017ce ka\u017cdy zakupiony u nas produkt jest nie tylko pi\u0119kny, ale i bezpieczny w u\u017cytkowaniu.<\/p>\n\n\n\n<p>Je\u015bli masz dodatkowe pytania dotycz\u0105ce naszych dostawc\u00f3w lub certyfikat\u00f3w, skontaktuj si\u0119 z nami poprzez formularz kontaktowy.<\/p>\n","protected":false},"excerpt":{"rendered":"<p>Informacje o Dostawcach W trosce o przejrzysto\u015b\u0107 i zaufanie naszych klient\u00f3w, poni\u017cej przedstawiamy informacje o dostawcach komponent\u00f3w wykorzystywanych w naszych produktach. Wszystkie materia\u0142y pochodz\u0105 od renomowanych firm, kt\u00f3re spe\u0142niaj\u0105 wymogi prawa UE oraz krajowe normy bezpiecze\u0144stwa. Zgodnie z wymaganiami ustawy o Og\u00f3lnym Bezpiecze\u0144stwie Produkt\u00f3w (GPSR), wdro\u017cyli\u015bmy odpowiednie procedury zapewniaj\u0105ce pe\u0142n\u0105 zgodno\u015b\u0107 naszych produkt\u00f3w z obowi\u0105zuj\u0105cymi [&hellip;]<\/p>\n","protected":false},"author":1,"featured_media":0,"parent":0,"menu_order":0,"comment_status":"closed","ping_status":"closed","template":"","meta":{"site-sidebar-layout":"default","site-content-layout":"","ast-site-content-layout":"default","site-content-style":"default","site-sidebar-style":"default","ast-global-header-display":"","ast-banner-title-visibility":"","ast-main-header-display":"","ast-hfb-above-header-display":"","ast-hfb-below-header-display":"","ast-hfb-mobile-header-display":"","site-post-title":"","ast-breadcrumbs-content":"","ast-featured-img":"","footer-sml-layout":"","theme-transparent-header-meta":"","adv-header-id-meta":"","stick-header-meta":"","header-above-stick-meta":"","header-main-stick-meta":"","header-below-stick-meta":"","astra-migrate-meta-layouts":"set","ast-page-background-enabled":"default","ast-page-background-meta":{"desktop":{"background-color":"","background-image":"","background-repeat":"repeat","background-position":"center center","background-size":"auto","background-attachment":"scroll","background-type":"","background-media":"","overlay-type":"","overlay-color":"","overlay-opacity":"","overlay-gradient":""},"tablet":{"background-color":"","background-image":"","background-repeat":"repeat","background-position":"center center","background-size":"auto","background-attachment":"scroll","background-type":"","background-media":"","overlay-type":"","overlay-color":"","overlay-opacity":"","overlay-gradient":""},"mobile":{"background-color":"","background-image":"","background-repeat":"repeat","background-position":"center center","background-size":"auto","background-attachment":"scroll","background-type":"","background-media":"","overlay-type":"","overlay-color":"","overlay-opacity":"","overlay-gradient":""}},"ast-content-background-meta":{"desktop":{"background-color":"var(--ast-global-color-5)","background-image":"","background-repeat":"repeat","background-position":"center center","background-size":"auto","background-attachment":"scroll","background-type":"","background-media":"","overlay-type":"","overlay-color":"","overlay-opacity":"","overlay-gradient":""},"tablet":{"background-color":"var(--ast-global-color-5)","background-image":"","background-repeat":"repeat","background-position":"center center","background-size":"auto","background-attachment":"scroll","background-type":"","background-media":"","overlay-type":"","overlay-color":"","overlay-opacity":"","overlay-gradient":""},"mobile":{"background-color":"var(--ast-global-color-5)","background-image":"","background-repeat":"repeat","background-position":"center center","background-size":"auto","background-attachment":"scroll","background-type":"","background-media":"","overlay-type":"","overlay-color":"","overlay-opacity":"","overlay-gradient":""}},"footnotes":""},"class_list":["post-15322","page","type-page","status-publish","hentry"],"yoast_head":"<!-- This site is optimized with the Yoast SEO plugin v27.4 - https:\/\/yoast.com\/product\/yoast-seo-wordpress\/ -->\n<title>Informacje o Dostawcach<\/title>\n<meta name=\"description\" content=\"Informacje o Dostawcach\" \/>\n<meta name=\"robots\" content=\"index, follow, max-snippet:-1, max-image-preview:large, max-video-preview:-1\" \/>\n<link rel=\"canonical\" href=\"https:\/\/greenowacja.pl\/informacje-o-dostawcach\/\" \/>\n<meta property=\"og:locale\" content=\"pl_PL\" \/>\n<meta property=\"og:type\" content=\"article\" \/>\n<meta property=\"og:title\" content=\"Informacje o Dostawcach\" \/>\n<meta property=\"og:description\" content=\"Informacje o Dostawcach\" \/>\n<meta property=\"og:url\" content=\"https:\/\/greenowacja.pl\/informacje-o-dostawcach\/\" \/>\n<meta property=\"og:site_name\" content=\"Ozdoby i prezenty z mchu | #u\u015bMECHnij si\u0119!\" \/>\n<meta property=\"article:publisher\" content=\"https:\/\/www.facebook.com\/Greenowacja\" \/>\n<meta property=\"article:modified_time\" content=\"2024-12-20T15:38:30+00:00\" \/>\n<meta name=\"twitter:card\" content=\"summary_large_image\" \/>\n<meta name=\"twitter:label1\" content=\"Szacowany czas czytania\" \/>\n\t<meta name=\"twitter:data1\" content=\"2 minuty\" \/>\n<script type=\"application\/ld+json\" class=\"yoast-schema-graph\">{\"@context\":\"https:\\\/\\\/schema.org\",\"@graph\":[{\"@type\":\"WebPage\",\"@id\":\"https:\\\/\\\/greenowacja.pl\\\/informacje-o-dostawcach\\\/\",\"url\":\"https:\\\/\\\/greenowacja.pl\\\/informacje-o-dostawcach\\\/\",\"name\":\"Informacje o Dostawcach\",\"isPartOf\":{\"@id\":\"https:\\\/\\\/greenowacja.pl\\\/#website\"},\"datePublished\":\"2024-12-20T15:01:15+00:00\",\"dateModified\":\"2024-12-20T15:38:30+00:00\",\"description\":\"Informacje o Dostawcach\",\"breadcrumb\":{\"@id\":\"https:\\\/\\\/greenowacja.pl\\\/informacje-o-dostawcach\\\/#breadcrumb\"},\"inLanguage\":\"pl-PL\",\"potentialAction\":[{\"@type\":\"ReadAction\",\"target\":[\"https:\\\/\\\/greenowacja.pl\\\/informacje-o-dostawcach\\\/\"]}]},{\"@type\":\"BreadcrumbList\",\"@id\":\"https:\\\/\\\/greenowacja.pl\\\/informacje-o-dostawcach\\\/#breadcrumb\",\"itemListElement\":[{\"@type\":\"ListItem\",\"position\":1,\"name\":\"Strona g\u0142\u00f3wna\",\"item\":\"https:\\\/\\\/greenowacja.pl\\\/\"},{\"@type\":\"ListItem\",\"position\":2,\"name\":\"Informacje o Dostawcach\"}]},{\"@type\":\"WebSite\",\"@id\":\"https:\\\/\\\/greenowacja.pl\\\/#website\",\"url\":\"https:\\\/\\\/greenowacja.pl\\\/\",\"name\":\"Ozdoby i prezenty z mchu | #u\u015bMECHnij si\u0119!\",\"description\":\"\",\"publisher\":{\"@id\":\"https:\\\/\\\/greenowacja.pl\\\/#organization\"},\"potentialAction\":[{\"@type\":\"SearchAction\",\"target\":{\"@type\":\"EntryPoint\",\"urlTemplate\":\"https:\\\/\\\/greenowacja.pl\\\/?s={search_term_string}\"},\"query-input\":{\"@type\":\"PropertyValueSpecification\",\"valueRequired\":true,\"valueName\":\"search_term_string\"}}],\"inLanguage\":\"pl-PL\"},{\"@type\":\"Organization\",\"@id\":\"https:\\\/\\\/greenowacja.pl\\\/#organization\",\"name\":\"Ozdoby i prezenty z mchu | #u\u015bMECHnij si\u0119!\",\"url\":\"https:\\\/\\\/greenowacja.pl\\\/\",\"logo\":{\"@type\":\"ImageObject\",\"inLanguage\":\"pl-PL\",\"@id\":\"https:\\\/\\\/greenowacja.pl\\\/#\\\/schema\\\/logo\\\/image\\\/\",\"url\":\"https:\\\/\\\/greenowacja.pl\\\/wp-content\\\/uploads\\\/2023\\\/08\\\/Logo-Greenowacja-wer-z-claimem-pozioma-2-kolory_Easy-Resize.com_.jpg\",\"contentUrl\":\"https:\\\/\\\/greenowacja.pl\\\/wp-content\\\/uploads\\\/2023\\\/08\\\/Logo-Greenowacja-wer-z-claimem-pozioma-2-kolory_Easy-Resize.com_.jpg\",\"width\":1280,\"height\":426,\"caption\":\"Ozdoby i prezenty z mchu | #u\u015bMECHnij si\u0119!\"},\"image\":{\"@id\":\"https:\\\/\\\/greenowacja.pl\\\/#\\\/schema\\\/logo\\\/image\\\/\"},\"sameAs\":[\"https:\\\/\\\/www.facebook.com\\\/Greenowacja\",\"https:\\\/\\\/www.instagram.com\\\/greenowacja\\\/\"]}]}<\/script>\n<!-- \/ Yoast SEO plugin. -->","yoast_head_json":{"title":"Informacje o Dostawcach","description":"Informacje o Dostawcach","robots":{"index":"index","follow":"follow","max-snippet":"max-snippet:-1","max-image-preview":"max-image-preview:large","max-video-preview":"max-video-preview:-1"},"canonical":"https:\/\/greenowacja.pl\/informacje-o-dostawcach\/","og_locale":"pl_PL","og_type":"article","og_title":"Informacje o Dostawcach","og_description":"Informacje o Dostawcach","og_url":"https:\/\/greenowacja.pl\/informacje-o-dostawcach\/","og_site_name":"Ozdoby i prezenty z mchu | #u\u015bMECHnij si\u0119!","article_publisher":"https:\/\/www.facebook.com\/Greenowacja","article_modified_time":"2024-12-20T15:38:30+00:00","twitter_card":"summary_large_image","twitter_misc":{"Szacowany czas czytania":"2 minuty"},"schema":{"@context":"https:\/\/schema.org","@graph":[{"@type":"WebPage","@id":"https:\/\/greenowacja.pl\/informacje-o-dostawcach\/","url":"https:\/\/greenowacja.pl\/informacje-o-dostawcach\/","name":"Informacje o Dostawcach","isPartOf":{"@id":"https:\/\/greenowacja.pl\/#website"},"datePublished":"2024-12-20T15:01:15+00:00","dateModified":"2024-12-20T15:38:30+00:00","description":"Informacje o Dostawcach","breadcrumb":{"@id":"https:\/\/greenowacja.pl\/informacje-o-dostawcach\/#breadcrumb"},"inLanguage":"pl-PL","potentialAction":[{"@type":"ReadAction","target":["https:\/\/greenowacja.pl\/informacje-o-dostawcach\/"]}]},{"@type":"BreadcrumbList","@id":"https:\/\/greenowacja.pl\/informacje-o-dostawcach\/#breadcrumb","itemListElement":[{"@type":"ListItem","position":1,"name":"Strona g\u0142\u00f3wna","item":"https:\/\/greenowacja.pl\/"},{"@type":"ListItem","position":2,"name":"Informacje o Dostawcach"}]},{"@type":"WebSite","@id":"https:\/\/greenowacja.pl\/#website","url":"https:\/\/greenowacja.pl\/","name":"Ozdoby i prezenty z mchu | #u\u015bMECHnij si\u0119!","description":"","publisher":{"@id":"https:\/\/greenowacja.pl\/#organization"},"potentialAction":[{"@type":"SearchAction","target":{"@type":"EntryPoint","urlTemplate":"https:\/\/greenowacja.pl\/?s={search_term_string}"},"query-input":{"@type":"PropertyValueSpecification","valueRequired":true,"valueName":"search_term_string"}}],"inLanguage":"pl-PL"},{"@type":"Organization","@id":"https:\/\/greenowacja.pl\/#organization","name":"Ozdoby i prezenty z mchu | #u\u015bMECHnij si\u0119!","url":"https:\/\/greenowacja.pl\/","logo":{"@type":"ImageObject","inLanguage":"pl-PL","@id":"https:\/\/greenowacja.pl\/#\/schema\/logo\/image\/","url":"https:\/\/greenowacja.pl\/wp-content\/uploads\/2023\/08\/Logo-Greenowacja-wer-z-claimem-pozioma-2-kolory_Easy-Resize.com_.jpg","contentUrl":"https:\/\/greenowacja.pl\/wp-content\/uploads\/2023\/08\/Logo-Greenowacja-wer-z-claimem-pozioma-2-kolory_Easy-Resize.com_.jpg","width":1280,"height":426,"caption":"Ozdoby i prezenty z mchu | #u\u015bMECHnij si\u0119!"},"image":{"@id":"https:\/\/greenowacja.pl\/#\/schema\/logo\/image\/"},"sameAs":["https:\/\/www.facebook.com\/Greenowacja","https:\/\/www.instagram.com\/greenowacja\/"]}]}},"_links":{"self":[{"href":"https:\/\/greenowacja.pl\/wp-json\/wp\/v2\/pages\/15322","targetHints":{"allow":["GET"]}}],"collection":[{"href":"https:\/\/greenowacja.pl\/wp-json\/wp\/v2\/pages"}],"about":[{"href":"https:\/\/greenowacja.pl\/wp-json\/wp\/v2\/types\/page"}],"author":[{"embeddable":true,"href":"https:\/\/greenowacja.pl\/wp-json\/wp\/v2\/users\/1"}],"replies":[{"embeddable":true,"href":"https:\/\/greenowacja.pl\/wp-json\/wp\/v2\/comments?post=15322"}],"version-history":[{"count":0,"href":"https:\/\/greenowacja.pl\/wp-json\/wp\/v2\/pages\/15322\/revisions"}],"wp:attachment":[{"href":"https:\/\/greenowacja.pl\/wp-json\/wp\/v2\/media?parent=15322"}],"curies":[{"name":"wp","href":"https:\/\/api.w.org\/{rel}","templated":true}]}}