{"id":397,"date":"2021-07-26T07:42:41","date_gmt":"2021-07-26T07:42:41","guid":{"rendered":"https:\/\/greenowacja.pl\/about\/"},"modified":"2023-10-26T20:13:38","modified_gmt":"2023-10-26T18:13:38","slug":"o-mnie-sklep-w-poznaniu","status":"publish","type":"page","link":"https:\/\/greenowacja.pl\/o-mnie-sklep-w-poznaniu\/","title":{"rendered":"O mnie"},"content":{"rendered":"\t\t<div data-elementor-type=\"wp-page\" data-elementor-id=\"397\" class=\"elementor elementor-397\" data-elementor-post-type=\"page\">\n\t\t\t\t\t\t<section class=\"elementor-section elementor-top-section elementor-element elementor-element-ba38b0c elementor-section-boxed elementor-section-height-default elementor-section-height-default\" data-id=\"ba38b0c\" data-element_type=\"section\" data-e-type=\"section\">\n\t\t\t\t\t\t<div class=\"elementor-container elementor-column-gap-no\">\n\t\t\t\t\t<div class=\"elementor-column elementor-col-100 elementor-top-column elementor-element elementor-element-3e1967f\" data-id=\"3e1967f\" data-element_type=\"column\" data-e-type=\"column\">\n\t\t\t<div class=\"elementor-widget-wrap elementor-element-populated\">\n\t\t\t\t\t\t<div class=\"elementor-element elementor-element-281a995 elementor-widget elementor-widget-heading\" data-id=\"281a995\" data-element_type=\"widget\" data-e-type=\"widget\" data-widget_type=\"heading.default\">\n\t\t\t\t<div class=\"elementor-widget-container\">\n\t\t\t\t\t<h1 class=\"elementor-heading-title elementor-size-default\">O mnie<\/h1>\t\t\t\t<\/div>\n\t\t\t\t<\/div>\n\t\t\t\t<section class=\"elementor-section elementor-inner-section elementor-element elementor-element-cff6f7e elementor-section-boxed elementor-section-height-default elementor-section-height-default\" data-id=\"cff6f7e\" data-element_type=\"section\" data-e-type=\"section\">\n\t\t\t\t\t\t<div class=\"elementor-container elementor-column-gap-no\">\n\t\t\t\t\t<div class=\"elementor-column elementor-col-50 elementor-inner-column elementor-element elementor-element-17bc25d\" data-id=\"17bc25d\" data-element_type=\"column\" data-e-type=\"column\" data-settings=\"{&quot;background_background&quot;:&quot;classic&quot;}\">\n\t\t\t<div class=\"elementor-widget-wrap elementor-element-populated\">\n\t\t\t\t\t\t<div class=\"elementor-element elementor-element-009b968 elementor-position-top elementor-widget elementor-widget-image-box\" data-id=\"009b968\" data-element_type=\"widget\" data-e-type=\"widget\" data-widget_type=\"image-box.default\">\n\t\t\t\t<div class=\"elementor-widget-container\">\n\t\t\t\t\t<div class=\"elementor-image-box-wrapper\"><figure class=\"elementor-image-box-img\"><img fetchpriority=\"high\" decoding=\"async\" width=\"853\" height=\"1280\" src=\"https:\/\/greenowacja.pl\/wp-content\/uploads\/2023\/05\/ewa-Greenowacja.jpg\" class=\"attachment-full size-full wp-image-1627\" alt=\"Sklep w Poznaniu\" srcset=\"https:\/\/greenowacja.pl\/wp-content\/uploads\/2023\/05\/ewa-Greenowacja.jpg 853w, https:\/\/greenowacja.pl\/wp-content\/uploads\/2023\/05\/ewa-Greenowacja-600x900.jpg 600w, https:\/\/greenowacja.pl\/wp-content\/uploads\/2023\/05\/ewa-Greenowacja-200x300.jpg 200w, https:\/\/greenowacja.pl\/wp-content\/uploads\/2023\/05\/ewa-Greenowacja-682x1024.jpg 682w, https:\/\/greenowacja.pl\/wp-content\/uploads\/2023\/05\/ewa-Greenowacja-768x1152.jpg 768w\" sizes=\"(max-width: 853px) 100vw, 853px\" \/><\/figure><\/div>\t\t\t\t<\/div>\n\t\t\t\t<\/div>\n\t\t\t\t\t<\/div>\n\t\t<\/div>\n\t\t\t\t<div class=\"elementor-column elementor-col-50 elementor-inner-column elementor-element elementor-element-28b28de\" data-id=\"28b28de\" data-element_type=\"column\" data-e-type=\"column\">\n\t\t\t<div class=\"elementor-widget-wrap elementor-element-populated\">\n\t\t\t\t\t\t<div class=\"elementor-element elementor-element-2a6fb3a elementor-widget elementor-widget-text-editor\" data-id=\"2a6fb3a\" data-element_type=\"widget\" data-e-type=\"widget\" data-widget_type=\"text-editor.default\">\n\t\t\t\t<div class=\"elementor-widget-container\">\n\t\t\t\t\t\t\t\t\t<p>Mam na imi\u0119 Ewa. Jestem mi\u0142o\u015bnikiem pi\u0119kna, przyrody i r\u0119kodzie\u0142a. Uko\u0144czy\u0142am ochron\u0119 \u015brodowiska oraz kreowanie przestrzeni publicznej i to w\u0142a\u015bnie dzi\u0119ki tym dw\u00f3m kierunkom wzmocni\u0142 si\u0119 m\u00f3j zmys\u0142 eko-designerski i tworz\u0119 oryginalne ozdoby.\u00a0<\/p><p>Zapraszam do zakup\u00f3w w moim <a href=\"https:\/\/g.co\/kgs\/7PfVk1\">sklepie w Poznaniu<\/a> oraz na <a href=\"https:\/\/greenowacja.pl\/sklep\/\">Greenowacja.pl<\/a><br \/>Lubi\u0119, gdy\u00a0w\u00a0pomieszczeniach nie\u00a0brakuje zieleni. Urz\u0105dzaj\u0105c swoje w\u0142asne mieszkanie, szuka\u0142am pomys\u0142\u00f3w na\u00a0niewymagaj\u0105c\u0105 ziele\u0144. Tak\u00a0trafi\u0142am na\u00a0chrobotka i\u00a0zacz\u0119\u0142am tworzy\u0107 w\u0142asne obrazy z\u00a0mchu.<\/p>\t\t\t\t\t\t\t\t<\/div>\n\t\t\t\t<\/div>\n\t\t\t\t<div class=\"elementor-element elementor-element-da045b6 e-grid-align-left elementor-shape-rounded elementor-grid-0 elementor-widget elementor-widget-social-icons\" data-id=\"da045b6\" data-element_type=\"widget\" data-e-type=\"widget\" data-widget_type=\"social-icons.default\">\n\t\t\t\t<div class=\"elementor-widget-container\">\n\t\t\t\t\t\t\t<div class=\"elementor-social-icons-wrapper elementor-grid\" role=\"list\">\n\t\t\t\t\t\t\t<span class=\"elementor-grid-item\" role=\"listitem\">\n\t\t\t\t\t<a class=\"elementor-icon elementor-social-icon elementor-social-icon-facebook elementor-repeater-item-0135f7b\" href=\"https:\/\/www.facebook.com\/Greenowacja\" target=\"_blank\">\n\t\t\t\t\t\t<span class=\"elementor-screen-only\">Facebook<\/span>\n\t\t\t\t\t\t<i aria-hidden=\"true\" class=\"fab fa-facebook\"><\/i>\t\t\t\t\t<\/a>\n\t\t\t\t<\/span>\n\t\t\t\t\t\t\t<span class=\"elementor-grid-item\" role=\"listitem\">\n\t\t\t\t\t<a class=\"elementor-icon elementor-social-icon elementor-social-icon-instagram elementor-repeater-item-d54256f\" href=\"https:\/\/www.instagram.com\/greenowacja\/\" target=\"_blank\">\n\t\t\t\t\t\t<span class=\"elementor-screen-only\">Instagram<\/span>\n\t\t\t\t\t\t<i aria-hidden=\"true\" class=\"fab fa-instagram\"><\/i>\t\t\t\t\t<\/a>\n\t\t\t\t<\/span>\n\t\t\t\t\t<\/div>\n\t\t\t\t\t\t<\/div>\n\t\t\t\t<\/div>\n\t\t\t\t\t<\/div>\n\t\t<\/div>\n\t\t\t\t\t<\/div>\n\t\t<\/section>\n\t\t\t\t<div class=\"elementor-element elementor-element-c1fe9e4 elementor-widget-divider--view-line elementor-widget elementor-widget-divider\" data-id=\"c1fe9e4\" data-element_type=\"widget\" data-e-type=\"widget\" data-widget_type=\"divider.default\">\n\t\t\t\t<div class=\"elementor-widget-container\">\n\t\t\t\t\t\t\t<div class=\"elementor-divider\">\n\t\t\t<span class=\"elementor-divider-separator\">\n\t\t\t\t\t\t<\/span>\n\t\t<\/div>\n\t\t\t\t\t\t<\/div>\n\t\t\t\t<\/div>\n\t\t\t\t\t<\/div>\n\t\t<\/div>\n\t\t\t\t\t<\/div>\n\t\t<\/section>\n\t\t\t\t<\/div>\n\t\t","protected":false},"excerpt":{"rendered":"<p>O mnie Mam na imi\u0119 Ewa. Jestem mi\u0142o\u015bnikiem pi\u0119kna, przyrody i r\u0119kodzie\u0142a. Uko\u0144czy\u0142am ochron\u0119 \u015brodowiska oraz kreowanie przestrzeni publicznej i to w\u0142a\u015bnie dzi\u0119ki tym dw\u00f3m kierunkom wzmocni\u0142 si\u0119 m\u00f3j zmys\u0142 eko-designerski i tworz\u0119 oryginalne ozdoby.\u00a0 Zapraszam do zakup\u00f3w w moim sklepie w Poznaniu oraz na Greenowacja.plLubi\u0119, gdy\u00a0w\u00a0pomieszczeniach nie\u00a0brakuje zieleni. Urz\u0105dzaj\u0105c swoje w\u0142asne mieszkanie, szuka\u0142am pomys\u0142\u00f3w [&hellip;]<\/p>\n","protected":false},"author":1,"featured_media":0,"parent":0,"menu_order":0,"comment_status":"closed","ping_status":"closed","template":"","meta":{"site-sidebar-layout":"no-sidebar","site-content-layout":"page-builder","ast-site-content-layout":"full-width-container","site-content-style":"unboxed","site-sidebar-style":"unboxed","ast-global-header-display":"","ast-banner-title-visibility":"","ast-main-header-display":"","ast-hfb-above-header-display":"","ast-hfb-below-header-display":"","ast-hfb-mobile-header-display":"","site-post-title":"disabled","ast-breadcrumbs-content":"disabled","ast-featured-img":"disabled","footer-sml-layout":"","theme-transparent-header-meta":"default","adv-header-id-meta":"","stick-header-meta":"","header-above-stick-meta":"","header-main-stick-meta":"","header-below-stick-meta":"","astra-migrate-meta-layouts":"set","ast-page-background-enabled":"default","ast-page-background-meta":{"desktop":{"background-color":"","background-image":"","background-repeat":"repeat","background-position":"center center","background-size":"auto","background-attachment":"scroll","background-type":"","background-media":"","overlay-type":"","overlay-color":"","overlay-opacity":"","overlay-gradient":""},"tablet":{"background-color":"","background-image":"","background-repeat":"repeat","background-position":"center center","background-size":"auto","background-attachment":"scroll","background-type":"","background-media":"","overlay-type":"","overlay-color":"","overlay-opacity":"","overlay-gradient":""},"mobile":{"background-color":"","background-image":"","background-repeat":"repeat","background-position":"center center","background-size":"auto","background-attachment":"scroll","background-type":"","background-media":"","overlay-type":"","overlay-color":"","overlay-opacity":"","overlay-gradient":""}},"ast-content-background-meta":{"desktop":{"background-color":"var(--ast-global-color-5)","background-image":"","background-repeat":"repeat","background-position":"center center","background-size":"auto","background-attachment":"scroll","background-type":"","background-media":"","overlay-type":"","overlay-color":"","overlay-opacity":"","overlay-gradient":""},"tablet":{"background-color":"var(--ast-global-color-5)","background-image":"","background-repeat":"repeat","background-position":"center center","background-size":"auto","background-attachment":"scroll","background-type":"","background-media":"","overlay-type":"","overlay-color":"","overlay-opacity":"","overlay-gradient":""},"mobile":{"background-color":"var(--ast-global-color-5)","background-image":"","background-repeat":"repeat","background-position":"center center","background-size":"auto","background-attachment":"scroll","background-type":"","background-media":"","overlay-type":"","overlay-color":"","overlay-opacity":"","overlay-gradient":""}},"footnotes":""},"class_list":["post-397","page","type-page","status-publish","hentry"],"yoast_head":"<!-- This site is optimized with the Yoast SEO plugin v27.4 - https:\/\/yoast.com\/product\/yoast-seo-wordpress\/ -->\n<title>O mnie | greenowacja.pl | Sklep w Poznaniu<\/title>\n<meta name=\"description\" content=\"Mam na imi\u0119 Ewa. Jestem mi\u0142o\u015bnikiem pi\u0119kna, przyrody i r\u0119kodzie\u0142a. Zapraszam do mojego sklepu w Poznaniu oraz na greenowacja.pl\" \/>\n<meta name=\"robots\" content=\"index, follow, max-snippet:-1, max-image-preview:large, max-video-preview:-1\" \/>\n<link rel=\"canonical\" href=\"https:\/\/greenowacja.pl\/o-mnie-sklep-w-poznaniu\/\" \/>\n<meta property=\"og:locale\" content=\"pl_PL\" \/>\n<meta property=\"og:type\" content=\"article\" \/>\n<meta property=\"og:title\" content=\"O mnie | greenowacja.pl | Sklep w Poznaniu\" \/>\n<meta property=\"og:description\" content=\"Mam na imi\u0119 Ewa. Jestem mi\u0142o\u015bnikiem pi\u0119kna, przyrody i r\u0119kodzie\u0142a. Zapraszam do mojego sklepu w Poznaniu oraz na greenowacja.pl\" \/>\n<meta property=\"og:url\" content=\"https:\/\/greenowacja.pl\/o-mnie-sklep-w-poznaniu\/\" \/>\n<meta property=\"og:site_name\" content=\"Ozdoby i prezenty z mchu | #u\u015bMECHnij si\u0119!\" \/>\n<meta property=\"article:publisher\" content=\"https:\/\/www.facebook.com\/Greenowacja\" \/>\n<meta property=\"article:modified_time\" content=\"2023-10-26T18:13:38+00:00\" \/>\n<meta property=\"og:image\" content=\"https:\/\/greenowacja.pl\/wp-content\/uploads\/2023\/05\/ewa-Greenowacja.jpg\" \/>\n<meta name=\"twitter:card\" content=\"summary_large_image\" \/>\n<meta name=\"twitter:label1\" content=\"Szacowany czas czytania\" \/>\n\t<meta name=\"twitter:data1\" content=\"1 minuta\" \/>\n<script type=\"application\/ld+json\" class=\"yoast-schema-graph\">{\"@context\":\"https:\\\/\\\/schema.org\",\"@graph\":[{\"@type\":\"WebPage\",\"@id\":\"https:\\\/\\\/greenowacja.pl\\\/o-mnie-sklep-w-poznaniu\\\/\",\"url\":\"https:\\\/\\\/greenowacja.pl\\\/o-mnie-sklep-w-poznaniu\\\/\",\"name\":\"O mnie | greenowacja.pl | Sklep w Poznaniu\",\"isPartOf\":{\"@id\":\"https:\\\/\\\/greenowacja.pl\\\/#website\"},\"primaryImageOfPage\":{\"@id\":\"https:\\\/\\\/greenowacja.pl\\\/o-mnie-sklep-w-poznaniu\\\/#primaryimage\"},\"image\":{\"@id\":\"https:\\\/\\\/greenowacja.pl\\\/o-mnie-sklep-w-poznaniu\\\/#primaryimage\"},\"thumbnailUrl\":\"https:\\\/\\\/greenowacja.pl\\\/wp-content\\\/uploads\\\/2023\\\/05\\\/ewa-Greenowacja.jpg\",\"datePublished\":\"2021-07-26T07:42:41+00:00\",\"dateModified\":\"2023-10-26T18:13:38+00:00\",\"description\":\"Mam na imi\u0119 Ewa. Jestem mi\u0142o\u015bnikiem pi\u0119kna, przyrody i r\u0119kodzie\u0142a. Zapraszam do mojego sklepu w Poznaniu oraz na greenowacja.pl\",\"breadcrumb\":{\"@id\":\"https:\\\/\\\/greenowacja.pl\\\/o-mnie-sklep-w-poznaniu\\\/#breadcrumb\"},\"inLanguage\":\"pl-PL\",\"potentialAction\":[{\"@type\":\"ReadAction\",\"target\":[\"https:\\\/\\\/greenowacja.pl\\\/o-mnie-sklep-w-poznaniu\\\/\"]}]},{\"@type\":\"ImageObject\",\"inLanguage\":\"pl-PL\",\"@id\":\"https:\\\/\\\/greenowacja.pl\\\/o-mnie-sklep-w-poznaniu\\\/#primaryimage\",\"url\":\"https:\\\/\\\/greenowacja.pl\\\/wp-content\\\/uploads\\\/2023\\\/05\\\/ewa-Greenowacja.jpg\",\"contentUrl\":\"https:\\\/\\\/greenowacja.pl\\\/wp-content\\\/uploads\\\/2023\\\/05\\\/ewa-Greenowacja.jpg\",\"width\":853,\"height\":1280,\"caption\":\"Sklep Greenowacja\"},{\"@type\":\"BreadcrumbList\",\"@id\":\"https:\\\/\\\/greenowacja.pl\\\/o-mnie-sklep-w-poznaniu\\\/#breadcrumb\",\"itemListElement\":[{\"@type\":\"ListItem\",\"position\":1,\"name\":\"Strona g\u0142\u00f3wna\",\"item\":\"https:\\\/\\\/greenowacja.pl\\\/\"},{\"@type\":\"ListItem\",\"position\":2,\"name\":\"O mnie\"}]},{\"@type\":\"WebSite\",\"@id\":\"https:\\\/\\\/greenowacja.pl\\\/#website\",\"url\":\"https:\\\/\\\/greenowacja.pl\\\/\",\"name\":\"Ozdoby i prezenty z mchu | #u\u015bMECHnij si\u0119!\",\"description\":\"\",\"publisher\":{\"@id\":\"https:\\\/\\\/greenowacja.pl\\\/#organization\"},\"potentialAction\":[{\"@type\":\"SearchAction\",\"target\":{\"@type\":\"EntryPoint\",\"urlTemplate\":\"https:\\\/\\\/greenowacja.pl\\\/?s={search_term_string}\"},\"query-input\":{\"@type\":\"PropertyValueSpecification\",\"valueRequired\":true,\"valueName\":\"search_term_string\"}}],\"inLanguage\":\"pl-PL\"},{\"@type\":\"Organization\",\"@id\":\"https:\\\/\\\/greenowacja.pl\\\/#organization\",\"name\":\"Ozdoby i prezenty z mchu | #u\u015bMECHnij si\u0119!\",\"url\":\"https:\\\/\\\/greenowacja.pl\\\/\",\"logo\":{\"@type\":\"ImageObject\",\"inLanguage\":\"pl-PL\",\"@id\":\"https:\\\/\\\/greenowacja.pl\\\/#\\\/schema\\\/logo\\\/image\\\/\",\"url\":\"https:\\\/\\\/greenowacja.pl\\\/wp-content\\\/uploads\\\/2023\\\/08\\\/Logo-Greenowacja-wer-z-claimem-pozioma-2-kolory_Easy-Resize.com_.jpg\",\"contentUrl\":\"https:\\\/\\\/greenowacja.pl\\\/wp-content\\\/uploads\\\/2023\\\/08\\\/Logo-Greenowacja-wer-z-claimem-pozioma-2-kolory_Easy-Resize.com_.jpg\",\"width\":1280,\"height\":426,\"caption\":\"Ozdoby i prezenty z mchu | #u\u015bMECHnij si\u0119!\"},\"image\":{\"@id\":\"https:\\\/\\\/greenowacja.pl\\\/#\\\/schema\\\/logo\\\/image\\\/\"},\"sameAs\":[\"https:\\\/\\\/www.facebook.com\\\/Greenowacja\",\"https:\\\/\\\/www.instagram.com\\\/greenowacja\\\/\"]}]}<\/script>\n<!-- \/ Yoast SEO plugin. -->","yoast_head_json":{"title":"O mnie | greenowacja.pl | Sklep w Poznaniu","description":"Mam na imi\u0119 Ewa. Jestem mi\u0142o\u015bnikiem pi\u0119kna, przyrody i r\u0119kodzie\u0142a. Zapraszam do mojego sklepu w Poznaniu oraz na greenowacja.pl","robots":{"index":"index","follow":"follow","max-snippet":"max-snippet:-1","max-image-preview":"max-image-preview:large","max-video-preview":"max-video-preview:-1"},"canonical":"https:\/\/greenowacja.pl\/o-mnie-sklep-w-poznaniu\/","og_locale":"pl_PL","og_type":"article","og_title":"O mnie | greenowacja.pl | Sklep w Poznaniu","og_description":"Mam na imi\u0119 Ewa. Jestem mi\u0142o\u015bnikiem pi\u0119kna, przyrody i r\u0119kodzie\u0142a. Zapraszam do mojego sklepu w Poznaniu oraz na greenowacja.pl","og_url":"https:\/\/greenowacja.pl\/o-mnie-sklep-w-poznaniu\/","og_site_name":"Ozdoby i prezenty z mchu | #u\u015bMECHnij si\u0119!","article_publisher":"https:\/\/www.facebook.com\/Greenowacja","article_modified_time":"2023-10-26T18:13:38+00:00","og_image":[{"url":"https:\/\/greenowacja.pl\/wp-content\/uploads\/2023\/05\/ewa-Greenowacja.jpg","type":"","width":"","height":""}],"twitter_card":"summary_large_image","twitter_misc":{"Szacowany czas czytania":"1 minuta"},"schema":{"@context":"https:\/\/schema.org","@graph":[{"@type":"WebPage","@id":"https:\/\/greenowacja.pl\/o-mnie-sklep-w-poznaniu\/","url":"https:\/\/greenowacja.pl\/o-mnie-sklep-w-poznaniu\/","name":"O mnie | greenowacja.pl | Sklep w Poznaniu","isPartOf":{"@id":"https:\/\/greenowacja.pl\/#website"},"primaryImageOfPage":{"@id":"https:\/\/greenowacja.pl\/o-mnie-sklep-w-poznaniu\/#primaryimage"},"image":{"@id":"https:\/\/greenowacja.pl\/o-mnie-sklep-w-poznaniu\/#primaryimage"},"thumbnailUrl":"https:\/\/greenowacja.pl\/wp-content\/uploads\/2023\/05\/ewa-Greenowacja.jpg","datePublished":"2021-07-26T07:42:41+00:00","dateModified":"2023-10-26T18:13:38+00:00","description":"Mam na imi\u0119 Ewa. Jestem mi\u0142o\u015bnikiem pi\u0119kna, przyrody i r\u0119kodzie\u0142a. Zapraszam do mojego sklepu w Poznaniu oraz na greenowacja.pl","breadcrumb":{"@id":"https:\/\/greenowacja.pl\/o-mnie-sklep-w-poznaniu\/#breadcrumb"},"inLanguage":"pl-PL","potentialAction":[{"@type":"ReadAction","target":["https:\/\/greenowacja.pl\/o-mnie-sklep-w-poznaniu\/"]}]},{"@type":"ImageObject","inLanguage":"pl-PL","@id":"https:\/\/greenowacja.pl\/o-mnie-sklep-w-poznaniu\/#primaryimage","url":"https:\/\/greenowacja.pl\/wp-content\/uploads\/2023\/05\/ewa-Greenowacja.jpg","contentUrl":"https:\/\/greenowacja.pl\/wp-content\/uploads\/2023\/05\/ewa-Greenowacja.jpg","width":853,"height":1280,"caption":"Sklep Greenowacja"},{"@type":"BreadcrumbList","@id":"https:\/\/greenowacja.pl\/o-mnie-sklep-w-poznaniu\/#breadcrumb","itemListElement":[{"@type":"ListItem","position":1,"name":"Strona g\u0142\u00f3wna","item":"https:\/\/greenowacja.pl\/"},{"@type":"ListItem","position":2,"name":"O mnie"}]},{"@type":"WebSite","@id":"https:\/\/greenowacja.pl\/#website","url":"https:\/\/greenowacja.pl\/","name":"Ozdoby i prezenty z mchu | #u\u015bMECHnij si\u0119!","description":"","publisher":{"@id":"https:\/\/greenowacja.pl\/#organization"},"potentialAction":[{"@type":"SearchAction","target":{"@type":"EntryPoint","urlTemplate":"https:\/\/greenowacja.pl\/?s={search_term_string}"},"query-input":{"@type":"PropertyValueSpecification","valueRequired":true,"valueName":"search_term_string"}}],"inLanguage":"pl-PL"},{"@type":"Organization","@id":"https:\/\/greenowacja.pl\/#organization","name":"Ozdoby i prezenty z mchu | #u\u015bMECHnij si\u0119!","url":"https:\/\/greenowacja.pl\/","logo":{"@type":"ImageObject","inLanguage":"pl-PL","@id":"https:\/\/greenowacja.pl\/#\/schema\/logo\/image\/","url":"https:\/\/greenowacja.pl\/wp-content\/uploads\/2023\/08\/Logo-Greenowacja-wer-z-claimem-pozioma-2-kolory_Easy-Resize.com_.jpg","contentUrl":"https:\/\/greenowacja.pl\/wp-content\/uploads\/2023\/08\/Logo-Greenowacja-wer-z-claimem-pozioma-2-kolory_Easy-Resize.com_.jpg","width":1280,"height":426,"caption":"Ozdoby i prezenty z mchu | #u\u015bMECHnij si\u0119!"},"image":{"@id":"https:\/\/greenowacja.pl\/#\/schema\/logo\/image\/"},"sameAs":["https:\/\/www.facebook.com\/Greenowacja","https:\/\/www.instagram.com\/greenowacja\/"]}]}},"_links":{"self":[{"href":"https:\/\/greenowacja.pl\/wp-json\/wp\/v2\/pages\/397","targetHints":{"allow":["GET"]}}],"collection":[{"href":"https:\/\/greenowacja.pl\/wp-json\/wp\/v2\/pages"}],"about":[{"href":"https:\/\/greenowacja.pl\/wp-json\/wp\/v2\/types\/page"}],"author":[{"embeddable":true,"href":"https:\/\/greenowacja.pl\/wp-json\/wp\/v2\/users\/1"}],"replies":[{"embeddable":true,"href":"https:\/\/greenowacja.pl\/wp-json\/wp\/v2\/comments?post=397"}],"version-history":[{"count":0,"href":"https:\/\/greenowacja.pl\/wp-json\/wp\/v2\/pages\/397\/revisions"}],"wp:attachment":[{"href":"https:\/\/greenowacja.pl\/wp-json\/wp\/v2\/media?parent=397"}],"curies":[{"name":"wp","href":"https:\/\/api.w.org\/{rel}","templated":true}]}}