{"id":500,"date":"2021-07-26T08:37:13","date_gmt":"2021-07-26T08:37:13","guid":{"rendered":"https:\/\/greenowacja.pl\/contact\/"},"modified":"2026-01-31T11:55:08","modified_gmt":"2026-01-31T10:55:08","slug":"sklep-z-mchem-poznan","status":"publish","type":"page","link":"https:\/\/greenowacja.pl\/sklep-z-mchem-poznan\/","title":{"rendered":"Kontakt"},"content":{"rendered":"\t\t<div data-elementor-type=\"wp-page\" data-elementor-id=\"500\" class=\"elementor elementor-500\" data-elementor-post-type=\"page\">\n\t\t\t\t\t\t<section class=\"elementor-section elementor-top-section elementor-element elementor-element-1b0e6b4 elementor-section-boxed elementor-section-height-default elementor-section-height-default\" data-id=\"1b0e6b4\" data-element_type=\"section\" data-e-type=\"section\">\n\t\t\t\t\t\t<div class=\"elementor-container elementor-column-gap-default\">\n\t\t\t\t\t<div class=\"elementor-column elementor-col-100 elementor-top-column elementor-element elementor-element-b2eafd1\" data-id=\"b2eafd1\" data-element_type=\"column\" data-e-type=\"column\">\n\t\t\t<div class=\"elementor-widget-wrap elementor-element-populated\">\n\t\t\t\t\t\t<div class=\"elementor-element elementor-element-c27c538 elementor-widget elementor-widget-heading\" data-id=\"c27c538\" data-element_type=\"widget\" data-e-type=\"widget\" data-widget_type=\"heading.default\">\n\t\t\t\t<div class=\"elementor-widget-container\">\n\t\t\t\t\t<h2 class=\"elementor-heading-title elementor-size-default\">Kontakt<\/h2>\t\t\t\t<\/div>\n\t\t\t\t<\/div>\n\t\t\t\t\t<\/div>\n\t\t<\/div>\n\t\t\t\t\t<\/div>\n\t\t<\/section>\n\t\t\t\t<section class=\"elementor-section elementor-top-section elementor-element elementor-element-3d13916 elementor-section-boxed elementor-section-height-default elementor-section-height-default\" data-id=\"3d13916\" data-element_type=\"section\" data-e-type=\"section\">\n\t\t\t\t\t\t<div class=\"elementor-container elementor-column-gap-default\">\n\t\t\t\t\t<div class=\"elementor-column elementor-col-100 elementor-top-column elementor-element elementor-element-086b019\" data-id=\"086b019\" data-element_type=\"column\" data-e-type=\"column\">\n\t\t\t<div class=\"elementor-widget-wrap elementor-element-populated\">\n\t\t\t\t\t\t<div class=\"elementor-element elementor-element-ce80da2 elementor-widget elementor-widget-spacer\" data-id=\"ce80da2\" data-element_type=\"widget\" data-e-type=\"widget\" data-widget_type=\"spacer.default\">\n\t\t\t\t<div class=\"elementor-widget-container\">\n\t\t\t\t\t\t\t<div class=\"elementor-spacer\">\n\t\t\t<div class=\"elementor-spacer-inner\"><\/div>\n\t\t<\/div>\n\t\t\t\t\t\t<\/div>\n\t\t\t\t<\/div>\n\t\t\t\t\t<\/div>\n\t\t<\/div>\n\t\t\t\t\t<\/div>\n\t\t<\/section>\n\t\t\t\t<section class=\"elementor-section elementor-top-section elementor-element elementor-element-a93d5e5 elementor-section-boxed elementor-section-height-default elementor-section-height-default\" data-id=\"a93d5e5\" data-element_type=\"section\" data-e-type=\"section\">\n\t\t\t\t\t\t<div class=\"elementor-container elementor-column-gap-default\">\n\t\t\t\t\t<div class=\"elementor-column elementor-col-100 elementor-top-column elementor-element elementor-element-627e485\" data-id=\"627e485\" data-element_type=\"column\" data-e-type=\"column\">\n\t\t\t<div class=\"elementor-widget-wrap elementor-element-populated\">\n\t\t\t\t\t\t<div class=\"elementor-element elementor-element-b6549bc elementor-widget__width-initial elementor-widget-mobile__width-initial elementor-widget elementor-widget-image\" data-id=\"b6549bc\" data-element_type=\"widget\" data-e-type=\"widget\" data-widget_type=\"image.default\">\n\t\t\t\t<div class=\"elementor-widget-container\">\n\t\t\t\t\t\t\t\t\t\t\t\t\t\t\t<img fetchpriority=\"high\" decoding=\"async\" width=\"1024\" height=\"682\" src=\"https:\/\/greenowacja.pl\/wp-content\/uploads\/2023\/05\/ewa-biuro-1024x682.jpg\" class=\"attachment-large size-large wp-image-1632\" alt=\"Sklep z mchem Pozna\u0144\" srcset=\"https:\/\/greenowacja.pl\/wp-content\/uploads\/2023\/05\/ewa-biuro-1024x682.jpg 1024w, https:\/\/greenowacja.pl\/wp-content\/uploads\/2023\/05\/ewa-biuro-600x400.jpg 600w, https:\/\/greenowacja.pl\/wp-content\/uploads\/2023\/05\/ewa-biuro-300x200.jpg 300w, https:\/\/greenowacja.pl\/wp-content\/uploads\/2023\/05\/ewa-biuro-768x512.jpg 768w, https:\/\/greenowacja.pl\/wp-content\/uploads\/2023\/05\/ewa-biuro.jpg 1280w\" sizes=\"(max-width: 1024px) 100vw, 1024px\" \/>\t\t\t\t\t\t\t\t\t\t\t\t\t\t\t<\/div>\n\t\t\t\t<\/div>\n\t\t\t\t\t<\/div>\n\t\t<\/div>\n\t\t\t\t\t<\/div>\n\t\t<\/section>\n\t\t\t\t<section class=\"elementor-section elementor-top-section elementor-element elementor-element-52b4043 elementor-section-boxed elementor-section-height-default elementor-section-height-default\" data-id=\"52b4043\" data-element_type=\"section\" data-e-type=\"section\">\n\t\t\t\t\t\t<div class=\"elementor-container elementor-column-gap-default\">\n\t\t\t\t\t<div class=\"elementor-column elementor-col-25 elementor-top-column elementor-element elementor-element-99dfd06\" data-id=\"99dfd06\" data-element_type=\"column\" data-e-type=\"column\">\n\t\t\t<div class=\"elementor-widget-wrap elementor-element-populated\">\n\t\t\t\t\t\t<div class=\"elementor-element elementor-element-19b9e67 elementor-widget__width-initial elementor-position-top elementor-widget elementor-widget-image-box\" data-id=\"19b9e67\" data-element_type=\"widget\" data-e-type=\"widget\" data-widget_type=\"image-box.default\">\n\t\t\t\t<div class=\"elementor-widget-container\">\n\t\t\t\t\t<div class=\"elementor-image-box-wrapper\"><figure class=\"elementor-image-box-img\"><a href=\"#cocieczeka\" tabindex=\"-1\"><img decoding=\"async\" width=\"300\" height=\"300\" src=\"https:\/\/greenowacja.pl\/wp-content\/uploads\/2026\/01\/17.svg\" class=\"elementor-animation-grow attachment-medium size-medium wp-image-19720\" alt=\"\" \/><\/a><\/figure><div class=\"elementor-image-box-content\"><h4 class=\"elementor-image-box-title\"><a href=\"#cocieczeka\">SKLEP STACJONARNY<\/a><\/h4><p class=\"elementor-image-box-description\">Os. B. Chrobrego 101\/15 (przy Stokrotce), 60-681 Pozna\u0144,\n\nPoniedzia\u0142ek \u2013 Pi\u0105tek: 10:00 \u2013 17:00\nSobota: 9:00 \u2013 13:00\nNiedziela: nieczynne<\/p><\/div><\/div>\t\t\t\t<\/div>\n\t\t\t\t<\/div>\n\t\t\t\t\t<\/div>\n\t\t<\/div>\n\t\t\t\t<div class=\"elementor-column elementor-col-25 elementor-top-column elementor-element elementor-element-d62acf8\" data-id=\"d62acf8\" data-element_type=\"column\" data-e-type=\"column\">\n\t\t\t<div class=\"elementor-widget-wrap elementor-element-populated\">\n\t\t\t\t\t\t<div class=\"elementor-element elementor-element-5ead511 elementor-widget__width-initial elementor-position-top elementor-widget elementor-widget-image-box\" data-id=\"5ead511\" data-element_type=\"widget\" data-e-type=\"widget\" data-widget_type=\"image-box.default\">\n\t\t\t\t<div class=\"elementor-widget-container\">\n\t\t\t\t\t<div class=\"elementor-image-box-wrapper\"><figure class=\"elementor-image-box-img\"><a href=\"#cocieczeka\" tabindex=\"-1\"><img decoding=\"async\" width=\"300\" height=\"300\" src=\"https:\/\/greenowacja.pl\/wp-content\/uploads\/2026\/01\/16.svg\" class=\"elementor-animation-grow attachment-medium size-medium wp-image-19719\" alt=\"\" \/><\/a><\/figure><div class=\"elementor-image-box-content\"><h4 class=\"elementor-image-box-title\"><a href=\"#cocieczeka\">SKLEP WWW<\/a><\/h4><p class=\"elementor-image-box-description\">Sklep internetowy Greenowacja jest dost\u0119pny 24\/7, dzi\u0119ki czemu mo\u017cesz zamawia\u0107 dekoracje i prezenty o dowolnej porze.<\/p><\/div><\/div>\t\t\t\t<\/div>\n\t\t\t\t<\/div>\n\t\t\t\t\t<\/div>\n\t\t<\/div>\n\t\t\t\t<div class=\"elementor-column elementor-col-25 elementor-top-column elementor-element elementor-element-eb8befe\" data-id=\"eb8befe\" data-element_type=\"column\" data-e-type=\"column\">\n\t\t\t<div class=\"elementor-widget-wrap elementor-element-populated\">\n\t\t\t\t\t\t<div class=\"elementor-element elementor-element-a7dae4e elementor-widget__width-initial elementor-position-top elementor-widget elementor-widget-image-box\" data-id=\"a7dae4e\" data-element_type=\"widget\" data-e-type=\"widget\" data-widget_type=\"image-box.default\">\n\t\t\t\t<div class=\"elementor-widget-container\">\n\t\t\t\t\t<div class=\"elementor-image-box-wrapper\"><figure class=\"elementor-image-box-img\"><a href=\"#cocieczeka\" tabindex=\"-1\"><img loading=\"lazy\" decoding=\"async\" width=\"300\" height=\"300\" src=\"https:\/\/greenowacja.pl\/wp-content\/uploads\/2026\/01\/11.svg\" class=\"elementor-animation-grow attachment-medium size-medium wp-image-19611\" alt=\"\" \/><\/a><\/figure><div class=\"elementor-image-box-content\"><h4 class=\"elementor-image-box-title\"><a href=\"#cocieczeka\">MASZ PYTANIE ?<\/a><\/h4><p class=\"elementor-image-box-description\">Jeste\u015bmy tu dla Ciebie\n\n\ud83d\udcde Zadzwo\u0144 lub napisz, je\u015bli:\n\u2022 chcesz zam\u00f3wi\u0107 dekoracj\u0119 na prezent\n\u2022 potrzebujesz personalizacji lub zam\u00f3wienia dla firmy\n\u2022 interesuj\u0105 Ci\u0119 warsztaty z chrobotka reniferowego\n\u2022 masz pytania dotycz\u0105ce piel\u0119gnacji naszych ozd\u00f3b<\/p><\/div><\/div>\t\t\t\t<\/div>\n\t\t\t\t<\/div>\n\t\t\t\t\t<\/div>\n\t\t<\/div>\n\t\t\t\t<div class=\"elementor-column elementor-col-25 elementor-top-column elementor-element elementor-element-c44204f\" data-id=\"c44204f\" data-element_type=\"column\" data-e-type=\"column\">\n\t\t\t<div class=\"elementor-widget-wrap elementor-element-populated\">\n\t\t\t\t\t\t<div class=\"elementor-element elementor-element-ce77da5 elementor-widget__width-initial elementor-position-top elementor-widget elementor-widget-image-box\" data-id=\"ce77da5\" data-element_type=\"widget\" data-e-type=\"widget\" data-widget_type=\"image-box.default\">\n\t\t\t\t<div class=\"elementor-widget-container\">\n\t\t\t\t\t<div class=\"elementor-image-box-wrapper\"><figure class=\"elementor-image-box-img\"><a href=\"#cocieczeka\" tabindex=\"-1\"><img loading=\"lazy\" decoding=\"async\" width=\"300\" height=\"300\" src=\"https:\/\/greenowacja.pl\/wp-content\/uploads\/2026\/01\/15.svg\" class=\"elementor-animation-grow attachment-medium size-medium wp-image-19718\" alt=\"\" \/><\/a><\/figure><div class=\"elementor-image-box-content\"><h4 class=\"elementor-image-box-title\"><a href=\"#cocieczeka\">MAIL I TELEFON<\/a><\/h4><p class=\"elementor-image-box-description\">MAIL: greenowacja@gmail.com\nTEL.+48 514 108 511<\/p><\/div><\/div>\t\t\t\t<\/div>\n\t\t\t\t<\/div>\n\t\t\t\t\t<\/div>\n\t\t<\/div>\n\t\t\t\t\t<\/div>\n\t\t<\/section>\n\t\t\t\t<\/div>\n\t\t","protected":false},"excerpt":{"rendered":"<p>Kontakt SKLEP STACJONARNY Os. B. Chrobrego 101\/15 (przy Stokrotce), 60-681 Pozna\u0144, Poniedzia\u0142ek \u2013 Pi\u0105tek: 10:00 \u2013 17:00 Sobota: 9:00 \u2013 13:00 Niedziela: nieczynne SKLEP WWW Sklep internetowy Greenowacja jest dost\u0119pny 24\/7, dzi\u0119ki czemu mo\u017cesz zamawia\u0107 dekoracje i prezenty o dowolnej porze. MASZ PYTANIE ? Jeste\u015bmy tu dla Ciebie \ud83d\udcde Zadzwo\u0144 lub napisz, je\u015bli: \u2022 chcesz [&hellip;]<\/p>\n","protected":false},"author":1,"featured_media":0,"parent":0,"menu_order":0,"comment_status":"closed","ping_status":"closed","template":"","meta":{"site-sidebar-layout":"no-sidebar","site-content-layout":"page-builder","ast-site-content-layout":"full-width-container","site-content-style":"unboxed","site-sidebar-style":"unboxed","ast-global-header-display":"","ast-banner-title-visibility":"","ast-main-header-display":"","ast-hfb-above-header-display":"","ast-hfb-below-header-display":"","ast-hfb-mobile-header-display":"","site-post-title":"disabled","ast-breadcrumbs-content":"disabled","ast-featured-img":"disabled","footer-sml-layout":"","theme-transparent-header-meta":"default","adv-header-id-meta":"","stick-header-meta":"","header-above-stick-meta":"","header-main-stick-meta":"","header-below-stick-meta":"","astra-migrate-meta-layouts":"set","ast-page-background-enabled":"default","ast-page-background-meta":{"desktop":{"background-color":"","background-image":"","background-repeat":"repeat","background-position":"center center","background-size":"auto","background-attachment":"scroll","background-type":"","background-media":"","overlay-type":"","overlay-color":"","overlay-opacity":"","overlay-gradient":""},"tablet":{"background-color":"","background-image":"","background-repeat":"repeat","background-position":"center center","background-size":"auto","background-attachment":"scroll","background-type":"","background-media":"","overlay-type":"","overlay-color":"","overlay-opacity":"","overlay-gradient":""},"mobile":{"background-color":"","background-image":"","background-repeat":"repeat","background-position":"center center","background-size":"auto","background-attachment":"scroll","background-type":"","background-media":"","overlay-type":"","overlay-color":"","overlay-opacity":"","overlay-gradient":""}},"ast-content-background-meta":{"desktop":{"background-color":"var(--ast-global-color-5)","background-image":"","background-repeat":"repeat","background-position":"center center","background-size":"auto","background-attachment":"scroll","background-type":"","background-media":"","overlay-type":"","overlay-color":"","overlay-opacity":"","overlay-gradient":""},"tablet":{"background-color":"var(--ast-global-color-5)","background-image":"","background-repeat":"repeat","background-position":"center center","background-size":"auto","background-attachment":"scroll","background-type":"","background-media":"","overlay-type":"","overlay-color":"","overlay-opacity":"","overlay-gradient":""},"mobile":{"background-color":"var(--ast-global-color-5)","background-image":"","background-repeat":"repeat","background-position":"center center","background-size":"auto","background-attachment":"scroll","background-type":"","background-media":"","overlay-type":"","overlay-color":"","overlay-opacity":"","overlay-gradient":""}},"footnotes":""},"class_list":["post-500","page","type-page","status-publish","hentry"],"yoast_head":"<!-- This site is optimized with the Yoast SEO plugin v27.4 - https:\/\/yoast.com\/product\/yoast-seo-wordpress\/ -->\n<title>Sklep z mchem - Pozna\u0144<\/title>\n<meta name=\"description\" content=\"Sklep z mchem chrobotkiem w Poznaniu. Zapraszamy je\u015bli szukasz pomys\u0142u na prezent lub na ciekawy dodatek do wn\u0119trz.\" \/>\n<meta name=\"robots\" content=\"index, follow, max-snippet:-1, max-image-preview:large, max-video-preview:-1\" \/>\n<link rel=\"canonical\" href=\"https:\/\/greenowacja.pl\/sklep-z-mchem-poznan\/\" \/>\n<meta property=\"og:locale\" content=\"pl_PL\" \/>\n<meta property=\"og:type\" content=\"article\" \/>\n<meta property=\"og:title\" content=\"Sklep z mchem - Pozna\u0144\" \/>\n<meta property=\"og:description\" content=\"Sklep z mchem chrobotkiem w Poznaniu. Zapraszamy je\u015bli szukasz pomys\u0142u na prezent lub na ciekawy dodatek do wn\u0119trz.\" \/>\n<meta property=\"og:url\" content=\"https:\/\/greenowacja.pl\/sklep-z-mchem-poznan\/\" \/>\n<meta property=\"og:site_name\" content=\"Ozdoby i prezenty z mchu | #u\u015bMECHnij si\u0119!\" \/>\n<meta property=\"article:publisher\" content=\"https:\/\/www.facebook.com\/Greenowacja\" \/>\n<meta property=\"article:modified_time\" content=\"2026-01-31T10:55:08+00:00\" \/>\n<meta property=\"og:image\" content=\"https:\/\/greenowacja.pl\/wp-content\/uploads\/2023\/05\/ewa-biuro.jpg\" \/>\n\t<meta property=\"og:image:width\" content=\"1280\" \/>\n\t<meta property=\"og:image:height\" content=\"853\" \/>\n\t<meta property=\"og:image:type\" content=\"image\/jpeg\" \/>\n<meta name=\"twitter:card\" content=\"summary_large_image\" \/>\n<meta name=\"twitter:label1\" content=\"Szacowany czas czytania\" \/>\n\t<meta name=\"twitter:data1\" content=\"2 minuty\" \/>\n<script type=\"application\/ld+json\" class=\"yoast-schema-graph\">{\"@context\":\"https:\\\/\\\/schema.org\",\"@graph\":[{\"@type\":\"WebPage\",\"@id\":\"https:\\\/\\\/greenowacja.pl\\\/sklep-z-mchem-poznan\\\/\",\"url\":\"https:\\\/\\\/greenowacja.pl\\\/sklep-z-mchem-poznan\\\/\",\"name\":\"Sklep z mchem - Pozna\u0144\",\"isPartOf\":{\"@id\":\"https:\\\/\\\/greenowacja.pl\\\/#website\"},\"primaryImageOfPage\":{\"@id\":\"https:\\\/\\\/greenowacja.pl\\\/sklep-z-mchem-poznan\\\/#primaryimage\"},\"image\":{\"@id\":\"https:\\\/\\\/greenowacja.pl\\\/sklep-z-mchem-poznan\\\/#primaryimage\"},\"thumbnailUrl\":\"https:\\\/\\\/greenowacja.pl\\\/wp-content\\\/uploads\\\/2023\\\/05\\\/ewa-biuro-1024x682.jpg\",\"datePublished\":\"2021-07-26T08:37:13+00:00\",\"dateModified\":\"2026-01-31T10:55:08+00:00\",\"description\":\"Sklep z mchem chrobotkiem w Poznaniu. Zapraszamy je\u015bli szukasz pomys\u0142u na prezent lub na ciekawy dodatek do wn\u0119trz.\",\"breadcrumb\":{\"@id\":\"https:\\\/\\\/greenowacja.pl\\\/sklep-z-mchem-poznan\\\/#breadcrumb\"},\"inLanguage\":\"pl-PL\",\"potentialAction\":[{\"@type\":\"ReadAction\",\"target\":[\"https:\\\/\\\/greenowacja.pl\\\/sklep-z-mchem-poznan\\\/\"]}]},{\"@type\":\"ImageObject\",\"inLanguage\":\"pl-PL\",\"@id\":\"https:\\\/\\\/greenowacja.pl\\\/sklep-z-mchem-poznan\\\/#primaryimage\",\"url\":\"https:\\\/\\\/greenowacja.pl\\\/wp-content\\\/uploads\\\/2023\\\/05\\\/ewa-biuro.jpg\",\"contentUrl\":\"https:\\\/\\\/greenowacja.pl\\\/wp-content\\\/uploads\\\/2023\\\/05\\\/ewa-biuro.jpg\",\"width\":1280,\"height\":853,\"caption\":\"Sklep z mchem Pozna\u0144\"},{\"@type\":\"BreadcrumbList\",\"@id\":\"https:\\\/\\\/greenowacja.pl\\\/sklep-z-mchem-poznan\\\/#breadcrumb\",\"itemListElement\":[{\"@type\":\"ListItem\",\"position\":1,\"name\":\"Strona g\u0142\u00f3wna\",\"item\":\"https:\\\/\\\/greenowacja.pl\\\/\"},{\"@type\":\"ListItem\",\"position\":2,\"name\":\"Kontakt\"}]},{\"@type\":\"WebSite\",\"@id\":\"https:\\\/\\\/greenowacja.pl\\\/#website\",\"url\":\"https:\\\/\\\/greenowacja.pl\\\/\",\"name\":\"Ozdoby i prezenty z mchu | #u\u015bMECHnij si\u0119!\",\"description\":\"\",\"publisher\":{\"@id\":\"https:\\\/\\\/greenowacja.pl\\\/#organization\"},\"potentialAction\":[{\"@type\":\"SearchAction\",\"target\":{\"@type\":\"EntryPoint\",\"urlTemplate\":\"https:\\\/\\\/greenowacja.pl\\\/?s={search_term_string}\"},\"query-input\":{\"@type\":\"PropertyValueSpecification\",\"valueRequired\":true,\"valueName\":\"search_term_string\"}}],\"inLanguage\":\"pl-PL\"},{\"@type\":\"Organization\",\"@id\":\"https:\\\/\\\/greenowacja.pl\\\/#organization\",\"name\":\"Ozdoby i prezenty z mchu | #u\u015bMECHnij si\u0119!\",\"url\":\"https:\\\/\\\/greenowacja.pl\\\/\",\"logo\":{\"@type\":\"ImageObject\",\"inLanguage\":\"pl-PL\",\"@id\":\"https:\\\/\\\/greenowacja.pl\\\/#\\\/schema\\\/logo\\\/image\\\/\",\"url\":\"https:\\\/\\\/greenowacja.pl\\\/wp-content\\\/uploads\\\/2023\\\/08\\\/Logo-Greenowacja-wer-z-claimem-pozioma-2-kolory_Easy-Resize.com_.jpg\",\"contentUrl\":\"https:\\\/\\\/greenowacja.pl\\\/wp-content\\\/uploads\\\/2023\\\/08\\\/Logo-Greenowacja-wer-z-claimem-pozioma-2-kolory_Easy-Resize.com_.jpg\",\"width\":1280,\"height\":426,\"caption\":\"Ozdoby i prezenty z mchu | #u\u015bMECHnij si\u0119!\"},\"image\":{\"@id\":\"https:\\\/\\\/greenowacja.pl\\\/#\\\/schema\\\/logo\\\/image\\\/\"},\"sameAs\":[\"https:\\\/\\\/www.facebook.com\\\/Greenowacja\",\"https:\\\/\\\/www.instagram.com\\\/greenowacja\\\/\"]}]}<\/script>\n<!-- \/ Yoast SEO plugin. -->","yoast_head_json":{"title":"Sklep z mchem - Pozna\u0144","description":"Sklep z mchem chrobotkiem w Poznaniu. Zapraszamy je\u015bli szukasz pomys\u0142u na prezent lub na ciekawy dodatek do wn\u0119trz.","robots":{"index":"index","follow":"follow","max-snippet":"max-snippet:-1","max-image-preview":"max-image-preview:large","max-video-preview":"max-video-preview:-1"},"canonical":"https:\/\/greenowacja.pl\/sklep-z-mchem-poznan\/","og_locale":"pl_PL","og_type":"article","og_title":"Sklep z mchem - Pozna\u0144","og_description":"Sklep z mchem chrobotkiem w Poznaniu. Zapraszamy je\u015bli szukasz pomys\u0142u na prezent lub na ciekawy dodatek do wn\u0119trz.","og_url":"https:\/\/greenowacja.pl\/sklep-z-mchem-poznan\/","og_site_name":"Ozdoby i prezenty z mchu | #u\u015bMECHnij si\u0119!","article_publisher":"https:\/\/www.facebook.com\/Greenowacja","article_modified_time":"2026-01-31T10:55:08+00:00","og_image":[{"width":1280,"height":853,"url":"https:\/\/greenowacja.pl\/wp-content\/uploads\/2023\/05\/ewa-biuro.jpg","type":"image\/jpeg"}],"twitter_card":"summary_large_image","twitter_misc":{"Szacowany czas czytania":"2 minuty"},"schema":{"@context":"https:\/\/schema.org","@graph":[{"@type":"WebPage","@id":"https:\/\/greenowacja.pl\/sklep-z-mchem-poznan\/","url":"https:\/\/greenowacja.pl\/sklep-z-mchem-poznan\/","name":"Sklep z mchem - Pozna\u0144","isPartOf":{"@id":"https:\/\/greenowacja.pl\/#website"},"primaryImageOfPage":{"@id":"https:\/\/greenowacja.pl\/sklep-z-mchem-poznan\/#primaryimage"},"image":{"@id":"https:\/\/greenowacja.pl\/sklep-z-mchem-poznan\/#primaryimage"},"thumbnailUrl":"https:\/\/greenowacja.pl\/wp-content\/uploads\/2023\/05\/ewa-biuro-1024x682.jpg","datePublished":"2021-07-26T08:37:13+00:00","dateModified":"2026-01-31T10:55:08+00:00","description":"Sklep z mchem chrobotkiem w Poznaniu. Zapraszamy je\u015bli szukasz pomys\u0142u na prezent lub na ciekawy dodatek do wn\u0119trz.","breadcrumb":{"@id":"https:\/\/greenowacja.pl\/sklep-z-mchem-poznan\/#breadcrumb"},"inLanguage":"pl-PL","potentialAction":[{"@type":"ReadAction","target":["https:\/\/greenowacja.pl\/sklep-z-mchem-poznan\/"]}]},{"@type":"ImageObject","inLanguage":"pl-PL","@id":"https:\/\/greenowacja.pl\/sklep-z-mchem-poznan\/#primaryimage","url":"https:\/\/greenowacja.pl\/wp-content\/uploads\/2023\/05\/ewa-biuro.jpg","contentUrl":"https:\/\/greenowacja.pl\/wp-content\/uploads\/2023\/05\/ewa-biuro.jpg","width":1280,"height":853,"caption":"Sklep z mchem Pozna\u0144"},{"@type":"BreadcrumbList","@id":"https:\/\/greenowacja.pl\/sklep-z-mchem-poznan\/#breadcrumb","itemListElement":[{"@type":"ListItem","position":1,"name":"Strona g\u0142\u00f3wna","item":"https:\/\/greenowacja.pl\/"},{"@type":"ListItem","position":2,"name":"Kontakt"}]},{"@type":"WebSite","@id":"https:\/\/greenowacja.pl\/#website","url":"https:\/\/greenowacja.pl\/","name":"Ozdoby i prezenty z mchu | #u\u015bMECHnij si\u0119!","description":"","publisher":{"@id":"https:\/\/greenowacja.pl\/#organization"},"potentialAction":[{"@type":"SearchAction","target":{"@type":"EntryPoint","urlTemplate":"https:\/\/greenowacja.pl\/?s={search_term_string}"},"query-input":{"@type":"PropertyValueSpecification","valueRequired":true,"valueName":"search_term_string"}}],"inLanguage":"pl-PL"},{"@type":"Organization","@id":"https:\/\/greenowacja.pl\/#organization","name":"Ozdoby i prezenty z mchu | #u\u015bMECHnij si\u0119!","url":"https:\/\/greenowacja.pl\/","logo":{"@type":"ImageObject","inLanguage":"pl-PL","@id":"https:\/\/greenowacja.pl\/#\/schema\/logo\/image\/","url":"https:\/\/greenowacja.pl\/wp-content\/uploads\/2023\/08\/Logo-Greenowacja-wer-z-claimem-pozioma-2-kolory_Easy-Resize.com_.jpg","contentUrl":"https:\/\/greenowacja.pl\/wp-content\/uploads\/2023\/08\/Logo-Greenowacja-wer-z-claimem-pozioma-2-kolory_Easy-Resize.com_.jpg","width":1280,"height":426,"caption":"Ozdoby i prezenty z mchu | #u\u015bMECHnij si\u0119!"},"image":{"@id":"https:\/\/greenowacja.pl\/#\/schema\/logo\/image\/"},"sameAs":["https:\/\/www.facebook.com\/Greenowacja","https:\/\/www.instagram.com\/greenowacja\/"]}]}},"_links":{"self":[{"href":"https:\/\/greenowacja.pl\/wp-json\/wp\/v2\/pages\/500","targetHints":{"allow":["GET"]}}],"collection":[{"href":"https:\/\/greenowacja.pl\/wp-json\/wp\/v2\/pages"}],"about":[{"href":"https:\/\/greenowacja.pl\/wp-json\/wp\/v2\/types\/page"}],"author":[{"embeddable":true,"href":"https:\/\/greenowacja.pl\/wp-json\/wp\/v2\/users\/1"}],"replies":[{"embeddable":true,"href":"https:\/\/greenowacja.pl\/wp-json\/wp\/v2\/comments?post=500"}],"version-history":[{"count":57,"href":"https:\/\/greenowacja.pl\/wp-json\/wp\/v2\/pages\/500\/revisions"}],"predecessor-version":[{"id":19749,"href":"https:\/\/greenowacja.pl\/wp-json\/wp\/v2\/pages\/500\/revisions\/19749"}],"wp:attachment":[{"href":"https:\/\/greenowacja.pl\/wp-json\/wp\/v2\/media?parent=500"}],"curies":[{"name":"wp","href":"https:\/\/api.w.org\/{rel}","templated":true}]}}