{"id":8300,"date":"2024-08-03T11:15:23","date_gmt":"2024-08-03T09:15:23","guid":{"rendered":"https:\/\/greenowacja.pl\/?page_id=8300"},"modified":"2024-08-03T11:15:25","modified_gmt":"2024-08-03T09:15:25","slug":"zwroty-i-reklamacje","status":"publish","type":"page","link":"https:\/\/greenowacja.pl\/zwroty-i-reklamacje\/","title":{"rendered":"Zwroty i reklamacje"},"content":{"rendered":"\n<h3 class=\"wp-block-heading\">Zwroty i reklamacje<\/h3>\n\n\n\n<h4 class=\"wp-block-heading\">Odst\u0105pienie od umowy<\/h4>\n\n\n\n<p>Je\u015bli jeste\u015b tzw. kupuj\u0105cym uprzywilejowanym, czyli:<\/p>\n\n\n\n<ul class=\"wp-block-list\">\n<li><strong>Konsumentem<\/strong>, albo<\/li>\n\n\n\n<li><strong>Osob\u0105 fizyczn\u0105<\/strong>, dla kt\u00f3rej umowa jest bezpo\u015brednio zwi\u0105zana z Twoj\u0105 dzia\u0142alno\u015bci\u0105 gospodarcz\u0105, ale nie ma dla Ciebie charakteru zawodowego,<\/li>\n<\/ul>\n\n\n\n<p>przys\u0142uguje Ci prawo do odst\u0105pienia od umowy zawartej na odleg\u0142o\u015b\u0107.<\/p>\n\n\n\n<p>Od umowy mo\u017cesz odst\u0105pi\u0107, sk\u0142adaj\u0105c nam o\u015bwiadczenie o odst\u0105pieniu od umowy np. poprzez wiadomo\u015b\u0107 e-mail przes\u0142an\u0105 na adres: greenowacja@gmail.com<\/p>\n\n\n\n<p>Masz na to <strong>14 dni<\/strong> od momentu obj\u0119cia towaru w posiadanie przez Ciebie lub wskazan\u0105 przez Ciebie osob\u0119 trzeci\u0105 inn\u0105 ni\u017c przewo\u017anik. W przypadku umowy obejmuj\u0105cej wiele towar\u00f3w, termin biegnie od obj\u0119cia w posiadanie ostatniego towaru.<\/p>\n\n\n\n<p>Zwracany towar ode\u015blij na adres: <strong>os. B. Chrobrego 10\/250, 60-681 Pozna\u0144<\/strong> w terminie 14 dni od dnia odst\u0105pienia od umowy.<\/p>\n\n\n\n<p>Dokonane przez Ciebie p\u0142atno\u015bci zwr\u00f3cimy niezw\u0142ocznie, jednak nie p\u00f3\u017aniej ni\u017c w terminie 14 dni od otrzymania o\u015bwiadczenia o odst\u0105pieniu od umowy.<\/p>\n\n\n\n<p>Je\u015bli nie zaproponowali\u015bmy, \u017ce sami odbierzemy od Ciebie towar \u2013 mo\u017cemy wstrzyma\u0107 si\u0119 ze zwrotem p\u0142atno\u015bci do chwili otrzymania towaru z powrotem lub dostarczenia dowodu jego odes\u0142ania, w zale\u017cno\u015bci od tego, co nast\u0105pi wcze\u015bniej.<\/p>\n\n\n\n<p>Prawo odst\u0105pienia od umowy zawartej na odleg\u0142o\u015b\u0107 nie przys\u0142uguje m.in. w odniesieniu do umowy:<\/p>\n\n\n\n<ul class=\"wp-block-list\">\n<li>gdzie towar jest nieprefabrykowany, wyprodukowany wed\u0142ug Twojej specyfikacji,<\/li>\n\n\n\n<li>gdzie towar ulega szybkiemu zepsuciu lub ma kr\u00f3tki termin przydatno\u015bci,<\/li>\n\n\n\n<li>gdzie towar dostarczany jest w zapiecz\u0119towanym opakowaniu, kt\u00f3rego nie mo\u017cna zwr\u00f3ci\u0107 po otwarciu ze wzgl\u0119d\u00f3w higienicznych.<\/li>\n<\/ul>\n\n\n\n<p>Szczeg\u00f3\u0142owe informacje znajdziesz w naszym <a href=\"#\">Regulaminie sklepu<\/a>.<\/p>\n\n\n\n<h4 class=\"wp-block-heading\">Reklamacje<\/h4>\n\n\n\n<p>W przypadku niew\u0142a\u015bciwego zrealizowania umowy, masz prawo z\u0142o\u017cy\u0107 reklamacj\u0119 na adres e-mail: <strong><a>biuro@greenowacja.pl<\/a><\/strong> lub drog\u0105 pocztow\u0105 na adres: <strong>os. B. Chrobrego 10\/250, 60-681 Pozna\u0144<\/strong>.<\/p>\n\n\n\n<p>Ponosimy odpowiedzialno\u015b\u0107 za brak zgodno\u015bci towaru z umow\u0105 ujawniony w ci\u0105gu dw\u00f3ch lat od jego dostarczenia. Mo\u017cesz \u017c\u0105da\u0107 wymiany towaru lub jego naprawy. W niekt\u00f3rych przypadkach mo\u017cesz odst\u0105pi\u0107 od umowy lub z\u0142o\u017cy\u0107 o\u015bwiadczenie o obni\u017ceniu ceny.<\/p>\n\n\n\n<p>Szczeg\u00f3\u0142owe informacje znajdziesz w naszym <a href=\"#\">Regulaminie sklepu<\/a>.<\/p>\n","protected":false},"excerpt":{"rendered":"<p>Zwroty i reklamacje Odst\u0105pienie od umowy Je\u015bli jeste\u015b tzw. kupuj\u0105cym uprzywilejowanym, czyli: przys\u0142uguje Ci prawo do odst\u0105pienia od umowy zawartej na odleg\u0142o\u015b\u0107. Od umowy mo\u017cesz odst\u0105pi\u0107, sk\u0142adaj\u0105c nam o\u015bwiadczenie o odst\u0105pieniu od umowy np. poprzez wiadomo\u015b\u0107 e-mail przes\u0142an\u0105 na adres: greenowacja@gmail.com Masz na to 14 dni od momentu obj\u0119cia towaru w posiadanie przez Ciebie lub [&hellip;]<\/p>\n","protected":false},"author":1,"featured_media":0,"parent":0,"menu_order":0,"comment_status":"closed","ping_status":"closed","template":"","meta":{"site-sidebar-layout":"default","site-content-layout":"","ast-site-content-layout":"default","site-content-style":"default","site-sidebar-style":"default","ast-global-header-display":"","ast-banner-title-visibility":"","ast-main-header-display":"","ast-hfb-above-header-display":"","ast-hfb-below-header-display":"","ast-hfb-mobile-header-display":"","site-post-title":"","ast-breadcrumbs-content":"","ast-featured-img":"","footer-sml-layout":"","theme-transparent-header-meta":"","adv-header-id-meta":"","stick-header-meta":"","header-above-stick-meta":"","header-main-stick-meta":"","header-below-stick-meta":"","astra-migrate-meta-layouts":"set","ast-page-background-enabled":"default","ast-page-background-meta":{"desktop":{"background-color":"","background-image":"","background-repeat":"repeat","background-position":"center center","background-size":"auto","background-attachment":"scroll","background-type":"","background-media":"","overlay-type":"","overlay-color":"","overlay-opacity":"","overlay-gradient":""},"tablet":{"background-color":"","background-image":"","background-repeat":"repeat","background-position":"center center","background-size":"auto","background-attachment":"scroll","background-type":"","background-media":"","overlay-type":"","overlay-color":"","overlay-opacity":"","overlay-gradient":""},"mobile":{"background-color":"","background-image":"","background-repeat":"repeat","background-position":"center center","background-size":"auto","background-attachment":"scroll","background-type":"","background-media":"","overlay-type":"","overlay-color":"","overlay-opacity":"","overlay-gradient":""}},"ast-content-background-meta":{"desktop":{"background-color":"var(--ast-global-color-5)","background-image":"","background-repeat":"repeat","background-position":"center center","background-size":"auto","background-attachment":"scroll","background-type":"","background-media":"","overlay-type":"","overlay-color":"","overlay-opacity":"","overlay-gradient":""},"tablet":{"background-color":"var(--ast-global-color-5)","background-image":"","background-repeat":"repeat","background-position":"center center","background-size":"auto","background-attachment":"scroll","background-type":"","background-media":"","overlay-type":"","overlay-color":"","overlay-opacity":"","overlay-gradient":""},"mobile":{"background-color":"var(--ast-global-color-5)","background-image":"","background-repeat":"repeat","background-position":"center center","background-size":"auto","background-attachment":"scroll","background-type":"","background-media":"","overlay-type":"","overlay-color":"","overlay-opacity":"","overlay-gradient":""}},"footnotes":""},"class_list":["post-8300","page","type-page","status-publish","hentry"],"yoast_head":"<!-- This site is optimized with the Yoast SEO plugin v27.4 - https:\/\/yoast.com\/product\/yoast-seo-wordpress\/ -->\n<title>Zwroty i reklamacje - Ozdoby i prezenty z mchu | #u\u015bMECHnij si\u0119!<\/title>\n<meta name=\"description\" content=\"zwroty i reklamacje\" \/>\n<meta name=\"robots\" content=\"index, follow, max-snippet:-1, max-image-preview:large, max-video-preview:-1\" \/>\n<link rel=\"canonical\" href=\"https:\/\/greenowacja.pl\/zwroty-i-reklamacje\/\" \/>\n<meta property=\"og:locale\" content=\"pl_PL\" \/>\n<meta property=\"og:type\" content=\"article\" \/>\n<meta property=\"og:title\" content=\"Zwroty i reklamacje - Ozdoby i prezenty z mchu | #u\u015bMECHnij si\u0119!\" \/>\n<meta property=\"og:description\" content=\"zwroty i reklamacje\" \/>\n<meta property=\"og:url\" content=\"https:\/\/greenowacja.pl\/zwroty-i-reklamacje\/\" \/>\n<meta property=\"og:site_name\" content=\"Ozdoby i prezenty z mchu | #u\u015bMECHnij si\u0119!\" \/>\n<meta property=\"article:publisher\" content=\"https:\/\/www.facebook.com\/Greenowacja\" \/>\n<meta property=\"article:modified_time\" content=\"2024-08-03T09:15:25+00:00\" \/>\n<meta name=\"twitter:card\" content=\"summary_large_image\" \/>\n<meta name=\"twitter:label1\" content=\"Szacowany czas czytania\" \/>\n\t<meta name=\"twitter:data1\" content=\"2 minuty\" \/>\n<script type=\"application\/ld+json\" class=\"yoast-schema-graph\">{\"@context\":\"https:\\\/\\\/schema.org\",\"@graph\":[{\"@type\":\"WebPage\",\"@id\":\"https:\\\/\\\/greenowacja.pl\\\/zwroty-i-reklamacje\\\/\",\"url\":\"https:\\\/\\\/greenowacja.pl\\\/zwroty-i-reklamacje\\\/\",\"name\":\"Zwroty i reklamacje - Ozdoby i prezenty z mchu | #u\u015bMECHnij si\u0119!\",\"isPartOf\":{\"@id\":\"https:\\\/\\\/greenowacja.pl\\\/#website\"},\"datePublished\":\"2024-08-03T09:15:23+00:00\",\"dateModified\":\"2024-08-03T09:15:25+00:00\",\"description\":\"zwroty i reklamacje\",\"breadcrumb\":{\"@id\":\"https:\\\/\\\/greenowacja.pl\\\/zwroty-i-reklamacje\\\/#breadcrumb\"},\"inLanguage\":\"pl-PL\",\"potentialAction\":[{\"@type\":\"ReadAction\",\"target\":[\"https:\\\/\\\/greenowacja.pl\\\/zwroty-i-reklamacje\\\/\"]}]},{\"@type\":\"BreadcrumbList\",\"@id\":\"https:\\\/\\\/greenowacja.pl\\\/zwroty-i-reklamacje\\\/#breadcrumb\",\"itemListElement\":[{\"@type\":\"ListItem\",\"position\":1,\"name\":\"Strona g\u0142\u00f3wna\",\"item\":\"https:\\\/\\\/greenowacja.pl\\\/\"},{\"@type\":\"ListItem\",\"position\":2,\"name\":\"Zwroty i reklamacje\"}]},{\"@type\":\"WebSite\",\"@id\":\"https:\\\/\\\/greenowacja.pl\\\/#website\",\"url\":\"https:\\\/\\\/greenowacja.pl\\\/\",\"name\":\"Ozdoby i prezenty z mchu | #u\u015bMECHnij si\u0119!\",\"description\":\"\",\"publisher\":{\"@id\":\"https:\\\/\\\/greenowacja.pl\\\/#organization\"},\"potentialAction\":[{\"@type\":\"SearchAction\",\"target\":{\"@type\":\"EntryPoint\",\"urlTemplate\":\"https:\\\/\\\/greenowacja.pl\\\/?s={search_term_string}\"},\"query-input\":{\"@type\":\"PropertyValueSpecification\",\"valueRequired\":true,\"valueName\":\"search_term_string\"}}],\"inLanguage\":\"pl-PL\"},{\"@type\":\"Organization\",\"@id\":\"https:\\\/\\\/greenowacja.pl\\\/#organization\",\"name\":\"Ozdoby i prezenty z mchu | #u\u015bMECHnij si\u0119!\",\"url\":\"https:\\\/\\\/greenowacja.pl\\\/\",\"logo\":{\"@type\":\"ImageObject\",\"inLanguage\":\"pl-PL\",\"@id\":\"https:\\\/\\\/greenowacja.pl\\\/#\\\/schema\\\/logo\\\/image\\\/\",\"url\":\"https:\\\/\\\/greenowacja.pl\\\/wp-content\\\/uploads\\\/2023\\\/08\\\/Logo-Greenowacja-wer-z-claimem-pozioma-2-kolory_Easy-Resize.com_.jpg\",\"contentUrl\":\"https:\\\/\\\/greenowacja.pl\\\/wp-content\\\/uploads\\\/2023\\\/08\\\/Logo-Greenowacja-wer-z-claimem-pozioma-2-kolory_Easy-Resize.com_.jpg\",\"width\":1280,\"height\":426,\"caption\":\"Ozdoby i prezenty z mchu | #u\u015bMECHnij si\u0119!\"},\"image\":{\"@id\":\"https:\\\/\\\/greenowacja.pl\\\/#\\\/schema\\\/logo\\\/image\\\/\"},\"sameAs\":[\"https:\\\/\\\/www.facebook.com\\\/Greenowacja\",\"https:\\\/\\\/www.instagram.com\\\/greenowacja\\\/\"]}]}<\/script>\n<!-- \/ Yoast SEO plugin. -->","yoast_head_json":{"title":"Zwroty i reklamacje - Ozdoby i prezenty z mchu | #u\u015bMECHnij si\u0119!","description":"zwroty i reklamacje","robots":{"index":"index","follow":"follow","max-snippet":"max-snippet:-1","max-image-preview":"max-image-preview:large","max-video-preview":"max-video-preview:-1"},"canonical":"https:\/\/greenowacja.pl\/zwroty-i-reklamacje\/","og_locale":"pl_PL","og_type":"article","og_title":"Zwroty i reklamacje - Ozdoby i prezenty z mchu | #u\u015bMECHnij si\u0119!","og_description":"zwroty i reklamacje","og_url":"https:\/\/greenowacja.pl\/zwroty-i-reklamacje\/","og_site_name":"Ozdoby i prezenty z mchu | #u\u015bMECHnij si\u0119!","article_publisher":"https:\/\/www.facebook.com\/Greenowacja","article_modified_time":"2024-08-03T09:15:25+00:00","twitter_card":"summary_large_image","twitter_misc":{"Szacowany czas czytania":"2 minuty"},"schema":{"@context":"https:\/\/schema.org","@graph":[{"@type":"WebPage","@id":"https:\/\/greenowacja.pl\/zwroty-i-reklamacje\/","url":"https:\/\/greenowacja.pl\/zwroty-i-reklamacje\/","name":"Zwroty i reklamacje - Ozdoby i prezenty z mchu | #u\u015bMECHnij si\u0119!","isPartOf":{"@id":"https:\/\/greenowacja.pl\/#website"},"datePublished":"2024-08-03T09:15:23+00:00","dateModified":"2024-08-03T09:15:25+00:00","description":"zwroty i reklamacje","breadcrumb":{"@id":"https:\/\/greenowacja.pl\/zwroty-i-reklamacje\/#breadcrumb"},"inLanguage":"pl-PL","potentialAction":[{"@type":"ReadAction","target":["https:\/\/greenowacja.pl\/zwroty-i-reklamacje\/"]}]},{"@type":"BreadcrumbList","@id":"https:\/\/greenowacja.pl\/zwroty-i-reklamacje\/#breadcrumb","itemListElement":[{"@type":"ListItem","position":1,"name":"Strona g\u0142\u00f3wna","item":"https:\/\/greenowacja.pl\/"},{"@type":"ListItem","position":2,"name":"Zwroty i reklamacje"}]},{"@type":"WebSite","@id":"https:\/\/greenowacja.pl\/#website","url":"https:\/\/greenowacja.pl\/","name":"Ozdoby i prezenty z mchu | #u\u015bMECHnij si\u0119!","description":"","publisher":{"@id":"https:\/\/greenowacja.pl\/#organization"},"potentialAction":[{"@type":"SearchAction","target":{"@type":"EntryPoint","urlTemplate":"https:\/\/greenowacja.pl\/?s={search_term_string}"},"query-input":{"@type":"PropertyValueSpecification","valueRequired":true,"valueName":"search_term_string"}}],"inLanguage":"pl-PL"},{"@type":"Organization","@id":"https:\/\/greenowacja.pl\/#organization","name":"Ozdoby i prezenty z mchu | #u\u015bMECHnij si\u0119!","url":"https:\/\/greenowacja.pl\/","logo":{"@type":"ImageObject","inLanguage":"pl-PL","@id":"https:\/\/greenowacja.pl\/#\/schema\/logo\/image\/","url":"https:\/\/greenowacja.pl\/wp-content\/uploads\/2023\/08\/Logo-Greenowacja-wer-z-claimem-pozioma-2-kolory_Easy-Resize.com_.jpg","contentUrl":"https:\/\/greenowacja.pl\/wp-content\/uploads\/2023\/08\/Logo-Greenowacja-wer-z-claimem-pozioma-2-kolory_Easy-Resize.com_.jpg","width":1280,"height":426,"caption":"Ozdoby i prezenty z mchu | #u\u015bMECHnij si\u0119!"},"image":{"@id":"https:\/\/greenowacja.pl\/#\/schema\/logo\/image\/"},"sameAs":["https:\/\/www.facebook.com\/Greenowacja","https:\/\/www.instagram.com\/greenowacja\/"]}]}},"_links":{"self":[{"href":"https:\/\/greenowacja.pl\/wp-json\/wp\/v2\/pages\/8300","targetHints":{"allow":["GET"]}}],"collection":[{"href":"https:\/\/greenowacja.pl\/wp-json\/wp\/v2\/pages"}],"about":[{"href":"https:\/\/greenowacja.pl\/wp-json\/wp\/v2\/types\/page"}],"author":[{"embeddable":true,"href":"https:\/\/greenowacja.pl\/wp-json\/wp\/v2\/users\/1"}],"replies":[{"embeddable":true,"href":"https:\/\/greenowacja.pl\/wp-json\/wp\/v2\/comments?post=8300"}],"version-history":[{"count":0,"href":"https:\/\/greenowacja.pl\/wp-json\/wp\/v2\/pages\/8300\/revisions"}],"wp:attachment":[{"href":"https:\/\/greenowacja.pl\/wp-json\/wp\/v2\/media?parent=8300"}],"curies":[{"name":"wp","href":"https:\/\/api.w.org\/{rel}","templated":true}]}}