{"id":1374,"date":"2023-03-19T13:54:08","date_gmt":"2023-03-19T12:54:08","guid":{"rendered":"https:\/\/greenowacja.pl\/?post_type=product&#038;p=1374"},"modified":"2025-12-16T22:43:32","modified_gmt":"2025-12-16T21:43:32","slug":"box-zrob-to-sam-drzewko-20cm-zestaw-podstawowy-pistolet-klej","status":"publish","type":"product","link":"https:\/\/greenowacja.pl\/produkt\/box-zrob-to-sam-drzewko-20cm-zestaw-podstawowy-pistolet-klej\/","title":{"rendered":"Box zr\u00f3b to sam. Drzewko z mchu 20cm. Zestaw podstawowy + pistolet + klej"},"content":{"rendered":"<p>Chcesz zrobi\u0107 komu\u015b wyj\u0105tkowy prezent? Zaskoczy\u0107 czym\u015b oryginalnym? Nie masz ju\u017c pomys\u0142\u00f3w na prezenty i masz wra\u017cenie, \u017ce osoba dla kt\u00f3rej chcesz zrobi\u0107 niespodziank\u0119 ju\u017c wszystko ma w domu? Postaw na co\u015b\u00a0nietypowego. Nasze zestawy s\u0105 ciekawym pomys\u0142em na prezent dla osoby w ka\u017cdym wieku.<\/p>\n<p>Chrobotek reniferowy poddany zosta\u0142 procesowi stabilizacji, dzi\u0119ki kt\u00f3remu nie wymaga on piel\u0119gnacji i b\u0119dzie pi\u0119kny przez d\u0142ugie lata.<\/p>\n<p><strong>Stworzenie czego\u015b w\u0142asnymi r\u0119kami jest:<\/strong><\/p>\n<p>&#8211; prostsze ni\u017c my\u015blisz<\/p>\n<p>&#8211; przynosi ogromn\u0105 frajd\u0119 z tworzenia<\/p>\n<p>&#8211; daje du\u017co satysfakcji<\/p>\n<p>&#8211; b\u0119dziesz mie\u0107 w domu co\u015b pi\u0119knego, oryginalnego i w dodatku stworzonego przez siebie<\/p>\n<p>&nbsp;<\/p>\n<p>Zastan\u00f3w si\u0119, kiedy ostatnio mia\u0142a\u015b\/e\u015b okazj\u0119 odstresowa\u0107 si\u0119 przy stworzeniu czego\u015b nowego. Przypomnij sobie jak potrafi oczy\u015bci\u0107 g\u0142ow\u0119 chwila skupienia i koncentracji. Proces tworzenia ma pozytywny wp\u0142yw na nasze samopoczucie.<\/p>\n<p>Zestaw jest \u0142atwy w u\u017cyciu, dzi\u0119ki czemu nawet osoby pocz\u0105tkuj\u0105ce b\u0119d\u0105 mog\u0142y stworzy\u0107 co\u015b pi\u0119knego i oryginalnego. Tworzenie ozd\u00f3b z \u201emchu\u201d to \u015bwietny spos\u00f3b na rozwijanie swojej kreatywno\u015bci i \u0142\u0105czenie sztuki z natur\u0105.<\/p>\n<p>&nbsp;<\/p>\n<p><strong>Zestaw\u00a0zawiera:<\/strong><\/p>\n<p>&#8211; podk\u0142ad w kszta\u0142cie drzewa (20cm),<\/p>\n<p>&#8211; torebk\u0119 z chrobotkiem reniferowym,<\/p>\n<p>&#8211; instrukcj\u0119 wykonania,<\/p>\n<p>&#8211; r\u0119kawiczki ochronne,<\/p>\n<p>&#8211; dodatki do ozdabiania,<\/p>\n<p>&#8211; patyczek do dociskania mchu<\/p>\n<p>&#8211; pistolet na gor\u0105cy klej<\/p>\n<p>&nbsp;<\/p>\n<p><strong>Wymiary:<\/strong><\/p>\n<ul>\n<li>Opakowanie 25cm x 25cm x 8cm<\/li>\n<li>Wielko\u015b\u0107 drzewa 20cm<\/li>\n<\/ul>\n","protected":false},"excerpt":{"rendered":"<p>Zestaw do samodzielnego stworzenia drzewa z chrobotka reniferowego (20cm)<\/p>\n<p><strong>Box zr\u00f3b to sam<\/strong>\u00a0\u2013 zestaw podstawowy z chrobotkiem to idealny wyb\u00f3r dla os\u00f3b, kt\u00f3re chc\u0105 stworzy\u0107 unikalne dzie\u0142o z u\u017cyciem naturalnych materia\u0142\u00f3w. W zestawie znajduj\u0105 si\u0119 wszystkie niezb\u0119dne elementy do wykonania prostych projekt\u00f3w z u\u017cyciem \u201emchu\u201d.<\/p>\n<p>W tej wersji &#8222;box\u00f3w&#8221; do zestawu do\u0142\u0105czamy pistolet oraz klej na gor\u0105co.<\/p>\n","protected":false},"featured_media":4708,"template":"","meta":{"site-sidebar-layout":"default","site-content-layout":"default","ast-site-content-layout":"default","site-content-style":"default","site-sidebar-style":"default","ast-global-header-display":"","ast-banner-title-visibility":"","ast-main-header-display":"","ast-hfb-above-header-display":"","ast-hfb-below-header-display":"","ast-hfb-mobile-header-display":"","site-post-title":"","ast-breadcrumbs-content":"","ast-featured-img":"","footer-sml-layout":"","theme-transparent-header-meta":"default","adv-header-id-meta":"","stick-header-meta":"","header-above-stick-meta":"","header-main-stick-meta":"","header-below-stick-meta":"","astra-migrate-meta-layouts":"set","ast-page-background-enabled":"default","ast-page-background-meta":{"desktop":{"background-color":"","background-image":"","background-repeat":"repeat","background-position":"center center","background-size":"auto","background-attachment":"scroll","background-type":"","background-media":"","overlay-type":"","overlay-color":"","overlay-opacity":"","overlay-gradient":""},"tablet":{"background-color":"","background-image":"","background-repeat":"repeat","background-position":"center center","background-size":"auto","background-attachment":"scroll","background-type":"","background-media":"","overlay-type":"","overlay-color":"","overlay-opacity":"","overlay-gradient":""},"mobile":{"background-color":"","background-image":"","background-repeat":"repeat","background-position":"center center","background-size":"auto","background-attachment":"scroll","background-type":"","background-media":"","overlay-type":"","overlay-color":"","overlay-opacity":"","overlay-gradient":""}},"ast-content-background-meta":{"desktop":{"background-color":"var(--ast-global-color-5)","background-image":"","background-repeat":"repeat","background-position":"center center","background-size":"auto","background-attachment":"scroll","background-type":"","background-media":"","overlay-type":"","overlay-color":"","overlay-opacity":"","overlay-gradient":""},"tablet":{"background-color":"var(--ast-global-color-5)","background-image":"","background-repeat":"repeat","background-position":"center center","background-size":"auto","background-attachment":"scroll","background-type":"","background-media":"","overlay-type":"","overlay-color":"","overlay-opacity":"","overlay-gradient":""},"mobile":{"background-color":"var(--ast-global-color-5)","background-image":"","background-repeat":"repeat","background-position":"center center","background-size":"auto","background-attachment":"scroll","background-type":"","background-media":"","overlay-type":"","overlay-color":"","overlay-opacity":"","overlay-gradient":""}}},"product_brand":[],"product_cat":[31,57,121,93,59],"product_tag":[],"class_list":{"0":"post-1374","1":"product","2":"type-product","3":"status-publish","4":"has-post-thumbnail","6":"product_cat-zestaw-diy-z-chrobotkiem","7":"product_cat-prezent-dla-dziecka","8":"product_cat-karta-mieszkanca-gminy-kolobrzeg","9":"product_cat-ok-poznan","10":"product_cat-prezenty-z-mchem","11":"desktop-align-left","12":"tablet-align-left","13":"mobile-align-left","15":"first","16":"instock","17":"taxable","18":"shipping-taxable","19":"purchasable","20":"product-type-simple"},"yoast_head":"<!-- This site is optimized with the Yoast SEO plugin v27.4 - https:\/\/yoast.com\/product\/yoast-seo-wordpress\/ -->\n<title>Box zr\u00f3b to sam. Drzewko z mchu 20cm. Zestaw podstawowy + pistolet + klej - Ozdoby i prezenty z mchu | #u\u015bMECHnij si\u0119!<\/title>\n<meta name=\"description\" content=\"Zestaw do samodzielnego stworzenia obrazu, drzewa w kole (20cm). Boxy \u201ezr\u00f3b to sam\u201d to mo\u017cliwo\u015b\u0107 zrobienia swoimi r\u0119koma ozdoby z chrobotkiem.\" \/>\n<meta name=\"robots\" content=\"index, follow, max-snippet:-1, max-image-preview:large, max-video-preview:-1\" \/>\n<link rel=\"canonical\" href=\"https:\/\/greenowacja.pl\/produkt\/box-zrob-to-sam-drzewko-20cm-zestaw-podstawowy-pistolet-klej\/\" \/>\n<meta property=\"og:locale\" content=\"pl_PL\" \/>\n<meta property=\"og:type\" content=\"article\" \/>\n<meta property=\"og:title\" content=\"Box zr\u00f3b to sam. Drzewko z mchu 20cm. Zestaw podstawowy + pistolet + klej - Ozdoby i prezenty z mchu | #u\u015bMECHnij si\u0119!\" \/>\n<meta property=\"og:description\" content=\"Zestaw do samodzielnego stworzenia obrazu, drzewa w kole (20cm). Boxy \u201ezr\u00f3b to sam\u201d to mo\u017cliwo\u015b\u0107 zrobienia swoimi r\u0119koma ozdoby z chrobotkiem.\" \/>\n<meta property=\"og:url\" content=\"https:\/\/greenowacja.pl\/produkt\/box-zrob-to-sam-drzewko-20cm-zestaw-podstawowy-pistolet-klej\/\" \/>\n<meta property=\"og:site_name\" content=\"Ozdoby i prezenty z mchu | #u\u015bMECHnij si\u0119!\" \/>\n<meta property=\"article:publisher\" content=\"https:\/\/www.facebook.com\/Greenowacja\" \/>\n<meta property=\"article:modified_time\" content=\"2025-12-16T21:43:32+00:00\" \/>\n<meta property=\"og:image\" content=\"https:\/\/greenowacja.pl\/wp-content\/uploads\/2024\/02\/146.jpg\" \/>\n\t<meta property=\"og:image:width\" content=\"1000\" \/>\n\t<meta property=\"og:image:height\" content=\"1000\" \/>\n\t<meta property=\"og:image:type\" content=\"image\/jpeg\" \/>\n<meta name=\"twitter:card\" content=\"summary_large_image\" \/>\n<meta name=\"twitter:label1\" content=\"Szacowany czas czytania\" \/>\n\t<meta name=\"twitter:data1\" content=\"2 minuty\" \/>\n<script type=\"application\/ld+json\" class=\"yoast-schema-graph\">{\"@context\":\"https:\\\/\\\/schema.org\",\"@graph\":[{\"@type\":\"WebPage\",\"@id\":\"https:\\\/\\\/greenowacja.pl\\\/produkt\\\/box-zrob-to-sam-drzewko-20cm-zestaw-podstawowy-pistolet-klej\\\/\",\"url\":\"https:\\\/\\\/greenowacja.pl\\\/produkt\\\/box-zrob-to-sam-drzewko-20cm-zestaw-podstawowy-pistolet-klej\\\/\",\"name\":\"Box zr\u00f3b to sam. Drzewko z mchu 20cm. Zestaw podstawowy + pistolet + klej - Ozdoby i prezenty z mchu | #u\u015bMECHnij si\u0119!\",\"isPartOf\":{\"@id\":\"https:\\\/\\\/greenowacja.pl\\\/#website\"},\"primaryImageOfPage\":{\"@id\":\"https:\\\/\\\/greenowacja.pl\\\/produkt\\\/box-zrob-to-sam-drzewko-20cm-zestaw-podstawowy-pistolet-klej\\\/#primaryimage\"},\"image\":{\"@id\":\"https:\\\/\\\/greenowacja.pl\\\/produkt\\\/box-zrob-to-sam-drzewko-20cm-zestaw-podstawowy-pistolet-klej\\\/#primaryimage\"},\"thumbnailUrl\":\"https:\\\/\\\/greenowacja.pl\\\/wp-content\\\/uploads\\\/2024\\\/02\\\/146.jpg\",\"datePublished\":\"2023-03-19T12:54:08+00:00\",\"dateModified\":\"2025-12-16T21:43:32+00:00\",\"description\":\"Zestaw do samodzielnego stworzenia obrazu, drzewa w kole (20cm). Boxy \u201ezr\u00f3b to sam\u201d to mo\u017cliwo\u015b\u0107 zrobienia swoimi r\u0119koma ozdoby z chrobotkiem.\",\"breadcrumb\":{\"@id\":\"https:\\\/\\\/greenowacja.pl\\\/produkt\\\/box-zrob-to-sam-drzewko-20cm-zestaw-podstawowy-pistolet-klej\\\/#breadcrumb\"},\"inLanguage\":\"pl-PL\",\"potentialAction\":[{\"@type\":\"ReadAction\",\"target\":[\"https:\\\/\\\/greenowacja.pl\\\/produkt\\\/box-zrob-to-sam-drzewko-20cm-zestaw-podstawowy-pistolet-klej\\\/\"]}]},{\"@type\":\"ImageObject\",\"inLanguage\":\"pl-PL\",\"@id\":\"https:\\\/\\\/greenowacja.pl\\\/produkt\\\/box-zrob-to-sam-drzewko-20cm-zestaw-podstawowy-pistolet-klej\\\/#primaryimage\",\"url\":\"https:\\\/\\\/greenowacja.pl\\\/wp-content\\\/uploads\\\/2024\\\/02\\\/146.jpg\",\"contentUrl\":\"https:\\\/\\\/greenowacja.pl\\\/wp-content\\\/uploads\\\/2024\\\/02\\\/146.jpg\",\"width\":1000,\"height\":1000},{\"@type\":\"BreadcrumbList\",\"@id\":\"https:\\\/\\\/greenowacja.pl\\\/produkt\\\/box-zrob-to-sam-drzewko-20cm-zestaw-podstawowy-pistolet-klej\\\/#breadcrumb\",\"itemListElement\":[{\"@type\":\"ListItem\",\"position\":1,\"name\":\"Strona g\u0142\u00f3wna\",\"item\":\"https:\\\/\\\/greenowacja.pl\\\/\"},{\"@type\":\"ListItem\",\"position\":2,\"name\":\"Sklep\",\"item\":\"https:\\\/\\\/greenowacja.pl\\\/sklep-z-mchem-chrobotkiem\\\/\"},{\"@type\":\"ListItem\",\"position\":3,\"name\":\"Box zr\u00f3b to sam. Drzewko z mchu 20cm. Zestaw podstawowy + pistolet + klej\"}]},{\"@type\":\"WebSite\",\"@id\":\"https:\\\/\\\/greenowacja.pl\\\/#website\",\"url\":\"https:\\\/\\\/greenowacja.pl\\\/\",\"name\":\"Ozdoby i prezenty z mchu | #u\u015bMECHnij si\u0119!\",\"description\":\"\",\"publisher\":{\"@id\":\"https:\\\/\\\/greenowacja.pl\\\/#organization\"},\"potentialAction\":[{\"@type\":\"SearchAction\",\"target\":{\"@type\":\"EntryPoint\",\"urlTemplate\":\"https:\\\/\\\/greenowacja.pl\\\/?s={search_term_string}\"},\"query-input\":{\"@type\":\"PropertyValueSpecification\",\"valueRequired\":true,\"valueName\":\"search_term_string\"}}],\"inLanguage\":\"pl-PL\"},{\"@type\":\"Organization\",\"@id\":\"https:\\\/\\\/greenowacja.pl\\\/#organization\",\"name\":\"Ozdoby i prezenty z mchu | #u\u015bMECHnij si\u0119!\",\"url\":\"https:\\\/\\\/greenowacja.pl\\\/\",\"logo\":{\"@type\":\"ImageObject\",\"inLanguage\":\"pl-PL\",\"@id\":\"https:\\\/\\\/greenowacja.pl\\\/#\\\/schema\\\/logo\\\/image\\\/\",\"url\":\"https:\\\/\\\/greenowacja.pl\\\/wp-content\\\/uploads\\\/2023\\\/08\\\/Logo-Greenowacja-wer-z-claimem-pozioma-2-kolory_Easy-Resize.com_.jpg\",\"contentUrl\":\"https:\\\/\\\/greenowacja.pl\\\/wp-content\\\/uploads\\\/2023\\\/08\\\/Logo-Greenowacja-wer-z-claimem-pozioma-2-kolory_Easy-Resize.com_.jpg\",\"width\":1280,\"height\":426,\"caption\":\"Ozdoby i prezenty z mchu | #u\u015bMECHnij si\u0119!\"},\"image\":{\"@id\":\"https:\\\/\\\/greenowacja.pl\\\/#\\\/schema\\\/logo\\\/image\\\/\"},\"sameAs\":[\"https:\\\/\\\/www.facebook.com\\\/Greenowacja\",\"https:\\\/\\\/www.instagram.com\\\/greenowacja\\\/\"]}]}<\/script>\n<!-- \/ Yoast SEO plugin. -->","yoast_head_json":{"title":"Box zr\u00f3b to sam. Drzewko z mchu 20cm. Zestaw podstawowy + pistolet + klej - Ozdoby i prezenty z mchu | #u\u015bMECHnij si\u0119!","description":"Zestaw do samodzielnego stworzenia obrazu, drzewa w kole (20cm). Boxy \u201ezr\u00f3b to sam\u201d to mo\u017cliwo\u015b\u0107 zrobienia swoimi r\u0119koma ozdoby z chrobotkiem.","robots":{"index":"index","follow":"follow","max-snippet":"max-snippet:-1","max-image-preview":"max-image-preview:large","max-video-preview":"max-video-preview:-1"},"canonical":"https:\/\/greenowacja.pl\/produkt\/box-zrob-to-sam-drzewko-20cm-zestaw-podstawowy-pistolet-klej\/","og_locale":"pl_PL","og_type":"article","og_title":"Box zr\u00f3b to sam. Drzewko z mchu 20cm. Zestaw podstawowy + pistolet + klej - Ozdoby i prezenty z mchu | #u\u015bMECHnij si\u0119!","og_description":"Zestaw do samodzielnego stworzenia obrazu, drzewa w kole (20cm). Boxy \u201ezr\u00f3b to sam\u201d to mo\u017cliwo\u015b\u0107 zrobienia swoimi r\u0119koma ozdoby z chrobotkiem.","og_url":"https:\/\/greenowacja.pl\/produkt\/box-zrob-to-sam-drzewko-20cm-zestaw-podstawowy-pistolet-klej\/","og_site_name":"Ozdoby i prezenty z mchu | #u\u015bMECHnij si\u0119!","article_publisher":"https:\/\/www.facebook.com\/Greenowacja","article_modified_time":"2025-12-16T21:43:32+00:00","og_image":[{"width":1000,"height":1000,"url":"https:\/\/greenowacja.pl\/wp-content\/uploads\/2024\/02\/146.jpg","type":"image\/jpeg"}],"twitter_card":"summary_large_image","twitter_misc":{"Szacowany czas czytania":"2 minuty"},"schema":{"@context":"https:\/\/schema.org","@graph":[{"@type":"WebPage","@id":"https:\/\/greenowacja.pl\/produkt\/box-zrob-to-sam-drzewko-20cm-zestaw-podstawowy-pistolet-klej\/","url":"https:\/\/greenowacja.pl\/produkt\/box-zrob-to-sam-drzewko-20cm-zestaw-podstawowy-pistolet-klej\/","name":"Box zr\u00f3b to sam. Drzewko z mchu 20cm. Zestaw podstawowy + pistolet + klej - Ozdoby i prezenty z mchu | #u\u015bMECHnij si\u0119!","isPartOf":{"@id":"https:\/\/greenowacja.pl\/#website"},"primaryImageOfPage":{"@id":"https:\/\/greenowacja.pl\/produkt\/box-zrob-to-sam-drzewko-20cm-zestaw-podstawowy-pistolet-klej\/#primaryimage"},"image":{"@id":"https:\/\/greenowacja.pl\/produkt\/box-zrob-to-sam-drzewko-20cm-zestaw-podstawowy-pistolet-klej\/#primaryimage"},"thumbnailUrl":"https:\/\/greenowacja.pl\/wp-content\/uploads\/2024\/02\/146.jpg","datePublished":"2023-03-19T12:54:08+00:00","dateModified":"2025-12-16T21:43:32+00:00","description":"Zestaw do samodzielnego stworzenia obrazu, drzewa w kole (20cm). Boxy \u201ezr\u00f3b to sam\u201d to mo\u017cliwo\u015b\u0107 zrobienia swoimi r\u0119koma ozdoby z chrobotkiem.","breadcrumb":{"@id":"https:\/\/greenowacja.pl\/produkt\/box-zrob-to-sam-drzewko-20cm-zestaw-podstawowy-pistolet-klej\/#breadcrumb"},"inLanguage":"pl-PL","potentialAction":[{"@type":"ReadAction","target":["https:\/\/greenowacja.pl\/produkt\/box-zrob-to-sam-drzewko-20cm-zestaw-podstawowy-pistolet-klej\/"]}]},{"@type":"ImageObject","inLanguage":"pl-PL","@id":"https:\/\/greenowacja.pl\/produkt\/box-zrob-to-sam-drzewko-20cm-zestaw-podstawowy-pistolet-klej\/#primaryimage","url":"https:\/\/greenowacja.pl\/wp-content\/uploads\/2024\/02\/146.jpg","contentUrl":"https:\/\/greenowacja.pl\/wp-content\/uploads\/2024\/02\/146.jpg","width":1000,"height":1000},{"@type":"BreadcrumbList","@id":"https:\/\/greenowacja.pl\/produkt\/box-zrob-to-sam-drzewko-20cm-zestaw-podstawowy-pistolet-klej\/#breadcrumb","itemListElement":[{"@type":"ListItem","position":1,"name":"Strona g\u0142\u00f3wna","item":"https:\/\/greenowacja.pl\/"},{"@type":"ListItem","position":2,"name":"Sklep","item":"https:\/\/greenowacja.pl\/sklep-z-mchem-chrobotkiem\/"},{"@type":"ListItem","position":3,"name":"Box zr\u00f3b to sam. Drzewko z mchu 20cm. Zestaw podstawowy + pistolet + klej"}]},{"@type":"WebSite","@id":"https:\/\/greenowacja.pl\/#website","url":"https:\/\/greenowacja.pl\/","name":"Ozdoby i prezenty z mchu | #u\u015bMECHnij si\u0119!","description":"","publisher":{"@id":"https:\/\/greenowacja.pl\/#organization"},"potentialAction":[{"@type":"SearchAction","target":{"@type":"EntryPoint","urlTemplate":"https:\/\/greenowacja.pl\/?s={search_term_string}"},"query-input":{"@type":"PropertyValueSpecification","valueRequired":true,"valueName":"search_term_string"}}],"inLanguage":"pl-PL"},{"@type":"Organization","@id":"https:\/\/greenowacja.pl\/#organization","name":"Ozdoby i prezenty z mchu | #u\u015bMECHnij si\u0119!","url":"https:\/\/greenowacja.pl\/","logo":{"@type":"ImageObject","inLanguage":"pl-PL","@id":"https:\/\/greenowacja.pl\/#\/schema\/logo\/image\/","url":"https:\/\/greenowacja.pl\/wp-content\/uploads\/2023\/08\/Logo-Greenowacja-wer-z-claimem-pozioma-2-kolory_Easy-Resize.com_.jpg","contentUrl":"https:\/\/greenowacja.pl\/wp-content\/uploads\/2023\/08\/Logo-Greenowacja-wer-z-claimem-pozioma-2-kolory_Easy-Resize.com_.jpg","width":1280,"height":426,"caption":"Ozdoby i prezenty z mchu | #u\u015bMECHnij si\u0119!"},"image":{"@id":"https:\/\/greenowacja.pl\/#\/schema\/logo\/image\/"},"sameAs":["https:\/\/www.facebook.com\/Greenowacja","https:\/\/www.instagram.com\/greenowacja\/"]}]}},"_links":{"self":[{"href":"https:\/\/greenowacja.pl\/wp-json\/wp\/v2\/product\/1374","targetHints":{"allow":["GET"]}}],"collection":[{"href":"https:\/\/greenowacja.pl\/wp-json\/wp\/v2\/product"}],"about":[{"href":"https:\/\/greenowacja.pl\/wp-json\/wp\/v2\/types\/product"}],"wp:featuredmedia":[{"embeddable":true,"href":"https:\/\/greenowacja.pl\/wp-json\/wp\/v2\/media\/4708"}],"wp:attachment":[{"href":"https:\/\/greenowacja.pl\/wp-json\/wp\/v2\/media?parent=1374"}],"wp:term":[{"taxonomy":"product_brand","embeddable":true,"href":"https:\/\/greenowacja.pl\/wp-json\/wp\/v2\/product_brand?post=1374"},{"taxonomy":"product_cat","embeddable":true,"href":"https:\/\/greenowacja.pl\/wp-json\/wp\/v2\/product_cat?post=1374"},{"taxonomy":"product_tag","embeddable":true,"href":"https:\/\/greenowacja.pl\/wp-json\/wp\/v2\/product_tag?post=1374"}],"curies":[{"name":"wp","href":"https:\/\/api.w.org\/{rel}","templated":true}]}}