{"id":15377,"date":"2024-12-30T15:31:55","date_gmt":"2024-12-30T14:31:55","guid":{"rendered":"https:\/\/greenowacja.pl\/?post_type=product&#038;p=15377"},"modified":"2026-01-10T12:36:04","modified_gmt":"2026-01-10T11:36:04","slug":"drzewko-bonsai-dla-dziadkow-personalizacja-imion-wnukow","status":"publish","type":"product","link":"https:\/\/greenowacja.pl\/produkt\/drzewko-bonsai-dla-dziadkow-personalizacja-imion-wnukow\/","title":{"rendered":"Drzewko bonsai dla dziadk\u00f3w &#8211; personalizacja imion wnuk\u00f3w"},"content":{"rendered":"<div class=\"product-description\">\n<h2>\ud83c\udf33 <strong>Drzewo z personalizacj\u0105 \u2013 unikalny prezent<\/strong> \ud83c\udf33<\/h2>\n<p>Wyj\u0105tkowy obraz w kszta\u0142cie drzewa z personalizacj\u0105 imion na laserowo wycinanych i grawerowanych ptaszkach.<br \/>\nNa koronie drzewa widnieje napis do wyboru: <em>\u201eDla Kochanych Dziadk\u00f3w\u201d<\/em>, <em>\u201eDla Kochanej Babci\u201d<\/em> lub <em>\u201eDla Kochanego Dziadka\u201d<\/em>.<br \/>\nKa\u017cdy ptaszek przyklejamy do ga\u0142\u0119zi, tworz\u0105c unikaln\u0105 dekoracj\u0119.<\/p>\n<p>Do stworzenia naszego r\u0119kodzie\u0142a u\u017cywamy chrobotka reniferowego, pochodz\u0105cego g\u0142\u00f3wnie ze Skandynawii, kt\u00f3ry zosta\u0142 poddany procesowi stabilizacji.<br \/>\nDzi\u0119ki temu chrobotek nie ro\u015bnie, ale zachowuje pi\u0119kno nawet przez 8\u201310 lat.<\/p>\n<h3>\ud83c\udf3f <strong>Cechy i w\u0142a\u015bciwo\u015bci chrobotka:<\/strong><\/h3>\n<ul>\n<li>\u2714\ufe0f Stabilizacja mchu to proces podobny do hibernacji \u2013 mech nie jest \u017cywy, ale wygl\u0105da jak naturalny.<\/li>\n<li>\u2714\ufe0f Jest hipoalergiczny i nie wydziela substancji szkodliwych.<\/li>\n<li>\u2714\ufe0f Produkty z chrobotka s\u0105 trwa\u0142e i \u0142atwe w piel\u0119gnacji.<\/li>\n<\/ul>\n<h3>\ud83c\udf31 <strong>Wskaz\u00f3wki dotycz\u0105ce piel\u0119gnacji:<\/strong><\/h3>\n<ul>\n<li>\u2714\ufe0f Nie podlewaj ani nie zraszaj chrobotka.<\/li>\n<li>\u2714\ufe0f Chrobotek preferuje wilgotno\u015b\u0107 powietrza 40\u201360%. Je\u015bli stanie si\u0119 szorstki, przenie\u015b dekoracj\u0119 na kilka dni do \u0142azienki.<\/li>\n<li>\u2714\ufe0f Trzymaj go z dala od \u017ar\u00f3de\u0142 ciep\u0142a i \u015bwiat\u0142a.<\/li>\n<li>\u2714\ufe0f Kurz usu\u0144 delikatnie za pomoc\u0105 rolki do czyszczenia odzie\u017cy.<\/li>\n<\/ul>\n<p>Do ka\u017cdego zam\u00f3wienia do\u0142\u0105czamy instrukcj\u0119 z wytycznymi dotycz\u0105cymi piel\u0119gnacji ozd\u00f3b z chrobotka.<\/p>\n<h3>\ud83d\udc9a <strong>Dane techniczne:<\/strong><\/h3>\n<ul>\n<li>\ud83d\udccf Wysoko\u015b\u0107: 40 cm<\/li>\n<li>\ud83d\udccf Szeroko\u015b\u0107: 33 cm<\/li>\n<li>\ud83d\udccf Materia\u0142 podk\u0142adu: p\u0142yta pil\u015bniowa (HDF)<\/li>\n<li>\u2714\ufe0f Z ty\u0142u obrazu znajduje si\u0119 otw\u00f3r umo\u017cliwiaj\u0105cy zawieszenie.<\/li>\n<\/ul>\n<h3>\ud83c\udf1f <strong>Personalizacja:<\/strong><\/h3>\n<p>Na ptaszkach wygrawerujemy imiona, kt\u00f3re wska\u017c\u0105 Pa\u0144stwo w polu <strong>\u201eUwagi do zam\u00f3wienia\u201d<\/strong>.<br \/>\nKa\u017cdy produkt z chrobotka jest unikalny \u2013 r\u00f3\u017cni si\u0119 wielko\u015bci\u0105, struktur\u0105 i faktur\u0105.<\/p>\n<p><strong>Czas realizacji zam\u00f3wienia:<\/strong> oko\u0142o 5 dni roboczych.<br \/>\nJe\u015bli zale\u017cy Pa\u0144stwu na szybszej realizacji, prosimy o kontakt telefoniczny.<\/p>\n<\/div>\n<p>&nbsp;<\/p>\n<div style=\"padding: 10px; background-color: #f9f9f9; border: 1px solid #ddd; border-radius: 5px; margin-top: 20px;\">\n<p>&nbsp;<\/p>\n<div style=\"padding: 10px; background-color: #f9f9f9; border: 1px solid #ddd; border-radius: 5px; margin-top: 20px;\">\n<h1>Dodaj personalizowane \u017cyczenia do prezentu!<\/h1>\n<h3><\/h3>\n<p>Chcesz, aby Tw\u00f3j prezent by\u0142 jeszcze bardziej wyj\u0105tkowy? <strong>Dodaj elegancki bilecik z \u017cyczeniami<\/strong>, kt\u00f3re samodzielnie napiszesz, a my je dla Ciebie wydrukujemy!<\/p>\n<hr \/>\n<h3><strong>Jak skorzysta\u0107 z us\u0142ugi?<\/strong><\/h3>\n<ol>\n<li>Dodaj &#8222;\u017byczenia dla Dziadk\u00f3w&#8221; do koszyka.<\/li>\n<li>W polu \u201eUwagi do zam\u00f3wienia\u201d podczas finalizacji podaj tre\u015b\u0107 \u017cycze\u0144.<\/li>\n<li>My zajmiemy si\u0119 reszt\u0105 \u2013 Twoje \u017cyczenia trafi\u0105 razem z prezentem do dziadk\u00f3w.<\/li>\n<\/ol>\n<hr \/>\n<p>\ud83d\udc8c <strong>Koszt:<\/strong> 10 z\u0142 za jeden bilecik z \u017cyczeniami.<\/p>\n<p>&nbsp;<\/p>\n<p><strong><a style=\"background-color: #2c7a7b; color: #fff; padding: 8px 16px; border-radius: 5px; border: none; font-size: 14px; cursor: pointer; text-decoration: none; display: inline-block; text-align: center;\" href=\"https:\/\/greenowacja.pl\/produkt\/personalizowane-zyczenia-dla-dziadkow\/\">Dodaj \u017byczenia dla Dziadk\u00f3w<\/a><\/strong><\/p>\n<\/div>\n<\/div>\n<div style=\"padding: 10px; background-color: #f9f9f9; border: 1px solid #ddd; border-radius: 5px; margin-top: 20px;\">\n<h1>Dodatkowa dostawa &#8211; wygoda w jednym zam\u00f3wieniu!<\/h1>\n<p>&nbsp;<\/p>\n<p><strong>Wysy\u0142ka pod wiele adres\u00f3w \u2013 prosto do domu Dziadk\u00f3w<\/strong><\/p>\n<p>Nie zawsze mamy mo\u017cliwo\u015b\u0107 osobi\u015bcie odwiedzi\u0107 naszych kochanych Dziadk\u00f3w, dlatego zadbali\u015bmy o to, by mogli otrzyma\u0107 wyj\u0105tkowe prezenty prosto do swojego domu. <strong>Us\u0142uga dodatkowej dostawy<\/strong> umo\u017cliwia wysy\u0142k\u0119 pod r\u00f3\u017cne adresy. To idealne rozwi\u0105zanie, je\u015bli chcesz obdarowa\u0107 kilka rodzin jednocze\u015bnie.<\/p>\n<p>Je\u015bli planujesz wys\u0142a\u0107 prezent pod jeden adres, wystarczy, \u017ce podasz adres dostawy dziadk\u00f3w podczas sk\u0142adania zam\u00f3wienia \u2013 my zajmiemy si\u0119 reszt\u0105!<\/p>\n<p>Je\u015bli planujesz wys\u0142a\u0107 prezenty pod wi\u0119cej ni\u017c jeden adres, skorzystaj z <strong>us\u0142ugi dodatkowej dostawy<\/strong>.<\/p>\n<hr \/>\n<h3>\ud83d\udc8c <strong>Koszt: 15 z\u0142 za ka\u017cdy dodatkowy adres.<\/strong><\/h3>\n<p>To wygodniejsze i ta\u0144sze ni\u017c sk\u0142adanie kilku osobnych zam\u00f3wie\u0144!<\/p>\n<hr \/>\n<h3><strong>Jak skorzysta\u0107 z us\u0142ugi?<\/strong><\/h3>\n<ol>\n<li>Dodaj t\u0119 us\u0142ug\u0119 do koszyka tyle razy, ile masz dodatkowych adres\u00f3w.<\/li>\n<li>W polu \u201eUwagi do zam\u00f3wienia\u201d podaj adresy, na kt\u00f3re mamy wys\u0142a\u0107 prezenty.<\/li>\n<li>My zajmiemy si\u0119 reszt\u0105 \u2013 dostarczymy rado\u015b\u0107 prosto do Dziadk\u00f3w!<\/li>\n<\/ol>\n<hr \/>\n<h3><strong>Zalety:<\/strong><\/h3>\n<ul>\n<li>Nie musisz przechodzi\u0107 przez proces zam\u00f3wienia i p\u0142atno\u015bci kilkukrotnie \u2013 wystarczy jedno zam\u00f3wienie!<\/li>\n<li>Oszcz\u0119dzasz czas i unikasz dodatkowych formalno\u015bci.<\/li>\n<li>Koszt dodatkowej dostawy: tylko <strong>15 z\u0142 za ka\u017cdy dodatkowy adres<\/strong>.<\/li>\n<li>To ta\u0144sze i wygodniejsze ni\u017c osobne przesy\u0142ki.<\/li>\n<li>Twoi bliscy otrzymaj\u0105 prezenty szybko i sprawnie, nawet je\u015bli Ty nie mo\u017cesz by\u0107 tam osobi\u015bcie.<\/li>\n<\/ul>\n<p><a style=\"background-color: #2c7a7b; color: #fff; padding: 10px 20px; border-radius: 5px; border: none; font-size: 16px; cursor: pointer; text-decoration: none; display: inline-block; text-align: center;\" href=\"https:\/\/greenowacja.pl\/produkt\/usluga-wysylki-do-dziadkow\/\"><strong>Dodaj Dostaw\u0119 do<\/strong> <strong>Dziadk\u00f3w<\/strong><br \/>\n<\/a><\/p>\n<\/div>\n","protected":false},"excerpt":{"rendered":"<p>Drzewa to \u015bwietna propozycja dla os\u00f3b, kt\u00f3re szukaj\u0105 ciekawego elementu do aran\u017cacji swojego mieszkania, biura lub gabinetu. Nasze obrazy zdobione chrobotkiem reniferowym s\u0105 naturalne i z pewno\u015bci\u0105 zrobi\u0105 wra\u017cenie na go\u015bciach lub klientach. To drzewo \u015bwietnie sprawdzi si\u0119 jako podzi\u0119kowania od grupy. Ptaki na koronie drzew mog\u0105 zosta\u0107 spersonalizowane.<\/p>\n","protected":false},"featured_media":15379,"template":"","meta":{"site-sidebar-layout":"default","site-content-layout":"default","ast-site-content-layout":"default","site-content-style":"default","site-sidebar-style":"default","ast-global-header-display":"","ast-banner-title-visibility":"","ast-main-header-display":"","ast-hfb-above-header-display":"","ast-hfb-below-header-display":"","ast-hfb-mobile-header-display":"","site-post-title":"","ast-breadcrumbs-content":"","ast-featured-img":"","footer-sml-layout":"","theme-transparent-header-meta":"default","adv-header-id-meta":"","stick-header-meta":"","header-above-stick-meta":"","header-main-stick-meta":"","header-below-stick-meta":"","astra-migrate-meta-layouts":"set","ast-page-background-enabled":"default","ast-page-background-meta":{"desktop":{"background-color":"","background-image":"","background-repeat":"repeat","background-position":"center center","background-size":"auto","background-attachment":"scroll","background-type":"","background-media":"","overlay-type":"","overlay-color":"","overlay-opacity":"","overlay-gradient":""},"tablet":{"background-color":"","background-image":"","background-repeat":"repeat","background-position":"center center","background-size":"auto","background-attachment":"scroll","background-type":"","background-media":"","overlay-type":"","overlay-color":"","overlay-opacity":"","overlay-gradient":""},"mobile":{"background-color":"","background-image":"","background-repeat":"repeat","background-position":"center center","background-size":"auto","background-attachment":"scroll","background-type":"","background-media":"","overlay-type":"","overlay-color":"","overlay-opacity":"","overlay-gradient":""}},"ast-content-background-meta":{"desktop":{"background-color":"var(--ast-global-color-5)","background-image":"","background-repeat":"repeat","background-position":"center center","background-size":"auto","background-attachment":"scroll","background-type":"","background-media":"","overlay-type":"","overlay-color":"","overlay-opacity":"","overlay-gradient":""},"tablet":{"background-color":"var(--ast-global-color-5)","background-image":"","background-repeat":"repeat","background-position":"center center","background-size":"auto","background-attachment":"scroll","background-type":"","background-media":"","overlay-type":"","overlay-color":"","overlay-opacity":"","overlay-gradient":""},"mobile":{"background-color":"var(--ast-global-color-5)","background-image":"","background-repeat":"repeat","background-position":"center center","background-size":"auto","background-attachment":"scroll","background-type":"","background-media":"","overlay-type":"","overlay-color":"","overlay-opacity":"","overlay-gradient":""}}},"product_brand":[],"product_cat":[87],"product_tag":[],"class_list":{"0":"post-15377","1":"product","2":"type-product","3":"status-publish","4":"has-post-thumbnail","6":"product_cat-dla-babci-i-dziadka","7":"desktop-align-left","8":"tablet-align-left","9":"mobile-align-left","11":"first","12":"instock","13":"taxable","14":"shipping-taxable","15":"purchasable","16":"product-type-simple"},"yoast_head":"<!-- This site is optimized with the Yoast SEO plugin v27.4 - https:\/\/yoast.com\/product\/yoast-seo-wordpress\/ -->\n<title>Drzewko bonsai dla dziadk\u00f3w - personalizacja imion wnuk\u00f3w - Ozdoby i prezenty z mchu | #u\u015bMECHnij si\u0119!<\/title>\n<meta name=\"description\" content=\"Drzewo bonsai \u015bwietnie sprawdzi si\u0119 jako upominek od grupy. Istnieje mo\u017cliwo\u015b\u0107 spersonalizowania ptak\u00f3w na koronie drzewa.\" \/>\n<meta name=\"robots\" content=\"index, follow, max-snippet:-1, max-image-preview:large, max-video-preview:-1\" \/>\n<link rel=\"canonical\" href=\"https:\/\/greenowacja.pl\/produkt\/drzewko-bonsai-dla-dziadkow-personalizacja-imion-wnukow\/\" \/>\n<meta property=\"og:locale\" content=\"pl_PL\" \/>\n<meta property=\"og:type\" content=\"article\" \/>\n<meta property=\"og:title\" content=\"Drzewko bonsai dla dziadk\u00f3w - personalizacja imion wnuk\u00f3w - Ozdoby i prezenty z mchu | #u\u015bMECHnij si\u0119!\" \/>\n<meta property=\"og:description\" content=\"Drzewo bonsai \u015bwietnie sprawdzi si\u0119 jako upominek od grupy. Istnieje mo\u017cliwo\u015b\u0107 spersonalizowania ptak\u00f3w na koronie drzewa.\" \/>\n<meta property=\"og:url\" content=\"https:\/\/greenowacja.pl\/produkt\/drzewko-bonsai-dla-dziadkow-personalizacja-imion-wnukow\/\" \/>\n<meta property=\"og:site_name\" content=\"Ozdoby i prezenty z mchu | #u\u015bMECHnij si\u0119!\" \/>\n<meta property=\"article:publisher\" content=\"https:\/\/www.facebook.com\/Greenowacja\" \/>\n<meta property=\"article:modified_time\" content=\"2026-01-10T11:36:04+00:00\" \/>\n<meta property=\"og:image\" content=\"https:\/\/greenowacja.pl\/wp-content\/uploads\/2024\/12\/IMG20241230103720.jpg\" \/>\n\t<meta property=\"og:image:width\" content=\"1000\" \/>\n\t<meta property=\"og:image:height\" content=\"1000\" \/>\n\t<meta property=\"og:image:type\" content=\"image\/jpeg\" \/>\n<meta name=\"twitter:card\" content=\"summary_large_image\" \/>\n<meta name=\"twitter:label1\" content=\"Szacowany czas czytania\" \/>\n\t<meta name=\"twitter:data1\" content=\"2 minuty\" \/>\n<script type=\"application\/ld+json\" class=\"yoast-schema-graph\">{\"@context\":\"https:\\\/\\\/schema.org\",\"@graph\":[{\"@type\":\"WebPage\",\"@id\":\"https:\\\/\\\/greenowacja.pl\\\/produkt\\\/drzewko-bonsai-dla-dziadkow-personalizacja-imion-wnukow\\\/\",\"url\":\"https:\\\/\\\/greenowacja.pl\\\/produkt\\\/drzewko-bonsai-dla-dziadkow-personalizacja-imion-wnukow\\\/\",\"name\":\"Drzewko bonsai dla dziadk\u00f3w - personalizacja imion wnuk\u00f3w - Ozdoby i prezenty z mchu | #u\u015bMECHnij si\u0119!\",\"isPartOf\":{\"@id\":\"https:\\\/\\\/greenowacja.pl\\\/#website\"},\"primaryImageOfPage\":{\"@id\":\"https:\\\/\\\/greenowacja.pl\\\/produkt\\\/drzewko-bonsai-dla-dziadkow-personalizacja-imion-wnukow\\\/#primaryimage\"},\"image\":{\"@id\":\"https:\\\/\\\/greenowacja.pl\\\/produkt\\\/drzewko-bonsai-dla-dziadkow-personalizacja-imion-wnukow\\\/#primaryimage\"},\"thumbnailUrl\":\"https:\\\/\\\/greenowacja.pl\\\/wp-content\\\/uploads\\\/2024\\\/12\\\/IMG20241230103720.jpg\",\"datePublished\":\"2024-12-30T14:31:55+00:00\",\"dateModified\":\"2026-01-10T11:36:04+00:00\",\"description\":\"Drzewo bonsai \u015bwietnie sprawdzi si\u0119 jako upominek od grupy. Istnieje mo\u017cliwo\u015b\u0107 spersonalizowania ptak\u00f3w na koronie drzewa.\",\"breadcrumb\":{\"@id\":\"https:\\\/\\\/greenowacja.pl\\\/produkt\\\/drzewko-bonsai-dla-dziadkow-personalizacja-imion-wnukow\\\/#breadcrumb\"},\"inLanguage\":\"pl-PL\",\"potentialAction\":[{\"@type\":\"ReadAction\",\"target\":[\"https:\\\/\\\/greenowacja.pl\\\/produkt\\\/drzewko-bonsai-dla-dziadkow-personalizacja-imion-wnukow\\\/\"]}]},{\"@type\":\"ImageObject\",\"inLanguage\":\"pl-PL\",\"@id\":\"https:\\\/\\\/greenowacja.pl\\\/produkt\\\/drzewko-bonsai-dla-dziadkow-personalizacja-imion-wnukow\\\/#primaryimage\",\"url\":\"https:\\\/\\\/greenowacja.pl\\\/wp-content\\\/uploads\\\/2024\\\/12\\\/IMG20241230103720.jpg\",\"contentUrl\":\"https:\\\/\\\/greenowacja.pl\\\/wp-content\\\/uploads\\\/2024\\\/12\\\/IMG20241230103720.jpg\",\"width\":1000,\"height\":1000},{\"@type\":\"BreadcrumbList\",\"@id\":\"https:\\\/\\\/greenowacja.pl\\\/produkt\\\/drzewko-bonsai-dla-dziadkow-personalizacja-imion-wnukow\\\/#breadcrumb\",\"itemListElement\":[{\"@type\":\"ListItem\",\"position\":1,\"name\":\"Strona g\u0142\u00f3wna\",\"item\":\"https:\\\/\\\/greenowacja.pl\\\/\"},{\"@type\":\"ListItem\",\"position\":2,\"name\":\"Sklep\",\"item\":\"https:\\\/\\\/greenowacja.pl\\\/sklep-z-mchem-chrobotkiem\\\/\"},{\"@type\":\"ListItem\",\"position\":3,\"name\":\"Drzewko bonsai dla dziadk\u00f3w &#8211; personalizacja imion wnuk\u00f3w\"}]},{\"@type\":\"WebSite\",\"@id\":\"https:\\\/\\\/greenowacja.pl\\\/#website\",\"url\":\"https:\\\/\\\/greenowacja.pl\\\/\",\"name\":\"Ozdoby i prezenty z mchu | #u\u015bMECHnij si\u0119!\",\"description\":\"\",\"publisher\":{\"@id\":\"https:\\\/\\\/greenowacja.pl\\\/#organization\"},\"potentialAction\":[{\"@type\":\"SearchAction\",\"target\":{\"@type\":\"EntryPoint\",\"urlTemplate\":\"https:\\\/\\\/greenowacja.pl\\\/?s={search_term_string}\"},\"query-input\":{\"@type\":\"PropertyValueSpecification\",\"valueRequired\":true,\"valueName\":\"search_term_string\"}}],\"inLanguage\":\"pl-PL\"},{\"@type\":\"Organization\",\"@id\":\"https:\\\/\\\/greenowacja.pl\\\/#organization\",\"name\":\"Ozdoby i prezenty z mchu | #u\u015bMECHnij si\u0119!\",\"url\":\"https:\\\/\\\/greenowacja.pl\\\/\",\"logo\":{\"@type\":\"ImageObject\",\"inLanguage\":\"pl-PL\",\"@id\":\"https:\\\/\\\/greenowacja.pl\\\/#\\\/schema\\\/logo\\\/image\\\/\",\"url\":\"https:\\\/\\\/greenowacja.pl\\\/wp-content\\\/uploads\\\/2023\\\/08\\\/Logo-Greenowacja-wer-z-claimem-pozioma-2-kolory_Easy-Resize.com_.jpg\",\"contentUrl\":\"https:\\\/\\\/greenowacja.pl\\\/wp-content\\\/uploads\\\/2023\\\/08\\\/Logo-Greenowacja-wer-z-claimem-pozioma-2-kolory_Easy-Resize.com_.jpg\",\"width\":1280,\"height\":426,\"caption\":\"Ozdoby i prezenty z mchu | #u\u015bMECHnij si\u0119!\"},\"image\":{\"@id\":\"https:\\\/\\\/greenowacja.pl\\\/#\\\/schema\\\/logo\\\/image\\\/\"},\"sameAs\":[\"https:\\\/\\\/www.facebook.com\\\/Greenowacja\",\"https:\\\/\\\/www.instagram.com\\\/greenowacja\\\/\"]}]}<\/script>\n<!-- \/ Yoast SEO plugin. -->","yoast_head_json":{"title":"Drzewko bonsai dla dziadk\u00f3w - personalizacja imion wnuk\u00f3w - Ozdoby i prezenty z mchu | #u\u015bMECHnij si\u0119!","description":"Drzewo bonsai \u015bwietnie sprawdzi si\u0119 jako upominek od grupy. Istnieje mo\u017cliwo\u015b\u0107 spersonalizowania ptak\u00f3w na koronie drzewa.","robots":{"index":"index","follow":"follow","max-snippet":"max-snippet:-1","max-image-preview":"max-image-preview:large","max-video-preview":"max-video-preview:-1"},"canonical":"https:\/\/greenowacja.pl\/produkt\/drzewko-bonsai-dla-dziadkow-personalizacja-imion-wnukow\/","og_locale":"pl_PL","og_type":"article","og_title":"Drzewko bonsai dla dziadk\u00f3w - personalizacja imion wnuk\u00f3w - Ozdoby i prezenty z mchu | #u\u015bMECHnij si\u0119!","og_description":"Drzewo bonsai \u015bwietnie sprawdzi si\u0119 jako upominek od grupy. Istnieje mo\u017cliwo\u015b\u0107 spersonalizowania ptak\u00f3w na koronie drzewa.","og_url":"https:\/\/greenowacja.pl\/produkt\/drzewko-bonsai-dla-dziadkow-personalizacja-imion-wnukow\/","og_site_name":"Ozdoby i prezenty z mchu | #u\u015bMECHnij si\u0119!","article_publisher":"https:\/\/www.facebook.com\/Greenowacja","article_modified_time":"2026-01-10T11:36:04+00:00","og_image":[{"width":1000,"height":1000,"url":"https:\/\/greenowacja.pl\/wp-content\/uploads\/2024\/12\/IMG20241230103720.jpg","type":"image\/jpeg"}],"twitter_card":"summary_large_image","twitter_misc":{"Szacowany czas czytania":"2 minuty"},"schema":{"@context":"https:\/\/schema.org","@graph":[{"@type":"WebPage","@id":"https:\/\/greenowacja.pl\/produkt\/drzewko-bonsai-dla-dziadkow-personalizacja-imion-wnukow\/","url":"https:\/\/greenowacja.pl\/produkt\/drzewko-bonsai-dla-dziadkow-personalizacja-imion-wnukow\/","name":"Drzewko bonsai dla dziadk\u00f3w - personalizacja imion wnuk\u00f3w - Ozdoby i prezenty z mchu | #u\u015bMECHnij si\u0119!","isPartOf":{"@id":"https:\/\/greenowacja.pl\/#website"},"primaryImageOfPage":{"@id":"https:\/\/greenowacja.pl\/produkt\/drzewko-bonsai-dla-dziadkow-personalizacja-imion-wnukow\/#primaryimage"},"image":{"@id":"https:\/\/greenowacja.pl\/produkt\/drzewko-bonsai-dla-dziadkow-personalizacja-imion-wnukow\/#primaryimage"},"thumbnailUrl":"https:\/\/greenowacja.pl\/wp-content\/uploads\/2024\/12\/IMG20241230103720.jpg","datePublished":"2024-12-30T14:31:55+00:00","dateModified":"2026-01-10T11:36:04+00:00","description":"Drzewo bonsai \u015bwietnie sprawdzi si\u0119 jako upominek od grupy. Istnieje mo\u017cliwo\u015b\u0107 spersonalizowania ptak\u00f3w na koronie drzewa.","breadcrumb":{"@id":"https:\/\/greenowacja.pl\/produkt\/drzewko-bonsai-dla-dziadkow-personalizacja-imion-wnukow\/#breadcrumb"},"inLanguage":"pl-PL","potentialAction":[{"@type":"ReadAction","target":["https:\/\/greenowacja.pl\/produkt\/drzewko-bonsai-dla-dziadkow-personalizacja-imion-wnukow\/"]}]},{"@type":"ImageObject","inLanguage":"pl-PL","@id":"https:\/\/greenowacja.pl\/produkt\/drzewko-bonsai-dla-dziadkow-personalizacja-imion-wnukow\/#primaryimage","url":"https:\/\/greenowacja.pl\/wp-content\/uploads\/2024\/12\/IMG20241230103720.jpg","contentUrl":"https:\/\/greenowacja.pl\/wp-content\/uploads\/2024\/12\/IMG20241230103720.jpg","width":1000,"height":1000},{"@type":"BreadcrumbList","@id":"https:\/\/greenowacja.pl\/produkt\/drzewko-bonsai-dla-dziadkow-personalizacja-imion-wnukow\/#breadcrumb","itemListElement":[{"@type":"ListItem","position":1,"name":"Strona g\u0142\u00f3wna","item":"https:\/\/greenowacja.pl\/"},{"@type":"ListItem","position":2,"name":"Sklep","item":"https:\/\/greenowacja.pl\/sklep-z-mchem-chrobotkiem\/"},{"@type":"ListItem","position":3,"name":"Drzewko bonsai dla dziadk\u00f3w &#8211; personalizacja imion wnuk\u00f3w"}]},{"@type":"WebSite","@id":"https:\/\/greenowacja.pl\/#website","url":"https:\/\/greenowacja.pl\/","name":"Ozdoby i prezenty z mchu | #u\u015bMECHnij si\u0119!","description":"","publisher":{"@id":"https:\/\/greenowacja.pl\/#organization"},"potentialAction":[{"@type":"SearchAction","target":{"@type":"EntryPoint","urlTemplate":"https:\/\/greenowacja.pl\/?s={search_term_string}"},"query-input":{"@type":"PropertyValueSpecification","valueRequired":true,"valueName":"search_term_string"}}],"inLanguage":"pl-PL"},{"@type":"Organization","@id":"https:\/\/greenowacja.pl\/#organization","name":"Ozdoby i prezenty z mchu | #u\u015bMECHnij si\u0119!","url":"https:\/\/greenowacja.pl\/","logo":{"@type":"ImageObject","inLanguage":"pl-PL","@id":"https:\/\/greenowacja.pl\/#\/schema\/logo\/image\/","url":"https:\/\/greenowacja.pl\/wp-content\/uploads\/2023\/08\/Logo-Greenowacja-wer-z-claimem-pozioma-2-kolory_Easy-Resize.com_.jpg","contentUrl":"https:\/\/greenowacja.pl\/wp-content\/uploads\/2023\/08\/Logo-Greenowacja-wer-z-claimem-pozioma-2-kolory_Easy-Resize.com_.jpg","width":1280,"height":426,"caption":"Ozdoby i prezenty z mchu | #u\u015bMECHnij si\u0119!"},"image":{"@id":"https:\/\/greenowacja.pl\/#\/schema\/logo\/image\/"},"sameAs":["https:\/\/www.facebook.com\/Greenowacja","https:\/\/www.instagram.com\/greenowacja\/"]}]}},"_links":{"self":[{"href":"https:\/\/greenowacja.pl\/wp-json\/wp\/v2\/product\/15377","targetHints":{"allow":["GET"]}}],"collection":[{"href":"https:\/\/greenowacja.pl\/wp-json\/wp\/v2\/product"}],"about":[{"href":"https:\/\/greenowacja.pl\/wp-json\/wp\/v2\/types\/product"}],"wp:featuredmedia":[{"embeddable":true,"href":"https:\/\/greenowacja.pl\/wp-json\/wp\/v2\/media\/15379"}],"wp:attachment":[{"href":"https:\/\/greenowacja.pl\/wp-json\/wp\/v2\/media?parent=15377"}],"wp:term":[{"taxonomy":"product_brand","embeddable":true,"href":"https:\/\/greenowacja.pl\/wp-json\/wp\/v2\/product_brand?post=15377"},{"taxonomy":"product_cat","embeddable":true,"href":"https:\/\/greenowacja.pl\/wp-json\/wp\/v2\/product_cat?post=15377"},{"taxonomy":"product_tag","embeddable":true,"href":"https:\/\/greenowacja.pl\/wp-json\/wp\/v2\/product_tag?post=15377"}],"curies":[{"name":"wp","href":"https:\/\/api.w.org\/{rel}","templated":true}]}}