{"id":15474,"date":"2025-01-04T12:56:29","date_gmt":"2025-01-04T11:56:29","guid":{"rendered":"https:\/\/greenowacja.pl\/?post_type=product&#038;p=15474"},"modified":"2026-01-27T11:23:15","modified_gmt":"2026-01-27T10:23:15","slug":"usluga-wysylki","status":"publish","type":"product","link":"https:\/\/greenowacja.pl\/produkt\/usluga-wysylki\/","title":{"rendered":"Dodatkowa wysy\u0142ka"},"content":{"rendered":"<p><strong>\ud83c\udf81 Wy\u015blij prezenty bezpo\u015brednio pod wi\u0119cej ni\u017c jedenadres!<\/strong><\/p>\n<p>Je\u015bli planujesz wys\u0142a\u0107 prezenty do <strong>wi\u0119cej<\/strong> ni\u017c jednego adresata, skorzystaj z us\u0142ugi dodatkowej dostawy.<\/p>\n<ul>\n<li>Nie musisz przechodzi\u0107 przez proces zam\u00f3wienia i p\u0142atno\u015bci kilkukrotnie \u2013 wystarczy jedno zam\u00f3wienie!<\/li>\n<li>Oszcz\u0119dzasz czas i unikasz dodatkowych formalno\u015bci.<\/li>\n<\/ul>\n<p>\ud83c\udf1f <strong>Co oferujemy?<\/strong><br \/>\n1\ufe0f\u20e3 Przesy\u0142k\u0119 prezentu bezpo\u015brednio pod wiele r\u00f3\u017cnych adres\u00f3w.<br \/>\n2\ufe0f\u20e3 Oszcz\u0119dno\u015b\u0107 czasu \u2013 zajmiemy si\u0119 ca\u0142ym procesem wysy\u0142ki.<br \/>\n3\ufe0f\u20e3 Gwarancj\u0119 dostarczenia \u2013 prezent dotrze w idealnym stanie.<\/p>\n<p><strong>Jak skorzysta\u0107 z us\u0142ugi?<\/strong><\/p>\n<ol>\n<li>Dodaj t\u0119 us\u0142ug\u0119 do koszyka.<\/li>\n<li>W podsumowaniu zam\u00f3wienia w uwagach podaj adresy odbiorc\u00f3w.<\/li>\n<li>Je\u015bli chcesz wys\u0142a\u0107 prezenty do kilku os\u00f3b, dodaj odpowiedni\u0105 liczb\u0119 us\u0142ug do koszyka (jedna us\u0142uga = jedna przesy\u0142ka).<\/li>\n<\/ol>\n<p>\ud83d\udce6 <strong>Koszt wysy\u0142ki<\/strong>: 15 z\u0142 za ka\u017cd\u0105 dodatkow\u0105 przesy\u0142k\u0119.<\/p>\n<p>U\u0142atw sobie zakupy i spraw rado\u015b\u0107 swoim Dziadkom \u2013 zrobimy to za Ciebie! \ud83d\udc9a<\/p>\n","protected":false},"excerpt":{"rendered":"<p>\ud83c\udf81 <strong>Wy\u015blij prezent bezpo\u015brednio\u00a0 pod kilka adres\u00f3w!<\/strong><br \/>\nDodaj t\u0119 us\u0142ug\u0119, aby wys\u0142a\u0107 prezenty na wiele adres\u00f3w. Wygodnie, szybko i bez stresu!<br \/>\n\ud83d\udce6 <strong>Koszt wysy\u0142ki<\/strong>: 15 z\u0142 za ka\u017cd\u0105 dodatkow\u0105 przesy\u0142k\u0119.<\/p>\n","protected":false},"featured_media":15744,"template":"","meta":{"site-sidebar-layout":"default","site-content-layout":"","ast-site-content-layout":"default","site-content-style":"default","site-sidebar-style":"default","ast-global-header-display":"","ast-banner-title-visibility":"","ast-main-header-display":"","ast-hfb-above-header-display":"","ast-hfb-below-header-display":"","ast-hfb-mobile-header-display":"","site-post-title":"","ast-breadcrumbs-content":"","ast-featured-img":"","footer-sml-layout":"","theme-transparent-header-meta":"default","adv-header-id-meta":"","stick-header-meta":"","header-above-stick-meta":"","header-main-stick-meta":"","header-below-stick-meta":"","astra-migrate-meta-layouts":"set","ast-page-background-enabled":"default","ast-page-background-meta":{"desktop":{"background-color":"","background-image":"","background-repeat":"repeat","background-position":"center center","background-size":"auto","background-attachment":"scroll","background-type":"","background-media":"","overlay-type":"","overlay-color":"","overlay-opacity":"","overlay-gradient":""},"tablet":{"background-color":"","background-image":"","background-repeat":"repeat","background-position":"center center","background-size":"auto","background-attachment":"scroll","background-type":"","background-media":"","overlay-type":"","overlay-color":"","overlay-opacity":"","overlay-gradient":""},"mobile":{"background-color":"","background-image":"","background-repeat":"repeat","background-position":"center center","background-size":"auto","background-attachment":"scroll","background-type":"","background-media":"","overlay-type":"","overlay-color":"","overlay-opacity":"","overlay-gradient":""}},"ast-content-background-meta":{"desktop":{"background-color":"var(--ast-global-color-5)","background-image":"","background-repeat":"repeat","background-position":"center center","background-size":"auto","background-attachment":"scroll","background-type":"","background-media":"","overlay-type":"","overlay-color":"","overlay-opacity":"","overlay-gradient":""},"tablet":{"background-color":"var(--ast-global-color-5)","background-image":"","background-repeat":"repeat","background-position":"center center","background-size":"auto","background-attachment":"scroll","background-type":"","background-media":"","overlay-type":"","overlay-color":"","overlay-opacity":"","overlay-gradient":""},"mobile":{"background-color":"var(--ast-global-color-5)","background-image":"","background-repeat":"repeat","background-position":"center center","background-size":"auto","background-attachment":"scroll","background-type":"","background-media":"","overlay-type":"","overlay-color":"","overlay-opacity":"","overlay-gradient":""}}},"product_brand":[],"product_cat":[87,15],"product_tag":[],"class_list":{"0":"post-15474","1":"product","2":"type-product","3":"status-publish","4":"has-post-thumbnail","6":"product_cat-dla-babci-i-dziadka","7":"product_cat-bez-kategorii","8":"desktop-align-left","9":"tablet-align-left","10":"mobile-align-left","12":"first","13":"instock","14":"virtual","15":"taxable","16":"purchasable","17":"product-type-simple"},"yoast_head":"<!-- This site is optimized with the Yoast SEO plugin v27.4 - https:\/\/yoast.com\/product\/yoast-seo-wordpress\/ -->\n<title>Dodatkowa wysy\u0142ka - Ozdoby i prezenty z mchu | #u\u015bMECHnij si\u0119!<\/title>\n<meta name=\"description\" content=\"\ud83c\udf81 Wy\u015blij Prezent Bezpo\u015brednio do Dziadk\u00f3w!Dodaj t\u0119 us\u0142ug\u0119, aby wys\u0142a\u0107 prezenty pod wiele adres\u00f3w. Wygodnie, szybko i bez stresu!\ud83d\udce6\" \/>\n<meta name=\"robots\" content=\"index, follow, max-snippet:-1, max-image-preview:large, max-video-preview:-1\" \/>\n<link rel=\"canonical\" href=\"https:\/\/greenowacja.pl\/produkt\/usluga-wysylki\/\" \/>\n<meta property=\"og:locale\" content=\"pl_PL\" \/>\n<meta property=\"og:type\" content=\"article\" \/>\n<meta property=\"og:title\" content=\"Dodatkowa wysy\u0142ka - Ozdoby i prezenty z mchu | #u\u015bMECHnij si\u0119!\" \/>\n<meta property=\"og:description\" content=\"\ud83c\udf81 Wy\u015blij Prezent Bezpo\u015brednio do Dziadk\u00f3w!Dodaj t\u0119 us\u0142ug\u0119, aby wys\u0142a\u0107 prezenty pod wiele adres\u00f3w. Wygodnie, szybko i bez stresu!\ud83d\udce6\" \/>\n<meta property=\"og:url\" content=\"https:\/\/greenowacja.pl\/produkt\/usluga-wysylki\/\" \/>\n<meta property=\"og:site_name\" content=\"Ozdoby i prezenty z mchu | #u\u015bMECHnij si\u0119!\" \/>\n<meta property=\"article:publisher\" content=\"https:\/\/www.facebook.com\/Greenowacja\" \/>\n<meta property=\"article:modified_time\" content=\"2026-01-27T10:23:15+00:00\" \/>\n<meta property=\"og:image\" content=\"https:\/\/greenowacja.pl\/wp-content\/uploads\/2025\/01\/dostawa-pod-wiele-adresow.jpg\" \/>\n\t<meta property=\"og:image:width\" content=\"1080\" \/>\n\t<meta property=\"og:image:height\" content=\"1080\" \/>\n\t<meta property=\"og:image:type\" content=\"image\/jpeg\" \/>\n<meta name=\"twitter:card\" content=\"summary_large_image\" \/>\n<meta name=\"twitter:label1\" content=\"Szacowany czas czytania\" \/>\n\t<meta name=\"twitter:data1\" content=\"1 minuta\" \/>\n<script type=\"application\/ld+json\" class=\"yoast-schema-graph\">{\"@context\":\"https:\\\/\\\/schema.org\",\"@graph\":[{\"@type\":\"WebPage\",\"@id\":\"https:\\\/\\\/greenowacja.pl\\\/produkt\\\/usluga-wysylki\\\/\",\"url\":\"https:\\\/\\\/greenowacja.pl\\\/produkt\\\/usluga-wysylki\\\/\",\"name\":\"Dodatkowa wysy\u0142ka - Ozdoby i prezenty z mchu | #u\u015bMECHnij si\u0119!\",\"isPartOf\":{\"@id\":\"https:\\\/\\\/greenowacja.pl\\\/#website\"},\"primaryImageOfPage\":{\"@id\":\"https:\\\/\\\/greenowacja.pl\\\/produkt\\\/usluga-wysylki\\\/#primaryimage\"},\"image\":{\"@id\":\"https:\\\/\\\/greenowacja.pl\\\/produkt\\\/usluga-wysylki\\\/#primaryimage\"},\"thumbnailUrl\":\"https:\\\/\\\/greenowacja.pl\\\/wp-content\\\/uploads\\\/2025\\\/01\\\/dostawa-pod-wiele-adresow.jpg\",\"datePublished\":\"2025-01-04T11:56:29+00:00\",\"dateModified\":\"2026-01-27T10:23:15+00:00\",\"description\":\"\ud83c\udf81 Wy\u015blij Prezent Bezpo\u015brednio do Dziadk\u00f3w!Dodaj t\u0119 us\u0142ug\u0119, aby wys\u0142a\u0107 prezenty pod wiele adres\u00f3w. Wygodnie, szybko i bez stresu!\ud83d\udce6\",\"breadcrumb\":{\"@id\":\"https:\\\/\\\/greenowacja.pl\\\/produkt\\\/usluga-wysylki\\\/#breadcrumb\"},\"inLanguage\":\"pl-PL\",\"potentialAction\":[{\"@type\":\"ReadAction\",\"target\":[\"https:\\\/\\\/greenowacja.pl\\\/produkt\\\/usluga-wysylki\\\/\"]}]},{\"@type\":\"ImageObject\",\"inLanguage\":\"pl-PL\",\"@id\":\"https:\\\/\\\/greenowacja.pl\\\/produkt\\\/usluga-wysylki\\\/#primaryimage\",\"url\":\"https:\\\/\\\/greenowacja.pl\\\/wp-content\\\/uploads\\\/2025\\\/01\\\/dostawa-pod-wiele-adresow.jpg\",\"contentUrl\":\"https:\\\/\\\/greenowacja.pl\\\/wp-content\\\/uploads\\\/2025\\\/01\\\/dostawa-pod-wiele-adresow.jpg\",\"width\":1080,\"height\":1080},{\"@type\":\"BreadcrumbList\",\"@id\":\"https:\\\/\\\/greenowacja.pl\\\/produkt\\\/usluga-wysylki\\\/#breadcrumb\",\"itemListElement\":[{\"@type\":\"ListItem\",\"position\":1,\"name\":\"Strona g\u0142\u00f3wna\",\"item\":\"https:\\\/\\\/greenowacja.pl\\\/\"},{\"@type\":\"ListItem\",\"position\":2,\"name\":\"Sklep\",\"item\":\"https:\\\/\\\/greenowacja.pl\\\/sklep-z-mchem-chrobotkiem\\\/\"},{\"@type\":\"ListItem\",\"position\":3,\"name\":\"Dodatkowa wysy\u0142ka\"}]},{\"@type\":\"WebSite\",\"@id\":\"https:\\\/\\\/greenowacja.pl\\\/#website\",\"url\":\"https:\\\/\\\/greenowacja.pl\\\/\",\"name\":\"Ozdoby i prezenty z mchu | #u\u015bMECHnij si\u0119!\",\"description\":\"\",\"publisher\":{\"@id\":\"https:\\\/\\\/greenowacja.pl\\\/#organization\"},\"potentialAction\":[{\"@type\":\"SearchAction\",\"target\":{\"@type\":\"EntryPoint\",\"urlTemplate\":\"https:\\\/\\\/greenowacja.pl\\\/?s={search_term_string}\"},\"query-input\":{\"@type\":\"PropertyValueSpecification\",\"valueRequired\":true,\"valueName\":\"search_term_string\"}}],\"inLanguage\":\"pl-PL\"},{\"@type\":\"Organization\",\"@id\":\"https:\\\/\\\/greenowacja.pl\\\/#organization\",\"name\":\"Ozdoby i prezenty z mchu | #u\u015bMECHnij si\u0119!\",\"url\":\"https:\\\/\\\/greenowacja.pl\\\/\",\"logo\":{\"@type\":\"ImageObject\",\"inLanguage\":\"pl-PL\",\"@id\":\"https:\\\/\\\/greenowacja.pl\\\/#\\\/schema\\\/logo\\\/image\\\/\",\"url\":\"https:\\\/\\\/greenowacja.pl\\\/wp-content\\\/uploads\\\/2023\\\/08\\\/Logo-Greenowacja-wer-z-claimem-pozioma-2-kolory_Easy-Resize.com_.jpg\",\"contentUrl\":\"https:\\\/\\\/greenowacja.pl\\\/wp-content\\\/uploads\\\/2023\\\/08\\\/Logo-Greenowacja-wer-z-claimem-pozioma-2-kolory_Easy-Resize.com_.jpg\",\"width\":1280,\"height\":426,\"caption\":\"Ozdoby i prezenty z mchu | #u\u015bMECHnij si\u0119!\"},\"image\":{\"@id\":\"https:\\\/\\\/greenowacja.pl\\\/#\\\/schema\\\/logo\\\/image\\\/\"},\"sameAs\":[\"https:\\\/\\\/www.facebook.com\\\/Greenowacja\",\"https:\\\/\\\/www.instagram.com\\\/greenowacja\\\/\"]}]}<\/script>\n<!-- \/ Yoast SEO plugin. -->","yoast_head_json":{"title":"Dodatkowa wysy\u0142ka - Ozdoby i prezenty z mchu | #u\u015bMECHnij si\u0119!","description":"\ud83c\udf81 Wy\u015blij Prezent Bezpo\u015brednio do Dziadk\u00f3w!Dodaj t\u0119 us\u0142ug\u0119, aby wys\u0142a\u0107 prezenty pod wiele adres\u00f3w. Wygodnie, szybko i bez stresu!\ud83d\udce6","robots":{"index":"index","follow":"follow","max-snippet":"max-snippet:-1","max-image-preview":"max-image-preview:large","max-video-preview":"max-video-preview:-1"},"canonical":"https:\/\/greenowacja.pl\/produkt\/usluga-wysylki\/","og_locale":"pl_PL","og_type":"article","og_title":"Dodatkowa wysy\u0142ka - Ozdoby i prezenty z mchu | #u\u015bMECHnij si\u0119!","og_description":"\ud83c\udf81 Wy\u015blij Prezent Bezpo\u015brednio do Dziadk\u00f3w!Dodaj t\u0119 us\u0142ug\u0119, aby wys\u0142a\u0107 prezenty pod wiele adres\u00f3w. Wygodnie, szybko i bez stresu!\ud83d\udce6","og_url":"https:\/\/greenowacja.pl\/produkt\/usluga-wysylki\/","og_site_name":"Ozdoby i prezenty z mchu | #u\u015bMECHnij si\u0119!","article_publisher":"https:\/\/www.facebook.com\/Greenowacja","article_modified_time":"2026-01-27T10:23:15+00:00","og_image":[{"width":1080,"height":1080,"url":"https:\/\/greenowacja.pl\/wp-content\/uploads\/2025\/01\/dostawa-pod-wiele-adresow.jpg","type":"image\/jpeg"}],"twitter_card":"summary_large_image","twitter_misc":{"Szacowany czas czytania":"1 minuta"},"schema":{"@context":"https:\/\/schema.org","@graph":[{"@type":"WebPage","@id":"https:\/\/greenowacja.pl\/produkt\/usluga-wysylki\/","url":"https:\/\/greenowacja.pl\/produkt\/usluga-wysylki\/","name":"Dodatkowa wysy\u0142ka - Ozdoby i prezenty z mchu | #u\u015bMECHnij si\u0119!","isPartOf":{"@id":"https:\/\/greenowacja.pl\/#website"},"primaryImageOfPage":{"@id":"https:\/\/greenowacja.pl\/produkt\/usluga-wysylki\/#primaryimage"},"image":{"@id":"https:\/\/greenowacja.pl\/produkt\/usluga-wysylki\/#primaryimage"},"thumbnailUrl":"https:\/\/greenowacja.pl\/wp-content\/uploads\/2025\/01\/dostawa-pod-wiele-adresow.jpg","datePublished":"2025-01-04T11:56:29+00:00","dateModified":"2026-01-27T10:23:15+00:00","description":"\ud83c\udf81 Wy\u015blij Prezent Bezpo\u015brednio do Dziadk\u00f3w!Dodaj t\u0119 us\u0142ug\u0119, aby wys\u0142a\u0107 prezenty pod wiele adres\u00f3w. Wygodnie, szybko i bez stresu!\ud83d\udce6","breadcrumb":{"@id":"https:\/\/greenowacja.pl\/produkt\/usluga-wysylki\/#breadcrumb"},"inLanguage":"pl-PL","potentialAction":[{"@type":"ReadAction","target":["https:\/\/greenowacja.pl\/produkt\/usluga-wysylki\/"]}]},{"@type":"ImageObject","inLanguage":"pl-PL","@id":"https:\/\/greenowacja.pl\/produkt\/usluga-wysylki\/#primaryimage","url":"https:\/\/greenowacja.pl\/wp-content\/uploads\/2025\/01\/dostawa-pod-wiele-adresow.jpg","contentUrl":"https:\/\/greenowacja.pl\/wp-content\/uploads\/2025\/01\/dostawa-pod-wiele-adresow.jpg","width":1080,"height":1080},{"@type":"BreadcrumbList","@id":"https:\/\/greenowacja.pl\/produkt\/usluga-wysylki\/#breadcrumb","itemListElement":[{"@type":"ListItem","position":1,"name":"Strona g\u0142\u00f3wna","item":"https:\/\/greenowacja.pl\/"},{"@type":"ListItem","position":2,"name":"Sklep","item":"https:\/\/greenowacja.pl\/sklep-z-mchem-chrobotkiem\/"},{"@type":"ListItem","position":3,"name":"Dodatkowa wysy\u0142ka"}]},{"@type":"WebSite","@id":"https:\/\/greenowacja.pl\/#website","url":"https:\/\/greenowacja.pl\/","name":"Ozdoby i prezenty z mchu | #u\u015bMECHnij si\u0119!","description":"","publisher":{"@id":"https:\/\/greenowacja.pl\/#organization"},"potentialAction":[{"@type":"SearchAction","target":{"@type":"EntryPoint","urlTemplate":"https:\/\/greenowacja.pl\/?s={search_term_string}"},"query-input":{"@type":"PropertyValueSpecification","valueRequired":true,"valueName":"search_term_string"}}],"inLanguage":"pl-PL"},{"@type":"Organization","@id":"https:\/\/greenowacja.pl\/#organization","name":"Ozdoby i prezenty z mchu | #u\u015bMECHnij si\u0119!","url":"https:\/\/greenowacja.pl\/","logo":{"@type":"ImageObject","inLanguage":"pl-PL","@id":"https:\/\/greenowacja.pl\/#\/schema\/logo\/image\/","url":"https:\/\/greenowacja.pl\/wp-content\/uploads\/2023\/08\/Logo-Greenowacja-wer-z-claimem-pozioma-2-kolory_Easy-Resize.com_.jpg","contentUrl":"https:\/\/greenowacja.pl\/wp-content\/uploads\/2023\/08\/Logo-Greenowacja-wer-z-claimem-pozioma-2-kolory_Easy-Resize.com_.jpg","width":1280,"height":426,"caption":"Ozdoby i prezenty z mchu | #u\u015bMECHnij si\u0119!"},"image":{"@id":"https:\/\/greenowacja.pl\/#\/schema\/logo\/image\/"},"sameAs":["https:\/\/www.facebook.com\/Greenowacja","https:\/\/www.instagram.com\/greenowacja\/"]}]}},"_links":{"self":[{"href":"https:\/\/greenowacja.pl\/wp-json\/wp\/v2\/product\/15474","targetHints":{"allow":["GET"]}}],"collection":[{"href":"https:\/\/greenowacja.pl\/wp-json\/wp\/v2\/product"}],"about":[{"href":"https:\/\/greenowacja.pl\/wp-json\/wp\/v2\/types\/product"}],"wp:featuredmedia":[{"embeddable":true,"href":"https:\/\/greenowacja.pl\/wp-json\/wp\/v2\/media\/15744"}],"wp:attachment":[{"href":"https:\/\/greenowacja.pl\/wp-json\/wp\/v2\/media?parent=15474"}],"wp:term":[{"taxonomy":"product_brand","embeddable":true,"href":"https:\/\/greenowacja.pl\/wp-json\/wp\/v2\/product_brand?post=15474"},{"taxonomy":"product_cat","embeddable":true,"href":"https:\/\/greenowacja.pl\/wp-json\/wp\/v2\/product_cat?post=15474"},{"taxonomy":"product_tag","embeddable":true,"href":"https:\/\/greenowacja.pl\/wp-json\/wp\/v2\/product_tag?post=15474"}],"curies":[{"name":"wp","href":"https:\/\/api.w.org\/{rel}","templated":true}]}}