{"id":15477,"date":"2025-01-04T12:58:40","date_gmt":"2025-01-04T11:58:40","guid":{"rendered":"https:\/\/greenowacja.pl\/?post_type=product&#038;p=15477"},"modified":"2026-01-10T12:35:21","modified_gmt":"2026-01-10T11:35:21","slug":"personalizowane-zyczenia-dla-dziadkow","status":"publish","type":"product","link":"https:\/\/greenowacja.pl\/produkt\/personalizowane-zyczenia-dla-dziadkow\/","title":{"rendered":"Personalizowane \u017cyczenia dla babci i dziadka, na bileciku"},"content":{"rendered":"<h1>Dodaj personalizowane \u017cyczenia do prezentu!<\/h1>\n<h3><\/h3>\n<p>Chcesz, aby Tw\u00f3j prezent by\u0142 jeszcze bardziej wyj\u0105tkowy?\u00a0<strong>Dodaj elegancki bilecik z \u017cyczeniami<\/strong>, kt\u00f3re samodzielnie napiszesz, a my je dla Ciebie wydrukujemy!<\/p>\n<hr \/>\n<h3><strong>Jak skorzysta\u0107 z us\u0142ugi?<\/strong><\/h3>\n<ol>\n<li>Dodaj \u201ePersonalizowane \u017cyczenia\u201d do koszyka.<\/li>\n<li>W polu \u201eUwagi do zam\u00f3wienia\u201d podczas finalizacji podaj tre\u015b\u0107 \u017cycze\u0144.<\/li>\n<li>My zajmiemy si\u0119 reszt\u0105 \u2013 Twoje \u017cyczenia trafi\u0105 razem z prezentem do dziadk\u00f3w.<\/li>\n<\/ol>\n<hr \/>\n<p>\ud83d\udc8c\u00a0<strong>Koszt:<\/strong>\u00a010 z\u0142 za jeden bilecik z \u017cyczeniami.<\/p>\n<div class=\"video-wrapper\"><iframe title=\"Prezentacja produktu - Zegar loftowy z mchem\" src=\"https:\/\/www.youtube.com\/embed\/eKLItguAxD8\" width=\"560\" height=\"315\" frameborder=\"0\" allowfullscreen=\"allowfullscreen\"><br \/>\n<\/iframe><\/div>\n<style>\n  .video-wrapper {<br \/>    position: relative;<br \/>    padding-bottom: 56.25%; \/* 16:9 Aspect Ratio *\/<br \/>    height: 0;<br \/>    overflow: hidden;<br \/>  }<\/p>\n<p>  .video-wrapper iframe {<br \/>    position: absolute;<br \/>    top: 0;<br \/>    left: 0;<br \/>    width: 100%;<br \/>    height: 100%;<br \/>    border: none;<br \/>  }<br \/><\/style>\n<p>&nbsp;<\/p>\n<p>&nbsp;<\/p>\n<p>&nbsp;<\/p>\n","protected":false},"excerpt":{"rendered":"<p>\ud83d\udc8c <strong>Dodaj Personalizowane \u017byczenia!<\/strong><br \/>\nZam\u00f3w elegancki bilecik z w\u0142asnymi \u017cyczeniami, kt\u00f3re do\u0142\u0105czymy do prezentu. Koszt: <strong>10\u00a0z\u0142 za bilecik<\/strong>.<br \/>\nTre\u015b\u0107 \u017cycze\u0144 wpisz w polu &#8222;Uwagi do zam\u00f3wienia&#8221; przy sk\u0142adaniu zam\u00f3wienia.<\/p>\n","protected":false},"featured_media":15508,"template":"","meta":{"site-sidebar-layout":"default","site-content-layout":"","ast-site-content-layout":"default","site-content-style":"default","site-sidebar-style":"default","ast-global-header-display":"","ast-banner-title-visibility":"","ast-main-header-display":"","ast-hfb-above-header-display":"","ast-hfb-below-header-display":"","ast-hfb-mobile-header-display":"","site-post-title":"","ast-breadcrumbs-content":"","ast-featured-img":"","footer-sml-layout":"","theme-transparent-header-meta":"default","adv-header-id-meta":"","stick-header-meta":"","header-above-stick-meta":"","header-main-stick-meta":"","header-below-stick-meta":"","astra-migrate-meta-layouts":"set","ast-page-background-enabled":"default","ast-page-background-meta":{"desktop":{"background-color":"","background-image":"","background-repeat":"repeat","background-position":"center center","background-size":"auto","background-attachment":"scroll","background-type":"","background-media":"","overlay-type":"","overlay-color":"","overlay-opacity":"","overlay-gradient":""},"tablet":{"background-color":"","background-image":"","background-repeat":"repeat","background-position":"center center","background-size":"auto","background-attachment":"scroll","background-type":"","background-media":"","overlay-type":"","overlay-color":"","overlay-opacity":"","overlay-gradient":""},"mobile":{"background-color":"","background-image":"","background-repeat":"repeat","background-position":"center center","background-size":"auto","background-attachment":"scroll","background-type":"","background-media":"","overlay-type":"","overlay-color":"","overlay-opacity":"","overlay-gradient":""}},"ast-content-background-meta":{"desktop":{"background-color":"var(--ast-global-color-5)","background-image":"","background-repeat":"repeat","background-position":"center center","background-size":"auto","background-attachment":"scroll","background-type":"","background-media":"","overlay-type":"","overlay-color":"","overlay-opacity":"","overlay-gradient":""},"tablet":{"background-color":"var(--ast-global-color-5)","background-image":"","background-repeat":"repeat","background-position":"center center","background-size":"auto","background-attachment":"scroll","background-type":"","background-media":"","overlay-type":"","overlay-color":"","overlay-opacity":"","overlay-gradient":""},"mobile":{"background-color":"var(--ast-global-color-5)","background-image":"","background-repeat":"repeat","background-position":"center center","background-size":"auto","background-attachment":"scroll","background-type":"","background-media":"","overlay-type":"","overlay-color":"","overlay-opacity":"","overlay-gradient":""}}},"product_brand":[],"product_cat":[87],"product_tag":[],"class_list":{"0":"post-15477","1":"product","2":"type-product","3":"status-publish","4":"has-post-thumbnail","6":"product_cat-dla-babci-i-dziadka","7":"desktop-align-left","8":"tablet-align-left","9":"mobile-align-left","11":"first","12":"instock","13":"taxable","14":"shipping-taxable","15":"purchasable","16":"product-type-simple"},"yoast_head":"<!-- This site is optimized with the Yoast SEO plugin v27.4 - https:\/\/yoast.com\/product\/yoast-seo-wordpress\/ -->\n<title>Personalizowane \u017cyczenia dla babci i dziadka, na bileciku - Ozdoby i prezenty z mchu | #u\u015bMECHnij si\u0119!<\/title>\n<meta name=\"description\" content=\"\ud83d\udc8c Dodaj Personalizowane \u017byczenia! Zam\u00f3w elegancki bilecik z w\u0142asnymi \u017cyczeniami, kt\u00f3re do\u0142\u0105czymy do prezentu. Koszt: 10 z\u0142 za bilecik. Tre\u015b\u0107 \u017cycze\u0144 wpisz w polu &quot;Uwagi do zam\u00f3wienia&quot; przy sk\u0142adaniu zam\u00f3wienia.\" \/>\n<meta name=\"robots\" content=\"index, follow, max-snippet:-1, max-image-preview:large, max-video-preview:-1\" \/>\n<link rel=\"canonical\" href=\"https:\/\/greenowacja.pl\/produkt\/personalizowane-zyczenia-dla-dziadkow\/\" \/>\n<meta property=\"og:locale\" content=\"pl_PL\" \/>\n<meta property=\"og:type\" content=\"article\" \/>\n<meta property=\"og:title\" content=\"Personalizowane \u017cyczenia dla babci i dziadka, na bileciku - Ozdoby i prezenty z mchu | #u\u015bMECHnij si\u0119!\" \/>\n<meta property=\"og:description\" content=\"\ud83d\udc8c Dodaj Personalizowane \u017byczenia! Zam\u00f3w elegancki bilecik z w\u0142asnymi \u017cyczeniami, kt\u00f3re do\u0142\u0105czymy do prezentu. Koszt: 10 z\u0142 za bilecik. Tre\u015b\u0107 \u017cycze\u0144 wpisz w polu &quot;Uwagi do zam\u00f3wienia&quot; przy sk\u0142adaniu zam\u00f3wienia.\" \/>\n<meta property=\"og:url\" content=\"https:\/\/greenowacja.pl\/produkt\/personalizowane-zyczenia-dla-dziadkow\/\" \/>\n<meta property=\"og:site_name\" content=\"Ozdoby i prezenty z mchu | #u\u015bMECHnij si\u0119!\" \/>\n<meta property=\"article:publisher\" content=\"https:\/\/www.facebook.com\/Greenowacja\" \/>\n<meta property=\"article:modified_time\" content=\"2026-01-10T11:35:21+00:00\" \/>\n<meta property=\"og:image\" content=\"https:\/\/greenowacja.pl\/wp-content\/uploads\/2025\/01\/IMG20250106145016.jpg\" \/>\n\t<meta property=\"og:image:width\" content=\"1000\" \/>\n\t<meta property=\"og:image:height\" content=\"1333\" \/>\n\t<meta property=\"og:image:type\" content=\"image\/jpeg\" \/>\n<meta name=\"twitter:card\" content=\"summary_large_image\" \/>\n<meta name=\"twitter:label1\" content=\"Szacowany czas czytania\" \/>\n\t<meta name=\"twitter:data1\" content=\"1 minuta\" \/>\n<script type=\"application\/ld+json\" class=\"yoast-schema-graph\">{\"@context\":\"https:\\\/\\\/schema.org\",\"@graph\":[{\"@type\":\"WebPage\",\"@id\":\"https:\\\/\\\/greenowacja.pl\\\/produkt\\\/personalizowane-zyczenia-dla-dziadkow\\\/\",\"url\":\"https:\\\/\\\/greenowacja.pl\\\/produkt\\\/personalizowane-zyczenia-dla-dziadkow\\\/\",\"name\":\"Personalizowane \u017cyczenia dla babci i dziadka, na bileciku - Ozdoby i prezenty z mchu | #u\u015bMECHnij si\u0119!\",\"isPartOf\":{\"@id\":\"https:\\\/\\\/greenowacja.pl\\\/#website\"},\"primaryImageOfPage\":{\"@id\":\"https:\\\/\\\/greenowacja.pl\\\/produkt\\\/personalizowane-zyczenia-dla-dziadkow\\\/#primaryimage\"},\"image\":{\"@id\":\"https:\\\/\\\/greenowacja.pl\\\/produkt\\\/personalizowane-zyczenia-dla-dziadkow\\\/#primaryimage\"},\"thumbnailUrl\":\"https:\\\/\\\/greenowacja.pl\\\/wp-content\\\/uploads\\\/2025\\\/01\\\/IMG20250106145016.jpg\",\"datePublished\":\"2025-01-04T11:58:40+00:00\",\"dateModified\":\"2026-01-10T11:35:21+00:00\",\"description\":\"\ud83d\udc8c Dodaj Personalizowane \u017byczenia! Zam\u00f3w elegancki bilecik z w\u0142asnymi \u017cyczeniami, kt\u00f3re do\u0142\u0105czymy do prezentu. Koszt: 10 z\u0142 za bilecik. Tre\u015b\u0107 \u017cycze\u0144 wpisz w polu \\\"Uwagi do zam\u00f3wienia\\\" przy sk\u0142adaniu zam\u00f3wienia.\",\"breadcrumb\":{\"@id\":\"https:\\\/\\\/greenowacja.pl\\\/produkt\\\/personalizowane-zyczenia-dla-dziadkow\\\/#breadcrumb\"},\"inLanguage\":\"pl-PL\",\"potentialAction\":[{\"@type\":\"ReadAction\",\"target\":[\"https:\\\/\\\/greenowacja.pl\\\/produkt\\\/personalizowane-zyczenia-dla-dziadkow\\\/\"]}]},{\"@type\":\"ImageObject\",\"inLanguage\":\"pl-PL\",\"@id\":\"https:\\\/\\\/greenowacja.pl\\\/produkt\\\/personalizowane-zyczenia-dla-dziadkow\\\/#primaryimage\",\"url\":\"https:\\\/\\\/greenowacja.pl\\\/wp-content\\\/uploads\\\/2025\\\/01\\\/IMG20250106145016.jpg\",\"contentUrl\":\"https:\\\/\\\/greenowacja.pl\\\/wp-content\\\/uploads\\\/2025\\\/01\\\/IMG20250106145016.jpg\",\"width\":1000,\"height\":1333},{\"@type\":\"BreadcrumbList\",\"@id\":\"https:\\\/\\\/greenowacja.pl\\\/produkt\\\/personalizowane-zyczenia-dla-dziadkow\\\/#breadcrumb\",\"itemListElement\":[{\"@type\":\"ListItem\",\"position\":1,\"name\":\"Strona g\u0142\u00f3wna\",\"item\":\"https:\\\/\\\/greenowacja.pl\\\/\"},{\"@type\":\"ListItem\",\"position\":2,\"name\":\"Sklep\",\"item\":\"https:\\\/\\\/greenowacja.pl\\\/sklep-z-mchem-chrobotkiem\\\/\"},{\"@type\":\"ListItem\",\"position\":3,\"name\":\"Personalizowane \u017cyczenia dla babci i dziadka, na bileciku\"}]},{\"@type\":\"WebSite\",\"@id\":\"https:\\\/\\\/greenowacja.pl\\\/#website\",\"url\":\"https:\\\/\\\/greenowacja.pl\\\/\",\"name\":\"Ozdoby i prezenty z mchu | #u\u015bMECHnij si\u0119!\",\"description\":\"\",\"publisher\":{\"@id\":\"https:\\\/\\\/greenowacja.pl\\\/#organization\"},\"potentialAction\":[{\"@type\":\"SearchAction\",\"target\":{\"@type\":\"EntryPoint\",\"urlTemplate\":\"https:\\\/\\\/greenowacja.pl\\\/?s={search_term_string}\"},\"query-input\":{\"@type\":\"PropertyValueSpecification\",\"valueRequired\":true,\"valueName\":\"search_term_string\"}}],\"inLanguage\":\"pl-PL\"},{\"@type\":\"Organization\",\"@id\":\"https:\\\/\\\/greenowacja.pl\\\/#organization\",\"name\":\"Ozdoby i prezenty z mchu | #u\u015bMECHnij si\u0119!\",\"url\":\"https:\\\/\\\/greenowacja.pl\\\/\",\"logo\":{\"@type\":\"ImageObject\",\"inLanguage\":\"pl-PL\",\"@id\":\"https:\\\/\\\/greenowacja.pl\\\/#\\\/schema\\\/logo\\\/image\\\/\",\"url\":\"https:\\\/\\\/greenowacja.pl\\\/wp-content\\\/uploads\\\/2023\\\/08\\\/Logo-Greenowacja-wer-z-claimem-pozioma-2-kolory_Easy-Resize.com_.jpg\",\"contentUrl\":\"https:\\\/\\\/greenowacja.pl\\\/wp-content\\\/uploads\\\/2023\\\/08\\\/Logo-Greenowacja-wer-z-claimem-pozioma-2-kolory_Easy-Resize.com_.jpg\",\"width\":1280,\"height\":426,\"caption\":\"Ozdoby i prezenty z mchu | #u\u015bMECHnij si\u0119!\"},\"image\":{\"@id\":\"https:\\\/\\\/greenowacja.pl\\\/#\\\/schema\\\/logo\\\/image\\\/\"},\"sameAs\":[\"https:\\\/\\\/www.facebook.com\\\/Greenowacja\",\"https:\\\/\\\/www.instagram.com\\\/greenowacja\\\/\"]}]}<\/script>\n<!-- \/ Yoast SEO plugin. -->","yoast_head_json":{"title":"Personalizowane \u017cyczenia dla babci i dziadka, na bileciku - Ozdoby i prezenty z mchu | #u\u015bMECHnij si\u0119!","description":"\ud83d\udc8c Dodaj Personalizowane \u017byczenia! Zam\u00f3w elegancki bilecik z w\u0142asnymi \u017cyczeniami, kt\u00f3re do\u0142\u0105czymy do prezentu. Koszt: 10 z\u0142 za bilecik. Tre\u015b\u0107 \u017cycze\u0144 wpisz w polu \"Uwagi do zam\u00f3wienia\" przy sk\u0142adaniu zam\u00f3wienia.","robots":{"index":"index","follow":"follow","max-snippet":"max-snippet:-1","max-image-preview":"max-image-preview:large","max-video-preview":"max-video-preview:-1"},"canonical":"https:\/\/greenowacja.pl\/produkt\/personalizowane-zyczenia-dla-dziadkow\/","og_locale":"pl_PL","og_type":"article","og_title":"Personalizowane \u017cyczenia dla babci i dziadka, na bileciku - Ozdoby i prezenty z mchu | #u\u015bMECHnij si\u0119!","og_description":"\ud83d\udc8c Dodaj Personalizowane \u017byczenia! Zam\u00f3w elegancki bilecik z w\u0142asnymi \u017cyczeniami, kt\u00f3re do\u0142\u0105czymy do prezentu. Koszt: 10 z\u0142 za bilecik. Tre\u015b\u0107 \u017cycze\u0144 wpisz w polu \"Uwagi do zam\u00f3wienia\" przy sk\u0142adaniu zam\u00f3wienia.","og_url":"https:\/\/greenowacja.pl\/produkt\/personalizowane-zyczenia-dla-dziadkow\/","og_site_name":"Ozdoby i prezenty z mchu | #u\u015bMECHnij si\u0119!","article_publisher":"https:\/\/www.facebook.com\/Greenowacja","article_modified_time":"2026-01-10T11:35:21+00:00","og_image":[{"width":1000,"height":1333,"url":"https:\/\/greenowacja.pl\/wp-content\/uploads\/2025\/01\/IMG20250106145016.jpg","type":"image\/jpeg"}],"twitter_card":"summary_large_image","twitter_misc":{"Szacowany czas czytania":"1 minuta"},"schema":{"@context":"https:\/\/schema.org","@graph":[{"@type":"WebPage","@id":"https:\/\/greenowacja.pl\/produkt\/personalizowane-zyczenia-dla-dziadkow\/","url":"https:\/\/greenowacja.pl\/produkt\/personalizowane-zyczenia-dla-dziadkow\/","name":"Personalizowane \u017cyczenia dla babci i dziadka, na bileciku - Ozdoby i prezenty z mchu | #u\u015bMECHnij si\u0119!","isPartOf":{"@id":"https:\/\/greenowacja.pl\/#website"},"primaryImageOfPage":{"@id":"https:\/\/greenowacja.pl\/produkt\/personalizowane-zyczenia-dla-dziadkow\/#primaryimage"},"image":{"@id":"https:\/\/greenowacja.pl\/produkt\/personalizowane-zyczenia-dla-dziadkow\/#primaryimage"},"thumbnailUrl":"https:\/\/greenowacja.pl\/wp-content\/uploads\/2025\/01\/IMG20250106145016.jpg","datePublished":"2025-01-04T11:58:40+00:00","dateModified":"2026-01-10T11:35:21+00:00","description":"\ud83d\udc8c Dodaj Personalizowane \u017byczenia! Zam\u00f3w elegancki bilecik z w\u0142asnymi \u017cyczeniami, kt\u00f3re do\u0142\u0105czymy do prezentu. Koszt: 10 z\u0142 za bilecik. Tre\u015b\u0107 \u017cycze\u0144 wpisz w polu \"Uwagi do zam\u00f3wienia\" przy sk\u0142adaniu zam\u00f3wienia.","breadcrumb":{"@id":"https:\/\/greenowacja.pl\/produkt\/personalizowane-zyczenia-dla-dziadkow\/#breadcrumb"},"inLanguage":"pl-PL","potentialAction":[{"@type":"ReadAction","target":["https:\/\/greenowacja.pl\/produkt\/personalizowane-zyczenia-dla-dziadkow\/"]}]},{"@type":"ImageObject","inLanguage":"pl-PL","@id":"https:\/\/greenowacja.pl\/produkt\/personalizowane-zyczenia-dla-dziadkow\/#primaryimage","url":"https:\/\/greenowacja.pl\/wp-content\/uploads\/2025\/01\/IMG20250106145016.jpg","contentUrl":"https:\/\/greenowacja.pl\/wp-content\/uploads\/2025\/01\/IMG20250106145016.jpg","width":1000,"height":1333},{"@type":"BreadcrumbList","@id":"https:\/\/greenowacja.pl\/produkt\/personalizowane-zyczenia-dla-dziadkow\/#breadcrumb","itemListElement":[{"@type":"ListItem","position":1,"name":"Strona g\u0142\u00f3wna","item":"https:\/\/greenowacja.pl\/"},{"@type":"ListItem","position":2,"name":"Sklep","item":"https:\/\/greenowacja.pl\/sklep-z-mchem-chrobotkiem\/"},{"@type":"ListItem","position":3,"name":"Personalizowane \u017cyczenia dla babci i dziadka, na bileciku"}]},{"@type":"WebSite","@id":"https:\/\/greenowacja.pl\/#website","url":"https:\/\/greenowacja.pl\/","name":"Ozdoby i prezenty z mchu | #u\u015bMECHnij si\u0119!","description":"","publisher":{"@id":"https:\/\/greenowacja.pl\/#organization"},"potentialAction":[{"@type":"SearchAction","target":{"@type":"EntryPoint","urlTemplate":"https:\/\/greenowacja.pl\/?s={search_term_string}"},"query-input":{"@type":"PropertyValueSpecification","valueRequired":true,"valueName":"search_term_string"}}],"inLanguage":"pl-PL"},{"@type":"Organization","@id":"https:\/\/greenowacja.pl\/#organization","name":"Ozdoby i prezenty z mchu | #u\u015bMECHnij si\u0119!","url":"https:\/\/greenowacja.pl\/","logo":{"@type":"ImageObject","inLanguage":"pl-PL","@id":"https:\/\/greenowacja.pl\/#\/schema\/logo\/image\/","url":"https:\/\/greenowacja.pl\/wp-content\/uploads\/2023\/08\/Logo-Greenowacja-wer-z-claimem-pozioma-2-kolory_Easy-Resize.com_.jpg","contentUrl":"https:\/\/greenowacja.pl\/wp-content\/uploads\/2023\/08\/Logo-Greenowacja-wer-z-claimem-pozioma-2-kolory_Easy-Resize.com_.jpg","width":1280,"height":426,"caption":"Ozdoby i prezenty z mchu | #u\u015bMECHnij si\u0119!"},"image":{"@id":"https:\/\/greenowacja.pl\/#\/schema\/logo\/image\/"},"sameAs":["https:\/\/www.facebook.com\/Greenowacja","https:\/\/www.instagram.com\/greenowacja\/"]}]}},"_links":{"self":[{"href":"https:\/\/greenowacja.pl\/wp-json\/wp\/v2\/product\/15477","targetHints":{"allow":["GET"]}}],"collection":[{"href":"https:\/\/greenowacja.pl\/wp-json\/wp\/v2\/product"}],"about":[{"href":"https:\/\/greenowacja.pl\/wp-json\/wp\/v2\/types\/product"}],"wp:featuredmedia":[{"embeddable":true,"href":"https:\/\/greenowacja.pl\/wp-json\/wp\/v2\/media\/15508"}],"wp:attachment":[{"href":"https:\/\/greenowacja.pl\/wp-json\/wp\/v2\/media?parent=15477"}],"wp:term":[{"taxonomy":"product_brand","embeddable":true,"href":"https:\/\/greenowacja.pl\/wp-json\/wp\/v2\/product_brand?post=15477"},{"taxonomy":"product_cat","embeddable":true,"href":"https:\/\/greenowacja.pl\/wp-json\/wp\/v2\/product_cat?post=15477"},{"taxonomy":"product_tag","embeddable":true,"href":"https:\/\/greenowacja.pl\/wp-json\/wp\/v2\/product_tag?post=15477"}],"curies":[{"name":"wp","href":"https:\/\/api.w.org\/{rel}","templated":true}]}}