{"id":16041,"date":"2025-02-24T14:47:32","date_gmt":"2025-02-24T13:47:32","guid":{"rendered":"https:\/\/greenowacja.pl\/?post_type=product&#038;p=16041"},"modified":"2026-04-25T11:42:15","modified_gmt":"2026-04-25T09:42:15","slug":"doniczka-z-okularami-mala-ozdobiona-mchem-wielkanoc","status":"publish","type":"product","link":"https:\/\/greenowacja.pl\/produkt\/doniczka-z-okularami-mala-ozdobiona-mchem-wielkanoc\/","title":{"rendered":"Doniczka z okularami ma\u0142a, ozdobiona mchem i kwiatkami na Wielkanoc"},"content":{"rendered":"<div class=\"flex max-w-full flex-col flex-grow\">\n<div class=\"min-h-8 text-message flex w-full flex-col items-end gap-2 whitespace-normal break-words text-start [.text-message+&amp;]:mt-5\" dir=\"auto\" data-message-author-role=\"assistant\" data-message-id=\"e96f4157-5858-4cdf-ae5b-83f2cad6dbae\" data-message-model-slug=\"o3-mini-high\">\n<div class=\"flex w-full flex-col gap-1 empty:hidden first:pt-[3px]\">\n<div class=\"markdown prose w-full break-words dark:prose-invert light\">\n<h3 data-start=\"0\" data-end=\"88\"><strong data-start=\"4\" data-end=\"86\">Doniczka z okularami na Wielkanoc \u2013 wyj\u0105tkowa dekoracja z naturalnym akcentem!<\/strong><\/h3>\n<p data-start=\"90\" data-end=\"549\">Wielkanoc to czas rado\u015bci, wiosennego odrodzenia i rodzinnych spotka\u0144 przy pi\u0119knie udekorowanym stole. Je\u015bli szukasz <strong data-start=\"207\" data-end=\"229\">oryginalnej ozdoby<\/strong>, kt\u00f3ra nada Twojemu wn\u0119trzu wyj\u0105tkowego charakteru, nasza <strong data-start=\"288\" data-end=\"358\">doniczka z okularami, chrobotkiem reniferowym i suszonymi kwiatami<\/strong> b\u0119dzie strza\u0142em w dziesi\u0105tk\u0119! To po\u0142\u0105czenie <strong data-start=\"403\" data-end=\"453\">nowoczesnego designu z naturalnymi materia\u0142ami<\/strong>, kt\u00f3re wniesie do Twojego domu \u015bwie\u017co\u015b\u0107 i przytulno\u015b\u0107, bez potrzeby podlewania i piel\u0119gnacji.<\/p>\n<h3 data-start=\"551\" data-end=\"608\"><strong data-start=\"555\" data-end=\"606\">Dlaczego warto wybra\u0107 t\u0119 doniczk\u0119 na Wielkanoc?<\/strong><\/h3>\n<p data-start=\"609\" data-end=\"1109\">\ud83c\udf3f <strong data-start=\"612\" data-end=\"635\">Naturalna dekoracja<\/strong> \u2013 chrobotek reniferowy i suszone kwiaty tworz\u0105 harmonijn\u0105, eleganck\u0105 kompozycj\u0119, idealn\u0105 na \u015bwi\u0119ta.<br data-start=\"735\" data-end=\"738\" \/>\ud83d\udc53 <strong data-start=\"741\" data-end=\"764\">Nietuzinkowy design<\/strong> \u2013 zabawne okulary dodaj\u0105 figurce charakteru, czyni\u0105c j\u0105 niepowtarzalnym elementem wystroju.<br data-start=\"856\" data-end=\"859\" \/>\ud83d\udca7 <strong data-start=\"862\" data-end=\"885\">Bezobs\u0142ugowa ozdoba<\/strong> \u2013 nie wymaga podlewania ani piel\u0119gnacji, a mimo to pozostaje pi\u0119kna przez lata.<br data-start=\"965\" data-end=\"968\" \/>\ud83c\udf81 <strong data-start=\"971\" data-end=\"1000\">Idealny pomys\u0142 na prezent<\/strong> \u2013 \u015bwietny upominek na Wielkanoc dla bliskich, kt\u00f3rzy ceni\u0105 naturalne dodatki i r\u0119cznie wykonane dekoracje.<\/p>\n<h3 data-start=\"1111\" data-end=\"1135\"><strong data-start=\"1115\" data-end=\"1133\">Cechy produktu<\/strong><\/h3>\n<p data-start=\"1136\" data-end=\"1255\">\ud83d\udccf <strong data-start=\"1139\" data-end=\"1151\">Wymiary:<\/strong><br data-start=\"1151\" data-end=\"1154\" \/>\u2714 <strong data-start=\"1156\" data-end=\"1169\">\u015arednica:<\/strong> ok. 9-10 cm (razem z chrobotkiem)<br data-start=\"1203\" data-end=\"1206\" \/>\u2714 <strong data-start=\"1208\" data-end=\"1221\">Wysoko\u015b\u0107:<\/strong> ok. 12 cm (razem z chrobotkiem)<\/p>\n<p data-start=\"1257\" data-end=\"1524\">\ud83d\uded2 <strong data-start=\"1260\" data-end=\"1294\">R\u0119cznie wykonana na zam\u00f3wienie<\/strong> \u2013 ka\u017cda doniczka jest tworzona indywidualnie, co sprawia, \u017ce ka\u017cda sztuka jest wyj\u0105tkowa.<br data-start=\"1384\" data-end=\"1387\" \/>\ud83d\ude80 <strong data-start=\"1390\" data-end=\"1411\">Szybka realizacja<\/strong> \u2013 standardowy czas wykonania to <strong data-start=\"1444\" data-end=\"1461\">3 dni robocze<\/strong>. Je\u015bli zale\u017cy Ci na szybszej wysy\u0142ce, skontaktuj si\u0119 z nami!<\/p>\n<h3 data-start=\"1526\" data-end=\"1555\"><strong data-start=\"1530\" data-end=\"1553\">Korzy\u015bci dla Ciebie<\/strong><\/h3>\n<p data-start=\"1556\" data-end=\"1940\">\u2714 <strong data-start=\"1558\" data-end=\"1617\">Unikalna dekoracja, kt\u00f3rej nie znajdziesz w sieci\u00f3wkach<\/strong> \u2013 ka\u017cda doniczka jest tworzona z pasj\u0105 i dba\u0142o\u015bci\u0105 o detale.<br data-start=\"1678\" data-end=\"1681\" \/>\u2714 <strong data-start=\"1683\" data-end=\"1706\">\u0141atwo\u015b\u0107 u\u017cytkowania<\/strong> \u2013 nie wymaga podlewania, dzi\u0119ki czemu cieszysz si\u0119 jej pi\u0119knem bez \u017cadnych dodatkowych obowi\u0105zk\u00f3w.<br data-start=\"1805\" data-end=\"1808\" \/>\u2714 <strong data-start=\"1810\" data-end=\"1831\">Ekologiczny wyb\u00f3r<\/strong> \u2013 wykonana z naturalnych materia\u0142\u00f3w, idealna dla mi\u0142o\u015bnik\u00f3w r\u0119kodzie\u0142a i dekoracji przyjaznych \u015brodowisku.<\/p>\n<h3 data-start=\"1942\" data-end=\"1964\"><strong data-start=\"1946\" data-end=\"1962\">Podsumowanie<\/strong><\/h3>\n<p data-start=\"1965\" data-end=\"2199\">Stw\u00f3rz w swoim domu \u015bwi\u0105teczny, <strong data-start=\"1997\" data-end=\"2016\">wiosenny klimat<\/strong> z nasz\u0105 doniczk\u0105 z okularami! To idealna ozdoba na Wielkanoc, kt\u00f3ra nie tylko przyci\u0105ga wzrok, ale tak\u017ce jest trwa\u0142a i praktyczna. <strong data-start=\"2148\" data-end=\"2197\">Postaw na naturalne pi\u0119kno i oryginalny styl!<\/strong><\/p>\n<p data-start=\"2201\" data-end=\"2276\" data-is-last-node=\"\" data-is-only-node=\"\">\ud83d\udc49 <strong data-start=\"2204\" data-end=\"2276\" data-is-last-node=\"\">Zam\u00f3w ju\u017c teraz i wprowad\u017a \u015bwi\u0105teczn\u0105 magi\u0119 do swojego wn\u0119trza! \ud83d\udc30\ud83c\udf37<\/strong><\/p>\n<\/div>\n<\/div>\n<\/div>\n<\/div>\n","protected":false},"excerpt":{"rendered":"<p><strong data-start=\"0\" data-end=\"68\" data-is-only-node=\"\">Doniczka z okularami na Wielkanoc \u2013 unikalny, \u015bwi\u0105teczny akcent!<\/strong><br data-start=\"68\" data-end=\"71\" \/>Wprowad\u017a do swojego domu wiosenny klimat dzi\u0119ki naszej doniczce z chrobotkiem reniferowym, ozdobionej naturalnymi suszonymi kwiatami. To oryginalna dekoracja, kt\u00f3ra nie wymaga podlewania i zachwyci ka\u017cdego, b\u0119d\u0105c idealnym prezentem na \u015bwi\u0119ta.<br data-start=\"313\" data-end=\"316\" \/><strong data-start=\"316\" data-end=\"372\" data-is-last-node=\"\">Kup teraz i ciesz si\u0119 magiczn\u0105 atmosfer\u0105 Wielkanocy!<\/strong><\/p>\n","protected":false},"featured_media":16042,"template":"","meta":{"site-sidebar-layout":"default","site-content-layout":"default","ast-site-content-layout":"default","site-content-style":"default","site-sidebar-style":"default","ast-global-header-display":"","ast-banner-title-visibility":"","ast-main-header-display":"","ast-hfb-above-header-display":"","ast-hfb-below-header-display":"","ast-hfb-mobile-header-display":"","site-post-title":"","ast-breadcrumbs-content":"","ast-featured-img":"","footer-sml-layout":"","theme-transparent-header-meta":"default","adv-header-id-meta":"","stick-header-meta":"","header-above-stick-meta":"","header-main-stick-meta":"","header-below-stick-meta":"","astra-migrate-meta-layouts":"set","ast-page-background-enabled":"default","ast-page-background-meta":{"desktop":{"background-color":"","background-image":"","background-repeat":"repeat","background-position":"center center","background-size":"auto","background-attachment":"scroll","background-type":"","background-media":"","overlay-type":"","overlay-color":"","overlay-opacity":"","overlay-gradient":""},"tablet":{"background-color":"","background-image":"","background-repeat":"repeat","background-position":"center center","background-size":"auto","background-attachment":"scroll","background-type":"","background-media":"","overlay-type":"","overlay-color":"","overlay-opacity":"","overlay-gradient":""},"mobile":{"background-color":"","background-image":"","background-repeat":"repeat","background-position":"center center","background-size":"auto","background-attachment":"scroll","background-type":"","background-media":"","overlay-type":"","overlay-color":"","overlay-opacity":"","overlay-gradient":""}},"ast-content-background-meta":{"desktop":{"background-color":"var(--ast-global-color-5)","background-image":"","background-repeat":"repeat","background-position":"center center","background-size":"auto","background-attachment":"scroll","background-type":"","background-media":"","overlay-type":"","overlay-color":"","overlay-opacity":"","overlay-gradient":""},"tablet":{"background-color":"var(--ast-global-color-5)","background-image":"","background-repeat":"repeat","background-position":"center center","background-size":"auto","background-attachment":"scroll","background-type":"","background-media":"","overlay-type":"","overlay-color":"","overlay-opacity":"","overlay-gradient":""},"mobile":{"background-color":"var(--ast-global-color-5)","background-image":"","background-repeat":"repeat","background-position":"center center","background-size":"auto","background-attachment":"scroll","background-type":"","background-media":"","overlay-type":"","overlay-color":"","overlay-opacity":"","overlay-gradient":""}}},"product_brand":[],"product_cat":[91],"product_tag":[],"class_list":{"0":"post-16041","1":"product","2":"type-product","3":"status-publish","4":"has-post-thumbnail","6":"product_cat-na-wielkanoc","7":"desktop-align-left","8":"tablet-align-left","9":"mobile-align-left","11":"first","12":"instock","13":"taxable","14":"shipping-taxable","15":"purchasable","16":"product-type-simple"},"yoast_head":"<!-- This site is optimized with the Yoast SEO plugin v27.4 - https:\/\/yoast.com\/product\/yoast-seo-wordpress\/ -->\n<title>Doniczka z okularami ma\u0142a, ozdobiona mchem i kwiatkami na Wielkanoc - Ozdoby i prezenty z mchu | #u\u015bMECHnij si\u0119!<\/title>\n<meta name=\"description\" content=\"Chrobotkowa doniczka z okularami doskonale wkomponuje si\u0119 w Twoje mieszkanie i nada Twoim pomieszczeniom nietuzinkowego wygl\u0105du!\" \/>\n<meta name=\"robots\" content=\"index, follow, max-snippet:-1, max-image-preview:large, max-video-preview:-1\" \/>\n<link rel=\"canonical\" href=\"https:\/\/greenowacja.pl\/produkt\/doniczka-z-okularami-mala-ozdobiona-mchem-wielkanoc\/\" \/>\n<meta property=\"og:locale\" content=\"pl_PL\" \/>\n<meta property=\"og:type\" content=\"article\" \/>\n<meta property=\"og:title\" content=\"Doniczka z okularami ma\u0142a, ozdobiona mchem i kwiatkami na Wielkanoc - Ozdoby i prezenty z mchu | #u\u015bMECHnij si\u0119!\" \/>\n<meta property=\"og:description\" content=\"Chrobotkowa doniczka z okularami doskonale wkomponuje si\u0119 w Twoje mieszkanie i nada Twoim pomieszczeniom nietuzinkowego wygl\u0105du!\" \/>\n<meta property=\"og:url\" content=\"https:\/\/greenowacja.pl\/produkt\/doniczka-z-okularami-mala-ozdobiona-mchem-wielkanoc\/\" \/>\n<meta property=\"og:site_name\" content=\"Ozdoby i prezenty z mchu | #u\u015bMECHnij si\u0119!\" \/>\n<meta property=\"article:publisher\" content=\"https:\/\/www.facebook.com\/Greenowacja\" \/>\n<meta property=\"article:modified_time\" content=\"2026-04-25T09:42:15+00:00\" \/>\n<meta property=\"og:image\" content=\"https:\/\/greenowacja.pl\/wp-content\/uploads\/2025\/02\/IMG20250131160131-scaled.jpg\" \/>\n\t<meta property=\"og:image:width\" content=\"2560\" \/>\n\t<meta property=\"og:image:height\" content=\"2560\" \/>\n\t<meta property=\"og:image:type\" content=\"image\/jpeg\" \/>\n<meta name=\"twitter:card\" content=\"summary_large_image\" \/>\n<meta name=\"twitter:label1\" content=\"Szacowany czas czytania\" \/>\n\t<meta name=\"twitter:data1\" content=\"2 minuty\" \/>\n<script type=\"application\/ld+json\" class=\"yoast-schema-graph\">{\"@context\":\"https:\\\/\\\/schema.org\",\"@graph\":[{\"@type\":\"WebPage\",\"@id\":\"https:\\\/\\\/greenowacja.pl\\\/produkt\\\/doniczka-z-okularami-mala-ozdobiona-mchem-wielkanoc\\\/\",\"url\":\"https:\\\/\\\/greenowacja.pl\\\/produkt\\\/doniczka-z-okularami-mala-ozdobiona-mchem-wielkanoc\\\/\",\"name\":\"Doniczka z okularami ma\u0142a, ozdobiona mchem i kwiatkami na Wielkanoc - Ozdoby i prezenty z mchu | #u\u015bMECHnij si\u0119!\",\"isPartOf\":{\"@id\":\"https:\\\/\\\/greenowacja.pl\\\/#website\"},\"primaryImageOfPage\":{\"@id\":\"https:\\\/\\\/greenowacja.pl\\\/produkt\\\/doniczka-z-okularami-mala-ozdobiona-mchem-wielkanoc\\\/#primaryimage\"},\"image\":{\"@id\":\"https:\\\/\\\/greenowacja.pl\\\/produkt\\\/doniczka-z-okularami-mala-ozdobiona-mchem-wielkanoc\\\/#primaryimage\"},\"thumbnailUrl\":\"https:\\\/\\\/greenowacja.pl\\\/wp-content\\\/uploads\\\/2025\\\/02\\\/IMG20250131160131-scaled.jpg\",\"datePublished\":\"2025-02-24T13:47:32+00:00\",\"dateModified\":\"2026-04-25T09:42:15+00:00\",\"description\":\"Chrobotkowa doniczka z okularami doskonale wkomponuje si\u0119 w Twoje mieszkanie i nada Twoim pomieszczeniom nietuzinkowego wygl\u0105du!\",\"breadcrumb\":{\"@id\":\"https:\\\/\\\/greenowacja.pl\\\/produkt\\\/doniczka-z-okularami-mala-ozdobiona-mchem-wielkanoc\\\/#breadcrumb\"},\"inLanguage\":\"pl-PL\",\"potentialAction\":[{\"@type\":\"ReadAction\",\"target\":[\"https:\\\/\\\/greenowacja.pl\\\/produkt\\\/doniczka-z-okularami-mala-ozdobiona-mchem-wielkanoc\\\/\"]}]},{\"@type\":\"ImageObject\",\"inLanguage\":\"pl-PL\",\"@id\":\"https:\\\/\\\/greenowacja.pl\\\/produkt\\\/doniczka-z-okularami-mala-ozdobiona-mchem-wielkanoc\\\/#primaryimage\",\"url\":\"https:\\\/\\\/greenowacja.pl\\\/wp-content\\\/uploads\\\/2025\\\/02\\\/IMG20250131160131-scaled.jpg\",\"contentUrl\":\"https:\\\/\\\/greenowacja.pl\\\/wp-content\\\/uploads\\\/2025\\\/02\\\/IMG20250131160131-scaled.jpg\",\"width\":2560,\"height\":2560},{\"@type\":\"BreadcrumbList\",\"@id\":\"https:\\\/\\\/greenowacja.pl\\\/produkt\\\/doniczka-z-okularami-mala-ozdobiona-mchem-wielkanoc\\\/#breadcrumb\",\"itemListElement\":[{\"@type\":\"ListItem\",\"position\":1,\"name\":\"Strona g\u0142\u00f3wna\",\"item\":\"https:\\\/\\\/greenowacja.pl\\\/\"},{\"@type\":\"ListItem\",\"position\":2,\"name\":\"Sklep\",\"item\":\"https:\\\/\\\/greenowacja.pl\\\/sklep-z-mchem-chrobotkiem\\\/\"},{\"@type\":\"ListItem\",\"position\":3,\"name\":\"Doniczka z okularami ma\u0142a, ozdobiona mchem i kwiatkami na Wielkanoc\"}]},{\"@type\":\"WebSite\",\"@id\":\"https:\\\/\\\/greenowacja.pl\\\/#website\",\"url\":\"https:\\\/\\\/greenowacja.pl\\\/\",\"name\":\"Ozdoby i prezenty z mchu | #u\u015bMECHnij si\u0119!\",\"description\":\"\",\"publisher\":{\"@id\":\"https:\\\/\\\/greenowacja.pl\\\/#organization\"},\"potentialAction\":[{\"@type\":\"SearchAction\",\"target\":{\"@type\":\"EntryPoint\",\"urlTemplate\":\"https:\\\/\\\/greenowacja.pl\\\/?s={search_term_string}\"},\"query-input\":{\"@type\":\"PropertyValueSpecification\",\"valueRequired\":true,\"valueName\":\"search_term_string\"}}],\"inLanguage\":\"pl-PL\"},{\"@type\":\"Organization\",\"@id\":\"https:\\\/\\\/greenowacja.pl\\\/#organization\",\"name\":\"Ozdoby i prezenty z mchu | #u\u015bMECHnij si\u0119!\",\"url\":\"https:\\\/\\\/greenowacja.pl\\\/\",\"logo\":{\"@type\":\"ImageObject\",\"inLanguage\":\"pl-PL\",\"@id\":\"https:\\\/\\\/greenowacja.pl\\\/#\\\/schema\\\/logo\\\/image\\\/\",\"url\":\"https:\\\/\\\/greenowacja.pl\\\/wp-content\\\/uploads\\\/2023\\\/08\\\/Logo-Greenowacja-wer-z-claimem-pozioma-2-kolory_Easy-Resize.com_.jpg\",\"contentUrl\":\"https:\\\/\\\/greenowacja.pl\\\/wp-content\\\/uploads\\\/2023\\\/08\\\/Logo-Greenowacja-wer-z-claimem-pozioma-2-kolory_Easy-Resize.com_.jpg\",\"width\":1280,\"height\":426,\"caption\":\"Ozdoby i prezenty z mchu | #u\u015bMECHnij si\u0119!\"},\"image\":{\"@id\":\"https:\\\/\\\/greenowacja.pl\\\/#\\\/schema\\\/logo\\\/image\\\/\"},\"sameAs\":[\"https:\\\/\\\/www.facebook.com\\\/Greenowacja\",\"https:\\\/\\\/www.instagram.com\\\/greenowacja\\\/\"]}]}<\/script>\n<!-- \/ Yoast SEO plugin. -->","yoast_head_json":{"title":"Doniczka z okularami ma\u0142a, ozdobiona mchem i kwiatkami na Wielkanoc - Ozdoby i prezenty z mchu | #u\u015bMECHnij si\u0119!","description":"Chrobotkowa doniczka z okularami doskonale wkomponuje si\u0119 w Twoje mieszkanie i nada Twoim pomieszczeniom nietuzinkowego wygl\u0105du!","robots":{"index":"index","follow":"follow","max-snippet":"max-snippet:-1","max-image-preview":"max-image-preview:large","max-video-preview":"max-video-preview:-1"},"canonical":"https:\/\/greenowacja.pl\/produkt\/doniczka-z-okularami-mala-ozdobiona-mchem-wielkanoc\/","og_locale":"pl_PL","og_type":"article","og_title":"Doniczka z okularami ma\u0142a, ozdobiona mchem i kwiatkami na Wielkanoc - Ozdoby i prezenty z mchu | #u\u015bMECHnij si\u0119!","og_description":"Chrobotkowa doniczka z okularami doskonale wkomponuje si\u0119 w Twoje mieszkanie i nada Twoim pomieszczeniom nietuzinkowego wygl\u0105du!","og_url":"https:\/\/greenowacja.pl\/produkt\/doniczka-z-okularami-mala-ozdobiona-mchem-wielkanoc\/","og_site_name":"Ozdoby i prezenty z mchu | #u\u015bMECHnij si\u0119!","article_publisher":"https:\/\/www.facebook.com\/Greenowacja","article_modified_time":"2026-04-25T09:42:15+00:00","og_image":[{"width":2560,"height":2560,"url":"https:\/\/greenowacja.pl\/wp-content\/uploads\/2025\/02\/IMG20250131160131-scaled.jpg","type":"image\/jpeg"}],"twitter_card":"summary_large_image","twitter_misc":{"Szacowany czas czytania":"2 minuty"},"schema":{"@context":"https:\/\/schema.org","@graph":[{"@type":"WebPage","@id":"https:\/\/greenowacja.pl\/produkt\/doniczka-z-okularami-mala-ozdobiona-mchem-wielkanoc\/","url":"https:\/\/greenowacja.pl\/produkt\/doniczka-z-okularami-mala-ozdobiona-mchem-wielkanoc\/","name":"Doniczka z okularami ma\u0142a, ozdobiona mchem i kwiatkami na Wielkanoc - Ozdoby i prezenty z mchu | #u\u015bMECHnij si\u0119!","isPartOf":{"@id":"https:\/\/greenowacja.pl\/#website"},"primaryImageOfPage":{"@id":"https:\/\/greenowacja.pl\/produkt\/doniczka-z-okularami-mala-ozdobiona-mchem-wielkanoc\/#primaryimage"},"image":{"@id":"https:\/\/greenowacja.pl\/produkt\/doniczka-z-okularami-mala-ozdobiona-mchem-wielkanoc\/#primaryimage"},"thumbnailUrl":"https:\/\/greenowacja.pl\/wp-content\/uploads\/2025\/02\/IMG20250131160131-scaled.jpg","datePublished":"2025-02-24T13:47:32+00:00","dateModified":"2026-04-25T09:42:15+00:00","description":"Chrobotkowa doniczka z okularami doskonale wkomponuje si\u0119 w Twoje mieszkanie i nada Twoim pomieszczeniom nietuzinkowego wygl\u0105du!","breadcrumb":{"@id":"https:\/\/greenowacja.pl\/produkt\/doniczka-z-okularami-mala-ozdobiona-mchem-wielkanoc\/#breadcrumb"},"inLanguage":"pl-PL","potentialAction":[{"@type":"ReadAction","target":["https:\/\/greenowacja.pl\/produkt\/doniczka-z-okularami-mala-ozdobiona-mchem-wielkanoc\/"]}]},{"@type":"ImageObject","inLanguage":"pl-PL","@id":"https:\/\/greenowacja.pl\/produkt\/doniczka-z-okularami-mala-ozdobiona-mchem-wielkanoc\/#primaryimage","url":"https:\/\/greenowacja.pl\/wp-content\/uploads\/2025\/02\/IMG20250131160131-scaled.jpg","contentUrl":"https:\/\/greenowacja.pl\/wp-content\/uploads\/2025\/02\/IMG20250131160131-scaled.jpg","width":2560,"height":2560},{"@type":"BreadcrumbList","@id":"https:\/\/greenowacja.pl\/produkt\/doniczka-z-okularami-mala-ozdobiona-mchem-wielkanoc\/#breadcrumb","itemListElement":[{"@type":"ListItem","position":1,"name":"Strona g\u0142\u00f3wna","item":"https:\/\/greenowacja.pl\/"},{"@type":"ListItem","position":2,"name":"Sklep","item":"https:\/\/greenowacja.pl\/sklep-z-mchem-chrobotkiem\/"},{"@type":"ListItem","position":3,"name":"Doniczka z okularami ma\u0142a, ozdobiona mchem i kwiatkami na Wielkanoc"}]},{"@type":"WebSite","@id":"https:\/\/greenowacja.pl\/#website","url":"https:\/\/greenowacja.pl\/","name":"Ozdoby i prezenty z mchu | #u\u015bMECHnij si\u0119!","description":"","publisher":{"@id":"https:\/\/greenowacja.pl\/#organization"},"potentialAction":[{"@type":"SearchAction","target":{"@type":"EntryPoint","urlTemplate":"https:\/\/greenowacja.pl\/?s={search_term_string}"},"query-input":{"@type":"PropertyValueSpecification","valueRequired":true,"valueName":"search_term_string"}}],"inLanguage":"pl-PL"},{"@type":"Organization","@id":"https:\/\/greenowacja.pl\/#organization","name":"Ozdoby i prezenty z mchu | #u\u015bMECHnij si\u0119!","url":"https:\/\/greenowacja.pl\/","logo":{"@type":"ImageObject","inLanguage":"pl-PL","@id":"https:\/\/greenowacja.pl\/#\/schema\/logo\/image\/","url":"https:\/\/greenowacja.pl\/wp-content\/uploads\/2023\/08\/Logo-Greenowacja-wer-z-claimem-pozioma-2-kolory_Easy-Resize.com_.jpg","contentUrl":"https:\/\/greenowacja.pl\/wp-content\/uploads\/2023\/08\/Logo-Greenowacja-wer-z-claimem-pozioma-2-kolory_Easy-Resize.com_.jpg","width":1280,"height":426,"caption":"Ozdoby i prezenty z mchu | #u\u015bMECHnij si\u0119!"},"image":{"@id":"https:\/\/greenowacja.pl\/#\/schema\/logo\/image\/"},"sameAs":["https:\/\/www.facebook.com\/Greenowacja","https:\/\/www.instagram.com\/greenowacja\/"]}]}},"_links":{"self":[{"href":"https:\/\/greenowacja.pl\/wp-json\/wp\/v2\/product\/16041","targetHints":{"allow":["GET"]}}],"collection":[{"href":"https:\/\/greenowacja.pl\/wp-json\/wp\/v2\/product"}],"about":[{"href":"https:\/\/greenowacja.pl\/wp-json\/wp\/v2\/types\/product"}],"wp:featuredmedia":[{"embeddable":true,"href":"https:\/\/greenowacja.pl\/wp-json\/wp\/v2\/media\/16042"}],"wp:attachment":[{"href":"https:\/\/greenowacja.pl\/wp-json\/wp\/v2\/media?parent=16041"}],"wp:term":[{"taxonomy":"product_brand","embeddable":true,"href":"https:\/\/greenowacja.pl\/wp-json\/wp\/v2\/product_brand?post=16041"},{"taxonomy":"product_cat","embeddable":true,"href":"https:\/\/greenowacja.pl\/wp-json\/wp\/v2\/product_cat?post=16041"},{"taxonomy":"product_tag","embeddable":true,"href":"https:\/\/greenowacja.pl\/wp-json\/wp\/v2\/product_tag?post=16041"}],"curies":[{"name":"wp","href":"https:\/\/api.w.org\/{rel}","templated":true}]}}