{"id":16047,"date":"2025-02-24T16:31:27","date_gmt":"2025-02-24T15:31:27","guid":{"rendered":"https:\/\/greenowacja.pl\/?post_type=product&#038;p=16047"},"modified":"2026-04-29T20:06:22","modified_gmt":"2026-04-29T18:06:22","slug":"doniczka-z-okularami-mala-ozdobiona-mchem-prezent-dla-mamy","status":"publish","type":"product","link":"https:\/\/greenowacja.pl\/produkt\/doniczka-z-okularami-mala-ozdobiona-mchem-prezent-dla-mamy\/","title":{"rendered":"Doniczka z okularami ma\u0142a, ozdobiona mchem i kwiatkami &#8211; prezent dla mamy"},"content":{"rendered":"<h3 data-start=\"0\" data-end=\"65\"><strong data-start=\"4\" data-end=\"58\">Doniczka z okularami \u2013 wyj\u0105tkowy prezent dla mamy!<\/strong> \u2764\ufe0f\ud83c\udf3f<\/h3>\n<p data-start=\"67\" data-end=\"457\">Szukasz <strong data-start=\"75\" data-end=\"111\">nietuzinkowego prezentu dla mamy<\/strong>, kt\u00f3ry b\u0119dzie zar\u00f3wno <strong data-start=\"134\" data-end=\"163\">stylowy, jak i praktyczny<\/strong>? Nasza <strong data-start=\"171\" data-end=\"195\">doniczka z okularami<\/strong> to doskona\u0142y wyb\u00f3r! Ozdobiona <strong data-start=\"226\" data-end=\"264\">naturalnym chrobotkiem reniferowym<\/strong>, dodaje wn\u0119trzu elegancji i wyj\u0105tkowego charakteru, a przy tym <strong data-start=\"328\" data-end=\"353\">nie wymaga podlewania<\/strong>. To \u015bwietna alternatywa dla tradycyjnych kwiat\u00f3w \u2013 pi\u0119kna ozdoba, kt\u00f3ra pozostanie z mam\u0105 przez lata!<\/p>\n<h3 data-start=\"459\" data-end=\"512\"><strong data-start=\"463\" data-end=\"510\">Dlaczego warto podarowa\u0107 mamie t\u0119 doniczk\u0119?<\/strong><\/h3>\n<p data-start=\"513\" data-end=\"859\">\ud83d\udc53 <strong data-start=\"516\" data-end=\"549\">Oryginalny i elegancki design<\/strong> \u2013 niebanalna dekoracja, kt\u00f3ra doda uroku ka\u017cdemu wn\u0119trzu.<br data-start=\"607\" data-end=\"610\" \/>\ud83c\udf3f <strong data-start=\"613\" data-end=\"645\">Naturalne pi\u0119kno bez wysi\u0142ku<\/strong> \u2013 chrobotek reniferowy pozostaje \u015bwie\u017cy i mi\u0119kki przez <strong data-start=\"701\" data-end=\"713\">8-10 lat<\/strong>, bez potrzeby piel\u0119gnacji.<br data-start=\"740\" data-end=\"743\" \/>\ud83c\udf81 <strong data-start=\"746\" data-end=\"781\">Idealny prezent na ka\u017cd\u0105 okazj\u0119<\/strong> \u2013 <strong data-start=\"784\" data-end=\"819\">Dzie\u0144 Matki, urodziny, imieniny<\/strong> czy po prostu mi\u0142y gest wdzi\u0119czno\u015bci.<\/p>\n<h3 data-start=\"861\" data-end=\"886\"><strong data-start=\"865\" data-end=\"884\">Cechy produktu:<\/strong><\/h3>\n<p data-start=\"887\" data-end=\"1014\">\ud83d\udccf <strong data-start=\"890\" data-end=\"902\">Wymiary:<\/strong><br data-start=\"902\" data-end=\"905\" \/>\u2714 <strong data-start=\"907\" data-end=\"920\">\u015arednica:<\/strong> ok. <strong data-start=\"925\" data-end=\"936\">9-10 cm<\/strong> (razem z chrobotkiem)<br data-start=\"958\" data-end=\"961\" \/>\u2714 <strong data-start=\"963\" data-end=\"976\">Wysoko\u015b\u0107:<\/strong> ok. <strong data-start=\"981\" data-end=\"990\">12 cm<\/strong> (razem z chrobotkiem)<\/p>\n<p data-start=\"1016\" data-end=\"1194\">\ud83c\udf31 <strong data-start=\"1019\" data-end=\"1050\">Trwa\u0142o\u015b\u0107 i naturalny wygl\u0105d<\/strong> \u2013 chrobotek reniferowy pochodz\u0105cy z Finlandii jest stabilizowany, dzi\u0119ki czemu zachowuje swoj\u0105 barw\u0119 i struktur\u0119 <strong data-start=\"1164\" data-end=\"1191\">bez potrzeby podlewania<\/strong>.<\/p>\n<h3 data-start=\"1196\" data-end=\"1224\"><strong data-start=\"1200\" data-end=\"1222\">Korzy\u015bci:<\/strong><\/h3>\n<p data-start=\"1225\" data-end=\"1493\">\u2705 <strong data-start=\"1227\" data-end=\"1259\">Pi\u0119kna ozdoba bez obowi\u0105zk\u00f3w<\/strong> \u2013 brak potrzeby podlewania i piel\u0119gnacji.<br data-start=\"1301\" data-end=\"1304\" \/>\u2705 <strong data-start=\"1306\" data-end=\"1323\">Uniwersalno\u015b\u0107<\/strong> \u2013 pasuje do ka\u017cdego wn\u0119trza: salonu, sypialni czy biura.<br data-start=\"1380\" data-end=\"1383\" \/>\u2705 <strong data-start=\"1385\" data-end=\"1406\">Ekologiczny wyb\u00f3r<\/strong> \u2013 naturalne materia\u0142y sprawiaj\u0105, \u017ce prezent jest stylowy i przyjazny dla \u015brodowiska.<\/p>\n<h3 data-start=\"1495\" data-end=\"1518\"><\/h3>\n<p data-start=\"1519\" data-end=\"1811\">Chcesz podarowa\u0107 mamie <strong data-start=\"1542\" data-end=\"1561\">co\u015b wyj\u0105tkowego<\/strong>, co b\u0119dzie cieszy\u0107 oko przez lata? <strong data-start=\"1597\" data-end=\"1655\">Doniczka z okularami ozdobiona chrobotkiem reniferowym<\/strong> to <strong data-start=\"1659\" data-end=\"1681\">oryginalny prezent<\/strong>, kt\u00f3ry doda wn\u0119trzu stylu i ciep\u0142a. <strong data-start=\"1718\" data-end=\"1809\">To idealny wyb\u00f3r dla mam, kt\u00f3re kochaj\u0105 ro\u015bliny, ale nie maj\u0105 czasu na ich piel\u0119gnacj\u0119.<\/strong><\/p>\n<p data-start=\"1813\" data-end=\"1879\" data-is-last-node=\"\" data-is-only-node=\"\">\ud83d\udc49 <strong data-start=\"1816\" data-end=\"1874\">Zam\u00f3w ju\u017c teraz i spraw mamie rado\u015b\u0107 pi\u0119kn\u0105 dekoracj\u0105!<\/strong> \ud83c\udf81\ud83d\udc9a<\/p>\n","protected":false},"excerpt":{"rendered":"<p><strong data-start=\"0\" data-end=\"74\" data-is-only-node=\"\">Doniczka z okularami \u2013 stylowy, praktyczny dodatek do Twojego wn\u0119trza!<\/strong><br data-start=\"74\" data-end=\"77\" \/>Idealna do mieszkania, gabinetu czy biura \u2013 nasza doniczka z chrobotkiem reniferowym. Dzi\u0119ki trwa\u0142o\u015bci (8-10 lat) i niebanalnemu wygl\u0105dowi, to \u015bwietny pomys\u0142 na prezent oraz dodatek, kt\u00f3ry odmieni ka\u017cde wn\u0119trze.<br data-start=\"341\" data-end=\"344\" \/><strong data-start=\"344\" data-end=\"405\" data-is-last-node=\"\">Kup teraz i dodaj wyj\u0105tkowego charakteru swojemu miejscu!<\/strong><\/p>\n","protected":false},"featured_media":16048,"template":"","meta":{"site-sidebar-layout":"default","site-content-layout":"default","ast-site-content-layout":"default","site-content-style":"default","site-sidebar-style":"default","ast-global-header-display":"","ast-banner-title-visibility":"","ast-main-header-display":"","ast-hfb-above-header-display":"","ast-hfb-below-header-display":"","ast-hfb-mobile-header-display":"","site-post-title":"","ast-breadcrumbs-content":"","ast-featured-img":"","footer-sml-layout":"","theme-transparent-header-meta":"default","adv-header-id-meta":"","stick-header-meta":"","header-above-stick-meta":"","header-main-stick-meta":"","header-below-stick-meta":"","astra-migrate-meta-layouts":"set","ast-page-background-enabled":"default","ast-page-background-meta":{"desktop":{"background-color":"","background-image":"","background-repeat":"repeat","background-position":"center center","background-size":"auto","background-attachment":"scroll","background-type":"","background-media":"","overlay-type":"","overlay-color":"","overlay-opacity":"","overlay-gradient":""},"tablet":{"background-color":"","background-image":"","background-repeat":"repeat","background-position":"center center","background-size":"auto","background-attachment":"scroll","background-type":"","background-media":"","overlay-type":"","overlay-color":"","overlay-opacity":"","overlay-gradient":""},"mobile":{"background-color":"","background-image":"","background-repeat":"repeat","background-position":"center center","background-size":"auto","background-attachment":"scroll","background-type":"","background-media":"","overlay-type":"","overlay-color":"","overlay-opacity":"","overlay-gradient":""}},"ast-content-background-meta":{"desktop":{"background-color":"var(--ast-global-color-5)","background-image":"","background-repeat":"repeat","background-position":"center center","background-size":"auto","background-attachment":"scroll","background-type":"","background-media":"","overlay-type":"","overlay-color":"","overlay-opacity":"","overlay-gradient":""},"tablet":{"background-color":"var(--ast-global-color-5)","background-image":"","background-repeat":"repeat","background-position":"center center","background-size":"auto","background-attachment":"scroll","background-type":"","background-media":"","overlay-type":"","overlay-color":"","overlay-opacity":"","overlay-gradient":""},"mobile":{"background-color":"var(--ast-global-color-5)","background-image":"","background-repeat":"repeat","background-position":"center center","background-size":"auto","background-attachment":"scroll","background-type":"","background-media":"","overlay-type":"","overlay-color":"","overlay-opacity":"","overlay-gradient":""}}},"product_brand":[],"product_cat":[96],"product_tag":[],"class_list":{"0":"post-16047","1":"product","2":"type-product","3":"status-publish","4":"has-post-thumbnail","6":"product_cat-prezenty-na-dzien-mamy-z-mchem","7":"desktop-align-left","8":"tablet-align-left","9":"mobile-align-left","11":"first","12":"instock","13":"taxable","14":"shipping-taxable","15":"purchasable","16":"product-type-simple"},"yoast_head":"<!-- This site is optimized with the Yoast SEO plugin v27.4 - https:\/\/yoast.com\/product\/yoast-seo-wordpress\/ -->\n<title>Doniczka z okularami ma\u0142a, ozdobiona mchem i kwiatkami - prezent dla mamy - Ozdoby i prezenty z mchu | #u\u015bMECHnij si\u0119!<\/title>\n<meta name=\"description\" content=\"Chrobotkowa doniczka z okularami doskonale wkomponuje si\u0119 w Twoje mieszkanie i nada Twoim pomieszczeniom nietuzinkowego wygl\u0105du!\" \/>\n<meta name=\"robots\" content=\"index, follow, max-snippet:-1, max-image-preview:large, max-video-preview:-1\" \/>\n<link rel=\"canonical\" href=\"https:\/\/greenowacja.pl\/produkt\/doniczka-z-okularami-mala-ozdobiona-mchem-prezent-dla-mamy\/\" \/>\n<meta property=\"og:locale\" content=\"pl_PL\" \/>\n<meta property=\"og:type\" content=\"article\" \/>\n<meta property=\"og:title\" content=\"Doniczka z okularami ma\u0142a, ozdobiona mchem i kwiatkami - prezent dla mamy - Ozdoby i prezenty z mchu | #u\u015bMECHnij si\u0119!\" \/>\n<meta property=\"og:description\" content=\"Chrobotkowa doniczka z okularami doskonale wkomponuje si\u0119 w Twoje mieszkanie i nada Twoim pomieszczeniom nietuzinkowego wygl\u0105du!\" \/>\n<meta property=\"og:url\" content=\"https:\/\/greenowacja.pl\/produkt\/doniczka-z-okularami-mala-ozdobiona-mchem-prezent-dla-mamy\/\" \/>\n<meta property=\"og:site_name\" content=\"Ozdoby i prezenty z mchu | #u\u015bMECHnij si\u0119!\" \/>\n<meta property=\"article:publisher\" content=\"https:\/\/www.facebook.com\/Greenowacja\" \/>\n<meta property=\"article:modified_time\" content=\"2026-04-29T18:06:22+00:00\" \/>\n<meta property=\"og:image\" content=\"https:\/\/greenowacja.pl\/wp-content\/uploads\/2025\/02\/IMG20250131155952-scaled.jpg\" \/>\n\t<meta property=\"og:image:width\" content=\"2560\" \/>\n\t<meta property=\"og:image:height\" content=\"2560\" \/>\n\t<meta property=\"og:image:type\" content=\"image\/jpeg\" \/>\n<meta name=\"twitter:card\" content=\"summary_large_image\" \/>\n<meta name=\"twitter:label1\" content=\"Szacowany czas czytania\" \/>\n\t<meta name=\"twitter:data1\" content=\"2 minuty\" \/>\n<script type=\"application\/ld+json\" class=\"yoast-schema-graph\">{\"@context\":\"https:\\\/\\\/schema.org\",\"@graph\":[{\"@type\":\"WebPage\",\"@id\":\"https:\\\/\\\/greenowacja.pl\\\/produkt\\\/doniczka-z-okularami-mala-ozdobiona-mchem-prezent-dla-mamy\\\/\",\"url\":\"https:\\\/\\\/greenowacja.pl\\\/produkt\\\/doniczka-z-okularami-mala-ozdobiona-mchem-prezent-dla-mamy\\\/\",\"name\":\"Doniczka z okularami ma\u0142a, ozdobiona mchem i kwiatkami - prezent dla mamy - Ozdoby i prezenty z mchu | #u\u015bMECHnij si\u0119!\",\"isPartOf\":{\"@id\":\"https:\\\/\\\/greenowacja.pl\\\/#website\"},\"primaryImageOfPage\":{\"@id\":\"https:\\\/\\\/greenowacja.pl\\\/produkt\\\/doniczka-z-okularami-mala-ozdobiona-mchem-prezent-dla-mamy\\\/#primaryimage\"},\"image\":{\"@id\":\"https:\\\/\\\/greenowacja.pl\\\/produkt\\\/doniczka-z-okularami-mala-ozdobiona-mchem-prezent-dla-mamy\\\/#primaryimage\"},\"thumbnailUrl\":\"https:\\\/\\\/greenowacja.pl\\\/wp-content\\\/uploads\\\/2025\\\/02\\\/IMG20250131155952-scaled.jpg\",\"datePublished\":\"2025-02-24T15:31:27+00:00\",\"dateModified\":\"2026-04-29T18:06:22+00:00\",\"description\":\"Chrobotkowa doniczka z okularami doskonale wkomponuje si\u0119 w Twoje mieszkanie i nada Twoim pomieszczeniom nietuzinkowego wygl\u0105du!\",\"breadcrumb\":{\"@id\":\"https:\\\/\\\/greenowacja.pl\\\/produkt\\\/doniczka-z-okularami-mala-ozdobiona-mchem-prezent-dla-mamy\\\/#breadcrumb\"},\"inLanguage\":\"pl-PL\",\"potentialAction\":[{\"@type\":\"ReadAction\",\"target\":[\"https:\\\/\\\/greenowacja.pl\\\/produkt\\\/doniczka-z-okularami-mala-ozdobiona-mchem-prezent-dla-mamy\\\/\"]}]},{\"@type\":\"ImageObject\",\"inLanguage\":\"pl-PL\",\"@id\":\"https:\\\/\\\/greenowacja.pl\\\/produkt\\\/doniczka-z-okularami-mala-ozdobiona-mchem-prezent-dla-mamy\\\/#primaryimage\",\"url\":\"https:\\\/\\\/greenowacja.pl\\\/wp-content\\\/uploads\\\/2025\\\/02\\\/IMG20250131155952-scaled.jpg\",\"contentUrl\":\"https:\\\/\\\/greenowacja.pl\\\/wp-content\\\/uploads\\\/2025\\\/02\\\/IMG20250131155952-scaled.jpg\",\"width\":2560,\"height\":2560},{\"@type\":\"BreadcrumbList\",\"@id\":\"https:\\\/\\\/greenowacja.pl\\\/produkt\\\/doniczka-z-okularami-mala-ozdobiona-mchem-prezent-dla-mamy\\\/#breadcrumb\",\"itemListElement\":[{\"@type\":\"ListItem\",\"position\":1,\"name\":\"Strona g\u0142\u00f3wna\",\"item\":\"https:\\\/\\\/greenowacja.pl\\\/\"},{\"@type\":\"ListItem\",\"position\":2,\"name\":\"Sklep\",\"item\":\"https:\\\/\\\/greenowacja.pl\\\/sklep-z-mchem-chrobotkiem\\\/\"},{\"@type\":\"ListItem\",\"position\":3,\"name\":\"Doniczka z okularami ma\u0142a, ozdobiona mchem i kwiatkami &#8211; prezent dla mamy\"}]},{\"@type\":\"WebSite\",\"@id\":\"https:\\\/\\\/greenowacja.pl\\\/#website\",\"url\":\"https:\\\/\\\/greenowacja.pl\\\/\",\"name\":\"Ozdoby i prezenty z mchu | #u\u015bMECHnij si\u0119!\",\"description\":\"\",\"publisher\":{\"@id\":\"https:\\\/\\\/greenowacja.pl\\\/#organization\"},\"potentialAction\":[{\"@type\":\"SearchAction\",\"target\":{\"@type\":\"EntryPoint\",\"urlTemplate\":\"https:\\\/\\\/greenowacja.pl\\\/?s={search_term_string}\"},\"query-input\":{\"@type\":\"PropertyValueSpecification\",\"valueRequired\":true,\"valueName\":\"search_term_string\"}}],\"inLanguage\":\"pl-PL\"},{\"@type\":\"Organization\",\"@id\":\"https:\\\/\\\/greenowacja.pl\\\/#organization\",\"name\":\"Ozdoby i prezenty z mchu | #u\u015bMECHnij si\u0119!\",\"url\":\"https:\\\/\\\/greenowacja.pl\\\/\",\"logo\":{\"@type\":\"ImageObject\",\"inLanguage\":\"pl-PL\",\"@id\":\"https:\\\/\\\/greenowacja.pl\\\/#\\\/schema\\\/logo\\\/image\\\/\",\"url\":\"https:\\\/\\\/greenowacja.pl\\\/wp-content\\\/uploads\\\/2023\\\/08\\\/Logo-Greenowacja-wer-z-claimem-pozioma-2-kolory_Easy-Resize.com_.jpg\",\"contentUrl\":\"https:\\\/\\\/greenowacja.pl\\\/wp-content\\\/uploads\\\/2023\\\/08\\\/Logo-Greenowacja-wer-z-claimem-pozioma-2-kolory_Easy-Resize.com_.jpg\",\"width\":1280,\"height\":426,\"caption\":\"Ozdoby i prezenty z mchu | #u\u015bMECHnij si\u0119!\"},\"image\":{\"@id\":\"https:\\\/\\\/greenowacja.pl\\\/#\\\/schema\\\/logo\\\/image\\\/\"},\"sameAs\":[\"https:\\\/\\\/www.facebook.com\\\/Greenowacja\",\"https:\\\/\\\/www.instagram.com\\\/greenowacja\\\/\"]}]}<\/script>\n<!-- \/ Yoast SEO plugin. -->","yoast_head_json":{"title":"Doniczka z okularami ma\u0142a, ozdobiona mchem i kwiatkami - prezent dla mamy - Ozdoby i prezenty z mchu | #u\u015bMECHnij si\u0119!","description":"Chrobotkowa doniczka z okularami doskonale wkomponuje si\u0119 w Twoje mieszkanie i nada Twoim pomieszczeniom nietuzinkowego wygl\u0105du!","robots":{"index":"index","follow":"follow","max-snippet":"max-snippet:-1","max-image-preview":"max-image-preview:large","max-video-preview":"max-video-preview:-1"},"canonical":"https:\/\/greenowacja.pl\/produkt\/doniczka-z-okularami-mala-ozdobiona-mchem-prezent-dla-mamy\/","og_locale":"pl_PL","og_type":"article","og_title":"Doniczka z okularami ma\u0142a, ozdobiona mchem i kwiatkami - prezent dla mamy - Ozdoby i prezenty z mchu | #u\u015bMECHnij si\u0119!","og_description":"Chrobotkowa doniczka z okularami doskonale wkomponuje si\u0119 w Twoje mieszkanie i nada Twoim pomieszczeniom nietuzinkowego wygl\u0105du!","og_url":"https:\/\/greenowacja.pl\/produkt\/doniczka-z-okularami-mala-ozdobiona-mchem-prezent-dla-mamy\/","og_site_name":"Ozdoby i prezenty z mchu | #u\u015bMECHnij si\u0119!","article_publisher":"https:\/\/www.facebook.com\/Greenowacja","article_modified_time":"2026-04-29T18:06:22+00:00","og_image":[{"width":2560,"height":2560,"url":"https:\/\/greenowacja.pl\/wp-content\/uploads\/2025\/02\/IMG20250131155952-scaled.jpg","type":"image\/jpeg"}],"twitter_card":"summary_large_image","twitter_misc":{"Szacowany czas czytania":"2 minuty"},"schema":{"@context":"https:\/\/schema.org","@graph":[{"@type":"WebPage","@id":"https:\/\/greenowacja.pl\/produkt\/doniczka-z-okularami-mala-ozdobiona-mchem-prezent-dla-mamy\/","url":"https:\/\/greenowacja.pl\/produkt\/doniczka-z-okularami-mala-ozdobiona-mchem-prezent-dla-mamy\/","name":"Doniczka z okularami ma\u0142a, ozdobiona mchem i kwiatkami - prezent dla mamy - Ozdoby i prezenty z mchu | #u\u015bMECHnij si\u0119!","isPartOf":{"@id":"https:\/\/greenowacja.pl\/#website"},"primaryImageOfPage":{"@id":"https:\/\/greenowacja.pl\/produkt\/doniczka-z-okularami-mala-ozdobiona-mchem-prezent-dla-mamy\/#primaryimage"},"image":{"@id":"https:\/\/greenowacja.pl\/produkt\/doniczka-z-okularami-mala-ozdobiona-mchem-prezent-dla-mamy\/#primaryimage"},"thumbnailUrl":"https:\/\/greenowacja.pl\/wp-content\/uploads\/2025\/02\/IMG20250131155952-scaled.jpg","datePublished":"2025-02-24T15:31:27+00:00","dateModified":"2026-04-29T18:06:22+00:00","description":"Chrobotkowa doniczka z okularami doskonale wkomponuje si\u0119 w Twoje mieszkanie i nada Twoim pomieszczeniom nietuzinkowego wygl\u0105du!","breadcrumb":{"@id":"https:\/\/greenowacja.pl\/produkt\/doniczka-z-okularami-mala-ozdobiona-mchem-prezent-dla-mamy\/#breadcrumb"},"inLanguage":"pl-PL","potentialAction":[{"@type":"ReadAction","target":["https:\/\/greenowacja.pl\/produkt\/doniczka-z-okularami-mala-ozdobiona-mchem-prezent-dla-mamy\/"]}]},{"@type":"ImageObject","inLanguage":"pl-PL","@id":"https:\/\/greenowacja.pl\/produkt\/doniczka-z-okularami-mala-ozdobiona-mchem-prezent-dla-mamy\/#primaryimage","url":"https:\/\/greenowacja.pl\/wp-content\/uploads\/2025\/02\/IMG20250131155952-scaled.jpg","contentUrl":"https:\/\/greenowacja.pl\/wp-content\/uploads\/2025\/02\/IMG20250131155952-scaled.jpg","width":2560,"height":2560},{"@type":"BreadcrumbList","@id":"https:\/\/greenowacja.pl\/produkt\/doniczka-z-okularami-mala-ozdobiona-mchem-prezent-dla-mamy\/#breadcrumb","itemListElement":[{"@type":"ListItem","position":1,"name":"Strona g\u0142\u00f3wna","item":"https:\/\/greenowacja.pl\/"},{"@type":"ListItem","position":2,"name":"Sklep","item":"https:\/\/greenowacja.pl\/sklep-z-mchem-chrobotkiem\/"},{"@type":"ListItem","position":3,"name":"Doniczka z okularami ma\u0142a, ozdobiona mchem i kwiatkami &#8211; prezent dla mamy"}]},{"@type":"WebSite","@id":"https:\/\/greenowacja.pl\/#website","url":"https:\/\/greenowacja.pl\/","name":"Ozdoby i prezenty z mchu | #u\u015bMECHnij si\u0119!","description":"","publisher":{"@id":"https:\/\/greenowacja.pl\/#organization"},"potentialAction":[{"@type":"SearchAction","target":{"@type":"EntryPoint","urlTemplate":"https:\/\/greenowacja.pl\/?s={search_term_string}"},"query-input":{"@type":"PropertyValueSpecification","valueRequired":true,"valueName":"search_term_string"}}],"inLanguage":"pl-PL"},{"@type":"Organization","@id":"https:\/\/greenowacja.pl\/#organization","name":"Ozdoby i prezenty z mchu | #u\u015bMECHnij si\u0119!","url":"https:\/\/greenowacja.pl\/","logo":{"@type":"ImageObject","inLanguage":"pl-PL","@id":"https:\/\/greenowacja.pl\/#\/schema\/logo\/image\/","url":"https:\/\/greenowacja.pl\/wp-content\/uploads\/2023\/08\/Logo-Greenowacja-wer-z-claimem-pozioma-2-kolory_Easy-Resize.com_.jpg","contentUrl":"https:\/\/greenowacja.pl\/wp-content\/uploads\/2023\/08\/Logo-Greenowacja-wer-z-claimem-pozioma-2-kolory_Easy-Resize.com_.jpg","width":1280,"height":426,"caption":"Ozdoby i prezenty z mchu | #u\u015bMECHnij si\u0119!"},"image":{"@id":"https:\/\/greenowacja.pl\/#\/schema\/logo\/image\/"},"sameAs":["https:\/\/www.facebook.com\/Greenowacja","https:\/\/www.instagram.com\/greenowacja\/"]}]}},"_links":{"self":[{"href":"https:\/\/greenowacja.pl\/wp-json\/wp\/v2\/product\/16047","targetHints":{"allow":["GET"]}}],"collection":[{"href":"https:\/\/greenowacja.pl\/wp-json\/wp\/v2\/product"}],"about":[{"href":"https:\/\/greenowacja.pl\/wp-json\/wp\/v2\/types\/product"}],"wp:featuredmedia":[{"embeddable":true,"href":"https:\/\/greenowacja.pl\/wp-json\/wp\/v2\/media\/16048"}],"wp:attachment":[{"href":"https:\/\/greenowacja.pl\/wp-json\/wp\/v2\/media?parent=16047"}],"wp:term":[{"taxonomy":"product_brand","embeddable":true,"href":"https:\/\/greenowacja.pl\/wp-json\/wp\/v2\/product_brand?post=16047"},{"taxonomy":"product_cat","embeddable":true,"href":"https:\/\/greenowacja.pl\/wp-json\/wp\/v2\/product_cat?post=16047"},{"taxonomy":"product_tag","embeddable":true,"href":"https:\/\/greenowacja.pl\/wp-json\/wp\/v2\/product_tag?post=16047"}],"curies":[{"name":"wp","href":"https:\/\/api.w.org\/{rel}","templated":true}]}}