{"id":16501,"date":"2025-03-28T16:40:58","date_gmt":"2025-03-28T15:40:58","guid":{"rendered":"https:\/\/greenowacja.pl\/?post_type=product&#038;p=16501"},"modified":"2026-02-10T15:31:32","modified_gmt":"2026-02-10T14:31:32","slug":"doniczka-brzozowy-pien-z-mchem","status":"publish","type":"product","link":"https:\/\/greenowacja.pl\/produkt\/doniczka-brzozowy-pien-z-mchem\/","title":{"rendered":"Doniczka ceramiczna &#8211; brzoza\u00a0z mchem"},"content":{"rendered":"<h3 class=\"\" data-start=\"2162\" data-end=\"2231\">\ud83c\udf3f Doniczka Brzozowy Pie\u0144<\/h3>\n<p class=\"\" data-start=\"2233\" data-end=\"2500\">Wyd\u0142u\u017cona ceramiczna doniczka stylizowana na fragment brzozowego pnia to nowoczesna forma z dusz\u0105 natury. Delikatna faktura przypominaj\u0105ca drewno oraz intensywnie zielony chrobotek reniferowy tworz\u0105 dekoracj\u0119, kt\u00f3ra o\u017cywi ka\u017cde wn\u0119trze \u2013 subtelnie, ale z charakterem.<\/p>\n<p class=\"\" data-start=\"2502\" data-end=\"2753\">\ud83c\udfe1 <strong data-start=\"2505\" data-end=\"2523\">Stylowy akcent<\/strong><br data-start=\"2523\" data-end=\"2526\" \/>Doniczka wygl\u0105da jak fragment drzewa wyrwany prosto z lasu \u2013 r\u0119cznie stylizowana ceramika z realistyczn\u0105 struktur\u0105 i nier\u00f3wno\u015bciami nadaje jej wyj\u0105tkowego uroku. Doskonale pasuje do wn\u0119trz naturalnych, loftowych i nowoczesnych.<\/p>\n<p class=\"\" data-start=\"2755\" data-end=\"2807\">\ud83d\udc9a <strong data-start=\"2758\" data-end=\"2807\">Dlaczego warto wybra\u0107 Doniczk\u0119 Brzozowy Pie\u0144?<\/strong><\/p>\n<ul data-start=\"2808\" data-end=\"3166\">\n<li class=\"\" data-start=\"2808\" data-end=\"2911\">\n<p class=\"\" data-start=\"2810\" data-end=\"2911\"><strong data-start=\"2810\" data-end=\"2837\">Nie trzeba jej podlewa\u0107<\/strong> \u2013 chrobotek poch\u0142ania wilgo\u0107 z powietrza i nie wymaga \u017cadnej piel\u0119gnacji.<\/p>\n<\/li>\n<li class=\"\" data-start=\"2912\" data-end=\"2975\">\n<p class=\"\" data-start=\"2914\" data-end=\"2975\"><strong data-start=\"2914\" data-end=\"2936\">Lekka i kompaktowa<\/strong> \u2013 idealna na parapet, st\u00f3\u0142 lub biurko.<\/p>\n<\/li>\n<li class=\"\" data-start=\"2976\" data-end=\"3064\">\n<p class=\"\" data-start=\"2978\" data-end=\"3064\"><strong data-start=\"2978\" data-end=\"2997\">Unikalny design<\/strong> \u2013 ka\u017cda doniczka wygl\u0105da nieco inaczej dzi\u0119ki strukturze ceramiki.<\/p>\n<\/li>\n<li class=\"\" data-start=\"3065\" data-end=\"3166\">\n<p class=\"\" data-start=\"3067\" data-end=\"3166\"><strong data-start=\"3067\" data-end=\"3086\">\u015awietny prezent<\/strong> \u2013 gotowa dekoracja, kt\u00f3ra ucieszy zar\u00f3wno mi\u0142o\u015bnika natury, jak i fana designu.<\/p>\n<\/li>\n<\/ul>\n<p class=\"\" data-start=\"3168\" data-end=\"3190\">\u2728 <strong data-start=\"3170\" data-end=\"3188\">Cechy produktu<\/strong><\/p>\n<ul data-start=\"3191\" data-end=\"3325\">\n<li class=\"\" data-start=\"3191\" data-end=\"3209\">\n<p class=\"\" data-start=\"3193\" data-end=\"3209\">D\u0142ugo\u015b\u0107: 25 cm<\/p>\n<\/li>\n<li class=\"\" data-start=\"3210\" data-end=\"3230\">\n<p class=\"\" data-start=\"3212\" data-end=\"3230\">Szeroko\u015b\u0107: 11 cm<\/p>\n<\/li>\n<li class=\"\" data-start=\"3231\" data-end=\"3250\">\n<p class=\"\" data-start=\"3233\" data-end=\"3250\">Wysoko\u015b\u0107: 12 cm<\/p>\n<\/li>\n<li class=\"\" data-start=\"3251\" data-end=\"3267\">\n<p class=\"\" data-start=\"3253\" data-end=\"3267\">Waga: 1000 g<\/p>\n<\/li>\n<li class=\"\" data-start=\"3268\" data-end=\"3325\">\n<p class=\"\" data-start=\"3270\" data-end=\"3325\">Materia\u0142: ceramika + stabilizowany chrobotek reniferowy<\/p>\n<\/li>\n<\/ul>\n<p class=\"\" data-start=\"3327\" data-end=\"3347\">\ud83c\udf81 <strong data-start=\"3330\" data-end=\"3347\">Co zyskujesz?<\/strong><\/p>\n<ul data-start=\"3348\" data-end=\"3565\">\n<li class=\"\" data-start=\"3348\" data-end=\"3397\">\n<p class=\"\" data-start=\"3350\" data-end=\"3397\">Gotow\u0105 dekoracj\u0119, kt\u00f3ra nie wymaga piel\u0119gnacji.<\/p>\n<\/li>\n<li class=\"\" data-start=\"3398\" data-end=\"3476\">\n<p class=\"\" data-start=\"3400\" data-end=\"3476\">Spok\u00f3j \u2013 chrobotek jest hipoalergiczny, antystatyczny i nie przyci\u0105ga kurzu.<\/p>\n<\/li>\n<li class=\"\" data-start=\"3477\" data-end=\"3565\">\n<p class=\"\" data-start=\"3479\" data-end=\"3565\">Stylowy element wystroju \u2013 kt\u00f3ry przyci\u0105ga uwag\u0119 i dodaje naturalnej lekko\u015bci wn\u0119trzu.<\/p>\n<\/li>\n<\/ul>\n<p class=\"\" data-start=\"3567\" data-end=\"3600\">\ud83d\udee0\ufe0f <strong data-start=\"3571\" data-end=\"3600\">Piel\u0119gnacja i u\u017cytkowanie<\/strong><\/p>\n<ul data-start=\"3601\" data-end=\"3742\">\n<li class=\"\" data-start=\"3601\" data-end=\"3632\">\n<p class=\"\" data-start=\"3603\" data-end=\"3632\">Nie podlewa\u0107, nie spryskiwa\u0107.<\/p>\n<\/li>\n<li class=\"\" data-start=\"3633\" data-end=\"3702\">\n<p class=\"\" data-start=\"3635\" data-end=\"3702\">Trzyma\u0107 z dala od kaloryfer\u00f3w i bezpo\u015bredniego \u015bwiat\u0142a s\u0142onecznego.<\/p>\n<\/li>\n<li class=\"\" data-start=\"3703\" data-end=\"3742\">\n<p class=\"\" data-start=\"3705\" data-end=\"3742\">Zapewni\u0107 wilgotno\u015b\u0107 powietrza 40\u201360%.<\/p>\n<\/li>\n<\/ul>\n<p class=\"\" data-start=\"3744\" data-end=\"3771\">\ud83d\udce6 <strong data-start=\"3747\" data-end=\"3771\">Realizacja i dostawa<\/strong><\/p>\n<ul data-start=\"3772\" data-end=\"3901\">\n<li class=\"\" data-start=\"3772\" data-end=\"3810\">\n<p class=\"\" data-start=\"3774\" data-end=\"3810\">Czas realizacji: do 3 dni roboczych.<\/p>\n<\/li>\n<li class=\"\" data-start=\"3811\" data-end=\"3901\">\n<p class=\"\" data-start=\"3813\" data-end=\"3901\">Ka\u017cdy egzemplarz pakujemy tak, by dotar\u0142 bezpiecznie \u2013 gotowy do wr\u0119czenia jako prezent.<\/p>\n<\/li>\n<\/ul>\n","protected":false},"excerpt":{"rendered":"<p>D\u0142uga doniczka ceramiczna inspirowana struktur\u0105 brzozy, wype\u0142niona chrobotkiem reniferowym. Nie wymaga podlewania. Trwa\u0142a i efektowna dekoracja do wn\u0119trz \u2013 idealna tak\u017ce na prezent.<\/p>\n","protected":false},"featured_media":16493,"template":"","meta":{"site-sidebar-layout":"default","site-content-layout":"","ast-site-content-layout":"default","site-content-style":"default","site-sidebar-style":"default","ast-global-header-display":"","ast-banner-title-visibility":"","ast-main-header-display":"","ast-hfb-above-header-display":"","ast-hfb-below-header-display":"","ast-hfb-mobile-header-display":"","site-post-title":"","ast-breadcrumbs-content":"","ast-featured-img":"","footer-sml-layout":"","theme-transparent-header-meta":"default","adv-header-id-meta":"","stick-header-meta":"","header-above-stick-meta":"","header-main-stick-meta":"","header-below-stick-meta":"","astra-migrate-meta-layouts":"set","ast-page-background-enabled":"default","ast-page-background-meta":{"desktop":{"background-color":"","background-image":"","background-repeat":"repeat","background-position":"center center","background-size":"auto","background-attachment":"scroll","background-type":"","background-media":"","overlay-type":"","overlay-color":"","overlay-opacity":"","overlay-gradient":""},"tablet":{"background-color":"","background-image":"","background-repeat":"repeat","background-position":"center center","background-size":"auto","background-attachment":"scroll","background-type":"","background-media":"","overlay-type":"","overlay-color":"","overlay-opacity":"","overlay-gradient":""},"mobile":{"background-color":"","background-image":"","background-repeat":"repeat","background-position":"center center","background-size":"auto","background-attachment":"scroll","background-type":"","background-media":"","overlay-type":"","overlay-color":"","overlay-opacity":"","overlay-gradient":""}},"ast-content-background-meta":{"desktop":{"background-color":"var(--ast-global-color-5)","background-image":"","background-repeat":"repeat","background-position":"center center","background-size":"auto","background-attachment":"scroll","background-type":"","background-media":"","overlay-type":"","overlay-color":"","overlay-opacity":"","overlay-gradient":""},"tablet":{"background-color":"var(--ast-global-color-5)","background-image":"","background-repeat":"repeat","background-position":"center center","background-size":"auto","background-attachment":"scroll","background-type":"","background-media":"","overlay-type":"","overlay-color":"","overlay-opacity":"","overlay-gradient":""},"mobile":{"background-color":"var(--ast-global-color-5)","background-image":"","background-repeat":"repeat","background-position":"center center","background-size":"auto","background-attachment":"scroll","background-type":"","background-media":"","overlay-type":"","overlay-color":"","overlay-opacity":"","overlay-gradient":""}}},"product_brand":[],"product_cat":[30],"product_tag":[],"class_list":{"0":"post-16501","1":"product","2":"type-product","3":"status-publish","4":"has-post-thumbnail","6":"product_cat-doniczki-z-chrobotkiem","7":"desktop-align-left","8":"tablet-align-left","9":"mobile-align-left","11":"first","12":"outofstock","13":"taxable","14":"shipping-taxable","15":"purchasable","16":"product-type-simple"},"yoast_head":"<!-- This site is optimized with the Yoast SEO plugin v27.4 - https:\/\/yoast.com\/product\/yoast-seo-wordpress\/ -->\n<title>Doniczka z mchem dekoracyjna \u2013 Brzozowy Pie\u0144 | Greenowacja<\/title>\n<meta name=\"description\" content=\"Dekoracyjna doniczka ceramiczna z mchem, stylizowana na brzozowy pie\u0144. Naturalna ozdoba bez podlewania. Idealna do salonu lub na prezent!\" \/>\n<meta name=\"robots\" content=\"index, follow, max-snippet:-1, max-image-preview:large, max-video-preview:-1\" \/>\n<link rel=\"canonical\" href=\"https:\/\/greenowacja.pl\/produkt\/doniczka-brzozowy-pien-z-mchem\/\" \/>\n<meta property=\"og:locale\" content=\"pl_PL\" \/>\n<meta property=\"og:type\" content=\"article\" \/>\n<meta property=\"og:title\" content=\"Doniczka z mchem dekoracyjna \u2013 Brzozowy Pie\u0144 | Greenowacja\" \/>\n<meta property=\"og:description\" content=\"Dekoracyjna doniczka ceramiczna z mchem, stylizowana na brzozowy pie\u0144. Naturalna ozdoba bez podlewania. Idealna do salonu lub na prezent!\" \/>\n<meta property=\"og:url\" content=\"https:\/\/greenowacja.pl\/produkt\/doniczka-brzozowy-pien-z-mchem\/\" \/>\n<meta property=\"og:site_name\" content=\"Ozdoby i prezenty z mchu | #u\u015bMECHnij si\u0119!\" \/>\n<meta property=\"article:publisher\" content=\"https:\/\/www.facebook.com\/Greenowacja\" \/>\n<meta property=\"article:modified_time\" content=\"2026-02-10T14:31:32+00:00\" \/>\n<meta property=\"og:image\" content=\"https:\/\/greenowacja.pl\/wp-content\/uploads\/2025\/03\/IMG20250328145109.jpg\" \/>\n\t<meta property=\"og:image:width\" content=\"1000\" \/>\n\t<meta property=\"og:image:height\" content=\"1000\" \/>\n\t<meta property=\"og:image:type\" content=\"image\/jpeg\" \/>\n<meta name=\"twitter:card\" content=\"summary_large_image\" \/>\n<meta name=\"twitter:label1\" content=\"Szacowany czas czytania\" \/>\n\t<meta name=\"twitter:data1\" content=\"2 minuty\" \/>\n<script type=\"application\/ld+json\" class=\"yoast-schema-graph\">{\"@context\":\"https:\\\/\\\/schema.org\",\"@graph\":[{\"@type\":\"WebPage\",\"@id\":\"https:\\\/\\\/greenowacja.pl\\\/produkt\\\/doniczka-brzozowy-pien-z-mchem\\\/\",\"url\":\"https:\\\/\\\/greenowacja.pl\\\/produkt\\\/doniczka-brzozowy-pien-z-mchem\\\/\",\"name\":\"Doniczka z mchem dekoracyjna \u2013 Brzozowy Pie\u0144 | Greenowacja\",\"isPartOf\":{\"@id\":\"https:\\\/\\\/greenowacja.pl\\\/#website\"},\"primaryImageOfPage\":{\"@id\":\"https:\\\/\\\/greenowacja.pl\\\/produkt\\\/doniczka-brzozowy-pien-z-mchem\\\/#primaryimage\"},\"image\":{\"@id\":\"https:\\\/\\\/greenowacja.pl\\\/produkt\\\/doniczka-brzozowy-pien-z-mchem\\\/#primaryimage\"},\"thumbnailUrl\":\"https:\\\/\\\/greenowacja.pl\\\/wp-content\\\/uploads\\\/2025\\\/03\\\/IMG20250328145109.jpg\",\"datePublished\":\"2025-03-28T15:40:58+00:00\",\"dateModified\":\"2026-02-10T14:31:32+00:00\",\"description\":\"Dekoracyjna doniczka ceramiczna z mchem, stylizowana na brzozowy pie\u0144. Naturalna ozdoba bez podlewania. Idealna do salonu lub na prezent!\",\"breadcrumb\":{\"@id\":\"https:\\\/\\\/greenowacja.pl\\\/produkt\\\/doniczka-brzozowy-pien-z-mchem\\\/#breadcrumb\"},\"inLanguage\":\"pl-PL\",\"potentialAction\":[{\"@type\":\"ReadAction\",\"target\":[\"https:\\\/\\\/greenowacja.pl\\\/produkt\\\/doniczka-brzozowy-pien-z-mchem\\\/\"]}]},{\"@type\":\"ImageObject\",\"inLanguage\":\"pl-PL\",\"@id\":\"https:\\\/\\\/greenowacja.pl\\\/produkt\\\/doniczka-brzozowy-pien-z-mchem\\\/#primaryimage\",\"url\":\"https:\\\/\\\/greenowacja.pl\\\/wp-content\\\/uploads\\\/2025\\\/03\\\/IMG20250328145109.jpg\",\"contentUrl\":\"https:\\\/\\\/greenowacja.pl\\\/wp-content\\\/uploads\\\/2025\\\/03\\\/IMG20250328145109.jpg\",\"width\":1000,\"height\":1000},{\"@type\":\"BreadcrumbList\",\"@id\":\"https:\\\/\\\/greenowacja.pl\\\/produkt\\\/doniczka-brzozowy-pien-z-mchem\\\/#breadcrumb\",\"itemListElement\":[{\"@type\":\"ListItem\",\"position\":1,\"name\":\"Strona g\u0142\u00f3wna\",\"item\":\"https:\\\/\\\/greenowacja.pl\\\/\"},{\"@type\":\"ListItem\",\"position\":2,\"name\":\"Sklep\",\"item\":\"https:\\\/\\\/greenowacja.pl\\\/sklep-z-mchem-chrobotkiem\\\/\"},{\"@type\":\"ListItem\",\"position\":3,\"name\":\"Doniczka ceramiczna &#8211; brzoza\u00a0z mchem\"}]},{\"@type\":\"WebSite\",\"@id\":\"https:\\\/\\\/greenowacja.pl\\\/#website\",\"url\":\"https:\\\/\\\/greenowacja.pl\\\/\",\"name\":\"Ozdoby i prezenty z mchu | #u\u015bMECHnij si\u0119!\",\"description\":\"\",\"publisher\":{\"@id\":\"https:\\\/\\\/greenowacja.pl\\\/#organization\"},\"potentialAction\":[{\"@type\":\"SearchAction\",\"target\":{\"@type\":\"EntryPoint\",\"urlTemplate\":\"https:\\\/\\\/greenowacja.pl\\\/?s={search_term_string}\"},\"query-input\":{\"@type\":\"PropertyValueSpecification\",\"valueRequired\":true,\"valueName\":\"search_term_string\"}}],\"inLanguage\":\"pl-PL\"},{\"@type\":\"Organization\",\"@id\":\"https:\\\/\\\/greenowacja.pl\\\/#organization\",\"name\":\"Ozdoby i prezenty z mchu | #u\u015bMECHnij si\u0119!\",\"url\":\"https:\\\/\\\/greenowacja.pl\\\/\",\"logo\":{\"@type\":\"ImageObject\",\"inLanguage\":\"pl-PL\",\"@id\":\"https:\\\/\\\/greenowacja.pl\\\/#\\\/schema\\\/logo\\\/image\\\/\",\"url\":\"https:\\\/\\\/greenowacja.pl\\\/wp-content\\\/uploads\\\/2023\\\/08\\\/Logo-Greenowacja-wer-z-claimem-pozioma-2-kolory_Easy-Resize.com_.jpg\",\"contentUrl\":\"https:\\\/\\\/greenowacja.pl\\\/wp-content\\\/uploads\\\/2023\\\/08\\\/Logo-Greenowacja-wer-z-claimem-pozioma-2-kolory_Easy-Resize.com_.jpg\",\"width\":1280,\"height\":426,\"caption\":\"Ozdoby i prezenty z mchu | #u\u015bMECHnij si\u0119!\"},\"image\":{\"@id\":\"https:\\\/\\\/greenowacja.pl\\\/#\\\/schema\\\/logo\\\/image\\\/\"},\"sameAs\":[\"https:\\\/\\\/www.facebook.com\\\/Greenowacja\",\"https:\\\/\\\/www.instagram.com\\\/greenowacja\\\/\"]}]}<\/script>\n<!-- \/ Yoast SEO plugin. -->","yoast_head_json":{"title":"Doniczka z mchem dekoracyjna \u2013 Brzozowy Pie\u0144 | Greenowacja","description":"Dekoracyjna doniczka ceramiczna z mchem, stylizowana na brzozowy pie\u0144. Naturalna ozdoba bez podlewania. Idealna do salonu lub na prezent!","robots":{"index":"index","follow":"follow","max-snippet":"max-snippet:-1","max-image-preview":"max-image-preview:large","max-video-preview":"max-video-preview:-1"},"canonical":"https:\/\/greenowacja.pl\/produkt\/doniczka-brzozowy-pien-z-mchem\/","og_locale":"pl_PL","og_type":"article","og_title":"Doniczka z mchem dekoracyjna \u2013 Brzozowy Pie\u0144 | Greenowacja","og_description":"Dekoracyjna doniczka ceramiczna z mchem, stylizowana na brzozowy pie\u0144. Naturalna ozdoba bez podlewania. Idealna do salonu lub na prezent!","og_url":"https:\/\/greenowacja.pl\/produkt\/doniczka-brzozowy-pien-z-mchem\/","og_site_name":"Ozdoby i prezenty z mchu | #u\u015bMECHnij si\u0119!","article_publisher":"https:\/\/www.facebook.com\/Greenowacja","article_modified_time":"2026-02-10T14:31:32+00:00","og_image":[{"width":1000,"height":1000,"url":"https:\/\/greenowacja.pl\/wp-content\/uploads\/2025\/03\/IMG20250328145109.jpg","type":"image\/jpeg"}],"twitter_card":"summary_large_image","twitter_misc":{"Szacowany czas czytania":"2 minuty"},"schema":{"@context":"https:\/\/schema.org","@graph":[{"@type":"WebPage","@id":"https:\/\/greenowacja.pl\/produkt\/doniczka-brzozowy-pien-z-mchem\/","url":"https:\/\/greenowacja.pl\/produkt\/doniczka-brzozowy-pien-z-mchem\/","name":"Doniczka z mchem dekoracyjna \u2013 Brzozowy Pie\u0144 | Greenowacja","isPartOf":{"@id":"https:\/\/greenowacja.pl\/#website"},"primaryImageOfPage":{"@id":"https:\/\/greenowacja.pl\/produkt\/doniczka-brzozowy-pien-z-mchem\/#primaryimage"},"image":{"@id":"https:\/\/greenowacja.pl\/produkt\/doniczka-brzozowy-pien-z-mchem\/#primaryimage"},"thumbnailUrl":"https:\/\/greenowacja.pl\/wp-content\/uploads\/2025\/03\/IMG20250328145109.jpg","datePublished":"2025-03-28T15:40:58+00:00","dateModified":"2026-02-10T14:31:32+00:00","description":"Dekoracyjna doniczka ceramiczna z mchem, stylizowana na brzozowy pie\u0144. Naturalna ozdoba bez podlewania. Idealna do salonu lub na prezent!","breadcrumb":{"@id":"https:\/\/greenowacja.pl\/produkt\/doniczka-brzozowy-pien-z-mchem\/#breadcrumb"},"inLanguage":"pl-PL","potentialAction":[{"@type":"ReadAction","target":["https:\/\/greenowacja.pl\/produkt\/doniczka-brzozowy-pien-z-mchem\/"]}]},{"@type":"ImageObject","inLanguage":"pl-PL","@id":"https:\/\/greenowacja.pl\/produkt\/doniczka-brzozowy-pien-z-mchem\/#primaryimage","url":"https:\/\/greenowacja.pl\/wp-content\/uploads\/2025\/03\/IMG20250328145109.jpg","contentUrl":"https:\/\/greenowacja.pl\/wp-content\/uploads\/2025\/03\/IMG20250328145109.jpg","width":1000,"height":1000},{"@type":"BreadcrumbList","@id":"https:\/\/greenowacja.pl\/produkt\/doniczka-brzozowy-pien-z-mchem\/#breadcrumb","itemListElement":[{"@type":"ListItem","position":1,"name":"Strona g\u0142\u00f3wna","item":"https:\/\/greenowacja.pl\/"},{"@type":"ListItem","position":2,"name":"Sklep","item":"https:\/\/greenowacja.pl\/sklep-z-mchem-chrobotkiem\/"},{"@type":"ListItem","position":3,"name":"Doniczka ceramiczna &#8211; brzoza\u00a0z mchem"}]},{"@type":"WebSite","@id":"https:\/\/greenowacja.pl\/#website","url":"https:\/\/greenowacja.pl\/","name":"Ozdoby i prezenty z mchu | #u\u015bMECHnij si\u0119!","description":"","publisher":{"@id":"https:\/\/greenowacja.pl\/#organization"},"potentialAction":[{"@type":"SearchAction","target":{"@type":"EntryPoint","urlTemplate":"https:\/\/greenowacja.pl\/?s={search_term_string}"},"query-input":{"@type":"PropertyValueSpecification","valueRequired":true,"valueName":"search_term_string"}}],"inLanguage":"pl-PL"},{"@type":"Organization","@id":"https:\/\/greenowacja.pl\/#organization","name":"Ozdoby i prezenty z mchu | #u\u015bMECHnij si\u0119!","url":"https:\/\/greenowacja.pl\/","logo":{"@type":"ImageObject","inLanguage":"pl-PL","@id":"https:\/\/greenowacja.pl\/#\/schema\/logo\/image\/","url":"https:\/\/greenowacja.pl\/wp-content\/uploads\/2023\/08\/Logo-Greenowacja-wer-z-claimem-pozioma-2-kolory_Easy-Resize.com_.jpg","contentUrl":"https:\/\/greenowacja.pl\/wp-content\/uploads\/2023\/08\/Logo-Greenowacja-wer-z-claimem-pozioma-2-kolory_Easy-Resize.com_.jpg","width":1280,"height":426,"caption":"Ozdoby i prezenty z mchu | #u\u015bMECHnij si\u0119!"},"image":{"@id":"https:\/\/greenowacja.pl\/#\/schema\/logo\/image\/"},"sameAs":["https:\/\/www.facebook.com\/Greenowacja","https:\/\/www.instagram.com\/greenowacja\/"]}]}},"_links":{"self":[{"href":"https:\/\/greenowacja.pl\/wp-json\/wp\/v2\/product\/16501","targetHints":{"allow":["GET"]}}],"collection":[{"href":"https:\/\/greenowacja.pl\/wp-json\/wp\/v2\/product"}],"about":[{"href":"https:\/\/greenowacja.pl\/wp-json\/wp\/v2\/types\/product"}],"wp:featuredmedia":[{"embeddable":true,"href":"https:\/\/greenowacja.pl\/wp-json\/wp\/v2\/media\/16493"}],"wp:attachment":[{"href":"https:\/\/greenowacja.pl\/wp-json\/wp\/v2\/media?parent=16501"}],"wp:term":[{"taxonomy":"product_brand","embeddable":true,"href":"https:\/\/greenowacja.pl\/wp-json\/wp\/v2\/product_brand?post=16501"},{"taxonomy":"product_cat","embeddable":true,"href":"https:\/\/greenowacja.pl\/wp-json\/wp\/v2\/product_cat?post=16501"},{"taxonomy":"product_tag","embeddable":true,"href":"https:\/\/greenowacja.pl\/wp-json\/wp\/v2\/product_tag?post=16501"}],"curies":[{"name":"wp","href":"https:\/\/api.w.org\/{rel}","templated":true}]}}