{"id":16705,"date":"2025-04-28T20:25:41","date_gmt":"2025-04-28T18:25:41","guid":{"rendered":"https:\/\/greenowacja.pl\/?post_type=product&#038;p=16705"},"modified":"2025-09-04T11:52:45","modified_gmt":"2025-09-04T09:52:45","slug":"personalizowane-zyczenia-dla-mamy-na-bileciku","status":"publish","type":"product","link":"https:\/\/greenowacja.pl\/produkt\/personalizowane-zyczenia-dla-mamy-na-bileciku\/","title":{"rendered":"Personalizowane \u017cyczenia dla mamy, na bileciku"},"content":{"rendered":"<h1 data-start=\"92\" data-end=\"146\"><strong data-start=\"92\" data-end=\"141\">Dodaj personalizowane \u017cyczenia na Dzie\u0144 Mamy!<\/strong> \ud83c\udf38\ud83d\udc96<\/h1>\n<p class=\"\" data-start=\"148\" data-end=\"358\">Chcesz, aby Tw\u00f3j prezent na Dzie\u0144 Mamy by\u0142 jeszcze bardziej wyj\u0105tkowy?<br data-start=\"218\" data-end=\"221\" \/>Dodaj elegancki bilecik z osobistymi \u017cyczeniami \u2013 napiszesz je samodzielnie, a my je pi\u0119knie wydrukujemy i do\u0142\u0105czymy do Twojego prezentu.<\/p>\n<p class=\"\" data-start=\"360\" data-end=\"638\"><strong data-start=\"360\" data-end=\"388\">Jak skorzysta\u0107 z us\u0142ugi?<\/strong><br data-start=\"388\" data-end=\"391\" \/>\ud83c\udf3c Dodaj \u201ePersonalizowane \u017cyczenia\u201d do koszyka.<br data-start=\"438\" data-end=\"441\" \/>\ud83c\udf3c W polu \u201eUwagi do zam\u00f3wienia\u201d podczas finalizacji podaj tre\u015b\u0107 swoich \u017cycze\u0144 dla Mamy.<br data-start=\"528\" data-end=\"531\" \/>\ud83c\udf3c My zajmiemy si\u0119 reszt\u0105 \u2013 Twoje s\u0142owa pe\u0142ne mi\u0142o\u015bci trafi\u0105 prosto do serca Twojej Mamy razem z prezentem.<\/p>\n<p class=\"\" data-start=\"640\" data-end=\"707\">\ud83d\udc8c <strong data-start=\"643\" data-end=\"659\">Koszt us\u0142ugi<\/strong>: 10 z\u0142 za jeden elegancki bilecik z \u017cyczeniami.<\/p>\n<p class=\"\" data-start=\"709\" data-end=\"800\">Poka\u017c Mamie, jak wiele dla Ciebie znaczy \u2013 podaruj jej nie tylko prezent, ale i wzruszenie!<\/p>\n<p>&nbsp;<\/p>\n<p>&nbsp;<\/p>\n","protected":false},"excerpt":{"rendered":"<p>\ud83d\udc8c <strong>Dodaj Personalizowane \u017byczenia!<\/strong><br \/>\nZam\u00f3w elegancki bilecik z w\u0142asnymi \u017cyczeniami, kt\u00f3re do\u0142\u0105czymy do prezentu. Koszt: <strong>10\u00a0z\u0142 za bilecik<\/strong>.<br \/>\nTre\u015b\u0107 \u017cycze\u0144 wpisz w polu &#8222;Uwagi do zam\u00f3wienia&#8221; przy sk\u0142adaniu zam\u00f3wienia.<\/p>\n","protected":false},"featured_media":16706,"template":"","meta":{"site-sidebar-layout":"default","site-content-layout":"","ast-site-content-layout":"default","site-content-style":"default","site-sidebar-style":"default","ast-global-header-display":"","ast-banner-title-visibility":"","ast-main-header-display":"","ast-hfb-above-header-display":"","ast-hfb-below-header-display":"","ast-hfb-mobile-header-display":"","site-post-title":"","ast-breadcrumbs-content":"","ast-featured-img":"","footer-sml-layout":"","theme-transparent-header-meta":"default","adv-header-id-meta":"","stick-header-meta":"","header-above-stick-meta":"","header-main-stick-meta":"","header-below-stick-meta":"","astra-migrate-meta-layouts":"set","ast-page-background-enabled":"default","ast-page-background-meta":{"desktop":{"background-color":"","background-image":"","background-repeat":"repeat","background-position":"center center","background-size":"auto","background-attachment":"scroll","background-type":"","background-media":"","overlay-type":"","overlay-color":"","overlay-opacity":"","overlay-gradient":""},"tablet":{"background-color":"","background-image":"","background-repeat":"repeat","background-position":"center center","background-size":"auto","background-attachment":"scroll","background-type":"","background-media":"","overlay-type":"","overlay-color":"","overlay-opacity":"","overlay-gradient":""},"mobile":{"background-color":"","background-image":"","background-repeat":"repeat","background-position":"center center","background-size":"auto","background-attachment":"scroll","background-type":"","background-media":"","overlay-type":"","overlay-color":"","overlay-opacity":"","overlay-gradient":""}},"ast-content-background-meta":{"desktop":{"background-color":"var(--ast-global-color-5)","background-image":"","background-repeat":"repeat","background-position":"center center","background-size":"auto","background-attachment":"scroll","background-type":"","background-media":"","overlay-type":"","overlay-color":"","overlay-opacity":"","overlay-gradient":""},"tablet":{"background-color":"var(--ast-global-color-5)","background-image":"","background-repeat":"repeat","background-position":"center center","background-size":"auto","background-attachment":"scroll","background-type":"","background-media":"","overlay-type":"","overlay-color":"","overlay-opacity":"","overlay-gradient":""},"mobile":{"background-color":"var(--ast-global-color-5)","background-image":"","background-repeat":"repeat","background-position":"center center","background-size":"auto","background-attachment":"scroll","background-type":"","background-media":"","overlay-type":"","overlay-color":"","overlay-opacity":"","overlay-gradient":""}}},"product_brand":[],"product_cat":[96,15],"product_tag":[],"class_list":{"0":"post-16705","1":"product","2":"type-product","3":"status-publish","4":"has-post-thumbnail","6":"product_cat-prezenty-na-dzien-mamy-z-mchem","7":"product_cat-bez-kategorii","8":"desktop-align-left","9":"tablet-align-left","10":"mobile-align-left","12":"first","13":"instock","14":"taxable","15":"shipping-taxable","16":"purchasable","17":"product-type-simple"},"yoast_head":"<!-- This site is optimized with the Yoast SEO plugin v27.4 - https:\/\/yoast.com\/product\/yoast-seo-wordpress\/ -->\n<title>Personalizowane \u017cyczenia dla mamy, na bileciku - Ozdoby i prezenty z mchu | #u\u015bMECHnij si\u0119!<\/title>\n<meta name=\"description\" content=\"\ud83d\udc8c Dodaj Personalizowane \u017byczenia! Zam\u00f3w elegancki bilecik z w\u0142asnymi \u017cyczeniami, kt\u00f3re do\u0142\u0105czymy do prezentu. Koszt: 10 z\u0142 za bilecik. Tre\u015b\u0107 \u017cycze\u0144 wpisz w polu &quot;Uwagi do zam\u00f3wienia&quot; przy sk\u0142adaniu zam\u00f3wienia.\" \/>\n<meta name=\"robots\" content=\"index, follow, max-snippet:-1, max-image-preview:large, max-video-preview:-1\" \/>\n<link rel=\"canonical\" href=\"https:\/\/greenowacja.pl\/produkt\/personalizowane-zyczenia-dla-mamy-na-bileciku\/\" \/>\n<meta property=\"og:locale\" content=\"pl_PL\" \/>\n<meta property=\"og:type\" content=\"article\" \/>\n<meta property=\"og:title\" content=\"Personalizowane \u017cyczenia dla mamy, na bileciku - Ozdoby i prezenty z mchu | #u\u015bMECHnij si\u0119!\" \/>\n<meta property=\"og:description\" content=\"\ud83d\udc8c Dodaj Personalizowane \u017byczenia! Zam\u00f3w elegancki bilecik z w\u0142asnymi \u017cyczeniami, kt\u00f3re do\u0142\u0105czymy do prezentu. Koszt: 10 z\u0142 za bilecik. Tre\u015b\u0107 \u017cycze\u0144 wpisz w polu &quot;Uwagi do zam\u00f3wienia&quot; przy sk\u0142adaniu zam\u00f3wienia.\" \/>\n<meta property=\"og:url\" content=\"https:\/\/greenowacja.pl\/produkt\/personalizowane-zyczenia-dla-mamy-na-bileciku\/\" \/>\n<meta property=\"og:site_name\" content=\"Ozdoby i prezenty z mchu | #u\u015bMECHnij si\u0119!\" \/>\n<meta property=\"article:publisher\" content=\"https:\/\/www.facebook.com\/Greenowacja\" \/>\n<meta property=\"article:modified_time\" content=\"2025-09-04T09:52:45+00:00\" \/>\n<meta property=\"og:image\" content=\"https:\/\/greenowacja.pl\/wp-content\/uploads\/2025\/04\/bilecik-na-dzien-mamy.jpg\" \/>\n\t<meta property=\"og:image:width\" content=\"1080\" \/>\n\t<meta property=\"og:image:height\" content=\"1080\" \/>\n\t<meta property=\"og:image:type\" content=\"image\/jpeg\" \/>\n<meta name=\"twitter:card\" content=\"summary_large_image\" \/>\n<meta name=\"twitter:label1\" content=\"Szacowany czas czytania\" \/>\n\t<meta name=\"twitter:data1\" content=\"1 minuta\" \/>\n<script type=\"application\/ld+json\" class=\"yoast-schema-graph\">{\"@context\":\"https:\\\/\\\/schema.org\",\"@graph\":[{\"@type\":\"WebPage\",\"@id\":\"https:\\\/\\\/greenowacja.pl\\\/produkt\\\/personalizowane-zyczenia-dla-mamy-na-bileciku\\\/\",\"url\":\"https:\\\/\\\/greenowacja.pl\\\/produkt\\\/personalizowane-zyczenia-dla-mamy-na-bileciku\\\/\",\"name\":\"Personalizowane \u017cyczenia dla mamy, na bileciku - Ozdoby i prezenty z mchu | #u\u015bMECHnij si\u0119!\",\"isPartOf\":{\"@id\":\"https:\\\/\\\/greenowacja.pl\\\/#website\"},\"primaryImageOfPage\":{\"@id\":\"https:\\\/\\\/greenowacja.pl\\\/produkt\\\/personalizowane-zyczenia-dla-mamy-na-bileciku\\\/#primaryimage\"},\"image\":{\"@id\":\"https:\\\/\\\/greenowacja.pl\\\/produkt\\\/personalizowane-zyczenia-dla-mamy-na-bileciku\\\/#primaryimage\"},\"thumbnailUrl\":\"https:\\\/\\\/greenowacja.pl\\\/wp-content\\\/uploads\\\/2025\\\/04\\\/bilecik-na-dzien-mamy.jpg\",\"datePublished\":\"2025-04-28T18:25:41+00:00\",\"dateModified\":\"2025-09-04T09:52:45+00:00\",\"description\":\"\ud83d\udc8c Dodaj Personalizowane \u017byczenia! Zam\u00f3w elegancki bilecik z w\u0142asnymi \u017cyczeniami, kt\u00f3re do\u0142\u0105czymy do prezentu. Koszt: 10 z\u0142 za bilecik. Tre\u015b\u0107 \u017cycze\u0144 wpisz w polu \\\"Uwagi do zam\u00f3wienia\\\" przy sk\u0142adaniu zam\u00f3wienia.\",\"breadcrumb\":{\"@id\":\"https:\\\/\\\/greenowacja.pl\\\/produkt\\\/personalizowane-zyczenia-dla-mamy-na-bileciku\\\/#breadcrumb\"},\"inLanguage\":\"pl-PL\",\"potentialAction\":[{\"@type\":\"ReadAction\",\"target\":[\"https:\\\/\\\/greenowacja.pl\\\/produkt\\\/personalizowane-zyczenia-dla-mamy-na-bileciku\\\/\"]}]},{\"@type\":\"ImageObject\",\"inLanguage\":\"pl-PL\",\"@id\":\"https:\\\/\\\/greenowacja.pl\\\/produkt\\\/personalizowane-zyczenia-dla-mamy-na-bileciku\\\/#primaryimage\",\"url\":\"https:\\\/\\\/greenowacja.pl\\\/wp-content\\\/uploads\\\/2025\\\/04\\\/bilecik-na-dzien-mamy.jpg\",\"contentUrl\":\"https:\\\/\\\/greenowacja.pl\\\/wp-content\\\/uploads\\\/2025\\\/04\\\/bilecik-na-dzien-mamy.jpg\",\"width\":1080,\"height\":1080},{\"@type\":\"BreadcrumbList\",\"@id\":\"https:\\\/\\\/greenowacja.pl\\\/produkt\\\/personalizowane-zyczenia-dla-mamy-na-bileciku\\\/#breadcrumb\",\"itemListElement\":[{\"@type\":\"ListItem\",\"position\":1,\"name\":\"Strona g\u0142\u00f3wna\",\"item\":\"https:\\\/\\\/greenowacja.pl\\\/\"},{\"@type\":\"ListItem\",\"position\":2,\"name\":\"Sklep\",\"item\":\"https:\\\/\\\/greenowacja.pl\\\/sklep-z-mchem-chrobotkiem\\\/\"},{\"@type\":\"ListItem\",\"position\":3,\"name\":\"Personalizowane \u017cyczenia dla mamy, na bileciku\"}]},{\"@type\":\"WebSite\",\"@id\":\"https:\\\/\\\/greenowacja.pl\\\/#website\",\"url\":\"https:\\\/\\\/greenowacja.pl\\\/\",\"name\":\"Ozdoby i prezenty z mchu | #u\u015bMECHnij si\u0119!\",\"description\":\"\",\"publisher\":{\"@id\":\"https:\\\/\\\/greenowacja.pl\\\/#organization\"},\"potentialAction\":[{\"@type\":\"SearchAction\",\"target\":{\"@type\":\"EntryPoint\",\"urlTemplate\":\"https:\\\/\\\/greenowacja.pl\\\/?s={search_term_string}\"},\"query-input\":{\"@type\":\"PropertyValueSpecification\",\"valueRequired\":true,\"valueName\":\"search_term_string\"}}],\"inLanguage\":\"pl-PL\"},{\"@type\":\"Organization\",\"@id\":\"https:\\\/\\\/greenowacja.pl\\\/#organization\",\"name\":\"Ozdoby i prezenty z mchu | #u\u015bMECHnij si\u0119!\",\"url\":\"https:\\\/\\\/greenowacja.pl\\\/\",\"logo\":{\"@type\":\"ImageObject\",\"inLanguage\":\"pl-PL\",\"@id\":\"https:\\\/\\\/greenowacja.pl\\\/#\\\/schema\\\/logo\\\/image\\\/\",\"url\":\"https:\\\/\\\/greenowacja.pl\\\/wp-content\\\/uploads\\\/2023\\\/08\\\/Logo-Greenowacja-wer-z-claimem-pozioma-2-kolory_Easy-Resize.com_.jpg\",\"contentUrl\":\"https:\\\/\\\/greenowacja.pl\\\/wp-content\\\/uploads\\\/2023\\\/08\\\/Logo-Greenowacja-wer-z-claimem-pozioma-2-kolory_Easy-Resize.com_.jpg\",\"width\":1280,\"height\":426,\"caption\":\"Ozdoby i prezenty z mchu | #u\u015bMECHnij si\u0119!\"},\"image\":{\"@id\":\"https:\\\/\\\/greenowacja.pl\\\/#\\\/schema\\\/logo\\\/image\\\/\"},\"sameAs\":[\"https:\\\/\\\/www.facebook.com\\\/Greenowacja\",\"https:\\\/\\\/www.instagram.com\\\/greenowacja\\\/\"]}]}<\/script>\n<!-- \/ Yoast SEO plugin. -->","yoast_head_json":{"title":"Personalizowane \u017cyczenia dla mamy, na bileciku - Ozdoby i prezenty z mchu | #u\u015bMECHnij si\u0119!","description":"\ud83d\udc8c Dodaj Personalizowane \u017byczenia! Zam\u00f3w elegancki bilecik z w\u0142asnymi \u017cyczeniami, kt\u00f3re do\u0142\u0105czymy do prezentu. Koszt: 10 z\u0142 za bilecik. Tre\u015b\u0107 \u017cycze\u0144 wpisz w polu \"Uwagi do zam\u00f3wienia\" przy sk\u0142adaniu zam\u00f3wienia.","robots":{"index":"index","follow":"follow","max-snippet":"max-snippet:-1","max-image-preview":"max-image-preview:large","max-video-preview":"max-video-preview:-1"},"canonical":"https:\/\/greenowacja.pl\/produkt\/personalizowane-zyczenia-dla-mamy-na-bileciku\/","og_locale":"pl_PL","og_type":"article","og_title":"Personalizowane \u017cyczenia dla mamy, na bileciku - Ozdoby i prezenty z mchu | #u\u015bMECHnij si\u0119!","og_description":"\ud83d\udc8c Dodaj Personalizowane \u017byczenia! Zam\u00f3w elegancki bilecik z w\u0142asnymi \u017cyczeniami, kt\u00f3re do\u0142\u0105czymy do prezentu. Koszt: 10 z\u0142 za bilecik. Tre\u015b\u0107 \u017cycze\u0144 wpisz w polu \"Uwagi do zam\u00f3wienia\" przy sk\u0142adaniu zam\u00f3wienia.","og_url":"https:\/\/greenowacja.pl\/produkt\/personalizowane-zyczenia-dla-mamy-na-bileciku\/","og_site_name":"Ozdoby i prezenty z mchu | #u\u015bMECHnij si\u0119!","article_publisher":"https:\/\/www.facebook.com\/Greenowacja","article_modified_time":"2025-09-04T09:52:45+00:00","og_image":[{"width":1080,"height":1080,"url":"https:\/\/greenowacja.pl\/wp-content\/uploads\/2025\/04\/bilecik-na-dzien-mamy.jpg","type":"image\/jpeg"}],"twitter_card":"summary_large_image","twitter_misc":{"Szacowany czas czytania":"1 minuta"},"schema":{"@context":"https:\/\/schema.org","@graph":[{"@type":"WebPage","@id":"https:\/\/greenowacja.pl\/produkt\/personalizowane-zyczenia-dla-mamy-na-bileciku\/","url":"https:\/\/greenowacja.pl\/produkt\/personalizowane-zyczenia-dla-mamy-na-bileciku\/","name":"Personalizowane \u017cyczenia dla mamy, na bileciku - Ozdoby i prezenty z mchu | #u\u015bMECHnij si\u0119!","isPartOf":{"@id":"https:\/\/greenowacja.pl\/#website"},"primaryImageOfPage":{"@id":"https:\/\/greenowacja.pl\/produkt\/personalizowane-zyczenia-dla-mamy-na-bileciku\/#primaryimage"},"image":{"@id":"https:\/\/greenowacja.pl\/produkt\/personalizowane-zyczenia-dla-mamy-na-bileciku\/#primaryimage"},"thumbnailUrl":"https:\/\/greenowacja.pl\/wp-content\/uploads\/2025\/04\/bilecik-na-dzien-mamy.jpg","datePublished":"2025-04-28T18:25:41+00:00","dateModified":"2025-09-04T09:52:45+00:00","description":"\ud83d\udc8c Dodaj Personalizowane \u017byczenia! Zam\u00f3w elegancki bilecik z w\u0142asnymi \u017cyczeniami, kt\u00f3re do\u0142\u0105czymy do prezentu. Koszt: 10 z\u0142 za bilecik. Tre\u015b\u0107 \u017cycze\u0144 wpisz w polu \"Uwagi do zam\u00f3wienia\" przy sk\u0142adaniu zam\u00f3wienia.","breadcrumb":{"@id":"https:\/\/greenowacja.pl\/produkt\/personalizowane-zyczenia-dla-mamy-na-bileciku\/#breadcrumb"},"inLanguage":"pl-PL","potentialAction":[{"@type":"ReadAction","target":["https:\/\/greenowacja.pl\/produkt\/personalizowane-zyczenia-dla-mamy-na-bileciku\/"]}]},{"@type":"ImageObject","inLanguage":"pl-PL","@id":"https:\/\/greenowacja.pl\/produkt\/personalizowane-zyczenia-dla-mamy-na-bileciku\/#primaryimage","url":"https:\/\/greenowacja.pl\/wp-content\/uploads\/2025\/04\/bilecik-na-dzien-mamy.jpg","contentUrl":"https:\/\/greenowacja.pl\/wp-content\/uploads\/2025\/04\/bilecik-na-dzien-mamy.jpg","width":1080,"height":1080},{"@type":"BreadcrumbList","@id":"https:\/\/greenowacja.pl\/produkt\/personalizowane-zyczenia-dla-mamy-na-bileciku\/#breadcrumb","itemListElement":[{"@type":"ListItem","position":1,"name":"Strona g\u0142\u00f3wna","item":"https:\/\/greenowacja.pl\/"},{"@type":"ListItem","position":2,"name":"Sklep","item":"https:\/\/greenowacja.pl\/sklep-z-mchem-chrobotkiem\/"},{"@type":"ListItem","position":3,"name":"Personalizowane \u017cyczenia dla mamy, na bileciku"}]},{"@type":"WebSite","@id":"https:\/\/greenowacja.pl\/#website","url":"https:\/\/greenowacja.pl\/","name":"Ozdoby i prezenty z mchu | #u\u015bMECHnij si\u0119!","description":"","publisher":{"@id":"https:\/\/greenowacja.pl\/#organization"},"potentialAction":[{"@type":"SearchAction","target":{"@type":"EntryPoint","urlTemplate":"https:\/\/greenowacja.pl\/?s={search_term_string}"},"query-input":{"@type":"PropertyValueSpecification","valueRequired":true,"valueName":"search_term_string"}}],"inLanguage":"pl-PL"},{"@type":"Organization","@id":"https:\/\/greenowacja.pl\/#organization","name":"Ozdoby i prezenty z mchu | #u\u015bMECHnij si\u0119!","url":"https:\/\/greenowacja.pl\/","logo":{"@type":"ImageObject","inLanguage":"pl-PL","@id":"https:\/\/greenowacja.pl\/#\/schema\/logo\/image\/","url":"https:\/\/greenowacja.pl\/wp-content\/uploads\/2023\/08\/Logo-Greenowacja-wer-z-claimem-pozioma-2-kolory_Easy-Resize.com_.jpg","contentUrl":"https:\/\/greenowacja.pl\/wp-content\/uploads\/2023\/08\/Logo-Greenowacja-wer-z-claimem-pozioma-2-kolory_Easy-Resize.com_.jpg","width":1280,"height":426,"caption":"Ozdoby i prezenty z mchu | #u\u015bMECHnij si\u0119!"},"image":{"@id":"https:\/\/greenowacja.pl\/#\/schema\/logo\/image\/"},"sameAs":["https:\/\/www.facebook.com\/Greenowacja","https:\/\/www.instagram.com\/greenowacja\/"]}]}},"_links":{"self":[{"href":"https:\/\/greenowacja.pl\/wp-json\/wp\/v2\/product\/16705","targetHints":{"allow":["GET"]}}],"collection":[{"href":"https:\/\/greenowacja.pl\/wp-json\/wp\/v2\/product"}],"about":[{"href":"https:\/\/greenowacja.pl\/wp-json\/wp\/v2\/types\/product"}],"wp:featuredmedia":[{"embeddable":true,"href":"https:\/\/greenowacja.pl\/wp-json\/wp\/v2\/media\/16706"}],"wp:attachment":[{"href":"https:\/\/greenowacja.pl\/wp-json\/wp\/v2\/media?parent=16705"}],"wp:term":[{"taxonomy":"product_brand","embeddable":true,"href":"https:\/\/greenowacja.pl\/wp-json\/wp\/v2\/product_brand?post=16705"},{"taxonomy":"product_cat","embeddable":true,"href":"https:\/\/greenowacja.pl\/wp-json\/wp\/v2\/product_cat?post=16705"},{"taxonomy":"product_tag","embeddable":true,"href":"https:\/\/greenowacja.pl\/wp-json\/wp\/v2\/product_tag?post=16705"}],"curies":[{"name":"wp","href":"https:\/\/api.w.org\/{rel}","templated":true}]}}