{"id":17981,"date":"2025-08-27T16:32:00","date_gmt":"2025-08-27T14:32:00","guid":{"rendered":"https:\/\/greenowacja.pl\/?post_type=product&#038;p=17981"},"modified":"2025-10-01T21:05:16","modified_gmt":"2025-10-01T19:05:16","slug":"heksagon-bonsai-z-mchu-oryginalny-prezent-dla-pary","status":"publish","type":"product","link":"https:\/\/greenowacja.pl\/produkt\/heksagon-bonsai-z-mchu-oryginalny-prezent-dla-pary\/","title":{"rendered":"Heksagon z drzewem bonsai z mchu (50cm) \u2013 napis Razem tworzymy wsp\u00f3lne szcz\u0119\u015bcie"},"content":{"rendered":"<p data-start=\"286\" data-end=\"554\">\ud83c\udf81 <strong data-start=\"289\" data-end=\"319\">Wyj\u0105tkowy prezent dla pary<\/strong><br data-start=\"319\" data-end=\"322\" \/>Szukasz oryginalnego upominku na \u015blub, rocznic\u0119 lub walentynki? Nasz heksagon z drzewem z mchu i napisem <em data-start=\"427\" data-end=\"463\">\u201eRazem tworzymy wsp\u00f3lne szcz\u0119\u015bcie\u201d<\/em> to symboliczna dekoracja, kt\u00f3ra wyra\u017ca blisko\u015b\u0107, mi\u0142o\u015b\u0107 i wsp\u00f3lne budowanie przysz\u0142o\u015bci.<\/p>\n<p data-start=\"556\" data-end=\"798\">\ud83d\udc9a <strong data-start=\"559\" data-end=\"591\">Naturalny mech stabilizowany<\/strong><br data-start=\"591\" data-end=\"594\" \/>Do wykonania dekoracji u\u017cyli\u015bmy chrobotka reniferowego, kt\u00f3ry zachowuje \u015bwie\u017cy, zielony wygl\u0105d nawet przez <strong data-start=\"701\" data-end=\"713\">8\u201310 lat<\/strong>. Nie wymaga podlewania ani piel\u0119gnacji \u2013 wystarczy naturalna wilgotno\u015b\u0107 powietrza.<\/p>\n<p data-start=\"800\" data-end=\"1005\">\u2728 <strong data-start=\"802\" data-end=\"832\">Symbol mi\u0142o\u015bci i wsp\u00f3lnoty<\/strong><br data-start=\"832\" data-end=\"835\" \/>Po\u0142\u0105czenie drzewa z mchu i drewnianej ramy w kszta\u0142cie heksagonu sprawia, \u017ce ca\u0142o\u015b\u0107 wygl\u0105da elegancko i ponadczasowo. Idealnie pasuje do salonu, sypialni czy korytarza.<\/p>\n<hr data-start=\"1007\" data-end=\"1010\" \/>\n<h3 data-start=\"1012\" data-end=\"1033\">Dlaczego warto?<\/h3>\n<p data-start=\"1034\" data-end=\"1277\">\u2714\ufe0f Idealny prezent na \u015blub, rocznic\u0119, walentynki lub parapet\u00f3wk\u0119<br data-start=\"1098\" data-end=\"1101\" \/>\u2714\ufe0f Dekoracja w 100% naturalna, bezobs\u0142ugowa i trwa\u0142a<br data-start=\"1153\" data-end=\"1156\" \/>\u2714\ufe0f R\u0119cznie wykonana ozdoba \u2013 ka\u017cdy egzemplarz jest niepowtarzalny<br data-start=\"1221\" data-end=\"1224\" \/>\u2714\ufe0f Elegancki napis podkre\u015blaj\u0105cy przes\u0142anie mi\u0142o\u015bci<\/p>\n<hr data-start=\"1279\" data-end=\"1282\" \/>\n<h3 data-start=\"1284\" data-end=\"1297\">Wymiary<\/h3>\n<ul data-start=\"1298\" data-end=\"1360\">\n<li data-start=\"1298\" data-end=\"1335\">\n<p data-start=\"1300\" data-end=\"1335\">d\u0142ugo\u015b\u0107 boku heksagonu: <strong data-start=\"1324\" data-end=\"1333\">25 cm<\/strong><\/p>\n<\/li>\n<li data-start=\"1336\" data-end=\"1360\">\n<p data-start=\"1338\" data-end=\"1360\">przek\u0105tna: <strong data-start=\"1349\" data-end=\"1358\">50 cm<\/strong><\/p>\n<\/li>\n<\/ul>\n<hr data-start=\"1362\" data-end=\"1365\" \/>\n<h3 data-start=\"1367\" data-end=\"1384\">Piel\u0119gnacja<\/h3>\n<ul data-start=\"1385\" data-end=\"1494\">\n<li data-start=\"1385\" data-end=\"1410\">\n<p data-start=\"1387\" data-end=\"1410\">nie wymaga podlewania<\/p>\n<\/li>\n<li data-start=\"1411\" data-end=\"1451\">\n<p data-start=\"1413\" data-end=\"1451\">nie wystawia\u0107 na bezpo\u015brednie s\u0142o\u0144ce<\/p>\n<\/li>\n<li data-start=\"1452\" data-end=\"1494\">\n<p data-start=\"1454\" data-end=\"1494\">optymalna wilgotno\u015b\u0107 powietrza: 40\u201360%<\/p>\n<\/li>\n<\/ul>\n<hr data-start=\"1496\" data-end=\"1499\" \/>\n<p data-start=\"1501\" data-end=\"1613\">\ud83c\udf3f <strong data-start=\"1504\" data-end=\"1611\">Podaruj symbol wsp\u00f3lnego szcz\u0119\u015bcia \u2013 niech ta wyj\u0105tkowa dekoracja towarzyszy wa\u017cnym chwilom przez lata!<\/strong><\/p>\n","protected":false},"excerpt":{"rendered":"<p>Elegancki heksagon z drzewem z mchu i napisem <em data-start=\"1686\" data-end=\"1722\">\u201eRazem tworzymy wsp\u00f3lne szcz\u0119\u015bcie\u201d<\/em>. Idealny prezent na \u015blub, rocznic\u0119 lub walentynki. Trwa\u0142a i bezobs\u0142ugowa dekoracja z naturalnego mchu.<\/p>\n","protected":false},"featured_media":17986,"template":"","meta":{"site-sidebar-layout":"default","site-content-layout":"","ast-site-content-layout":"default","site-content-style":"default","site-sidebar-style":"default","ast-global-header-display":"","ast-banner-title-visibility":"","ast-main-header-display":"","ast-hfb-above-header-display":"","ast-hfb-below-header-display":"","ast-hfb-mobile-header-display":"","site-post-title":"","ast-breadcrumbs-content":"","ast-featured-img":"","footer-sml-layout":"","theme-transparent-header-meta":"default","adv-header-id-meta":"","stick-header-meta":"","header-above-stick-meta":"","header-main-stick-meta":"","header-below-stick-meta":"","astra-migrate-meta-layouts":"set","ast-page-background-enabled":"default","ast-page-background-meta":{"desktop":{"background-color":"","background-image":"","background-repeat":"repeat","background-position":"center center","background-size":"auto","background-attachment":"scroll","background-type":"","background-media":"","overlay-type":"","overlay-color":"","overlay-opacity":"","overlay-gradient":""},"tablet":{"background-color":"","background-image":"","background-repeat":"repeat","background-position":"center center","background-size":"auto","background-attachment":"scroll","background-type":"","background-media":"","overlay-type":"","overlay-color":"","overlay-opacity":"","overlay-gradient":""},"mobile":{"background-color":"","background-image":"","background-repeat":"repeat","background-position":"center center","background-size":"auto","background-attachment":"scroll","background-type":"","background-media":"","overlay-type":"","overlay-color":"","overlay-opacity":"","overlay-gradient":""}},"ast-content-background-meta":{"desktop":{"background-color":"var(--ast-global-color-5)","background-image":"","background-repeat":"repeat","background-position":"center center","background-size":"auto","background-attachment":"scroll","background-type":"","background-media":"","overlay-type":"","overlay-color":"","overlay-opacity":"","overlay-gradient":""},"tablet":{"background-color":"var(--ast-global-color-5)","background-image":"","background-repeat":"repeat","background-position":"center center","background-size":"auto","background-attachment":"scroll","background-type":"","background-media":"","overlay-type":"","overlay-color":"","overlay-opacity":"","overlay-gradient":""},"mobile":{"background-color":"var(--ast-global-color-5)","background-image":"","background-repeat":"repeat","background-position":"center center","background-size":"auto","background-attachment":"scroll","background-type":"","background-media":"","overlay-type":"","overlay-color":"","overlay-opacity":"","overlay-gradient":""}}},"product_brand":[],"product_cat":[33,53,42],"product_tag":[],"class_list":{"0":"post-17981","1":"product","2":"type-product","3":"status-publish","4":"has-post-thumbnail","6":"product_cat-drzewa-z-chrobotkiem","7":"product_cat-prezenty-na-slub-z-mchem","8":"product_cat-obrazy-z-chrobotkiem","9":"desktop-align-left","10":"tablet-align-left","11":"mobile-align-left","13":"first","14":"instock","15":"taxable","16":"shipping-taxable","17":"purchasable","18":"product-type-simple"},"yoast_head":"<!-- This site is optimized with the Yoast SEO plugin v27.4 - https:\/\/yoast.com\/product\/yoast-seo-wordpress\/ -->\n<title>Heksagon bonsai z mchu \u2013 oryginalny prezent dla pary<\/title>\n<meta name=\"description\" content=\"Elegancki heksagon bonsai z mchu. Idealny prezent na \u015blub, rocznic\u0119 lub walentynki. Trwa\u0142a dekoracja symbolizuj\u0105ca mi\u0142o\u015b\u0107 i wsp\u00f3lne szcz\u0119\u015bcie.\" \/>\n<meta name=\"robots\" content=\"index, follow, max-snippet:-1, max-image-preview:large, max-video-preview:-1\" \/>\n<link rel=\"canonical\" href=\"https:\/\/greenowacja.pl\/produkt\/heksagon-bonsai-z-mchu-oryginalny-prezent-dla-pary\/\" \/>\n<meta property=\"og:locale\" content=\"pl_PL\" \/>\n<meta property=\"og:type\" content=\"article\" \/>\n<meta property=\"og:title\" content=\"Heksagon bonsai z mchu \u2013 oryginalny prezent dla pary\" \/>\n<meta property=\"og:description\" content=\"Elegancki heksagon bonsai z mchu. Idealny prezent na \u015blub, rocznic\u0119 lub walentynki. Trwa\u0142a dekoracja symbolizuj\u0105ca mi\u0142o\u015b\u0107 i wsp\u00f3lne szcz\u0119\u015bcie.\" \/>\n<meta property=\"og:url\" content=\"https:\/\/greenowacja.pl\/produkt\/heksagon-bonsai-z-mchu-oryginalny-prezent-dla-pary\/\" \/>\n<meta property=\"og:site_name\" content=\"Ozdoby i prezenty z mchu | #u\u015bMECHnij si\u0119!\" \/>\n<meta property=\"article:publisher\" content=\"https:\/\/www.facebook.com\/Greenowacja\" \/>\n<meta property=\"article:modified_time\" content=\"2025-10-01T19:05:16+00:00\" \/>\n<meta property=\"og:image\" content=\"https:\/\/greenowacja.pl\/wp-content\/uploads\/2025\/08\/IMG20250826145717_wynik.jpg\" \/>\n\t<meta property=\"og:image:width\" content=\"1000\" \/>\n\t<meta property=\"og:image:height\" content=\"1000\" \/>\n\t<meta property=\"og:image:type\" content=\"image\/jpeg\" \/>\n<meta name=\"twitter:card\" content=\"summary_large_image\" \/>\n<meta name=\"twitter:label1\" content=\"Szacowany czas czytania\" \/>\n\t<meta name=\"twitter:data1\" content=\"2 minuty\" \/>\n<script type=\"application\/ld+json\" class=\"yoast-schema-graph\">{\"@context\":\"https:\\\/\\\/schema.org\",\"@graph\":[{\"@type\":\"WebPage\",\"@id\":\"https:\\\/\\\/greenowacja.pl\\\/produkt\\\/heksagon-bonsai-z-mchu-oryginalny-prezent-dla-pary\\\/\",\"url\":\"https:\\\/\\\/greenowacja.pl\\\/produkt\\\/heksagon-bonsai-z-mchu-oryginalny-prezent-dla-pary\\\/\",\"name\":\"Heksagon bonsai z mchu \u2013 oryginalny prezent dla pary\",\"isPartOf\":{\"@id\":\"https:\\\/\\\/greenowacja.pl\\\/#website\"},\"primaryImageOfPage\":{\"@id\":\"https:\\\/\\\/greenowacja.pl\\\/produkt\\\/heksagon-bonsai-z-mchu-oryginalny-prezent-dla-pary\\\/#primaryimage\"},\"image\":{\"@id\":\"https:\\\/\\\/greenowacja.pl\\\/produkt\\\/heksagon-bonsai-z-mchu-oryginalny-prezent-dla-pary\\\/#primaryimage\"},\"thumbnailUrl\":\"https:\\\/\\\/greenowacja.pl\\\/wp-content\\\/uploads\\\/2025\\\/08\\\/IMG20250826145717_wynik.jpg\",\"datePublished\":\"2025-08-27T14:32:00+00:00\",\"dateModified\":\"2025-10-01T19:05:16+00:00\",\"description\":\"Elegancki heksagon bonsai z mchu. Idealny prezent na \u015blub, rocznic\u0119 lub walentynki. Trwa\u0142a dekoracja symbolizuj\u0105ca mi\u0142o\u015b\u0107 i wsp\u00f3lne szcz\u0119\u015bcie.\",\"breadcrumb\":{\"@id\":\"https:\\\/\\\/greenowacja.pl\\\/produkt\\\/heksagon-bonsai-z-mchu-oryginalny-prezent-dla-pary\\\/#breadcrumb\"},\"inLanguage\":\"pl-PL\",\"potentialAction\":[{\"@type\":\"ReadAction\",\"target\":[\"https:\\\/\\\/greenowacja.pl\\\/produkt\\\/heksagon-bonsai-z-mchu-oryginalny-prezent-dla-pary\\\/\"]}]},{\"@type\":\"ImageObject\",\"inLanguage\":\"pl-PL\",\"@id\":\"https:\\\/\\\/greenowacja.pl\\\/produkt\\\/heksagon-bonsai-z-mchu-oryginalny-prezent-dla-pary\\\/#primaryimage\",\"url\":\"https:\\\/\\\/greenowacja.pl\\\/wp-content\\\/uploads\\\/2025\\\/08\\\/IMG20250826145717_wynik.jpg\",\"contentUrl\":\"https:\\\/\\\/greenowacja.pl\\\/wp-content\\\/uploads\\\/2025\\\/08\\\/IMG20250826145717_wynik.jpg\",\"width\":1000,\"height\":1000},{\"@type\":\"BreadcrumbList\",\"@id\":\"https:\\\/\\\/greenowacja.pl\\\/produkt\\\/heksagon-bonsai-z-mchu-oryginalny-prezent-dla-pary\\\/#breadcrumb\",\"itemListElement\":[{\"@type\":\"ListItem\",\"position\":1,\"name\":\"Strona g\u0142\u00f3wna\",\"item\":\"https:\\\/\\\/greenowacja.pl\\\/\"},{\"@type\":\"ListItem\",\"position\":2,\"name\":\"Sklep\",\"item\":\"https:\\\/\\\/greenowacja.pl\\\/sklep-z-mchem-chrobotkiem\\\/\"},{\"@type\":\"ListItem\",\"position\":3,\"name\":\"Heksagon z drzewem bonsai z mchu (50cm) \u2013 napis Razem tworzymy wsp\u00f3lne szcz\u0119\u015bcie\"}]},{\"@type\":\"WebSite\",\"@id\":\"https:\\\/\\\/greenowacja.pl\\\/#website\",\"url\":\"https:\\\/\\\/greenowacja.pl\\\/\",\"name\":\"Ozdoby i prezenty z mchu | #u\u015bMECHnij si\u0119!\",\"description\":\"\",\"publisher\":{\"@id\":\"https:\\\/\\\/greenowacja.pl\\\/#organization\"},\"potentialAction\":[{\"@type\":\"SearchAction\",\"target\":{\"@type\":\"EntryPoint\",\"urlTemplate\":\"https:\\\/\\\/greenowacja.pl\\\/?s={search_term_string}\"},\"query-input\":{\"@type\":\"PropertyValueSpecification\",\"valueRequired\":true,\"valueName\":\"search_term_string\"}}],\"inLanguage\":\"pl-PL\"},{\"@type\":\"Organization\",\"@id\":\"https:\\\/\\\/greenowacja.pl\\\/#organization\",\"name\":\"Ozdoby i prezenty z mchu | #u\u015bMECHnij si\u0119!\",\"url\":\"https:\\\/\\\/greenowacja.pl\\\/\",\"logo\":{\"@type\":\"ImageObject\",\"inLanguage\":\"pl-PL\",\"@id\":\"https:\\\/\\\/greenowacja.pl\\\/#\\\/schema\\\/logo\\\/image\\\/\",\"url\":\"https:\\\/\\\/greenowacja.pl\\\/wp-content\\\/uploads\\\/2023\\\/08\\\/Logo-Greenowacja-wer-z-claimem-pozioma-2-kolory_Easy-Resize.com_.jpg\",\"contentUrl\":\"https:\\\/\\\/greenowacja.pl\\\/wp-content\\\/uploads\\\/2023\\\/08\\\/Logo-Greenowacja-wer-z-claimem-pozioma-2-kolory_Easy-Resize.com_.jpg\",\"width\":1280,\"height\":426,\"caption\":\"Ozdoby i prezenty z mchu | #u\u015bMECHnij si\u0119!\"},\"image\":{\"@id\":\"https:\\\/\\\/greenowacja.pl\\\/#\\\/schema\\\/logo\\\/image\\\/\"},\"sameAs\":[\"https:\\\/\\\/www.facebook.com\\\/Greenowacja\",\"https:\\\/\\\/www.instagram.com\\\/greenowacja\\\/\"]}]}<\/script>\n<!-- \/ Yoast SEO plugin. -->","yoast_head_json":{"title":"Heksagon bonsai z mchu \u2013 oryginalny prezent dla pary","description":"Elegancki heksagon bonsai z mchu. Idealny prezent na \u015blub, rocznic\u0119 lub walentynki. Trwa\u0142a dekoracja symbolizuj\u0105ca mi\u0142o\u015b\u0107 i wsp\u00f3lne szcz\u0119\u015bcie.","robots":{"index":"index","follow":"follow","max-snippet":"max-snippet:-1","max-image-preview":"max-image-preview:large","max-video-preview":"max-video-preview:-1"},"canonical":"https:\/\/greenowacja.pl\/produkt\/heksagon-bonsai-z-mchu-oryginalny-prezent-dla-pary\/","og_locale":"pl_PL","og_type":"article","og_title":"Heksagon bonsai z mchu \u2013 oryginalny prezent dla pary","og_description":"Elegancki heksagon bonsai z mchu. Idealny prezent na \u015blub, rocznic\u0119 lub walentynki. Trwa\u0142a dekoracja symbolizuj\u0105ca mi\u0142o\u015b\u0107 i wsp\u00f3lne szcz\u0119\u015bcie.","og_url":"https:\/\/greenowacja.pl\/produkt\/heksagon-bonsai-z-mchu-oryginalny-prezent-dla-pary\/","og_site_name":"Ozdoby i prezenty z mchu | #u\u015bMECHnij si\u0119!","article_publisher":"https:\/\/www.facebook.com\/Greenowacja","article_modified_time":"2025-10-01T19:05:16+00:00","og_image":[{"width":1000,"height":1000,"url":"https:\/\/greenowacja.pl\/wp-content\/uploads\/2025\/08\/IMG20250826145717_wynik.jpg","type":"image\/jpeg"}],"twitter_card":"summary_large_image","twitter_misc":{"Szacowany czas czytania":"2 minuty"},"schema":{"@context":"https:\/\/schema.org","@graph":[{"@type":"WebPage","@id":"https:\/\/greenowacja.pl\/produkt\/heksagon-bonsai-z-mchu-oryginalny-prezent-dla-pary\/","url":"https:\/\/greenowacja.pl\/produkt\/heksagon-bonsai-z-mchu-oryginalny-prezent-dla-pary\/","name":"Heksagon bonsai z mchu \u2013 oryginalny prezent dla pary","isPartOf":{"@id":"https:\/\/greenowacja.pl\/#website"},"primaryImageOfPage":{"@id":"https:\/\/greenowacja.pl\/produkt\/heksagon-bonsai-z-mchu-oryginalny-prezent-dla-pary\/#primaryimage"},"image":{"@id":"https:\/\/greenowacja.pl\/produkt\/heksagon-bonsai-z-mchu-oryginalny-prezent-dla-pary\/#primaryimage"},"thumbnailUrl":"https:\/\/greenowacja.pl\/wp-content\/uploads\/2025\/08\/IMG20250826145717_wynik.jpg","datePublished":"2025-08-27T14:32:00+00:00","dateModified":"2025-10-01T19:05:16+00:00","description":"Elegancki heksagon bonsai z mchu. Idealny prezent na \u015blub, rocznic\u0119 lub walentynki. Trwa\u0142a dekoracja symbolizuj\u0105ca mi\u0142o\u015b\u0107 i wsp\u00f3lne szcz\u0119\u015bcie.","breadcrumb":{"@id":"https:\/\/greenowacja.pl\/produkt\/heksagon-bonsai-z-mchu-oryginalny-prezent-dla-pary\/#breadcrumb"},"inLanguage":"pl-PL","potentialAction":[{"@type":"ReadAction","target":["https:\/\/greenowacja.pl\/produkt\/heksagon-bonsai-z-mchu-oryginalny-prezent-dla-pary\/"]}]},{"@type":"ImageObject","inLanguage":"pl-PL","@id":"https:\/\/greenowacja.pl\/produkt\/heksagon-bonsai-z-mchu-oryginalny-prezent-dla-pary\/#primaryimage","url":"https:\/\/greenowacja.pl\/wp-content\/uploads\/2025\/08\/IMG20250826145717_wynik.jpg","contentUrl":"https:\/\/greenowacja.pl\/wp-content\/uploads\/2025\/08\/IMG20250826145717_wynik.jpg","width":1000,"height":1000},{"@type":"BreadcrumbList","@id":"https:\/\/greenowacja.pl\/produkt\/heksagon-bonsai-z-mchu-oryginalny-prezent-dla-pary\/#breadcrumb","itemListElement":[{"@type":"ListItem","position":1,"name":"Strona g\u0142\u00f3wna","item":"https:\/\/greenowacja.pl\/"},{"@type":"ListItem","position":2,"name":"Sklep","item":"https:\/\/greenowacja.pl\/sklep-z-mchem-chrobotkiem\/"},{"@type":"ListItem","position":3,"name":"Heksagon z drzewem bonsai z mchu (50cm) \u2013 napis Razem tworzymy wsp\u00f3lne szcz\u0119\u015bcie"}]},{"@type":"WebSite","@id":"https:\/\/greenowacja.pl\/#website","url":"https:\/\/greenowacja.pl\/","name":"Ozdoby i prezenty z mchu | #u\u015bMECHnij si\u0119!","description":"","publisher":{"@id":"https:\/\/greenowacja.pl\/#organization"},"potentialAction":[{"@type":"SearchAction","target":{"@type":"EntryPoint","urlTemplate":"https:\/\/greenowacja.pl\/?s={search_term_string}"},"query-input":{"@type":"PropertyValueSpecification","valueRequired":true,"valueName":"search_term_string"}}],"inLanguage":"pl-PL"},{"@type":"Organization","@id":"https:\/\/greenowacja.pl\/#organization","name":"Ozdoby i prezenty z mchu | #u\u015bMECHnij si\u0119!","url":"https:\/\/greenowacja.pl\/","logo":{"@type":"ImageObject","inLanguage":"pl-PL","@id":"https:\/\/greenowacja.pl\/#\/schema\/logo\/image\/","url":"https:\/\/greenowacja.pl\/wp-content\/uploads\/2023\/08\/Logo-Greenowacja-wer-z-claimem-pozioma-2-kolory_Easy-Resize.com_.jpg","contentUrl":"https:\/\/greenowacja.pl\/wp-content\/uploads\/2023\/08\/Logo-Greenowacja-wer-z-claimem-pozioma-2-kolory_Easy-Resize.com_.jpg","width":1280,"height":426,"caption":"Ozdoby i prezenty z mchu | #u\u015bMECHnij si\u0119!"},"image":{"@id":"https:\/\/greenowacja.pl\/#\/schema\/logo\/image\/"},"sameAs":["https:\/\/www.facebook.com\/Greenowacja","https:\/\/www.instagram.com\/greenowacja\/"]}]}},"_links":{"self":[{"href":"https:\/\/greenowacja.pl\/wp-json\/wp\/v2\/product\/17981","targetHints":{"allow":["GET"]}}],"collection":[{"href":"https:\/\/greenowacja.pl\/wp-json\/wp\/v2\/product"}],"about":[{"href":"https:\/\/greenowacja.pl\/wp-json\/wp\/v2\/types\/product"}],"wp:featuredmedia":[{"embeddable":true,"href":"https:\/\/greenowacja.pl\/wp-json\/wp\/v2\/media\/17986"}],"wp:attachment":[{"href":"https:\/\/greenowacja.pl\/wp-json\/wp\/v2\/media?parent=17981"}],"wp:term":[{"taxonomy":"product_brand","embeddable":true,"href":"https:\/\/greenowacja.pl\/wp-json\/wp\/v2\/product_brand?post=17981"},{"taxonomy":"product_cat","embeddable":true,"href":"https:\/\/greenowacja.pl\/wp-json\/wp\/v2\/product_cat?post=17981"},{"taxonomy":"product_tag","embeddable":true,"href":"https:\/\/greenowacja.pl\/wp-json\/wp\/v2\/product_tag?post=17981"}],"curies":[{"name":"wp","href":"https:\/\/api.w.org\/{rel}","templated":true}]}}