{"id":18017,"date":"2025-09-05T13:58:59","date_gmt":"2025-09-05T11:58:59","guid":{"rendered":"https:\/\/greenowacja.pl\/?post_type=product&#038;p=18017"},"modified":"2025-09-05T13:59:27","modified_gmt":"2025-09-05T11:59:27","slug":"omek-w-pudelku-z-okienkiem-95-95-160","status":"publish","type":"product","link":"https:\/\/greenowacja.pl\/produkt\/omek-w-pudelku-z-okienkiem-95-95-160\/","title":{"rendered":"Domek z mchem w pude\u0142ku z okienkiem"},"content":{"rendered":"<p data-start=\"2006\" data-end=\"2251\">\ud83c\udf81 Prezent firmowy, kt\u00f3ry zachwyca od pierwszego spojrzenia.<\/p>\n<p data-start=\"2006\" data-end=\"2251\"><br data-start=\"2112\" data-end=\"2115\" \/>Elegancki domek z mchu reniferowego zamkni\u0119ty w pude\u0142ku z okienkiem i r\u0105czk\u0105. Gotowy do wr\u0119czenia \u2013 bez dodatkowego pakowania.<\/p>\n<p data-start=\"2253\" data-end=\"2276\">\ud83d\udc9a <strong data-start=\"2256\" data-end=\"2274\">Co go wyr\u00f3\u017cnia<\/strong><\/p>\n<ul data-start=\"2277\" data-end=\"2563\">\n<li data-start=\"2277\" data-end=\"2359\">\n<p data-start=\"2279\" data-end=\"2359\">Stabilizowany mech reniferowy \u2013 zachowuje wygl\u0105d <strong data-start=\"2328\" data-end=\"2340\">8\u201310 lat<\/strong>, bez podlewania.<\/p>\n<\/li>\n<li data-start=\"2360\" data-end=\"2399\">\n<p data-start=\"2362\" data-end=\"2399\">Naturalne materia\u0142y: drewno + mech.<\/p>\n<\/li>\n<li data-start=\"2400\" data-end=\"2474\">\n<p data-start=\"2402\" data-end=\"2474\">Pude\u0142ko z okienkiem (wymiary <strong data-start=\"2437\" data-end=\"2453\">95\u00d795\u00d7160 mm<\/strong>) i wygodn\u0105 r\u0105czk\u0105.<\/p>\n<\/li>\n<li data-start=\"2475\" data-end=\"2563\">\n<p data-start=\"2477\" data-end=\"2563\">Opcje personalizacji: <strong data-start=\"2499\" data-end=\"2513\">logo firmy<\/strong>, kr\u00f3tki napis, kolor wst\u0105\u017cki, karta z \u017cyczeniami.<\/p>\n<\/li>\n<\/ul>\n<p data-start=\"2565\" data-end=\"2592\">\u2728 <strong data-start=\"2567\" data-end=\"2590\">Korzy\u015bci dla Ciebie<\/strong><\/p>\n<ul data-start=\"2593\" data-end=\"2765\">\n<li data-start=\"2593\" data-end=\"2648\">\n<p data-start=\"2595\" data-end=\"2648\">Zero piel\u0119gnacji \u2013 mech ch\u0142onie wilgo\u0107 z powietrza.<\/p>\n<\/li>\n<li data-start=\"2649\" data-end=\"2715\">\n<p data-start=\"2651\" data-end=\"2715\">Prezent \u201eod r\u0119ki\u201d \u2013 wygl\u0105da reprezentacyjnie ju\u017c w opakowaniu.<\/p>\n<\/li>\n<li data-start=\"2716\" data-end=\"2765\">\n<p data-start=\"2718\" data-end=\"2765\">Idealny na masowe obdarowanie zespo\u0142u\/klient\u00f3w.<\/p>\n<\/li>\n<\/ul>\n<p data-start=\"2767\" data-end=\"2784\">\ud83e\udded <strong data-start=\"2770\" data-end=\"2782\">Jak dba\u0107<\/strong><\/p>\n<ul data-start=\"2785\" data-end=\"2911\">\n<li data-start=\"2785\" data-end=\"2815\">\n<p data-start=\"2787\" data-end=\"2815\">Nie podlewa\u0107, nie zrasza\u0107.<\/p>\n<\/li>\n<li data-start=\"2816\" data-end=\"2865\">\n<p data-start=\"2818\" data-end=\"2865\">Unika\u0107 bezpo\u015bredniego s\u0142o\u0144ca i \u017ar\u00f3de\u0142 ciep\u0142a.<\/p>\n<\/li>\n<li data-start=\"2866\" data-end=\"2911\">\n<p data-start=\"2868\" data-end=\"2911\">Optymalna wilgotno\u015b\u0107 powietrza: <strong data-start=\"2900\" data-end=\"2910\">40\u201360%<\/strong>.<\/p>\n<\/li>\n<\/ul>\n<p data-start=\"2913\" data-end=\"2939\">\ud83d\udcd0 <strong data-start=\"2916\" data-end=\"2937\">Sekcja techniczna<\/strong><\/p>\n<ul data-start=\"2940\" data-end=\"3201\">\n<li data-start=\"2940\" data-end=\"2977\">\n<p data-start=\"2942\" data-end=\"2977\">Wymiary pude\u0142ka: <strong data-start=\"2959\" data-end=\"2975\">95\u00d795\u00d7160 mm<\/strong><\/p>\n<\/li>\n<li data-start=\"2940\" data-end=\"2977\">Wymiary domku ( razem z mchem): <strong>Szeroko\u015b\u0107 8 cm, wysoko\u015b\u0107 14 cm (z mchem)<\/strong>.<\/li>\n<li data-start=\"2940\" data-end=\"2977\">Waga: 390g.<\/li>\n<li data-start=\"2978\" data-end=\"3046\">\n<p data-start=\"2980\" data-end=\"3046\">Materia\u0142y: drewno, stabilizowany mech reniferowy (g\u0142. Finlandia)<\/p>\n<\/li>\n<li data-start=\"3047\" data-end=\"3152\">\n<p data-start=\"3049\" data-end=\"3152\">Personalizacja: mo\u017cliwo\u015b\u0107 do\u0142o\u017cenia laserowo grawerowanego logo firmy<\/p>\n<\/li>\n<li data-start=\"3153\" data-end=\"3201\">\n<p data-start=\"3155\" data-end=\"3201\">Opakowanie: pude\u0142ko kraft z okienkiem + r\u0105czka<\/p>\n<\/li>\n<\/ul>\n<p data-start=\"3203\" data-end=\"3350\">\ud83d\uded2 <strong data-start=\"3206\" data-end=\"3222\">Podsumowanie<\/strong><br data-start=\"3222\" data-end=\"3225\" \/>Szukasz prezentu, kt\u00f3ry jest i elegancki, i bezproblemowy? Ten domek w pude\u0142ku to strza\u0142 w dziesi\u0105tk\u0119.<\/p>\n","protected":false},"excerpt":{"rendered":"<p>Domek ozdobiony naturalnym mchem reniferowym, zapakowany w pude\u0142ko z okienkiem i r\u0105czk\u0105. Gotowy do wr\u0119czenia jako prezent firmowy lub okoliczno\u015bciowy. Bezobs\u0142ugowy (8\u201310 lat), elegancki i z mo\u017cliwo\u015bci\u0105 personalizacji logo lub dedykacji.<\/p>\n","protected":false},"featured_media":18057,"template":"","meta":{"site-sidebar-layout":"default","site-content-layout":"","ast-site-content-layout":"default","site-content-style":"default","site-sidebar-style":"default","ast-global-header-display":"","ast-banner-title-visibility":"","ast-main-header-display":"","ast-hfb-above-header-display":"","ast-hfb-below-header-display":"","ast-hfb-mobile-header-display":"","site-post-title":"","ast-breadcrumbs-content":"","ast-featured-img":"","footer-sml-layout":"","theme-transparent-header-meta":"default","adv-header-id-meta":"","stick-header-meta":"","header-above-stick-meta":"","header-main-stick-meta":"","header-below-stick-meta":"","astra-migrate-meta-layouts":"set","ast-page-background-enabled":"default","ast-page-background-meta":{"desktop":{"background-color":"","background-image":"","background-repeat":"repeat","background-position":"center center","background-size":"auto","background-attachment":"scroll","background-type":"","background-media":"","overlay-type":"","overlay-color":"","overlay-opacity":"","overlay-gradient":""},"tablet":{"background-color":"","background-image":"","background-repeat":"repeat","background-position":"center center","background-size":"auto","background-attachment":"scroll","background-type":"","background-media":"","overlay-type":"","overlay-color":"","overlay-opacity":"","overlay-gradient":""},"mobile":{"background-color":"","background-image":"","background-repeat":"repeat","background-position":"center center","background-size":"auto","background-attachment":"scroll","background-type":"","background-media":"","overlay-type":"","overlay-color":"","overlay-opacity":"","overlay-gradient":""}},"ast-content-background-meta":{"desktop":{"background-color":"var(--ast-global-color-5)","background-image":"","background-repeat":"repeat","background-position":"center center","background-size":"auto","background-attachment":"scroll","background-type":"","background-media":"","overlay-type":"","overlay-color":"","overlay-opacity":"","overlay-gradient":""},"tablet":{"background-color":"var(--ast-global-color-5)","background-image":"","background-repeat":"repeat","background-position":"center center","background-size":"auto","background-attachment":"scroll","background-type":"","background-media":"","overlay-type":"","overlay-color":"","overlay-opacity":"","overlay-gradient":""},"mobile":{"background-color":"var(--ast-global-color-5)","background-image":"","background-repeat":"repeat","background-position":"center center","background-size":"auto","background-attachment":"scroll","background-type":"","background-media":"","overlay-type":"","overlay-color":"","overlay-opacity":"","overlay-gradient":""}}},"product_brand":[],"product_cat":[116],"product_tag":[],"class_list":{"0":"post-18017","1":"product","2":"type-product","3":"status-publish","4":"has-post-thumbnail","6":"product_cat-prezenty-firmowe-z-chrobotkiem","7":"desktop-align-left","8":"tablet-align-left","9":"mobile-align-left","11":"first","12":"instock","13":"taxable","14":"shipping-taxable","15":"purchasable","16":"product-type-simple"},"yoast_head":"<!-- This site is optimized with the Yoast SEO plugin v27.4 - https:\/\/yoast.com\/product\/yoast-seo-wordpress\/ -->\n<title>Domek z mchu w pude\u0142ku \u2013 prezent firmowy | Greenowacja<\/title>\n<meta name=\"description\" content=\"Domek z chrobotkiem w pude\u0142ku 95\u00d795\u00d7160 mm. Bezobs\u0142ugowy 8\u201310 lat, gotowy do wr\u0119czenia, z personalizacj\u0105 logo. Idealny na prezenty firmowe.\" \/>\n<meta name=\"robots\" content=\"index, follow, max-snippet:-1, max-image-preview:large, max-video-preview:-1\" \/>\n<link rel=\"canonical\" href=\"https:\/\/greenowacja.pl\/produkt\/omek-w-pudelku-z-okienkiem-95-95-160\/\" \/>\n<meta property=\"og:locale\" content=\"pl_PL\" \/>\n<meta property=\"og:type\" content=\"article\" \/>\n<meta property=\"og:title\" content=\"Domek z mchu w pude\u0142ku \u2013 prezent firmowy | Greenowacja\" \/>\n<meta property=\"og:description\" content=\"Domek z chrobotkiem w pude\u0142ku 95\u00d795\u00d7160 mm. Bezobs\u0142ugowy 8\u201310 lat, gotowy do wr\u0119czenia, z personalizacj\u0105 logo. Idealny na prezenty firmowe.\" \/>\n<meta property=\"og:url\" content=\"https:\/\/greenowacja.pl\/produkt\/omek-w-pudelku-z-okienkiem-95-95-160\/\" \/>\n<meta property=\"og:site_name\" content=\"Ozdoby i prezenty z mchu | #u\u015bMECHnij si\u0119!\" \/>\n<meta property=\"article:publisher\" content=\"https:\/\/www.facebook.com\/Greenowacja\" \/>\n<meta property=\"article:modified_time\" content=\"2025-09-05T11:59:27+00:00\" \/>\n<meta property=\"og:image\" content=\"https:\/\/greenowacja.pl\/wp-content\/uploads\/2025\/09\/IMG20250828103001.jpg\" \/>\n\t<meta property=\"og:image:width\" content=\"950\" \/>\n\t<meta property=\"og:image:height\" content=\"950\" \/>\n\t<meta property=\"og:image:type\" content=\"image\/jpeg\" \/>\n<meta name=\"twitter:card\" content=\"summary_large_image\" \/>\n<meta name=\"twitter:label1\" content=\"Szacowany czas czytania\" \/>\n\t<meta name=\"twitter:data1\" content=\"2 minuty\" \/>\n<script type=\"application\/ld+json\" class=\"yoast-schema-graph\">{\"@context\":\"https:\\\/\\\/schema.org\",\"@graph\":[{\"@type\":\"WebPage\",\"@id\":\"https:\\\/\\\/greenowacja.pl\\\/produkt\\\/omek-w-pudelku-z-okienkiem-95-95-160\\\/\",\"url\":\"https:\\\/\\\/greenowacja.pl\\\/produkt\\\/omek-w-pudelku-z-okienkiem-95-95-160\\\/\",\"name\":\"Domek z mchu w pude\u0142ku \u2013 prezent firmowy | Greenowacja\",\"isPartOf\":{\"@id\":\"https:\\\/\\\/greenowacja.pl\\\/#website\"},\"primaryImageOfPage\":{\"@id\":\"https:\\\/\\\/greenowacja.pl\\\/produkt\\\/omek-w-pudelku-z-okienkiem-95-95-160\\\/#primaryimage\"},\"image\":{\"@id\":\"https:\\\/\\\/greenowacja.pl\\\/produkt\\\/omek-w-pudelku-z-okienkiem-95-95-160\\\/#primaryimage\"},\"thumbnailUrl\":\"https:\\\/\\\/greenowacja.pl\\\/wp-content\\\/uploads\\\/2025\\\/09\\\/IMG20250828103001.jpg\",\"datePublished\":\"2025-09-05T11:58:59+00:00\",\"dateModified\":\"2025-09-05T11:59:27+00:00\",\"description\":\"Domek z chrobotkiem w pude\u0142ku 95\u00d795\u00d7160 mm. Bezobs\u0142ugowy 8\u201310 lat, gotowy do wr\u0119czenia, z personalizacj\u0105 logo. Idealny na prezenty firmowe.\",\"breadcrumb\":{\"@id\":\"https:\\\/\\\/greenowacja.pl\\\/produkt\\\/omek-w-pudelku-z-okienkiem-95-95-160\\\/#breadcrumb\"},\"inLanguage\":\"pl-PL\",\"potentialAction\":[{\"@type\":\"ReadAction\",\"target\":[\"https:\\\/\\\/greenowacja.pl\\\/produkt\\\/omek-w-pudelku-z-okienkiem-95-95-160\\\/\"]}]},{\"@type\":\"ImageObject\",\"inLanguage\":\"pl-PL\",\"@id\":\"https:\\\/\\\/greenowacja.pl\\\/produkt\\\/omek-w-pudelku-z-okienkiem-95-95-160\\\/#primaryimage\",\"url\":\"https:\\\/\\\/greenowacja.pl\\\/wp-content\\\/uploads\\\/2025\\\/09\\\/IMG20250828103001.jpg\",\"contentUrl\":\"https:\\\/\\\/greenowacja.pl\\\/wp-content\\\/uploads\\\/2025\\\/09\\\/IMG20250828103001.jpg\",\"width\":950,\"height\":950},{\"@type\":\"BreadcrumbList\",\"@id\":\"https:\\\/\\\/greenowacja.pl\\\/produkt\\\/omek-w-pudelku-z-okienkiem-95-95-160\\\/#breadcrumb\",\"itemListElement\":[{\"@type\":\"ListItem\",\"position\":1,\"name\":\"Strona g\u0142\u00f3wna\",\"item\":\"https:\\\/\\\/greenowacja.pl\\\/\"},{\"@type\":\"ListItem\",\"position\":2,\"name\":\"Sklep\",\"item\":\"https:\\\/\\\/greenowacja.pl\\\/sklep-z-mchem-chrobotkiem\\\/\"},{\"@type\":\"ListItem\",\"position\":3,\"name\":\"Domek z mchem w pude\u0142ku z okienkiem\"}]},{\"@type\":\"WebSite\",\"@id\":\"https:\\\/\\\/greenowacja.pl\\\/#website\",\"url\":\"https:\\\/\\\/greenowacja.pl\\\/\",\"name\":\"Ozdoby i prezenty z mchu | #u\u015bMECHnij si\u0119!\",\"description\":\"\",\"publisher\":{\"@id\":\"https:\\\/\\\/greenowacja.pl\\\/#organization\"},\"potentialAction\":[{\"@type\":\"SearchAction\",\"target\":{\"@type\":\"EntryPoint\",\"urlTemplate\":\"https:\\\/\\\/greenowacja.pl\\\/?s={search_term_string}\"},\"query-input\":{\"@type\":\"PropertyValueSpecification\",\"valueRequired\":true,\"valueName\":\"search_term_string\"}}],\"inLanguage\":\"pl-PL\"},{\"@type\":\"Organization\",\"@id\":\"https:\\\/\\\/greenowacja.pl\\\/#organization\",\"name\":\"Ozdoby i prezenty z mchu | #u\u015bMECHnij si\u0119!\",\"url\":\"https:\\\/\\\/greenowacja.pl\\\/\",\"logo\":{\"@type\":\"ImageObject\",\"inLanguage\":\"pl-PL\",\"@id\":\"https:\\\/\\\/greenowacja.pl\\\/#\\\/schema\\\/logo\\\/image\\\/\",\"url\":\"https:\\\/\\\/greenowacja.pl\\\/wp-content\\\/uploads\\\/2023\\\/08\\\/Logo-Greenowacja-wer-z-claimem-pozioma-2-kolory_Easy-Resize.com_.jpg\",\"contentUrl\":\"https:\\\/\\\/greenowacja.pl\\\/wp-content\\\/uploads\\\/2023\\\/08\\\/Logo-Greenowacja-wer-z-claimem-pozioma-2-kolory_Easy-Resize.com_.jpg\",\"width\":1280,\"height\":426,\"caption\":\"Ozdoby i prezenty z mchu | #u\u015bMECHnij si\u0119!\"},\"image\":{\"@id\":\"https:\\\/\\\/greenowacja.pl\\\/#\\\/schema\\\/logo\\\/image\\\/\"},\"sameAs\":[\"https:\\\/\\\/www.facebook.com\\\/Greenowacja\",\"https:\\\/\\\/www.instagram.com\\\/greenowacja\\\/\"]}]}<\/script>\n<!-- \/ Yoast SEO plugin. -->","yoast_head_json":{"title":"Domek z mchu w pude\u0142ku \u2013 prezent firmowy | Greenowacja","description":"Domek z chrobotkiem w pude\u0142ku 95\u00d795\u00d7160 mm. Bezobs\u0142ugowy 8\u201310 lat, gotowy do wr\u0119czenia, z personalizacj\u0105 logo. Idealny na prezenty firmowe.","robots":{"index":"index","follow":"follow","max-snippet":"max-snippet:-1","max-image-preview":"max-image-preview:large","max-video-preview":"max-video-preview:-1"},"canonical":"https:\/\/greenowacja.pl\/produkt\/omek-w-pudelku-z-okienkiem-95-95-160\/","og_locale":"pl_PL","og_type":"article","og_title":"Domek z mchu w pude\u0142ku \u2013 prezent firmowy | Greenowacja","og_description":"Domek z chrobotkiem w pude\u0142ku 95\u00d795\u00d7160 mm. Bezobs\u0142ugowy 8\u201310 lat, gotowy do wr\u0119czenia, z personalizacj\u0105 logo. Idealny na prezenty firmowe.","og_url":"https:\/\/greenowacja.pl\/produkt\/omek-w-pudelku-z-okienkiem-95-95-160\/","og_site_name":"Ozdoby i prezenty z mchu | #u\u015bMECHnij si\u0119!","article_publisher":"https:\/\/www.facebook.com\/Greenowacja","article_modified_time":"2025-09-05T11:59:27+00:00","og_image":[{"width":950,"height":950,"url":"https:\/\/greenowacja.pl\/wp-content\/uploads\/2025\/09\/IMG20250828103001.jpg","type":"image\/jpeg"}],"twitter_card":"summary_large_image","twitter_misc":{"Szacowany czas czytania":"2 minuty"},"schema":{"@context":"https:\/\/schema.org","@graph":[{"@type":"WebPage","@id":"https:\/\/greenowacja.pl\/produkt\/omek-w-pudelku-z-okienkiem-95-95-160\/","url":"https:\/\/greenowacja.pl\/produkt\/omek-w-pudelku-z-okienkiem-95-95-160\/","name":"Domek z mchu w pude\u0142ku \u2013 prezent firmowy | Greenowacja","isPartOf":{"@id":"https:\/\/greenowacja.pl\/#website"},"primaryImageOfPage":{"@id":"https:\/\/greenowacja.pl\/produkt\/omek-w-pudelku-z-okienkiem-95-95-160\/#primaryimage"},"image":{"@id":"https:\/\/greenowacja.pl\/produkt\/omek-w-pudelku-z-okienkiem-95-95-160\/#primaryimage"},"thumbnailUrl":"https:\/\/greenowacja.pl\/wp-content\/uploads\/2025\/09\/IMG20250828103001.jpg","datePublished":"2025-09-05T11:58:59+00:00","dateModified":"2025-09-05T11:59:27+00:00","description":"Domek z chrobotkiem w pude\u0142ku 95\u00d795\u00d7160 mm. Bezobs\u0142ugowy 8\u201310 lat, gotowy do wr\u0119czenia, z personalizacj\u0105 logo. Idealny na prezenty firmowe.","breadcrumb":{"@id":"https:\/\/greenowacja.pl\/produkt\/omek-w-pudelku-z-okienkiem-95-95-160\/#breadcrumb"},"inLanguage":"pl-PL","potentialAction":[{"@type":"ReadAction","target":["https:\/\/greenowacja.pl\/produkt\/omek-w-pudelku-z-okienkiem-95-95-160\/"]}]},{"@type":"ImageObject","inLanguage":"pl-PL","@id":"https:\/\/greenowacja.pl\/produkt\/omek-w-pudelku-z-okienkiem-95-95-160\/#primaryimage","url":"https:\/\/greenowacja.pl\/wp-content\/uploads\/2025\/09\/IMG20250828103001.jpg","contentUrl":"https:\/\/greenowacja.pl\/wp-content\/uploads\/2025\/09\/IMG20250828103001.jpg","width":950,"height":950},{"@type":"BreadcrumbList","@id":"https:\/\/greenowacja.pl\/produkt\/omek-w-pudelku-z-okienkiem-95-95-160\/#breadcrumb","itemListElement":[{"@type":"ListItem","position":1,"name":"Strona g\u0142\u00f3wna","item":"https:\/\/greenowacja.pl\/"},{"@type":"ListItem","position":2,"name":"Sklep","item":"https:\/\/greenowacja.pl\/sklep-z-mchem-chrobotkiem\/"},{"@type":"ListItem","position":3,"name":"Domek z mchem w pude\u0142ku z okienkiem"}]},{"@type":"WebSite","@id":"https:\/\/greenowacja.pl\/#website","url":"https:\/\/greenowacja.pl\/","name":"Ozdoby i prezenty z mchu | #u\u015bMECHnij si\u0119!","description":"","publisher":{"@id":"https:\/\/greenowacja.pl\/#organization"},"potentialAction":[{"@type":"SearchAction","target":{"@type":"EntryPoint","urlTemplate":"https:\/\/greenowacja.pl\/?s={search_term_string}"},"query-input":{"@type":"PropertyValueSpecification","valueRequired":true,"valueName":"search_term_string"}}],"inLanguage":"pl-PL"},{"@type":"Organization","@id":"https:\/\/greenowacja.pl\/#organization","name":"Ozdoby i prezenty z mchu | #u\u015bMECHnij si\u0119!","url":"https:\/\/greenowacja.pl\/","logo":{"@type":"ImageObject","inLanguage":"pl-PL","@id":"https:\/\/greenowacja.pl\/#\/schema\/logo\/image\/","url":"https:\/\/greenowacja.pl\/wp-content\/uploads\/2023\/08\/Logo-Greenowacja-wer-z-claimem-pozioma-2-kolory_Easy-Resize.com_.jpg","contentUrl":"https:\/\/greenowacja.pl\/wp-content\/uploads\/2023\/08\/Logo-Greenowacja-wer-z-claimem-pozioma-2-kolory_Easy-Resize.com_.jpg","width":1280,"height":426,"caption":"Ozdoby i prezenty z mchu | #u\u015bMECHnij si\u0119!"},"image":{"@id":"https:\/\/greenowacja.pl\/#\/schema\/logo\/image\/"},"sameAs":["https:\/\/www.facebook.com\/Greenowacja","https:\/\/www.instagram.com\/greenowacja\/"]}]}},"_links":{"self":[{"href":"https:\/\/greenowacja.pl\/wp-json\/wp\/v2\/product\/18017","targetHints":{"allow":["GET"]}}],"collection":[{"href":"https:\/\/greenowacja.pl\/wp-json\/wp\/v2\/product"}],"about":[{"href":"https:\/\/greenowacja.pl\/wp-json\/wp\/v2\/types\/product"}],"wp:featuredmedia":[{"embeddable":true,"href":"https:\/\/greenowacja.pl\/wp-json\/wp\/v2\/media\/18057"}],"wp:attachment":[{"href":"https:\/\/greenowacja.pl\/wp-json\/wp\/v2\/media?parent=18017"}],"wp:term":[{"taxonomy":"product_brand","embeddable":true,"href":"https:\/\/greenowacja.pl\/wp-json\/wp\/v2\/product_brand?post=18017"},{"taxonomy":"product_cat","embeddable":true,"href":"https:\/\/greenowacja.pl\/wp-json\/wp\/v2\/product_cat?post=18017"},{"taxonomy":"product_tag","embeddable":true,"href":"https:\/\/greenowacja.pl\/wp-json\/wp\/v2\/product_tag?post=18017"}],"curies":[{"name":"wp","href":"https:\/\/api.w.org\/{rel}","templated":true}]}}