{"id":18249,"date":"2025-09-23T11:26:52","date_gmt":"2025-09-23T09:26:52","guid":{"rendered":"https:\/\/greenowacja.pl\/?post_type=product&#038;p=18249"},"modified":"2026-03-11T16:24:03","modified_gmt":"2026-03-11T15:24:03","slug":"zestaw-warsztatowy-z-pienkiem-i-chrobotkiem-reniferowym-dla-szkol-i-przedszkoli","status":"publish","type":"product","link":"https:\/\/greenowacja.pl\/produkt\/zestaw-warsztatowy-z-pienkiem-i-chrobotkiem-reniferowym-dla-szkol-i-przedszkoli\/","title":{"rendered":"Zestaw warsztatowy PIE\u0143KI Z MCHEM \u2013 dla szk\u00f3\u0142 i przedszkoli"},"content":{"rendered":"<h2 data-start=\"338\" data-end=\"416\">\ud83c\udf3f <strong data-start=\"344\" data-end=\"416\">Zestaw warsztatowy z chrobotkiem reniferowym dla szk\u00f3\u0142 i przedszkoli<\/strong><\/h2>\n<p>&nbsp;<\/p>\n<h2 data-start=\"212\" data-end=\"261\">\ud83d\ude97 Warsztaty stacjonarne lub zestawy wysy\u0142kowe<\/h2>\n<p data-start=\"263\" data-end=\"421\">Do przedszkoli i szk\u00f3\u0142 znajduj\u0105cych si\u0119 do oko\u0142o 100 km od Poznania mo\u017cemy przyjecha\u0107 osobi\u015bcie i przeprowadzi\u0107 warsztaty stacjonarne z udzia\u0142em prowadz\u0105cego.<\/p>\n<p data-start=\"423\" data-end=\"699\">W przypadku plac\u00f3wek z dalszych region\u00f3w proponujemy sprawdzon\u0105 alternatyw\u0119 \u2013 gotowe zestawy warsztatowe do samodzielnego przeprowadzenia zaj\u0119\u0107. Dzi\u0119ki temu dzieci w ca\u0142ej Polsce mog\u0105 uczestniczy\u0107 w zielonych warsztatach z chrobotkiem reniferowym \u2013 niezale\u017cnie od lokalizacji.<\/p>\n<hr data-start=\"701\" data-end=\"704\" \/>\n<h2 data-start=\"706\" data-end=\"749\">\ud83c\udf3f Zestaw warsztatowy \u2013 Pie\u0144ki z mchem<\/h2>\n<p data-start=\"750\" data-end=\"773\">dla szk\u00f3\u0142 i przedszkoli<\/p>\n<p data-start=\"775\" data-end=\"968\">Gotowy zestaw dla ca\u0142ej grupy lub klasy do samodzielnego wykonania naturalnej dekoracji z chrobotkiem reniferowym. Projekt dostosowany jest do dzieci w wieku przedszkolnym oraz wczesnoszkolnym.<\/p>\n<p data-start=\"970\" data-end=\"1179\">To wygodna alternatywa dla warsztat\u00f3w stacjonarnych \u2013 ka\u017cdy zestaw zawiera wszystkie niezb\u0119dne elementy potrzebne do przeprowadzenia zaj\u0119\u0107. Materia\u0142y s\u0105 przygotowane w odpowiednich proporcjach dla ca\u0142ej grupy.<\/p>\n<p data-start=\"1181\" data-end=\"1335\">Plac\u00f3wka otrzymuje r\u00f3wnie\u017c czyteln\u0105, drukowan\u0105 instrukcj\u0119 dla prowadz\u0105cego, zawieraj\u0105c\u0105 opis przebiegu zaj\u0119\u0107 oraz praktyczne wskaz\u00f3wki do pracy z dzie\u0107mi.<\/p>\n<h3 data-start=\"189\" data-end=\"243\"><\/h3>\n<hr data-start=\"984\" data-end=\"987\" \/>\n<h2 data-start=\"234\" data-end=\"265\">\u2705 Zawarto\u015b\u0107 ka\u017cdego zestawu:<\/h2>\n<ul data-start=\"267\" data-end=\"734\">\n<li data-start=\"267\" data-end=\"317\">\n<p data-start=\"269\" data-end=\"317\">naturalny, stabilizowany chrobotek reniferowy,<\/p>\n<\/li>\n<li data-start=\"318\" data-end=\"409\">\n<p data-start=\"320\" data-end=\"409\">brzozowy pieniek<\/p>\n<\/li>\n<li data-start=\"410\" data-end=\"484\">\n<p data-start=\"412\" data-end=\"484\">zestaw ozd\u00f3b (scrapki, suszone kwiaty) dopasowany do wybranego motywu,<\/p>\n<\/li>\n<li data-start=\"485\" data-end=\"505\">\n<p data-start=\"487\" data-end=\"505\">klej typu Wikol,<\/p>\n<\/li>\n<li data-start=\"506\" data-end=\"551\">\n<p data-start=\"508\" data-end=\"551\">pami\u0105tkowy dyplom dla ka\u017cdego uczestnika,<\/p>\n<\/li>\n<li data-start=\"552\" data-end=\"633\">\n<p data-start=\"554\" data-end=\"633\">papierowa torebka z uchem \u2013 gotowa do wr\u0119czenia dziecku po zako\u0144czeniu zaj\u0119\u0107,<\/p>\n<\/li>\n<li data-start=\"634\" data-end=\"734\">\n<p data-start=\"636\" data-end=\"734\">drukowana instrukcja dla prowadz\u0105cego z opisem przebiegu warsztat\u00f3w i wskaz\u00f3wkami organizacyjnymi.<\/p>\n<\/li>\n<\/ul>\n<hr data-start=\"1570\" data-end=\"1573\" \/>\n<h3 data-start=\"1575\" data-end=\"1601\">\ud83d\udc9a <strong data-start=\"1582\" data-end=\"1601\">Dlaczego warto?<\/strong><\/h3>\n<p data-start=\"1603\" data-end=\"1695\">Zestawy s\u0105 nie tylko ciekawe wizualnie, ale te\u017c pe\u0142ne warto\u015bci edukacyjnych i wychowawczych:<\/p>\n<ul data-start=\"1697\" data-end=\"2280\">\n<li data-start=\"1697\" data-end=\"1812\">\n<p data-start=\"1699\" data-end=\"1812\"><strong data-start=\"1699\" data-end=\"1725\">Wyciszenie i skupienie<\/strong> \u2013 dzieci z uwag\u0105 koncentruj\u0105 si\u0119 na tworzeniu, ucz\u0105c si\u0119 cierpliwo\u015bci i dok\u0142adno\u015bci.<\/p>\n<\/li>\n<li data-start=\"1813\" data-end=\"1946\">\n<p data-start=\"1815\" data-end=\"1946\"><strong data-start=\"1815\" data-end=\"1840\">Rozw\u00f3j motoryki ma\u0142ej<\/strong> \u2013 dociskanie mchu, dobieranie ozd\u00f3b, wpinanie element\u00f3w \u2013 to wszystko wspiera sprawno\u015b\u0107 palc\u00f3w i d\u0142oni.<\/p>\n<\/li>\n<li data-start=\"1947\" data-end=\"2057\">\n<p data-start=\"1949\" data-end=\"2057\"><strong data-start=\"1949\" data-end=\"1975\">Zmys\u0142owe do\u015bwiadczenie<\/strong> \u2013 chrobotek anga\u017cuje dotyk, zapach, wzrok \u2013 to wspania\u0142e \u0107wiczenie sensoryczne.<\/p>\n<\/li>\n<li data-start=\"2058\" data-end=\"2167\">\n<p data-start=\"2060\" data-end=\"2167\"><strong data-start=\"2060\" data-end=\"2084\">Ekologiczna tematyka<\/strong> \u2013 dzieci ucz\u0105 si\u0119 o lesie, naturze i ro\u015blinach w spos\u00f3b praktyczny i anga\u017cuj\u0105cy.<\/p>\n<\/li>\n<li data-start=\"2168\" data-end=\"2280\">\n<p data-start=\"2170\" data-end=\"2280\"><strong data-start=\"2170\" data-end=\"2194\">Poczucie sprawczo\u015bci<\/strong> \u2013 ka\u017cde dziecko tworzy swoj\u0105 unikaln\u0105 dekoracj\u0119, kt\u00f3r\u0105 zabiera ze sob\u0105 jako pami\u0105tk\u0119<\/p>\n<\/li>\n<\/ul>\n<p>&nbsp;<\/p>\n<h2 data-start=\"114\" data-end=\"162\">\ud83d\udc69\u200d\ud83c\udfeb Gotowy scenariusz zaj\u0119\u0107 dla nauczyciela<\/h2>\n<p data-start=\"164\" data-end=\"313\">Zaj\u0119cia z wykorzystaniem zestawu mo\u017ce poprowadzi\u0107 ka\u017cdy nauczyciel lub opiekun \u2013 nie s\u0105 wymagane wcze\u015bniejsze szkolenia ani do\u015bwiadczenie plastyczne.<\/p>\n<p data-start=\"315\" data-end=\"559\">Do ka\u017cdego zam\u00f3wienia do\u0142\u0105czamy przejrzyst\u0105, drukowan\u0105 instrukcj\u0119 dla prowadz\u0105cego. Zawiera ona opis przebiegu zaj\u0119\u0107 krok po kroku, propozycj\u0119 organizacji pracy z dzie\u0107mi oraz praktyczne wskaz\u00f3wki u\u0142atwiaj\u0105ce sprawne przeprowadzenie warsztat\u00f3w.<\/p>\n<hr data-start=\"2654\" data-end=\"2657\" \/>\n<p data-start=\"2659\" data-end=\"2805\">\ud83c\udf92 <em data-start=\"2662\" data-end=\"2805\">Idealne na Dzie\u0144 Przedszkolaka, tematyczne zaj\u0119cia przyrodnicze, \u015bwi\u0119ta ekologii lub po prostu jako warto\u015bciowa i anga\u017cuj\u0105ca zabawa w klasie.<\/em><\/p>\n<p data-start=\"2807\" data-end=\"2901\">\ud83c\udf32 <em data-start=\"2810\" data-end=\"2901\">Zapro\u015b dzieci do \u015bwiata lasu \u2013 poprzez dotyk, zapach i w\u0142asnor\u0119cznie stworzon\u0105 dekoracj\u0119.<\/em><\/p>\n<h3 data-start=\"224\" data-end=\"264\">\ud83d\udcb0 Cennik (brutto \/ cena za 1 osob\u0119)<\/h3>\n<ul data-start=\"266\" data-end=\"380\">\n<li data-start=\"266\" data-end=\"304\">\n<p data-start=\"268\" data-end=\"304\"><strong data-start=\"268\" data-end=\"289\">10\u201330 uczestnik\u00f3w<\/strong> \u2013 55 z\u0142 \/ os<\/p>\n<\/li>\n<li data-start=\"305\" data-end=\"343\">\n<p data-start=\"307\" data-end=\"343\"><strong data-start=\"307\" data-end=\"328\">31\u201360 uczestnik\u00f3w<\/strong> \u2013 53 z\u0142 \/ os<\/p>\n<\/li>\n<li data-start=\"344\" data-end=\"380\">\n<p data-start=\"346\" data-end=\"380\"><strong data-start=\"346\" data-end=\"365\">61+ uczestnik\u00f3w<\/strong> \u2013 50 z\u0142 \/ os<\/p>\n<\/li>\n<\/ul>\n<p data-start=\"382\" data-end=\"481\">Cena obejmuje komplet materia\u0142\u00f3w dla ka\u017cdego uczestnika oraz drukowan\u0105 instrukcj\u0119 dla prowadz\u0105cego.<\/p>\n<h2 data-start=\"338\" data-end=\"416\">Zadzwo\u0144 i om\u00f3wimy szczeg\u00f3\u0142y, tel 514 108 511<\/h2>\n<hr data-start=\"2903\" data-end=\"2906\" \/>\n","protected":false},"excerpt":{"rendered":"<p data-start=\"278\" data-end=\"391\">Gotowy zestaw warsztatowy z naturalnym chrobotkiem reniferowym do przeprowadzenia zaj\u0119\u0107 w przedszkolu lub szkole.<\/p>\n<p data-start=\"393\" data-end=\"615\">Zawiera wszystkie niezb\u0119dne materia\u0142y do wykonania dekoracji: brzozowy pieniek do dekoracji, stabilizowany mech, ozdoby, klej, pami\u0105tkowy dyplom oraz drukowan\u0105 instrukcj\u0119 dla prowadz\u0105cego.<\/p>\n<p data-start=\"617\" data-end=\"700\">Warsztaty bez stresu i bez dodatkowych przygotowa\u0144 \u2013 gotowe do realizacji w klasie.<\/p>\n","protected":false},"featured_media":20010,"template":"","meta":{"site-sidebar-layout":"default","site-content-layout":"","ast-site-content-layout":"default","site-content-style":"default","site-sidebar-style":"default","ast-global-header-display":"","ast-banner-title-visibility":"","ast-main-header-display":"","ast-hfb-above-header-display":"","ast-hfb-below-header-display":"","ast-hfb-mobile-header-display":"","site-post-title":"","ast-breadcrumbs-content":"","ast-featured-img":"","footer-sml-layout":"","theme-transparent-header-meta":"default","adv-header-id-meta":"","stick-header-meta":"","header-above-stick-meta":"","header-main-stick-meta":"","header-below-stick-meta":"","astra-migrate-meta-layouts":"set","ast-page-background-enabled":"default","ast-page-background-meta":{"desktop":{"background-color":"","background-image":"","background-repeat":"repeat","background-position":"center center","background-size":"auto","background-attachment":"scroll","background-type":"","background-media":"","overlay-type":"","overlay-color":"","overlay-opacity":"","overlay-gradient":""},"tablet":{"background-color":"","background-image":"","background-repeat":"repeat","background-position":"center center","background-size":"auto","background-attachment":"scroll","background-type":"","background-media":"","overlay-type":"","overlay-color":"","overlay-opacity":"","overlay-gradient":""},"mobile":{"background-color":"","background-image":"","background-repeat":"repeat","background-position":"center center","background-size":"auto","background-attachment":"scroll","background-type":"","background-media":"","overlay-type":"","overlay-color":"","overlay-opacity":"","overlay-gradient":""}},"ast-content-background-meta":{"desktop":{"background-color":"var(--ast-global-color-5)","background-image":"","background-repeat":"repeat","background-position":"center center","background-size":"auto","background-attachment":"scroll","background-type":"","background-media":"","overlay-type":"","overlay-color":"","overlay-opacity":"","overlay-gradient":""},"tablet":{"background-color":"var(--ast-global-color-5)","background-image":"","background-repeat":"repeat","background-position":"center center","background-size":"auto","background-attachment":"scroll","background-type":"","background-media":"","overlay-type":"","overlay-color":"","overlay-opacity":"","overlay-gradient":""},"mobile":{"background-color":"var(--ast-global-color-5)","background-image":"","background-repeat":"repeat","background-position":"center center","background-size":"auto","background-attachment":"scroll","background-type":"","background-media":"","overlay-type":"","overlay-color":"","overlay-opacity":"","overlay-gradient":""}}},"product_brand":[],"product_cat":[122,15],"product_tag":[],"class_list":{"0":"post-18249","1":"product","2":"type-product","3":"status-publish","4":"has-post-thumbnail","6":"product_cat-zestaw-warsztatowy-na-wysylke","7":"product_cat-bez-kategorii","8":"desktop-align-left","9":"tablet-align-left","10":"mobile-align-left","12":"first","13":"instock","14":"taxable","15":"shipping-taxable","16":"purchasable","17":"product-type-variable"},"yoast_head":"<!-- This site is optimized with the Yoast SEO plugin v27.4 - https:\/\/yoast.com\/product\/yoast-seo-wordpress\/ -->\n<title>Zestaw warsztatowy pie\u0144kiem z mchem \u2013 dla szk\u00f3\u0142 i przedszkoli<\/title>\n<meta name=\"description\" content=\"Zestaw zbiorczy do samodzielnego wykonania dekoracji z chrobotka reniferowego dla przedszkoli i szk\u00f3\u0142. Idealny na zaj\u0119cia przyrodnicze i tematyczne \u2013 bez potrzeby przygotowa\u0144. Zawiera wszystkie elementy, instrukcj\u0119 przeprowadzenia i pami\u0105tkowy dyplom\" \/>\n<meta name=\"robots\" content=\"index, follow, max-snippet:-1, max-image-preview:large, max-video-preview:-1\" \/>\n<link rel=\"canonical\" href=\"https:\/\/greenowacja.pl\/produkt\/zestaw-warsztatowy-z-pienkiem-i-chrobotkiem-reniferowym-dla-szkol-i-przedszkoli\/\" \/>\n<meta property=\"og:locale\" content=\"pl_PL\" \/>\n<meta property=\"og:type\" content=\"article\" \/>\n<meta property=\"og:title\" content=\"Zestaw warsztatowy pie\u0144kiem z mchem \u2013 dla szk\u00f3\u0142 i przedszkoli\" \/>\n<meta property=\"og:description\" content=\"Zestaw zbiorczy do samodzielnego wykonania dekoracji z chrobotka reniferowego dla przedszkoli i szk\u00f3\u0142. Idealny na zaj\u0119cia przyrodnicze i tematyczne \u2013 bez potrzeby przygotowa\u0144. Zawiera wszystkie elementy, instrukcj\u0119 przeprowadzenia i pami\u0105tkowy dyplom\" \/>\n<meta property=\"og:url\" content=\"https:\/\/greenowacja.pl\/produkt\/zestaw-warsztatowy-z-pienkiem-i-chrobotkiem-reniferowym-dla-szkol-i-przedszkoli\/\" \/>\n<meta property=\"og:site_name\" content=\"Ozdoby i prezenty z mchu | #u\u015bMECHnij si\u0119!\" \/>\n<meta property=\"article:publisher\" content=\"https:\/\/www.facebook.com\/Greenowacja\" \/>\n<meta property=\"article:modified_time\" content=\"2026-03-11T15:24:03+00:00\" \/>\n<meta property=\"og:image\" content=\"https:\/\/greenowacja.pl\/wp-content\/uploads\/2026\/03\/WhatsApp-Image-2026-03-03-at-16.50.22.jpeg\" \/>\n\t<meta property=\"og:image:width\" content=\"2048\" \/>\n\t<meta property=\"og:image:height\" content=\"2048\" \/>\n\t<meta property=\"og:image:type\" content=\"image\/jpeg\" \/>\n<meta name=\"twitter:card\" content=\"summary_large_image\" \/>\n<meta name=\"twitter:label1\" content=\"Szacowany czas czytania\" \/>\n\t<meta name=\"twitter:data1\" content=\"3 minuty\" \/>\n<script type=\"application\/ld+json\" class=\"yoast-schema-graph\">{\"@context\":\"https:\\\/\\\/schema.org\",\"@graph\":[{\"@type\":\"WebPage\",\"@id\":\"https:\\\/\\\/greenowacja.pl\\\/produkt\\\/zestaw-warsztatowy-z-pienkiem-i-chrobotkiem-reniferowym-dla-szkol-i-przedszkoli\\\/\",\"url\":\"https:\\\/\\\/greenowacja.pl\\\/produkt\\\/zestaw-warsztatowy-z-pienkiem-i-chrobotkiem-reniferowym-dla-szkol-i-przedszkoli\\\/\",\"name\":\"Zestaw warsztatowy pie\u0144kiem z mchem \u2013 dla szk\u00f3\u0142 i przedszkoli\",\"isPartOf\":{\"@id\":\"https:\\\/\\\/greenowacja.pl\\\/#website\"},\"primaryImageOfPage\":{\"@id\":\"https:\\\/\\\/greenowacja.pl\\\/produkt\\\/zestaw-warsztatowy-z-pienkiem-i-chrobotkiem-reniferowym-dla-szkol-i-przedszkoli\\\/#primaryimage\"},\"image\":{\"@id\":\"https:\\\/\\\/greenowacja.pl\\\/produkt\\\/zestaw-warsztatowy-z-pienkiem-i-chrobotkiem-reniferowym-dla-szkol-i-przedszkoli\\\/#primaryimage\"},\"thumbnailUrl\":\"https:\\\/\\\/greenowacja.pl\\\/wp-content\\\/uploads\\\/2026\\\/03\\\/WhatsApp-Image-2026-03-03-at-16.50.22.jpeg\",\"datePublished\":\"2025-09-23T09:26:52+00:00\",\"dateModified\":\"2026-03-11T15:24:03+00:00\",\"description\":\"Zestaw zbiorczy do samodzielnego wykonania dekoracji z chrobotka reniferowego dla przedszkoli i szk\u00f3\u0142. Idealny na zaj\u0119cia przyrodnicze i tematyczne \u2013 bez potrzeby przygotowa\u0144. Zawiera wszystkie elementy, instrukcj\u0119 przeprowadzenia i pami\u0105tkowy dyplom\",\"breadcrumb\":{\"@id\":\"https:\\\/\\\/greenowacja.pl\\\/produkt\\\/zestaw-warsztatowy-z-pienkiem-i-chrobotkiem-reniferowym-dla-szkol-i-przedszkoli\\\/#breadcrumb\"},\"inLanguage\":\"pl-PL\",\"potentialAction\":[{\"@type\":\"ReadAction\",\"target\":[\"https:\\\/\\\/greenowacja.pl\\\/produkt\\\/zestaw-warsztatowy-z-pienkiem-i-chrobotkiem-reniferowym-dla-szkol-i-przedszkoli\\\/\"]}]},{\"@type\":\"ImageObject\",\"inLanguage\":\"pl-PL\",\"@id\":\"https:\\\/\\\/greenowacja.pl\\\/produkt\\\/zestaw-warsztatowy-z-pienkiem-i-chrobotkiem-reniferowym-dla-szkol-i-przedszkoli\\\/#primaryimage\",\"url\":\"https:\\\/\\\/greenowacja.pl\\\/wp-content\\\/uploads\\\/2026\\\/03\\\/WhatsApp-Image-2026-03-03-at-16.50.22.jpeg\",\"contentUrl\":\"https:\\\/\\\/greenowacja.pl\\\/wp-content\\\/uploads\\\/2026\\\/03\\\/WhatsApp-Image-2026-03-03-at-16.50.22.jpeg\",\"width\":2048,\"height\":2048},{\"@type\":\"BreadcrumbList\",\"@id\":\"https:\\\/\\\/greenowacja.pl\\\/produkt\\\/zestaw-warsztatowy-z-pienkiem-i-chrobotkiem-reniferowym-dla-szkol-i-przedszkoli\\\/#breadcrumb\",\"itemListElement\":[{\"@type\":\"ListItem\",\"position\":1,\"name\":\"Strona g\u0142\u00f3wna\",\"item\":\"https:\\\/\\\/greenowacja.pl\\\/\"},{\"@type\":\"ListItem\",\"position\":2,\"name\":\"Sklep\",\"item\":\"https:\\\/\\\/greenowacja.pl\\\/sklep-z-mchem-chrobotkiem\\\/\"},{\"@type\":\"ListItem\",\"position\":3,\"name\":\"Zestaw warsztatowy PIE\u0143KI Z MCHEM \u2013 dla szk\u00f3\u0142 i przedszkoli\"}]},{\"@type\":\"WebSite\",\"@id\":\"https:\\\/\\\/greenowacja.pl\\\/#website\",\"url\":\"https:\\\/\\\/greenowacja.pl\\\/\",\"name\":\"Ozdoby i prezenty z mchu | #u\u015bMECHnij si\u0119!\",\"description\":\"\",\"publisher\":{\"@id\":\"https:\\\/\\\/greenowacja.pl\\\/#organization\"},\"potentialAction\":[{\"@type\":\"SearchAction\",\"target\":{\"@type\":\"EntryPoint\",\"urlTemplate\":\"https:\\\/\\\/greenowacja.pl\\\/?s={search_term_string}\"},\"query-input\":{\"@type\":\"PropertyValueSpecification\",\"valueRequired\":true,\"valueName\":\"search_term_string\"}}],\"inLanguage\":\"pl-PL\"},{\"@type\":\"Organization\",\"@id\":\"https:\\\/\\\/greenowacja.pl\\\/#organization\",\"name\":\"Ozdoby i prezenty z mchu | #u\u015bMECHnij si\u0119!\",\"url\":\"https:\\\/\\\/greenowacja.pl\\\/\",\"logo\":{\"@type\":\"ImageObject\",\"inLanguage\":\"pl-PL\",\"@id\":\"https:\\\/\\\/greenowacja.pl\\\/#\\\/schema\\\/logo\\\/image\\\/\",\"url\":\"https:\\\/\\\/greenowacja.pl\\\/wp-content\\\/uploads\\\/2023\\\/08\\\/Logo-Greenowacja-wer-z-claimem-pozioma-2-kolory_Easy-Resize.com_.jpg\",\"contentUrl\":\"https:\\\/\\\/greenowacja.pl\\\/wp-content\\\/uploads\\\/2023\\\/08\\\/Logo-Greenowacja-wer-z-claimem-pozioma-2-kolory_Easy-Resize.com_.jpg\",\"width\":1280,\"height\":426,\"caption\":\"Ozdoby i prezenty z mchu | #u\u015bMECHnij si\u0119!\"},\"image\":{\"@id\":\"https:\\\/\\\/greenowacja.pl\\\/#\\\/schema\\\/logo\\\/image\\\/\"},\"sameAs\":[\"https:\\\/\\\/www.facebook.com\\\/Greenowacja\",\"https:\\\/\\\/www.instagram.com\\\/greenowacja\\\/\"]}]}<\/script>\n<!-- \/ Yoast SEO plugin. -->","yoast_head_json":{"title":"Zestaw warsztatowy pie\u0144kiem z mchem \u2013 dla szk\u00f3\u0142 i przedszkoli","description":"Zestaw zbiorczy do samodzielnego wykonania dekoracji z chrobotka reniferowego dla przedszkoli i szk\u00f3\u0142. Idealny na zaj\u0119cia przyrodnicze i tematyczne \u2013 bez potrzeby przygotowa\u0144. Zawiera wszystkie elementy, instrukcj\u0119 przeprowadzenia i pami\u0105tkowy dyplom","robots":{"index":"index","follow":"follow","max-snippet":"max-snippet:-1","max-image-preview":"max-image-preview:large","max-video-preview":"max-video-preview:-1"},"canonical":"https:\/\/greenowacja.pl\/produkt\/zestaw-warsztatowy-z-pienkiem-i-chrobotkiem-reniferowym-dla-szkol-i-przedszkoli\/","og_locale":"pl_PL","og_type":"article","og_title":"Zestaw warsztatowy pie\u0144kiem z mchem \u2013 dla szk\u00f3\u0142 i przedszkoli","og_description":"Zestaw zbiorczy do samodzielnego wykonania dekoracji z chrobotka reniferowego dla przedszkoli i szk\u00f3\u0142. Idealny na zaj\u0119cia przyrodnicze i tematyczne \u2013 bez potrzeby przygotowa\u0144. Zawiera wszystkie elementy, instrukcj\u0119 przeprowadzenia i pami\u0105tkowy dyplom","og_url":"https:\/\/greenowacja.pl\/produkt\/zestaw-warsztatowy-z-pienkiem-i-chrobotkiem-reniferowym-dla-szkol-i-przedszkoli\/","og_site_name":"Ozdoby i prezenty z mchu | #u\u015bMECHnij si\u0119!","article_publisher":"https:\/\/www.facebook.com\/Greenowacja","article_modified_time":"2026-03-11T15:24:03+00:00","og_image":[{"width":2048,"height":2048,"url":"https:\/\/greenowacja.pl\/wp-content\/uploads\/2026\/03\/WhatsApp-Image-2026-03-03-at-16.50.22.jpeg","type":"image\/jpeg"}],"twitter_card":"summary_large_image","twitter_misc":{"Szacowany czas czytania":"3 minuty"},"schema":{"@context":"https:\/\/schema.org","@graph":[{"@type":"WebPage","@id":"https:\/\/greenowacja.pl\/produkt\/zestaw-warsztatowy-z-pienkiem-i-chrobotkiem-reniferowym-dla-szkol-i-przedszkoli\/","url":"https:\/\/greenowacja.pl\/produkt\/zestaw-warsztatowy-z-pienkiem-i-chrobotkiem-reniferowym-dla-szkol-i-przedszkoli\/","name":"Zestaw warsztatowy pie\u0144kiem z mchem \u2013 dla szk\u00f3\u0142 i przedszkoli","isPartOf":{"@id":"https:\/\/greenowacja.pl\/#website"},"primaryImageOfPage":{"@id":"https:\/\/greenowacja.pl\/produkt\/zestaw-warsztatowy-z-pienkiem-i-chrobotkiem-reniferowym-dla-szkol-i-przedszkoli\/#primaryimage"},"image":{"@id":"https:\/\/greenowacja.pl\/produkt\/zestaw-warsztatowy-z-pienkiem-i-chrobotkiem-reniferowym-dla-szkol-i-przedszkoli\/#primaryimage"},"thumbnailUrl":"https:\/\/greenowacja.pl\/wp-content\/uploads\/2026\/03\/WhatsApp-Image-2026-03-03-at-16.50.22.jpeg","datePublished":"2025-09-23T09:26:52+00:00","dateModified":"2026-03-11T15:24:03+00:00","description":"Zestaw zbiorczy do samodzielnego wykonania dekoracji z chrobotka reniferowego dla przedszkoli i szk\u00f3\u0142. Idealny na zaj\u0119cia przyrodnicze i tematyczne \u2013 bez potrzeby przygotowa\u0144. Zawiera wszystkie elementy, instrukcj\u0119 przeprowadzenia i pami\u0105tkowy dyplom","breadcrumb":{"@id":"https:\/\/greenowacja.pl\/produkt\/zestaw-warsztatowy-z-pienkiem-i-chrobotkiem-reniferowym-dla-szkol-i-przedszkoli\/#breadcrumb"},"inLanguage":"pl-PL","potentialAction":[{"@type":"ReadAction","target":["https:\/\/greenowacja.pl\/produkt\/zestaw-warsztatowy-z-pienkiem-i-chrobotkiem-reniferowym-dla-szkol-i-przedszkoli\/"]}]},{"@type":"ImageObject","inLanguage":"pl-PL","@id":"https:\/\/greenowacja.pl\/produkt\/zestaw-warsztatowy-z-pienkiem-i-chrobotkiem-reniferowym-dla-szkol-i-przedszkoli\/#primaryimage","url":"https:\/\/greenowacja.pl\/wp-content\/uploads\/2026\/03\/WhatsApp-Image-2026-03-03-at-16.50.22.jpeg","contentUrl":"https:\/\/greenowacja.pl\/wp-content\/uploads\/2026\/03\/WhatsApp-Image-2026-03-03-at-16.50.22.jpeg","width":2048,"height":2048},{"@type":"BreadcrumbList","@id":"https:\/\/greenowacja.pl\/produkt\/zestaw-warsztatowy-z-pienkiem-i-chrobotkiem-reniferowym-dla-szkol-i-przedszkoli\/#breadcrumb","itemListElement":[{"@type":"ListItem","position":1,"name":"Strona g\u0142\u00f3wna","item":"https:\/\/greenowacja.pl\/"},{"@type":"ListItem","position":2,"name":"Sklep","item":"https:\/\/greenowacja.pl\/sklep-z-mchem-chrobotkiem\/"},{"@type":"ListItem","position":3,"name":"Zestaw warsztatowy PIE\u0143KI Z MCHEM \u2013 dla szk\u00f3\u0142 i przedszkoli"}]},{"@type":"WebSite","@id":"https:\/\/greenowacja.pl\/#website","url":"https:\/\/greenowacja.pl\/","name":"Ozdoby i prezenty z mchu | #u\u015bMECHnij si\u0119!","description":"","publisher":{"@id":"https:\/\/greenowacja.pl\/#organization"},"potentialAction":[{"@type":"SearchAction","target":{"@type":"EntryPoint","urlTemplate":"https:\/\/greenowacja.pl\/?s={search_term_string}"},"query-input":{"@type":"PropertyValueSpecification","valueRequired":true,"valueName":"search_term_string"}}],"inLanguage":"pl-PL"},{"@type":"Organization","@id":"https:\/\/greenowacja.pl\/#organization","name":"Ozdoby i prezenty z mchu | #u\u015bMECHnij si\u0119!","url":"https:\/\/greenowacja.pl\/","logo":{"@type":"ImageObject","inLanguage":"pl-PL","@id":"https:\/\/greenowacja.pl\/#\/schema\/logo\/image\/","url":"https:\/\/greenowacja.pl\/wp-content\/uploads\/2023\/08\/Logo-Greenowacja-wer-z-claimem-pozioma-2-kolory_Easy-Resize.com_.jpg","contentUrl":"https:\/\/greenowacja.pl\/wp-content\/uploads\/2023\/08\/Logo-Greenowacja-wer-z-claimem-pozioma-2-kolory_Easy-Resize.com_.jpg","width":1280,"height":426,"caption":"Ozdoby i prezenty z mchu | #u\u015bMECHnij si\u0119!"},"image":{"@id":"https:\/\/greenowacja.pl\/#\/schema\/logo\/image\/"},"sameAs":["https:\/\/www.facebook.com\/Greenowacja","https:\/\/www.instagram.com\/greenowacja\/"]}]}},"_links":{"self":[{"href":"https:\/\/greenowacja.pl\/wp-json\/wp\/v2\/product\/18249","targetHints":{"allow":["GET"]}}],"collection":[{"href":"https:\/\/greenowacja.pl\/wp-json\/wp\/v2\/product"}],"about":[{"href":"https:\/\/greenowacja.pl\/wp-json\/wp\/v2\/types\/product"}],"wp:featuredmedia":[{"embeddable":true,"href":"https:\/\/greenowacja.pl\/wp-json\/wp\/v2\/media\/20010"}],"wp:attachment":[{"href":"https:\/\/greenowacja.pl\/wp-json\/wp\/v2\/media?parent=18249"}],"wp:term":[{"taxonomy":"product_brand","embeddable":true,"href":"https:\/\/greenowacja.pl\/wp-json\/wp\/v2\/product_brand?post=18249"},{"taxonomy":"product_cat","embeddable":true,"href":"https:\/\/greenowacja.pl\/wp-json\/wp\/v2\/product_cat?post=18249"},{"taxonomy":"product_tag","embeddable":true,"href":"https:\/\/greenowacja.pl\/wp-json\/wp\/v2\/product_tag?post=18249"}],"curies":[{"name":"wp","href":"https:\/\/api.w.org\/{rel}","templated":true}]}}