{"id":18832,"date":"2025-11-20T11:51:20","date_gmt":"2025-11-20T10:51:20","guid":{"rendered":"https:\/\/greenowacja.pl\/?post_type=product&#038;p=18832"},"modified":"2026-03-11T16:38:12","modified_gmt":"2026-03-11T15:38:12","slug":"panel-heksagon-ze-sklejki-podklejony-rzepami-samoprzylepnymi","status":"publish","type":"product","link":"https:\/\/greenowacja.pl\/produkt\/panel-heksagon-ze-sklejki-podklejony-rzepami-samoprzylepnymi\/","title":{"rendered":"Panel &#8211; heksagon &#8211; ze sklejki"},"content":{"rendered":"<div class=\"flex flex-grow flex-col max-w-full\">\n<div class=\"min-h-[20px] text-message flex flex-col items-start gap-3 whitespace-pre-wrap break-words [.text-message+&amp;]:mt-5 overflow-x-auto\" dir=\"auto\" data-message-author-role=\"assistant\" data-message-id=\"bcb70606-d8af-4e2c-bc6b-8560e859e84c\">\n<div class=\"markdown prose w-full break-words dark:prose-invert light\">\n<h2 data-start=\"110\" data-end=\"151\"><strong data-start=\"113\" data-end=\"151\">Panel heksagon \u2013 jasna sklejka<\/strong><\/h2>\n<p data-start=\"153\" data-end=\"509\">Panel w kszta\u0142cie heksagonu wykonany z jasnej sklejki to minimalistyczny, naturalny akcent, kt\u00f3ry \u015bwietnie sprawdzi si\u0119 jako samodzielna dekoracja lub element wi\u0119kszej kompozycji. Jego delikatny, jasny kolor rozja\u015bnia aran\u017cacj\u0119 i dodaje wn\u0119trzu lekko\u015bci, dzi\u0119ki czemu doskonale pasuje do przestrzeni urz\u0105dzonych w stylu skandynawskim, nowoczesnym czy boho.<\/p>\n<p data-start=\"511\" data-end=\"678\">Mo\u017cesz wykorzysta\u0107 go jako t\u0142o dla paneli z mchem lub zestawi\u0107 z innymi heksagonami o r\u00f3\u017cnym wyko\u0144czeniu, tworz\u0105c kompozycj\u0119 dopasowan\u0105 do Twojego stylu i przestrzeni.<\/p>\n<hr data-start=\"680\" data-end=\"683\" \/>\n<h3 data-start=\"685\" data-end=\"708\"><strong data-start=\"689\" data-end=\"708\">Wymiary panelu:<\/strong><\/h3>\n<ul data-start=\"709\" data-end=\"824\">\n<li data-start=\"709\" data-end=\"755\">\n<p data-start=\"711\" data-end=\"755\">przek\u0105tna w najszerszym miejscu: <strong data-start=\"744\" data-end=\"753\">24 cm<\/strong><\/p>\n<\/li>\n<li data-start=\"756\" data-end=\"798\">\n<p data-start=\"758\" data-end=\"798\">przek\u0105tna od boku do boku: <strong data-start=\"785\" data-end=\"796\">20,5 cm<\/strong><\/p>\n<\/li>\n<li data-start=\"799\" data-end=\"824\">\n<p data-start=\"801\" data-end=\"824\">d\u0142ugo\u015b\u0107 boku: <strong data-start=\"815\" data-end=\"824\">12 cm<\/strong><\/p>\n<\/li>\n<\/ul>\n<hr data-start=\"826\" data-end=\"829\" \/>\n<h3 data-start=\"831\" data-end=\"884\"><strong data-start=\"835\" data-end=\"884\">Dlaczego warto wybra\u0107 panel z jasnej sklejki?<\/strong><\/h3>\n<p data-start=\"886\" data-end=\"1032\"><strong data-start=\"886\" data-end=\"920\">Naturalny i uniwersalny wygl\u0105d<\/strong> \u2013 jasna sklejka pasuje praktycznie wsz\u0119dzie i \u015bwietnie \u0142\u0105czy si\u0119 z zieleni\u0105 mchu oraz innymi kolorami paneli.<\/p>\n<p data-start=\"1034\" data-end=\"1145\"><strong data-start=\"1034\" data-end=\"1056\">Lekko\u015b\u0107 i estetyka<\/strong> \u2013 subtelny odcie\u0144 sprawia, \u017ce panel nie dominuje we wn\u0119trzu, ale pi\u0119knie je uzupe\u0142nia.<\/p>\n<p data-start=\"1147\" data-end=\"1282\"><strong data-start=\"1147\" data-end=\"1177\">Wiele mo\u017cliwo\u015bci aran\u017cacji<\/strong> \u2013 mo\u017cesz stworzy\u0107 w\u0142asny uk\u0142ad z dowolnej liczby paneli lub u\u017cy\u0107 go jako delikatnego akcentu na \u015bcianie.<\/p>\n<hr data-start=\"1284\" data-end=\"1287\" \/>\n<h3 data-start=\"1289\" data-end=\"1310\"><strong data-start=\"1293\" data-end=\"1310\">Prosty monta\u017c<\/strong><\/h3>\n<p data-start=\"1312\" data-end=\"1513\">W wersji z rzepami samoprzylepnymi monta\u017c jest szybki i bezinwazyjny<br data-start=\"1402\" data-end=\"1405\" \/>Je\u015bli wolisz monta\u017c na wkr\u0119tach lub kleju monta\u017cowym \u2014 wybierz, panel bez rzep\u00f3w.<\/p>\n<\/div>\n<\/div>\n<\/div>\n","protected":false},"excerpt":{"rendered":"<p><strong>Tw\u00f3rz w\u0142asne kompozycje<\/strong><\/p>\n<p>Nasi klienci maj\u0105 mo\u017cliwo\u015b\u0107 \u0142\u0105czenia czterech rodzaj\u00f3w paneli w dowolnych konfiguracjach i ilo\u015bciach, aby stworzy\u0107 w\u0142asne unikalne kompozycje, kt\u00f3re najlepiej odzwierciedlaj\u0105 ich styl i potrzeby. Dzi\u0119ki temu ka\u017cdy mo\u017ce stworzy\u0107 przestrze\u0144, kt\u00f3ra jest wyj\u0105tkowa i zgodna z jego indywidualnymi preferencjami. <strong>Wybierz spo\u015br\u00f3d 4 paneli i tw\u00f3rz swoje kompozycje w dowolnej konfiguracji<\/strong><\/p>\n<p>Zastosowanie rzep\u00f3w samoprzylepnych umo\u017cliwia:<br \/>\n&#8211; dokonanie korekt po\u0142o\u017cenia nawet po zawieszeniu paneli.<br \/>\n&#8211; dowoln\u0105 zmian\u0119 aran\u017cacji ca\u0142ej kompozycji<\/p>\n","protected":false},"featured_media":18837,"template":"","meta":{"site-sidebar-layout":"default","site-content-layout":"","ast-site-content-layout":"default","site-content-style":"default","site-sidebar-style":"default","ast-global-header-display":"","ast-banner-title-visibility":"","ast-main-header-display":"","ast-hfb-above-header-display":"","ast-hfb-below-header-display":"","ast-hfb-mobile-header-display":"","site-post-title":"","ast-breadcrumbs-content":"","ast-featured-img":"","footer-sml-layout":"","theme-transparent-header-meta":"default","adv-header-id-meta":"","stick-header-meta":"","header-above-stick-meta":"","header-main-stick-meta":"","header-below-stick-meta":"","astra-migrate-meta-layouts":"set","ast-page-background-enabled":"default","ast-page-background-meta":{"desktop":{"background-color":"","background-image":"","background-repeat":"repeat","background-position":"center center","background-size":"auto","background-attachment":"scroll","background-type":"","background-media":"","overlay-type":"","overlay-color":"","overlay-opacity":"","overlay-gradient":""},"tablet":{"background-color":"","background-image":"","background-repeat":"repeat","background-position":"center center","background-size":"auto","background-attachment":"scroll","background-type":"","background-media":"","overlay-type":"","overlay-color":"","overlay-opacity":"","overlay-gradient":""},"mobile":{"background-color":"","background-image":"","background-repeat":"repeat","background-position":"center center","background-size":"auto","background-attachment":"scroll","background-type":"","background-media":"","overlay-type":"","overlay-color":"","overlay-opacity":"","overlay-gradient":""}},"ast-content-background-meta":{"desktop":{"background-color":"var(--ast-global-color-5)","background-image":"","background-repeat":"repeat","background-position":"center center","background-size":"auto","background-attachment":"scroll","background-type":"","background-media":"","overlay-type":"","overlay-color":"","overlay-opacity":"","overlay-gradient":""},"tablet":{"background-color":"var(--ast-global-color-5)","background-image":"","background-repeat":"repeat","background-position":"center center","background-size":"auto","background-attachment":"scroll","background-type":"","background-media":"","overlay-type":"","overlay-color":"","overlay-opacity":"","overlay-gradient":""},"mobile":{"background-color":"var(--ast-global-color-5)","background-image":"","background-repeat":"repeat","background-position":"center center","background-size":"auto","background-attachment":"scroll","background-type":"","background-media":"","overlay-type":"","overlay-color":"","overlay-opacity":"","overlay-gradient":""}}},"product_brand":[],"product_cat":[94,97],"product_tag":[],"class_list":{"0":"post-18832","1":"product","2":"type-product","3":"status-publish","4":"has-post-thumbnail","6":"product_cat-prezenty-dla-niego","7":"product_cat-panele-z-mchu","8":"desktop-align-left","9":"tablet-align-left","10":"mobile-align-left","12":"first","13":"instock","14":"taxable","15":"shipping-taxable","16":"purchasable","17":"product-type-variable"},"yoast_head":"<!-- This site is optimized with the Yoast SEO plugin v27.4 - https:\/\/yoast.com\/product\/yoast-seo-wordpress\/ -->\n<title>Panel - heksagon<\/title>\n<meta name=\"description\" content=\"Heksagon ze sklejki. Tw\u00f3rz swoj\u0105 w\u0142asn\u0105 kompozycj\u0119 z 4 dost\u0119pnych paneli.\" \/>\n<meta name=\"robots\" content=\"index, follow, max-snippet:-1, max-image-preview:large, max-video-preview:-1\" \/>\n<link rel=\"canonical\" href=\"https:\/\/greenowacja.pl\/produkt\/panel-heksagon-ze-sklejki-podklejony-rzepami-samoprzylepnymi\/\" \/>\n<meta property=\"og:locale\" content=\"pl_PL\" \/>\n<meta property=\"og:type\" content=\"article\" \/>\n<meta property=\"og:title\" content=\"Panel - heksagon\" \/>\n<meta property=\"og:description\" content=\"Heksagon ze sklejki. Tw\u00f3rz swoj\u0105 w\u0142asn\u0105 kompozycj\u0119 z 4 dost\u0119pnych paneli.\" \/>\n<meta property=\"og:url\" content=\"https:\/\/greenowacja.pl\/produkt\/panel-heksagon-ze-sklejki-podklejony-rzepami-samoprzylepnymi\/\" \/>\n<meta property=\"og:site_name\" content=\"Ozdoby i prezenty z mchu | #u\u015bMECHnij si\u0119!\" \/>\n<meta property=\"article:publisher\" content=\"https:\/\/www.facebook.com\/Greenowacja\" \/>\n<meta property=\"article:modified_time\" content=\"2026-03-11T15:38:12+00:00\" \/>\n<meta property=\"og:image\" content=\"https:\/\/greenowacja.pl\/wp-content\/uploads\/2025\/11\/Allegro-biale-11-1.jpg\" \/>\n\t<meta property=\"og:image:width\" content=\"1080\" \/>\n\t<meta property=\"og:image:height\" content=\"1080\" \/>\n\t<meta property=\"og:image:type\" content=\"image\/jpeg\" \/>\n<meta name=\"twitter:card\" content=\"summary_large_image\" \/>\n<meta name=\"twitter:label1\" content=\"Szacowany czas czytania\" \/>\n\t<meta name=\"twitter:data1\" content=\"2 minuty\" \/>\n<script type=\"application\/ld+json\" class=\"yoast-schema-graph\">{\"@context\":\"https:\\\/\\\/schema.org\",\"@graph\":[{\"@type\":\"WebPage\",\"@id\":\"https:\\\/\\\/greenowacja.pl\\\/produkt\\\/panel-heksagon-ze-sklejki-podklejony-rzepami-samoprzylepnymi\\\/\",\"url\":\"https:\\\/\\\/greenowacja.pl\\\/produkt\\\/panel-heksagon-ze-sklejki-podklejony-rzepami-samoprzylepnymi\\\/\",\"name\":\"Panel - heksagon\",\"isPartOf\":{\"@id\":\"https:\\\/\\\/greenowacja.pl\\\/#website\"},\"primaryImageOfPage\":{\"@id\":\"https:\\\/\\\/greenowacja.pl\\\/produkt\\\/panel-heksagon-ze-sklejki-podklejony-rzepami-samoprzylepnymi\\\/#primaryimage\"},\"image\":{\"@id\":\"https:\\\/\\\/greenowacja.pl\\\/produkt\\\/panel-heksagon-ze-sklejki-podklejony-rzepami-samoprzylepnymi\\\/#primaryimage\"},\"thumbnailUrl\":\"https:\\\/\\\/greenowacja.pl\\\/wp-content\\\/uploads\\\/2025\\\/11\\\/Allegro-biale-11-1.jpg\",\"datePublished\":\"2025-11-20T10:51:20+00:00\",\"dateModified\":\"2026-03-11T15:38:12+00:00\",\"description\":\"Heksagon ze sklejki. Tw\u00f3rz swoj\u0105 w\u0142asn\u0105 kompozycj\u0119 z 4 dost\u0119pnych paneli.\",\"breadcrumb\":{\"@id\":\"https:\\\/\\\/greenowacja.pl\\\/produkt\\\/panel-heksagon-ze-sklejki-podklejony-rzepami-samoprzylepnymi\\\/#breadcrumb\"},\"inLanguage\":\"pl-PL\",\"potentialAction\":[{\"@type\":\"ReadAction\",\"target\":[\"https:\\\/\\\/greenowacja.pl\\\/produkt\\\/panel-heksagon-ze-sklejki-podklejony-rzepami-samoprzylepnymi\\\/\"]}]},{\"@type\":\"ImageObject\",\"inLanguage\":\"pl-PL\",\"@id\":\"https:\\\/\\\/greenowacja.pl\\\/produkt\\\/panel-heksagon-ze-sklejki-podklejony-rzepami-samoprzylepnymi\\\/#primaryimage\",\"url\":\"https:\\\/\\\/greenowacja.pl\\\/wp-content\\\/uploads\\\/2025\\\/11\\\/Allegro-biale-11-1.jpg\",\"contentUrl\":\"https:\\\/\\\/greenowacja.pl\\\/wp-content\\\/uploads\\\/2025\\\/11\\\/Allegro-biale-11-1.jpg\",\"width\":1080,\"height\":1080},{\"@type\":\"BreadcrumbList\",\"@id\":\"https:\\\/\\\/greenowacja.pl\\\/produkt\\\/panel-heksagon-ze-sklejki-podklejony-rzepami-samoprzylepnymi\\\/#breadcrumb\",\"itemListElement\":[{\"@type\":\"ListItem\",\"position\":1,\"name\":\"Strona g\u0142\u00f3wna\",\"item\":\"https:\\\/\\\/greenowacja.pl\\\/\"},{\"@type\":\"ListItem\",\"position\":2,\"name\":\"Sklep\",\"item\":\"https:\\\/\\\/greenowacja.pl\\\/sklep-z-mchem-chrobotkiem\\\/\"},{\"@type\":\"ListItem\",\"position\":3,\"name\":\"Panel &#8211; heksagon &#8211; ze sklejki\"}]},{\"@type\":\"WebSite\",\"@id\":\"https:\\\/\\\/greenowacja.pl\\\/#website\",\"url\":\"https:\\\/\\\/greenowacja.pl\\\/\",\"name\":\"Ozdoby i prezenty z mchu | #u\u015bMECHnij si\u0119!\",\"description\":\"\",\"publisher\":{\"@id\":\"https:\\\/\\\/greenowacja.pl\\\/#organization\"},\"potentialAction\":[{\"@type\":\"SearchAction\",\"target\":{\"@type\":\"EntryPoint\",\"urlTemplate\":\"https:\\\/\\\/greenowacja.pl\\\/?s={search_term_string}\"},\"query-input\":{\"@type\":\"PropertyValueSpecification\",\"valueRequired\":true,\"valueName\":\"search_term_string\"}}],\"inLanguage\":\"pl-PL\"},{\"@type\":\"Organization\",\"@id\":\"https:\\\/\\\/greenowacja.pl\\\/#organization\",\"name\":\"Ozdoby i prezenty z mchu | #u\u015bMECHnij si\u0119!\",\"url\":\"https:\\\/\\\/greenowacja.pl\\\/\",\"logo\":{\"@type\":\"ImageObject\",\"inLanguage\":\"pl-PL\",\"@id\":\"https:\\\/\\\/greenowacja.pl\\\/#\\\/schema\\\/logo\\\/image\\\/\",\"url\":\"https:\\\/\\\/greenowacja.pl\\\/wp-content\\\/uploads\\\/2023\\\/08\\\/Logo-Greenowacja-wer-z-claimem-pozioma-2-kolory_Easy-Resize.com_.jpg\",\"contentUrl\":\"https:\\\/\\\/greenowacja.pl\\\/wp-content\\\/uploads\\\/2023\\\/08\\\/Logo-Greenowacja-wer-z-claimem-pozioma-2-kolory_Easy-Resize.com_.jpg\",\"width\":1280,\"height\":426,\"caption\":\"Ozdoby i prezenty z mchu | #u\u015bMECHnij si\u0119!\"},\"image\":{\"@id\":\"https:\\\/\\\/greenowacja.pl\\\/#\\\/schema\\\/logo\\\/image\\\/\"},\"sameAs\":[\"https:\\\/\\\/www.facebook.com\\\/Greenowacja\",\"https:\\\/\\\/www.instagram.com\\\/greenowacja\\\/\"]}]}<\/script>\n<!-- \/ Yoast SEO plugin. -->","yoast_head_json":{"title":"Panel - heksagon","description":"Heksagon ze sklejki. Tw\u00f3rz swoj\u0105 w\u0142asn\u0105 kompozycj\u0119 z 4 dost\u0119pnych paneli.","robots":{"index":"index","follow":"follow","max-snippet":"max-snippet:-1","max-image-preview":"max-image-preview:large","max-video-preview":"max-video-preview:-1"},"canonical":"https:\/\/greenowacja.pl\/produkt\/panel-heksagon-ze-sklejki-podklejony-rzepami-samoprzylepnymi\/","og_locale":"pl_PL","og_type":"article","og_title":"Panel - heksagon","og_description":"Heksagon ze sklejki. Tw\u00f3rz swoj\u0105 w\u0142asn\u0105 kompozycj\u0119 z 4 dost\u0119pnych paneli.","og_url":"https:\/\/greenowacja.pl\/produkt\/panel-heksagon-ze-sklejki-podklejony-rzepami-samoprzylepnymi\/","og_site_name":"Ozdoby i prezenty z mchu | #u\u015bMECHnij si\u0119!","article_publisher":"https:\/\/www.facebook.com\/Greenowacja","article_modified_time":"2026-03-11T15:38:12+00:00","og_image":[{"width":1080,"height":1080,"url":"https:\/\/greenowacja.pl\/wp-content\/uploads\/2025\/11\/Allegro-biale-11-1.jpg","type":"image\/jpeg"}],"twitter_card":"summary_large_image","twitter_misc":{"Szacowany czas czytania":"2 minuty"},"schema":{"@context":"https:\/\/schema.org","@graph":[{"@type":"WebPage","@id":"https:\/\/greenowacja.pl\/produkt\/panel-heksagon-ze-sklejki-podklejony-rzepami-samoprzylepnymi\/","url":"https:\/\/greenowacja.pl\/produkt\/panel-heksagon-ze-sklejki-podklejony-rzepami-samoprzylepnymi\/","name":"Panel - heksagon","isPartOf":{"@id":"https:\/\/greenowacja.pl\/#website"},"primaryImageOfPage":{"@id":"https:\/\/greenowacja.pl\/produkt\/panel-heksagon-ze-sklejki-podklejony-rzepami-samoprzylepnymi\/#primaryimage"},"image":{"@id":"https:\/\/greenowacja.pl\/produkt\/panel-heksagon-ze-sklejki-podklejony-rzepami-samoprzylepnymi\/#primaryimage"},"thumbnailUrl":"https:\/\/greenowacja.pl\/wp-content\/uploads\/2025\/11\/Allegro-biale-11-1.jpg","datePublished":"2025-11-20T10:51:20+00:00","dateModified":"2026-03-11T15:38:12+00:00","description":"Heksagon ze sklejki. Tw\u00f3rz swoj\u0105 w\u0142asn\u0105 kompozycj\u0119 z 4 dost\u0119pnych paneli.","breadcrumb":{"@id":"https:\/\/greenowacja.pl\/produkt\/panel-heksagon-ze-sklejki-podklejony-rzepami-samoprzylepnymi\/#breadcrumb"},"inLanguage":"pl-PL","potentialAction":[{"@type":"ReadAction","target":["https:\/\/greenowacja.pl\/produkt\/panel-heksagon-ze-sklejki-podklejony-rzepami-samoprzylepnymi\/"]}]},{"@type":"ImageObject","inLanguage":"pl-PL","@id":"https:\/\/greenowacja.pl\/produkt\/panel-heksagon-ze-sklejki-podklejony-rzepami-samoprzylepnymi\/#primaryimage","url":"https:\/\/greenowacja.pl\/wp-content\/uploads\/2025\/11\/Allegro-biale-11-1.jpg","contentUrl":"https:\/\/greenowacja.pl\/wp-content\/uploads\/2025\/11\/Allegro-biale-11-1.jpg","width":1080,"height":1080},{"@type":"BreadcrumbList","@id":"https:\/\/greenowacja.pl\/produkt\/panel-heksagon-ze-sklejki-podklejony-rzepami-samoprzylepnymi\/#breadcrumb","itemListElement":[{"@type":"ListItem","position":1,"name":"Strona g\u0142\u00f3wna","item":"https:\/\/greenowacja.pl\/"},{"@type":"ListItem","position":2,"name":"Sklep","item":"https:\/\/greenowacja.pl\/sklep-z-mchem-chrobotkiem\/"},{"@type":"ListItem","position":3,"name":"Panel &#8211; heksagon &#8211; ze sklejki"}]},{"@type":"WebSite","@id":"https:\/\/greenowacja.pl\/#website","url":"https:\/\/greenowacja.pl\/","name":"Ozdoby i prezenty z mchu | #u\u015bMECHnij si\u0119!","description":"","publisher":{"@id":"https:\/\/greenowacja.pl\/#organization"},"potentialAction":[{"@type":"SearchAction","target":{"@type":"EntryPoint","urlTemplate":"https:\/\/greenowacja.pl\/?s={search_term_string}"},"query-input":{"@type":"PropertyValueSpecification","valueRequired":true,"valueName":"search_term_string"}}],"inLanguage":"pl-PL"},{"@type":"Organization","@id":"https:\/\/greenowacja.pl\/#organization","name":"Ozdoby i prezenty z mchu | #u\u015bMECHnij si\u0119!","url":"https:\/\/greenowacja.pl\/","logo":{"@type":"ImageObject","inLanguage":"pl-PL","@id":"https:\/\/greenowacja.pl\/#\/schema\/logo\/image\/","url":"https:\/\/greenowacja.pl\/wp-content\/uploads\/2023\/08\/Logo-Greenowacja-wer-z-claimem-pozioma-2-kolory_Easy-Resize.com_.jpg","contentUrl":"https:\/\/greenowacja.pl\/wp-content\/uploads\/2023\/08\/Logo-Greenowacja-wer-z-claimem-pozioma-2-kolory_Easy-Resize.com_.jpg","width":1280,"height":426,"caption":"Ozdoby i prezenty z mchu | #u\u015bMECHnij si\u0119!"},"image":{"@id":"https:\/\/greenowacja.pl\/#\/schema\/logo\/image\/"},"sameAs":["https:\/\/www.facebook.com\/Greenowacja","https:\/\/www.instagram.com\/greenowacja\/"]}]}},"_links":{"self":[{"href":"https:\/\/greenowacja.pl\/wp-json\/wp\/v2\/product\/18832","targetHints":{"allow":["GET"]}}],"collection":[{"href":"https:\/\/greenowacja.pl\/wp-json\/wp\/v2\/product"}],"about":[{"href":"https:\/\/greenowacja.pl\/wp-json\/wp\/v2\/types\/product"}],"wp:featuredmedia":[{"embeddable":true,"href":"https:\/\/greenowacja.pl\/wp-json\/wp\/v2\/media\/18837"}],"wp:attachment":[{"href":"https:\/\/greenowacja.pl\/wp-json\/wp\/v2\/media?parent=18832"}],"wp:term":[{"taxonomy":"product_brand","embeddable":true,"href":"https:\/\/greenowacja.pl\/wp-json\/wp\/v2\/product_brand?post=18832"},{"taxonomy":"product_cat","embeddable":true,"href":"https:\/\/greenowacja.pl\/wp-json\/wp\/v2\/product_cat?post=18832"},{"taxonomy":"product_tag","embeddable":true,"href":"https:\/\/greenowacja.pl\/wp-json\/wp\/v2\/product_tag?post=18832"}],"curies":[{"name":"wp","href":"https:\/\/api.w.org\/{rel}","templated":true}]}}