{"id":1948,"date":"2023-07-11T22:35:50","date_gmt":"2023-07-11T20:35:50","guid":{"rendered":"https:\/\/greenowacja.pl\/?post_type=product&#038;p=1948"},"modified":"2025-08-25T14:51:58","modified_gmt":"2025-08-25T12:51:58","slug":"obraz-w-kole-drzewo-z-psami-39cm-kolor-mieszany","status":"publish","type":"product","link":"https:\/\/greenowacja.pl\/produkt\/obraz-w-kole-drzewo-z-psami-39cm-kolor-mieszany\/","title":{"rendered":"Drzewo d\u0105b z mchu z psami, 39cm"},"content":{"rendered":"<h2>Obraz z psami.<\/h2>\n<p>Obraz z chrobotka z wizerunkiem ps\u00f3w to propozycja dla wszystkich mi\u0142o\u015bnik\u00f3w ps\u00f3w. To propozycja na prezent dla osoby kochaj\u0105cej zwierz\u0119ta. Obraz ozdobiony jest chrobotkiem reniferowym, kt\u00f3rego nie trzeba podlewa\u0107 mimo i\u017c jest pochodzenia naturalnego. Wizerunek ps\u00f3w w po\u0142\u0105czeniu z chrobotkiem reniferowym to wyj\u0105tkowe po\u0142\u0105czenie, kt\u00f3re doda uroku i oryginalno\u015bci ka\u017cdemu wn\u0119trzu. Je\u015bli szukasz wyj\u0105tkowego prezentu dla swojego znajomego \u201epsiarza&#8221; to dobrze trafi\u0142e\u015b. Zapraszamy zapoznania si\u0119 z nasz\u0105 ofert\u0105.<\/p>\n<h2>R\u0119czne wykonanie.<\/h2>\n<p>Ka\u017cdy obraz jest tworzony r\u0119cznie, co gwarantuje indywidualne podej\u015bcie i dba\u0142o\u015b\u0107 o ka\u017cdy szczeg\u00f3\u0142. Mo\u017cliwe s\u0105 r\u00f3wnie\u017c drobne r\u00f3\u017cnice w poszczeg\u00f3lnych egzemplarzach naszych prac.<\/p>\n<p><strong>Wskaz\u00f3wki:<\/strong><\/p>\n<ul>\n<li><strong>produkt\u00f3w z chrobotkiem nie podlewaj,<\/strong><\/li>\n<li>chrobotek lubi <strong>wilgotno\u015b\u0107 powietrza 40-60%,<\/strong> je\u017celi zrobi si\u0119 szorstki i kruchy, zanie\u015b ozdob\u0119 na kilka dni do \u0142azienki, a odzyska spr\u0119\u017cysto\u015b\u0107,<\/li>\n<li>umie\u015b\u0107 go w znacznej odleg\u0142o\u015bci od \u017ar\u00f3de\u0142 ciep\u0142a lub \u015bwiat\u0142a,<\/li>\n<li>je\u017celi osi\u0105dzie na nim kurz, delikatnie zbierz go rolk\u0105 do czyszczenia odzie\u017cy.<\/li>\n<\/ul>\n<p>&nbsp;<\/p>\n<p><strong>Dane techniczne:<\/strong><\/p>\n<p>&#8211; \u015arednica: 39cm<\/p>\n<p>&#8211; Materia\u0142 podk\u0142adu: p\u0142yta HDF<\/p>\n<p>&#8211; Obraz jest gotowy do zawieszenia<\/p>\n<p>&nbsp;<\/p>\n<p>Zapraszamy r\u00f3wnie\u017c po inne ozdoby z mchem z <a href=\"https:\/\/greenowacja.pl\/kategoria-produktu\/obrazy-z-chrobotkiem\/obrazy-ze-zwierzetami-z-mchu\/\">wizerunkiem zwierz\u0105t.<\/a><\/p>\n","protected":false},"excerpt":{"rendered":"<p>Obraz z wizerunkiem ps\u00f3w to idealny prezent dla os\u00f3b, kt\u00f3re kochaj\u0105 zwierz\u0119ta. Nasze obrazy zdobione chrobotkiem reniferowym\u00a0 sprawdz\u0105 si\u0119 r\u00f3wnie\u017c jako idealny prezent na wiele okazji.<\/p>\n","protected":false},"featured_media":15760,"template":"","meta":{"site-sidebar-layout":"default","site-content-layout":"default","ast-site-content-layout":"default","site-content-style":"default","site-sidebar-style":"default","ast-global-header-display":"","ast-banner-title-visibility":"","ast-main-header-display":"","ast-hfb-above-header-display":"","ast-hfb-below-header-display":"","ast-hfb-mobile-header-display":"","site-post-title":"","ast-breadcrumbs-content":"","ast-featured-img":"","footer-sml-layout":"","theme-transparent-header-meta":"default","adv-header-id-meta":"","stick-header-meta":"","header-above-stick-meta":"","header-main-stick-meta":"","header-below-stick-meta":"","astra-migrate-meta-layouts":"set","ast-page-background-enabled":"default","ast-page-background-meta":{"desktop":{"background-color":"","background-image":"","background-repeat":"repeat","background-position":"center center","background-size":"auto","background-attachment":"scroll","background-type":"","background-media":"","overlay-type":"","overlay-color":"","overlay-opacity":"","overlay-gradient":""},"tablet":{"background-color":"","background-image":"","background-repeat":"repeat","background-position":"center center","background-size":"auto","background-attachment":"scroll","background-type":"","background-media":"","overlay-type":"","overlay-color":"","overlay-opacity":"","overlay-gradient":""},"mobile":{"background-color":"","background-image":"","background-repeat":"repeat","background-position":"center center","background-size":"auto","background-attachment":"scroll","background-type":"","background-media":"","overlay-type":"","overlay-color":"","overlay-opacity":"","overlay-gradient":""}},"ast-content-background-meta":{"desktop":{"background-color":"var(--ast-global-color-5)","background-image":"","background-repeat":"repeat","background-position":"center center","background-size":"auto","background-attachment":"scroll","background-type":"","background-media":"","overlay-type":"","overlay-color":"","overlay-opacity":"","overlay-gradient":""},"tablet":{"background-color":"var(--ast-global-color-5)","background-image":"","background-repeat":"repeat","background-position":"center center","background-size":"auto","background-attachment":"scroll","background-type":"","background-media":"","overlay-type":"","overlay-color":"","overlay-opacity":"","overlay-gradient":""},"mobile":{"background-color":"var(--ast-global-color-5)","background-image":"","background-repeat":"repeat","background-position":"center center","background-size":"auto","background-attachment":"scroll","background-type":"","background-media":"","overlay-type":"","overlay-color":"","overlay-opacity":"","overlay-gradient":""}}},"product_brand":[],"product_cat":[81,33,121,93],"product_tag":[],"class_list":{"0":"post-1948","1":"product","2":"type-product","3":"status-publish","4":"has-post-thumbnail","6":"product_cat-dla-milosnikow-zwierzat","7":"product_cat-drzewa-z-chrobotkiem","8":"product_cat-karta-mieszkanca-gminy-kolobrzeg","9":"product_cat-ok-poznan","10":"desktop-align-left","11":"tablet-align-left","12":"mobile-align-left","14":"first","15":"instock","16":"taxable","17":"shipping-taxable","18":"purchasable","19":"product-type-simple"},"yoast_head":"<!-- This site is optimized with the Yoast SEO plugin v27.4 - https:\/\/yoast.com\/product\/yoast-seo-wordpress\/ -->\n<title>Obraz z psami, mech chrobotek<\/title>\n<meta name=\"description\" content=\"Obraz w kole to \u015bwietna propozycja dla os\u00f3b kt\u00f3re szukaj\u0105 ciekawego dodatku do powieszenie na \u015bcian\u0119. Nasza ozdoba trafi idealnie w gust dla mi\u0142o\u015bnika ps\u00f3w.\" \/>\n<meta name=\"robots\" content=\"index, follow, max-snippet:-1, max-image-preview:large, max-video-preview:-1\" \/>\n<link rel=\"canonical\" href=\"https:\/\/greenowacja.pl\/produkt\/obraz-w-kole-drzewo-z-psami-39cm-kolor-mieszany\/\" \/>\n<meta property=\"og:locale\" content=\"pl_PL\" \/>\n<meta property=\"og:type\" content=\"article\" \/>\n<meta property=\"og:title\" content=\"Obraz z psami, mech chrobotek\" \/>\n<meta property=\"og:description\" content=\"Obraz w kole to \u015bwietna propozycja dla os\u00f3b kt\u00f3re szukaj\u0105 ciekawego dodatku do powieszenie na \u015bcian\u0119. Nasza ozdoba trafi idealnie w gust dla mi\u0142o\u015bnika ps\u00f3w.\" \/>\n<meta property=\"og:url\" content=\"https:\/\/greenowacja.pl\/produkt\/obraz-w-kole-drzewo-z-psami-39cm-kolor-mieszany\/\" \/>\n<meta property=\"og:site_name\" content=\"Ozdoby i prezenty z mchu | #u\u015bMECHnij si\u0119!\" \/>\n<meta property=\"article:publisher\" content=\"https:\/\/www.facebook.com\/Greenowacja\" \/>\n<meta property=\"article:modified_time\" content=\"2025-08-25T12:51:58+00:00\" \/>\n<meta property=\"og:image\" content=\"https:\/\/greenowacja.pl\/wp-content\/uploads\/2023\/07\/IMG20250129141508-1.jpg\" \/>\n\t<meta property=\"og:image:width\" content=\"1000\" \/>\n\t<meta property=\"og:image:height\" content=\"1000\" \/>\n\t<meta property=\"og:image:type\" content=\"image\/jpeg\" \/>\n<meta name=\"twitter:card\" content=\"summary_large_image\" \/>\n<meta name=\"twitter:label1\" content=\"Szacowany czas czytania\" \/>\n\t<meta name=\"twitter:data1\" content=\"2 minuty\" \/>\n<script type=\"application\/ld+json\" class=\"yoast-schema-graph\">{\"@context\":\"https:\\\/\\\/schema.org\",\"@graph\":[{\"@type\":\"WebPage\",\"@id\":\"https:\\\/\\\/greenowacja.pl\\\/produkt\\\/obraz-w-kole-drzewo-z-psami-39cm-kolor-mieszany\\\/\",\"url\":\"https:\\\/\\\/greenowacja.pl\\\/produkt\\\/obraz-w-kole-drzewo-z-psami-39cm-kolor-mieszany\\\/\",\"name\":\"Obraz z psami, mech chrobotek\",\"isPartOf\":{\"@id\":\"https:\\\/\\\/greenowacja.pl\\\/#website\"},\"primaryImageOfPage\":{\"@id\":\"https:\\\/\\\/greenowacja.pl\\\/produkt\\\/obraz-w-kole-drzewo-z-psami-39cm-kolor-mieszany\\\/#primaryimage\"},\"image\":{\"@id\":\"https:\\\/\\\/greenowacja.pl\\\/produkt\\\/obraz-w-kole-drzewo-z-psami-39cm-kolor-mieszany\\\/#primaryimage\"},\"thumbnailUrl\":\"https:\\\/\\\/greenowacja.pl\\\/wp-content\\\/uploads\\\/2023\\\/07\\\/IMG20250129141508-1.jpg\",\"datePublished\":\"2023-07-11T20:35:50+00:00\",\"dateModified\":\"2025-08-25T12:51:58+00:00\",\"description\":\"Obraz w kole to \u015bwietna propozycja dla os\u00f3b kt\u00f3re szukaj\u0105 ciekawego dodatku do powieszenie na \u015bcian\u0119. Nasza ozdoba trafi idealnie w gust dla mi\u0142o\u015bnika ps\u00f3w.\",\"breadcrumb\":{\"@id\":\"https:\\\/\\\/greenowacja.pl\\\/produkt\\\/obraz-w-kole-drzewo-z-psami-39cm-kolor-mieszany\\\/#breadcrumb\"},\"inLanguage\":\"pl-PL\",\"potentialAction\":[{\"@type\":\"ReadAction\",\"target\":[\"https:\\\/\\\/greenowacja.pl\\\/produkt\\\/obraz-w-kole-drzewo-z-psami-39cm-kolor-mieszany\\\/\"]}]},{\"@type\":\"ImageObject\",\"inLanguage\":\"pl-PL\",\"@id\":\"https:\\\/\\\/greenowacja.pl\\\/produkt\\\/obraz-w-kole-drzewo-z-psami-39cm-kolor-mieszany\\\/#primaryimage\",\"url\":\"https:\\\/\\\/greenowacja.pl\\\/wp-content\\\/uploads\\\/2023\\\/07\\\/IMG20250129141508-1.jpg\",\"contentUrl\":\"https:\\\/\\\/greenowacja.pl\\\/wp-content\\\/uploads\\\/2023\\\/07\\\/IMG20250129141508-1.jpg\",\"width\":1000,\"height\":1000},{\"@type\":\"BreadcrumbList\",\"@id\":\"https:\\\/\\\/greenowacja.pl\\\/produkt\\\/obraz-w-kole-drzewo-z-psami-39cm-kolor-mieszany\\\/#breadcrumb\",\"itemListElement\":[{\"@type\":\"ListItem\",\"position\":1,\"name\":\"Strona g\u0142\u00f3wna\",\"item\":\"https:\\\/\\\/greenowacja.pl\\\/\"},{\"@type\":\"ListItem\",\"position\":2,\"name\":\"Sklep\",\"item\":\"https:\\\/\\\/greenowacja.pl\\\/sklep-z-mchem-chrobotkiem\\\/\"},{\"@type\":\"ListItem\",\"position\":3,\"name\":\"Drzewo d\u0105b z mchu z psami, 39cm\"}]},{\"@type\":\"WebSite\",\"@id\":\"https:\\\/\\\/greenowacja.pl\\\/#website\",\"url\":\"https:\\\/\\\/greenowacja.pl\\\/\",\"name\":\"Ozdoby i prezenty z mchu | #u\u015bMECHnij si\u0119!\",\"description\":\"\",\"publisher\":{\"@id\":\"https:\\\/\\\/greenowacja.pl\\\/#organization\"},\"potentialAction\":[{\"@type\":\"SearchAction\",\"target\":{\"@type\":\"EntryPoint\",\"urlTemplate\":\"https:\\\/\\\/greenowacja.pl\\\/?s={search_term_string}\"},\"query-input\":{\"@type\":\"PropertyValueSpecification\",\"valueRequired\":true,\"valueName\":\"search_term_string\"}}],\"inLanguage\":\"pl-PL\"},{\"@type\":\"Organization\",\"@id\":\"https:\\\/\\\/greenowacja.pl\\\/#organization\",\"name\":\"Ozdoby i prezenty z mchu | #u\u015bMECHnij si\u0119!\",\"url\":\"https:\\\/\\\/greenowacja.pl\\\/\",\"logo\":{\"@type\":\"ImageObject\",\"inLanguage\":\"pl-PL\",\"@id\":\"https:\\\/\\\/greenowacja.pl\\\/#\\\/schema\\\/logo\\\/image\\\/\",\"url\":\"https:\\\/\\\/greenowacja.pl\\\/wp-content\\\/uploads\\\/2023\\\/08\\\/Logo-Greenowacja-wer-z-claimem-pozioma-2-kolory_Easy-Resize.com_.jpg\",\"contentUrl\":\"https:\\\/\\\/greenowacja.pl\\\/wp-content\\\/uploads\\\/2023\\\/08\\\/Logo-Greenowacja-wer-z-claimem-pozioma-2-kolory_Easy-Resize.com_.jpg\",\"width\":1280,\"height\":426,\"caption\":\"Ozdoby i prezenty z mchu | #u\u015bMECHnij si\u0119!\"},\"image\":{\"@id\":\"https:\\\/\\\/greenowacja.pl\\\/#\\\/schema\\\/logo\\\/image\\\/\"},\"sameAs\":[\"https:\\\/\\\/www.facebook.com\\\/Greenowacja\",\"https:\\\/\\\/www.instagram.com\\\/greenowacja\\\/\"]}]}<\/script>\n<!-- \/ Yoast SEO plugin. -->","yoast_head_json":{"title":"Obraz z psami, mech chrobotek","description":"Obraz w kole to \u015bwietna propozycja dla os\u00f3b kt\u00f3re szukaj\u0105 ciekawego dodatku do powieszenie na \u015bcian\u0119. Nasza ozdoba trafi idealnie w gust dla mi\u0142o\u015bnika ps\u00f3w.","robots":{"index":"index","follow":"follow","max-snippet":"max-snippet:-1","max-image-preview":"max-image-preview:large","max-video-preview":"max-video-preview:-1"},"canonical":"https:\/\/greenowacja.pl\/produkt\/obraz-w-kole-drzewo-z-psami-39cm-kolor-mieszany\/","og_locale":"pl_PL","og_type":"article","og_title":"Obraz z psami, mech chrobotek","og_description":"Obraz w kole to \u015bwietna propozycja dla os\u00f3b kt\u00f3re szukaj\u0105 ciekawego dodatku do powieszenie na \u015bcian\u0119. Nasza ozdoba trafi idealnie w gust dla mi\u0142o\u015bnika ps\u00f3w.","og_url":"https:\/\/greenowacja.pl\/produkt\/obraz-w-kole-drzewo-z-psami-39cm-kolor-mieszany\/","og_site_name":"Ozdoby i prezenty z mchu | #u\u015bMECHnij si\u0119!","article_publisher":"https:\/\/www.facebook.com\/Greenowacja","article_modified_time":"2025-08-25T12:51:58+00:00","og_image":[{"width":1000,"height":1000,"url":"https:\/\/greenowacja.pl\/wp-content\/uploads\/2023\/07\/IMG20250129141508-1.jpg","type":"image\/jpeg"}],"twitter_card":"summary_large_image","twitter_misc":{"Szacowany czas czytania":"2 minuty"},"schema":{"@context":"https:\/\/schema.org","@graph":[{"@type":"WebPage","@id":"https:\/\/greenowacja.pl\/produkt\/obraz-w-kole-drzewo-z-psami-39cm-kolor-mieszany\/","url":"https:\/\/greenowacja.pl\/produkt\/obraz-w-kole-drzewo-z-psami-39cm-kolor-mieszany\/","name":"Obraz z psami, mech chrobotek","isPartOf":{"@id":"https:\/\/greenowacja.pl\/#website"},"primaryImageOfPage":{"@id":"https:\/\/greenowacja.pl\/produkt\/obraz-w-kole-drzewo-z-psami-39cm-kolor-mieszany\/#primaryimage"},"image":{"@id":"https:\/\/greenowacja.pl\/produkt\/obraz-w-kole-drzewo-z-psami-39cm-kolor-mieszany\/#primaryimage"},"thumbnailUrl":"https:\/\/greenowacja.pl\/wp-content\/uploads\/2023\/07\/IMG20250129141508-1.jpg","datePublished":"2023-07-11T20:35:50+00:00","dateModified":"2025-08-25T12:51:58+00:00","description":"Obraz w kole to \u015bwietna propozycja dla os\u00f3b kt\u00f3re szukaj\u0105 ciekawego dodatku do powieszenie na \u015bcian\u0119. Nasza ozdoba trafi idealnie w gust dla mi\u0142o\u015bnika ps\u00f3w.","breadcrumb":{"@id":"https:\/\/greenowacja.pl\/produkt\/obraz-w-kole-drzewo-z-psami-39cm-kolor-mieszany\/#breadcrumb"},"inLanguage":"pl-PL","potentialAction":[{"@type":"ReadAction","target":["https:\/\/greenowacja.pl\/produkt\/obraz-w-kole-drzewo-z-psami-39cm-kolor-mieszany\/"]}]},{"@type":"ImageObject","inLanguage":"pl-PL","@id":"https:\/\/greenowacja.pl\/produkt\/obraz-w-kole-drzewo-z-psami-39cm-kolor-mieszany\/#primaryimage","url":"https:\/\/greenowacja.pl\/wp-content\/uploads\/2023\/07\/IMG20250129141508-1.jpg","contentUrl":"https:\/\/greenowacja.pl\/wp-content\/uploads\/2023\/07\/IMG20250129141508-1.jpg","width":1000,"height":1000},{"@type":"BreadcrumbList","@id":"https:\/\/greenowacja.pl\/produkt\/obraz-w-kole-drzewo-z-psami-39cm-kolor-mieszany\/#breadcrumb","itemListElement":[{"@type":"ListItem","position":1,"name":"Strona g\u0142\u00f3wna","item":"https:\/\/greenowacja.pl\/"},{"@type":"ListItem","position":2,"name":"Sklep","item":"https:\/\/greenowacja.pl\/sklep-z-mchem-chrobotkiem\/"},{"@type":"ListItem","position":3,"name":"Drzewo d\u0105b z mchu z psami, 39cm"}]},{"@type":"WebSite","@id":"https:\/\/greenowacja.pl\/#website","url":"https:\/\/greenowacja.pl\/","name":"Ozdoby i prezenty z mchu | #u\u015bMECHnij si\u0119!","description":"","publisher":{"@id":"https:\/\/greenowacja.pl\/#organization"},"potentialAction":[{"@type":"SearchAction","target":{"@type":"EntryPoint","urlTemplate":"https:\/\/greenowacja.pl\/?s={search_term_string}"},"query-input":{"@type":"PropertyValueSpecification","valueRequired":true,"valueName":"search_term_string"}}],"inLanguage":"pl-PL"},{"@type":"Organization","@id":"https:\/\/greenowacja.pl\/#organization","name":"Ozdoby i prezenty z mchu | #u\u015bMECHnij si\u0119!","url":"https:\/\/greenowacja.pl\/","logo":{"@type":"ImageObject","inLanguage":"pl-PL","@id":"https:\/\/greenowacja.pl\/#\/schema\/logo\/image\/","url":"https:\/\/greenowacja.pl\/wp-content\/uploads\/2023\/08\/Logo-Greenowacja-wer-z-claimem-pozioma-2-kolory_Easy-Resize.com_.jpg","contentUrl":"https:\/\/greenowacja.pl\/wp-content\/uploads\/2023\/08\/Logo-Greenowacja-wer-z-claimem-pozioma-2-kolory_Easy-Resize.com_.jpg","width":1280,"height":426,"caption":"Ozdoby i prezenty z mchu | #u\u015bMECHnij si\u0119!"},"image":{"@id":"https:\/\/greenowacja.pl\/#\/schema\/logo\/image\/"},"sameAs":["https:\/\/www.facebook.com\/Greenowacja","https:\/\/www.instagram.com\/greenowacja\/"]}]}},"_links":{"self":[{"href":"https:\/\/greenowacja.pl\/wp-json\/wp\/v2\/product\/1948","targetHints":{"allow":["GET"]}}],"collection":[{"href":"https:\/\/greenowacja.pl\/wp-json\/wp\/v2\/product"}],"about":[{"href":"https:\/\/greenowacja.pl\/wp-json\/wp\/v2\/types\/product"}],"wp:featuredmedia":[{"embeddable":true,"href":"https:\/\/greenowacja.pl\/wp-json\/wp\/v2\/media\/15760"}],"wp:attachment":[{"href":"https:\/\/greenowacja.pl\/wp-json\/wp\/v2\/media?parent=1948"}],"wp:term":[{"taxonomy":"product_brand","embeddable":true,"href":"https:\/\/greenowacja.pl\/wp-json\/wp\/v2\/product_brand?post=1948"},{"taxonomy":"product_cat","embeddable":true,"href":"https:\/\/greenowacja.pl\/wp-json\/wp\/v2\/product_cat?post=1948"},{"taxonomy":"product_tag","embeddable":true,"href":"https:\/\/greenowacja.pl\/wp-json\/wp\/v2\/product_tag?post=1948"}],"curies":[{"name":"wp","href":"https:\/\/api.w.org\/{rel}","templated":true}]}}