{"id":1957,"date":"2023-07-11T23:20:11","date_gmt":"2023-07-11T21:20:11","guid":{"rendered":"https:\/\/greenowacja.pl\/?post_type=product&#038;p=1957"},"modified":"2025-08-22T10:55:48","modified_gmt":"2025-08-22T08:55:48","slug":"obraz-kotek-azurowy-z-ogonem-w-gore-30-cm","status":"publish","type":"product","link":"https:\/\/greenowacja.pl\/produkt\/obraz-kotek-azurowy-z-ogonem-w-gore-30-cm\/","title":{"rendered":"Obraz &#8211; Kotek z mchu a\u017curowy z ogonem w g\u00f3r\u0119, 30cm"},"content":{"rendered":"<p>Jak rozpozna\u0107 mi\u0142o\u015bnika kot\u00f3w? Po sier\u015bci na ubraniach lub po tym, \u017ce ma on na \u015bcianie obraz kota wykonany z chrobotka!<\/p>\n<p>Nie masz ju\u017c pomys\u0142\u00f3w na prezenty i masz wra\u017cenie, \u017ce osoba kt\u00f3rej chcesz zrobi\u0107 niespodziank\u0119 ju\u017c wszystko w domu ma? Postaw na co\u015b\u00a0nietypowego.<\/p>\n<p>Chrobotek reniferowy, umieszczony na obrazie, poddany zosta\u0142 procesowi stabilizacji, dzi\u0119ki kt\u00f3remu b\u0119dzie zachwycaj\u0105cy przez d\u0142ugie lata.<\/p>\n<p><strong>A\u017curowy kotek z chrobotkiem sprawdzi si\u0119 \u015bwietnie je\u015bli:<\/strong><\/p>\n<p>&#8211; rozgl\u0105dasz si\u0119 za ciekawym dodatkiem do wn\u0119trz<\/p>\n<p>&#8211; szukasz oryginalnego prezentu<\/p>\n<p>&#8211; drzemi\u0119 w Tobie dusza kociarza<\/p>\n<p>&nbsp;<\/p>\n<p><strong>Specyfikacja techniczna:<\/strong><\/p>\n<ul>\n<li>materia\u0142 podk\u0142adu: p\u0142yta pil\u015bniowa (HDF)<\/li>\n<li>wysoko\u015b\u0107: 30 cm<\/li>\n<\/ul>\n<p><strong>Kolory mchu:<\/strong><\/p>\n<ul>\n<li>jasnozielony<\/li>\n<\/ul>\n<p>&nbsp;<\/p>\n<p>Przyst\u0119pujemy do tworzenia ozd\u00f3b po ich zam\u00f3wieniu online, czas realizacji zam\u00f3wienia trwa 3 dni robocze.<\/p>\n<p>Je\u017celi zale\u017cy Pa\u0144stwu na szybszej wysy\u0142ce, prosimy o kontakt telefoniczny.<\/p>\n<p>&nbsp;<\/p>\n<p>Kotki \u015bwietnie pasuj\u0105 do siebie w parze. Polecamy \u0142\u0105czy\u0107 kotka wi\u0119kszego z mniejszym.<\/p>\n<p>Spraw swojemu kotu przyjaciela \ud83d\ude42<\/p>\n<p><img fetchpriority=\"high\" decoding=\"async\" class=\"alignnone size-medium wp-image-1953\" src=\"https:\/\/greenowacja.pl\/wp-content\/uploads\/2023\/07\/koty-parka-m-300x300.jpg\" alt=\"\" width=\"300\" height=\"300\" srcset=\"https:\/\/greenowacja.pl\/wp-content\/uploads\/2023\/07\/koty-parka-m-300x300.jpg 300w, https:\/\/greenowacja.pl\/wp-content\/uploads\/2023\/07\/koty-parka-m-600x600.jpg 600w, https:\/\/greenowacja.pl\/wp-content\/uploads\/2023\/07\/koty-parka-m-100x100.jpg 100w, https:\/\/greenowacja.pl\/wp-content\/uploads\/2023\/07\/koty-parka-m-1024x1024.jpg 1024w, https:\/\/greenowacja.pl\/wp-content\/uploads\/2023\/07\/koty-parka-m-150x150.jpg 150w, https:\/\/greenowacja.pl\/wp-content\/uploads\/2023\/07\/koty-parka-m-768x768.jpg 768w, https:\/\/greenowacja.pl\/wp-content\/uploads\/2023\/07\/koty-parka-m.jpg 1280w\" sizes=\"(max-width: 300px) 100vw, 300px\" \/><\/p>\n<p>&nbsp;<\/p>\n<p>&nbsp;<\/p>\n","protected":false},"excerpt":{"rendered":"<p>A\u017curowy kotek to \u015bwietna propozycja dla os\u00f3b, kt\u00f3re szukaj\u0105 ciekawego dodatku do powieszenia na \u015bcian\u0119. Nasze obrazy z kotami ozdobione chrobotkiem reniferowym s\u0105 idealn\u0105 propozycj\u0105 dla mi\u0142o\u015bnik\u00f3w kot\u00f3w i na pewno zrobi\u0105 wra\u017cenie na obdarowanej osobie.<\/p>\n","protected":false},"featured_media":1951,"template":"","meta":{"site-sidebar-layout":"default","site-content-layout":"default","ast-site-content-layout":"default","site-content-style":"default","site-sidebar-style":"default","ast-global-header-display":"","ast-banner-title-visibility":"","ast-main-header-display":"","ast-hfb-above-header-display":"","ast-hfb-below-header-display":"","ast-hfb-mobile-header-display":"","site-post-title":"","ast-breadcrumbs-content":"","ast-featured-img":"","footer-sml-layout":"","theme-transparent-header-meta":"default","adv-header-id-meta":"","stick-header-meta":"","header-above-stick-meta":"","header-main-stick-meta":"","header-below-stick-meta":"","astra-migrate-meta-layouts":"set","ast-page-background-enabled":"default","ast-page-background-meta":{"desktop":{"background-color":"","background-image":"","background-repeat":"repeat","background-position":"center center","background-size":"auto","background-attachment":"scroll","background-type":"","background-media":"","overlay-type":"","overlay-color":"","overlay-opacity":"","overlay-gradient":""},"tablet":{"background-color":"","background-image":"","background-repeat":"repeat","background-position":"center center","background-size":"auto","background-attachment":"scroll","background-type":"","background-media":"","overlay-type":"","overlay-color":"","overlay-opacity":"","overlay-gradient":""},"mobile":{"background-color":"","background-image":"","background-repeat":"repeat","background-position":"center center","background-size":"auto","background-attachment":"scroll","background-type":"","background-media":"","overlay-type":"","overlay-color":"","overlay-opacity":"","overlay-gradient":""}},"ast-content-background-meta":{"desktop":{"background-color":"var(--ast-global-color-5)","background-image":"","background-repeat":"repeat","background-position":"center center","background-size":"auto","background-attachment":"scroll","background-type":"","background-media":"","overlay-type":"","overlay-color":"","overlay-opacity":"","overlay-gradient":""},"tablet":{"background-color":"var(--ast-global-color-5)","background-image":"","background-repeat":"repeat","background-position":"center center","background-size":"auto","background-attachment":"scroll","background-type":"","background-media":"","overlay-type":"","overlay-color":"","overlay-opacity":"","overlay-gradient":""},"mobile":{"background-color":"var(--ast-global-color-5)","background-image":"","background-repeat":"repeat","background-position":"center center","background-size":"auto","background-attachment":"scroll","background-type":"","background-media":"","overlay-type":"","overlay-color":"","overlay-opacity":"","overlay-gradient":""}}},"product_brand":[],"product_cat":[81,42,50],"product_tag":[],"class_list":{"0":"post-1957","1":"product","2":"type-product","3":"status-publish","4":"has-post-thumbnail","6":"product_cat-dla-milosnikow-zwierzat","7":"product_cat-obrazy-z-chrobotkiem","8":"product_cat-obrazy-ze-zwierzetami-z-mchu","9":"desktop-align-left","10":"tablet-align-left","11":"mobile-align-left","13":"first","14":"instock","15":"taxable","16":"shipping-taxable","17":"purchasable","18":"product-type-simple"},"yoast_head":"<!-- This site is optimized with the Yoast SEO plugin v27.4 - https:\/\/yoast.com\/product\/yoast-seo-wordpress\/ -->\n<title>Obraz - Kotek z mchu a\u017curowy z ogonem w g\u00f3r\u0119, 30cm - Ozdoby i prezenty z mchu | #u\u015bMECHnij si\u0119!<\/title>\n<meta name=\"description\" content=\"Obrazy z chrobotkiem to \u015bwietna propozycja dla os\u00f3b kt\u00f3re szukaj\u0105 ciekawego dodatku do powieszenie na \u015bcian\u0119. Jest to idealny prezent dla mi\u0142o\u015bnik\u00f3w kot\u00f3w.\" \/>\n<meta name=\"robots\" content=\"index, follow, max-snippet:-1, max-image-preview:large, max-video-preview:-1\" \/>\n<link rel=\"canonical\" href=\"https:\/\/greenowacja.pl\/produkt\/obraz-kotek-azurowy-z-ogonem-w-gore-30-cm\/\" \/>\n<meta property=\"og:locale\" content=\"pl_PL\" \/>\n<meta property=\"og:type\" content=\"article\" \/>\n<meta property=\"og:title\" content=\"Obraz - Kotek z mchu a\u017curowy z ogonem w g\u00f3r\u0119, 30cm - Ozdoby i prezenty z mchu | #u\u015bMECHnij si\u0119!\" \/>\n<meta property=\"og:description\" content=\"Obrazy z chrobotkiem to \u015bwietna propozycja dla os\u00f3b kt\u00f3re szukaj\u0105 ciekawego dodatku do powieszenie na \u015bcian\u0119. Jest to idealny prezent dla mi\u0142o\u015bnik\u00f3w kot\u00f3w.\" \/>\n<meta property=\"og:url\" content=\"https:\/\/greenowacja.pl\/produkt\/obraz-kotek-azurowy-z-ogonem-w-gore-30-cm\/\" \/>\n<meta property=\"og:site_name\" content=\"Ozdoby i prezenty z mchu | #u\u015bMECHnij si\u0119!\" \/>\n<meta property=\"article:publisher\" content=\"https:\/\/www.facebook.com\/Greenowacja\" \/>\n<meta property=\"article:modified_time\" content=\"2025-08-22T08:55:48+00:00\" \/>\n<meta property=\"og:image\" content=\"https:\/\/greenowacja.pl\/wp-content\/uploads\/2023\/07\/kot-ogon-do-gory-m.jpg\" \/>\n\t<meta property=\"og:image:width\" content=\"1280\" \/>\n\t<meta property=\"og:image:height\" content=\"1280\" \/>\n\t<meta property=\"og:image:type\" content=\"image\/jpeg\" \/>\n<meta name=\"twitter:card\" content=\"summary_large_image\" \/>\n<meta name=\"twitter:label1\" content=\"Szacowany czas czytania\" \/>\n\t<meta name=\"twitter:data1\" content=\"2 minuty\" \/>\n<script type=\"application\/ld+json\" class=\"yoast-schema-graph\">{\"@context\":\"https:\\\/\\\/schema.org\",\"@graph\":[{\"@type\":\"WebPage\",\"@id\":\"https:\\\/\\\/greenowacja.pl\\\/produkt\\\/obraz-kotek-azurowy-z-ogonem-w-gore-30-cm\\\/\",\"url\":\"https:\\\/\\\/greenowacja.pl\\\/produkt\\\/obraz-kotek-azurowy-z-ogonem-w-gore-30-cm\\\/\",\"name\":\"Obraz - Kotek z mchu a\u017curowy z ogonem w g\u00f3r\u0119, 30cm - Ozdoby i prezenty z mchu | #u\u015bMECHnij si\u0119!\",\"isPartOf\":{\"@id\":\"https:\\\/\\\/greenowacja.pl\\\/#website\"},\"primaryImageOfPage\":{\"@id\":\"https:\\\/\\\/greenowacja.pl\\\/produkt\\\/obraz-kotek-azurowy-z-ogonem-w-gore-30-cm\\\/#primaryimage\"},\"image\":{\"@id\":\"https:\\\/\\\/greenowacja.pl\\\/produkt\\\/obraz-kotek-azurowy-z-ogonem-w-gore-30-cm\\\/#primaryimage\"},\"thumbnailUrl\":\"https:\\\/\\\/greenowacja.pl\\\/wp-content\\\/uploads\\\/2023\\\/07\\\/kot-ogon-do-gory-m.jpg\",\"datePublished\":\"2023-07-11T21:20:11+00:00\",\"dateModified\":\"2025-08-22T08:55:48+00:00\",\"description\":\"Obrazy z chrobotkiem to \u015bwietna propozycja dla os\u00f3b kt\u00f3re szukaj\u0105 ciekawego dodatku do powieszenie na \u015bcian\u0119. Jest to idealny prezent dla mi\u0142o\u015bnik\u00f3w kot\u00f3w.\",\"breadcrumb\":{\"@id\":\"https:\\\/\\\/greenowacja.pl\\\/produkt\\\/obraz-kotek-azurowy-z-ogonem-w-gore-30-cm\\\/#breadcrumb\"},\"inLanguage\":\"pl-PL\",\"potentialAction\":[{\"@type\":\"ReadAction\",\"target\":[\"https:\\\/\\\/greenowacja.pl\\\/produkt\\\/obraz-kotek-azurowy-z-ogonem-w-gore-30-cm\\\/\"]}]},{\"@type\":\"ImageObject\",\"inLanguage\":\"pl-PL\",\"@id\":\"https:\\\/\\\/greenowacja.pl\\\/produkt\\\/obraz-kotek-azurowy-z-ogonem-w-gore-30-cm\\\/#primaryimage\",\"url\":\"https:\\\/\\\/greenowacja.pl\\\/wp-content\\\/uploads\\\/2023\\\/07\\\/kot-ogon-do-gory-m.jpg\",\"contentUrl\":\"https:\\\/\\\/greenowacja.pl\\\/wp-content\\\/uploads\\\/2023\\\/07\\\/kot-ogon-do-gory-m.jpg\",\"width\":1280,\"height\":1280},{\"@type\":\"BreadcrumbList\",\"@id\":\"https:\\\/\\\/greenowacja.pl\\\/produkt\\\/obraz-kotek-azurowy-z-ogonem-w-gore-30-cm\\\/#breadcrumb\",\"itemListElement\":[{\"@type\":\"ListItem\",\"position\":1,\"name\":\"Strona g\u0142\u00f3wna\",\"item\":\"https:\\\/\\\/greenowacja.pl\\\/\"},{\"@type\":\"ListItem\",\"position\":2,\"name\":\"Sklep\",\"item\":\"https:\\\/\\\/greenowacja.pl\\\/sklep-z-mchem-chrobotkiem\\\/\"},{\"@type\":\"ListItem\",\"position\":3,\"name\":\"Obraz &#8211; Kotek z mchu a\u017curowy z ogonem w g\u00f3r\u0119, 30cm\"}]},{\"@type\":\"WebSite\",\"@id\":\"https:\\\/\\\/greenowacja.pl\\\/#website\",\"url\":\"https:\\\/\\\/greenowacja.pl\\\/\",\"name\":\"Ozdoby i prezenty z mchu | #u\u015bMECHnij si\u0119!\",\"description\":\"\",\"publisher\":{\"@id\":\"https:\\\/\\\/greenowacja.pl\\\/#organization\"},\"potentialAction\":[{\"@type\":\"SearchAction\",\"target\":{\"@type\":\"EntryPoint\",\"urlTemplate\":\"https:\\\/\\\/greenowacja.pl\\\/?s={search_term_string}\"},\"query-input\":{\"@type\":\"PropertyValueSpecification\",\"valueRequired\":true,\"valueName\":\"search_term_string\"}}],\"inLanguage\":\"pl-PL\"},{\"@type\":\"Organization\",\"@id\":\"https:\\\/\\\/greenowacja.pl\\\/#organization\",\"name\":\"Ozdoby i prezenty z mchu | #u\u015bMECHnij si\u0119!\",\"url\":\"https:\\\/\\\/greenowacja.pl\\\/\",\"logo\":{\"@type\":\"ImageObject\",\"inLanguage\":\"pl-PL\",\"@id\":\"https:\\\/\\\/greenowacja.pl\\\/#\\\/schema\\\/logo\\\/image\\\/\",\"url\":\"https:\\\/\\\/greenowacja.pl\\\/wp-content\\\/uploads\\\/2023\\\/08\\\/Logo-Greenowacja-wer-z-claimem-pozioma-2-kolory_Easy-Resize.com_.jpg\",\"contentUrl\":\"https:\\\/\\\/greenowacja.pl\\\/wp-content\\\/uploads\\\/2023\\\/08\\\/Logo-Greenowacja-wer-z-claimem-pozioma-2-kolory_Easy-Resize.com_.jpg\",\"width\":1280,\"height\":426,\"caption\":\"Ozdoby i prezenty z mchu | #u\u015bMECHnij si\u0119!\"},\"image\":{\"@id\":\"https:\\\/\\\/greenowacja.pl\\\/#\\\/schema\\\/logo\\\/image\\\/\"},\"sameAs\":[\"https:\\\/\\\/www.facebook.com\\\/Greenowacja\",\"https:\\\/\\\/www.instagram.com\\\/greenowacja\\\/\"]}]}<\/script>\n<!-- \/ Yoast SEO plugin. -->","yoast_head_json":{"title":"Obraz - Kotek z mchu a\u017curowy z ogonem w g\u00f3r\u0119, 30cm - Ozdoby i prezenty z mchu | #u\u015bMECHnij si\u0119!","description":"Obrazy z chrobotkiem to \u015bwietna propozycja dla os\u00f3b kt\u00f3re szukaj\u0105 ciekawego dodatku do powieszenie na \u015bcian\u0119. Jest to idealny prezent dla mi\u0142o\u015bnik\u00f3w kot\u00f3w.","robots":{"index":"index","follow":"follow","max-snippet":"max-snippet:-1","max-image-preview":"max-image-preview:large","max-video-preview":"max-video-preview:-1"},"canonical":"https:\/\/greenowacja.pl\/produkt\/obraz-kotek-azurowy-z-ogonem-w-gore-30-cm\/","og_locale":"pl_PL","og_type":"article","og_title":"Obraz - Kotek z mchu a\u017curowy z ogonem w g\u00f3r\u0119, 30cm - Ozdoby i prezenty z mchu | #u\u015bMECHnij si\u0119!","og_description":"Obrazy z chrobotkiem to \u015bwietna propozycja dla os\u00f3b kt\u00f3re szukaj\u0105 ciekawego dodatku do powieszenie na \u015bcian\u0119. Jest to idealny prezent dla mi\u0142o\u015bnik\u00f3w kot\u00f3w.","og_url":"https:\/\/greenowacja.pl\/produkt\/obraz-kotek-azurowy-z-ogonem-w-gore-30-cm\/","og_site_name":"Ozdoby i prezenty z mchu | #u\u015bMECHnij si\u0119!","article_publisher":"https:\/\/www.facebook.com\/Greenowacja","article_modified_time":"2025-08-22T08:55:48+00:00","og_image":[{"width":1280,"height":1280,"url":"https:\/\/greenowacja.pl\/wp-content\/uploads\/2023\/07\/kot-ogon-do-gory-m.jpg","type":"image\/jpeg"}],"twitter_card":"summary_large_image","twitter_misc":{"Szacowany czas czytania":"2 minuty"},"schema":{"@context":"https:\/\/schema.org","@graph":[{"@type":"WebPage","@id":"https:\/\/greenowacja.pl\/produkt\/obraz-kotek-azurowy-z-ogonem-w-gore-30-cm\/","url":"https:\/\/greenowacja.pl\/produkt\/obraz-kotek-azurowy-z-ogonem-w-gore-30-cm\/","name":"Obraz - Kotek z mchu a\u017curowy z ogonem w g\u00f3r\u0119, 30cm - Ozdoby i prezenty z mchu | #u\u015bMECHnij si\u0119!","isPartOf":{"@id":"https:\/\/greenowacja.pl\/#website"},"primaryImageOfPage":{"@id":"https:\/\/greenowacja.pl\/produkt\/obraz-kotek-azurowy-z-ogonem-w-gore-30-cm\/#primaryimage"},"image":{"@id":"https:\/\/greenowacja.pl\/produkt\/obraz-kotek-azurowy-z-ogonem-w-gore-30-cm\/#primaryimage"},"thumbnailUrl":"https:\/\/greenowacja.pl\/wp-content\/uploads\/2023\/07\/kot-ogon-do-gory-m.jpg","datePublished":"2023-07-11T21:20:11+00:00","dateModified":"2025-08-22T08:55:48+00:00","description":"Obrazy z chrobotkiem to \u015bwietna propozycja dla os\u00f3b kt\u00f3re szukaj\u0105 ciekawego dodatku do powieszenie na \u015bcian\u0119. Jest to idealny prezent dla mi\u0142o\u015bnik\u00f3w kot\u00f3w.","breadcrumb":{"@id":"https:\/\/greenowacja.pl\/produkt\/obraz-kotek-azurowy-z-ogonem-w-gore-30-cm\/#breadcrumb"},"inLanguage":"pl-PL","potentialAction":[{"@type":"ReadAction","target":["https:\/\/greenowacja.pl\/produkt\/obraz-kotek-azurowy-z-ogonem-w-gore-30-cm\/"]}]},{"@type":"ImageObject","inLanguage":"pl-PL","@id":"https:\/\/greenowacja.pl\/produkt\/obraz-kotek-azurowy-z-ogonem-w-gore-30-cm\/#primaryimage","url":"https:\/\/greenowacja.pl\/wp-content\/uploads\/2023\/07\/kot-ogon-do-gory-m.jpg","contentUrl":"https:\/\/greenowacja.pl\/wp-content\/uploads\/2023\/07\/kot-ogon-do-gory-m.jpg","width":1280,"height":1280},{"@type":"BreadcrumbList","@id":"https:\/\/greenowacja.pl\/produkt\/obraz-kotek-azurowy-z-ogonem-w-gore-30-cm\/#breadcrumb","itemListElement":[{"@type":"ListItem","position":1,"name":"Strona g\u0142\u00f3wna","item":"https:\/\/greenowacja.pl\/"},{"@type":"ListItem","position":2,"name":"Sklep","item":"https:\/\/greenowacja.pl\/sklep-z-mchem-chrobotkiem\/"},{"@type":"ListItem","position":3,"name":"Obraz &#8211; Kotek z mchu a\u017curowy z ogonem w g\u00f3r\u0119, 30cm"}]},{"@type":"WebSite","@id":"https:\/\/greenowacja.pl\/#website","url":"https:\/\/greenowacja.pl\/","name":"Ozdoby i prezenty z mchu | #u\u015bMECHnij si\u0119!","description":"","publisher":{"@id":"https:\/\/greenowacja.pl\/#organization"},"potentialAction":[{"@type":"SearchAction","target":{"@type":"EntryPoint","urlTemplate":"https:\/\/greenowacja.pl\/?s={search_term_string}"},"query-input":{"@type":"PropertyValueSpecification","valueRequired":true,"valueName":"search_term_string"}}],"inLanguage":"pl-PL"},{"@type":"Organization","@id":"https:\/\/greenowacja.pl\/#organization","name":"Ozdoby i prezenty z mchu | #u\u015bMECHnij si\u0119!","url":"https:\/\/greenowacja.pl\/","logo":{"@type":"ImageObject","inLanguage":"pl-PL","@id":"https:\/\/greenowacja.pl\/#\/schema\/logo\/image\/","url":"https:\/\/greenowacja.pl\/wp-content\/uploads\/2023\/08\/Logo-Greenowacja-wer-z-claimem-pozioma-2-kolory_Easy-Resize.com_.jpg","contentUrl":"https:\/\/greenowacja.pl\/wp-content\/uploads\/2023\/08\/Logo-Greenowacja-wer-z-claimem-pozioma-2-kolory_Easy-Resize.com_.jpg","width":1280,"height":426,"caption":"Ozdoby i prezenty z mchu | #u\u015bMECHnij si\u0119!"},"image":{"@id":"https:\/\/greenowacja.pl\/#\/schema\/logo\/image\/"},"sameAs":["https:\/\/www.facebook.com\/Greenowacja","https:\/\/www.instagram.com\/greenowacja\/"]}]}},"_links":{"self":[{"href":"https:\/\/greenowacja.pl\/wp-json\/wp\/v2\/product\/1957","targetHints":{"allow":["GET"]}}],"collection":[{"href":"https:\/\/greenowacja.pl\/wp-json\/wp\/v2\/product"}],"about":[{"href":"https:\/\/greenowacja.pl\/wp-json\/wp\/v2\/types\/product"}],"wp:featuredmedia":[{"embeddable":true,"href":"https:\/\/greenowacja.pl\/wp-json\/wp\/v2\/media\/1951"}],"wp:attachment":[{"href":"https:\/\/greenowacja.pl\/wp-json\/wp\/v2\/media?parent=1957"}],"wp:term":[{"taxonomy":"product_brand","embeddable":true,"href":"https:\/\/greenowacja.pl\/wp-json\/wp\/v2\/product_brand?post=1957"},{"taxonomy":"product_cat","embeddable":true,"href":"https:\/\/greenowacja.pl\/wp-json\/wp\/v2\/product_cat?post=1957"},{"taxonomy":"product_tag","embeddable":true,"href":"https:\/\/greenowacja.pl\/wp-json\/wp\/v2\/product_tag?post=1957"}],"curies":[{"name":"wp","href":"https:\/\/api.w.org\/{rel}","templated":true}]}}