{"id":2024,"date":"2023-07-27T20:31:31","date_gmt":"2023-07-27T18:31:31","guid":{"rendered":"https:\/\/greenowacja.pl\/?post_type=product&#038;p=2024"},"modified":"2025-08-22T10:55:14","modified_gmt":"2025-08-22T08:55:14","slug":"obraz-romb-gory","status":"publish","type":"product","link":"https:\/\/greenowacja.pl\/produkt\/obraz-romb-gory\/","title":{"rendered":"Obraz &#8211; Romb z g\u00f3rami, 45cm &#8211; kolor mieszany"},"content":{"rendered":"<p>Chcesz zrobi\u0107 komu\u015b\u00a0 nietypowy\u00a0 prezent? Masz wra\u017cenie, \u017ce osoba kt\u00f3rej chcesz zrobi\u0107 niespodziank\u0119 ju\u017c wszystko w domu ma? Postaw na co\u015b\u00a0 unikalnego.<\/p>\n<p>&nbsp;<\/p>\n<p><strong>Obrazy z chrobotkiem sprawdz\u0105 si\u0119 \u015bwietnie je\u015bli:<\/strong><\/p>\n<ul>\n<li>szukasz ciekawego dodatku do wn\u0119trz<\/li>\n<li>szukasz oryginalnego prezentu<\/li>\n<li>zapominasz podlewa\u0107 ro\u015bliny, chrobotka nie musisz<\/li>\n<\/ul>\n<p>&nbsp;<\/p>\n<p><strong>Specyfikacja techniczna:<\/strong><\/p>\n<ul>\n<li>materia\u0142 podk\u0142adu: p\u0142yta HDF<\/li>\n<li>wysoko\u015b\u0107: 45cm<\/li>\n<li>szeroko\u015b\u0107: 27cm<\/li>\n<\/ul>\n<p><strong>Kolory mchu:<\/strong><\/p>\n<ul>\n<li>jasnozielony<\/li>\n<li>ciemnozielony<\/li>\n<\/ul>\n<p>Przyst\u0119pujemy do tworzenia ozd\u00f3b po ich zam\u00f3wieniu online, czas realizacji zam\u00f3wienia trwa 3 dni robocze.<\/p>\n<p>Je\u017celi zale\u017cy Pa\u0144stwu na szybszej wysy\u0142ce, prosimy o kontakt telefoniczny.<\/p>\n","protected":false},"excerpt":{"rendered":"<p>Obraz romb z g\u00f3rami to \u015bwietna propozycja dla os\u00f3b, kt\u00f3re szukaj\u0105 ciekawego dodatku do powieszenie na \u015bcian\u0119. Nasze obrazy ozdobione chrobotkiem reniferowym s\u0105 oryginalne i z pewno\u015bci\u0105 zrobi\u0105 wra\u017cenie na obdarowanej osobie.<\/p>\n","protected":false},"featured_media":3648,"template":"","meta":{"site-sidebar-layout":"default","site-content-layout":"default","ast-site-content-layout":"default","site-content-style":"default","site-sidebar-style":"default","ast-global-header-display":"","ast-banner-title-visibility":"","ast-main-header-display":"","ast-hfb-above-header-display":"","ast-hfb-below-header-display":"","ast-hfb-mobile-header-display":"","site-post-title":"","ast-breadcrumbs-content":"","ast-featured-img":"","footer-sml-layout":"","theme-transparent-header-meta":"default","adv-header-id-meta":"","stick-header-meta":"","header-above-stick-meta":"","header-main-stick-meta":"","header-below-stick-meta":"","astra-migrate-meta-layouts":"set","ast-page-background-enabled":"default","ast-page-background-meta":{"desktop":{"background-color":"","background-image":"","background-repeat":"repeat","background-position":"center center","background-size":"auto","background-attachment":"scroll","background-type":"","background-media":"","overlay-type":"","overlay-color":"","overlay-opacity":"","overlay-gradient":""},"tablet":{"background-color":"","background-image":"","background-repeat":"repeat","background-position":"center center","background-size":"auto","background-attachment":"scroll","background-type":"","background-media":"","overlay-type":"","overlay-color":"","overlay-opacity":"","overlay-gradient":""},"mobile":{"background-color":"","background-image":"","background-repeat":"repeat","background-position":"center center","background-size":"auto","background-attachment":"scroll","background-type":"","background-media":"","overlay-type":"","overlay-color":"","overlay-opacity":"","overlay-gradient":""}},"ast-content-background-meta":{"desktop":{"background-color":"var(--ast-global-color-5)","background-image":"","background-repeat":"repeat","background-position":"center center","background-size":"auto","background-attachment":"scroll","background-type":"","background-media":"","overlay-type":"","overlay-color":"","overlay-opacity":"","overlay-gradient":""},"tablet":{"background-color":"var(--ast-global-color-5)","background-image":"","background-repeat":"repeat","background-position":"center center","background-size":"auto","background-attachment":"scroll","background-type":"","background-media":"","overlay-type":"","overlay-color":"","overlay-opacity":"","overlay-gradient":""},"mobile":{"background-color":"var(--ast-global-color-5)","background-image":"","background-repeat":"repeat","background-position":"center center","background-size":"auto","background-attachment":"scroll","background-type":"","background-media":"","overlay-type":"","overlay-color":"","overlay-opacity":"","overlay-gradient":""}}},"product_brand":[],"product_cat":[47,42],"product_tag":[],"class_list":{"0":"post-2024","1":"product","2":"type-product","3":"status-publish","4":"has-post-thumbnail","6":"product_cat-obrazy-rozne","7":"product_cat-obrazy-z-chrobotkiem","8":"desktop-align-left","9":"tablet-align-left","10":"mobile-align-left","12":"first","13":"instock","14":"taxable","15":"shipping-taxable","16":"purchasable","17":"product-type-simple"},"yoast_head":"<!-- This site is optimized with the Yoast SEO plugin v27.4 - https:\/\/yoast.com\/product\/yoast-seo-wordpress\/ -->\n<title>Obraz - Romb z g\u00f3rami, 45cm - kolor mieszany - Ozdoby i prezenty z mchu | #u\u015bMECHnij si\u0119!<\/title>\n<meta name=\"description\" content=\"Obraz romb z g\u00f3rami to \u015bwietna propozycja dla os\u00f3b, kt\u00f3re szukaj\u0105 ciekawego dodatku do powieszenie na \u015bcian\u0119. \u015acie\u017cka w g\u00f3rach.\" \/>\n<meta name=\"robots\" content=\"index, follow, max-snippet:-1, max-image-preview:large, max-video-preview:-1\" \/>\n<link rel=\"canonical\" href=\"https:\/\/greenowacja.pl\/produkt\/obraz-romb-gory\/\" \/>\n<meta property=\"og:locale\" content=\"pl_PL\" \/>\n<meta property=\"og:type\" content=\"article\" \/>\n<meta property=\"og:title\" content=\"Obraz - Romb z g\u00f3rami, 45cm - kolor mieszany - Ozdoby i prezenty z mchu | #u\u015bMECHnij si\u0119!\" \/>\n<meta property=\"og:description\" content=\"Obraz romb z g\u00f3rami to \u015bwietna propozycja dla os\u00f3b, kt\u00f3re szukaj\u0105 ciekawego dodatku do powieszenie na \u015bcian\u0119. \u015acie\u017cka w g\u00f3rach.\" \/>\n<meta property=\"og:url\" content=\"https:\/\/greenowacja.pl\/produkt\/obraz-romb-gory\/\" \/>\n<meta property=\"og:site_name\" content=\"Ozdoby i prezenty z mchu | #u\u015bMECHnij si\u0119!\" \/>\n<meta property=\"article:publisher\" content=\"https:\/\/www.facebook.com\/Greenowacja\" \/>\n<meta property=\"article:modified_time\" content=\"2025-08-22T08:55:14+00:00\" \/>\n<meta property=\"og:image\" content=\"https:\/\/greenowacja.pl\/wp-content\/uploads\/2023\/07\/romb-szary.jpg\" \/>\n\t<meta property=\"og:image:width\" content=\"1280\" \/>\n\t<meta property=\"og:image:height\" content=\"1280\" \/>\n\t<meta property=\"og:image:type\" content=\"image\/jpeg\" \/>\n<meta name=\"twitter:card\" content=\"summary_large_image\" \/>\n<meta name=\"twitter:label1\" content=\"Szacowany czas czytania\" \/>\n\t<meta name=\"twitter:data1\" content=\"1 minuta\" \/>\n<script type=\"application\/ld+json\" class=\"yoast-schema-graph\">{\"@context\":\"https:\\\/\\\/schema.org\",\"@graph\":[{\"@type\":\"WebPage\",\"@id\":\"https:\\\/\\\/greenowacja.pl\\\/produkt\\\/obraz-romb-gory\\\/\",\"url\":\"https:\\\/\\\/greenowacja.pl\\\/produkt\\\/obraz-romb-gory\\\/\",\"name\":\"Obraz - Romb z g\u00f3rami, 45cm - kolor mieszany - Ozdoby i prezenty z mchu | #u\u015bMECHnij si\u0119!\",\"isPartOf\":{\"@id\":\"https:\\\/\\\/greenowacja.pl\\\/#website\"},\"primaryImageOfPage\":{\"@id\":\"https:\\\/\\\/greenowacja.pl\\\/produkt\\\/obraz-romb-gory\\\/#primaryimage\"},\"image\":{\"@id\":\"https:\\\/\\\/greenowacja.pl\\\/produkt\\\/obraz-romb-gory\\\/#primaryimage\"},\"thumbnailUrl\":\"https:\\\/\\\/greenowacja.pl\\\/wp-content\\\/uploads\\\/2023\\\/07\\\/romb-szary.jpg\",\"datePublished\":\"2023-07-27T18:31:31+00:00\",\"dateModified\":\"2025-08-22T08:55:14+00:00\",\"description\":\"Obraz romb z g\u00f3rami to \u015bwietna propozycja dla os\u00f3b, kt\u00f3re szukaj\u0105 ciekawego dodatku do powieszenie na \u015bcian\u0119. \u015acie\u017cka w g\u00f3rach.\",\"breadcrumb\":{\"@id\":\"https:\\\/\\\/greenowacja.pl\\\/produkt\\\/obraz-romb-gory\\\/#breadcrumb\"},\"inLanguage\":\"pl-PL\",\"potentialAction\":[{\"@type\":\"ReadAction\",\"target\":[\"https:\\\/\\\/greenowacja.pl\\\/produkt\\\/obraz-romb-gory\\\/\"]}]},{\"@type\":\"ImageObject\",\"inLanguage\":\"pl-PL\",\"@id\":\"https:\\\/\\\/greenowacja.pl\\\/produkt\\\/obraz-romb-gory\\\/#primaryimage\",\"url\":\"https:\\\/\\\/greenowacja.pl\\\/wp-content\\\/uploads\\\/2023\\\/07\\\/romb-szary.jpg\",\"contentUrl\":\"https:\\\/\\\/greenowacja.pl\\\/wp-content\\\/uploads\\\/2023\\\/07\\\/romb-szary.jpg\",\"width\":1280,\"height\":1280},{\"@type\":\"BreadcrumbList\",\"@id\":\"https:\\\/\\\/greenowacja.pl\\\/produkt\\\/obraz-romb-gory\\\/#breadcrumb\",\"itemListElement\":[{\"@type\":\"ListItem\",\"position\":1,\"name\":\"Strona g\u0142\u00f3wna\",\"item\":\"https:\\\/\\\/greenowacja.pl\\\/\"},{\"@type\":\"ListItem\",\"position\":2,\"name\":\"Sklep\",\"item\":\"https:\\\/\\\/greenowacja.pl\\\/sklep-z-mchem-chrobotkiem\\\/\"},{\"@type\":\"ListItem\",\"position\":3,\"name\":\"Obraz &#8211; Romb z g\u00f3rami, 45cm &#8211; kolor mieszany\"}]},{\"@type\":\"WebSite\",\"@id\":\"https:\\\/\\\/greenowacja.pl\\\/#website\",\"url\":\"https:\\\/\\\/greenowacja.pl\\\/\",\"name\":\"Ozdoby i prezenty z mchu | #u\u015bMECHnij si\u0119!\",\"description\":\"\",\"publisher\":{\"@id\":\"https:\\\/\\\/greenowacja.pl\\\/#organization\"},\"potentialAction\":[{\"@type\":\"SearchAction\",\"target\":{\"@type\":\"EntryPoint\",\"urlTemplate\":\"https:\\\/\\\/greenowacja.pl\\\/?s={search_term_string}\"},\"query-input\":{\"@type\":\"PropertyValueSpecification\",\"valueRequired\":true,\"valueName\":\"search_term_string\"}}],\"inLanguage\":\"pl-PL\"},{\"@type\":\"Organization\",\"@id\":\"https:\\\/\\\/greenowacja.pl\\\/#organization\",\"name\":\"Ozdoby i prezenty z mchu | #u\u015bMECHnij si\u0119!\",\"url\":\"https:\\\/\\\/greenowacja.pl\\\/\",\"logo\":{\"@type\":\"ImageObject\",\"inLanguage\":\"pl-PL\",\"@id\":\"https:\\\/\\\/greenowacja.pl\\\/#\\\/schema\\\/logo\\\/image\\\/\",\"url\":\"https:\\\/\\\/greenowacja.pl\\\/wp-content\\\/uploads\\\/2023\\\/08\\\/Logo-Greenowacja-wer-z-claimem-pozioma-2-kolory_Easy-Resize.com_.jpg\",\"contentUrl\":\"https:\\\/\\\/greenowacja.pl\\\/wp-content\\\/uploads\\\/2023\\\/08\\\/Logo-Greenowacja-wer-z-claimem-pozioma-2-kolory_Easy-Resize.com_.jpg\",\"width\":1280,\"height\":426,\"caption\":\"Ozdoby i prezenty z mchu | #u\u015bMECHnij si\u0119!\"},\"image\":{\"@id\":\"https:\\\/\\\/greenowacja.pl\\\/#\\\/schema\\\/logo\\\/image\\\/\"},\"sameAs\":[\"https:\\\/\\\/www.facebook.com\\\/Greenowacja\",\"https:\\\/\\\/www.instagram.com\\\/greenowacja\\\/\"]}]}<\/script>\n<!-- \/ Yoast SEO plugin. -->","yoast_head_json":{"title":"Obraz - Romb z g\u00f3rami, 45cm - kolor mieszany - Ozdoby i prezenty z mchu | #u\u015bMECHnij si\u0119!","description":"Obraz romb z g\u00f3rami to \u015bwietna propozycja dla os\u00f3b, kt\u00f3re szukaj\u0105 ciekawego dodatku do powieszenie na \u015bcian\u0119. \u015acie\u017cka w g\u00f3rach.","robots":{"index":"index","follow":"follow","max-snippet":"max-snippet:-1","max-image-preview":"max-image-preview:large","max-video-preview":"max-video-preview:-1"},"canonical":"https:\/\/greenowacja.pl\/produkt\/obraz-romb-gory\/","og_locale":"pl_PL","og_type":"article","og_title":"Obraz - Romb z g\u00f3rami, 45cm - kolor mieszany - Ozdoby i prezenty z mchu | #u\u015bMECHnij si\u0119!","og_description":"Obraz romb z g\u00f3rami to \u015bwietna propozycja dla os\u00f3b, kt\u00f3re szukaj\u0105 ciekawego dodatku do powieszenie na \u015bcian\u0119. \u015acie\u017cka w g\u00f3rach.","og_url":"https:\/\/greenowacja.pl\/produkt\/obraz-romb-gory\/","og_site_name":"Ozdoby i prezenty z mchu | #u\u015bMECHnij si\u0119!","article_publisher":"https:\/\/www.facebook.com\/Greenowacja","article_modified_time":"2025-08-22T08:55:14+00:00","og_image":[{"width":1280,"height":1280,"url":"https:\/\/greenowacja.pl\/wp-content\/uploads\/2023\/07\/romb-szary.jpg","type":"image\/jpeg"}],"twitter_card":"summary_large_image","twitter_misc":{"Szacowany czas czytania":"1 minuta"},"schema":{"@context":"https:\/\/schema.org","@graph":[{"@type":"WebPage","@id":"https:\/\/greenowacja.pl\/produkt\/obraz-romb-gory\/","url":"https:\/\/greenowacja.pl\/produkt\/obraz-romb-gory\/","name":"Obraz - Romb z g\u00f3rami, 45cm - kolor mieszany - Ozdoby i prezenty z mchu | #u\u015bMECHnij si\u0119!","isPartOf":{"@id":"https:\/\/greenowacja.pl\/#website"},"primaryImageOfPage":{"@id":"https:\/\/greenowacja.pl\/produkt\/obraz-romb-gory\/#primaryimage"},"image":{"@id":"https:\/\/greenowacja.pl\/produkt\/obraz-romb-gory\/#primaryimage"},"thumbnailUrl":"https:\/\/greenowacja.pl\/wp-content\/uploads\/2023\/07\/romb-szary.jpg","datePublished":"2023-07-27T18:31:31+00:00","dateModified":"2025-08-22T08:55:14+00:00","description":"Obraz romb z g\u00f3rami to \u015bwietna propozycja dla os\u00f3b, kt\u00f3re szukaj\u0105 ciekawego dodatku do powieszenie na \u015bcian\u0119. \u015acie\u017cka w g\u00f3rach.","breadcrumb":{"@id":"https:\/\/greenowacja.pl\/produkt\/obraz-romb-gory\/#breadcrumb"},"inLanguage":"pl-PL","potentialAction":[{"@type":"ReadAction","target":["https:\/\/greenowacja.pl\/produkt\/obraz-romb-gory\/"]}]},{"@type":"ImageObject","inLanguage":"pl-PL","@id":"https:\/\/greenowacja.pl\/produkt\/obraz-romb-gory\/#primaryimage","url":"https:\/\/greenowacja.pl\/wp-content\/uploads\/2023\/07\/romb-szary.jpg","contentUrl":"https:\/\/greenowacja.pl\/wp-content\/uploads\/2023\/07\/romb-szary.jpg","width":1280,"height":1280},{"@type":"BreadcrumbList","@id":"https:\/\/greenowacja.pl\/produkt\/obraz-romb-gory\/#breadcrumb","itemListElement":[{"@type":"ListItem","position":1,"name":"Strona g\u0142\u00f3wna","item":"https:\/\/greenowacja.pl\/"},{"@type":"ListItem","position":2,"name":"Sklep","item":"https:\/\/greenowacja.pl\/sklep-z-mchem-chrobotkiem\/"},{"@type":"ListItem","position":3,"name":"Obraz &#8211; Romb z g\u00f3rami, 45cm &#8211; kolor mieszany"}]},{"@type":"WebSite","@id":"https:\/\/greenowacja.pl\/#website","url":"https:\/\/greenowacja.pl\/","name":"Ozdoby i prezenty z mchu | #u\u015bMECHnij si\u0119!","description":"","publisher":{"@id":"https:\/\/greenowacja.pl\/#organization"},"potentialAction":[{"@type":"SearchAction","target":{"@type":"EntryPoint","urlTemplate":"https:\/\/greenowacja.pl\/?s={search_term_string}"},"query-input":{"@type":"PropertyValueSpecification","valueRequired":true,"valueName":"search_term_string"}}],"inLanguage":"pl-PL"},{"@type":"Organization","@id":"https:\/\/greenowacja.pl\/#organization","name":"Ozdoby i prezenty z mchu | #u\u015bMECHnij si\u0119!","url":"https:\/\/greenowacja.pl\/","logo":{"@type":"ImageObject","inLanguage":"pl-PL","@id":"https:\/\/greenowacja.pl\/#\/schema\/logo\/image\/","url":"https:\/\/greenowacja.pl\/wp-content\/uploads\/2023\/08\/Logo-Greenowacja-wer-z-claimem-pozioma-2-kolory_Easy-Resize.com_.jpg","contentUrl":"https:\/\/greenowacja.pl\/wp-content\/uploads\/2023\/08\/Logo-Greenowacja-wer-z-claimem-pozioma-2-kolory_Easy-Resize.com_.jpg","width":1280,"height":426,"caption":"Ozdoby i prezenty z mchu | #u\u015bMECHnij si\u0119!"},"image":{"@id":"https:\/\/greenowacja.pl\/#\/schema\/logo\/image\/"},"sameAs":["https:\/\/www.facebook.com\/Greenowacja","https:\/\/www.instagram.com\/greenowacja\/"]}]}},"_links":{"self":[{"href":"https:\/\/greenowacja.pl\/wp-json\/wp\/v2\/product\/2024","targetHints":{"allow":["GET"]}}],"collection":[{"href":"https:\/\/greenowacja.pl\/wp-json\/wp\/v2\/product"}],"about":[{"href":"https:\/\/greenowacja.pl\/wp-json\/wp\/v2\/types\/product"}],"wp:featuredmedia":[{"embeddable":true,"href":"https:\/\/greenowacja.pl\/wp-json\/wp\/v2\/media\/3648"}],"wp:attachment":[{"href":"https:\/\/greenowacja.pl\/wp-json\/wp\/v2\/media?parent=2024"}],"wp:term":[{"taxonomy":"product_brand","embeddable":true,"href":"https:\/\/greenowacja.pl\/wp-json\/wp\/v2\/product_brand?post=2024"},{"taxonomy":"product_cat","embeddable":true,"href":"https:\/\/greenowacja.pl\/wp-json\/wp\/v2\/product_cat?post=2024"},{"taxonomy":"product_tag","embeddable":true,"href":"https:\/\/greenowacja.pl\/wp-json\/wp\/v2\/product_tag?post=2024"}],"curies":[{"name":"wp","href":"https:\/\/api.w.org\/{rel}","templated":true}]}}