{"id":2273,"date":"2023-08-15T13:20:30","date_gmt":"2023-08-15T11:20:30","guid":{"rendered":"https:\/\/greenowacja.pl\/?post_type=product&#038;p=2273"},"modified":"2024-09-24T08:35:10","modified_gmt":"2024-09-24T06:35:10","slug":"tulipan-ozdoba-stojaca-mech-chrobotek","status":"publish","type":"product","link":"https:\/\/greenowacja.pl\/produkt\/tulipan-ozdoba-stojaca-mech-chrobotek\/","title":{"rendered":"Tulipan z mchu  &#8211; Ozdoba stoj\u0105ca"},"content":{"rendered":"<p>Do stworzenia naszego r\u0119kodzie\u0142a u\u017cywany jest porost chrobotek reniferowy, pochodz\u0105cy g\u0142\u00f3wnie ze Skandynawii.<\/p>\n<p>Chrobotek jest poddany procesowi stabilizacji, dzi\u0119ki kt\u00f3remu \u00a0ju\u017c nie ro\u015bnie i mo\u017ce by\u0107 pi\u0119kny nawet przez 8 &#8211; 10 lat.<\/p>\n<p>Stabilizacja mchu\u00a0polega na\u00a0pozbawieniu mchu wszystkich funkcji \u017cyciowych bez negatywnych skutk\u00f3w wizualnych. To stan bardzo podobny do hibernacji.<\/p>\n<p><strong>Produkty po procesie stabilizacji nie s\u0105 \u017cywe &#8211; Nie rozrastaj\u0105 si\u0119!<\/strong><\/p>\n<p><strong>Chrobotek reniferowy jest hipoalergiczny, nie wydziela on r\u00f3wnie\u017c \u017cadnych substancji szkodliwych.<\/strong><\/p>\n<p>&nbsp;<\/p>\n<p><strong>Wskaz\u00f3wki:<\/strong><\/p>\n<p>&#8211; chrobotek lubi <strong>wilgotno\u015b\u0107 powietrza 40-60%,<\/strong> je\u017celi zrobi si\u0119 szorstki i kruchy, zanie\u015b ozdob\u0119 na kilka dni do \u0142azienki, a odzyska spr\u0119\u017cysto\u015b\u0107,<\/p>\n<p>&#8211; umie\u015b\u0107 go w znacznej odleg\u0142o\u015bci od \u017ar\u00f3de\u0142 ciep\u0142a i \u015bwiat\u0142a,<\/p>\n<p>&#8211; je\u017celi osi\u0105dzie na nim kurz, delikatnie zbierz go rolk\u0105 do czyszczenia odzie\u017cy.<\/p>\n<p>Do ka\u017cdego zam\u00f3wienia jest dodawana instrukcja z wytycznymi jak zajmowa\u0107 si\u0119 ozdobami z chrobotka.<\/p>\n<p>Ozdoba jest pokryta chrobotkiem tylko z <strong>jednej<\/strong> strony.<\/p>\n<p>Dane techniczne:<\/p>\n<p>&#8211; sklejka<\/p>\n<p>&#8211; wys. 20cm<\/p>\n<p>&#8211; szer. 10cm<\/p>\n<p>&nbsp;<\/p>\n<p>Przyst\u0119pujemy do tworzenia ozd\u00f3b po ich zam\u00f3wieniu online, czas realizacji zam\u00f3wienia trwa 3 dni robocze.<\/p>\n<p>Je\u017celi zale\u017cy Pa\u0144stwu na szybszej wysy\u0142ce, prosimy o kontakt telefoniczny.<\/p>\n","protected":false},"excerpt":{"rendered":"<p>Ozdoba wykonana z chrobotka reniferowego \u015bwietnie sprawdzi si\u0119 w wielu miejscach w Twoim domu. Tulipan z \u201emchu\u201d sprawi, \u017ce pomieszczenia stan\u0105 si\u0119 jeszcze bardziej przytulne. Jest to idealny pomys\u0142 na prezent dla najbli\u017cszych.<\/p>\n","protected":false},"featured_media":2278,"template":"","meta":{"site-sidebar-layout":"default","site-content-layout":"default","ast-site-content-layout":"default","site-content-style":"default","site-sidebar-style":"default","ast-global-header-display":"","ast-banner-title-visibility":"","ast-main-header-display":"","ast-hfb-above-header-display":"","ast-hfb-below-header-display":"","ast-hfb-mobile-header-display":"","site-post-title":"","ast-breadcrumbs-content":"","ast-featured-img":"","footer-sml-layout":"","theme-transparent-header-meta":"default","adv-header-id-meta":"","stick-header-meta":"","header-above-stick-meta":"","header-main-stick-meta":"","header-below-stick-meta":"","astra-migrate-meta-layouts":"default","ast-page-background-enabled":"default","ast-page-background-meta":{"desktop":{"background-color":"","background-image":"","background-repeat":"repeat","background-position":"center center","background-size":"auto","background-attachment":"scroll","background-type":"","background-media":"","overlay-type":"","overlay-color":"","overlay-opacity":"","overlay-gradient":""},"tablet":{"background-color":"","background-image":"","background-repeat":"repeat","background-position":"center center","background-size":"auto","background-attachment":"scroll","background-type":"","background-media":"","overlay-type":"","overlay-color":"","overlay-opacity":"","overlay-gradient":""},"mobile":{"background-color":"","background-image":"","background-repeat":"repeat","background-position":"center center","background-size":"auto","background-attachment":"scroll","background-type":"","background-media":"","overlay-type":"","overlay-color":"","overlay-opacity":"","overlay-gradient":""}},"ast-content-background-meta":{"desktop":{"background-color":"var(--ast-global-color-5)","background-image":"","background-repeat":"repeat","background-position":"center center","background-size":"auto","background-attachment":"scroll","background-type":"","background-media":"","overlay-type":"","overlay-color":"","overlay-opacity":"","overlay-gradient":""},"tablet":{"background-color":"var(--ast-global-color-5)","background-image":"","background-repeat":"repeat","background-position":"center center","background-size":"auto","background-attachment":"scroll","background-type":"","background-media":"","overlay-type":"","overlay-color":"","overlay-opacity":"","overlay-gradient":""},"mobile":{"background-color":"var(--ast-global-color-5)","background-image":"","background-repeat":"repeat","background-position":"center center","background-size":"auto","background-attachment":"scroll","background-type":"","background-media":"","overlay-type":"","overlay-color":"","overlay-opacity":"","overlay-gradient":""}}},"product_brand":[],"product_cat":[57,51],"product_tag":[],"class_list":{"0":"post-2273","1":"product","2":"type-product","3":"status-publish","4":"has-post-thumbnail","6":"product_cat-prezent-dla-dziecka","7":"product_cat-ozdoby-stojace-z-mchem","8":"desktop-align-left","9":"tablet-align-left","10":"mobile-align-left","12":"first","13":"outofstock","14":"taxable","15":"shipping-taxable","16":"purchasable","17":"product-type-simple"},"yoast_head":"<!-- This site is optimized with the Yoast SEO plugin v27.4 - https:\/\/yoast.com\/product\/yoast-seo-wordpress\/ -->\n<title>Tulipan z mchu - Ozdoba stoj\u0105ca - Ozdoby i prezenty z mchu | #u\u015bMECHnij si\u0119!<\/title>\n<meta name=\"description\" content=\"Tulipan z chrobotka idealnie spisze si\u0119 jako ciekawy element Twojego mieszkanie, biura czy gabinetu. Nada pomieszczeniu pozytywnej energii.\" \/>\n<meta name=\"robots\" content=\"index, follow, max-snippet:-1, max-image-preview:large, max-video-preview:-1\" \/>\n<link rel=\"canonical\" href=\"https:\/\/greenowacja.pl\/produkt\/tulipan-ozdoba-stojaca-mech-chrobotek\/\" \/>\n<meta property=\"og:locale\" content=\"pl_PL\" \/>\n<meta property=\"og:type\" content=\"article\" \/>\n<meta property=\"og:title\" content=\"Tulipan z mchu - Ozdoba stoj\u0105ca - Ozdoby i prezenty z mchu | #u\u015bMECHnij si\u0119!\" \/>\n<meta property=\"og:description\" content=\"Tulipan z chrobotka idealnie spisze si\u0119 jako ciekawy element Twojego mieszkanie, biura czy gabinetu. Nada pomieszczeniu pozytywnej energii.\" \/>\n<meta property=\"og:url\" content=\"https:\/\/greenowacja.pl\/produkt\/tulipan-ozdoba-stojaca-mech-chrobotek\/\" \/>\n<meta property=\"og:site_name\" content=\"Ozdoby i prezenty z mchu | #u\u015bMECHnij si\u0119!\" \/>\n<meta property=\"article:publisher\" content=\"https:\/\/www.facebook.com\/Greenowacja\" \/>\n<meta property=\"article:modified_time\" content=\"2024-09-24T06:35:10+00:00\" \/>\n<meta property=\"og:image\" content=\"https:\/\/greenowacja.pl\/wp-content\/uploads\/2023\/08\/tulipan_Easy-Resize.com-1.jpg\" \/>\n\t<meta property=\"og:image:width\" content=\"1280\" \/>\n\t<meta property=\"og:image:height\" content=\"1280\" \/>\n\t<meta property=\"og:image:type\" content=\"image\/jpeg\" \/>\n<meta name=\"twitter:card\" content=\"summary_large_image\" \/>\n<meta name=\"twitter:label1\" content=\"Szacowany czas czytania\" \/>\n\t<meta name=\"twitter:data1\" content=\"2 minuty\" \/>\n<script type=\"application\/ld+json\" class=\"yoast-schema-graph\">{\"@context\":\"https:\\\/\\\/schema.org\",\"@graph\":[{\"@type\":\"WebPage\",\"@id\":\"https:\\\/\\\/greenowacja.pl\\\/produkt\\\/tulipan-ozdoba-stojaca-mech-chrobotek\\\/\",\"url\":\"https:\\\/\\\/greenowacja.pl\\\/produkt\\\/tulipan-ozdoba-stojaca-mech-chrobotek\\\/\",\"name\":\"Tulipan z mchu - Ozdoba stoj\u0105ca - Ozdoby i prezenty z mchu | #u\u015bMECHnij si\u0119!\",\"isPartOf\":{\"@id\":\"https:\\\/\\\/greenowacja.pl\\\/#website\"},\"primaryImageOfPage\":{\"@id\":\"https:\\\/\\\/greenowacja.pl\\\/produkt\\\/tulipan-ozdoba-stojaca-mech-chrobotek\\\/#primaryimage\"},\"image\":{\"@id\":\"https:\\\/\\\/greenowacja.pl\\\/produkt\\\/tulipan-ozdoba-stojaca-mech-chrobotek\\\/#primaryimage\"},\"thumbnailUrl\":\"https:\\\/\\\/greenowacja.pl\\\/wp-content\\\/uploads\\\/2023\\\/08\\\/tulipan_Easy-Resize.com-1.jpg\",\"datePublished\":\"2023-08-15T11:20:30+00:00\",\"dateModified\":\"2024-09-24T06:35:10+00:00\",\"description\":\"Tulipan z chrobotka idealnie spisze si\u0119 jako ciekawy element Twojego mieszkanie, biura czy gabinetu. Nada pomieszczeniu pozytywnej energii.\",\"breadcrumb\":{\"@id\":\"https:\\\/\\\/greenowacja.pl\\\/produkt\\\/tulipan-ozdoba-stojaca-mech-chrobotek\\\/#breadcrumb\"},\"inLanguage\":\"pl-PL\",\"potentialAction\":[{\"@type\":\"ReadAction\",\"target\":[\"https:\\\/\\\/greenowacja.pl\\\/produkt\\\/tulipan-ozdoba-stojaca-mech-chrobotek\\\/\"]}]},{\"@type\":\"ImageObject\",\"inLanguage\":\"pl-PL\",\"@id\":\"https:\\\/\\\/greenowacja.pl\\\/produkt\\\/tulipan-ozdoba-stojaca-mech-chrobotek\\\/#primaryimage\",\"url\":\"https:\\\/\\\/greenowacja.pl\\\/wp-content\\\/uploads\\\/2023\\\/08\\\/tulipan_Easy-Resize.com-1.jpg\",\"contentUrl\":\"https:\\\/\\\/greenowacja.pl\\\/wp-content\\\/uploads\\\/2023\\\/08\\\/tulipan_Easy-Resize.com-1.jpg\",\"width\":1280,\"height\":1280,\"caption\":\"prezent dla mamy\"},{\"@type\":\"BreadcrumbList\",\"@id\":\"https:\\\/\\\/greenowacja.pl\\\/produkt\\\/tulipan-ozdoba-stojaca-mech-chrobotek\\\/#breadcrumb\",\"itemListElement\":[{\"@type\":\"ListItem\",\"position\":1,\"name\":\"Strona g\u0142\u00f3wna\",\"item\":\"https:\\\/\\\/greenowacja.pl\\\/\"},{\"@type\":\"ListItem\",\"position\":2,\"name\":\"Sklep\",\"item\":\"https:\\\/\\\/greenowacja.pl\\\/sklep-z-mchem-chrobotkiem\\\/\"},{\"@type\":\"ListItem\",\"position\":3,\"name\":\"Tulipan z mchu &#8211; Ozdoba stoj\u0105ca\"}]},{\"@type\":\"WebSite\",\"@id\":\"https:\\\/\\\/greenowacja.pl\\\/#website\",\"url\":\"https:\\\/\\\/greenowacja.pl\\\/\",\"name\":\"Ozdoby i prezenty z mchu | #u\u015bMECHnij si\u0119!\",\"description\":\"\",\"publisher\":{\"@id\":\"https:\\\/\\\/greenowacja.pl\\\/#organization\"},\"potentialAction\":[{\"@type\":\"SearchAction\",\"target\":{\"@type\":\"EntryPoint\",\"urlTemplate\":\"https:\\\/\\\/greenowacja.pl\\\/?s={search_term_string}\"},\"query-input\":{\"@type\":\"PropertyValueSpecification\",\"valueRequired\":true,\"valueName\":\"search_term_string\"}}],\"inLanguage\":\"pl-PL\"},{\"@type\":\"Organization\",\"@id\":\"https:\\\/\\\/greenowacja.pl\\\/#organization\",\"name\":\"Ozdoby i prezenty z mchu | #u\u015bMECHnij si\u0119!\",\"url\":\"https:\\\/\\\/greenowacja.pl\\\/\",\"logo\":{\"@type\":\"ImageObject\",\"inLanguage\":\"pl-PL\",\"@id\":\"https:\\\/\\\/greenowacja.pl\\\/#\\\/schema\\\/logo\\\/image\\\/\",\"url\":\"https:\\\/\\\/greenowacja.pl\\\/wp-content\\\/uploads\\\/2023\\\/08\\\/Logo-Greenowacja-wer-z-claimem-pozioma-2-kolory_Easy-Resize.com_.jpg\",\"contentUrl\":\"https:\\\/\\\/greenowacja.pl\\\/wp-content\\\/uploads\\\/2023\\\/08\\\/Logo-Greenowacja-wer-z-claimem-pozioma-2-kolory_Easy-Resize.com_.jpg\",\"width\":1280,\"height\":426,\"caption\":\"Ozdoby i prezenty z mchu | #u\u015bMECHnij si\u0119!\"},\"image\":{\"@id\":\"https:\\\/\\\/greenowacja.pl\\\/#\\\/schema\\\/logo\\\/image\\\/\"},\"sameAs\":[\"https:\\\/\\\/www.facebook.com\\\/Greenowacja\",\"https:\\\/\\\/www.instagram.com\\\/greenowacja\\\/\"]}]}<\/script>\n<!-- \/ Yoast SEO plugin. -->","yoast_head_json":{"title":"Tulipan z mchu - Ozdoba stoj\u0105ca - Ozdoby i prezenty z mchu | #u\u015bMECHnij si\u0119!","description":"Tulipan z chrobotka idealnie spisze si\u0119 jako ciekawy element Twojego mieszkanie, biura czy gabinetu. Nada pomieszczeniu pozytywnej energii.","robots":{"index":"index","follow":"follow","max-snippet":"max-snippet:-1","max-image-preview":"max-image-preview:large","max-video-preview":"max-video-preview:-1"},"canonical":"https:\/\/greenowacja.pl\/produkt\/tulipan-ozdoba-stojaca-mech-chrobotek\/","og_locale":"pl_PL","og_type":"article","og_title":"Tulipan z mchu - Ozdoba stoj\u0105ca - Ozdoby i prezenty z mchu | #u\u015bMECHnij si\u0119!","og_description":"Tulipan z chrobotka idealnie spisze si\u0119 jako ciekawy element Twojego mieszkanie, biura czy gabinetu. Nada pomieszczeniu pozytywnej energii.","og_url":"https:\/\/greenowacja.pl\/produkt\/tulipan-ozdoba-stojaca-mech-chrobotek\/","og_site_name":"Ozdoby i prezenty z mchu | #u\u015bMECHnij si\u0119!","article_publisher":"https:\/\/www.facebook.com\/Greenowacja","article_modified_time":"2024-09-24T06:35:10+00:00","og_image":[{"width":1280,"height":1280,"url":"https:\/\/greenowacja.pl\/wp-content\/uploads\/2023\/08\/tulipan_Easy-Resize.com-1.jpg","type":"image\/jpeg"}],"twitter_card":"summary_large_image","twitter_misc":{"Szacowany czas czytania":"2 minuty"},"schema":{"@context":"https:\/\/schema.org","@graph":[{"@type":"WebPage","@id":"https:\/\/greenowacja.pl\/produkt\/tulipan-ozdoba-stojaca-mech-chrobotek\/","url":"https:\/\/greenowacja.pl\/produkt\/tulipan-ozdoba-stojaca-mech-chrobotek\/","name":"Tulipan z mchu - Ozdoba stoj\u0105ca - Ozdoby i prezenty z mchu | #u\u015bMECHnij si\u0119!","isPartOf":{"@id":"https:\/\/greenowacja.pl\/#website"},"primaryImageOfPage":{"@id":"https:\/\/greenowacja.pl\/produkt\/tulipan-ozdoba-stojaca-mech-chrobotek\/#primaryimage"},"image":{"@id":"https:\/\/greenowacja.pl\/produkt\/tulipan-ozdoba-stojaca-mech-chrobotek\/#primaryimage"},"thumbnailUrl":"https:\/\/greenowacja.pl\/wp-content\/uploads\/2023\/08\/tulipan_Easy-Resize.com-1.jpg","datePublished":"2023-08-15T11:20:30+00:00","dateModified":"2024-09-24T06:35:10+00:00","description":"Tulipan z chrobotka idealnie spisze si\u0119 jako ciekawy element Twojego mieszkanie, biura czy gabinetu. Nada pomieszczeniu pozytywnej energii.","breadcrumb":{"@id":"https:\/\/greenowacja.pl\/produkt\/tulipan-ozdoba-stojaca-mech-chrobotek\/#breadcrumb"},"inLanguage":"pl-PL","potentialAction":[{"@type":"ReadAction","target":["https:\/\/greenowacja.pl\/produkt\/tulipan-ozdoba-stojaca-mech-chrobotek\/"]}]},{"@type":"ImageObject","inLanguage":"pl-PL","@id":"https:\/\/greenowacja.pl\/produkt\/tulipan-ozdoba-stojaca-mech-chrobotek\/#primaryimage","url":"https:\/\/greenowacja.pl\/wp-content\/uploads\/2023\/08\/tulipan_Easy-Resize.com-1.jpg","contentUrl":"https:\/\/greenowacja.pl\/wp-content\/uploads\/2023\/08\/tulipan_Easy-Resize.com-1.jpg","width":1280,"height":1280,"caption":"prezent dla mamy"},{"@type":"BreadcrumbList","@id":"https:\/\/greenowacja.pl\/produkt\/tulipan-ozdoba-stojaca-mech-chrobotek\/#breadcrumb","itemListElement":[{"@type":"ListItem","position":1,"name":"Strona g\u0142\u00f3wna","item":"https:\/\/greenowacja.pl\/"},{"@type":"ListItem","position":2,"name":"Sklep","item":"https:\/\/greenowacja.pl\/sklep-z-mchem-chrobotkiem\/"},{"@type":"ListItem","position":3,"name":"Tulipan z mchu &#8211; Ozdoba stoj\u0105ca"}]},{"@type":"WebSite","@id":"https:\/\/greenowacja.pl\/#website","url":"https:\/\/greenowacja.pl\/","name":"Ozdoby i prezenty z mchu | #u\u015bMECHnij si\u0119!","description":"","publisher":{"@id":"https:\/\/greenowacja.pl\/#organization"},"potentialAction":[{"@type":"SearchAction","target":{"@type":"EntryPoint","urlTemplate":"https:\/\/greenowacja.pl\/?s={search_term_string}"},"query-input":{"@type":"PropertyValueSpecification","valueRequired":true,"valueName":"search_term_string"}}],"inLanguage":"pl-PL"},{"@type":"Organization","@id":"https:\/\/greenowacja.pl\/#organization","name":"Ozdoby i prezenty z mchu | #u\u015bMECHnij si\u0119!","url":"https:\/\/greenowacja.pl\/","logo":{"@type":"ImageObject","inLanguage":"pl-PL","@id":"https:\/\/greenowacja.pl\/#\/schema\/logo\/image\/","url":"https:\/\/greenowacja.pl\/wp-content\/uploads\/2023\/08\/Logo-Greenowacja-wer-z-claimem-pozioma-2-kolory_Easy-Resize.com_.jpg","contentUrl":"https:\/\/greenowacja.pl\/wp-content\/uploads\/2023\/08\/Logo-Greenowacja-wer-z-claimem-pozioma-2-kolory_Easy-Resize.com_.jpg","width":1280,"height":426,"caption":"Ozdoby i prezenty z mchu | #u\u015bMECHnij si\u0119!"},"image":{"@id":"https:\/\/greenowacja.pl\/#\/schema\/logo\/image\/"},"sameAs":["https:\/\/www.facebook.com\/Greenowacja","https:\/\/www.instagram.com\/greenowacja\/"]}]}},"_links":{"self":[{"href":"https:\/\/greenowacja.pl\/wp-json\/wp\/v2\/product\/2273","targetHints":{"allow":["GET"]}}],"collection":[{"href":"https:\/\/greenowacja.pl\/wp-json\/wp\/v2\/product"}],"about":[{"href":"https:\/\/greenowacja.pl\/wp-json\/wp\/v2\/types\/product"}],"wp:featuredmedia":[{"embeddable":true,"href":"https:\/\/greenowacja.pl\/wp-json\/wp\/v2\/media\/2278"}],"wp:attachment":[{"href":"https:\/\/greenowacja.pl\/wp-json\/wp\/v2\/media?parent=2273"}],"wp:term":[{"taxonomy":"product_brand","embeddable":true,"href":"https:\/\/greenowacja.pl\/wp-json\/wp\/v2\/product_brand?post=2273"},{"taxonomy":"product_cat","embeddable":true,"href":"https:\/\/greenowacja.pl\/wp-json\/wp\/v2\/product_cat?post=2273"},{"taxonomy":"product_tag","embeddable":true,"href":"https:\/\/greenowacja.pl\/wp-json\/wp\/v2\/product_tag?post=2273"}],"curies":[{"name":"wp","href":"https:\/\/api.w.org\/{rel}","templated":true}]}}