{"id":3186,"date":"2023-09-19T10:27:29","date_gmt":"2023-09-19T08:27:29","guid":{"rendered":"https:\/\/greenowacja.pl\/?post_type=product&#038;p=3186"},"modified":"2025-08-27T07:44:26","modified_gmt":"2025-08-27T05:44:26","slug":"zegar-scienny-z-kotem-chrobotek-reniferowy","status":"publish","type":"product","link":"https:\/\/greenowacja.pl\/produkt\/zegar-scienny-z-kotem-chrobotek-reniferowy\/","title":{"rendered":"Zegar \u015bcienny z kotem"},"content":{"rendered":"<p>Do stworzenia naszego r\u0119kodzie\u0142a u\u017cywany jest porost chrobotek reniferowy, pochodz\u0105cy g\u0142\u00f3wnie ze Skandynawii.<\/p>\n<p>Chrobotek jest poddany procesowi stabilizacji, dzi\u0119ki kt\u00f3remu \u00a0ju\u017c nie ro\u015bnie i mo\u017ce by\u0107 pi\u0119kny nawet przez 8 &#8211; 10 lat.<\/p>\n<p>Stabilizacja mchu\u00a0polega na\u00a0pozbawieniu mchu wszystkich funkcji \u017cyciowych bez negatywnych skutk\u00f3w wizualnych. To stan bardzo podobny do hibernacji.<\/p>\n<p><strong>Produkty po procesie stabilizacji nie s\u0105 \u017cywe &#8211; Nie rozrastaj\u0105 si\u0119!<\/strong><\/p>\n<p><strong>Chrobotek reniferowy jest hipoalergiczny, nie wydziela on r\u00f3wnie\u017c \u017cadnych substancji szkodliwych.<\/strong><\/p>\n<p>&nbsp;<\/p>\n<p>&nbsp;<\/p>\n<p><strong>Wskaz\u00f3wki:<\/strong><\/p>\n<ul>\n<li><strong>nie podlewaj go ani nie zraszaj,<\/strong><\/li>\n<li>chrobotek lubi <strong>wilgotno\u015b\u0107 powietrza 40-60%,<\/strong> je\u017celi zrobi si\u0119 szorstki i kruchy, zanie\u015b ozdob\u0119 na kilka dni do \u0142azienki, a odzyska spr\u0119\u017cysto\u015b\u0107,<\/li>\n<li>umie\u015b\u0107 go w znacznej odleg\u0142o\u015bci od \u017ar\u00f3de\u0142 ciep\u0142a i \u015bwiat\u0142a,<\/li>\n<li>je\u017celi osi\u0105dzie na nim kurz, delikatnie zbierz go rolk\u0105 do czyszczenia odzie\u017cy.<\/li>\n<\/ul>\n<p>Do ka\u017cdego zam\u00f3wienia jest dodawana instrukcja z wytycznymi jak zajmowa\u0107 si\u0119 ozdobami z chrobotka.<\/p>\n<p>&nbsp;<\/p>\n<p><strong>Dane techniczne:<\/strong><\/p>\n<p>&#8211; Szeroko\u015b\u0107: 60cm<\/p>\n<p>&#8211; Wysoko\u015b\u0107: 27cm<\/p>\n<p>&#8211; Materia\u0142 podk\u0142adu: p\u0142yta pil\u015bniowa (HDF)<\/p>\n<p>&#8211; Zegar gotowy do zawieszenia, z ty\u0142u posiada haczyk.<\/p>\n<p>Ka\u017cdy produkt jest materia\u0142em naturalnym, kt\u00f3ry r\u00f3\u017cni si\u0119 od siebie wielko\u015bci\u0105, struktur\u0105, faktur\u0105 &#8211; ka\u017cdy jest inny, nieregularny.<\/p>\n<p>Przyst\u0119pujemy do tworzenia ozd\u00f3b po ich zam\u00f3wieniu online, czas realizacji zam\u00f3wienia trwa 3 dni robocze.<\/p>\n<p>Je\u017celi zale\u017cy Pa\u0144stwu na szybszej wysy\u0142ce, prosimy o kontakt telefoniczny.<\/p>\n","protected":false},"excerpt":{"rendered":"<p>Zegar z kotem to \u015bwietna propozycja dla os\u00f3b, kt\u00f3re szukaj\u0105 ciekawego elementu do aran\u017cacji swojego mieszkania, biura lub gabinetu. Nasze zegary zdobione chrobotkiem reniferowym s\u0105 naturalne i z pewno\u015bci\u0105 zrobi\u0105 wra\u017cenie na go\u015bciach lub klientach. Jest to idealna propozycja dla wszystkich mi\u0142o\u015bnik\u00f3w kot\u00f3w.<\/p>\n","protected":false},"featured_media":8918,"template":"","meta":{"site-sidebar-layout":"default","site-content-layout":"default","ast-site-content-layout":"default","site-content-style":"default","site-sidebar-style":"default","ast-global-header-display":"","ast-banner-title-visibility":"","ast-main-header-display":"","ast-hfb-above-header-display":"","ast-hfb-below-header-display":"","ast-hfb-mobile-header-display":"","site-post-title":"","ast-breadcrumbs-content":"","ast-featured-img":"","footer-sml-layout":"","theme-transparent-header-meta":"default","adv-header-id-meta":"","stick-header-meta":"","header-above-stick-meta":"","header-main-stick-meta":"","header-below-stick-meta":"","astra-migrate-meta-layouts":"set","ast-page-background-enabled":"default","ast-page-background-meta":{"desktop":{"background-color":"","background-image":"","background-repeat":"repeat","background-position":"center center","background-size":"auto","background-attachment":"scroll","background-type":"","background-media":"","overlay-type":"","overlay-color":"","overlay-opacity":"","overlay-gradient":""},"tablet":{"background-color":"","background-image":"","background-repeat":"repeat","background-position":"center center","background-size":"auto","background-attachment":"scroll","background-type":"","background-media":"","overlay-type":"","overlay-color":"","overlay-opacity":"","overlay-gradient":""},"mobile":{"background-color":"","background-image":"","background-repeat":"repeat","background-position":"center center","background-size":"auto","background-attachment":"scroll","background-type":"","background-media":"","overlay-type":"","overlay-color":"","overlay-opacity":"","overlay-gradient":""}},"ast-content-background-meta":{"desktop":{"background-color":"var(--ast-global-color-5)","background-image":"","background-repeat":"repeat","background-position":"center center","background-size":"auto","background-attachment":"scroll","background-type":"","background-media":"","overlay-type":"","overlay-color":"","overlay-opacity":"","overlay-gradient":""},"tablet":{"background-color":"var(--ast-global-color-5)","background-image":"","background-repeat":"repeat","background-position":"center center","background-size":"auto","background-attachment":"scroll","background-type":"","background-media":"","overlay-type":"","overlay-color":"","overlay-opacity":"","overlay-gradient":""},"mobile":{"background-color":"var(--ast-global-color-5)","background-image":"","background-repeat":"repeat","background-position":"center center","background-size":"auto","background-attachment":"scroll","background-type":"","background-media":"","overlay-type":"","overlay-color":"","overlay-opacity":"","overlay-gradient":""}}},"product_brand":[],"product_cat":[57,81,121,93,52],"product_tag":[],"class_list":{"0":"post-3186","1":"product","2":"type-product","3":"status-publish","4":"has-post-thumbnail","6":"product_cat-prezent-dla-dziecka","7":"product_cat-dla-milosnikow-zwierzat","8":"product_cat-karta-mieszkanca-gminy-kolobrzeg","9":"product_cat-ok-poznan","10":"product_cat-zegary-z-mechem","11":"desktop-align-left","12":"tablet-align-left","13":"mobile-align-left","15":"first","16":"instock","17":"taxable","18":"shipping-taxable","19":"purchasable","20":"product-type-simple"},"yoast_head":"<!-- This site is optimized with the Yoast SEO plugin v27.4 - https:\/\/yoast.com\/product\/yoast-seo-wordpress\/ -->\n<title>Zegar \u015bcienny z kotem - Ozdoby i prezenty z mchu | #u\u015bMECHnij si\u0119!<\/title>\n<meta name=\"description\" content=\"Zegar z kotem wykonany z chrobotka reniferowego \u015bwietnie sprawdzi si\u0119 jako prezent dla ka\u017cdego mi\u0142o\u015bnika kot\u00f3w! Zam\u00f3w ju\u017c teraz!\" \/>\n<meta name=\"robots\" content=\"index, follow, max-snippet:-1, max-image-preview:large, max-video-preview:-1\" \/>\n<link rel=\"canonical\" href=\"https:\/\/greenowacja.pl\/produkt\/zegar-scienny-z-kotem-chrobotek-reniferowy\/\" \/>\n<meta property=\"og:locale\" content=\"pl_PL\" \/>\n<meta property=\"og:type\" content=\"article\" \/>\n<meta property=\"og:title\" content=\"Zegar \u015bcienny z kotem - Ozdoby i prezenty z mchu | #u\u015bMECHnij si\u0119!\" \/>\n<meta property=\"og:description\" content=\"Zegar z kotem wykonany z chrobotka reniferowego \u015bwietnie sprawdzi si\u0119 jako prezent dla ka\u017cdego mi\u0142o\u015bnika kot\u00f3w! Zam\u00f3w ju\u017c teraz!\" \/>\n<meta property=\"og:url\" content=\"https:\/\/greenowacja.pl\/produkt\/zegar-scienny-z-kotem-chrobotek-reniferowy\/\" \/>\n<meta property=\"og:site_name\" content=\"Ozdoby i prezenty z mchu | #u\u015bMECHnij si\u0119!\" \/>\n<meta property=\"article:publisher\" content=\"https:\/\/www.facebook.com\/Greenowacja\" \/>\n<meta property=\"article:modified_time\" content=\"2025-08-27T05:44:26+00:00\" \/>\n<meta property=\"og:image\" content=\"https:\/\/greenowacja.pl\/wp-content\/uploads\/2023\/09\/IMG20240910145541-scaled.jpg\" \/>\n\t<meta property=\"og:image:width\" content=\"2560\" \/>\n\t<meta property=\"og:image:height\" content=\"1920\" \/>\n\t<meta property=\"og:image:type\" content=\"image\/jpeg\" \/>\n<meta name=\"twitter:card\" content=\"summary_large_image\" \/>\n<meta name=\"twitter:label1\" content=\"Szacowany czas czytania\" \/>\n\t<meta name=\"twitter:data1\" content=\"2 minuty\" \/>\n<script type=\"application\/ld+json\" class=\"yoast-schema-graph\">{\"@context\":\"https:\\\/\\\/schema.org\",\"@graph\":[{\"@type\":\"WebPage\",\"@id\":\"https:\\\/\\\/greenowacja.pl\\\/produkt\\\/zegar-scienny-z-kotem-chrobotek-reniferowy\\\/\",\"url\":\"https:\\\/\\\/greenowacja.pl\\\/produkt\\\/zegar-scienny-z-kotem-chrobotek-reniferowy\\\/\",\"name\":\"Zegar \u015bcienny z kotem - Ozdoby i prezenty z mchu | #u\u015bMECHnij si\u0119!\",\"isPartOf\":{\"@id\":\"https:\\\/\\\/greenowacja.pl\\\/#website\"},\"primaryImageOfPage\":{\"@id\":\"https:\\\/\\\/greenowacja.pl\\\/produkt\\\/zegar-scienny-z-kotem-chrobotek-reniferowy\\\/#primaryimage\"},\"image\":{\"@id\":\"https:\\\/\\\/greenowacja.pl\\\/produkt\\\/zegar-scienny-z-kotem-chrobotek-reniferowy\\\/#primaryimage\"},\"thumbnailUrl\":\"https:\\\/\\\/greenowacja.pl\\\/wp-content\\\/uploads\\\/2023\\\/09\\\/IMG20240910145541-scaled.jpg\",\"datePublished\":\"2023-09-19T08:27:29+00:00\",\"dateModified\":\"2025-08-27T05:44:26+00:00\",\"description\":\"Zegar z kotem wykonany z chrobotka reniferowego \u015bwietnie sprawdzi si\u0119 jako prezent dla ka\u017cdego mi\u0142o\u015bnika kot\u00f3w! Zam\u00f3w ju\u017c teraz!\",\"breadcrumb\":{\"@id\":\"https:\\\/\\\/greenowacja.pl\\\/produkt\\\/zegar-scienny-z-kotem-chrobotek-reniferowy\\\/#breadcrumb\"},\"inLanguage\":\"pl-PL\",\"potentialAction\":[{\"@type\":\"ReadAction\",\"target\":[\"https:\\\/\\\/greenowacja.pl\\\/produkt\\\/zegar-scienny-z-kotem-chrobotek-reniferowy\\\/\"]}]},{\"@type\":\"ImageObject\",\"inLanguage\":\"pl-PL\",\"@id\":\"https:\\\/\\\/greenowacja.pl\\\/produkt\\\/zegar-scienny-z-kotem-chrobotek-reniferowy\\\/#primaryimage\",\"url\":\"https:\\\/\\\/greenowacja.pl\\\/wp-content\\\/uploads\\\/2023\\\/09\\\/IMG20240910145541-scaled.jpg\",\"contentUrl\":\"https:\\\/\\\/greenowacja.pl\\\/wp-content\\\/uploads\\\/2023\\\/09\\\/IMG20240910145541-scaled.jpg\",\"width\":2560,\"height\":1920},{\"@type\":\"BreadcrumbList\",\"@id\":\"https:\\\/\\\/greenowacja.pl\\\/produkt\\\/zegar-scienny-z-kotem-chrobotek-reniferowy\\\/#breadcrumb\",\"itemListElement\":[{\"@type\":\"ListItem\",\"position\":1,\"name\":\"Strona g\u0142\u00f3wna\",\"item\":\"https:\\\/\\\/greenowacja.pl\\\/\"},{\"@type\":\"ListItem\",\"position\":2,\"name\":\"Sklep\",\"item\":\"https:\\\/\\\/greenowacja.pl\\\/sklep-z-mchem-chrobotkiem\\\/\"},{\"@type\":\"ListItem\",\"position\":3,\"name\":\"Zegar \u015bcienny z kotem\"}]},{\"@type\":\"WebSite\",\"@id\":\"https:\\\/\\\/greenowacja.pl\\\/#website\",\"url\":\"https:\\\/\\\/greenowacja.pl\\\/\",\"name\":\"Ozdoby i prezenty z mchu | #u\u015bMECHnij si\u0119!\",\"description\":\"\",\"publisher\":{\"@id\":\"https:\\\/\\\/greenowacja.pl\\\/#organization\"},\"potentialAction\":[{\"@type\":\"SearchAction\",\"target\":{\"@type\":\"EntryPoint\",\"urlTemplate\":\"https:\\\/\\\/greenowacja.pl\\\/?s={search_term_string}\"},\"query-input\":{\"@type\":\"PropertyValueSpecification\",\"valueRequired\":true,\"valueName\":\"search_term_string\"}}],\"inLanguage\":\"pl-PL\"},{\"@type\":\"Organization\",\"@id\":\"https:\\\/\\\/greenowacja.pl\\\/#organization\",\"name\":\"Ozdoby i prezenty z mchu | #u\u015bMECHnij si\u0119!\",\"url\":\"https:\\\/\\\/greenowacja.pl\\\/\",\"logo\":{\"@type\":\"ImageObject\",\"inLanguage\":\"pl-PL\",\"@id\":\"https:\\\/\\\/greenowacja.pl\\\/#\\\/schema\\\/logo\\\/image\\\/\",\"url\":\"https:\\\/\\\/greenowacja.pl\\\/wp-content\\\/uploads\\\/2023\\\/08\\\/Logo-Greenowacja-wer-z-claimem-pozioma-2-kolory_Easy-Resize.com_.jpg\",\"contentUrl\":\"https:\\\/\\\/greenowacja.pl\\\/wp-content\\\/uploads\\\/2023\\\/08\\\/Logo-Greenowacja-wer-z-claimem-pozioma-2-kolory_Easy-Resize.com_.jpg\",\"width\":1280,\"height\":426,\"caption\":\"Ozdoby i prezenty z mchu | #u\u015bMECHnij si\u0119!\"},\"image\":{\"@id\":\"https:\\\/\\\/greenowacja.pl\\\/#\\\/schema\\\/logo\\\/image\\\/\"},\"sameAs\":[\"https:\\\/\\\/www.facebook.com\\\/Greenowacja\",\"https:\\\/\\\/www.instagram.com\\\/greenowacja\\\/\"]}]}<\/script>\n<!-- \/ Yoast SEO plugin. -->","yoast_head_json":{"title":"Zegar \u015bcienny z kotem - Ozdoby i prezenty z mchu | #u\u015bMECHnij si\u0119!","description":"Zegar z kotem wykonany z chrobotka reniferowego \u015bwietnie sprawdzi si\u0119 jako prezent dla ka\u017cdego mi\u0142o\u015bnika kot\u00f3w! Zam\u00f3w ju\u017c teraz!","robots":{"index":"index","follow":"follow","max-snippet":"max-snippet:-1","max-image-preview":"max-image-preview:large","max-video-preview":"max-video-preview:-1"},"canonical":"https:\/\/greenowacja.pl\/produkt\/zegar-scienny-z-kotem-chrobotek-reniferowy\/","og_locale":"pl_PL","og_type":"article","og_title":"Zegar \u015bcienny z kotem - Ozdoby i prezenty z mchu | #u\u015bMECHnij si\u0119!","og_description":"Zegar z kotem wykonany z chrobotka reniferowego \u015bwietnie sprawdzi si\u0119 jako prezent dla ka\u017cdego mi\u0142o\u015bnika kot\u00f3w! Zam\u00f3w ju\u017c teraz!","og_url":"https:\/\/greenowacja.pl\/produkt\/zegar-scienny-z-kotem-chrobotek-reniferowy\/","og_site_name":"Ozdoby i prezenty z mchu | #u\u015bMECHnij si\u0119!","article_publisher":"https:\/\/www.facebook.com\/Greenowacja","article_modified_time":"2025-08-27T05:44:26+00:00","og_image":[{"width":2560,"height":1920,"url":"https:\/\/greenowacja.pl\/wp-content\/uploads\/2023\/09\/IMG20240910145541-scaled.jpg","type":"image\/jpeg"}],"twitter_card":"summary_large_image","twitter_misc":{"Szacowany czas czytania":"2 minuty"},"schema":{"@context":"https:\/\/schema.org","@graph":[{"@type":"WebPage","@id":"https:\/\/greenowacja.pl\/produkt\/zegar-scienny-z-kotem-chrobotek-reniferowy\/","url":"https:\/\/greenowacja.pl\/produkt\/zegar-scienny-z-kotem-chrobotek-reniferowy\/","name":"Zegar \u015bcienny z kotem - Ozdoby i prezenty z mchu | #u\u015bMECHnij si\u0119!","isPartOf":{"@id":"https:\/\/greenowacja.pl\/#website"},"primaryImageOfPage":{"@id":"https:\/\/greenowacja.pl\/produkt\/zegar-scienny-z-kotem-chrobotek-reniferowy\/#primaryimage"},"image":{"@id":"https:\/\/greenowacja.pl\/produkt\/zegar-scienny-z-kotem-chrobotek-reniferowy\/#primaryimage"},"thumbnailUrl":"https:\/\/greenowacja.pl\/wp-content\/uploads\/2023\/09\/IMG20240910145541-scaled.jpg","datePublished":"2023-09-19T08:27:29+00:00","dateModified":"2025-08-27T05:44:26+00:00","description":"Zegar z kotem wykonany z chrobotka reniferowego \u015bwietnie sprawdzi si\u0119 jako prezent dla ka\u017cdego mi\u0142o\u015bnika kot\u00f3w! Zam\u00f3w ju\u017c teraz!","breadcrumb":{"@id":"https:\/\/greenowacja.pl\/produkt\/zegar-scienny-z-kotem-chrobotek-reniferowy\/#breadcrumb"},"inLanguage":"pl-PL","potentialAction":[{"@type":"ReadAction","target":["https:\/\/greenowacja.pl\/produkt\/zegar-scienny-z-kotem-chrobotek-reniferowy\/"]}]},{"@type":"ImageObject","inLanguage":"pl-PL","@id":"https:\/\/greenowacja.pl\/produkt\/zegar-scienny-z-kotem-chrobotek-reniferowy\/#primaryimage","url":"https:\/\/greenowacja.pl\/wp-content\/uploads\/2023\/09\/IMG20240910145541-scaled.jpg","contentUrl":"https:\/\/greenowacja.pl\/wp-content\/uploads\/2023\/09\/IMG20240910145541-scaled.jpg","width":2560,"height":1920},{"@type":"BreadcrumbList","@id":"https:\/\/greenowacja.pl\/produkt\/zegar-scienny-z-kotem-chrobotek-reniferowy\/#breadcrumb","itemListElement":[{"@type":"ListItem","position":1,"name":"Strona g\u0142\u00f3wna","item":"https:\/\/greenowacja.pl\/"},{"@type":"ListItem","position":2,"name":"Sklep","item":"https:\/\/greenowacja.pl\/sklep-z-mchem-chrobotkiem\/"},{"@type":"ListItem","position":3,"name":"Zegar \u015bcienny z kotem"}]},{"@type":"WebSite","@id":"https:\/\/greenowacja.pl\/#website","url":"https:\/\/greenowacja.pl\/","name":"Ozdoby i prezenty z mchu | #u\u015bMECHnij si\u0119!","description":"","publisher":{"@id":"https:\/\/greenowacja.pl\/#organization"},"potentialAction":[{"@type":"SearchAction","target":{"@type":"EntryPoint","urlTemplate":"https:\/\/greenowacja.pl\/?s={search_term_string}"},"query-input":{"@type":"PropertyValueSpecification","valueRequired":true,"valueName":"search_term_string"}}],"inLanguage":"pl-PL"},{"@type":"Organization","@id":"https:\/\/greenowacja.pl\/#organization","name":"Ozdoby i prezenty z mchu | #u\u015bMECHnij si\u0119!","url":"https:\/\/greenowacja.pl\/","logo":{"@type":"ImageObject","inLanguage":"pl-PL","@id":"https:\/\/greenowacja.pl\/#\/schema\/logo\/image\/","url":"https:\/\/greenowacja.pl\/wp-content\/uploads\/2023\/08\/Logo-Greenowacja-wer-z-claimem-pozioma-2-kolory_Easy-Resize.com_.jpg","contentUrl":"https:\/\/greenowacja.pl\/wp-content\/uploads\/2023\/08\/Logo-Greenowacja-wer-z-claimem-pozioma-2-kolory_Easy-Resize.com_.jpg","width":1280,"height":426,"caption":"Ozdoby i prezenty z mchu | #u\u015bMECHnij si\u0119!"},"image":{"@id":"https:\/\/greenowacja.pl\/#\/schema\/logo\/image\/"},"sameAs":["https:\/\/www.facebook.com\/Greenowacja","https:\/\/www.instagram.com\/greenowacja\/"]}]}},"_links":{"self":[{"href":"https:\/\/greenowacja.pl\/wp-json\/wp\/v2\/product\/3186","targetHints":{"allow":["GET"]}}],"collection":[{"href":"https:\/\/greenowacja.pl\/wp-json\/wp\/v2\/product"}],"about":[{"href":"https:\/\/greenowacja.pl\/wp-json\/wp\/v2\/types\/product"}],"wp:featuredmedia":[{"embeddable":true,"href":"https:\/\/greenowacja.pl\/wp-json\/wp\/v2\/media\/8918"}],"wp:attachment":[{"href":"https:\/\/greenowacja.pl\/wp-json\/wp\/v2\/media?parent=3186"}],"wp:term":[{"taxonomy":"product_brand","embeddable":true,"href":"https:\/\/greenowacja.pl\/wp-json\/wp\/v2\/product_brand?post=3186"},{"taxonomy":"product_cat","embeddable":true,"href":"https:\/\/greenowacja.pl\/wp-json\/wp\/v2\/product_cat?post=3186"},{"taxonomy":"product_tag","embeddable":true,"href":"https:\/\/greenowacja.pl\/wp-json\/wp\/v2\/product_tag?post=3186"}],"curies":[{"name":"wp","href":"https:\/\/api.w.org\/{rel}","templated":true}]}}