{"id":3538,"date":"2023-10-03T16:19:55","date_gmt":"2023-10-03T14:19:55","guid":{"rendered":"https:\/\/greenowacja.pl\/?post_type=product&#038;p=3538"},"modified":"2024-11-20T10:59:22","modified_gmt":"2024-11-20T09:59:22","slug":"obraz-pilka-nozna","status":"publish","type":"product","link":"https:\/\/greenowacja.pl\/produkt\/obraz-pilka-nozna\/","title":{"rendered":"Obraz z mchu &#8211; pi\u0142ka no\u017cna, 30cm"},"content":{"rendered":"<h2>Obraz pi\u0142ka no\u017cna to \u015bwietny pomy\u0142 na nietypowy prezent.<\/h2>\n<p>Obraz pi\u0142ka no\u017cna to \u015bwietny pomys\u0142 je\u015bli chcesz zaskoczy\u0107 fana pi\u0142ki no\u017cnej czym\u015b oryginalnym.\u00a0 Masz wra\u017cenie, \u017ce osoba kt\u00f3rej chcesz zrobi\u0107 niespodziank\u0119 ju\u017c wszystko w domu ma? Obraz przedstawiaj\u0105cy pi\u0142k\u0119 no\u017cn\u0105 to na pewno co\u015b co si\u0119 wyr\u00f3\u017cni. Idealny prezent do powieszenia na \u015bcianie.<\/p>\n<p><strong>Obraz przedstawiaj\u0105cy pi\u0142k\u0119 no\u017cn\u0105<\/strong> to nie tylko dekoracja, ale r\u00f3wnie\u017c dow\u00f3d\u00a0 fascynacji pi\u0142k\u0105 no\u017cn\u0105. Rozwa\u017caj\u0105c ten prezent, mo\u017cesz by\u0107 pewien, \u017ce trafisz w serce mi\u0142o\u015bnika tego sportu i dostarczysz mu wyj\u0105tkow\u0105 ozdob\u0119, kt\u00f3ra b\u0119dzie przypomina\u0107 o jego pasji ka\u017cdego dnia.<\/p>\n<p>Kibice to grupa niezwyk\u0142ych pasjonat\u00f3w. Gad\u017cety stanowi\u0105 integraln\u0105 cz\u0119\u015b\u0107 kibicowskiego \u015bwiata. Dla kibic\u00f3w tego typu ozdoby to znacznie wi\u0119cej ni\u017c zwyk\u0142e przedmioty, to wyraz ich przynale\u017cno\u015bci i oddania dla sportu, kt\u00f3ry kochaj\u0105.<\/p>\n<p>Chrobotek reniferowy, umieszczony na obrazie, poddany zosta\u0142 procesowi stabilizacji, dzi\u0119ki kt\u00f3remu b\u0119dzie zachwycaj\u0105cy przez d\u0142ugie lata. Zapraszamy do innych naszych produkt\u00f3w z kategorii <a href=\"https:\/\/greenowacja.pl\/kategoria-produktu\/obrazy-z-chrobotkiem\/\">obrazy<\/a>.<\/p>\n<p><strong>Obrazy z chrobotkiem sprawdz\u0105 si\u0119 \u015bwietnie je\u015bli:<\/strong><\/p>\n<ul>\n<li>szukasz ciekawego dodatku do wn\u0119trz<\/li>\n<li>szukasz oryginalnego prezentu<\/li>\n<li>zapominasz podlewa\u0107 ro\u015bliny, chrobotka nie musisz<\/li>\n<\/ul>\n<p>&nbsp;<\/p>\n<p><strong>Specyfikacja techniczna:<\/strong><\/p>\n<ul>\n<li>materia\u0142 podk\u0142adu: p\u0142yta HDF<\/li>\n<li>\u015brednica: 30cm<\/li>\n<\/ul>\n<p><strong>Kolory mchu:<\/strong><\/p>\n<ul>\n<li>jasnozielony<\/li>\n<\/ul>\n<p>Zam\u00f3wienia na nasze ozdoby przyjmujemy online, a czas realizacji wynosi\u00a0 3 dni robocze. Je\u015bli zale\u017cy Ci na szybszej dostawie, zach\u0119camy do kontaktu telefonicznego. Dzi\u0119ki obrazowi pi\u0142ka no\u017cna oraz innym produktom w naszej ofercie wniesiesz do swojego wn\u0119trza niepowtarzalny pi\u0142karski klimat.<\/p>\n","protected":false},"excerpt":{"rendered":"<h2>Obraz pi\u0142ka no\u017cna.<\/h2>\n<p>Obraz przedstawiaj\u0105cy pi\u0142k\u0119 no\u017cn\u0105 ozdobiony chrobotkiem, to \u015bwietny prezent dla zapalonego kibica lub pi\u0142karza. Nasz obraz z pi\u0142k\u0105 na pewno b\u0119dzie \u015bwietnie pasowa\u0107 do pokoju fana pi\u0142ki no\u017cnej. Dodatkowo pi\u0142ka ozdobiona jest napisem &#8222;jeste\u015b wyj\u0105tkowy&#8221;.<\/p>\n","protected":false},"featured_media":7066,"template":"","meta":{"site-sidebar-layout":"default","site-content-layout":"default","ast-site-content-layout":"default","site-content-style":"default","site-sidebar-style":"default","ast-global-header-display":"","ast-banner-title-visibility":"","ast-main-header-display":"","ast-hfb-above-header-display":"","ast-hfb-below-header-display":"","ast-hfb-mobile-header-display":"","site-post-title":"","ast-breadcrumbs-content":"","ast-featured-img":"","footer-sml-layout":"","theme-transparent-header-meta":"default","adv-header-id-meta":"","stick-header-meta":"","header-above-stick-meta":"","header-main-stick-meta":"","header-below-stick-meta":"","astra-migrate-meta-layouts":"set","ast-page-background-enabled":"default","ast-page-background-meta":{"desktop":{"background-color":"","background-image":"","background-repeat":"repeat","background-position":"center center","background-size":"auto","background-attachment":"scroll","background-type":"","background-media":"","overlay-type":"","overlay-color":"","overlay-opacity":"","overlay-gradient":""},"tablet":{"background-color":"","background-image":"","background-repeat":"repeat","background-position":"center center","background-size":"auto","background-attachment":"scroll","background-type":"","background-media":"","overlay-type":"","overlay-color":"","overlay-opacity":"","overlay-gradient":""},"mobile":{"background-color":"","background-image":"","background-repeat":"repeat","background-position":"center center","background-size":"auto","background-attachment":"scroll","background-type":"","background-media":"","overlay-type":"","overlay-color":"","overlay-opacity":"","overlay-gradient":""}},"ast-content-background-meta":{"desktop":{"background-color":"var(--ast-global-color-5)","background-image":"","background-repeat":"repeat","background-position":"center center","background-size":"auto","background-attachment":"scroll","background-type":"","background-media":"","overlay-type":"","overlay-color":"","overlay-opacity":"","overlay-gradient":""},"tablet":{"background-color":"var(--ast-global-color-5)","background-image":"","background-repeat":"repeat","background-position":"center center","background-size":"auto","background-attachment":"scroll","background-type":"","background-media":"","overlay-type":"","overlay-color":"","overlay-opacity":"","overlay-gradient":""},"mobile":{"background-color":"var(--ast-global-color-5)","background-image":"","background-repeat":"repeat","background-position":"center center","background-size":"auto","background-attachment":"scroll","background-type":"","background-media":"","overlay-type":"","overlay-color":"","overlay-opacity":"","overlay-gradient":""}}},"product_brand":[],"product_cat":[47,42],"product_tag":[],"class_list":{"0":"post-3538","1":"product","2":"type-product","3":"status-publish","4":"has-post-thumbnail","6":"product_cat-obrazy-rozne","7":"product_cat-obrazy-z-chrobotkiem","8":"desktop-align-left","9":"tablet-align-left","10":"mobile-align-left","12":"first","13":"instock","14":"taxable","15":"shipping-taxable","16":"purchasable","17":"product-type-simple"},"yoast_head":"<!-- This site is optimized with the Yoast SEO plugin v27.4 - https:\/\/yoast.com\/product\/yoast-seo-wordpress\/ -->\n<title>Obraz pi\u0142ka no\u017cna<\/title>\n<meta name=\"description\" content=\"Obraz pi\u0142ka no\u017cna przedstawiaj\u0105cy pi\u0142k\u0119 no\u017cn\u0105 ozdobion\u0105 mchem chrobotkiem, to \u015bwietny prezent dla zapalonego kibica lub pi\u0142karza.\" \/>\n<meta name=\"robots\" content=\"index, follow, max-snippet:-1, max-image-preview:large, max-video-preview:-1\" \/>\n<link rel=\"canonical\" href=\"https:\/\/greenowacja.pl\/produkt\/obraz-pilka-nozna\/\" \/>\n<meta property=\"og:locale\" content=\"pl_PL\" \/>\n<meta property=\"og:type\" content=\"article\" \/>\n<meta property=\"og:title\" content=\"Obraz pi\u0142ka no\u017cna\" \/>\n<meta property=\"og:description\" content=\"Obraz pi\u0142ka no\u017cna przedstawiaj\u0105cy pi\u0142k\u0119 no\u017cn\u0105 ozdobion\u0105 mchem chrobotkiem, to \u015bwietny prezent dla zapalonego kibica lub pi\u0142karza.\" \/>\n<meta property=\"og:url\" content=\"https:\/\/greenowacja.pl\/produkt\/obraz-pilka-nozna\/\" \/>\n<meta property=\"og:site_name\" content=\"Ozdoby i prezenty z mchu | #u\u015bMECHnij si\u0119!\" \/>\n<meta property=\"article:publisher\" content=\"https:\/\/www.facebook.com\/Greenowacja\" \/>\n<meta property=\"article:modified_time\" content=\"2024-11-20T09:59:22+00:00\" \/>\n<meta property=\"og:image\" content=\"https:\/\/greenowacja.pl\/wp-content\/uploads\/2023\/10\/zdjecia-allegro-25.jpg\" \/>\n\t<meta property=\"og:image:width\" content=\"2560\" \/>\n\t<meta property=\"og:image:height\" content=\"2560\" \/>\n\t<meta property=\"og:image:type\" content=\"image\/jpeg\" \/>\n<meta name=\"twitter:card\" content=\"summary_large_image\" \/>\n<meta name=\"twitter:label1\" content=\"Szacowany czas czytania\" \/>\n\t<meta name=\"twitter:data1\" content=\"2 minuty\" \/>\n<script type=\"application\/ld+json\" class=\"yoast-schema-graph\">{\"@context\":\"https:\\\/\\\/schema.org\",\"@graph\":[{\"@type\":\"WebPage\",\"@id\":\"https:\\\/\\\/greenowacja.pl\\\/produkt\\\/obraz-pilka-nozna\\\/\",\"url\":\"https:\\\/\\\/greenowacja.pl\\\/produkt\\\/obraz-pilka-nozna\\\/\",\"name\":\"Obraz pi\u0142ka no\u017cna\",\"isPartOf\":{\"@id\":\"https:\\\/\\\/greenowacja.pl\\\/#website\"},\"primaryImageOfPage\":{\"@id\":\"https:\\\/\\\/greenowacja.pl\\\/produkt\\\/obraz-pilka-nozna\\\/#primaryimage\"},\"image\":{\"@id\":\"https:\\\/\\\/greenowacja.pl\\\/produkt\\\/obraz-pilka-nozna\\\/#primaryimage\"},\"thumbnailUrl\":\"https:\\\/\\\/greenowacja.pl\\\/wp-content\\\/uploads\\\/2023\\\/10\\\/zdjecia-allegro-25.jpg\",\"datePublished\":\"2023-10-03T14:19:55+00:00\",\"dateModified\":\"2024-11-20T09:59:22+00:00\",\"description\":\"Obraz pi\u0142ka no\u017cna przedstawiaj\u0105cy pi\u0142k\u0119 no\u017cn\u0105 ozdobion\u0105 mchem chrobotkiem, to \u015bwietny prezent dla zapalonego kibica lub pi\u0142karza.\",\"breadcrumb\":{\"@id\":\"https:\\\/\\\/greenowacja.pl\\\/produkt\\\/obraz-pilka-nozna\\\/#breadcrumb\"},\"inLanguage\":\"pl-PL\",\"potentialAction\":[{\"@type\":\"ReadAction\",\"target\":[\"https:\\\/\\\/greenowacja.pl\\\/produkt\\\/obraz-pilka-nozna\\\/\"]}]},{\"@type\":\"ImageObject\",\"inLanguage\":\"pl-PL\",\"@id\":\"https:\\\/\\\/greenowacja.pl\\\/produkt\\\/obraz-pilka-nozna\\\/#primaryimage\",\"url\":\"https:\\\/\\\/greenowacja.pl\\\/wp-content\\\/uploads\\\/2023\\\/10\\\/zdjecia-allegro-25.jpg\",\"contentUrl\":\"https:\\\/\\\/greenowacja.pl\\\/wp-content\\\/uploads\\\/2023\\\/10\\\/zdjecia-allegro-25.jpg\",\"width\":2560,\"height\":2560},{\"@type\":\"BreadcrumbList\",\"@id\":\"https:\\\/\\\/greenowacja.pl\\\/produkt\\\/obraz-pilka-nozna\\\/#breadcrumb\",\"itemListElement\":[{\"@type\":\"ListItem\",\"position\":1,\"name\":\"Strona g\u0142\u00f3wna\",\"item\":\"https:\\\/\\\/greenowacja.pl\\\/\"},{\"@type\":\"ListItem\",\"position\":2,\"name\":\"Sklep\",\"item\":\"https:\\\/\\\/greenowacja.pl\\\/sklep-z-mchem-chrobotkiem\\\/\"},{\"@type\":\"ListItem\",\"position\":3,\"name\":\"Obraz z mchu &#8211; pi\u0142ka no\u017cna, 30cm\"}]},{\"@type\":\"WebSite\",\"@id\":\"https:\\\/\\\/greenowacja.pl\\\/#website\",\"url\":\"https:\\\/\\\/greenowacja.pl\\\/\",\"name\":\"Ozdoby i prezenty z mchu | #u\u015bMECHnij si\u0119!\",\"description\":\"\",\"publisher\":{\"@id\":\"https:\\\/\\\/greenowacja.pl\\\/#organization\"},\"potentialAction\":[{\"@type\":\"SearchAction\",\"target\":{\"@type\":\"EntryPoint\",\"urlTemplate\":\"https:\\\/\\\/greenowacja.pl\\\/?s={search_term_string}\"},\"query-input\":{\"@type\":\"PropertyValueSpecification\",\"valueRequired\":true,\"valueName\":\"search_term_string\"}}],\"inLanguage\":\"pl-PL\"},{\"@type\":\"Organization\",\"@id\":\"https:\\\/\\\/greenowacja.pl\\\/#organization\",\"name\":\"Ozdoby i prezenty z mchu | #u\u015bMECHnij si\u0119!\",\"url\":\"https:\\\/\\\/greenowacja.pl\\\/\",\"logo\":{\"@type\":\"ImageObject\",\"inLanguage\":\"pl-PL\",\"@id\":\"https:\\\/\\\/greenowacja.pl\\\/#\\\/schema\\\/logo\\\/image\\\/\",\"url\":\"https:\\\/\\\/greenowacja.pl\\\/wp-content\\\/uploads\\\/2023\\\/08\\\/Logo-Greenowacja-wer-z-claimem-pozioma-2-kolory_Easy-Resize.com_.jpg\",\"contentUrl\":\"https:\\\/\\\/greenowacja.pl\\\/wp-content\\\/uploads\\\/2023\\\/08\\\/Logo-Greenowacja-wer-z-claimem-pozioma-2-kolory_Easy-Resize.com_.jpg\",\"width\":1280,\"height\":426,\"caption\":\"Ozdoby i prezenty z mchu | #u\u015bMECHnij si\u0119!\"},\"image\":{\"@id\":\"https:\\\/\\\/greenowacja.pl\\\/#\\\/schema\\\/logo\\\/image\\\/\"},\"sameAs\":[\"https:\\\/\\\/www.facebook.com\\\/Greenowacja\",\"https:\\\/\\\/www.instagram.com\\\/greenowacja\\\/\"]}]}<\/script>\n<!-- \/ Yoast SEO plugin. -->","yoast_head_json":{"title":"Obraz pi\u0142ka no\u017cna","description":"Obraz pi\u0142ka no\u017cna przedstawiaj\u0105cy pi\u0142k\u0119 no\u017cn\u0105 ozdobion\u0105 mchem chrobotkiem, to \u015bwietny prezent dla zapalonego kibica lub pi\u0142karza.","robots":{"index":"index","follow":"follow","max-snippet":"max-snippet:-1","max-image-preview":"max-image-preview:large","max-video-preview":"max-video-preview:-1"},"canonical":"https:\/\/greenowacja.pl\/produkt\/obraz-pilka-nozna\/","og_locale":"pl_PL","og_type":"article","og_title":"Obraz pi\u0142ka no\u017cna","og_description":"Obraz pi\u0142ka no\u017cna przedstawiaj\u0105cy pi\u0142k\u0119 no\u017cn\u0105 ozdobion\u0105 mchem chrobotkiem, to \u015bwietny prezent dla zapalonego kibica lub pi\u0142karza.","og_url":"https:\/\/greenowacja.pl\/produkt\/obraz-pilka-nozna\/","og_site_name":"Ozdoby i prezenty z mchu | #u\u015bMECHnij si\u0119!","article_publisher":"https:\/\/www.facebook.com\/Greenowacja","article_modified_time":"2024-11-20T09:59:22+00:00","og_image":[{"width":2560,"height":2560,"url":"https:\/\/greenowacja.pl\/wp-content\/uploads\/2023\/10\/zdjecia-allegro-25.jpg","type":"image\/jpeg"}],"twitter_card":"summary_large_image","twitter_misc":{"Szacowany czas czytania":"2 minuty"},"schema":{"@context":"https:\/\/schema.org","@graph":[{"@type":"WebPage","@id":"https:\/\/greenowacja.pl\/produkt\/obraz-pilka-nozna\/","url":"https:\/\/greenowacja.pl\/produkt\/obraz-pilka-nozna\/","name":"Obraz pi\u0142ka no\u017cna","isPartOf":{"@id":"https:\/\/greenowacja.pl\/#website"},"primaryImageOfPage":{"@id":"https:\/\/greenowacja.pl\/produkt\/obraz-pilka-nozna\/#primaryimage"},"image":{"@id":"https:\/\/greenowacja.pl\/produkt\/obraz-pilka-nozna\/#primaryimage"},"thumbnailUrl":"https:\/\/greenowacja.pl\/wp-content\/uploads\/2023\/10\/zdjecia-allegro-25.jpg","datePublished":"2023-10-03T14:19:55+00:00","dateModified":"2024-11-20T09:59:22+00:00","description":"Obraz pi\u0142ka no\u017cna przedstawiaj\u0105cy pi\u0142k\u0119 no\u017cn\u0105 ozdobion\u0105 mchem chrobotkiem, to \u015bwietny prezent dla zapalonego kibica lub pi\u0142karza.","breadcrumb":{"@id":"https:\/\/greenowacja.pl\/produkt\/obraz-pilka-nozna\/#breadcrumb"},"inLanguage":"pl-PL","potentialAction":[{"@type":"ReadAction","target":["https:\/\/greenowacja.pl\/produkt\/obraz-pilka-nozna\/"]}]},{"@type":"ImageObject","inLanguage":"pl-PL","@id":"https:\/\/greenowacja.pl\/produkt\/obraz-pilka-nozna\/#primaryimage","url":"https:\/\/greenowacja.pl\/wp-content\/uploads\/2023\/10\/zdjecia-allegro-25.jpg","contentUrl":"https:\/\/greenowacja.pl\/wp-content\/uploads\/2023\/10\/zdjecia-allegro-25.jpg","width":2560,"height":2560},{"@type":"BreadcrumbList","@id":"https:\/\/greenowacja.pl\/produkt\/obraz-pilka-nozna\/#breadcrumb","itemListElement":[{"@type":"ListItem","position":1,"name":"Strona g\u0142\u00f3wna","item":"https:\/\/greenowacja.pl\/"},{"@type":"ListItem","position":2,"name":"Sklep","item":"https:\/\/greenowacja.pl\/sklep-z-mchem-chrobotkiem\/"},{"@type":"ListItem","position":3,"name":"Obraz z mchu &#8211; pi\u0142ka no\u017cna, 30cm"}]},{"@type":"WebSite","@id":"https:\/\/greenowacja.pl\/#website","url":"https:\/\/greenowacja.pl\/","name":"Ozdoby i prezenty z mchu | #u\u015bMECHnij si\u0119!","description":"","publisher":{"@id":"https:\/\/greenowacja.pl\/#organization"},"potentialAction":[{"@type":"SearchAction","target":{"@type":"EntryPoint","urlTemplate":"https:\/\/greenowacja.pl\/?s={search_term_string}"},"query-input":{"@type":"PropertyValueSpecification","valueRequired":true,"valueName":"search_term_string"}}],"inLanguage":"pl-PL"},{"@type":"Organization","@id":"https:\/\/greenowacja.pl\/#organization","name":"Ozdoby i prezenty z mchu | #u\u015bMECHnij si\u0119!","url":"https:\/\/greenowacja.pl\/","logo":{"@type":"ImageObject","inLanguage":"pl-PL","@id":"https:\/\/greenowacja.pl\/#\/schema\/logo\/image\/","url":"https:\/\/greenowacja.pl\/wp-content\/uploads\/2023\/08\/Logo-Greenowacja-wer-z-claimem-pozioma-2-kolory_Easy-Resize.com_.jpg","contentUrl":"https:\/\/greenowacja.pl\/wp-content\/uploads\/2023\/08\/Logo-Greenowacja-wer-z-claimem-pozioma-2-kolory_Easy-Resize.com_.jpg","width":1280,"height":426,"caption":"Ozdoby i prezenty z mchu | #u\u015bMECHnij si\u0119!"},"image":{"@id":"https:\/\/greenowacja.pl\/#\/schema\/logo\/image\/"},"sameAs":["https:\/\/www.facebook.com\/Greenowacja","https:\/\/www.instagram.com\/greenowacja\/"]}]}},"_links":{"self":[{"href":"https:\/\/greenowacja.pl\/wp-json\/wp\/v2\/product\/3538","targetHints":{"allow":["GET"]}}],"collection":[{"href":"https:\/\/greenowacja.pl\/wp-json\/wp\/v2\/product"}],"about":[{"href":"https:\/\/greenowacja.pl\/wp-json\/wp\/v2\/types\/product"}],"wp:featuredmedia":[{"embeddable":true,"href":"https:\/\/greenowacja.pl\/wp-json\/wp\/v2\/media\/7066"}],"wp:attachment":[{"href":"https:\/\/greenowacja.pl\/wp-json\/wp\/v2\/media?parent=3538"}],"wp:term":[{"taxonomy":"product_brand","embeddable":true,"href":"https:\/\/greenowacja.pl\/wp-json\/wp\/v2\/product_brand?post=3538"},{"taxonomy":"product_cat","embeddable":true,"href":"https:\/\/greenowacja.pl\/wp-json\/wp\/v2\/product_cat?post=3538"},{"taxonomy":"product_tag","embeddable":true,"href":"https:\/\/greenowacja.pl\/wp-json\/wp\/v2\/product_tag?post=3538"}],"curies":[{"name":"wp","href":"https:\/\/api.w.org\/{rel}","templated":true}]}}