{"id":3616,"date":"2023-10-11T16:50:02","date_gmt":"2023-10-11T14:50:02","guid":{"rendered":"https:\/\/greenowacja.pl\/?post_type=product&#038;p=3616"},"modified":"2026-04-25T11:12:20","modified_gmt":"2026-04-25T09:12:20","slug":"prezent-slu-para-w-39cm","status":"publish","type":"product","link":"https:\/\/greenowacja.pl\/produkt\/prezent-slu-para-w-39cm\/","title":{"rendered":"Drzewo chrobotek reniferowy, prezent na \u015blub, rocznic\u0119, 39cm"},"content":{"rendered":"<p>Do stworzenia naszego r\u0119kodzie\u0142a u\u017cywany jest porost chrobotek reniferowy, pochodz\u0105cy g\u0142\u00f3wnie ze Skandynawii.<\/p>\n<p>Chrobotek jest poddany procesowi stabilizacji, dzi\u0119ki kt\u00f3remu ju\u017c nie ro\u015bnie i mo\u017ce by\u0107 pi\u0119kny nawet przez 8 &#8211; 10 lat.<\/p>\n<p>Stabilizacja mchu\u00a0polega na\u00a0pozbawieniu mchu wszystkich funkcji \u017cyciowych bez negatywnych skutk\u00f3w wizualnych. To stan bardzo podobny do hibernacji.<\/p>\n<p><strong>Produkty po procesie stabilizacji nie s\u0105 \u017cywe &#8211; Nie rozrastaj\u0105 si\u0119!<\/strong><\/p>\n<p><strong>Chrobotek reniferowy jest hipoalergiczny, nie wydziela on r\u00f3wnie\u017c \u017cadnych substancji szkodliwych.<\/strong><\/p>\n<p>&nbsp;<\/p>\n<p><strong>Wskaz\u00f3wki:<\/strong><\/p>\n<ul>\n<li><strong>nie podlewaj go i nie zraszaj,<\/strong><\/li>\n<li>chrobotek preferuje <strong>wilgotno\u015b\u0107 powietrza 40-60%,<\/strong> je\u017celi zrobi si\u0119 szorstki i kruchy, zanie\u015b ozdob\u0119 na kilka dni do \u0142azienki, a odzyska spr\u0119\u017cysto\u015b\u0107,<\/li>\n<li>umie\u015b\u0107 go w odleg\u0142o\u015bci od \u017ar\u00f3de\u0142 ciep\u0142a i \u015bwiat\u0142a,<\/li>\n<li>je\u017celi osi\u0105dzie na nim kurz, delikatnie zbierz go rolk\u0105 do czyszczenia odzie\u017cy.<\/li>\n<\/ul>\n<p>Do ka\u017cdego zam\u00f3wienia dodawana jest informacja jak zajmowa\u0107 si\u0119 ozdobami z chrobotka.<\/p>\n<p>&nbsp;<\/p>\n<p><strong>Dane techniczne:<\/strong><\/p>\n<p>&#8211; \u015arednica drzewka: 39cm<\/p>\n<p>&#8211; Materia\u0142 podk\u0142adu: p\u0142yta pil\u015bniowa (HDF)<\/p>\n<p>&#8211; Obraz gotowy do zawieszenia<\/p>\n<p>Ka\u017cdy produkt jest materia\u0142em naturalnym, kt\u00f3ry r\u00f3\u017cni si\u0119 od siebie wielko\u015bci\u0105, struktur\u0105, faktur\u0105 &#8211; ka\u017cdy jest inny, nieregularny.<\/p>\n<p>Przyst\u0119pujemy do tworzenia ozd\u00f3b po ich zam\u00f3wieniu online, czas realizacji zam\u00f3wienia trwa 3 dni robocze.<\/p>\n<p>Je\u017celi zale\u017cy Pa\u0144stwu na szybszej wysy\u0142ce, prosimy o kontakt.<\/p>\n","protected":false},"excerpt":{"rendered":"<p><b>Obraz na \u015blub lub rocznic\u0119, z napisem &#8222;Razem tworzymy Nasze wsp\u00f3lne szcz\u0119\u015bcie&#8221;<\/b><\/p>\n<p>Drzewa w kole to \u015bwietna propozycja dla os\u00f3b, kt\u00f3re szukaj\u0105 ciekawego pomys\u0142u na prezent.\u00a0 Nasze obrazy zdobione chrobotkiem reniferowym s\u0105 naturalne i z pewno\u015bci\u0105 zrobi\u0105 wra\u017cenie na go\u015bciach lub klientach. Drzewa sprawdz\u0105 si\u0119 r\u00f3wnie\u017c jako idealny prezent na wiele okazji.<\/p>\n","protected":false},"featured_media":3621,"template":"","meta":{"site-sidebar-layout":"default","site-content-layout":"default","ast-site-content-layout":"default","site-content-style":"default","site-sidebar-style":"default","ast-global-header-display":"","ast-banner-title-visibility":"","ast-main-header-display":"","ast-hfb-above-header-display":"","ast-hfb-below-header-display":"","ast-hfb-mobile-header-display":"","site-post-title":"","ast-breadcrumbs-content":"","ast-featured-img":"","footer-sml-layout":"","theme-transparent-header-meta":"default","adv-header-id-meta":"","stick-header-meta":"","header-above-stick-meta":"","header-main-stick-meta":"","header-below-stick-meta":"","astra-migrate-meta-layouts":"set","ast-page-background-enabled":"default","ast-page-background-meta":{"desktop":{"background-color":"","background-image":"","background-repeat":"repeat","background-position":"center center","background-size":"auto","background-attachment":"scroll","background-type":"","background-media":"","overlay-type":"","overlay-color":"","overlay-opacity":"","overlay-gradient":""},"tablet":{"background-color":"","background-image":"","background-repeat":"repeat","background-position":"center center","background-size":"auto","background-attachment":"scroll","background-type":"","background-media":"","overlay-type":"","overlay-color":"","overlay-opacity":"","overlay-gradient":""},"mobile":{"background-color":"","background-image":"","background-repeat":"repeat","background-position":"center center","background-size":"auto","background-attachment":"scroll","background-type":"","background-media":"","overlay-type":"","overlay-color":"","overlay-opacity":"","overlay-gradient":""}},"ast-content-background-meta":{"desktop":{"background-color":"var(--ast-global-color-5)","background-image":"","background-repeat":"repeat","background-position":"center center","background-size":"auto","background-attachment":"scroll","background-type":"","background-media":"","overlay-type":"","overlay-color":"","overlay-opacity":"","overlay-gradient":""},"tablet":{"background-color":"var(--ast-global-color-5)","background-image":"","background-repeat":"repeat","background-position":"center center","background-size":"auto","background-attachment":"scroll","background-type":"","background-media":"","overlay-type":"","overlay-color":"","overlay-opacity":"","overlay-gradient":""},"mobile":{"background-color":"var(--ast-global-color-5)","background-image":"","background-repeat":"repeat","background-position":"center center","background-size":"auto","background-attachment":"scroll","background-type":"","background-media":"","overlay-type":"","overlay-color":"","overlay-opacity":"","overlay-gradient":""}}},"product_brand":[],"product_cat":[33,121,53,42,93],"product_tag":[],"class_list":{"0":"post-3616","1":"product","2":"type-product","3":"status-publish","4":"has-post-thumbnail","6":"product_cat-drzewa-z-chrobotkiem","7":"product_cat-karta-mieszkanca-gminy-kolobrzeg","8":"product_cat-prezenty-na-slub-z-mchem","9":"product_cat-obrazy-z-chrobotkiem","10":"product_cat-ok-poznan","11":"desktop-align-left","12":"tablet-align-left","13":"mobile-align-left","15":"first","16":"instock","17":"taxable","18":"shipping-taxable","19":"purchasable","20":"product-type-simple"},"yoast_head":"<!-- This site is optimized with the Yoast SEO plugin v27.4 - https:\/\/yoast.com\/product\/yoast-seo-wordpress\/ -->\n<title>Drzewo chrobotek reniferowy, prezent na \u015blub, rocznic\u0119, 39cm - Ozdoby i prezenty z mchu | #u\u015bMECHnij si\u0119!<\/title>\n<meta name=\"description\" content=\"Obraz na \u015blub lub rocznic\u0119, z napisem &quot;Razem tworzymy Nasze wsp\u00f3lne szcz\u0119\u015bcie&quot;. Idealnie sprawdzi si\u0119 jako prezent dla zakochanych.\" \/>\n<meta name=\"robots\" content=\"index, follow, max-snippet:-1, max-image-preview:large, max-video-preview:-1\" \/>\n<link rel=\"canonical\" href=\"https:\/\/greenowacja.pl\/produkt\/prezent-slu-para-w-39cm\/\" \/>\n<meta property=\"og:locale\" content=\"pl_PL\" \/>\n<meta property=\"og:type\" content=\"article\" \/>\n<meta property=\"og:title\" content=\"Drzewo chrobotek reniferowy, prezent na \u015blub, rocznic\u0119, 39cm - Ozdoby i prezenty z mchu | #u\u015bMECHnij si\u0119!\" \/>\n<meta property=\"og:description\" content=\"Obraz na \u015blub lub rocznic\u0119, z napisem &quot;Razem tworzymy Nasze wsp\u00f3lne szcz\u0119\u015bcie&quot;. Idealnie sprawdzi si\u0119 jako prezent dla zakochanych.\" \/>\n<meta property=\"og:url\" content=\"https:\/\/greenowacja.pl\/produkt\/prezent-slu-para-w-39cm\/\" \/>\n<meta property=\"og:site_name\" content=\"Ozdoby i prezenty z mchu | #u\u015bMECHnij si\u0119!\" \/>\n<meta property=\"article:publisher\" content=\"https:\/\/www.facebook.com\/Greenowacja\" \/>\n<meta property=\"article:modified_time\" content=\"2026-04-25T09:12:20+00:00\" \/>\n<meta property=\"og:image\" content=\"https:\/\/greenowacja.pl\/wp-content\/uploads\/2023\/10\/zdjecie-slubne-e1708771092182.jpg\" \/>\n\t<meta property=\"og:image:width\" content=\"1094\" \/>\n\t<meta property=\"og:image:height\" content=\"1026\" \/>\n\t<meta property=\"og:image:type\" content=\"image\/jpeg\" \/>\n<meta name=\"twitter:card\" content=\"summary_large_image\" \/>\n<meta name=\"twitter:label1\" content=\"Szacowany czas czytania\" \/>\n\t<meta name=\"twitter:data1\" content=\"2 minuty\" \/>\n<script type=\"application\/ld+json\" class=\"yoast-schema-graph\">{\"@context\":\"https:\\\/\\\/schema.org\",\"@graph\":[{\"@type\":\"WebPage\",\"@id\":\"https:\\\/\\\/greenowacja.pl\\\/produkt\\\/prezent-slu-para-w-39cm\\\/\",\"url\":\"https:\\\/\\\/greenowacja.pl\\\/produkt\\\/prezent-slu-para-w-39cm\\\/\",\"name\":\"Drzewo chrobotek reniferowy, prezent na \u015blub, rocznic\u0119, 39cm - Ozdoby i prezenty z mchu | #u\u015bMECHnij si\u0119!\",\"isPartOf\":{\"@id\":\"https:\\\/\\\/greenowacja.pl\\\/#website\"},\"primaryImageOfPage\":{\"@id\":\"https:\\\/\\\/greenowacja.pl\\\/produkt\\\/prezent-slu-para-w-39cm\\\/#primaryimage\"},\"image\":{\"@id\":\"https:\\\/\\\/greenowacja.pl\\\/produkt\\\/prezent-slu-para-w-39cm\\\/#primaryimage\"},\"thumbnailUrl\":\"https:\\\/\\\/greenowacja.pl\\\/wp-content\\\/uploads\\\/2023\\\/10\\\/zdjecie-slubne-e1708771092182.jpg\",\"datePublished\":\"2023-10-11T14:50:02+00:00\",\"dateModified\":\"2026-04-25T09:12:20+00:00\",\"description\":\"Obraz na \u015blub lub rocznic\u0119, z napisem \\\"Razem tworzymy Nasze wsp\u00f3lne szcz\u0119\u015bcie\\\". Idealnie sprawdzi si\u0119 jako prezent dla zakochanych.\",\"breadcrumb\":{\"@id\":\"https:\\\/\\\/greenowacja.pl\\\/produkt\\\/prezent-slu-para-w-39cm\\\/#breadcrumb\"},\"inLanguage\":\"pl-PL\",\"potentialAction\":[{\"@type\":\"ReadAction\",\"target\":[\"https:\\\/\\\/greenowacja.pl\\\/produkt\\\/prezent-slu-para-w-39cm\\\/\"]}]},{\"@type\":\"ImageObject\",\"inLanguage\":\"pl-PL\",\"@id\":\"https:\\\/\\\/greenowacja.pl\\\/produkt\\\/prezent-slu-para-w-39cm\\\/#primaryimage\",\"url\":\"https:\\\/\\\/greenowacja.pl\\\/wp-content\\\/uploads\\\/2023\\\/10\\\/zdjecie-slubne-e1708771092182.jpg\",\"contentUrl\":\"https:\\\/\\\/greenowacja.pl\\\/wp-content\\\/uploads\\\/2023\\\/10\\\/zdjecie-slubne-e1708771092182.jpg\",\"width\":1094,\"height\":1026},{\"@type\":\"BreadcrumbList\",\"@id\":\"https:\\\/\\\/greenowacja.pl\\\/produkt\\\/prezent-slu-para-w-39cm\\\/#breadcrumb\",\"itemListElement\":[{\"@type\":\"ListItem\",\"position\":1,\"name\":\"Strona g\u0142\u00f3wna\",\"item\":\"https:\\\/\\\/greenowacja.pl\\\/\"},{\"@type\":\"ListItem\",\"position\":2,\"name\":\"Sklep\",\"item\":\"https:\\\/\\\/greenowacja.pl\\\/sklep-z-mchem-chrobotkiem\\\/\"},{\"@type\":\"ListItem\",\"position\":3,\"name\":\"Drzewo chrobotek reniferowy, prezent na \u015blub, rocznic\u0119, 39cm\"}]},{\"@type\":\"WebSite\",\"@id\":\"https:\\\/\\\/greenowacja.pl\\\/#website\",\"url\":\"https:\\\/\\\/greenowacja.pl\\\/\",\"name\":\"Ozdoby i prezenty z mchu | #u\u015bMECHnij si\u0119!\",\"description\":\"\",\"publisher\":{\"@id\":\"https:\\\/\\\/greenowacja.pl\\\/#organization\"},\"potentialAction\":[{\"@type\":\"SearchAction\",\"target\":{\"@type\":\"EntryPoint\",\"urlTemplate\":\"https:\\\/\\\/greenowacja.pl\\\/?s={search_term_string}\"},\"query-input\":{\"@type\":\"PropertyValueSpecification\",\"valueRequired\":true,\"valueName\":\"search_term_string\"}}],\"inLanguage\":\"pl-PL\"},{\"@type\":\"Organization\",\"@id\":\"https:\\\/\\\/greenowacja.pl\\\/#organization\",\"name\":\"Ozdoby i prezenty z mchu | #u\u015bMECHnij si\u0119!\",\"url\":\"https:\\\/\\\/greenowacja.pl\\\/\",\"logo\":{\"@type\":\"ImageObject\",\"inLanguage\":\"pl-PL\",\"@id\":\"https:\\\/\\\/greenowacja.pl\\\/#\\\/schema\\\/logo\\\/image\\\/\",\"url\":\"https:\\\/\\\/greenowacja.pl\\\/wp-content\\\/uploads\\\/2023\\\/08\\\/Logo-Greenowacja-wer-z-claimem-pozioma-2-kolory_Easy-Resize.com_.jpg\",\"contentUrl\":\"https:\\\/\\\/greenowacja.pl\\\/wp-content\\\/uploads\\\/2023\\\/08\\\/Logo-Greenowacja-wer-z-claimem-pozioma-2-kolory_Easy-Resize.com_.jpg\",\"width\":1280,\"height\":426,\"caption\":\"Ozdoby i prezenty z mchu | #u\u015bMECHnij si\u0119!\"},\"image\":{\"@id\":\"https:\\\/\\\/greenowacja.pl\\\/#\\\/schema\\\/logo\\\/image\\\/\"},\"sameAs\":[\"https:\\\/\\\/www.facebook.com\\\/Greenowacja\",\"https:\\\/\\\/www.instagram.com\\\/greenowacja\\\/\"]}]}<\/script>\n<!-- \/ Yoast SEO plugin. -->","yoast_head_json":{"title":"Drzewo chrobotek reniferowy, prezent na \u015blub, rocznic\u0119, 39cm - Ozdoby i prezenty z mchu | #u\u015bMECHnij si\u0119!","description":"Obraz na \u015blub lub rocznic\u0119, z napisem \"Razem tworzymy Nasze wsp\u00f3lne szcz\u0119\u015bcie\". Idealnie sprawdzi si\u0119 jako prezent dla zakochanych.","robots":{"index":"index","follow":"follow","max-snippet":"max-snippet:-1","max-image-preview":"max-image-preview:large","max-video-preview":"max-video-preview:-1"},"canonical":"https:\/\/greenowacja.pl\/produkt\/prezent-slu-para-w-39cm\/","og_locale":"pl_PL","og_type":"article","og_title":"Drzewo chrobotek reniferowy, prezent na \u015blub, rocznic\u0119, 39cm - Ozdoby i prezenty z mchu | #u\u015bMECHnij si\u0119!","og_description":"Obraz na \u015blub lub rocznic\u0119, z napisem \"Razem tworzymy Nasze wsp\u00f3lne szcz\u0119\u015bcie\". Idealnie sprawdzi si\u0119 jako prezent dla zakochanych.","og_url":"https:\/\/greenowacja.pl\/produkt\/prezent-slu-para-w-39cm\/","og_site_name":"Ozdoby i prezenty z mchu | #u\u015bMECHnij si\u0119!","article_publisher":"https:\/\/www.facebook.com\/Greenowacja","article_modified_time":"2026-04-25T09:12:20+00:00","og_image":[{"width":1094,"height":1026,"url":"https:\/\/greenowacja.pl\/wp-content\/uploads\/2023\/10\/zdjecie-slubne-e1708771092182.jpg","type":"image\/jpeg"}],"twitter_card":"summary_large_image","twitter_misc":{"Szacowany czas czytania":"2 minuty"},"schema":{"@context":"https:\/\/schema.org","@graph":[{"@type":"WebPage","@id":"https:\/\/greenowacja.pl\/produkt\/prezent-slu-para-w-39cm\/","url":"https:\/\/greenowacja.pl\/produkt\/prezent-slu-para-w-39cm\/","name":"Drzewo chrobotek reniferowy, prezent na \u015blub, rocznic\u0119, 39cm - Ozdoby i prezenty z mchu | #u\u015bMECHnij si\u0119!","isPartOf":{"@id":"https:\/\/greenowacja.pl\/#website"},"primaryImageOfPage":{"@id":"https:\/\/greenowacja.pl\/produkt\/prezent-slu-para-w-39cm\/#primaryimage"},"image":{"@id":"https:\/\/greenowacja.pl\/produkt\/prezent-slu-para-w-39cm\/#primaryimage"},"thumbnailUrl":"https:\/\/greenowacja.pl\/wp-content\/uploads\/2023\/10\/zdjecie-slubne-e1708771092182.jpg","datePublished":"2023-10-11T14:50:02+00:00","dateModified":"2026-04-25T09:12:20+00:00","description":"Obraz na \u015blub lub rocznic\u0119, z napisem \"Razem tworzymy Nasze wsp\u00f3lne szcz\u0119\u015bcie\". Idealnie sprawdzi si\u0119 jako prezent dla zakochanych.","breadcrumb":{"@id":"https:\/\/greenowacja.pl\/produkt\/prezent-slu-para-w-39cm\/#breadcrumb"},"inLanguage":"pl-PL","potentialAction":[{"@type":"ReadAction","target":["https:\/\/greenowacja.pl\/produkt\/prezent-slu-para-w-39cm\/"]}]},{"@type":"ImageObject","inLanguage":"pl-PL","@id":"https:\/\/greenowacja.pl\/produkt\/prezent-slu-para-w-39cm\/#primaryimage","url":"https:\/\/greenowacja.pl\/wp-content\/uploads\/2023\/10\/zdjecie-slubne-e1708771092182.jpg","contentUrl":"https:\/\/greenowacja.pl\/wp-content\/uploads\/2023\/10\/zdjecie-slubne-e1708771092182.jpg","width":1094,"height":1026},{"@type":"BreadcrumbList","@id":"https:\/\/greenowacja.pl\/produkt\/prezent-slu-para-w-39cm\/#breadcrumb","itemListElement":[{"@type":"ListItem","position":1,"name":"Strona g\u0142\u00f3wna","item":"https:\/\/greenowacja.pl\/"},{"@type":"ListItem","position":2,"name":"Sklep","item":"https:\/\/greenowacja.pl\/sklep-z-mchem-chrobotkiem\/"},{"@type":"ListItem","position":3,"name":"Drzewo chrobotek reniferowy, prezent na \u015blub, rocznic\u0119, 39cm"}]},{"@type":"WebSite","@id":"https:\/\/greenowacja.pl\/#website","url":"https:\/\/greenowacja.pl\/","name":"Ozdoby i prezenty z mchu | #u\u015bMECHnij si\u0119!","description":"","publisher":{"@id":"https:\/\/greenowacja.pl\/#organization"},"potentialAction":[{"@type":"SearchAction","target":{"@type":"EntryPoint","urlTemplate":"https:\/\/greenowacja.pl\/?s={search_term_string}"},"query-input":{"@type":"PropertyValueSpecification","valueRequired":true,"valueName":"search_term_string"}}],"inLanguage":"pl-PL"},{"@type":"Organization","@id":"https:\/\/greenowacja.pl\/#organization","name":"Ozdoby i prezenty z mchu | #u\u015bMECHnij si\u0119!","url":"https:\/\/greenowacja.pl\/","logo":{"@type":"ImageObject","inLanguage":"pl-PL","@id":"https:\/\/greenowacja.pl\/#\/schema\/logo\/image\/","url":"https:\/\/greenowacja.pl\/wp-content\/uploads\/2023\/08\/Logo-Greenowacja-wer-z-claimem-pozioma-2-kolory_Easy-Resize.com_.jpg","contentUrl":"https:\/\/greenowacja.pl\/wp-content\/uploads\/2023\/08\/Logo-Greenowacja-wer-z-claimem-pozioma-2-kolory_Easy-Resize.com_.jpg","width":1280,"height":426,"caption":"Ozdoby i prezenty z mchu | #u\u015bMECHnij si\u0119!"},"image":{"@id":"https:\/\/greenowacja.pl\/#\/schema\/logo\/image\/"},"sameAs":["https:\/\/www.facebook.com\/Greenowacja","https:\/\/www.instagram.com\/greenowacja\/"]}]}},"_links":{"self":[{"href":"https:\/\/greenowacja.pl\/wp-json\/wp\/v2\/product\/3616","targetHints":{"allow":["GET"]}}],"collection":[{"href":"https:\/\/greenowacja.pl\/wp-json\/wp\/v2\/product"}],"about":[{"href":"https:\/\/greenowacja.pl\/wp-json\/wp\/v2\/types\/product"}],"wp:featuredmedia":[{"embeddable":true,"href":"https:\/\/greenowacja.pl\/wp-json\/wp\/v2\/media\/3621"}],"wp:attachment":[{"href":"https:\/\/greenowacja.pl\/wp-json\/wp\/v2\/media?parent=3616"}],"wp:term":[{"taxonomy":"product_brand","embeddable":true,"href":"https:\/\/greenowacja.pl\/wp-json\/wp\/v2\/product_brand?post=3616"},{"taxonomy":"product_cat","embeddable":true,"href":"https:\/\/greenowacja.pl\/wp-json\/wp\/v2\/product_cat?post=3616"},{"taxonomy":"product_tag","embeddable":true,"href":"https:\/\/greenowacja.pl\/wp-json\/wp\/v2\/product_tag?post=3616"}],"curies":[{"name":"wp","href":"https:\/\/api.w.org\/{rel}","templated":true}]}}