{"id":3683,"date":"2023-10-16T19:37:30","date_gmt":"2023-10-16T17:37:30","guid":{"rendered":"https:\/\/greenowacja.pl\/?post_type=product&#038;p=3683"},"modified":"2026-04-25T11:27:38","modified_gmt":"2026-04-25T09:27:38","slug":"zegar-drzewo-baobab-cyfry-rzymskie-39cm","status":"publish","type":"product","link":"https:\/\/greenowacja.pl\/produkt\/zegar-drzewo-baobab-cyfry-rzymskie-39cm\/","title":{"rendered":"Zegar z mchem, drzewo baobab, cyfry rzymskie,  39cm"},"content":{"rendered":"<h2>Zegar drzewo baobab z chrobotkiem.<\/h2>\n<p>Zegar drzewo baobab z chrobotkiem to pi\u0119kna i funkcjonalna ozdoba ka\u017cdego wn\u0119trza. Do stworzenia naszego r\u0119kodzie\u0142a u\u017cywany jest porost chrobotek reniferowy, pochodz\u0105cy ze Skandynawii. Chrobotek jest poddany procesowi stabilizacji, dzi\u0119ki kt\u00f3remu \u00a0ju\u017c nie ro\u015bnie i mo\u017ce by\u0107 pi\u0119kny nawet przez 8 &#8211; 10 lat. Stabilizacja mchu\u00a0polega na\u00a0pozbawieniu mchu wszystkich funkcji \u017cyciowych bez negatywnych skutk\u00f3w wizualnych. To stan bardzo podobny do hibernacji.<\/p>\n<p><strong>Produkty poddane procesowi stabilizacji nie s\u0105 \u017cywe &#8211; Nie rozrastaj\u0105 si\u0119!<\/strong><\/p>\n<p>&nbsp;<\/p>\n<p><strong>Wskaz\u00f3wki:<\/strong><\/p>\n<ul>\n<li><strong>nie podlewaj go ani nie zraszaj,<\/strong><\/li>\n<li>chrobotek lubi <strong>wilgotno\u015b\u0107 powietrza 40-60%,<\/strong> je\u017celi zrobi si\u0119 szorstki i kruchy, zanie\u015b ozdob\u0119 na kilka dni do \u0142azienki, a odzyska spr\u0119\u017cysto\u015b\u0107,<\/li>\n<li>umie\u015b\u0107 go w znacznej odleg\u0142o\u015bci od \u017ar\u00f3de\u0142 ciep\u0142a i \u015bwiat\u0142a,<\/li>\n<li>je\u017celi osi\u0105dzie na nim kurz, delikatnie zbierz go rolk\u0105 do czyszczenia odzie\u017cy.<\/li>\n<\/ul>\n<p>Do ka\u017cdego zam\u00f3wienia jest dodawana instrukcja z wytycznymi jak zajmowa\u0107 si\u0119 ozdobami z chrobotka.<\/p>\n<p>&nbsp;<\/p>\n<p><strong>Dane techniczne:<\/strong><\/p>\n<p>&#8211; \u015arednica drzewka: 39cm<\/p>\n<p>&#8211; Zegar drzewo baobab z chrobotkiem, posiada tarcz\u0119 w wersji z cyframi rzymskimi.<\/p>\n<p>&#8211; Materia\u0142 podk\u0142adu: p\u0142yta pil\u015bniowa (HDF)<\/p>\n<p>&#8211; Zegar gotowy do zawieszenia, z ty\u0142u posiada haczyk.<\/p>\n<p>Mech jest materia\u0142em naturalnym, kt\u00f3ry r\u00f3\u017cni si\u0119 od siebie wielko\u015bci\u0105, struktur\u0105, faktur\u0105 &#8211; ka\u017cdy jest inny, nieregularny.<\/p>\n<p>Przyst\u0119pujemy do tworzenia ozd\u00f3b od razu po ich zam\u00f3wieniu online, czas realizacji zam\u00f3wienia trwa 3 dni robocze.<\/p>\n<p>Na zako\u0144czenie, je\u017celi zale\u017cy Pa\u0144stwu na szybszej wysy\u0142ce, prosimy o <a href=\"https:\/\/greenowacja.pl\/sklep-z-mchem-poznan\/\">kontakt<\/a> telefoniczny.<\/p>\n","protected":false},"excerpt":{"rendered":"<p>Drzewo baobab z cyframi rzymskimi. Nasze zegary zdobione chrobotkiem reniferowym pochodzenia naturalnego z pewno\u015bci\u0105 zrobi\u0105 wra\u017cenie na go\u015bciach lub klientach. Mechanizmy naszych zegar\u00f3w posiadaj\u0105 cichy bieg. Zegary sprawdz\u0105 si\u0119 r\u00f3wnie\u017c jako idealny prezent na wiele okazji. Zegar posiada tarcz\u0119 w wersji z cyframi rzymskimi.<\/p>\n","protected":false},"featured_media":3673,"template":"","meta":{"site-sidebar-layout":"default","site-content-layout":"default","ast-site-content-layout":"default","site-content-style":"default","site-sidebar-style":"default","ast-global-header-display":"","ast-banner-title-visibility":"","ast-main-header-display":"","ast-hfb-above-header-display":"","ast-hfb-below-header-display":"","ast-hfb-mobile-header-display":"","site-post-title":"","ast-breadcrumbs-content":"","ast-featured-img":"","footer-sml-layout":"","theme-transparent-header-meta":"default","adv-header-id-meta":"","stick-header-meta":"","header-above-stick-meta":"","header-main-stick-meta":"","header-below-stick-meta":"","astra-migrate-meta-layouts":"set","ast-page-background-enabled":"default","ast-page-background-meta":{"desktop":{"background-color":"","background-image":"","background-repeat":"repeat","background-position":"center center","background-size":"auto","background-attachment":"scroll","background-type":"","background-media":"","overlay-type":"","overlay-color":"","overlay-opacity":"","overlay-gradient":""},"tablet":{"background-color":"","background-image":"","background-repeat":"repeat","background-position":"center center","background-size":"auto","background-attachment":"scroll","background-type":"","background-media":"","overlay-type":"","overlay-color":"","overlay-opacity":"","overlay-gradient":""},"mobile":{"background-color":"","background-image":"","background-repeat":"repeat","background-position":"center center","background-size":"auto","background-attachment":"scroll","background-type":"","background-media":"","overlay-type":"","overlay-color":"","overlay-opacity":"","overlay-gradient":""}},"ast-content-background-meta":{"desktop":{"background-color":"var(--ast-global-color-5)","background-image":"","background-repeat":"repeat","background-position":"center center","background-size":"auto","background-attachment":"scroll","background-type":"","background-media":"","overlay-type":"","overlay-color":"","overlay-opacity":"","overlay-gradient":""},"tablet":{"background-color":"var(--ast-global-color-5)","background-image":"","background-repeat":"repeat","background-position":"center center","background-size":"auto","background-attachment":"scroll","background-type":"","background-media":"","overlay-type":"","overlay-color":"","overlay-opacity":"","overlay-gradient":""},"mobile":{"background-color":"var(--ast-global-color-5)","background-image":"","background-repeat":"repeat","background-position":"center center","background-size":"auto","background-attachment":"scroll","background-type":"","background-media":"","overlay-type":"","overlay-color":"","overlay-opacity":"","overlay-gradient":""}}},"product_brand":[],"product_cat":[81,121,93,52],"product_tag":[],"class_list":{"0":"post-3683","1":"product","2":"type-product","3":"status-publish","4":"has-post-thumbnail","6":"product_cat-dla-milosnikow-zwierzat","7":"product_cat-karta-mieszkanca-gminy-kolobrzeg","8":"product_cat-ok-poznan","9":"product_cat-zegary-z-mechem","10":"desktop-align-left","11":"tablet-align-left","12":"mobile-align-left","14":"first","15":"instock","16":"taxable","17":"shipping-taxable","18":"purchasable","19":"product-type-simple"},"yoast_head":"<!-- This site is optimized with the Yoast SEO plugin v27.4 - https:\/\/yoast.com\/product\/yoast-seo-wordpress\/ -->\n<title>Zegar drzewo baobab z chrobotkiem<\/title>\n<meta name=\"description\" content=\"Zegar drzewo baobab z chrobotkiem. Zegar \u015bcienny wykonany z chrobotka reniferowego. Zegar z &quot;mchu&quot; b\u0119dzie idealn\u0105 ozdob\u0105 twojego domu.\" \/>\n<meta name=\"robots\" content=\"index, follow, max-snippet:-1, max-image-preview:large, max-video-preview:-1\" \/>\n<link rel=\"canonical\" href=\"https:\/\/greenowacja.pl\/produkt\/zegar-drzewo-baobab-cyfry-rzymskie-39cm\/\" \/>\n<meta property=\"og:locale\" content=\"pl_PL\" \/>\n<meta property=\"og:type\" content=\"article\" \/>\n<meta property=\"og:title\" content=\"Zegar drzewo baobab z chrobotkiem\" \/>\n<meta property=\"og:description\" content=\"Zegar drzewo baobab z chrobotkiem. Zegar \u015bcienny wykonany z chrobotka reniferowego. Zegar z &quot;mchu&quot; b\u0119dzie idealn\u0105 ozdob\u0105 twojego domu.\" \/>\n<meta property=\"og:url\" content=\"https:\/\/greenowacja.pl\/produkt\/zegar-drzewo-baobab-cyfry-rzymskie-39cm\/\" \/>\n<meta property=\"og:site_name\" content=\"Ozdoby i prezenty z mchu | #u\u015bMECHnij si\u0119!\" \/>\n<meta property=\"article:publisher\" content=\"https:\/\/www.facebook.com\/Greenowacja\" \/>\n<meta property=\"article:modified_time\" content=\"2026-04-25T09:27:38+00:00\" \/>\n<meta property=\"og:image\" content=\"https:\/\/greenowacja.pl\/wp-content\/uploads\/2023\/10\/baobab-zegar-rzymsk-e1697477933713.jpg\" \/>\n\t<meta property=\"og:image:width\" content=\"1064\" \/>\n\t<meta property=\"og:image:height\" content=\"998\" \/>\n\t<meta property=\"og:image:type\" content=\"image\/jpeg\" \/>\n<meta name=\"twitter:card\" content=\"summary_large_image\" \/>\n<meta name=\"twitter:label1\" content=\"Szacowany czas czytania\" \/>\n\t<meta name=\"twitter:data1\" content=\"2 minuty\" \/>\n<script type=\"application\/ld+json\" class=\"yoast-schema-graph\">{\"@context\":\"https:\\\/\\\/schema.org\",\"@graph\":[{\"@type\":\"WebPage\",\"@id\":\"https:\\\/\\\/greenowacja.pl\\\/produkt\\\/zegar-drzewo-baobab-cyfry-rzymskie-39cm\\\/\",\"url\":\"https:\\\/\\\/greenowacja.pl\\\/produkt\\\/zegar-drzewo-baobab-cyfry-rzymskie-39cm\\\/\",\"name\":\"Zegar drzewo baobab z chrobotkiem\",\"isPartOf\":{\"@id\":\"https:\\\/\\\/greenowacja.pl\\\/#website\"},\"primaryImageOfPage\":{\"@id\":\"https:\\\/\\\/greenowacja.pl\\\/produkt\\\/zegar-drzewo-baobab-cyfry-rzymskie-39cm\\\/#primaryimage\"},\"image\":{\"@id\":\"https:\\\/\\\/greenowacja.pl\\\/produkt\\\/zegar-drzewo-baobab-cyfry-rzymskie-39cm\\\/#primaryimage\"},\"thumbnailUrl\":\"https:\\\/\\\/greenowacja.pl\\\/wp-content\\\/uploads\\\/2023\\\/10\\\/baobab-zegar-rzymsk-e1697477933713.jpg\",\"datePublished\":\"2023-10-16T17:37:30+00:00\",\"dateModified\":\"2026-04-25T09:27:38+00:00\",\"description\":\"Zegar drzewo baobab z chrobotkiem. Zegar \u015bcienny wykonany z chrobotka reniferowego. Zegar z \\\"mchu\\\" b\u0119dzie idealn\u0105 ozdob\u0105 twojego domu.\",\"breadcrumb\":{\"@id\":\"https:\\\/\\\/greenowacja.pl\\\/produkt\\\/zegar-drzewo-baobab-cyfry-rzymskie-39cm\\\/#breadcrumb\"},\"inLanguage\":\"pl-PL\",\"potentialAction\":[{\"@type\":\"ReadAction\",\"target\":[\"https:\\\/\\\/greenowacja.pl\\\/produkt\\\/zegar-drzewo-baobab-cyfry-rzymskie-39cm\\\/\"]}]},{\"@type\":\"ImageObject\",\"inLanguage\":\"pl-PL\",\"@id\":\"https:\\\/\\\/greenowacja.pl\\\/produkt\\\/zegar-drzewo-baobab-cyfry-rzymskie-39cm\\\/#primaryimage\",\"url\":\"https:\\\/\\\/greenowacja.pl\\\/wp-content\\\/uploads\\\/2023\\\/10\\\/baobab-zegar-rzymsk-e1697477933713.jpg\",\"contentUrl\":\"https:\\\/\\\/greenowacja.pl\\\/wp-content\\\/uploads\\\/2023\\\/10\\\/baobab-zegar-rzymsk-e1697477933713.jpg\",\"width\":1064,\"height\":998,\"caption\":\"zegar drzewo baobab z chrobotkiem\"},{\"@type\":\"BreadcrumbList\",\"@id\":\"https:\\\/\\\/greenowacja.pl\\\/produkt\\\/zegar-drzewo-baobab-cyfry-rzymskie-39cm\\\/#breadcrumb\",\"itemListElement\":[{\"@type\":\"ListItem\",\"position\":1,\"name\":\"Strona g\u0142\u00f3wna\",\"item\":\"https:\\\/\\\/greenowacja.pl\\\/\"},{\"@type\":\"ListItem\",\"position\":2,\"name\":\"Sklep\",\"item\":\"https:\\\/\\\/greenowacja.pl\\\/sklep-z-mchem-chrobotkiem\\\/\"},{\"@type\":\"ListItem\",\"position\":3,\"name\":\"Zegar z mchem, drzewo baobab, cyfry rzymskie, 39cm\"}]},{\"@type\":\"WebSite\",\"@id\":\"https:\\\/\\\/greenowacja.pl\\\/#website\",\"url\":\"https:\\\/\\\/greenowacja.pl\\\/\",\"name\":\"Ozdoby i prezenty z mchu | #u\u015bMECHnij si\u0119!\",\"description\":\"\",\"publisher\":{\"@id\":\"https:\\\/\\\/greenowacja.pl\\\/#organization\"},\"potentialAction\":[{\"@type\":\"SearchAction\",\"target\":{\"@type\":\"EntryPoint\",\"urlTemplate\":\"https:\\\/\\\/greenowacja.pl\\\/?s={search_term_string}\"},\"query-input\":{\"@type\":\"PropertyValueSpecification\",\"valueRequired\":true,\"valueName\":\"search_term_string\"}}],\"inLanguage\":\"pl-PL\"},{\"@type\":\"Organization\",\"@id\":\"https:\\\/\\\/greenowacja.pl\\\/#organization\",\"name\":\"Ozdoby i prezenty z mchu | #u\u015bMECHnij si\u0119!\",\"url\":\"https:\\\/\\\/greenowacja.pl\\\/\",\"logo\":{\"@type\":\"ImageObject\",\"inLanguage\":\"pl-PL\",\"@id\":\"https:\\\/\\\/greenowacja.pl\\\/#\\\/schema\\\/logo\\\/image\\\/\",\"url\":\"https:\\\/\\\/greenowacja.pl\\\/wp-content\\\/uploads\\\/2023\\\/08\\\/Logo-Greenowacja-wer-z-claimem-pozioma-2-kolory_Easy-Resize.com_.jpg\",\"contentUrl\":\"https:\\\/\\\/greenowacja.pl\\\/wp-content\\\/uploads\\\/2023\\\/08\\\/Logo-Greenowacja-wer-z-claimem-pozioma-2-kolory_Easy-Resize.com_.jpg\",\"width\":1280,\"height\":426,\"caption\":\"Ozdoby i prezenty z mchu | #u\u015bMECHnij si\u0119!\"},\"image\":{\"@id\":\"https:\\\/\\\/greenowacja.pl\\\/#\\\/schema\\\/logo\\\/image\\\/\"},\"sameAs\":[\"https:\\\/\\\/www.facebook.com\\\/Greenowacja\",\"https:\\\/\\\/www.instagram.com\\\/greenowacja\\\/\"]}]}<\/script>\n<!-- \/ Yoast SEO plugin. -->","yoast_head_json":{"title":"Zegar drzewo baobab z chrobotkiem","description":"Zegar drzewo baobab z chrobotkiem. Zegar \u015bcienny wykonany z chrobotka reniferowego. Zegar z \"mchu\" b\u0119dzie idealn\u0105 ozdob\u0105 twojego domu.","robots":{"index":"index","follow":"follow","max-snippet":"max-snippet:-1","max-image-preview":"max-image-preview:large","max-video-preview":"max-video-preview:-1"},"canonical":"https:\/\/greenowacja.pl\/produkt\/zegar-drzewo-baobab-cyfry-rzymskie-39cm\/","og_locale":"pl_PL","og_type":"article","og_title":"Zegar drzewo baobab z chrobotkiem","og_description":"Zegar drzewo baobab z chrobotkiem. Zegar \u015bcienny wykonany z chrobotka reniferowego. Zegar z \"mchu\" b\u0119dzie idealn\u0105 ozdob\u0105 twojego domu.","og_url":"https:\/\/greenowacja.pl\/produkt\/zegar-drzewo-baobab-cyfry-rzymskie-39cm\/","og_site_name":"Ozdoby i prezenty z mchu | #u\u015bMECHnij si\u0119!","article_publisher":"https:\/\/www.facebook.com\/Greenowacja","article_modified_time":"2026-04-25T09:27:38+00:00","og_image":[{"width":1064,"height":998,"url":"https:\/\/greenowacja.pl\/wp-content\/uploads\/2023\/10\/baobab-zegar-rzymsk-e1697477933713.jpg","type":"image\/jpeg"}],"twitter_card":"summary_large_image","twitter_misc":{"Szacowany czas czytania":"2 minuty"},"schema":{"@context":"https:\/\/schema.org","@graph":[{"@type":"WebPage","@id":"https:\/\/greenowacja.pl\/produkt\/zegar-drzewo-baobab-cyfry-rzymskie-39cm\/","url":"https:\/\/greenowacja.pl\/produkt\/zegar-drzewo-baobab-cyfry-rzymskie-39cm\/","name":"Zegar drzewo baobab z chrobotkiem","isPartOf":{"@id":"https:\/\/greenowacja.pl\/#website"},"primaryImageOfPage":{"@id":"https:\/\/greenowacja.pl\/produkt\/zegar-drzewo-baobab-cyfry-rzymskie-39cm\/#primaryimage"},"image":{"@id":"https:\/\/greenowacja.pl\/produkt\/zegar-drzewo-baobab-cyfry-rzymskie-39cm\/#primaryimage"},"thumbnailUrl":"https:\/\/greenowacja.pl\/wp-content\/uploads\/2023\/10\/baobab-zegar-rzymsk-e1697477933713.jpg","datePublished":"2023-10-16T17:37:30+00:00","dateModified":"2026-04-25T09:27:38+00:00","description":"Zegar drzewo baobab z chrobotkiem. Zegar \u015bcienny wykonany z chrobotka reniferowego. Zegar z \"mchu\" b\u0119dzie idealn\u0105 ozdob\u0105 twojego domu.","breadcrumb":{"@id":"https:\/\/greenowacja.pl\/produkt\/zegar-drzewo-baobab-cyfry-rzymskie-39cm\/#breadcrumb"},"inLanguage":"pl-PL","potentialAction":[{"@type":"ReadAction","target":["https:\/\/greenowacja.pl\/produkt\/zegar-drzewo-baobab-cyfry-rzymskie-39cm\/"]}]},{"@type":"ImageObject","inLanguage":"pl-PL","@id":"https:\/\/greenowacja.pl\/produkt\/zegar-drzewo-baobab-cyfry-rzymskie-39cm\/#primaryimage","url":"https:\/\/greenowacja.pl\/wp-content\/uploads\/2023\/10\/baobab-zegar-rzymsk-e1697477933713.jpg","contentUrl":"https:\/\/greenowacja.pl\/wp-content\/uploads\/2023\/10\/baobab-zegar-rzymsk-e1697477933713.jpg","width":1064,"height":998,"caption":"zegar drzewo baobab z chrobotkiem"},{"@type":"BreadcrumbList","@id":"https:\/\/greenowacja.pl\/produkt\/zegar-drzewo-baobab-cyfry-rzymskie-39cm\/#breadcrumb","itemListElement":[{"@type":"ListItem","position":1,"name":"Strona g\u0142\u00f3wna","item":"https:\/\/greenowacja.pl\/"},{"@type":"ListItem","position":2,"name":"Sklep","item":"https:\/\/greenowacja.pl\/sklep-z-mchem-chrobotkiem\/"},{"@type":"ListItem","position":3,"name":"Zegar z mchem, drzewo baobab, cyfry rzymskie, 39cm"}]},{"@type":"WebSite","@id":"https:\/\/greenowacja.pl\/#website","url":"https:\/\/greenowacja.pl\/","name":"Ozdoby i prezenty z mchu | #u\u015bMECHnij si\u0119!","description":"","publisher":{"@id":"https:\/\/greenowacja.pl\/#organization"},"potentialAction":[{"@type":"SearchAction","target":{"@type":"EntryPoint","urlTemplate":"https:\/\/greenowacja.pl\/?s={search_term_string}"},"query-input":{"@type":"PropertyValueSpecification","valueRequired":true,"valueName":"search_term_string"}}],"inLanguage":"pl-PL"},{"@type":"Organization","@id":"https:\/\/greenowacja.pl\/#organization","name":"Ozdoby i prezenty z mchu | #u\u015bMECHnij si\u0119!","url":"https:\/\/greenowacja.pl\/","logo":{"@type":"ImageObject","inLanguage":"pl-PL","@id":"https:\/\/greenowacja.pl\/#\/schema\/logo\/image\/","url":"https:\/\/greenowacja.pl\/wp-content\/uploads\/2023\/08\/Logo-Greenowacja-wer-z-claimem-pozioma-2-kolory_Easy-Resize.com_.jpg","contentUrl":"https:\/\/greenowacja.pl\/wp-content\/uploads\/2023\/08\/Logo-Greenowacja-wer-z-claimem-pozioma-2-kolory_Easy-Resize.com_.jpg","width":1280,"height":426,"caption":"Ozdoby i prezenty z mchu | #u\u015bMECHnij si\u0119!"},"image":{"@id":"https:\/\/greenowacja.pl\/#\/schema\/logo\/image\/"},"sameAs":["https:\/\/www.facebook.com\/Greenowacja","https:\/\/www.instagram.com\/greenowacja\/"]}]}},"_links":{"self":[{"href":"https:\/\/greenowacja.pl\/wp-json\/wp\/v2\/product\/3683","targetHints":{"allow":["GET"]}}],"collection":[{"href":"https:\/\/greenowacja.pl\/wp-json\/wp\/v2\/product"}],"about":[{"href":"https:\/\/greenowacja.pl\/wp-json\/wp\/v2\/types\/product"}],"wp:featuredmedia":[{"embeddable":true,"href":"https:\/\/greenowacja.pl\/wp-json\/wp\/v2\/media\/3673"}],"wp:attachment":[{"href":"https:\/\/greenowacja.pl\/wp-json\/wp\/v2\/media?parent=3683"}],"wp:term":[{"taxonomy":"product_brand","embeddable":true,"href":"https:\/\/greenowacja.pl\/wp-json\/wp\/v2\/product_brand?post=3683"},{"taxonomy":"product_cat","embeddable":true,"href":"https:\/\/greenowacja.pl\/wp-json\/wp\/v2\/product_cat?post=3683"},{"taxonomy":"product_tag","embeddable":true,"href":"https:\/\/greenowacja.pl\/wp-json\/wp\/v2\/product_tag?post=3683"}],"curies":[{"name":"wp","href":"https:\/\/api.w.org\/{rel}","templated":true}]}}