{"id":3749,"date":"2023-10-23T11:41:43","date_gmt":"2023-10-23T09:41:43","guid":{"rendered":"https:\/\/greenowacja.pl\/?post_type=product&#038;p=3749"},"modified":"2026-04-25T11:42:16","modified_gmt":"2026-04-25T09:42:16","slug":"doniczka-z-okularami-prezent-na-gwiazdke","status":"publish","type":"product","link":"https:\/\/greenowacja.pl\/produkt\/doniczka-z-okularami-prezent-na-gwiazdke\/","title":{"rendered":"Doniczka z okularami ma\u0142a, ozdobiona mchem i kwiatkami &#8211; prezent \u015bwi\u0105teczny"},"content":{"rendered":"<p>\ud83c\udf84 <strong>Doniczka z Okularami \u2013 Weso\u0142y Prezent \u015awi\u0105teczny<\/strong> \ud83c\udf84<\/p>\n<p>Szukasz zabawnego i oryginalnego prezentu na \u015awi\u0119ta? Nasza <strong>Doniczka z Okularami<\/strong> ozdobiona chrobotkiem reniferowym to doskona\u0142y wyb\u00f3r! Ta unikalna ozdoba, przypominaj\u0105ca twarz z okularami, doda uroku ka\u017cdemu wn\u0119trzu i wprowadzi odrobin\u0119 humoru. Idealna na biurko, do salonu, a tak\u017ce na prezent dla bliskich.<\/p>\n<p>&nbsp;<\/p>\n<h5><strong>\u015awie\u017co\u015b\u0107 do momentu wr\u0119czenia ! (b\u0119dzie pi\u0119kny na lata)<\/strong><\/h5>\n<p>Kupuj\u0105c u nas produkt z chrobotkiem reniferowym, mo\u017cesz mie\u0107 pewno\u015b\u0107, \u017ce zachowa on swoj\u0105 \u015bwie\u017co\u015b\u0107 i pi\u0119kny wygl\u0105d <strong>\u00a0do momentu wr\u0119czenia<\/strong>. Dzi\u0119ki stabilizacji chrobotek nie wi\u0119dnie, nie traci koloru ani mi\u0119kko\u015bci, nawet je\u015bli pozostaje zapakowany przez d\u0142u\u017cszy czas. To niezawodna ozdoba, kt\u00f3ra \u015bwietnie sprawdzi si\u0119 jako \u015bwi\u0105teczny prezent, gotowy do zachwycenia obdarowanej osoby!<\/p>\n<p>&nbsp;<\/p>\n<p><strong>Cechy produktu:<\/strong><\/p>\n<p>\ud83c\udf3f <em>Chrobotek reniferowy<\/em>: Stabilizowany mech, kt\u00f3ry nie wymaga podlewania ani piel\u0119gnacji<br \/>\n\ud83d\ude02 <em>Zabawny design<\/em>: Weso\u0142a doniczka przypominaj\u0105ca twarz z okularami<br \/>\n\ud83d\udccf <em>Wymiary<\/em>: \u015arednica: 9-10 cm, Wysoko\u015b\u0107: 12 cm<\/p>\n<p><strong>Dlaczego warto?<\/strong><\/p>\n<p>\ud83c\udf31 Stabilizowany chrobotek zachowuje sw\u00f3j pi\u0119kny zielony kolor przez 8-10 lat.<br \/>\n\ud83d\udc9a Idealny prezent dla os\u00f3b, kt\u00f3re lubi\u0105 ziele\u0144, ale zapominaj\u0105 o podlewaniu ro\u015blin.<br \/>\n\ud83c\udf81 Oryginalny akcent w ka\u017cdym wn\u0119trzu \u2013 zar\u00f3wno w domu, jak i biurze.<\/p>\n<p>Zaskocz swoich bliskich unikalnym i praktycznym prezentem, kt\u00f3ry wprowadzi rado\u015b\u0107 i zielony akcent do ka\u017cdego pomieszczenia!<\/p>\n","protected":false},"excerpt":{"rendered":"<p><strong>Doniczka z okularami<\/strong> to \u015bwietny pomys\u0142 na prezent \u015bwi\u0105teczny. W wersji \u015bwi\u0105tecznej z napisem \u201eweso\u0142ych \u015bwi\u0105t\u201d. Doniczka z okularami to sympatyczna ozdoba do postawienia w ka\u017cdym miejscu. Ozdobiona chrobotkiem reniferowym z Finlandii. Na pewno zrobi wra\u017cenie na obdarowanej osobie.<\/p>\n","protected":false},"featured_media":14529,"template":"","meta":{"site-sidebar-layout":"default","site-content-layout":"default","ast-site-content-layout":"default","site-content-style":"default","site-sidebar-style":"default","ast-global-header-display":"","ast-banner-title-visibility":"","ast-main-header-display":"","ast-hfb-above-header-display":"","ast-hfb-below-header-display":"","ast-hfb-mobile-header-display":"","site-post-title":"","ast-breadcrumbs-content":"","ast-featured-img":"","footer-sml-layout":"","theme-transparent-header-meta":"default","adv-header-id-meta":"","stick-header-meta":"","header-above-stick-meta":"","header-main-stick-meta":"","header-below-stick-meta":"","astra-migrate-meta-layouts":"set","ast-page-background-enabled":"default","ast-page-background-meta":{"desktop":{"background-color":"","background-image":"","background-repeat":"repeat","background-position":"center center","background-size":"auto","background-attachment":"scroll","background-type":"","background-media":"","overlay-type":"","overlay-color":"","overlay-opacity":"","overlay-gradient":""},"tablet":{"background-color":"","background-image":"","background-repeat":"repeat","background-position":"center center","background-size":"auto","background-attachment":"scroll","background-type":"","background-media":"","overlay-type":"","overlay-color":"","overlay-opacity":"","overlay-gradient":""},"mobile":{"background-color":"","background-image":"","background-repeat":"repeat","background-position":"center center","background-size":"auto","background-attachment":"scroll","background-type":"","background-media":"","overlay-type":"","overlay-color":"","overlay-opacity":"","overlay-gradient":""}},"ast-content-background-meta":{"desktop":{"background-color":"var(--ast-global-color-5)","background-image":"","background-repeat":"repeat","background-position":"center center","background-size":"auto","background-attachment":"scroll","background-type":"","background-media":"","overlay-type":"","overlay-color":"","overlay-opacity":"","overlay-gradient":""},"tablet":{"background-color":"var(--ast-global-color-5)","background-image":"","background-repeat":"repeat","background-position":"center center","background-size":"auto","background-attachment":"scroll","background-type":"","background-media":"","overlay-type":"","overlay-color":"","overlay-opacity":"","overlay-gradient":""},"mobile":{"background-color":"var(--ast-global-color-5)","background-image":"","background-repeat":"repeat","background-position":"center center","background-size":"auto","background-attachment":"scroll","background-type":"","background-media":"","overlay-type":"","overlay-color":"","overlay-opacity":"","overlay-gradient":""}}},"product_brand":[],"product_cat":[79],"product_tag":[],"class_list":{"0":"post-3749","1":"product","2":"type-product","3":"status-publish","4":"has-post-thumbnail","6":"product_cat-prezenty-na-swieta","7":"desktop-align-left","8":"tablet-align-left","9":"mobile-align-left","11":"first","12":"instock","13":"taxable","14":"shipping-taxable","15":"purchasable","16":"product-type-simple"},"yoast_head":"<!-- This site is optimized with the Yoast SEO plugin v27.4 - https:\/\/yoast.com\/product\/yoast-seo-wordpress\/ -->\n<title>Doniczka z okularami ma\u0142a, ozdobiona mchem i kwiatkami - prezent \u015bwi\u0105teczny - Ozdoby i prezenty z mchu | #u\u015bMECHnij si\u0119!<\/title>\n<meta name=\"description\" content=\"Chrobotkowa doniczka z okularami doskonale wkomponuje si\u0119 w Twoje mieszkanie i nada Twoim pomieszczeniom nietuzinkowego wygl\u0105du!\" \/>\n<meta name=\"robots\" content=\"index, follow, max-snippet:-1, max-image-preview:large, max-video-preview:-1\" \/>\n<link rel=\"canonical\" href=\"https:\/\/greenowacja.pl\/produkt\/doniczka-z-okularami-prezent-na-gwiazdke\/\" \/>\n<meta property=\"og:locale\" content=\"pl_PL\" \/>\n<meta property=\"og:type\" content=\"article\" \/>\n<meta property=\"og:title\" content=\"Doniczka z okularami ma\u0142a, ozdobiona mchem i kwiatkami - prezent \u015bwi\u0105teczny - Ozdoby i prezenty z mchu | #u\u015bMECHnij si\u0119!\" \/>\n<meta property=\"og:description\" content=\"Chrobotkowa doniczka z okularami doskonale wkomponuje si\u0119 w Twoje mieszkanie i nada Twoim pomieszczeniom nietuzinkowego wygl\u0105du!\" \/>\n<meta property=\"og:url\" content=\"https:\/\/greenowacja.pl\/produkt\/doniczka-z-okularami-prezent-na-gwiazdke\/\" \/>\n<meta property=\"og:site_name\" content=\"Ozdoby i prezenty z mchu | #u\u015bMECHnij si\u0119!\" \/>\n<meta property=\"article:publisher\" content=\"https:\/\/www.facebook.com\/Greenowacja\" \/>\n<meta property=\"article:modified_time\" content=\"2026-04-25T09:42:16+00:00\" \/>\n<meta property=\"og:image\" content=\"https:\/\/greenowacja.pl\/wp-content\/uploads\/2023\/10\/IMG20241024144345.jpg\" \/>\n\t<meta property=\"og:image:width\" content=\"1000\" \/>\n\t<meta property=\"og:image:height\" content=\"1000\" \/>\n\t<meta property=\"og:image:type\" content=\"image\/jpeg\" \/>\n<meta name=\"twitter:card\" content=\"summary_large_image\" \/>\n<meta name=\"twitter:label1\" content=\"Szacowany czas czytania\" \/>\n\t<meta name=\"twitter:data1\" content=\"2 minuty\" \/>\n<script type=\"application\/ld+json\" class=\"yoast-schema-graph\">{\"@context\":\"https:\\\/\\\/schema.org\",\"@graph\":[{\"@type\":\"WebPage\",\"@id\":\"https:\\\/\\\/greenowacja.pl\\\/produkt\\\/doniczka-z-okularami-prezent-na-gwiazdke\\\/\",\"url\":\"https:\\\/\\\/greenowacja.pl\\\/produkt\\\/doniczka-z-okularami-prezent-na-gwiazdke\\\/\",\"name\":\"Doniczka z okularami ma\u0142a, ozdobiona mchem i kwiatkami - prezent \u015bwi\u0105teczny - Ozdoby i prezenty z mchu | #u\u015bMECHnij si\u0119!\",\"isPartOf\":{\"@id\":\"https:\\\/\\\/greenowacja.pl\\\/#website\"},\"primaryImageOfPage\":{\"@id\":\"https:\\\/\\\/greenowacja.pl\\\/produkt\\\/doniczka-z-okularami-prezent-na-gwiazdke\\\/#primaryimage\"},\"image\":{\"@id\":\"https:\\\/\\\/greenowacja.pl\\\/produkt\\\/doniczka-z-okularami-prezent-na-gwiazdke\\\/#primaryimage\"},\"thumbnailUrl\":\"https:\\\/\\\/greenowacja.pl\\\/wp-content\\\/uploads\\\/2023\\\/10\\\/IMG20241024144345.jpg\",\"datePublished\":\"2023-10-23T09:41:43+00:00\",\"dateModified\":\"2026-04-25T09:42:16+00:00\",\"description\":\"Chrobotkowa doniczka z okularami doskonale wkomponuje si\u0119 w Twoje mieszkanie i nada Twoim pomieszczeniom nietuzinkowego wygl\u0105du!\",\"breadcrumb\":{\"@id\":\"https:\\\/\\\/greenowacja.pl\\\/produkt\\\/doniczka-z-okularami-prezent-na-gwiazdke\\\/#breadcrumb\"},\"inLanguage\":\"pl-PL\",\"potentialAction\":[{\"@type\":\"ReadAction\",\"target\":[\"https:\\\/\\\/greenowacja.pl\\\/produkt\\\/doniczka-z-okularami-prezent-na-gwiazdke\\\/\"]}]},{\"@type\":\"ImageObject\",\"inLanguage\":\"pl-PL\",\"@id\":\"https:\\\/\\\/greenowacja.pl\\\/produkt\\\/doniczka-z-okularami-prezent-na-gwiazdke\\\/#primaryimage\",\"url\":\"https:\\\/\\\/greenowacja.pl\\\/wp-content\\\/uploads\\\/2023\\\/10\\\/IMG20241024144345.jpg\",\"contentUrl\":\"https:\\\/\\\/greenowacja.pl\\\/wp-content\\\/uploads\\\/2023\\\/10\\\/IMG20241024144345.jpg\",\"width\":1000,\"height\":1000},{\"@type\":\"BreadcrumbList\",\"@id\":\"https:\\\/\\\/greenowacja.pl\\\/produkt\\\/doniczka-z-okularami-prezent-na-gwiazdke\\\/#breadcrumb\",\"itemListElement\":[{\"@type\":\"ListItem\",\"position\":1,\"name\":\"Strona g\u0142\u00f3wna\",\"item\":\"https:\\\/\\\/greenowacja.pl\\\/\"},{\"@type\":\"ListItem\",\"position\":2,\"name\":\"Sklep\",\"item\":\"https:\\\/\\\/greenowacja.pl\\\/sklep-z-mchem-chrobotkiem\\\/\"},{\"@type\":\"ListItem\",\"position\":3,\"name\":\"Doniczka z okularami ma\u0142a, ozdobiona mchem i kwiatkami &#8211; prezent \u015bwi\u0105teczny\"}]},{\"@type\":\"WebSite\",\"@id\":\"https:\\\/\\\/greenowacja.pl\\\/#website\",\"url\":\"https:\\\/\\\/greenowacja.pl\\\/\",\"name\":\"Ozdoby i prezenty z mchu | #u\u015bMECHnij si\u0119!\",\"description\":\"\",\"publisher\":{\"@id\":\"https:\\\/\\\/greenowacja.pl\\\/#organization\"},\"potentialAction\":[{\"@type\":\"SearchAction\",\"target\":{\"@type\":\"EntryPoint\",\"urlTemplate\":\"https:\\\/\\\/greenowacja.pl\\\/?s={search_term_string}\"},\"query-input\":{\"@type\":\"PropertyValueSpecification\",\"valueRequired\":true,\"valueName\":\"search_term_string\"}}],\"inLanguage\":\"pl-PL\"},{\"@type\":\"Organization\",\"@id\":\"https:\\\/\\\/greenowacja.pl\\\/#organization\",\"name\":\"Ozdoby i prezenty z mchu | #u\u015bMECHnij si\u0119!\",\"url\":\"https:\\\/\\\/greenowacja.pl\\\/\",\"logo\":{\"@type\":\"ImageObject\",\"inLanguage\":\"pl-PL\",\"@id\":\"https:\\\/\\\/greenowacja.pl\\\/#\\\/schema\\\/logo\\\/image\\\/\",\"url\":\"https:\\\/\\\/greenowacja.pl\\\/wp-content\\\/uploads\\\/2023\\\/08\\\/Logo-Greenowacja-wer-z-claimem-pozioma-2-kolory_Easy-Resize.com_.jpg\",\"contentUrl\":\"https:\\\/\\\/greenowacja.pl\\\/wp-content\\\/uploads\\\/2023\\\/08\\\/Logo-Greenowacja-wer-z-claimem-pozioma-2-kolory_Easy-Resize.com_.jpg\",\"width\":1280,\"height\":426,\"caption\":\"Ozdoby i prezenty z mchu | #u\u015bMECHnij si\u0119!\"},\"image\":{\"@id\":\"https:\\\/\\\/greenowacja.pl\\\/#\\\/schema\\\/logo\\\/image\\\/\"},\"sameAs\":[\"https:\\\/\\\/www.facebook.com\\\/Greenowacja\",\"https:\\\/\\\/www.instagram.com\\\/greenowacja\\\/\"]}]}<\/script>\n<!-- \/ Yoast SEO plugin. -->","yoast_head_json":{"title":"Doniczka z okularami ma\u0142a, ozdobiona mchem i kwiatkami - prezent \u015bwi\u0105teczny - Ozdoby i prezenty z mchu | #u\u015bMECHnij si\u0119!","description":"Chrobotkowa doniczka z okularami doskonale wkomponuje si\u0119 w Twoje mieszkanie i nada Twoim pomieszczeniom nietuzinkowego wygl\u0105du!","robots":{"index":"index","follow":"follow","max-snippet":"max-snippet:-1","max-image-preview":"max-image-preview:large","max-video-preview":"max-video-preview:-1"},"canonical":"https:\/\/greenowacja.pl\/produkt\/doniczka-z-okularami-prezent-na-gwiazdke\/","og_locale":"pl_PL","og_type":"article","og_title":"Doniczka z okularami ma\u0142a, ozdobiona mchem i kwiatkami - prezent \u015bwi\u0105teczny - Ozdoby i prezenty z mchu | #u\u015bMECHnij si\u0119!","og_description":"Chrobotkowa doniczka z okularami doskonale wkomponuje si\u0119 w Twoje mieszkanie i nada Twoim pomieszczeniom nietuzinkowego wygl\u0105du!","og_url":"https:\/\/greenowacja.pl\/produkt\/doniczka-z-okularami-prezent-na-gwiazdke\/","og_site_name":"Ozdoby i prezenty z mchu | #u\u015bMECHnij si\u0119!","article_publisher":"https:\/\/www.facebook.com\/Greenowacja","article_modified_time":"2026-04-25T09:42:16+00:00","og_image":[{"width":1000,"height":1000,"url":"https:\/\/greenowacja.pl\/wp-content\/uploads\/2023\/10\/IMG20241024144345.jpg","type":"image\/jpeg"}],"twitter_card":"summary_large_image","twitter_misc":{"Szacowany czas czytania":"2 minuty"},"schema":{"@context":"https:\/\/schema.org","@graph":[{"@type":"WebPage","@id":"https:\/\/greenowacja.pl\/produkt\/doniczka-z-okularami-prezent-na-gwiazdke\/","url":"https:\/\/greenowacja.pl\/produkt\/doniczka-z-okularami-prezent-na-gwiazdke\/","name":"Doniczka z okularami ma\u0142a, ozdobiona mchem i kwiatkami - prezent \u015bwi\u0105teczny - Ozdoby i prezenty z mchu | #u\u015bMECHnij si\u0119!","isPartOf":{"@id":"https:\/\/greenowacja.pl\/#website"},"primaryImageOfPage":{"@id":"https:\/\/greenowacja.pl\/produkt\/doniczka-z-okularami-prezent-na-gwiazdke\/#primaryimage"},"image":{"@id":"https:\/\/greenowacja.pl\/produkt\/doniczka-z-okularami-prezent-na-gwiazdke\/#primaryimage"},"thumbnailUrl":"https:\/\/greenowacja.pl\/wp-content\/uploads\/2023\/10\/IMG20241024144345.jpg","datePublished":"2023-10-23T09:41:43+00:00","dateModified":"2026-04-25T09:42:16+00:00","description":"Chrobotkowa doniczka z okularami doskonale wkomponuje si\u0119 w Twoje mieszkanie i nada Twoim pomieszczeniom nietuzinkowego wygl\u0105du!","breadcrumb":{"@id":"https:\/\/greenowacja.pl\/produkt\/doniczka-z-okularami-prezent-na-gwiazdke\/#breadcrumb"},"inLanguage":"pl-PL","potentialAction":[{"@type":"ReadAction","target":["https:\/\/greenowacja.pl\/produkt\/doniczka-z-okularami-prezent-na-gwiazdke\/"]}]},{"@type":"ImageObject","inLanguage":"pl-PL","@id":"https:\/\/greenowacja.pl\/produkt\/doniczka-z-okularami-prezent-na-gwiazdke\/#primaryimage","url":"https:\/\/greenowacja.pl\/wp-content\/uploads\/2023\/10\/IMG20241024144345.jpg","contentUrl":"https:\/\/greenowacja.pl\/wp-content\/uploads\/2023\/10\/IMG20241024144345.jpg","width":1000,"height":1000},{"@type":"BreadcrumbList","@id":"https:\/\/greenowacja.pl\/produkt\/doniczka-z-okularami-prezent-na-gwiazdke\/#breadcrumb","itemListElement":[{"@type":"ListItem","position":1,"name":"Strona g\u0142\u00f3wna","item":"https:\/\/greenowacja.pl\/"},{"@type":"ListItem","position":2,"name":"Sklep","item":"https:\/\/greenowacja.pl\/sklep-z-mchem-chrobotkiem\/"},{"@type":"ListItem","position":3,"name":"Doniczka z okularami ma\u0142a, ozdobiona mchem i kwiatkami &#8211; prezent \u015bwi\u0105teczny"}]},{"@type":"WebSite","@id":"https:\/\/greenowacja.pl\/#website","url":"https:\/\/greenowacja.pl\/","name":"Ozdoby i prezenty z mchu | #u\u015bMECHnij si\u0119!","description":"","publisher":{"@id":"https:\/\/greenowacja.pl\/#organization"},"potentialAction":[{"@type":"SearchAction","target":{"@type":"EntryPoint","urlTemplate":"https:\/\/greenowacja.pl\/?s={search_term_string}"},"query-input":{"@type":"PropertyValueSpecification","valueRequired":true,"valueName":"search_term_string"}}],"inLanguage":"pl-PL"},{"@type":"Organization","@id":"https:\/\/greenowacja.pl\/#organization","name":"Ozdoby i prezenty z mchu | #u\u015bMECHnij si\u0119!","url":"https:\/\/greenowacja.pl\/","logo":{"@type":"ImageObject","inLanguage":"pl-PL","@id":"https:\/\/greenowacja.pl\/#\/schema\/logo\/image\/","url":"https:\/\/greenowacja.pl\/wp-content\/uploads\/2023\/08\/Logo-Greenowacja-wer-z-claimem-pozioma-2-kolory_Easy-Resize.com_.jpg","contentUrl":"https:\/\/greenowacja.pl\/wp-content\/uploads\/2023\/08\/Logo-Greenowacja-wer-z-claimem-pozioma-2-kolory_Easy-Resize.com_.jpg","width":1280,"height":426,"caption":"Ozdoby i prezenty z mchu | #u\u015bMECHnij si\u0119!"},"image":{"@id":"https:\/\/greenowacja.pl\/#\/schema\/logo\/image\/"},"sameAs":["https:\/\/www.facebook.com\/Greenowacja","https:\/\/www.instagram.com\/greenowacja\/"]}]}},"_links":{"self":[{"href":"https:\/\/greenowacja.pl\/wp-json\/wp\/v2\/product\/3749","targetHints":{"allow":["GET"]}}],"collection":[{"href":"https:\/\/greenowacja.pl\/wp-json\/wp\/v2\/product"}],"about":[{"href":"https:\/\/greenowacja.pl\/wp-json\/wp\/v2\/types\/product"}],"wp:featuredmedia":[{"embeddable":true,"href":"https:\/\/greenowacja.pl\/wp-json\/wp\/v2\/media\/14529"}],"wp:attachment":[{"href":"https:\/\/greenowacja.pl\/wp-json\/wp\/v2\/media?parent=3749"}],"wp:term":[{"taxonomy":"product_brand","embeddable":true,"href":"https:\/\/greenowacja.pl\/wp-json\/wp\/v2\/product_brand?post=3749"},{"taxonomy":"product_cat","embeddable":true,"href":"https:\/\/greenowacja.pl\/wp-json\/wp\/v2\/product_cat?post=3749"},{"taxonomy":"product_tag","embeddable":true,"href":"https:\/\/greenowacja.pl\/wp-json\/wp\/v2\/product_tag?post=3749"}],"curies":[{"name":"wp","href":"https:\/\/api.w.org\/{rel}","templated":true}]}}