{"id":3757,"date":"2023-10-23T13:23:27","date_gmt":"2023-10-23T11:23:27","guid":{"rendered":"https:\/\/greenowacja.pl\/?post_type=product&#038;p=3757"},"modified":"2025-11-25T10:28:14","modified_gmt":"2025-11-25T09:28:14","slug":"choinka-z-mchem-prezent-swiateczny","status":"publish","type":"product","link":"https:\/\/greenowacja.pl\/produkt\/choinka-z-mchem-prezent-swiateczny\/","title":{"rendered":"Choinka z mchem, ozdoba \u015bwi\u0105teczna do postawienia, 20cm"},"content":{"rendered":"<h1><strong>Choinka z Mchem \u2013 Wyj\u0105tkowa Ozdoba \u015awi\u0105teczna do Postawienia.<\/strong><\/h1>\n<p>&nbsp;<\/p>\n<p>\ud83c\udf84 <strong>Wprowad\u017a magi\u0119 \u015bwi\u0105t do swojego wn\u0119trza!<\/strong><br \/>\nNasza <strong>choinka z mchem<\/strong> to <strong>niezwyk\u0142a ozdoba<\/strong>, kt\u00f3ra wprowadzi do Twojego domu \u015bwi\u0105teczny nastr\u00f3j pe\u0142en <strong>naturalnego uroku<\/strong>. Zosta\u0142a starannie pokryta <strong>chrobotkiem reniferowym<\/strong>. Idealna do postawienia na stole, komodzie czy parapecie \u2013 stanie si\u0119 <strong>centralnym punktem dekoracyjnym<\/strong> w Twoim wn\u0119trzu.<\/p>\n<p>&nbsp;<\/p>\n<h5><strong>\u015awie\u017co\u015b\u0107 do momentu wr\u0119czenia ! (b\u0119dzie pi\u0119kny na lata)<\/strong><\/h5>\n<p>Kupuj\u0105c u nas produkt z chrobotkiem reniferowym, mo\u017cesz mie\u0107 pewno\u015b\u0107, \u017ce zachowa on swoj\u0105 \u015bwie\u017co\u015b\u0107 i pi\u0119kny wygl\u0105d <strong>\u00a0do momentu wr\u0119czenia<\/strong>. Dzi\u0119ki stabilizacji chrobotek nie wi\u0119dnie, nie traci koloru ani mi\u0119kko\u015bci, nawet je\u015bli pozostaje zapakowany przez d\u0142u\u017cszy czas. To niezawodna ozdoba, kt\u00f3ra \u015bwietnie sprawdzi si\u0119 jako \u015bwi\u0105teczny prezent, gotowy do zachwycenia obdarowanej osoby!<\/p>\n<p>&nbsp;<\/p>\n<p>\u2728 <strong>Dlaczego warto wybra\u0107 nasz\u0105 choink\u0119 z mchem?<\/strong><\/p>\n<ul>\n<li><strong>Naturalny design:<\/strong> Choinka z chrobotkiem reniferowym \u0142\u0105czy <strong>ekologiczn\u0105 elegancj\u0119<\/strong> z tradycyjnym symbolem \u015bwi\u0105t.<\/li>\n<li><strong>Idealny prezent:<\/strong> Szukasz <strong>oryginalnego upominku<\/strong> na Bo\u017ce Narodzenie? Ta choinka z pewno\u015bci\u0105 zaskoczy ka\u017cdego \u2013 zar\u00f3wno <strong>mi\u0142o\u015bnik\u00f3w natury<\/strong>, jak i osoby szukaj\u0105ce <strong>nietuzinkowych dekoracji<\/strong>.<\/li>\n<li><strong>Bez piel\u0119gnacji:<\/strong> Chrobotek reniferowy nie wymaga podlewania ani specjalnej troski, dzi\u0119ki czemu ozdoba <strong>zachowa \u015bwie\u017cy wygl\u0105d przez lata<\/strong>.<\/li>\n<li><strong>Uniwersalna dekoracja:<\/strong> Doskonale pasuje do <strong>wsp\u00f3\u0142czesnych aran\u017cacji<\/strong> \u015bwi\u0105tecznych oraz stanowi doskona\u0142y <strong>dodatek do tradycyjnych wn\u0119trz<\/strong>.<\/li>\n<\/ul>\n<p>\ud83c\udf81 <strong>Pomys\u0142 na prezent:<\/strong><br \/>\nChoinka z mchem to <strong>prezent<\/strong>, kt\u00f3ry wprowadza spok\u00f3j, harmoni\u0119 i <strong>magiczny nastr\u00f3j<\/strong> do ka\u017cdego domu. Jest to doskona\u0142y wyb\u00f3r na <strong>prezent \u015bwi\u0105teczny<\/strong> dla bliskiej osoby, kt\u00f3ra ceni natur\u0119 i unikalne ozdoby. Dzi\u0119ki <strong>trwa\u0142o\u015bci<\/strong> i <strong>uniwersalno\u015bci<\/strong>, choinka b\u0119dzie cieszy\u0107 oko przez d\u0142ugie lata, stanowi\u0105c <strong>pami\u0105tk\u0119 \u015bwi\u0105t<\/strong>.<\/p>\n<p>\ud83c\udf1f <strong>Cechy produktu:<\/strong><\/p>\n<ul>\n<li><strong>Szeroko\u015b\u0107:<\/strong> 15 cm<\/li>\n<li><strong>Wysoko\u015b\u0107:<\/strong> 20 cm<\/li>\n<li><strong>Ozdobiona chrobotkiem reniferowym<\/strong> \u2013 zachwyci naturalnym wygl\u0105dem i elegancj\u0105.<\/li>\n<li><strong>Losowo dobierane \u015bwi\u0105teczne dodatki<\/strong> \u2013 ka\u017cda choinka jest wyj\u0105tkowa.<\/li>\n<\/ul>\n<p>\ud83c\udf84 <strong>Spraw, aby Twoje \u015awi\u0119ta by\u0142y niezapomniane<\/strong> \u2013 wzboga\u0107 swoje wn\u0119trze o <strong>choink\u0119 z chrobotkiem reniferowym<\/strong>, kt\u00f3ra b\u0119dzie wspania\u0142\u0105 ozdob\u0105 przez d\u0142ugi czas.<\/p>\n<p>\ud83d\uded2 <strong>Nie czekaj na ostatni\u0105 chwil\u0119!<\/strong> Zam\u00f3w ju\u017c teraz i spraw, by \u015bwi\u0105teczna atmosfera w Twoim domu by\u0142a pe\u0142na naturalnego uroku. Nasze ozdoby tworzony s\u0105 na zam\u00f3wienie \u2013 czas realizacji to tylko <strong>3 dni robocze<\/strong>! Je\u015bli zale\u017cy Ci na szybszej wysy\u0142ce, skontaktuj si\u0119 z nami telefonicznie.<\/p>\n","protected":false},"excerpt":{"rendered":"<p><strong>Choinka z chrobotkiem reniferowym. <\/strong>Nasze choinki to \u015bwietny pomys\u0142 na prezent \u015bwi\u0105teczny. Choinki z mchu chrobotka ozdobione s\u0105 dodatkami wybieranymi losowo. Choinka pokryta jest mchem z jednej strony.<\/p>\n<p>&nbsp;<\/p>\n","protected":false},"featured_media":3758,"template":"","meta":{"site-sidebar-layout":"default","site-content-layout":"default","ast-site-content-layout":"default","site-content-style":"default","site-sidebar-style":"default","ast-global-header-display":"","ast-banner-title-visibility":"","ast-main-header-display":"","ast-hfb-above-header-display":"","ast-hfb-below-header-display":"","ast-hfb-mobile-header-display":"","site-post-title":"","ast-breadcrumbs-content":"","ast-featured-img":"","footer-sml-layout":"","theme-transparent-header-meta":"default","adv-header-id-meta":"","stick-header-meta":"","header-above-stick-meta":"","header-main-stick-meta":"","header-below-stick-meta":"","astra-migrate-meta-layouts":"set","ast-page-background-enabled":"default","ast-page-background-meta":{"desktop":{"background-color":"","background-image":"","background-repeat":"repeat","background-position":"center center","background-size":"auto","background-attachment":"scroll","background-type":"","background-media":"","overlay-type":"","overlay-color":"","overlay-opacity":"","overlay-gradient":""},"tablet":{"background-color":"","background-image":"","background-repeat":"repeat","background-position":"center center","background-size":"auto","background-attachment":"scroll","background-type":"","background-media":"","overlay-type":"","overlay-color":"","overlay-opacity":"","overlay-gradient":""},"mobile":{"background-color":"","background-image":"","background-repeat":"repeat","background-position":"center center","background-size":"auto","background-attachment":"scroll","background-type":"","background-media":"","overlay-type":"","overlay-color":"","overlay-opacity":"","overlay-gradient":""}},"ast-content-background-meta":{"desktop":{"background-color":"var(--ast-global-color-5)","background-image":"","background-repeat":"repeat","background-position":"center center","background-size":"auto","background-attachment":"scroll","background-type":"","background-media":"","overlay-type":"","overlay-color":"","overlay-opacity":"","overlay-gradient":""},"tablet":{"background-color":"var(--ast-global-color-5)","background-image":"","background-repeat":"repeat","background-position":"center center","background-size":"auto","background-attachment":"scroll","background-type":"","background-media":"","overlay-type":"","overlay-color":"","overlay-opacity":"","overlay-gradient":""},"mobile":{"background-color":"var(--ast-global-color-5)","background-image":"","background-repeat":"repeat","background-position":"center center","background-size":"auto","background-attachment":"scroll","background-type":"","background-media":"","overlay-type":"","overlay-color":"","overlay-opacity":"","overlay-gradient":""}}},"product_brand":[],"product_cat":[121,79,93],"product_tag":[],"class_list":{"0":"post-3757","1":"product","2":"type-product","3":"status-publish","4":"has-post-thumbnail","6":"product_cat-karta-mieszkanca-gminy-kolobrzeg","7":"product_cat-prezenty-na-swieta","8":"product_cat-ok-poznan","9":"desktop-align-left","10":"tablet-align-left","11":"mobile-align-left","13":"first","14":"instock","15":"taxable","16":"shipping-taxable","17":"purchasable","18":"product-type-simple"},"yoast_head":"<!-- This site is optimized with the Yoast SEO plugin v27.4 - https:\/\/yoast.com\/product\/yoast-seo-wordpress\/ -->\n<title>choinka z mchem<\/title>\n<meta name=\"description\" content=\"Choinka z mchem oraz ozdobami \u015bwi\u0105tecznymi tworzy \u015bwietn\u0105 ozdob\u0119 do postawienia na stole, lub gdziekolwiek, gdzie chcesz wnie\u015b\u0107 \u015bwi\u0105teczny nastr\u00f3j.\" \/>\n<meta name=\"robots\" content=\"index, follow, max-snippet:-1, max-image-preview:large, max-video-preview:-1\" \/>\n<link rel=\"canonical\" href=\"https:\/\/greenowacja.pl\/produkt\/choinka-z-mchem-prezent-swiateczny\/\" \/>\n<meta property=\"og:locale\" content=\"pl_PL\" \/>\n<meta property=\"og:type\" content=\"article\" \/>\n<meta property=\"og:title\" content=\"choinka z mchem\" \/>\n<meta property=\"og:description\" content=\"Choinka z mchem oraz ozdobami \u015bwi\u0105tecznymi tworzy \u015bwietn\u0105 ozdob\u0119 do postawienia na stole, lub gdziekolwiek, gdzie chcesz wnie\u015b\u0107 \u015bwi\u0105teczny nastr\u00f3j.\" \/>\n<meta property=\"og:url\" content=\"https:\/\/greenowacja.pl\/produkt\/choinka-z-mchem-prezent-swiateczny\/\" \/>\n<meta property=\"og:site_name\" content=\"Ozdoby i prezenty z mchu | #u\u015bMECHnij si\u0119!\" \/>\n<meta property=\"article:publisher\" content=\"https:\/\/www.facebook.com\/Greenowacja\" \/>\n<meta property=\"article:modified_time\" content=\"2025-11-25T09:28:14+00:00\" \/>\n<meta property=\"og:image\" content=\"https:\/\/greenowacja.pl\/wp-content\/uploads\/2023\/10\/choinka-na-pienku.jpg\" \/>\n\t<meta property=\"og:image:width\" content=\"1280\" \/>\n\t<meta property=\"og:image:height\" content=\"1280\" \/>\n\t<meta property=\"og:image:type\" content=\"image\/jpeg\" \/>\n<meta name=\"twitter:card\" content=\"summary_large_image\" \/>\n<meta name=\"twitter:label1\" content=\"Szacowany czas czytania\" \/>\n\t<meta name=\"twitter:data1\" content=\"3 minuty\" \/>\n<script type=\"application\/ld+json\" class=\"yoast-schema-graph\">{\"@context\":\"https:\\\/\\\/schema.org\",\"@graph\":[{\"@type\":\"WebPage\",\"@id\":\"https:\\\/\\\/greenowacja.pl\\\/produkt\\\/choinka-z-mchem-prezent-swiateczny\\\/\",\"url\":\"https:\\\/\\\/greenowacja.pl\\\/produkt\\\/choinka-z-mchem-prezent-swiateczny\\\/\",\"name\":\"choinka z mchem\",\"isPartOf\":{\"@id\":\"https:\\\/\\\/greenowacja.pl\\\/#website\"},\"primaryImageOfPage\":{\"@id\":\"https:\\\/\\\/greenowacja.pl\\\/produkt\\\/choinka-z-mchem-prezent-swiateczny\\\/#primaryimage\"},\"image\":{\"@id\":\"https:\\\/\\\/greenowacja.pl\\\/produkt\\\/choinka-z-mchem-prezent-swiateczny\\\/#primaryimage\"},\"thumbnailUrl\":\"https:\\\/\\\/greenowacja.pl\\\/wp-content\\\/uploads\\\/2023\\\/10\\\/choinka-na-pienku.jpg\",\"datePublished\":\"2023-10-23T11:23:27+00:00\",\"dateModified\":\"2025-11-25T09:28:14+00:00\",\"description\":\"Choinka z mchem oraz ozdobami \u015bwi\u0105tecznymi tworzy \u015bwietn\u0105 ozdob\u0119 do postawienia na stole, lub gdziekolwiek, gdzie chcesz wnie\u015b\u0107 \u015bwi\u0105teczny nastr\u00f3j.\",\"breadcrumb\":{\"@id\":\"https:\\\/\\\/greenowacja.pl\\\/produkt\\\/choinka-z-mchem-prezent-swiateczny\\\/#breadcrumb\"},\"inLanguage\":\"pl-PL\",\"potentialAction\":[{\"@type\":\"ReadAction\",\"target\":[\"https:\\\/\\\/greenowacja.pl\\\/produkt\\\/choinka-z-mchem-prezent-swiateczny\\\/\"]}]},{\"@type\":\"ImageObject\",\"inLanguage\":\"pl-PL\",\"@id\":\"https:\\\/\\\/greenowacja.pl\\\/produkt\\\/choinka-z-mchem-prezent-swiateczny\\\/#primaryimage\",\"url\":\"https:\\\/\\\/greenowacja.pl\\\/wp-content\\\/uploads\\\/2023\\\/10\\\/choinka-na-pienku.jpg\",\"contentUrl\":\"https:\\\/\\\/greenowacja.pl\\\/wp-content\\\/uploads\\\/2023\\\/10\\\/choinka-na-pienku.jpg\",\"width\":1280,\"height\":1280,\"caption\":\"choinka z mchem\"},{\"@type\":\"BreadcrumbList\",\"@id\":\"https:\\\/\\\/greenowacja.pl\\\/produkt\\\/choinka-z-mchem-prezent-swiateczny\\\/#breadcrumb\",\"itemListElement\":[{\"@type\":\"ListItem\",\"position\":1,\"name\":\"Strona g\u0142\u00f3wna\",\"item\":\"https:\\\/\\\/greenowacja.pl\\\/\"},{\"@type\":\"ListItem\",\"position\":2,\"name\":\"Sklep\",\"item\":\"https:\\\/\\\/greenowacja.pl\\\/sklep-z-mchem-chrobotkiem\\\/\"},{\"@type\":\"ListItem\",\"position\":3,\"name\":\"Choinka z mchem, ozdoba \u015bwi\u0105teczna do postawienia, 20cm\"}]},{\"@type\":\"WebSite\",\"@id\":\"https:\\\/\\\/greenowacja.pl\\\/#website\",\"url\":\"https:\\\/\\\/greenowacja.pl\\\/\",\"name\":\"Ozdoby i prezenty z mchu | #u\u015bMECHnij si\u0119!\",\"description\":\"\",\"publisher\":{\"@id\":\"https:\\\/\\\/greenowacja.pl\\\/#organization\"},\"potentialAction\":[{\"@type\":\"SearchAction\",\"target\":{\"@type\":\"EntryPoint\",\"urlTemplate\":\"https:\\\/\\\/greenowacja.pl\\\/?s={search_term_string}\"},\"query-input\":{\"@type\":\"PropertyValueSpecification\",\"valueRequired\":true,\"valueName\":\"search_term_string\"}}],\"inLanguage\":\"pl-PL\"},{\"@type\":\"Organization\",\"@id\":\"https:\\\/\\\/greenowacja.pl\\\/#organization\",\"name\":\"Ozdoby i prezenty z mchu | #u\u015bMECHnij si\u0119!\",\"url\":\"https:\\\/\\\/greenowacja.pl\\\/\",\"logo\":{\"@type\":\"ImageObject\",\"inLanguage\":\"pl-PL\",\"@id\":\"https:\\\/\\\/greenowacja.pl\\\/#\\\/schema\\\/logo\\\/image\\\/\",\"url\":\"https:\\\/\\\/greenowacja.pl\\\/wp-content\\\/uploads\\\/2023\\\/08\\\/Logo-Greenowacja-wer-z-claimem-pozioma-2-kolory_Easy-Resize.com_.jpg\",\"contentUrl\":\"https:\\\/\\\/greenowacja.pl\\\/wp-content\\\/uploads\\\/2023\\\/08\\\/Logo-Greenowacja-wer-z-claimem-pozioma-2-kolory_Easy-Resize.com_.jpg\",\"width\":1280,\"height\":426,\"caption\":\"Ozdoby i prezenty z mchu | #u\u015bMECHnij si\u0119!\"},\"image\":{\"@id\":\"https:\\\/\\\/greenowacja.pl\\\/#\\\/schema\\\/logo\\\/image\\\/\"},\"sameAs\":[\"https:\\\/\\\/www.facebook.com\\\/Greenowacja\",\"https:\\\/\\\/www.instagram.com\\\/greenowacja\\\/\"]}]}<\/script>\n<!-- \/ Yoast SEO plugin. -->","yoast_head_json":{"title":"choinka z mchem","description":"Choinka z mchem oraz ozdobami \u015bwi\u0105tecznymi tworzy \u015bwietn\u0105 ozdob\u0119 do postawienia na stole, lub gdziekolwiek, gdzie chcesz wnie\u015b\u0107 \u015bwi\u0105teczny nastr\u00f3j.","robots":{"index":"index","follow":"follow","max-snippet":"max-snippet:-1","max-image-preview":"max-image-preview:large","max-video-preview":"max-video-preview:-1"},"canonical":"https:\/\/greenowacja.pl\/produkt\/choinka-z-mchem-prezent-swiateczny\/","og_locale":"pl_PL","og_type":"article","og_title":"choinka z mchem","og_description":"Choinka z mchem oraz ozdobami \u015bwi\u0105tecznymi tworzy \u015bwietn\u0105 ozdob\u0119 do postawienia na stole, lub gdziekolwiek, gdzie chcesz wnie\u015b\u0107 \u015bwi\u0105teczny nastr\u00f3j.","og_url":"https:\/\/greenowacja.pl\/produkt\/choinka-z-mchem-prezent-swiateczny\/","og_site_name":"Ozdoby i prezenty z mchu | #u\u015bMECHnij si\u0119!","article_publisher":"https:\/\/www.facebook.com\/Greenowacja","article_modified_time":"2025-11-25T09:28:14+00:00","og_image":[{"width":1280,"height":1280,"url":"https:\/\/greenowacja.pl\/wp-content\/uploads\/2023\/10\/choinka-na-pienku.jpg","type":"image\/jpeg"}],"twitter_card":"summary_large_image","twitter_misc":{"Szacowany czas czytania":"3 minuty"},"schema":{"@context":"https:\/\/schema.org","@graph":[{"@type":"WebPage","@id":"https:\/\/greenowacja.pl\/produkt\/choinka-z-mchem-prezent-swiateczny\/","url":"https:\/\/greenowacja.pl\/produkt\/choinka-z-mchem-prezent-swiateczny\/","name":"choinka z mchem","isPartOf":{"@id":"https:\/\/greenowacja.pl\/#website"},"primaryImageOfPage":{"@id":"https:\/\/greenowacja.pl\/produkt\/choinka-z-mchem-prezent-swiateczny\/#primaryimage"},"image":{"@id":"https:\/\/greenowacja.pl\/produkt\/choinka-z-mchem-prezent-swiateczny\/#primaryimage"},"thumbnailUrl":"https:\/\/greenowacja.pl\/wp-content\/uploads\/2023\/10\/choinka-na-pienku.jpg","datePublished":"2023-10-23T11:23:27+00:00","dateModified":"2025-11-25T09:28:14+00:00","description":"Choinka z mchem oraz ozdobami \u015bwi\u0105tecznymi tworzy \u015bwietn\u0105 ozdob\u0119 do postawienia na stole, lub gdziekolwiek, gdzie chcesz wnie\u015b\u0107 \u015bwi\u0105teczny nastr\u00f3j.","breadcrumb":{"@id":"https:\/\/greenowacja.pl\/produkt\/choinka-z-mchem-prezent-swiateczny\/#breadcrumb"},"inLanguage":"pl-PL","potentialAction":[{"@type":"ReadAction","target":["https:\/\/greenowacja.pl\/produkt\/choinka-z-mchem-prezent-swiateczny\/"]}]},{"@type":"ImageObject","inLanguage":"pl-PL","@id":"https:\/\/greenowacja.pl\/produkt\/choinka-z-mchem-prezent-swiateczny\/#primaryimage","url":"https:\/\/greenowacja.pl\/wp-content\/uploads\/2023\/10\/choinka-na-pienku.jpg","contentUrl":"https:\/\/greenowacja.pl\/wp-content\/uploads\/2023\/10\/choinka-na-pienku.jpg","width":1280,"height":1280,"caption":"choinka z mchem"},{"@type":"BreadcrumbList","@id":"https:\/\/greenowacja.pl\/produkt\/choinka-z-mchem-prezent-swiateczny\/#breadcrumb","itemListElement":[{"@type":"ListItem","position":1,"name":"Strona g\u0142\u00f3wna","item":"https:\/\/greenowacja.pl\/"},{"@type":"ListItem","position":2,"name":"Sklep","item":"https:\/\/greenowacja.pl\/sklep-z-mchem-chrobotkiem\/"},{"@type":"ListItem","position":3,"name":"Choinka z mchem, ozdoba \u015bwi\u0105teczna do postawienia, 20cm"}]},{"@type":"WebSite","@id":"https:\/\/greenowacja.pl\/#website","url":"https:\/\/greenowacja.pl\/","name":"Ozdoby i prezenty z mchu | #u\u015bMECHnij si\u0119!","description":"","publisher":{"@id":"https:\/\/greenowacja.pl\/#organization"},"potentialAction":[{"@type":"SearchAction","target":{"@type":"EntryPoint","urlTemplate":"https:\/\/greenowacja.pl\/?s={search_term_string}"},"query-input":{"@type":"PropertyValueSpecification","valueRequired":true,"valueName":"search_term_string"}}],"inLanguage":"pl-PL"},{"@type":"Organization","@id":"https:\/\/greenowacja.pl\/#organization","name":"Ozdoby i prezenty z mchu | #u\u015bMECHnij si\u0119!","url":"https:\/\/greenowacja.pl\/","logo":{"@type":"ImageObject","inLanguage":"pl-PL","@id":"https:\/\/greenowacja.pl\/#\/schema\/logo\/image\/","url":"https:\/\/greenowacja.pl\/wp-content\/uploads\/2023\/08\/Logo-Greenowacja-wer-z-claimem-pozioma-2-kolory_Easy-Resize.com_.jpg","contentUrl":"https:\/\/greenowacja.pl\/wp-content\/uploads\/2023\/08\/Logo-Greenowacja-wer-z-claimem-pozioma-2-kolory_Easy-Resize.com_.jpg","width":1280,"height":426,"caption":"Ozdoby i prezenty z mchu | #u\u015bMECHnij si\u0119!"},"image":{"@id":"https:\/\/greenowacja.pl\/#\/schema\/logo\/image\/"},"sameAs":["https:\/\/www.facebook.com\/Greenowacja","https:\/\/www.instagram.com\/greenowacja\/"]}]}},"_links":{"self":[{"href":"https:\/\/greenowacja.pl\/wp-json\/wp\/v2\/product\/3757","targetHints":{"allow":["GET"]}}],"collection":[{"href":"https:\/\/greenowacja.pl\/wp-json\/wp\/v2\/product"}],"about":[{"href":"https:\/\/greenowacja.pl\/wp-json\/wp\/v2\/types\/product"}],"wp:featuredmedia":[{"embeddable":true,"href":"https:\/\/greenowacja.pl\/wp-json\/wp\/v2\/media\/3758"}],"wp:attachment":[{"href":"https:\/\/greenowacja.pl\/wp-json\/wp\/v2\/media?parent=3757"}],"wp:term":[{"taxonomy":"product_brand","embeddable":true,"href":"https:\/\/greenowacja.pl\/wp-json\/wp\/v2\/product_brand?post=3757"},{"taxonomy":"product_cat","embeddable":true,"href":"https:\/\/greenowacja.pl\/wp-json\/wp\/v2\/product_cat?post=3757"},{"taxonomy":"product_tag","embeddable":true,"href":"https:\/\/greenowacja.pl\/wp-json\/wp\/v2\/product_tag?post=3757"}],"curies":[{"name":"wp","href":"https:\/\/api.w.org\/{rel}","templated":true}]}}