{"id":3850,"date":"2023-10-27T11:20:19","date_gmt":"2023-10-27T09:20:19","guid":{"rendered":"https:\/\/greenowacja.pl\/?post_type=product&#038;p=3850"},"modified":"2026-02-13T15:29:44","modified_gmt":"2026-02-13T14:29:44","slug":"ramka-brazowa-odcisk-lapy-psa-copy","status":"publish","type":"product","link":"https:\/\/greenowacja.pl\/produkt\/ramka-brazowa-odcisk-lapy-psa-copy\/","title":{"rendered":"Ramka -br\u0105zowa- odcisk \u0142apy psa z mchu"},"content":{"rendered":"<h2><strong>Odcisk \u0142apy psa w br\u0105zowej ramce.<\/strong><\/h2>\n<p>Odcisk \u0142apy psa w br\u0105zowej ramce to <span style=\"font-size: 16px; font-style: normal; font-weight: 400;\">wyj\u0105tkowy prezent dedykowany mi\u0142o\u015bnikom czworonog\u00f3w.<\/span><span style=\"font-size: 16px;\"> Coraz wi\u0119cej w\u0142a\u015bcicieli traktuje swoich futrzastych przyjaci\u00f3\u0142 jak pe\u0142noprawnych cz\u0142onk\u00f3w rodziny. Dlatego te\u017c, kiedy przychodzi czas na wyb\u00f3r prezentu dla w\u0142a\u015bciciela psa lub kota, warto postawi\u0107 na co\u015b wyj\u0105tkowego i spersonalizowanego. Ka\u017cdy mi\u0142o\u015bnik psa lub kota z ca\u0142\u0105 pewno\u015bci\u0105 doceni ten wyj\u0105tkowy odcisk \u0142apy ozdobiony mchem reniferowym umieszczony w gustownej br\u0105zowej ramce. Obrazek mo\u017cna postawi\u0107 na biurku, stole czy komodzie jak i zawiesi\u0107 na \u015bcianie. Polecamy r\u00f3wnie\u017c r\u00f3wnie\u017c wersj\u0119 z <\/span><a style=\"font-size: 16px; background-color: #ffffff;\" href=\"https:\/\/greenowacja.pl\/produkt\/odcisk-lapy-psa-ramka-z-mchem\/\">bia\u0142\u0105 ramk\u0105.<\/a><\/p>\n<h2><strong>Mo\u017cliwo\u015b\u0107 personalizacji imienia.<\/strong><\/h2>\n<p>Aby nada\u0107 prezentowi jeszcze wi\u0119kszego osobistego znaczenia, za ramce umieszczamy laserowy wyci\u0119ty napis z imieniem czworonoga. Mo\u017ce to by\u0107 imi\u0119 zar\u00f3wno psa lub kota. Tak spersonalizowany prezent na pewno zrobi wra\u017cenie na w\u0142a\u015bcicielu pieska lub kotka. Personalizacja napisu to zawsze mi\u0142a niespodzianka dla osoby obdarowanej i \u015bwiadczy o indywidualnym podej\u015bciu osoby wr\u0119czaj\u0105cej prezent.<\/p>\n<p><strong>Ramka z odciskiem \u0142apy<\/strong> to nie tylko pi\u0119kna ozdoba, ale tak\u017ce funkcjonalny przedmiot, kt\u00f3ry mo\u017cna postawi\u0107 w dowolnym miejscu. Passe-partout nadaje ramce elegancki wygl\u0105d. Dzi\u0119ki n\u00f3\u017cce obrazek mo\u017ce stan\u0105\u0107 na biurku, stoliku lub komodzie, dzi\u0119ki czemu odcisk \u0142apy staje si\u0119 wyj\u0105tkowym elementem wystroju wn\u0119trza. Odcisk \u0142apy wykonany jest z mchu reniferowego na podk\u0142adzie z juty.<\/p>\n<p>&nbsp;<\/p>\n<p><strong>Ramki z chrobotkiem sprawdz\u0105 si\u0119 \u015bwietnie je\u015bli:<\/strong><\/p>\n<p>&#8211; szukasz oryginalnego prezentu<\/p>\n<p>&#8211; szukasz prezentu dla mi\u0142o\u015bnika zwierz\u0105t<\/p>\n<p>&nbsp;<\/p>\n<p><strong>Dane techniczne:<\/strong><\/p>\n<ul>\n<li>szeroko\u015b\u0107 25 cm<\/li>\n<li>wysoko\u015b\u0107 25 cm<\/li>\n<li>ramka z passe-partout, z chrobotkiem reniferowym na podk\u0142adzie jutowym<\/li>\n<li>kolor ramki &#8211; br\u0105zowy<\/li>\n<\/ul>\n<p>Do ka\u017cdej naszej ramki dodajemy instrukcj\u0119 z informacjami jak dba\u0107 chrobotka reniferowego.<\/p>\n","protected":false},"excerpt":{"rendered":"<p>Odcisk \u0142apy psa lub kota w przepi\u0119knej br\u0105zowej ramce. \u0141apa psa wykonana z mchu chrobotka. \u015awietny pomys\u0142 na prezent dla w\u0142a\u015bciciela psa lub kota. Mo\u017cliwo\u015b\u0107 personalizacji imienia pupila.<\/p>\n","protected":false},"featured_media":3851,"template":"","meta":{"site-sidebar-layout":"default","site-content-layout":"","ast-site-content-layout":"default","site-content-style":"default","site-sidebar-style":"default","ast-global-header-display":"","ast-banner-title-visibility":"","ast-main-header-display":"","ast-hfb-above-header-display":"","ast-hfb-below-header-display":"","ast-hfb-mobile-header-display":"","site-post-title":"","ast-breadcrumbs-content":"","ast-featured-img":"","footer-sml-layout":"","theme-transparent-header-meta":"default","adv-header-id-meta":"","stick-header-meta":"","header-above-stick-meta":"","header-main-stick-meta":"","header-below-stick-meta":"","astra-migrate-meta-layouts":"set","ast-page-background-enabled":"default","ast-page-background-meta":{"desktop":{"background-color":"","background-image":"","background-repeat":"repeat","background-position":"center center","background-size":"auto","background-attachment":"scroll","background-type":"","background-media":"","overlay-type":"","overlay-color":"","overlay-opacity":"","overlay-gradient":""},"tablet":{"background-color":"","background-image":"","background-repeat":"repeat","background-position":"center center","background-size":"auto","background-attachment":"scroll","background-type":"","background-media":"","overlay-type":"","overlay-color":"","overlay-opacity":"","overlay-gradient":""},"mobile":{"background-color":"","background-image":"","background-repeat":"repeat","background-position":"center center","background-size":"auto","background-attachment":"scroll","background-type":"","background-media":"","overlay-type":"","overlay-color":"","overlay-opacity":"","overlay-gradient":""}},"ast-content-background-meta":{"desktop":{"background-color":"var(--ast-global-color-5)","background-image":"","background-repeat":"repeat","background-position":"center center","background-size":"auto","background-attachment":"scroll","background-type":"","background-media":"","overlay-type":"","overlay-color":"","overlay-opacity":"","overlay-gradient":""},"tablet":{"background-color":"var(--ast-global-color-5)","background-image":"","background-repeat":"repeat","background-position":"center center","background-size":"auto","background-attachment":"scroll","background-type":"","background-media":"","overlay-type":"","overlay-color":"","overlay-opacity":"","overlay-gradient":""},"mobile":{"background-color":"var(--ast-global-color-5)","background-image":"","background-repeat":"repeat","background-position":"center center","background-size":"auto","background-attachment":"scroll","background-type":"","background-media":"","overlay-type":"","overlay-color":"","overlay-opacity":"","overlay-gradient":""}}},"product_brand":[],"product_cat":[81,42,51,123,50],"product_tag":[],"class_list":{"0":"post-3850","1":"product","2":"type-product","3":"status-publish","4":"has-post-thumbnail","6":"product_cat-dla-milosnikow-zwierzat","7":"product_cat-obrazy-z-chrobotkiem","8":"product_cat-ozdoby-stojace-z-mchem","9":"product_cat-ramki-z-mchem","10":"product_cat-obrazy-ze-zwierzetami-z-mchu","11":"desktop-align-left","12":"tablet-align-left","13":"mobile-align-left","15":"first","16":"instock","17":"taxable","18":"shipping-taxable","19":"purchasable","20":"product-type-simple"},"yoast_head":"<!-- This site is optimized with the Yoast SEO plugin v27.4 - https:\/\/yoast.com\/product\/yoast-seo-wordpress\/ -->\n<title>Odcisk \u0142apy psa, br\u0105zowa ramka z mchem.<\/title>\n<meta name=\"description\" content=\"Odcisk \u0142apy psa w br\u0105zowej ramce. \u0141apa psa wykonana z mchu chrobotka. \u015awietny pomys\u0142 na prezent dla w\u0142a\u015bciciela psa lub kota.\" \/>\n<meta name=\"robots\" content=\"index, follow, max-snippet:-1, max-image-preview:large, max-video-preview:-1\" \/>\n<link rel=\"canonical\" href=\"https:\/\/greenowacja.pl\/produkt\/ramka-brazowa-odcisk-lapy-psa-copy\/\" \/>\n<meta property=\"og:locale\" content=\"pl_PL\" \/>\n<meta property=\"og:type\" content=\"article\" \/>\n<meta property=\"og:title\" content=\"Odcisk \u0142apy psa, br\u0105zowa ramka z mchem.\" \/>\n<meta property=\"og:description\" content=\"Odcisk \u0142apy psa w br\u0105zowej ramce. \u0141apa psa wykonana z mchu chrobotka. \u015awietny pomys\u0142 na prezent dla w\u0142a\u015bciciela psa lub kota.\" \/>\n<meta property=\"og:url\" content=\"https:\/\/greenowacja.pl\/produkt\/ramka-brazowa-odcisk-lapy-psa-copy\/\" \/>\n<meta property=\"og:site_name\" content=\"Ozdoby i prezenty z mchu | #u\u015bMECHnij si\u0119!\" \/>\n<meta property=\"article:publisher\" content=\"https:\/\/www.facebook.com\/Greenowacja\" \/>\n<meta property=\"article:modified_time\" content=\"2026-02-13T14:29:44+00:00\" \/>\n<meta property=\"og:image\" content=\"https:\/\/greenowacja.pl\/wp-content\/uploads\/2023\/10\/ramka-pies-brazowa.jpg\" \/>\n\t<meta property=\"og:image:width\" content=\"2560\" \/>\n\t<meta property=\"og:image:height\" content=\"2560\" \/>\n\t<meta property=\"og:image:type\" content=\"image\/jpeg\" \/>\n<meta name=\"twitter:card\" content=\"summary_large_image\" \/>\n<meta name=\"twitter:label1\" content=\"Szacowany czas czytania\" \/>\n\t<meta name=\"twitter:data1\" content=\"2 minuty\" \/>\n<script type=\"application\/ld+json\" class=\"yoast-schema-graph\">{\"@context\":\"https:\\\/\\\/schema.org\",\"@graph\":[{\"@type\":\"WebPage\",\"@id\":\"https:\\\/\\\/greenowacja.pl\\\/produkt\\\/ramka-brazowa-odcisk-lapy-psa-copy\\\/\",\"url\":\"https:\\\/\\\/greenowacja.pl\\\/produkt\\\/ramka-brazowa-odcisk-lapy-psa-copy\\\/\",\"name\":\"Odcisk \u0142apy psa, br\u0105zowa ramka z mchem.\",\"isPartOf\":{\"@id\":\"https:\\\/\\\/greenowacja.pl\\\/#website\"},\"primaryImageOfPage\":{\"@id\":\"https:\\\/\\\/greenowacja.pl\\\/produkt\\\/ramka-brazowa-odcisk-lapy-psa-copy\\\/#primaryimage\"},\"image\":{\"@id\":\"https:\\\/\\\/greenowacja.pl\\\/produkt\\\/ramka-brazowa-odcisk-lapy-psa-copy\\\/#primaryimage\"},\"thumbnailUrl\":\"https:\\\/\\\/greenowacja.pl\\\/wp-content\\\/uploads\\\/2023\\\/10\\\/ramka-pies-brazowa.jpg\",\"datePublished\":\"2023-10-27T09:20:19+00:00\",\"dateModified\":\"2026-02-13T14:29:44+00:00\",\"description\":\"Odcisk \u0142apy psa w br\u0105zowej ramce. \u0141apa psa wykonana z mchu chrobotka. \u015awietny pomys\u0142 na prezent dla w\u0142a\u015bciciela psa lub kota.\",\"breadcrumb\":{\"@id\":\"https:\\\/\\\/greenowacja.pl\\\/produkt\\\/ramka-brazowa-odcisk-lapy-psa-copy\\\/#breadcrumb\"},\"inLanguage\":\"pl-PL\",\"potentialAction\":[{\"@type\":\"ReadAction\",\"target\":[\"https:\\\/\\\/greenowacja.pl\\\/produkt\\\/ramka-brazowa-odcisk-lapy-psa-copy\\\/\"]}]},{\"@type\":\"ImageObject\",\"inLanguage\":\"pl-PL\",\"@id\":\"https:\\\/\\\/greenowacja.pl\\\/produkt\\\/ramka-brazowa-odcisk-lapy-psa-copy\\\/#primaryimage\",\"url\":\"https:\\\/\\\/greenowacja.pl\\\/wp-content\\\/uploads\\\/2023\\\/10\\\/ramka-pies-brazowa.jpg\",\"contentUrl\":\"https:\\\/\\\/greenowacja.pl\\\/wp-content\\\/uploads\\\/2023\\\/10\\\/ramka-pies-brazowa.jpg\",\"width\":2560,\"height\":2560,\"caption\":\"odcisk \u0142apy psa\"},{\"@type\":\"BreadcrumbList\",\"@id\":\"https:\\\/\\\/greenowacja.pl\\\/produkt\\\/ramka-brazowa-odcisk-lapy-psa-copy\\\/#breadcrumb\",\"itemListElement\":[{\"@type\":\"ListItem\",\"position\":1,\"name\":\"Strona g\u0142\u00f3wna\",\"item\":\"https:\\\/\\\/greenowacja.pl\\\/\"},{\"@type\":\"ListItem\",\"position\":2,\"name\":\"Sklep\",\"item\":\"https:\\\/\\\/greenowacja.pl\\\/sklep-z-mchem-chrobotkiem\\\/\"},{\"@type\":\"ListItem\",\"position\":3,\"name\":\"Ramka -br\u0105zowa- odcisk \u0142apy psa z mchu\"}]},{\"@type\":\"WebSite\",\"@id\":\"https:\\\/\\\/greenowacja.pl\\\/#website\",\"url\":\"https:\\\/\\\/greenowacja.pl\\\/\",\"name\":\"Ozdoby i prezenty z mchu | #u\u015bMECHnij si\u0119!\",\"description\":\"\",\"publisher\":{\"@id\":\"https:\\\/\\\/greenowacja.pl\\\/#organization\"},\"potentialAction\":[{\"@type\":\"SearchAction\",\"target\":{\"@type\":\"EntryPoint\",\"urlTemplate\":\"https:\\\/\\\/greenowacja.pl\\\/?s={search_term_string}\"},\"query-input\":{\"@type\":\"PropertyValueSpecification\",\"valueRequired\":true,\"valueName\":\"search_term_string\"}}],\"inLanguage\":\"pl-PL\"},{\"@type\":\"Organization\",\"@id\":\"https:\\\/\\\/greenowacja.pl\\\/#organization\",\"name\":\"Ozdoby i prezenty z mchu | #u\u015bMECHnij si\u0119!\",\"url\":\"https:\\\/\\\/greenowacja.pl\\\/\",\"logo\":{\"@type\":\"ImageObject\",\"inLanguage\":\"pl-PL\",\"@id\":\"https:\\\/\\\/greenowacja.pl\\\/#\\\/schema\\\/logo\\\/image\\\/\",\"url\":\"https:\\\/\\\/greenowacja.pl\\\/wp-content\\\/uploads\\\/2023\\\/08\\\/Logo-Greenowacja-wer-z-claimem-pozioma-2-kolory_Easy-Resize.com_.jpg\",\"contentUrl\":\"https:\\\/\\\/greenowacja.pl\\\/wp-content\\\/uploads\\\/2023\\\/08\\\/Logo-Greenowacja-wer-z-claimem-pozioma-2-kolory_Easy-Resize.com_.jpg\",\"width\":1280,\"height\":426,\"caption\":\"Ozdoby i prezenty z mchu | #u\u015bMECHnij si\u0119!\"},\"image\":{\"@id\":\"https:\\\/\\\/greenowacja.pl\\\/#\\\/schema\\\/logo\\\/image\\\/\"},\"sameAs\":[\"https:\\\/\\\/www.facebook.com\\\/Greenowacja\",\"https:\\\/\\\/www.instagram.com\\\/greenowacja\\\/\"]}]}<\/script>\n<!-- \/ Yoast SEO plugin. -->","yoast_head_json":{"title":"Odcisk \u0142apy psa, br\u0105zowa ramka z mchem.","description":"Odcisk \u0142apy psa w br\u0105zowej ramce. \u0141apa psa wykonana z mchu chrobotka. \u015awietny pomys\u0142 na prezent dla w\u0142a\u015bciciela psa lub kota.","robots":{"index":"index","follow":"follow","max-snippet":"max-snippet:-1","max-image-preview":"max-image-preview:large","max-video-preview":"max-video-preview:-1"},"canonical":"https:\/\/greenowacja.pl\/produkt\/ramka-brazowa-odcisk-lapy-psa-copy\/","og_locale":"pl_PL","og_type":"article","og_title":"Odcisk \u0142apy psa, br\u0105zowa ramka z mchem.","og_description":"Odcisk \u0142apy psa w br\u0105zowej ramce. \u0141apa psa wykonana z mchu chrobotka. \u015awietny pomys\u0142 na prezent dla w\u0142a\u015bciciela psa lub kota.","og_url":"https:\/\/greenowacja.pl\/produkt\/ramka-brazowa-odcisk-lapy-psa-copy\/","og_site_name":"Ozdoby i prezenty z mchu | #u\u015bMECHnij si\u0119!","article_publisher":"https:\/\/www.facebook.com\/Greenowacja","article_modified_time":"2026-02-13T14:29:44+00:00","og_image":[{"width":2560,"height":2560,"url":"https:\/\/greenowacja.pl\/wp-content\/uploads\/2023\/10\/ramka-pies-brazowa.jpg","type":"image\/jpeg"}],"twitter_card":"summary_large_image","twitter_misc":{"Szacowany czas czytania":"2 minuty"},"schema":{"@context":"https:\/\/schema.org","@graph":[{"@type":"WebPage","@id":"https:\/\/greenowacja.pl\/produkt\/ramka-brazowa-odcisk-lapy-psa-copy\/","url":"https:\/\/greenowacja.pl\/produkt\/ramka-brazowa-odcisk-lapy-psa-copy\/","name":"Odcisk \u0142apy psa, br\u0105zowa ramka z mchem.","isPartOf":{"@id":"https:\/\/greenowacja.pl\/#website"},"primaryImageOfPage":{"@id":"https:\/\/greenowacja.pl\/produkt\/ramka-brazowa-odcisk-lapy-psa-copy\/#primaryimage"},"image":{"@id":"https:\/\/greenowacja.pl\/produkt\/ramka-brazowa-odcisk-lapy-psa-copy\/#primaryimage"},"thumbnailUrl":"https:\/\/greenowacja.pl\/wp-content\/uploads\/2023\/10\/ramka-pies-brazowa.jpg","datePublished":"2023-10-27T09:20:19+00:00","dateModified":"2026-02-13T14:29:44+00:00","description":"Odcisk \u0142apy psa w br\u0105zowej ramce. \u0141apa psa wykonana z mchu chrobotka. \u015awietny pomys\u0142 na prezent dla w\u0142a\u015bciciela psa lub kota.","breadcrumb":{"@id":"https:\/\/greenowacja.pl\/produkt\/ramka-brazowa-odcisk-lapy-psa-copy\/#breadcrumb"},"inLanguage":"pl-PL","potentialAction":[{"@type":"ReadAction","target":["https:\/\/greenowacja.pl\/produkt\/ramka-brazowa-odcisk-lapy-psa-copy\/"]}]},{"@type":"ImageObject","inLanguage":"pl-PL","@id":"https:\/\/greenowacja.pl\/produkt\/ramka-brazowa-odcisk-lapy-psa-copy\/#primaryimage","url":"https:\/\/greenowacja.pl\/wp-content\/uploads\/2023\/10\/ramka-pies-brazowa.jpg","contentUrl":"https:\/\/greenowacja.pl\/wp-content\/uploads\/2023\/10\/ramka-pies-brazowa.jpg","width":2560,"height":2560,"caption":"odcisk \u0142apy psa"},{"@type":"BreadcrumbList","@id":"https:\/\/greenowacja.pl\/produkt\/ramka-brazowa-odcisk-lapy-psa-copy\/#breadcrumb","itemListElement":[{"@type":"ListItem","position":1,"name":"Strona g\u0142\u00f3wna","item":"https:\/\/greenowacja.pl\/"},{"@type":"ListItem","position":2,"name":"Sklep","item":"https:\/\/greenowacja.pl\/sklep-z-mchem-chrobotkiem\/"},{"@type":"ListItem","position":3,"name":"Ramka -br\u0105zowa- odcisk \u0142apy psa z mchu"}]},{"@type":"WebSite","@id":"https:\/\/greenowacja.pl\/#website","url":"https:\/\/greenowacja.pl\/","name":"Ozdoby i prezenty z mchu | #u\u015bMECHnij si\u0119!","description":"","publisher":{"@id":"https:\/\/greenowacja.pl\/#organization"},"potentialAction":[{"@type":"SearchAction","target":{"@type":"EntryPoint","urlTemplate":"https:\/\/greenowacja.pl\/?s={search_term_string}"},"query-input":{"@type":"PropertyValueSpecification","valueRequired":true,"valueName":"search_term_string"}}],"inLanguage":"pl-PL"},{"@type":"Organization","@id":"https:\/\/greenowacja.pl\/#organization","name":"Ozdoby i prezenty z mchu | #u\u015bMECHnij si\u0119!","url":"https:\/\/greenowacja.pl\/","logo":{"@type":"ImageObject","inLanguage":"pl-PL","@id":"https:\/\/greenowacja.pl\/#\/schema\/logo\/image\/","url":"https:\/\/greenowacja.pl\/wp-content\/uploads\/2023\/08\/Logo-Greenowacja-wer-z-claimem-pozioma-2-kolory_Easy-Resize.com_.jpg","contentUrl":"https:\/\/greenowacja.pl\/wp-content\/uploads\/2023\/08\/Logo-Greenowacja-wer-z-claimem-pozioma-2-kolory_Easy-Resize.com_.jpg","width":1280,"height":426,"caption":"Ozdoby i prezenty z mchu | #u\u015bMECHnij si\u0119!"},"image":{"@id":"https:\/\/greenowacja.pl\/#\/schema\/logo\/image\/"},"sameAs":["https:\/\/www.facebook.com\/Greenowacja","https:\/\/www.instagram.com\/greenowacja\/"]}]}},"_links":{"self":[{"href":"https:\/\/greenowacja.pl\/wp-json\/wp\/v2\/product\/3850","targetHints":{"allow":["GET"]}}],"collection":[{"href":"https:\/\/greenowacja.pl\/wp-json\/wp\/v2\/product"}],"about":[{"href":"https:\/\/greenowacja.pl\/wp-json\/wp\/v2\/types\/product"}],"wp:featuredmedia":[{"embeddable":true,"href":"https:\/\/greenowacja.pl\/wp-json\/wp\/v2\/media\/3851"}],"wp:attachment":[{"href":"https:\/\/greenowacja.pl\/wp-json\/wp\/v2\/media?parent=3850"}],"wp:term":[{"taxonomy":"product_brand","embeddable":true,"href":"https:\/\/greenowacja.pl\/wp-json\/wp\/v2\/product_brand?post=3850"},{"taxonomy":"product_cat","embeddable":true,"href":"https:\/\/greenowacja.pl\/wp-json\/wp\/v2\/product_cat?post=3850"},{"taxonomy":"product_tag","embeddable":true,"href":"https:\/\/greenowacja.pl\/wp-json\/wp\/v2\/product_tag?post=3850"}],"curies":[{"name":"wp","href":"https:\/\/api.w.org\/{rel}","templated":true}]}}