{"id":4006,"date":"2023-11-06T09:51:43","date_gmt":"2023-11-06T08:51:43","guid":{"rendered":"https:\/\/greenowacja.pl\/?post_type=product&#038;p=4006"},"modified":"2024-12-05T12:53:27","modified_gmt":"2024-12-05T11:53:27","slug":"obraz-drzewo-z-mchu-w-pudelku-2","status":"publish","type":"product","link":"https:\/\/greenowacja.pl\/produkt\/obraz-drzewo-z-mchu-w-pudelku-2\/","title":{"rendered":"Obraz drzewo z mchu, w pude\u0142ku \u015bwi\u0105tecznym, 20cm."},"content":{"rendered":"<h1>Obraz drzewo z mchu, w pude\u0142ku \u015bwi\u0105tecznym, 20cm.<\/h1>\n<p>&nbsp;<\/p>\n<p><em>Lampki widoczne na zdj\u0119ciach s\u0105 elementem aran\u017cacji fotograficznej. Nie s\u0105 w zestawie.<\/em><\/p>\n<p><strong>Chcesz sprawi\u0107 bliskiej osobie wyj\u0105tkowy prezent \u015bwi\u0105teczny?<\/strong><\/p>\n<p>Obraz drzewo z mchu to wyj\u0105tkowy prezent dla bliskich. Nasze propozycje na \u015bwi\u0105teczne prezenty to niecodzienne ozdoby z mchem chrobotkiem. Urocze drzewko ozdobione napisem &#8222;weso\u0142ych \u015bwi\u0105t&#8221;, w gustownym pude\u0142ku to gotowa propozycja na \u015bwi\u0105teczny podarunek. To niezwyk\u0142a dekoracja, kt\u00f3ra \u0142\u0105czy w sobie natur\u0119 i elegancj\u0119. Zr\u00f3b wra\u017cenie na bliskiej osobie daj\u0105c jej co\u015b nietuzinkowego.<\/p>\n<p><strong>Chcesz stworzy\u0107 magiczny klimat \u015bwi\u0105t w swoim domu?<\/strong><\/p>\n<p>Dzi\u0119ki stabilizacji mchu, b\u0119dzie to trwa\u0142a ozdoba na lata. Co czyni go jeszcze bardziej wyj\u0105tkowym? To \u017cywy, soczysty kolor zieleni, kt\u00f3ry \u015bwietnie komponuje si\u0119 z innymi ozdobami \u015bwi\u0105tecznymi takimi jak stroiki, wie\u0144ce, \u017cywa choinka. Dzi\u0119ki specjalnej stabilizacji, mchu, nie trzeba go\u00a0 podlewa\u0107 ani piel\u0119gnowa\u0107, a mimo to zachowuje on sw\u00f3j \u015bwie\u017cy wygl\u0105d na lata.<\/p>\n<p>&nbsp;<\/p>\n<p><strong>Cechy produktu:<\/strong><\/p>\n<ul>\n<li><strong>Podk\u0142ad p\u0142yta HDF<\/strong>: nasza ozdoba wykonana jest na solidnym podk\u0142adzie z p\u0142yty pil\u015bniowej, co sprawia, \u017ce jest wytrzyma\u0142y i trwa\u0142y.<\/li>\n<li><strong>Wype\u0142nienie:<\/strong> Porost chrobotek reniferowy z Finlandii, sprawia, ze obraz\u00a0 jest pi\u0119kny i robi wra\u017cenie. Ponadto nie trzeba go piel\u0119gnowa\u0107 ani podlewa\u0107.<\/li>\n<li><strong>Napis &#8222;Weso\u0142ych \u015awi\u0105t&#8221; wyci\u0119ty laserowo:<\/strong> Dodatkowo, na naszym obrazie znajduje si\u0119 napis &#8222;Weso\u0142ych \u015awi\u0105t&#8221;, kt\u00f3ry zosta\u0142 precyzyjnie wyci\u0119ty laserowo. To elegancki akcent, kt\u00f3ry dodaje \u015bwi\u0105tecznego klimatu.<\/li>\n<li><strong>Specjalne pude\u0142ko \u015bwi\u0105teczne:<\/strong> Nasz &#8222;Obraz Drzewo z Mchu&#8221; prezentowany jest w uroczym pude\u0142ku \u015bwi\u0105tecznym ozdobionym gwiazdkami. Dzi\u0119ki temu idealnie nadaje si\u0119 na prezent dla bliskiej osoby.<\/li>\n<li><strong>\u015arednica drzewka:<\/strong> Obraz ma \u015brednic\u0119 20 cm, co sprawia, \u017ce jest doskona\u0142ym rozmiarem do zawieszenia na \u015bcianie.<\/li>\n<\/ul>\n<p>Ten wyj\u0105tkowy obraz drzewa z mchu to nie tylko dekoracja, ale r\u00f3wnie\u017c akcent, kt\u00f3ry przypomina o magii Bo\u017cego Narodzenia. Dodaj troch\u0119 przyrody i \u015bwi\u0105tecznej rado\u015bci do swojego domu lub obdaruj nim kogo\u015b bliskiego jako prezent.<\/p>\n","protected":false},"excerpt":{"rendered":"<p>Szukasz wyj\u0105tkowego prezentu \u015bwi\u0105tecznego dla swoich bliskich? Nasz &#8222;Obraz Drzewo z Mchu w Pude\u0142ku \u015awi\u0105tecznym&#8221; to idealna propozycja! To nie tylko pi\u0119kna ozdoba, ale tak\u017ce akcent, kt\u00f3ry wnosi do wn\u0119trza element natury i magii Bo\u017cego Narodzenia. Ten uroczy obraz drzewa z mchem, wraz z wyci\u0119tym laserowo napisem &#8222;Weso\u0142ych \u015awi\u0105t&#8221;, prezentowany jest w eleganckim pude\u0142ku ozdobionym gwiazdkami. Dzi\u0119ki specjalnej stabilizacji mchu, zachowuje on \u015bwie\u017cy wygl\u0105d na lata. To niepowtarzalny prezent, kt\u00f3ry dostarczy wiele rado\u015bci i stworzy niezapomnian\u0105 atmosfer\u0119 \u015bwi\u0105t. Wybierz co\u015b wyj\u0105tkowego dla swoich bliskich ju\u017c teraz!<\/p>\n<p><em>Lampki widoczne na zdj\u0119ciach s\u0105 elementem aran\u017cacji fotograficznej. Nie s\u0105 w zestawie.<\/em><\/p>\n","protected":false},"featured_media":4007,"template":"","meta":{"site-sidebar-layout":"default","site-content-layout":"","ast-site-content-layout":"default","site-content-style":"default","site-sidebar-style":"default","ast-global-header-display":"","ast-banner-title-visibility":"","ast-main-header-display":"","ast-hfb-above-header-display":"","ast-hfb-below-header-display":"","ast-hfb-mobile-header-display":"","site-post-title":"","ast-breadcrumbs-content":"","ast-featured-img":"","footer-sml-layout":"","theme-transparent-header-meta":"default","adv-header-id-meta":"","stick-header-meta":"","header-above-stick-meta":"","header-main-stick-meta":"","header-below-stick-meta":"","astra-migrate-meta-layouts":"set","ast-page-background-enabled":"default","ast-page-background-meta":{"desktop":{"background-color":"","background-image":"","background-repeat":"repeat","background-position":"center center","background-size":"auto","background-attachment":"scroll","background-type":"","background-media":"","overlay-type":"","overlay-color":"","overlay-opacity":"","overlay-gradient":""},"tablet":{"background-color":"","background-image":"","background-repeat":"repeat","background-position":"center center","background-size":"auto","background-attachment":"scroll","background-type":"","background-media":"","overlay-type":"","overlay-color":"","overlay-opacity":"","overlay-gradient":""},"mobile":{"background-color":"","background-image":"","background-repeat":"repeat","background-position":"center center","background-size":"auto","background-attachment":"scroll","background-type":"","background-media":"","overlay-type":"","overlay-color":"","overlay-opacity":"","overlay-gradient":""}},"ast-content-background-meta":{"desktop":{"background-color":"var(--ast-global-color-5)","background-image":"","background-repeat":"repeat","background-position":"center center","background-size":"auto","background-attachment":"scroll","background-type":"","background-media":"","overlay-type":"","overlay-color":"","overlay-opacity":"","overlay-gradient":""},"tablet":{"background-color":"var(--ast-global-color-5)","background-image":"","background-repeat":"repeat","background-position":"center center","background-size":"auto","background-attachment":"scroll","background-type":"","background-media":"","overlay-type":"","overlay-color":"","overlay-opacity":"","overlay-gradient":""},"mobile":{"background-color":"var(--ast-global-color-5)","background-image":"","background-repeat":"repeat","background-position":"center center","background-size":"auto","background-attachment":"scroll","background-type":"","background-media":"","overlay-type":"","overlay-color":"","overlay-opacity":"","overlay-gradient":""}}},"product_brand":[],"product_cat":[79],"product_tag":[],"class_list":{"0":"post-4006","1":"product","2":"type-product","3":"status-publish","4":"has-post-thumbnail","6":"product_cat-prezenty-na-swieta","7":"desktop-align-left","8":"tablet-align-left","9":"mobile-align-left","11":"first","12":"instock","13":"taxable","14":"shipping-taxable","15":"purchasable","16":"product-type-simple"},"yoast_head":"<!-- This site is optimized with the Yoast SEO plugin v27.4 - https:\/\/yoast.com\/product\/yoast-seo-wordpress\/ -->\n<title>obraz drzewo z mchu w pude\u0142ku<\/title>\n<meta name=\"description\" content=\"Szukasz wyj\u0105tkowego prezentu \u015bwi\u0105tecznego dla swoich bliskich? Nasz &quot;Obraz Drzewo z Mchu w Pude\u0142ku \u015awi\u0105tecznym&quot; to idealna propozycja!\" \/>\n<meta name=\"robots\" content=\"index, follow, max-snippet:-1, max-image-preview:large, max-video-preview:-1\" \/>\n<link rel=\"canonical\" href=\"https:\/\/greenowacja.pl\/produkt\/obraz-drzewo-z-mchu-w-pudelku-2\/\" \/>\n<meta property=\"og:locale\" content=\"pl_PL\" \/>\n<meta property=\"og:type\" content=\"article\" \/>\n<meta property=\"og:title\" content=\"obraz drzewo z mchu w pude\u0142ku\" \/>\n<meta property=\"og:description\" content=\"Szukasz wyj\u0105tkowego prezentu \u015bwi\u0105tecznego dla swoich bliskich? Nasz &quot;Obraz Drzewo z Mchu w Pude\u0142ku \u015awi\u0105tecznym&quot; to idealna propozycja!\" \/>\n<meta property=\"og:url\" content=\"https:\/\/greenowacja.pl\/produkt\/obraz-drzewo-z-mchu-w-pudelku-2\/\" \/>\n<meta property=\"og:site_name\" content=\"Ozdoby i prezenty z mchu | #u\u015bMECHnij si\u0119!\" \/>\n<meta property=\"article:publisher\" content=\"https:\/\/www.facebook.com\/Greenowacja\" \/>\n<meta property=\"article:modified_time\" content=\"2024-12-05T11:53:27+00:00\" \/>\n<meta property=\"og:image\" content=\"https:\/\/greenowacja.pl\/wp-content\/uploads\/2023\/11\/drzewko-20cm-w-pudelku-swiatecznym.jpg\" \/>\n\t<meta property=\"og:image:width\" content=\"1280\" \/>\n\t<meta property=\"og:image:height\" content=\"1280\" \/>\n\t<meta property=\"og:image:type\" content=\"image\/jpeg\" \/>\n<meta name=\"twitter:card\" content=\"summary_large_image\" \/>\n<meta name=\"twitter:label1\" content=\"Szacowany czas czytania\" \/>\n\t<meta name=\"twitter:data1\" content=\"2 minuty\" \/>\n<script type=\"application\/ld+json\" class=\"yoast-schema-graph\">{\"@context\":\"https:\\\/\\\/schema.org\",\"@graph\":[{\"@type\":\"WebPage\",\"@id\":\"https:\\\/\\\/greenowacja.pl\\\/produkt\\\/obraz-drzewo-z-mchu-w-pudelku-2\\\/\",\"url\":\"https:\\\/\\\/greenowacja.pl\\\/produkt\\\/obraz-drzewo-z-mchu-w-pudelku-2\\\/\",\"name\":\"obraz drzewo z mchu w pude\u0142ku\",\"isPartOf\":{\"@id\":\"https:\\\/\\\/greenowacja.pl\\\/#website\"},\"primaryImageOfPage\":{\"@id\":\"https:\\\/\\\/greenowacja.pl\\\/produkt\\\/obraz-drzewo-z-mchu-w-pudelku-2\\\/#primaryimage\"},\"image\":{\"@id\":\"https:\\\/\\\/greenowacja.pl\\\/produkt\\\/obraz-drzewo-z-mchu-w-pudelku-2\\\/#primaryimage\"},\"thumbnailUrl\":\"https:\\\/\\\/greenowacja.pl\\\/wp-content\\\/uploads\\\/2023\\\/11\\\/drzewko-20cm-w-pudelku-swiatecznym.jpg\",\"datePublished\":\"2023-11-06T08:51:43+00:00\",\"dateModified\":\"2024-12-05T11:53:27+00:00\",\"description\":\"Szukasz wyj\u0105tkowego prezentu \u015bwi\u0105tecznego dla swoich bliskich? Nasz \\\"Obraz Drzewo z Mchu w Pude\u0142ku \u015awi\u0105tecznym\\\" to idealna propozycja!\",\"breadcrumb\":{\"@id\":\"https:\\\/\\\/greenowacja.pl\\\/produkt\\\/obraz-drzewo-z-mchu-w-pudelku-2\\\/#breadcrumb\"},\"inLanguage\":\"pl-PL\",\"potentialAction\":[{\"@type\":\"ReadAction\",\"target\":[\"https:\\\/\\\/greenowacja.pl\\\/produkt\\\/obraz-drzewo-z-mchu-w-pudelku-2\\\/\"]}]},{\"@type\":\"ImageObject\",\"inLanguage\":\"pl-PL\",\"@id\":\"https:\\\/\\\/greenowacja.pl\\\/produkt\\\/obraz-drzewo-z-mchu-w-pudelku-2\\\/#primaryimage\",\"url\":\"https:\\\/\\\/greenowacja.pl\\\/wp-content\\\/uploads\\\/2023\\\/11\\\/drzewko-20cm-w-pudelku-swiatecznym.jpg\",\"contentUrl\":\"https:\\\/\\\/greenowacja.pl\\\/wp-content\\\/uploads\\\/2023\\\/11\\\/drzewko-20cm-w-pudelku-swiatecznym.jpg\",\"width\":1280,\"height\":1280,\"caption\":\"obraz drzewo z mchu w pude\u0142ku\"},{\"@type\":\"BreadcrumbList\",\"@id\":\"https:\\\/\\\/greenowacja.pl\\\/produkt\\\/obraz-drzewo-z-mchu-w-pudelku-2\\\/#breadcrumb\",\"itemListElement\":[{\"@type\":\"ListItem\",\"position\":1,\"name\":\"Strona g\u0142\u00f3wna\",\"item\":\"https:\\\/\\\/greenowacja.pl\\\/\"},{\"@type\":\"ListItem\",\"position\":2,\"name\":\"Sklep\",\"item\":\"https:\\\/\\\/greenowacja.pl\\\/sklep-z-mchem-chrobotkiem\\\/\"},{\"@type\":\"ListItem\",\"position\":3,\"name\":\"Obraz drzewo z mchu, w pude\u0142ku \u015bwi\u0105tecznym, 20cm.\"}]},{\"@type\":\"WebSite\",\"@id\":\"https:\\\/\\\/greenowacja.pl\\\/#website\",\"url\":\"https:\\\/\\\/greenowacja.pl\\\/\",\"name\":\"Ozdoby i prezenty z mchu | #u\u015bMECHnij si\u0119!\",\"description\":\"\",\"publisher\":{\"@id\":\"https:\\\/\\\/greenowacja.pl\\\/#organization\"},\"potentialAction\":[{\"@type\":\"SearchAction\",\"target\":{\"@type\":\"EntryPoint\",\"urlTemplate\":\"https:\\\/\\\/greenowacja.pl\\\/?s={search_term_string}\"},\"query-input\":{\"@type\":\"PropertyValueSpecification\",\"valueRequired\":true,\"valueName\":\"search_term_string\"}}],\"inLanguage\":\"pl-PL\"},{\"@type\":\"Organization\",\"@id\":\"https:\\\/\\\/greenowacja.pl\\\/#organization\",\"name\":\"Ozdoby i prezenty z mchu | #u\u015bMECHnij si\u0119!\",\"url\":\"https:\\\/\\\/greenowacja.pl\\\/\",\"logo\":{\"@type\":\"ImageObject\",\"inLanguage\":\"pl-PL\",\"@id\":\"https:\\\/\\\/greenowacja.pl\\\/#\\\/schema\\\/logo\\\/image\\\/\",\"url\":\"https:\\\/\\\/greenowacja.pl\\\/wp-content\\\/uploads\\\/2023\\\/08\\\/Logo-Greenowacja-wer-z-claimem-pozioma-2-kolory_Easy-Resize.com_.jpg\",\"contentUrl\":\"https:\\\/\\\/greenowacja.pl\\\/wp-content\\\/uploads\\\/2023\\\/08\\\/Logo-Greenowacja-wer-z-claimem-pozioma-2-kolory_Easy-Resize.com_.jpg\",\"width\":1280,\"height\":426,\"caption\":\"Ozdoby i prezenty z mchu | #u\u015bMECHnij si\u0119!\"},\"image\":{\"@id\":\"https:\\\/\\\/greenowacja.pl\\\/#\\\/schema\\\/logo\\\/image\\\/\"},\"sameAs\":[\"https:\\\/\\\/www.facebook.com\\\/Greenowacja\",\"https:\\\/\\\/www.instagram.com\\\/greenowacja\\\/\"]}]}<\/script>\n<!-- \/ Yoast SEO plugin. -->","yoast_head_json":{"title":"obraz drzewo z mchu w pude\u0142ku","description":"Szukasz wyj\u0105tkowego prezentu \u015bwi\u0105tecznego dla swoich bliskich? Nasz \"Obraz Drzewo z Mchu w Pude\u0142ku \u015awi\u0105tecznym\" to idealna propozycja!","robots":{"index":"index","follow":"follow","max-snippet":"max-snippet:-1","max-image-preview":"max-image-preview:large","max-video-preview":"max-video-preview:-1"},"canonical":"https:\/\/greenowacja.pl\/produkt\/obraz-drzewo-z-mchu-w-pudelku-2\/","og_locale":"pl_PL","og_type":"article","og_title":"obraz drzewo z mchu w pude\u0142ku","og_description":"Szukasz wyj\u0105tkowego prezentu \u015bwi\u0105tecznego dla swoich bliskich? Nasz \"Obraz Drzewo z Mchu w Pude\u0142ku \u015awi\u0105tecznym\" to idealna propozycja!","og_url":"https:\/\/greenowacja.pl\/produkt\/obraz-drzewo-z-mchu-w-pudelku-2\/","og_site_name":"Ozdoby i prezenty z mchu | #u\u015bMECHnij si\u0119!","article_publisher":"https:\/\/www.facebook.com\/Greenowacja","article_modified_time":"2024-12-05T11:53:27+00:00","og_image":[{"width":1280,"height":1280,"url":"https:\/\/greenowacja.pl\/wp-content\/uploads\/2023\/11\/drzewko-20cm-w-pudelku-swiatecznym.jpg","type":"image\/jpeg"}],"twitter_card":"summary_large_image","twitter_misc":{"Szacowany czas czytania":"2 minuty"},"schema":{"@context":"https:\/\/schema.org","@graph":[{"@type":"WebPage","@id":"https:\/\/greenowacja.pl\/produkt\/obraz-drzewo-z-mchu-w-pudelku-2\/","url":"https:\/\/greenowacja.pl\/produkt\/obraz-drzewo-z-mchu-w-pudelku-2\/","name":"obraz drzewo z mchu w pude\u0142ku","isPartOf":{"@id":"https:\/\/greenowacja.pl\/#website"},"primaryImageOfPage":{"@id":"https:\/\/greenowacja.pl\/produkt\/obraz-drzewo-z-mchu-w-pudelku-2\/#primaryimage"},"image":{"@id":"https:\/\/greenowacja.pl\/produkt\/obraz-drzewo-z-mchu-w-pudelku-2\/#primaryimage"},"thumbnailUrl":"https:\/\/greenowacja.pl\/wp-content\/uploads\/2023\/11\/drzewko-20cm-w-pudelku-swiatecznym.jpg","datePublished":"2023-11-06T08:51:43+00:00","dateModified":"2024-12-05T11:53:27+00:00","description":"Szukasz wyj\u0105tkowego prezentu \u015bwi\u0105tecznego dla swoich bliskich? Nasz \"Obraz Drzewo z Mchu w Pude\u0142ku \u015awi\u0105tecznym\" to idealna propozycja!","breadcrumb":{"@id":"https:\/\/greenowacja.pl\/produkt\/obraz-drzewo-z-mchu-w-pudelku-2\/#breadcrumb"},"inLanguage":"pl-PL","potentialAction":[{"@type":"ReadAction","target":["https:\/\/greenowacja.pl\/produkt\/obraz-drzewo-z-mchu-w-pudelku-2\/"]}]},{"@type":"ImageObject","inLanguage":"pl-PL","@id":"https:\/\/greenowacja.pl\/produkt\/obraz-drzewo-z-mchu-w-pudelku-2\/#primaryimage","url":"https:\/\/greenowacja.pl\/wp-content\/uploads\/2023\/11\/drzewko-20cm-w-pudelku-swiatecznym.jpg","contentUrl":"https:\/\/greenowacja.pl\/wp-content\/uploads\/2023\/11\/drzewko-20cm-w-pudelku-swiatecznym.jpg","width":1280,"height":1280,"caption":"obraz drzewo z mchu w pude\u0142ku"},{"@type":"BreadcrumbList","@id":"https:\/\/greenowacja.pl\/produkt\/obraz-drzewo-z-mchu-w-pudelku-2\/#breadcrumb","itemListElement":[{"@type":"ListItem","position":1,"name":"Strona g\u0142\u00f3wna","item":"https:\/\/greenowacja.pl\/"},{"@type":"ListItem","position":2,"name":"Sklep","item":"https:\/\/greenowacja.pl\/sklep-z-mchem-chrobotkiem\/"},{"@type":"ListItem","position":3,"name":"Obraz drzewo z mchu, w pude\u0142ku \u015bwi\u0105tecznym, 20cm."}]},{"@type":"WebSite","@id":"https:\/\/greenowacja.pl\/#website","url":"https:\/\/greenowacja.pl\/","name":"Ozdoby i prezenty z mchu | #u\u015bMECHnij si\u0119!","description":"","publisher":{"@id":"https:\/\/greenowacja.pl\/#organization"},"potentialAction":[{"@type":"SearchAction","target":{"@type":"EntryPoint","urlTemplate":"https:\/\/greenowacja.pl\/?s={search_term_string}"},"query-input":{"@type":"PropertyValueSpecification","valueRequired":true,"valueName":"search_term_string"}}],"inLanguage":"pl-PL"},{"@type":"Organization","@id":"https:\/\/greenowacja.pl\/#organization","name":"Ozdoby i prezenty z mchu | #u\u015bMECHnij si\u0119!","url":"https:\/\/greenowacja.pl\/","logo":{"@type":"ImageObject","inLanguage":"pl-PL","@id":"https:\/\/greenowacja.pl\/#\/schema\/logo\/image\/","url":"https:\/\/greenowacja.pl\/wp-content\/uploads\/2023\/08\/Logo-Greenowacja-wer-z-claimem-pozioma-2-kolory_Easy-Resize.com_.jpg","contentUrl":"https:\/\/greenowacja.pl\/wp-content\/uploads\/2023\/08\/Logo-Greenowacja-wer-z-claimem-pozioma-2-kolory_Easy-Resize.com_.jpg","width":1280,"height":426,"caption":"Ozdoby i prezenty z mchu | #u\u015bMECHnij si\u0119!"},"image":{"@id":"https:\/\/greenowacja.pl\/#\/schema\/logo\/image\/"},"sameAs":["https:\/\/www.facebook.com\/Greenowacja","https:\/\/www.instagram.com\/greenowacja\/"]}]}},"_links":{"self":[{"href":"https:\/\/greenowacja.pl\/wp-json\/wp\/v2\/product\/4006","targetHints":{"allow":["GET"]}}],"collection":[{"href":"https:\/\/greenowacja.pl\/wp-json\/wp\/v2\/product"}],"about":[{"href":"https:\/\/greenowacja.pl\/wp-json\/wp\/v2\/types\/product"}],"wp:featuredmedia":[{"embeddable":true,"href":"https:\/\/greenowacja.pl\/wp-json\/wp\/v2\/media\/4007"}],"wp:attachment":[{"href":"https:\/\/greenowacja.pl\/wp-json\/wp\/v2\/media?parent=4006"}],"wp:term":[{"taxonomy":"product_brand","embeddable":true,"href":"https:\/\/greenowacja.pl\/wp-json\/wp\/v2\/product_brand?post=4006"},{"taxonomy":"product_cat","embeddable":true,"href":"https:\/\/greenowacja.pl\/wp-json\/wp\/v2\/product_cat?post=4006"},{"taxonomy":"product_tag","embeddable":true,"href":"https:\/\/greenowacja.pl\/wp-json\/wp\/v2\/product_tag?post=4006"}],"curies":[{"name":"wp","href":"https:\/\/api.w.org\/{rel}","templated":true}]}}