{"id":4012,"date":"2023-11-06T10:12:14","date_gmt":"2023-11-06T09:12:14","guid":{"rendered":"https:\/\/greenowacja.pl\/?post_type=product&#038;p=4012"},"modified":"2025-11-24T12:23:58","modified_gmt":"2025-11-24T11:23:58","slug":"obraz-drzewo-z-mchu-w-pudelku-swiatecznym-30cm","status":"publish","type":"product","link":"https:\/\/greenowacja.pl\/produkt\/obraz-drzewo-z-mchu-w-pudelku-swiatecznym-30cm\/","title":{"rendered":"Obraz drzewo z mchu, w pude\u0142ku \u015bwi\u0105tecznym, 30cm."},"content":{"rendered":"<h1>Obraz drzewo z mchu, w pude\u0142ku \u015bwi\u0105tecznym, 30cm.<\/h1>\n<p>\ud83c\udf84 <strong>Chcesz sprawi\u0107 bliskiej osobie wyj\u0105tkowy prezent \u015bwi\u0105teczny?<\/strong> \ud83c\udf81<\/p>\n<p><strong>Obraz Drzewo z Mchu<\/strong> to elegancki i nietuzinkowy prezent, kt\u00f3ry zachwyci ka\u017cdego. Naturalne pi\u0119kno mchu chrobotka, zamkni\u0119te w urokliwym \u015bwi\u0105tecznym pude\u0142ku, tworzy gotow\u0105 propozycj\u0119 na niezapomniany podarunek. <strong>Symbol natury i trwa\u0142o\u015bci<\/strong>, w po\u0142\u0105czeniu z elegancj\u0105, wniesie wyj\u0105tkowy akcent do ka\u017cdego wn\u0119trza.<\/p>\n<p>\u2728 <strong>Zr\u00f3b wra\u017cenie na bliskich, wybieraj\u0105c prezent, kt\u00f3ry \u0142\u0105czy przyrod\u0119 z magi\u0105 \u015bwi\u0105t!<\/strong> \u2728<\/p>\n<p>&nbsp;<\/p>\n<h5><strong>\u015awie\u017co\u015b\u0107 do momentu wr\u0119czenia ! (b\u0119dzie pi\u0119kny na lata)<\/strong><\/h5>\n<p>Kupuj\u0105c u nas produkt z chrobotkiem reniferowym, mo\u017cesz mie\u0107 pewno\u015b\u0107, \u017ce zachowa on swoj\u0105 \u015bwie\u017co\u015b\u0107 i pi\u0119kny wygl\u0105d <strong>\u00a0do momentu wr\u0119czenia<\/strong>. Dzi\u0119ki stabilizacji chrobotek nie wi\u0119dnie, nie traci koloru ani mi\u0119kko\u015bci, nawet je\u015bli pozostaje zapakowany przez d\u0142u\u017cszy czas. To niezawodna ozdoba, kt\u00f3ra \u015bwietnie sprawdzi si\u0119 jako \u015bwi\u0105teczny prezent, gotowy do zachwycenia obdarowanej osoby!<\/p>\n<hr \/>\n<h3>\ud83c\udf85 <strong>Chcesz stworzy\u0107 magiczny klimat w swoim domu?<\/strong><\/h3>\n<p>Dzi\u0119ki specjalnie stabilizowanemu chrobotkowi, obraz zachowuje \u015bwie\u017cy, \u017cywy kolor przez wiele lat \u2013 bez podlewania i piel\u0119gnacji. Jego naturalny odcie\u0144 doskonale uzupe\u0142ni inne ozdoby, takie jak stroiki, \u017cywa choinka czy \u015bwi\u0105teczne wie\u0144ce.<\/p>\n<p>\ud83c\udf1f <strong>Dodaj do wn\u0119trza odrobin\u0119 natury i \u015bwi\u0105tecznego uroku!<\/strong> \ud83c\udf1f<\/p>\n<hr \/>\n<h3><strong>Cechy produktu:<\/strong><\/h3>\n<ul>\n<li><strong>Podk\u0142ad:<\/strong> Solidna p\u0142yta HDF zapewniaj\u0105ca trwa\u0142o\u015b\u0107 i estetyk\u0119.<\/li>\n<li><strong>Wype\u0142nienie:<\/strong> Stabilizowany chrobotek reniferowy z Finlandii \u2013 trwa\u0142y i bezobs\u0142ugowy.<\/li>\n<li><strong>Pude\u0142ko \u015bwi\u0105teczne:<\/strong> Urocze opakowanie z gwiazdkami sprawia, \u017ce to idealny prezent gotowy do wr\u0119czenia.<\/li>\n<li><strong>Rozmiar:<\/strong> \u015arednica obrazu wynosi 30 cm \u2013 \u015bwietny rozmiar do zawieszenia lub postawienia.<\/li>\n<\/ul>\n<hr \/>\n<h3><strong>Dlaczego warto wybra\u0107 nasz obraz z mchu?<\/strong><\/h3>\n<p>\ud83c\udf3f <strong>Bezobs\u0142ugowy:<\/strong> Nie wymaga podlewania ani zraszania.<br \/>\n\ud83c\udfa8 <strong>Wyj\u0105tkowy design:<\/strong> Soczysta ziele\u0144 mchu doskonale komponuje si\u0119 z r\u00f3\u017cnymi wn\u0119trzami.<br \/>\n\ud83c\udf81 <strong>Idealny na prezent:<\/strong> Dzi\u0119ki ozdobnemu pude\u0142ku to gotowy upominek.<br \/>\n\ud83d\udc9a <strong>Trwa\u0142o\u015b\u0107 na lata:<\/strong> Stabilizowany chrobotek zachowuje sw\u00f3j wygl\u0105d przez 8\u201310 lat.<\/p>\n<hr \/>\n<p>\ud83d\udca1 <strong>Dodatkowe opcje:<\/strong><br \/>\nNa \u017cyczenie dodajemy napis \u201eWeso\u0142ych \u015awi\u0105t\u201d przyklejony na mchu, kt\u00f3ry jeszcze bardziej podkre\u015bla \u015bwi\u0105teczny charakter produktu.<\/p>\n<p>\ud83d\udd6f\ufe0f Lampki widoczne na zdj\u0119ciach stanowi\u0105 element aran\u017cacji fotograficznej i nie s\u0105 cz\u0119\u015bci\u0105 zestawu.<\/p>\n<p>\ud83c\udf84 <strong>Wybierz Obraz Drzewo z Mchu i podaruj bliskim magi\u0119 Bo\u017cego Narodzenia w naturalnym stylu!<\/strong> \ud83c\udf84<\/p>\n<p>&nbsp;<\/p>\n","protected":false},"excerpt":{"rendered":"<p>Szukasz wyj\u0105tkowego prezentu \u015bwi\u0105tecznego dla swoich bliskich? Nasz &#8222;Obraz Drzewo z Mchu w Pude\u0142ku \u015awi\u0105tecznym&#8221; to idealna propozycja! To nie tylko pi\u0119kna ozdoba, ale tak\u017ce akcent, kt\u00f3ry wnosi do wn\u0119trza element natury i magii Bo\u017cego Narodzenia. Ten uroczy obraz drzewa z mchem, prezentowany jest w eleganckim pude\u0142ku ozdobionym gwiazdkami. Dzi\u0119ki specjalnej stabilizacji mchu, zachowuje on \u015bwie\u017cy wygl\u0105d na lata. To niepowtarzalny prezent, kt\u00f3ry dostarczy wiele rado\u015bci i stworzy niezapomnian\u0105 atmosfer\u0119 \u015bwi\u0105t. Wybierz co\u015b wyj\u0105tkowego dla swoich bliskich ju\u017c teraz!<\/p>\n","protected":false},"featured_media":4013,"template":"","meta":{"site-sidebar-layout":"default","site-content-layout":"","ast-site-content-layout":"default","site-content-style":"default","site-sidebar-style":"default","ast-global-header-display":"","ast-banner-title-visibility":"","ast-main-header-display":"","ast-hfb-above-header-display":"","ast-hfb-below-header-display":"","ast-hfb-mobile-header-display":"","site-post-title":"","ast-breadcrumbs-content":"","ast-featured-img":"","footer-sml-layout":"","theme-transparent-header-meta":"default","adv-header-id-meta":"","stick-header-meta":"","header-above-stick-meta":"","header-main-stick-meta":"","header-below-stick-meta":"","astra-migrate-meta-layouts":"set","ast-page-background-enabled":"default","ast-page-background-meta":{"desktop":{"background-color":"","background-image":"","background-repeat":"repeat","background-position":"center center","background-size":"auto","background-attachment":"scroll","background-type":"","background-media":"","overlay-type":"","overlay-color":"","overlay-opacity":"","overlay-gradient":""},"tablet":{"background-color":"","background-image":"","background-repeat":"repeat","background-position":"center center","background-size":"auto","background-attachment":"scroll","background-type":"","background-media":"","overlay-type":"","overlay-color":"","overlay-opacity":"","overlay-gradient":""},"mobile":{"background-color":"","background-image":"","background-repeat":"repeat","background-position":"center center","background-size":"auto","background-attachment":"scroll","background-type":"","background-media":"","overlay-type":"","overlay-color":"","overlay-opacity":"","overlay-gradient":""}},"ast-content-background-meta":{"desktop":{"background-color":"var(--ast-global-color-5)","background-image":"","background-repeat":"repeat","background-position":"center center","background-size":"auto","background-attachment":"scroll","background-type":"","background-media":"","overlay-type":"","overlay-color":"","overlay-opacity":"","overlay-gradient":""},"tablet":{"background-color":"var(--ast-global-color-5)","background-image":"","background-repeat":"repeat","background-position":"center center","background-size":"auto","background-attachment":"scroll","background-type":"","background-media":"","overlay-type":"","overlay-color":"","overlay-opacity":"","overlay-gradient":""},"mobile":{"background-color":"var(--ast-global-color-5)","background-image":"","background-repeat":"repeat","background-position":"center center","background-size":"auto","background-attachment":"scroll","background-type":"","background-media":"","overlay-type":"","overlay-color":"","overlay-opacity":"","overlay-gradient":""}}},"product_brand":[],"product_cat":[79],"product_tag":[],"class_list":{"0":"post-4012","1":"product","2":"type-product","3":"status-publish","4":"has-post-thumbnail","6":"product_cat-prezenty-na-swieta","7":"desktop-align-left","8":"tablet-align-left","9":"mobile-align-left","11":"first","12":"instock","13":"taxable","14":"shipping-taxable","15":"purchasable","16":"product-type-simple"},"yoast_head":"<!-- This site is optimized with the Yoast SEO plugin v27.4 - https:\/\/yoast.com\/product\/yoast-seo-wordpress\/ -->\n<title>obraz drzewo z mchu w pude\u0142ku<\/title>\n<meta name=\"description\" content=\"Szukasz wyj\u0105tkowego prezentu \u015bwi\u0105tecznego dla swoich bliskich? Nasz &quot;Obraz Drzewo z Mchu w Pude\u0142ku \u015awi\u0105tecznym&quot; to idealna propozycja!\" \/>\n<meta name=\"robots\" content=\"index, follow, max-snippet:-1, max-image-preview:large, max-video-preview:-1\" \/>\n<link rel=\"canonical\" href=\"https:\/\/greenowacja.pl\/produkt\/obraz-drzewo-z-mchu-w-pudelku-swiatecznym-30cm\/\" \/>\n<meta property=\"og:locale\" content=\"pl_PL\" \/>\n<meta property=\"og:type\" content=\"article\" \/>\n<meta property=\"og:title\" content=\"obraz drzewo z mchu w pude\u0142ku\" \/>\n<meta property=\"og:description\" content=\"Szukasz wyj\u0105tkowego prezentu \u015bwi\u0105tecznego dla swoich bliskich? Nasz &quot;Obraz Drzewo z Mchu w Pude\u0142ku \u015awi\u0105tecznym&quot; to idealna propozycja!\" \/>\n<meta property=\"og:url\" content=\"https:\/\/greenowacja.pl\/produkt\/obraz-drzewo-z-mchu-w-pudelku-swiatecznym-30cm\/\" \/>\n<meta property=\"og:site_name\" content=\"Ozdoby i prezenty z mchu | #u\u015bMECHnij si\u0119!\" \/>\n<meta property=\"article:publisher\" content=\"https:\/\/www.facebook.com\/Greenowacja\" \/>\n<meta property=\"article:modified_time\" content=\"2025-11-24T11:23:58+00:00\" \/>\n<meta property=\"og:image\" content=\"https:\/\/greenowacja.pl\/wp-content\/uploads\/2023\/11\/drzewko-30-cm-z-czapka-mikolaja.jpg\" \/>\n\t<meta property=\"og:image:width\" content=\"1280\" \/>\n\t<meta property=\"og:image:height\" content=\"1280\" \/>\n\t<meta property=\"og:image:type\" content=\"image\/jpeg\" \/>\n<meta name=\"twitter:card\" content=\"summary_large_image\" \/>\n<meta name=\"twitter:label1\" content=\"Szacowany czas czytania\" \/>\n\t<meta name=\"twitter:data1\" content=\"2 minuty\" \/>\n<script type=\"application\/ld+json\" class=\"yoast-schema-graph\">{\"@context\":\"https:\\\/\\\/schema.org\",\"@graph\":[{\"@type\":\"WebPage\",\"@id\":\"https:\\\/\\\/greenowacja.pl\\\/produkt\\\/obraz-drzewo-z-mchu-w-pudelku-swiatecznym-30cm\\\/\",\"url\":\"https:\\\/\\\/greenowacja.pl\\\/produkt\\\/obraz-drzewo-z-mchu-w-pudelku-swiatecznym-30cm\\\/\",\"name\":\"obraz drzewo z mchu w pude\u0142ku\",\"isPartOf\":{\"@id\":\"https:\\\/\\\/greenowacja.pl\\\/#website\"},\"primaryImageOfPage\":{\"@id\":\"https:\\\/\\\/greenowacja.pl\\\/produkt\\\/obraz-drzewo-z-mchu-w-pudelku-swiatecznym-30cm\\\/#primaryimage\"},\"image\":{\"@id\":\"https:\\\/\\\/greenowacja.pl\\\/produkt\\\/obraz-drzewo-z-mchu-w-pudelku-swiatecznym-30cm\\\/#primaryimage\"},\"thumbnailUrl\":\"https:\\\/\\\/greenowacja.pl\\\/wp-content\\\/uploads\\\/2023\\\/11\\\/drzewko-30-cm-z-czapka-mikolaja.jpg\",\"datePublished\":\"2023-11-06T09:12:14+00:00\",\"dateModified\":\"2025-11-24T11:23:58+00:00\",\"description\":\"Szukasz wyj\u0105tkowego prezentu \u015bwi\u0105tecznego dla swoich bliskich? Nasz \\\"Obraz Drzewo z Mchu w Pude\u0142ku \u015awi\u0105tecznym\\\" to idealna propozycja!\",\"breadcrumb\":{\"@id\":\"https:\\\/\\\/greenowacja.pl\\\/produkt\\\/obraz-drzewo-z-mchu-w-pudelku-swiatecznym-30cm\\\/#breadcrumb\"},\"inLanguage\":\"pl-PL\",\"potentialAction\":[{\"@type\":\"ReadAction\",\"target\":[\"https:\\\/\\\/greenowacja.pl\\\/produkt\\\/obraz-drzewo-z-mchu-w-pudelku-swiatecznym-30cm\\\/\"]}]},{\"@type\":\"ImageObject\",\"inLanguage\":\"pl-PL\",\"@id\":\"https:\\\/\\\/greenowacja.pl\\\/produkt\\\/obraz-drzewo-z-mchu-w-pudelku-swiatecznym-30cm\\\/#primaryimage\",\"url\":\"https:\\\/\\\/greenowacja.pl\\\/wp-content\\\/uploads\\\/2023\\\/11\\\/drzewko-30-cm-z-czapka-mikolaja.jpg\",\"contentUrl\":\"https:\\\/\\\/greenowacja.pl\\\/wp-content\\\/uploads\\\/2023\\\/11\\\/drzewko-30-cm-z-czapka-mikolaja.jpg\",\"width\":1280,\"height\":1280,\"caption\":\"obraz drzewo z mchu w pude\u0142ku\"},{\"@type\":\"BreadcrumbList\",\"@id\":\"https:\\\/\\\/greenowacja.pl\\\/produkt\\\/obraz-drzewo-z-mchu-w-pudelku-swiatecznym-30cm\\\/#breadcrumb\",\"itemListElement\":[{\"@type\":\"ListItem\",\"position\":1,\"name\":\"Strona g\u0142\u00f3wna\",\"item\":\"https:\\\/\\\/greenowacja.pl\\\/\"},{\"@type\":\"ListItem\",\"position\":2,\"name\":\"Sklep\",\"item\":\"https:\\\/\\\/greenowacja.pl\\\/sklep-z-mchem-chrobotkiem\\\/\"},{\"@type\":\"ListItem\",\"position\":3,\"name\":\"Obraz drzewo z mchu, w pude\u0142ku \u015bwi\u0105tecznym, 30cm.\"}]},{\"@type\":\"WebSite\",\"@id\":\"https:\\\/\\\/greenowacja.pl\\\/#website\",\"url\":\"https:\\\/\\\/greenowacja.pl\\\/\",\"name\":\"Ozdoby i prezenty z mchu | #u\u015bMECHnij si\u0119!\",\"description\":\"\",\"publisher\":{\"@id\":\"https:\\\/\\\/greenowacja.pl\\\/#organization\"},\"potentialAction\":[{\"@type\":\"SearchAction\",\"target\":{\"@type\":\"EntryPoint\",\"urlTemplate\":\"https:\\\/\\\/greenowacja.pl\\\/?s={search_term_string}\"},\"query-input\":{\"@type\":\"PropertyValueSpecification\",\"valueRequired\":true,\"valueName\":\"search_term_string\"}}],\"inLanguage\":\"pl-PL\"},{\"@type\":\"Organization\",\"@id\":\"https:\\\/\\\/greenowacja.pl\\\/#organization\",\"name\":\"Ozdoby i prezenty z mchu | #u\u015bMECHnij si\u0119!\",\"url\":\"https:\\\/\\\/greenowacja.pl\\\/\",\"logo\":{\"@type\":\"ImageObject\",\"inLanguage\":\"pl-PL\",\"@id\":\"https:\\\/\\\/greenowacja.pl\\\/#\\\/schema\\\/logo\\\/image\\\/\",\"url\":\"https:\\\/\\\/greenowacja.pl\\\/wp-content\\\/uploads\\\/2023\\\/08\\\/Logo-Greenowacja-wer-z-claimem-pozioma-2-kolory_Easy-Resize.com_.jpg\",\"contentUrl\":\"https:\\\/\\\/greenowacja.pl\\\/wp-content\\\/uploads\\\/2023\\\/08\\\/Logo-Greenowacja-wer-z-claimem-pozioma-2-kolory_Easy-Resize.com_.jpg\",\"width\":1280,\"height\":426,\"caption\":\"Ozdoby i prezenty z mchu | #u\u015bMECHnij si\u0119!\"},\"image\":{\"@id\":\"https:\\\/\\\/greenowacja.pl\\\/#\\\/schema\\\/logo\\\/image\\\/\"},\"sameAs\":[\"https:\\\/\\\/www.facebook.com\\\/Greenowacja\",\"https:\\\/\\\/www.instagram.com\\\/greenowacja\\\/\"]}]}<\/script>\n<!-- \/ Yoast SEO plugin. -->","yoast_head_json":{"title":"obraz drzewo z mchu w pude\u0142ku","description":"Szukasz wyj\u0105tkowego prezentu \u015bwi\u0105tecznego dla swoich bliskich? Nasz \"Obraz Drzewo z Mchu w Pude\u0142ku \u015awi\u0105tecznym\" to idealna propozycja!","robots":{"index":"index","follow":"follow","max-snippet":"max-snippet:-1","max-image-preview":"max-image-preview:large","max-video-preview":"max-video-preview:-1"},"canonical":"https:\/\/greenowacja.pl\/produkt\/obraz-drzewo-z-mchu-w-pudelku-swiatecznym-30cm\/","og_locale":"pl_PL","og_type":"article","og_title":"obraz drzewo z mchu w pude\u0142ku","og_description":"Szukasz wyj\u0105tkowego prezentu \u015bwi\u0105tecznego dla swoich bliskich? Nasz \"Obraz Drzewo z Mchu w Pude\u0142ku \u015awi\u0105tecznym\" to idealna propozycja!","og_url":"https:\/\/greenowacja.pl\/produkt\/obraz-drzewo-z-mchu-w-pudelku-swiatecznym-30cm\/","og_site_name":"Ozdoby i prezenty z mchu | #u\u015bMECHnij si\u0119!","article_publisher":"https:\/\/www.facebook.com\/Greenowacja","article_modified_time":"2025-11-24T11:23:58+00:00","og_image":[{"width":1280,"height":1280,"url":"https:\/\/greenowacja.pl\/wp-content\/uploads\/2023\/11\/drzewko-30-cm-z-czapka-mikolaja.jpg","type":"image\/jpeg"}],"twitter_card":"summary_large_image","twitter_misc":{"Szacowany czas czytania":"2 minuty"},"schema":{"@context":"https:\/\/schema.org","@graph":[{"@type":"WebPage","@id":"https:\/\/greenowacja.pl\/produkt\/obraz-drzewo-z-mchu-w-pudelku-swiatecznym-30cm\/","url":"https:\/\/greenowacja.pl\/produkt\/obraz-drzewo-z-mchu-w-pudelku-swiatecznym-30cm\/","name":"obraz drzewo z mchu w pude\u0142ku","isPartOf":{"@id":"https:\/\/greenowacja.pl\/#website"},"primaryImageOfPage":{"@id":"https:\/\/greenowacja.pl\/produkt\/obraz-drzewo-z-mchu-w-pudelku-swiatecznym-30cm\/#primaryimage"},"image":{"@id":"https:\/\/greenowacja.pl\/produkt\/obraz-drzewo-z-mchu-w-pudelku-swiatecznym-30cm\/#primaryimage"},"thumbnailUrl":"https:\/\/greenowacja.pl\/wp-content\/uploads\/2023\/11\/drzewko-30-cm-z-czapka-mikolaja.jpg","datePublished":"2023-11-06T09:12:14+00:00","dateModified":"2025-11-24T11:23:58+00:00","description":"Szukasz wyj\u0105tkowego prezentu \u015bwi\u0105tecznego dla swoich bliskich? Nasz \"Obraz Drzewo z Mchu w Pude\u0142ku \u015awi\u0105tecznym\" to idealna propozycja!","breadcrumb":{"@id":"https:\/\/greenowacja.pl\/produkt\/obraz-drzewo-z-mchu-w-pudelku-swiatecznym-30cm\/#breadcrumb"},"inLanguage":"pl-PL","potentialAction":[{"@type":"ReadAction","target":["https:\/\/greenowacja.pl\/produkt\/obraz-drzewo-z-mchu-w-pudelku-swiatecznym-30cm\/"]}]},{"@type":"ImageObject","inLanguage":"pl-PL","@id":"https:\/\/greenowacja.pl\/produkt\/obraz-drzewo-z-mchu-w-pudelku-swiatecznym-30cm\/#primaryimage","url":"https:\/\/greenowacja.pl\/wp-content\/uploads\/2023\/11\/drzewko-30-cm-z-czapka-mikolaja.jpg","contentUrl":"https:\/\/greenowacja.pl\/wp-content\/uploads\/2023\/11\/drzewko-30-cm-z-czapka-mikolaja.jpg","width":1280,"height":1280,"caption":"obraz drzewo z mchu w pude\u0142ku"},{"@type":"BreadcrumbList","@id":"https:\/\/greenowacja.pl\/produkt\/obraz-drzewo-z-mchu-w-pudelku-swiatecznym-30cm\/#breadcrumb","itemListElement":[{"@type":"ListItem","position":1,"name":"Strona g\u0142\u00f3wna","item":"https:\/\/greenowacja.pl\/"},{"@type":"ListItem","position":2,"name":"Sklep","item":"https:\/\/greenowacja.pl\/sklep-z-mchem-chrobotkiem\/"},{"@type":"ListItem","position":3,"name":"Obraz drzewo z mchu, w pude\u0142ku \u015bwi\u0105tecznym, 30cm."}]},{"@type":"WebSite","@id":"https:\/\/greenowacja.pl\/#website","url":"https:\/\/greenowacja.pl\/","name":"Ozdoby i prezenty z mchu | #u\u015bMECHnij si\u0119!","description":"","publisher":{"@id":"https:\/\/greenowacja.pl\/#organization"},"potentialAction":[{"@type":"SearchAction","target":{"@type":"EntryPoint","urlTemplate":"https:\/\/greenowacja.pl\/?s={search_term_string}"},"query-input":{"@type":"PropertyValueSpecification","valueRequired":true,"valueName":"search_term_string"}}],"inLanguage":"pl-PL"},{"@type":"Organization","@id":"https:\/\/greenowacja.pl\/#organization","name":"Ozdoby i prezenty z mchu | #u\u015bMECHnij si\u0119!","url":"https:\/\/greenowacja.pl\/","logo":{"@type":"ImageObject","inLanguage":"pl-PL","@id":"https:\/\/greenowacja.pl\/#\/schema\/logo\/image\/","url":"https:\/\/greenowacja.pl\/wp-content\/uploads\/2023\/08\/Logo-Greenowacja-wer-z-claimem-pozioma-2-kolory_Easy-Resize.com_.jpg","contentUrl":"https:\/\/greenowacja.pl\/wp-content\/uploads\/2023\/08\/Logo-Greenowacja-wer-z-claimem-pozioma-2-kolory_Easy-Resize.com_.jpg","width":1280,"height":426,"caption":"Ozdoby i prezenty z mchu | #u\u015bMECHnij si\u0119!"},"image":{"@id":"https:\/\/greenowacja.pl\/#\/schema\/logo\/image\/"},"sameAs":["https:\/\/www.facebook.com\/Greenowacja","https:\/\/www.instagram.com\/greenowacja\/"]}]}},"_links":{"self":[{"href":"https:\/\/greenowacja.pl\/wp-json\/wp\/v2\/product\/4012","targetHints":{"allow":["GET"]}}],"collection":[{"href":"https:\/\/greenowacja.pl\/wp-json\/wp\/v2\/product"}],"about":[{"href":"https:\/\/greenowacja.pl\/wp-json\/wp\/v2\/types\/product"}],"wp:featuredmedia":[{"embeddable":true,"href":"https:\/\/greenowacja.pl\/wp-json\/wp\/v2\/media\/4013"}],"wp:attachment":[{"href":"https:\/\/greenowacja.pl\/wp-json\/wp\/v2\/media?parent=4012"}],"wp:term":[{"taxonomy":"product_brand","embeddable":true,"href":"https:\/\/greenowacja.pl\/wp-json\/wp\/v2\/product_brand?post=4012"},{"taxonomy":"product_cat","embeddable":true,"href":"https:\/\/greenowacja.pl\/wp-json\/wp\/v2\/product_cat?post=4012"},{"taxonomy":"product_tag","embeddable":true,"href":"https:\/\/greenowacja.pl\/wp-json\/wp\/v2\/product_tag?post=4012"}],"curies":[{"name":"wp","href":"https:\/\/api.w.org\/{rel}","templated":true}]}}