{"id":4027,"date":"2023-11-06T11:04:40","date_gmt":"2023-11-06T10:04:40","guid":{"rendered":"https:\/\/greenowacja.pl\/?post_type=product&#038;p=4027"},"modified":"2026-04-28T10:17:16","modified_gmt":"2026-04-28T08:17:16","slug":"drzewo-bonsai-z-mchem-prezent-na-swieta","status":"publish","type":"product","link":"https:\/\/greenowacja.pl\/produkt\/drzewo-bonsai-z-mchem-prezent-na-swieta\/","title":{"rendered":"Drzewo bonsai z mchem, w prostok\u0105cie &#8211; prezent na \u015bwi\u0119ta"},"content":{"rendered":"<p>\ud83c\udf84 <strong>Obraz &#8222;Drzewo Bonsai z Mchem&#8221; \u2013 Idealny Prezent \u015awi\u0105teczny<\/strong> \ud83c\udf84<\/p>\n<p>Szukasz niebanalnego prezentu na \u015awi\u0119ta? Nasz obraz \u201eDrzewo Bonsai z Mchem\u201d to doskona\u0142a propozycja! Ozdobiony chrobotkiem reniferowym, z mo\u017cliwo\u015bci\u0105 dodania \u015bwi\u0105tecznych akcent\u00f3w wycinanych laserowo, stanie si\u0119 unikaln\u0105 dekoracj\u0105 w Twoim domu. Jako ozdoba na \u015bwi\u0105tecznym stole, wprowadzi atmosfer\u0119 Bo\u017cego Narodzenia, a jego trwa\u0142o\u015b\u0107 pozwoli cieszy\u0107 si\u0119 nim przez wiele lat.<\/p>\n<p>&nbsp;<\/p>\n<h5><strong>\u015awie\u017co\u015b\u0107 do momentu wr\u0119czenia ! (b\u0119dzie pi\u0119kny na lata)<\/strong><\/h5>\n<p>Kupuj\u0105c u nas produkt z chrobotkiem reniferowym, mo\u017cesz mie\u0107 pewno\u015b\u0107, \u017ce zachowa on swoj\u0105 \u015bwie\u017co\u015b\u0107 i pi\u0119kny wygl\u0105d\u00a0<strong>\u00a0do momentu wr\u0119czenia<\/strong>. Dzi\u0119ki stabilizacji chrobotek nie wi\u0119dnie, nie traci koloru ani mi\u0119kko\u015bci, nawet je\u015bli pozostaje zapakowany przez d\u0142u\u017cszy czas. To niezawodna ozdoba, kt\u00f3ra \u015bwietnie sprawdzi si\u0119 jako \u015bwi\u0105teczny prezent, gotowy do zachwycenia obdarowanej osoby!<\/p>\n<p>&nbsp;<\/p>\n<p><strong>Cechy produktu:<\/strong><\/p>\n<p>\ud83c\udf3f <em>Materia\u0142<\/em>: P\u0142yta pil\u015bniowa (HDF) + chrobotek reniferowy<br \/>\n\ud83c\udf81 <em>Dodatkowe ozdoby<\/em>: Na \u017cyczenie dodajemy ozdoby \u015bwi\u0105teczne (wycinane laserowo)<br \/>\n\u23f3 <em>Trwa\u0142o\u015b\u0107<\/em>: Chrobotek pozostaje pi\u0119kny przez 8-10 lat<\/p>\n<p><strong>Wskaz\u00f3wki:<\/strong><br \/>\n\ud83d\udca7 Nie podlewaj ani nie zraszaj.<br \/>\n\ud83c\udf2b\ufe0f Chrobotek lubi wilgotno\u015b\u0107 powietrza 40-60%.<br \/>\n\ud83e\uddf9 Zbieraj kurz rolk\u0105 do czyszczenia odzie\u017cy.<\/p>\n<p><strong>Dane techniczne:<\/strong><br \/>\n\ud83d\udccf <em>Wymiary<\/em>: 39 x 33 cm<br \/>\n\ud83c\udfa8 <em>Podk\u0142ad<\/em>: P\u0142yta pil\u015bniowa (HDF)<br \/>\n\ud83d\uddbc\ufe0f <em>Gotowy do zawieszenia<\/em><\/p>\n<p>Dodaj do swojej kolekcji \u015bwi\u0105tecznych dekoracji lub spraw prezent, kt\u00f3ry b\u0119dzie cieszy\u0107 przez d\u0142ugie lata!<\/p>\n<p>&nbsp;<\/p>\n","protected":false},"excerpt":{"rendered":"<p>Drzewo bonsai wykonane z chrobotka reniferowego \u015bwietnie sprawdzi si\u0119 jako prezent na \u015bwi\u0119ta bo\u017cego narodzenia i nie tylko. Drzewa bonsai to \u015bwietna propozycja dla os\u00f3b, kt\u00f3re szukaj\u0105 ciekawego elementu do aran\u017cacji swojego mieszkania, biura lub gabinetu. Nasze obrazy zdobione chrobotkiem reniferowym s\u0105 naturalne i z pewno\u015bci\u0105 zrobi\u0105 wra\u017cenie na go\u015bciach lub klientach. Drzewa sprawdz\u0105 si\u0119 r\u00f3wnie\u017c jako idealny prezent na wiele okazji.<\/p>\n","protected":false},"featured_media":4028,"template":"","meta":{"site-sidebar-layout":"default","site-content-layout":"default","ast-site-content-layout":"default","site-content-style":"default","site-sidebar-style":"default","ast-global-header-display":"","ast-banner-title-visibility":"","ast-main-header-display":"","ast-hfb-above-header-display":"","ast-hfb-below-header-display":"","ast-hfb-mobile-header-display":"","site-post-title":"","ast-breadcrumbs-content":"","ast-featured-img":"","footer-sml-layout":"","theme-transparent-header-meta":"default","adv-header-id-meta":"","stick-header-meta":"","header-above-stick-meta":"","header-main-stick-meta":"","header-below-stick-meta":"","astra-migrate-meta-layouts":"set","ast-page-background-enabled":"default","ast-page-background-meta":{"desktop":{"background-color":"","background-image":"","background-repeat":"repeat","background-position":"center center","background-size":"auto","background-attachment":"scroll","background-type":"","background-media":"","overlay-type":"","overlay-color":"","overlay-opacity":"","overlay-gradient":""},"tablet":{"background-color":"","background-image":"","background-repeat":"repeat","background-position":"center center","background-size":"auto","background-attachment":"scroll","background-type":"","background-media":"","overlay-type":"","overlay-color":"","overlay-opacity":"","overlay-gradient":""},"mobile":{"background-color":"","background-image":"","background-repeat":"repeat","background-position":"center center","background-size":"auto","background-attachment":"scroll","background-type":"","background-media":"","overlay-type":"","overlay-color":"","overlay-opacity":"","overlay-gradient":""}},"ast-content-background-meta":{"desktop":{"background-color":"var(--ast-global-color-5)","background-image":"","background-repeat":"repeat","background-position":"center center","background-size":"auto","background-attachment":"scroll","background-type":"","background-media":"","overlay-type":"","overlay-color":"","overlay-opacity":"","overlay-gradient":""},"tablet":{"background-color":"var(--ast-global-color-5)","background-image":"","background-repeat":"repeat","background-position":"center center","background-size":"auto","background-attachment":"scroll","background-type":"","background-media":"","overlay-type":"","overlay-color":"","overlay-opacity":"","overlay-gradient":""},"mobile":{"background-color":"var(--ast-global-color-5)","background-image":"","background-repeat":"repeat","background-position":"center center","background-size":"auto","background-attachment":"scroll","background-type":"","background-media":"","overlay-type":"","overlay-color":"","overlay-opacity":"","overlay-gradient":""}}},"product_brand":[],"product_cat":[79],"product_tag":[],"class_list":{"0":"post-4027","1":"product","2":"type-product","3":"status-publish","4":"has-post-thumbnail","6":"product_cat-prezenty-na-swieta","7":"desktop-align-left","8":"tablet-align-left","9":"mobile-align-left","11":"first","12":"instock","13":"taxable","14":"shipping-taxable","15":"purchasable","16":"product-type-simple"},"yoast_head":"<!-- This site is optimized with the Yoast SEO plugin v27.4 - https:\/\/yoast.com\/product\/yoast-seo-wordpress\/ -->\n<title>drzewo bonsai z mchem prezent na \u015bwi\u0119ta<\/title>\n<meta name=\"description\" content=\"Drzewo bonsai wykonane z chrobotka reniferowego \u015bwietnie sprawdzi si\u0119 jako prezent na \u015bwi\u0119ta bo\u017cego narodzenia i nie tylko.\" \/>\n<meta name=\"robots\" content=\"index, follow, max-snippet:-1, max-image-preview:large, max-video-preview:-1\" \/>\n<link rel=\"canonical\" href=\"https:\/\/greenowacja.pl\/produkt\/drzewo-bonsai-z-mchem-prezent-na-swieta\/\" \/>\n<meta property=\"og:locale\" content=\"pl_PL\" \/>\n<meta property=\"og:type\" content=\"article\" \/>\n<meta property=\"og:title\" content=\"drzewo bonsai z mchem prezent na \u015bwi\u0119ta\" \/>\n<meta property=\"og:description\" content=\"Drzewo bonsai wykonane z chrobotka reniferowego \u015bwietnie sprawdzi si\u0119 jako prezent na \u015bwi\u0119ta bo\u017cego narodzenia i nie tylko.\" \/>\n<meta property=\"og:url\" content=\"https:\/\/greenowacja.pl\/produkt\/drzewo-bonsai-z-mchem-prezent-na-swieta\/\" \/>\n<meta property=\"og:site_name\" content=\"Ozdoby i prezenty z mchu | #u\u015bMECHnij si\u0119!\" \/>\n<meta property=\"article:publisher\" content=\"https:\/\/www.facebook.com\/Greenowacja\" \/>\n<meta property=\"article:modified_time\" content=\"2026-04-28T08:17:16+00:00\" \/>\n<meta property=\"og:image\" content=\"https:\/\/greenowacja.pl\/wp-content\/uploads\/2023\/11\/drzewo-bonsai-prostokat-e1730195568527.jpg\" \/>\n\t<meta property=\"og:image:width\" content=\"1132\" \/>\n\t<meta property=\"og:image:height\" content=\"1088\" \/>\n\t<meta property=\"og:image:type\" content=\"image\/jpeg\" \/>\n<meta name=\"twitter:card\" content=\"summary_large_image\" \/>\n<meta name=\"twitter:label1\" content=\"Szacowany czas czytania\" \/>\n\t<meta name=\"twitter:data1\" content=\"2 minuty\" \/>\n<script type=\"application\/ld+json\" class=\"yoast-schema-graph\">{\"@context\":\"https:\\\/\\\/schema.org\",\"@graph\":[{\"@type\":\"WebPage\",\"@id\":\"https:\\\/\\\/greenowacja.pl\\\/produkt\\\/drzewo-bonsai-z-mchem-prezent-na-swieta\\\/\",\"url\":\"https:\\\/\\\/greenowacja.pl\\\/produkt\\\/drzewo-bonsai-z-mchem-prezent-na-swieta\\\/\",\"name\":\"drzewo bonsai z mchem prezent na \u015bwi\u0119ta\",\"isPartOf\":{\"@id\":\"https:\\\/\\\/greenowacja.pl\\\/#website\"},\"primaryImageOfPage\":{\"@id\":\"https:\\\/\\\/greenowacja.pl\\\/produkt\\\/drzewo-bonsai-z-mchem-prezent-na-swieta\\\/#primaryimage\"},\"image\":{\"@id\":\"https:\\\/\\\/greenowacja.pl\\\/produkt\\\/drzewo-bonsai-z-mchem-prezent-na-swieta\\\/#primaryimage\"},\"thumbnailUrl\":\"https:\\\/\\\/greenowacja.pl\\\/wp-content\\\/uploads\\\/2023\\\/11\\\/drzewo-bonsai-prostokat-e1730195568527.jpg\",\"datePublished\":\"2023-11-06T10:04:40+00:00\",\"dateModified\":\"2026-04-28T08:17:16+00:00\",\"description\":\"Drzewo bonsai wykonane z chrobotka reniferowego \u015bwietnie sprawdzi si\u0119 jako prezent na \u015bwi\u0119ta bo\u017cego narodzenia i nie tylko.\",\"breadcrumb\":{\"@id\":\"https:\\\/\\\/greenowacja.pl\\\/produkt\\\/drzewo-bonsai-z-mchem-prezent-na-swieta\\\/#breadcrumb\"},\"inLanguage\":\"pl-PL\",\"potentialAction\":[{\"@type\":\"ReadAction\",\"target\":[\"https:\\\/\\\/greenowacja.pl\\\/produkt\\\/drzewo-bonsai-z-mchem-prezent-na-swieta\\\/\"]}]},{\"@type\":\"ImageObject\",\"inLanguage\":\"pl-PL\",\"@id\":\"https:\\\/\\\/greenowacja.pl\\\/produkt\\\/drzewo-bonsai-z-mchem-prezent-na-swieta\\\/#primaryimage\",\"url\":\"https:\\\/\\\/greenowacja.pl\\\/wp-content\\\/uploads\\\/2023\\\/11\\\/drzewo-bonsai-prostokat-e1730195568527.jpg\",\"contentUrl\":\"https:\\\/\\\/greenowacja.pl\\\/wp-content\\\/uploads\\\/2023\\\/11\\\/drzewo-bonsai-prostokat-e1730195568527.jpg\",\"width\":1132,\"height\":1088,\"caption\":\"drzewo bonsai z mchem prezent na \u015bwi\u0119ta\"},{\"@type\":\"BreadcrumbList\",\"@id\":\"https:\\\/\\\/greenowacja.pl\\\/produkt\\\/drzewo-bonsai-z-mchem-prezent-na-swieta\\\/#breadcrumb\",\"itemListElement\":[{\"@type\":\"ListItem\",\"position\":1,\"name\":\"Strona g\u0142\u00f3wna\",\"item\":\"https:\\\/\\\/greenowacja.pl\\\/\"},{\"@type\":\"ListItem\",\"position\":2,\"name\":\"Sklep\",\"item\":\"https:\\\/\\\/greenowacja.pl\\\/sklep-z-mchem-chrobotkiem\\\/\"},{\"@type\":\"ListItem\",\"position\":3,\"name\":\"Drzewo bonsai z mchem, w prostok\u0105cie &#8211; prezent na \u015bwi\u0119ta\"}]},{\"@type\":\"WebSite\",\"@id\":\"https:\\\/\\\/greenowacja.pl\\\/#website\",\"url\":\"https:\\\/\\\/greenowacja.pl\\\/\",\"name\":\"Ozdoby i prezenty z mchu | #u\u015bMECHnij si\u0119!\",\"description\":\"\",\"publisher\":{\"@id\":\"https:\\\/\\\/greenowacja.pl\\\/#organization\"},\"potentialAction\":[{\"@type\":\"SearchAction\",\"target\":{\"@type\":\"EntryPoint\",\"urlTemplate\":\"https:\\\/\\\/greenowacja.pl\\\/?s={search_term_string}\"},\"query-input\":{\"@type\":\"PropertyValueSpecification\",\"valueRequired\":true,\"valueName\":\"search_term_string\"}}],\"inLanguage\":\"pl-PL\"},{\"@type\":\"Organization\",\"@id\":\"https:\\\/\\\/greenowacja.pl\\\/#organization\",\"name\":\"Ozdoby i prezenty z mchu | #u\u015bMECHnij si\u0119!\",\"url\":\"https:\\\/\\\/greenowacja.pl\\\/\",\"logo\":{\"@type\":\"ImageObject\",\"inLanguage\":\"pl-PL\",\"@id\":\"https:\\\/\\\/greenowacja.pl\\\/#\\\/schema\\\/logo\\\/image\\\/\",\"url\":\"https:\\\/\\\/greenowacja.pl\\\/wp-content\\\/uploads\\\/2023\\\/08\\\/Logo-Greenowacja-wer-z-claimem-pozioma-2-kolory_Easy-Resize.com_.jpg\",\"contentUrl\":\"https:\\\/\\\/greenowacja.pl\\\/wp-content\\\/uploads\\\/2023\\\/08\\\/Logo-Greenowacja-wer-z-claimem-pozioma-2-kolory_Easy-Resize.com_.jpg\",\"width\":1280,\"height\":426,\"caption\":\"Ozdoby i prezenty z mchu | #u\u015bMECHnij si\u0119!\"},\"image\":{\"@id\":\"https:\\\/\\\/greenowacja.pl\\\/#\\\/schema\\\/logo\\\/image\\\/\"},\"sameAs\":[\"https:\\\/\\\/www.facebook.com\\\/Greenowacja\",\"https:\\\/\\\/www.instagram.com\\\/greenowacja\\\/\"]}]}<\/script>\n<!-- \/ Yoast SEO plugin. -->","yoast_head_json":{"title":"drzewo bonsai z mchem prezent na \u015bwi\u0119ta","description":"Drzewo bonsai wykonane z chrobotka reniferowego \u015bwietnie sprawdzi si\u0119 jako prezent na \u015bwi\u0119ta bo\u017cego narodzenia i nie tylko.","robots":{"index":"index","follow":"follow","max-snippet":"max-snippet:-1","max-image-preview":"max-image-preview:large","max-video-preview":"max-video-preview:-1"},"canonical":"https:\/\/greenowacja.pl\/produkt\/drzewo-bonsai-z-mchem-prezent-na-swieta\/","og_locale":"pl_PL","og_type":"article","og_title":"drzewo bonsai z mchem prezent na \u015bwi\u0119ta","og_description":"Drzewo bonsai wykonane z chrobotka reniferowego \u015bwietnie sprawdzi si\u0119 jako prezent na \u015bwi\u0119ta bo\u017cego narodzenia i nie tylko.","og_url":"https:\/\/greenowacja.pl\/produkt\/drzewo-bonsai-z-mchem-prezent-na-swieta\/","og_site_name":"Ozdoby i prezenty z mchu | #u\u015bMECHnij si\u0119!","article_publisher":"https:\/\/www.facebook.com\/Greenowacja","article_modified_time":"2026-04-28T08:17:16+00:00","og_image":[{"width":1132,"height":1088,"url":"https:\/\/greenowacja.pl\/wp-content\/uploads\/2023\/11\/drzewo-bonsai-prostokat-e1730195568527.jpg","type":"image\/jpeg"}],"twitter_card":"summary_large_image","twitter_misc":{"Szacowany czas czytania":"2 minuty"},"schema":{"@context":"https:\/\/schema.org","@graph":[{"@type":"WebPage","@id":"https:\/\/greenowacja.pl\/produkt\/drzewo-bonsai-z-mchem-prezent-na-swieta\/","url":"https:\/\/greenowacja.pl\/produkt\/drzewo-bonsai-z-mchem-prezent-na-swieta\/","name":"drzewo bonsai z mchem prezent na \u015bwi\u0119ta","isPartOf":{"@id":"https:\/\/greenowacja.pl\/#website"},"primaryImageOfPage":{"@id":"https:\/\/greenowacja.pl\/produkt\/drzewo-bonsai-z-mchem-prezent-na-swieta\/#primaryimage"},"image":{"@id":"https:\/\/greenowacja.pl\/produkt\/drzewo-bonsai-z-mchem-prezent-na-swieta\/#primaryimage"},"thumbnailUrl":"https:\/\/greenowacja.pl\/wp-content\/uploads\/2023\/11\/drzewo-bonsai-prostokat-e1730195568527.jpg","datePublished":"2023-11-06T10:04:40+00:00","dateModified":"2026-04-28T08:17:16+00:00","description":"Drzewo bonsai wykonane z chrobotka reniferowego \u015bwietnie sprawdzi si\u0119 jako prezent na \u015bwi\u0119ta bo\u017cego narodzenia i nie tylko.","breadcrumb":{"@id":"https:\/\/greenowacja.pl\/produkt\/drzewo-bonsai-z-mchem-prezent-na-swieta\/#breadcrumb"},"inLanguage":"pl-PL","potentialAction":[{"@type":"ReadAction","target":["https:\/\/greenowacja.pl\/produkt\/drzewo-bonsai-z-mchem-prezent-na-swieta\/"]}]},{"@type":"ImageObject","inLanguage":"pl-PL","@id":"https:\/\/greenowacja.pl\/produkt\/drzewo-bonsai-z-mchem-prezent-na-swieta\/#primaryimage","url":"https:\/\/greenowacja.pl\/wp-content\/uploads\/2023\/11\/drzewo-bonsai-prostokat-e1730195568527.jpg","contentUrl":"https:\/\/greenowacja.pl\/wp-content\/uploads\/2023\/11\/drzewo-bonsai-prostokat-e1730195568527.jpg","width":1132,"height":1088,"caption":"drzewo bonsai z mchem prezent na \u015bwi\u0119ta"},{"@type":"BreadcrumbList","@id":"https:\/\/greenowacja.pl\/produkt\/drzewo-bonsai-z-mchem-prezent-na-swieta\/#breadcrumb","itemListElement":[{"@type":"ListItem","position":1,"name":"Strona g\u0142\u00f3wna","item":"https:\/\/greenowacja.pl\/"},{"@type":"ListItem","position":2,"name":"Sklep","item":"https:\/\/greenowacja.pl\/sklep-z-mchem-chrobotkiem\/"},{"@type":"ListItem","position":3,"name":"Drzewo bonsai z mchem, w prostok\u0105cie &#8211; prezent na \u015bwi\u0119ta"}]},{"@type":"WebSite","@id":"https:\/\/greenowacja.pl\/#website","url":"https:\/\/greenowacja.pl\/","name":"Ozdoby i prezenty z mchu | #u\u015bMECHnij si\u0119!","description":"","publisher":{"@id":"https:\/\/greenowacja.pl\/#organization"},"potentialAction":[{"@type":"SearchAction","target":{"@type":"EntryPoint","urlTemplate":"https:\/\/greenowacja.pl\/?s={search_term_string}"},"query-input":{"@type":"PropertyValueSpecification","valueRequired":true,"valueName":"search_term_string"}}],"inLanguage":"pl-PL"},{"@type":"Organization","@id":"https:\/\/greenowacja.pl\/#organization","name":"Ozdoby i prezenty z mchu | #u\u015bMECHnij si\u0119!","url":"https:\/\/greenowacja.pl\/","logo":{"@type":"ImageObject","inLanguage":"pl-PL","@id":"https:\/\/greenowacja.pl\/#\/schema\/logo\/image\/","url":"https:\/\/greenowacja.pl\/wp-content\/uploads\/2023\/08\/Logo-Greenowacja-wer-z-claimem-pozioma-2-kolory_Easy-Resize.com_.jpg","contentUrl":"https:\/\/greenowacja.pl\/wp-content\/uploads\/2023\/08\/Logo-Greenowacja-wer-z-claimem-pozioma-2-kolory_Easy-Resize.com_.jpg","width":1280,"height":426,"caption":"Ozdoby i prezenty z mchu | #u\u015bMECHnij si\u0119!"},"image":{"@id":"https:\/\/greenowacja.pl\/#\/schema\/logo\/image\/"},"sameAs":["https:\/\/www.facebook.com\/Greenowacja","https:\/\/www.instagram.com\/greenowacja\/"]}]}},"_links":{"self":[{"href":"https:\/\/greenowacja.pl\/wp-json\/wp\/v2\/product\/4027","targetHints":{"allow":["GET"]}}],"collection":[{"href":"https:\/\/greenowacja.pl\/wp-json\/wp\/v2\/product"}],"about":[{"href":"https:\/\/greenowacja.pl\/wp-json\/wp\/v2\/types\/product"}],"wp:featuredmedia":[{"embeddable":true,"href":"https:\/\/greenowacja.pl\/wp-json\/wp\/v2\/media\/4028"}],"wp:attachment":[{"href":"https:\/\/greenowacja.pl\/wp-json\/wp\/v2\/media?parent=4027"}],"wp:term":[{"taxonomy":"product_brand","embeddable":true,"href":"https:\/\/greenowacja.pl\/wp-json\/wp\/v2\/product_brand?post=4027"},{"taxonomy":"product_cat","embeddable":true,"href":"https:\/\/greenowacja.pl\/wp-json\/wp\/v2\/product_cat?post=4027"},{"taxonomy":"product_tag","embeddable":true,"href":"https:\/\/greenowacja.pl\/wp-json\/wp\/v2\/product_tag?post=4027"}],"curies":[{"name":"wp","href":"https:\/\/api.w.org\/{rel}","templated":true}]}}