{"id":4034,"date":"2023-11-06T11:40:23","date_gmt":"2023-11-06T10:40:23","guid":{"rendered":"https:\/\/greenowacja.pl\/?post_type=product&#038;p=4034"},"modified":"2026-04-28T10:16:59","modified_gmt":"2026-04-28T08:16:59","slug":"obraz-drzewo-baobab-z-para","status":"publish","type":"product","link":"https:\/\/greenowacja.pl\/produkt\/obraz-drzewo-baobab-z-para\/","title":{"rendered":"Obraz z mchem, drzewo baobab z par\u0105 na \u0142awce, 39cm &#8211; prezent \u015bwi\u0105teczny"},"content":{"rendered":"<h2>Chcesz sprawi\u0107 bliskiej osobie wyj\u0105tkowy prezent \u015bwi\u0105teczny?<\/h2>\n<p><strong>Obraz drzewo baobab z par\u0105 na \u0142awce, to wyj\u0105tkowa propozycja na prezent dla Twoich bliskich.<\/strong> Nasze propozycje na \u015bwi\u0105teczne prezenty to niecodzienne ozdoby, kt\u00f3re \u015bwietnie pasuj\u0105 jako prezent na \u015bwi\u0119ta bo\u017cego narodzenia. Obraz z par\u0105 na \u0142awce to niezwyk\u0142a ozdoba, kt\u00f3ra wniesie do Twojego wn\u0119trza niepowtarzalny urok i g\u0142\u0119bi\u0119. Zr\u00f3b wra\u017cenie na bliskiej osobie, daj\u0105c jej co\u015b nietuzinkowego. Do drzewa w wersji \u015bwi\u0105tecznej dodajemy napis &#8222;Weso\u0142ych \u015bwi\u0105t&#8221;.<\/p>\n<p>&nbsp;<\/p>\n<h5><strong>\u015awie\u017co\u015b\u0107 do momentu wr\u0119czenia ! (b\u0119dzie pi\u0119kny na lata)<\/strong><\/h5>\n<p>Kupuj\u0105c u nas produkt z chrobotkiem reniferowym, mo\u017cesz mie\u0107 pewno\u015b\u0107, \u017ce zachowa on swoj\u0105 \u015bwie\u017co\u015b\u0107 i pi\u0119kny wygl\u0105d <strong>\u00a0do momentu wr\u0119czenia<\/strong>. Dzi\u0119ki stabilizacji chrobotek nie wi\u0119dnie, nie traci koloru ani mi\u0119kko\u015bci, nawet je\u015bli pozostaje zapakowany przez d\u0142u\u017cszy czas. To niezawodna ozdoba, kt\u00f3ra \u015bwietnie sprawdzi si\u0119 jako \u015bwi\u0105teczny prezent, gotowy do zachwycenia obdarowanej osoby!<\/p>\n<p>&nbsp;<\/p>\n<p><strong>Chcesz stworzy\u0107 magiczny klimat w swoim domu?<\/strong><\/p>\n<p>Dzi\u0119ki naszej ozdobie, stworzysz wyj\u0105tkowy \u015bwi\u0105teczny\u00a0 klimat w swoim domu. To elegancka ozdoba, kt\u00f3ra komponuje si\u0119 z r\u00f3\u017cnymi stylami wn\u0119trz. Obraz jest gotowy do powieszenia na \u015bcianie.<\/p>\n<p>Cechy produktu:<\/p>\n<ul>\n<li><strong>\u015arednica:<\/strong>\u00a0 39 cm.<\/li>\n<li><b>Podk\u0142ad: <\/b>p\u0142yta HDF<\/li>\n<li><strong>Uniwersalno\u015b\u0107:<\/strong> Nasze drzewo doskonale komponuje si\u0119 z r\u00f3\u017cnymi stylami wn\u0119trz, dodaj\u0105c im charakteru i g\u0142\u0119bi.<\/li>\n<li><strong>Trwa\u0142o\u015b\u0107:<\/strong> Produkty z chrobotkiem pozostan\u0105 pi\u0119kne przez wiele lat..<\/li>\n<\/ul>\n<p>&nbsp;<\/p>\n<p>Do stworzenia naszego r\u0119kodzie\u0142a u\u017cywany jest porost chrobotek reniferowy, pochodz\u0105cy g\u0142\u00f3wnie ze Skandynawii.Chrobotek jest poddany procesowi stabilizacji, dzi\u0119ki kt\u00f3remu \u00a0ju\u017c nie ro\u015bnie i mo\u017ce by\u0107 pi\u0119kny nawet przez 8 &#8211; 10 lat.<\/p>\n<p>Stabilizacja mchu polega na pozbawieniu go wszystkich funkcji \u017cyciowych bez negatywnych skutk\u00f3w wizualnych. To stan bardzo podobny do hibernacji.<\/p>\n<p>&nbsp;<\/p>\n<p><strong>Wskaz\u00f3wki:<\/strong><\/p>\n<ul>\n<li><strong>nie podlewaj mchu go ani nie zraszaj,<\/strong><\/li>\n<li>chrobotek lubi <strong>wilgotno\u015b\u0107 powietrza 40-60%,<\/strong><\/li>\n<li>umie\u015b\u0107 go w znacznej odleg\u0142o\u015bci od \u017ar\u00f3de\u0142 ciep\u0142a i \u015bwiat\u0142a.<\/li>\n<\/ul>\n<p>Lampki i serca s\u0105 elementem aran\u017cacji fotograficznej. Produkt nie zawiera lampek i serc. Zawiera napis &#8222;weso\u0142ych swi\u0105t&#8221; oraz na \u017cyczenie ozdoby \u015bwi\u0105teczne przyklejane do mchu.<\/p>\n","protected":false},"excerpt":{"rendered":"<p>Drzewo baobab ozdobione chrobotkiem reniferowym o \u015brednicy 39cm.\u00a0 Podaruj sobie lub bliskiej osobie co\u015b nietuzinkowego w tym magicznym okresie \u015bwiat bo\u017cego narodzenia. Chrobotka reniferowego nie trzeba podlewa\u0107 ani piel\u0119gnowa\u0107, b\u0119dzie ciekaw\u0105 ozdob\u0105 na wiele \u015bwi\u0105t i zachowa sw\u00f3j \u017cywy zielony kolor.<\/p>\n","protected":false},"featured_media":4035,"template":"","meta":{"site-sidebar-layout":"default","site-content-layout":"default","ast-site-content-layout":"default","site-content-style":"default","site-sidebar-style":"default","ast-global-header-display":"","ast-banner-title-visibility":"","ast-main-header-display":"","ast-hfb-above-header-display":"","ast-hfb-below-header-display":"","ast-hfb-mobile-header-display":"","site-post-title":"","ast-breadcrumbs-content":"","ast-featured-img":"","footer-sml-layout":"","theme-transparent-header-meta":"default","adv-header-id-meta":"","stick-header-meta":"","header-above-stick-meta":"","header-main-stick-meta":"","header-below-stick-meta":"","astra-migrate-meta-layouts":"set","ast-page-background-enabled":"default","ast-page-background-meta":{"desktop":{"background-color":"","background-image":"","background-repeat":"repeat","background-position":"center center","background-size":"auto","background-attachment":"scroll","background-type":"","background-media":"","overlay-type":"","overlay-color":"","overlay-opacity":"","overlay-gradient":""},"tablet":{"background-color":"","background-image":"","background-repeat":"repeat","background-position":"center center","background-size":"auto","background-attachment":"scroll","background-type":"","background-media":"","overlay-type":"","overlay-color":"","overlay-opacity":"","overlay-gradient":""},"mobile":{"background-color":"","background-image":"","background-repeat":"repeat","background-position":"center center","background-size":"auto","background-attachment":"scroll","background-type":"","background-media":"","overlay-type":"","overlay-color":"","overlay-opacity":"","overlay-gradient":""}},"ast-content-background-meta":{"desktop":{"background-color":"var(--ast-global-color-5)","background-image":"","background-repeat":"repeat","background-position":"center center","background-size":"auto","background-attachment":"scroll","background-type":"","background-media":"","overlay-type":"","overlay-color":"","overlay-opacity":"","overlay-gradient":""},"tablet":{"background-color":"var(--ast-global-color-5)","background-image":"","background-repeat":"repeat","background-position":"center center","background-size":"auto","background-attachment":"scroll","background-type":"","background-media":"","overlay-type":"","overlay-color":"","overlay-opacity":"","overlay-gradient":""},"mobile":{"background-color":"var(--ast-global-color-5)","background-image":"","background-repeat":"repeat","background-position":"center center","background-size":"auto","background-attachment":"scroll","background-type":"","background-media":"","overlay-type":"","overlay-color":"","overlay-opacity":"","overlay-gradient":""}}},"product_brand":[],"product_cat":[79],"product_tag":[],"class_list":{"0":"post-4034","1":"product","2":"type-product","3":"status-publish","4":"has-post-thumbnail","6":"product_cat-prezenty-na-swieta","7":"desktop-align-left","8":"tablet-align-left","9":"mobile-align-left","11":"first","12":"instock","13":"taxable","14":"shipping-taxable","15":"purchasable","16":"product-type-simple"},"yoast_head":"<!-- This site is optimized with the Yoast SEO plugin v27.4 - https:\/\/yoast.com\/product\/yoast-seo-wordpress\/ -->\n<title>Obraz drzewo baobab z par\u0105, prezent \u015bwi\u0105teczny<\/title>\n<meta name=\"description\" content=\"Drzewo baobab to idealny pomys\u0142 na \u015bwi\u0105teczny prezent. To ozdoba, kt\u00f3ra wprowadzi klimat \u015bwi\u0105t do wn\u0119trza. Podaruj bliskiej osobie co\u015b naturalnego.\" \/>\n<meta name=\"robots\" content=\"index, follow, max-snippet:-1, max-image-preview:large, max-video-preview:-1\" \/>\n<link rel=\"canonical\" href=\"https:\/\/greenowacja.pl\/produkt\/obraz-drzewo-baobab-z-para\/\" \/>\n<meta property=\"og:locale\" content=\"pl_PL\" \/>\n<meta property=\"og:type\" content=\"article\" \/>\n<meta property=\"og:title\" content=\"Obraz drzewo baobab z par\u0105, prezent \u015bwi\u0105teczny\" \/>\n<meta property=\"og:description\" content=\"Drzewo baobab to idealny pomys\u0142 na \u015bwi\u0105teczny prezent. To ozdoba, kt\u00f3ra wprowadzi klimat \u015bwi\u0105t do wn\u0119trza. Podaruj bliskiej osobie co\u015b naturalnego.\" \/>\n<meta property=\"og:url\" content=\"https:\/\/greenowacja.pl\/produkt\/obraz-drzewo-baobab-z-para\/\" \/>\n<meta property=\"og:site_name\" content=\"Ozdoby i prezenty z mchu | #u\u015bMECHnij si\u0119!\" \/>\n<meta property=\"article:publisher\" content=\"https:\/\/www.facebook.com\/Greenowacja\" \/>\n<meta property=\"article:modified_time\" content=\"2026-04-28T08:16:59+00:00\" \/>\n<meta property=\"og:image\" content=\"https:\/\/greenowacja.pl\/wp-content\/uploads\/2023\/11\/drzewo-para-na-lawce-swiateczne-e1732702975799.jpg\" \/>\n\t<meta property=\"og:image:width\" content=\"1024\" \/>\n\t<meta property=\"og:image:height\" content=\"1026\" \/>\n\t<meta property=\"og:image:type\" content=\"image\/jpeg\" \/>\n<meta name=\"twitter:card\" content=\"summary_large_image\" \/>\n<meta name=\"twitter:label1\" content=\"Szacowany czas czytania\" \/>\n\t<meta name=\"twitter:data1\" content=\"3 minuty\" \/>\n<script type=\"application\/ld+json\" class=\"yoast-schema-graph\">{\"@context\":\"https:\\\/\\\/schema.org\",\"@graph\":[{\"@type\":\"WebPage\",\"@id\":\"https:\\\/\\\/greenowacja.pl\\\/produkt\\\/obraz-drzewo-baobab-z-para\\\/\",\"url\":\"https:\\\/\\\/greenowacja.pl\\\/produkt\\\/obraz-drzewo-baobab-z-para\\\/\",\"name\":\"Obraz drzewo baobab z par\u0105, prezent \u015bwi\u0105teczny\",\"isPartOf\":{\"@id\":\"https:\\\/\\\/greenowacja.pl\\\/#website\"},\"primaryImageOfPage\":{\"@id\":\"https:\\\/\\\/greenowacja.pl\\\/produkt\\\/obraz-drzewo-baobab-z-para\\\/#primaryimage\"},\"image\":{\"@id\":\"https:\\\/\\\/greenowacja.pl\\\/produkt\\\/obraz-drzewo-baobab-z-para\\\/#primaryimage\"},\"thumbnailUrl\":\"https:\\\/\\\/greenowacja.pl\\\/wp-content\\\/uploads\\\/2023\\\/11\\\/drzewo-para-na-lawce-swiateczne-e1732702975799.jpg\",\"datePublished\":\"2023-11-06T10:40:23+00:00\",\"dateModified\":\"2026-04-28T08:16:59+00:00\",\"description\":\"Drzewo baobab to idealny pomys\u0142 na \u015bwi\u0105teczny prezent. To ozdoba, kt\u00f3ra wprowadzi klimat \u015bwi\u0105t do wn\u0119trza. Podaruj bliskiej osobie co\u015b naturalnego.\",\"breadcrumb\":{\"@id\":\"https:\\\/\\\/greenowacja.pl\\\/produkt\\\/obraz-drzewo-baobab-z-para\\\/#breadcrumb\"},\"inLanguage\":\"pl-PL\",\"potentialAction\":[{\"@type\":\"ReadAction\",\"target\":[\"https:\\\/\\\/greenowacja.pl\\\/produkt\\\/obraz-drzewo-baobab-z-para\\\/\"]}]},{\"@type\":\"ImageObject\",\"inLanguage\":\"pl-PL\",\"@id\":\"https:\\\/\\\/greenowacja.pl\\\/produkt\\\/obraz-drzewo-baobab-z-para\\\/#primaryimage\",\"url\":\"https:\\\/\\\/greenowacja.pl\\\/wp-content\\\/uploads\\\/2023\\\/11\\\/drzewo-para-na-lawce-swiateczne-e1732702975799.jpg\",\"contentUrl\":\"https:\\\/\\\/greenowacja.pl\\\/wp-content\\\/uploads\\\/2023\\\/11\\\/drzewo-para-na-lawce-swiateczne-e1732702975799.jpg\",\"width\":1024,\"height\":1026,\"caption\":\"drzewo baobab z par\u0105 na \u0142awce\"},{\"@type\":\"BreadcrumbList\",\"@id\":\"https:\\\/\\\/greenowacja.pl\\\/produkt\\\/obraz-drzewo-baobab-z-para\\\/#breadcrumb\",\"itemListElement\":[{\"@type\":\"ListItem\",\"position\":1,\"name\":\"Strona g\u0142\u00f3wna\",\"item\":\"https:\\\/\\\/greenowacja.pl\\\/\"},{\"@type\":\"ListItem\",\"position\":2,\"name\":\"Sklep\",\"item\":\"https:\\\/\\\/greenowacja.pl\\\/sklep-z-mchem-chrobotkiem\\\/\"},{\"@type\":\"ListItem\",\"position\":3,\"name\":\"Obraz z mchem, drzewo baobab z par\u0105 na \u0142awce, 39cm &#8211; prezent \u015bwi\u0105teczny\"}]},{\"@type\":\"WebSite\",\"@id\":\"https:\\\/\\\/greenowacja.pl\\\/#website\",\"url\":\"https:\\\/\\\/greenowacja.pl\\\/\",\"name\":\"Ozdoby i prezenty z mchu | #u\u015bMECHnij si\u0119!\",\"description\":\"\",\"publisher\":{\"@id\":\"https:\\\/\\\/greenowacja.pl\\\/#organization\"},\"potentialAction\":[{\"@type\":\"SearchAction\",\"target\":{\"@type\":\"EntryPoint\",\"urlTemplate\":\"https:\\\/\\\/greenowacja.pl\\\/?s={search_term_string}\"},\"query-input\":{\"@type\":\"PropertyValueSpecification\",\"valueRequired\":true,\"valueName\":\"search_term_string\"}}],\"inLanguage\":\"pl-PL\"},{\"@type\":\"Organization\",\"@id\":\"https:\\\/\\\/greenowacja.pl\\\/#organization\",\"name\":\"Ozdoby i prezenty z mchu | #u\u015bMECHnij si\u0119!\",\"url\":\"https:\\\/\\\/greenowacja.pl\\\/\",\"logo\":{\"@type\":\"ImageObject\",\"inLanguage\":\"pl-PL\",\"@id\":\"https:\\\/\\\/greenowacja.pl\\\/#\\\/schema\\\/logo\\\/image\\\/\",\"url\":\"https:\\\/\\\/greenowacja.pl\\\/wp-content\\\/uploads\\\/2023\\\/08\\\/Logo-Greenowacja-wer-z-claimem-pozioma-2-kolory_Easy-Resize.com_.jpg\",\"contentUrl\":\"https:\\\/\\\/greenowacja.pl\\\/wp-content\\\/uploads\\\/2023\\\/08\\\/Logo-Greenowacja-wer-z-claimem-pozioma-2-kolory_Easy-Resize.com_.jpg\",\"width\":1280,\"height\":426,\"caption\":\"Ozdoby i prezenty z mchu | #u\u015bMECHnij si\u0119!\"},\"image\":{\"@id\":\"https:\\\/\\\/greenowacja.pl\\\/#\\\/schema\\\/logo\\\/image\\\/\"},\"sameAs\":[\"https:\\\/\\\/www.facebook.com\\\/Greenowacja\",\"https:\\\/\\\/www.instagram.com\\\/greenowacja\\\/\"]}]}<\/script>\n<!-- \/ Yoast SEO plugin. -->","yoast_head_json":{"title":"Obraz drzewo baobab z par\u0105, prezent \u015bwi\u0105teczny","description":"Drzewo baobab to idealny pomys\u0142 na \u015bwi\u0105teczny prezent. To ozdoba, kt\u00f3ra wprowadzi klimat \u015bwi\u0105t do wn\u0119trza. Podaruj bliskiej osobie co\u015b naturalnego.","robots":{"index":"index","follow":"follow","max-snippet":"max-snippet:-1","max-image-preview":"max-image-preview:large","max-video-preview":"max-video-preview:-1"},"canonical":"https:\/\/greenowacja.pl\/produkt\/obraz-drzewo-baobab-z-para\/","og_locale":"pl_PL","og_type":"article","og_title":"Obraz drzewo baobab z par\u0105, prezent \u015bwi\u0105teczny","og_description":"Drzewo baobab to idealny pomys\u0142 na \u015bwi\u0105teczny prezent. To ozdoba, kt\u00f3ra wprowadzi klimat \u015bwi\u0105t do wn\u0119trza. Podaruj bliskiej osobie co\u015b naturalnego.","og_url":"https:\/\/greenowacja.pl\/produkt\/obraz-drzewo-baobab-z-para\/","og_site_name":"Ozdoby i prezenty z mchu | #u\u015bMECHnij si\u0119!","article_publisher":"https:\/\/www.facebook.com\/Greenowacja","article_modified_time":"2026-04-28T08:16:59+00:00","og_image":[{"width":1024,"height":1026,"url":"https:\/\/greenowacja.pl\/wp-content\/uploads\/2023\/11\/drzewo-para-na-lawce-swiateczne-e1732702975799.jpg","type":"image\/jpeg"}],"twitter_card":"summary_large_image","twitter_misc":{"Szacowany czas czytania":"3 minuty"},"schema":{"@context":"https:\/\/schema.org","@graph":[{"@type":"WebPage","@id":"https:\/\/greenowacja.pl\/produkt\/obraz-drzewo-baobab-z-para\/","url":"https:\/\/greenowacja.pl\/produkt\/obraz-drzewo-baobab-z-para\/","name":"Obraz drzewo baobab z par\u0105, prezent \u015bwi\u0105teczny","isPartOf":{"@id":"https:\/\/greenowacja.pl\/#website"},"primaryImageOfPage":{"@id":"https:\/\/greenowacja.pl\/produkt\/obraz-drzewo-baobab-z-para\/#primaryimage"},"image":{"@id":"https:\/\/greenowacja.pl\/produkt\/obraz-drzewo-baobab-z-para\/#primaryimage"},"thumbnailUrl":"https:\/\/greenowacja.pl\/wp-content\/uploads\/2023\/11\/drzewo-para-na-lawce-swiateczne-e1732702975799.jpg","datePublished":"2023-11-06T10:40:23+00:00","dateModified":"2026-04-28T08:16:59+00:00","description":"Drzewo baobab to idealny pomys\u0142 na \u015bwi\u0105teczny prezent. To ozdoba, kt\u00f3ra wprowadzi klimat \u015bwi\u0105t do wn\u0119trza. Podaruj bliskiej osobie co\u015b naturalnego.","breadcrumb":{"@id":"https:\/\/greenowacja.pl\/produkt\/obraz-drzewo-baobab-z-para\/#breadcrumb"},"inLanguage":"pl-PL","potentialAction":[{"@type":"ReadAction","target":["https:\/\/greenowacja.pl\/produkt\/obraz-drzewo-baobab-z-para\/"]}]},{"@type":"ImageObject","inLanguage":"pl-PL","@id":"https:\/\/greenowacja.pl\/produkt\/obraz-drzewo-baobab-z-para\/#primaryimage","url":"https:\/\/greenowacja.pl\/wp-content\/uploads\/2023\/11\/drzewo-para-na-lawce-swiateczne-e1732702975799.jpg","contentUrl":"https:\/\/greenowacja.pl\/wp-content\/uploads\/2023\/11\/drzewo-para-na-lawce-swiateczne-e1732702975799.jpg","width":1024,"height":1026,"caption":"drzewo baobab z par\u0105 na \u0142awce"},{"@type":"BreadcrumbList","@id":"https:\/\/greenowacja.pl\/produkt\/obraz-drzewo-baobab-z-para\/#breadcrumb","itemListElement":[{"@type":"ListItem","position":1,"name":"Strona g\u0142\u00f3wna","item":"https:\/\/greenowacja.pl\/"},{"@type":"ListItem","position":2,"name":"Sklep","item":"https:\/\/greenowacja.pl\/sklep-z-mchem-chrobotkiem\/"},{"@type":"ListItem","position":3,"name":"Obraz z mchem, drzewo baobab z par\u0105 na \u0142awce, 39cm &#8211; prezent \u015bwi\u0105teczny"}]},{"@type":"WebSite","@id":"https:\/\/greenowacja.pl\/#website","url":"https:\/\/greenowacja.pl\/","name":"Ozdoby i prezenty z mchu | #u\u015bMECHnij si\u0119!","description":"","publisher":{"@id":"https:\/\/greenowacja.pl\/#organization"},"potentialAction":[{"@type":"SearchAction","target":{"@type":"EntryPoint","urlTemplate":"https:\/\/greenowacja.pl\/?s={search_term_string}"},"query-input":{"@type":"PropertyValueSpecification","valueRequired":true,"valueName":"search_term_string"}}],"inLanguage":"pl-PL"},{"@type":"Organization","@id":"https:\/\/greenowacja.pl\/#organization","name":"Ozdoby i prezenty z mchu | #u\u015bMECHnij si\u0119!","url":"https:\/\/greenowacja.pl\/","logo":{"@type":"ImageObject","inLanguage":"pl-PL","@id":"https:\/\/greenowacja.pl\/#\/schema\/logo\/image\/","url":"https:\/\/greenowacja.pl\/wp-content\/uploads\/2023\/08\/Logo-Greenowacja-wer-z-claimem-pozioma-2-kolory_Easy-Resize.com_.jpg","contentUrl":"https:\/\/greenowacja.pl\/wp-content\/uploads\/2023\/08\/Logo-Greenowacja-wer-z-claimem-pozioma-2-kolory_Easy-Resize.com_.jpg","width":1280,"height":426,"caption":"Ozdoby i prezenty z mchu | #u\u015bMECHnij si\u0119!"},"image":{"@id":"https:\/\/greenowacja.pl\/#\/schema\/logo\/image\/"},"sameAs":["https:\/\/www.facebook.com\/Greenowacja","https:\/\/www.instagram.com\/greenowacja\/"]}]}},"_links":{"self":[{"href":"https:\/\/greenowacja.pl\/wp-json\/wp\/v2\/product\/4034","targetHints":{"allow":["GET"]}}],"collection":[{"href":"https:\/\/greenowacja.pl\/wp-json\/wp\/v2\/product"}],"about":[{"href":"https:\/\/greenowacja.pl\/wp-json\/wp\/v2\/types\/product"}],"wp:featuredmedia":[{"embeddable":true,"href":"https:\/\/greenowacja.pl\/wp-json\/wp\/v2\/media\/4035"}],"wp:attachment":[{"href":"https:\/\/greenowacja.pl\/wp-json\/wp\/v2\/media?parent=4034"}],"wp:term":[{"taxonomy":"product_brand","embeddable":true,"href":"https:\/\/greenowacja.pl\/wp-json\/wp\/v2\/product_brand?post=4034"},{"taxonomy":"product_cat","embeddable":true,"href":"https:\/\/greenowacja.pl\/wp-json\/wp\/v2\/product_cat?post=4034"},{"taxonomy":"product_tag","embeddable":true,"href":"https:\/\/greenowacja.pl\/wp-json\/wp\/v2\/product_tag?post=4034"}],"curies":[{"name":"wp","href":"https:\/\/api.w.org\/{rel}","templated":true}]}}