{"id":4085,"date":"2023-11-15T20:06:02","date_gmt":"2023-11-15T19:06:02","guid":{"rendered":"https:\/\/greenowacja.pl\/?post_type=product&#038;p=4085"},"modified":"2026-03-24T10:07:34","modified_gmt":"2026-03-24T09:07:34","slug":"obraz-renifer-na-tle-gor","status":"publish","type":"product","link":"https:\/\/greenowacja.pl\/produkt\/obraz-renifer-na-tle-gor\/","title":{"rendered":"Obraz z chrobotkiem, renifer na tle g\u00f3r, 39cm"},"content":{"rendered":"<p><strong>Obraz renifer na tle g\u00f3r.<\/strong><\/p>\n<p>Na tle majestatycznych szczyt\u00f3w g\u00f3rskich ukazuje si\u0119 wizerunek renifera, kt\u00f3ry stanowi g\u0142\u00f3wny motyw obrazu. Dodatkowo na obrazie znajduje si\u0119 choinka stworzona z chrobotka reniferowego.<\/p>\n<h5><strong>\u015awie\u017co\u015b\u0107 do momentu wr\u0119czenia ! (b\u0119dzie pi\u0119kny na lata)<\/strong><\/h5>\n<p>Kupuj\u0105c u nas produkt z chrobotkiem reniferowym, mo\u017cesz mie\u0107 pewno\u015b\u0107, \u017ce zachowa on swoj\u0105 \u015bwie\u017co\u015b\u0107 i pi\u0119kny wygl\u0105d <strong>\u00a0do momentu wr\u0119czenia<\/strong>. Dzi\u0119ki stabilizacji chrobotek nie wi\u0119dnie, nie traci koloru ani mi\u0119kko\u015bci, nawet je\u015bli pozostaje zapakowany przez d\u0142u\u017cszy czas. To niezawodna ozdoba, kt\u00f3ra \u015bwietnie sprawdzi si\u0119 jako \u015bwi\u0105teczny prezent, gotowy do zachwycenia obdarowanej osoby!<\/p>\n<p><strong>Cechy produktu:<\/strong><\/p>\n<ul>\n<li><strong>\u015arednica:<\/strong>\u00a0 39 cm.<\/li>\n<li><b>Podk\u0142ad: <\/b>p\u0142yta HDF<\/li>\n<li><strong>Uniwersalno\u015b\u0107:<\/strong> Nasze drzewo doskonale komponuje si\u0119 z r\u00f3\u017cnymi stylami wn\u0119trz, dodaj\u0105c im charakteru<\/li>\n<li><strong>Trwa\u0142o\u015b\u0107:<\/strong> Produkty z chrobotkiem pozostan\u0105 pi\u0119kne przez wiele lat.<\/li>\n<li>Obraz przygotowany do powieszenia<\/li>\n<\/ul>\n<p>Do stworzenia naszego r\u0119kodzie\u0142a u\u017cywany jest porost chrobotek reniferowy, g\u0142\u00f3wnie ze Skandynawii. Chrobotek, po przej\u015bciu przez proces stabilizacji, przestaje rosn\u0105\u0107, pozostaj\u0105c pi\u0119kny nawet przez 8-10 lat.<\/p>\n<p><strong>Wskaz\u00f3wki:<\/strong><\/p>\n<ul>\n<li><strong>nie podlewaj mchu go ani nie zraszaj,<\/strong><\/li>\n<li>chrobotek lubi <strong>wilgotno\u015b\u0107 powietrza 40-60%,<\/strong><\/li>\n<li>umie\u015b\u0107 go w znacznej odleg\u0142o\u015bci od \u017ar\u00f3de\u0142 ciep\u0142a i \u015bwiat\u0142a.<\/li>\n<\/ul>\n<p>Lampki i serca s\u0105 elementem aran\u017cacji fotograficznej. Produkt nie zawiera lampek.<\/p>\n","protected":false},"excerpt":{"rendered":"<p><strong>Obraz renifer na tle g\u00f3r z choink\u0105<\/strong><\/p>\n<p>Wizerunek renifera na tle g\u00f3r to \u015bwietna propozycja dla os\u00f3b, kt\u00f3re szukaj\u0105 ciekawego elementu do aran\u017cacji swojego mieszkania lub nietuzinkowego prezentu. Nasze obrazy zdobione chrobotkiem reniferowym \u015bwietnie sprawdzaj\u0105 si\u0119 r\u00f3wnie\u017c jako prezenty na \u015bwi\u0119ta.<\/p>\n","protected":false},"featured_media":4089,"template":"","meta":{"site-sidebar-layout":"default","site-content-layout":"default","ast-site-content-layout":"default","site-content-style":"default","site-sidebar-style":"default","ast-global-header-display":"","ast-banner-title-visibility":"","ast-main-header-display":"","ast-hfb-above-header-display":"","ast-hfb-below-header-display":"","ast-hfb-mobile-header-display":"","site-post-title":"","ast-breadcrumbs-content":"","ast-featured-img":"","footer-sml-layout":"","theme-transparent-header-meta":"default","adv-header-id-meta":"","stick-header-meta":"","header-above-stick-meta":"","header-main-stick-meta":"","header-below-stick-meta":"","astra-migrate-meta-layouts":"set","ast-page-background-enabled":"default","ast-page-background-meta":{"desktop":{"background-color":"","background-image":"","background-repeat":"repeat","background-position":"center center","background-size":"auto","background-attachment":"scroll","background-type":"","background-media":"","overlay-type":"","overlay-color":"","overlay-opacity":"","overlay-gradient":""},"tablet":{"background-color":"","background-image":"","background-repeat":"repeat","background-position":"center center","background-size":"auto","background-attachment":"scroll","background-type":"","background-media":"","overlay-type":"","overlay-color":"","overlay-opacity":"","overlay-gradient":""},"mobile":{"background-color":"","background-image":"","background-repeat":"repeat","background-position":"center center","background-size":"auto","background-attachment":"scroll","background-type":"","background-media":"","overlay-type":"","overlay-color":"","overlay-opacity":"","overlay-gradient":""}},"ast-content-background-meta":{"desktop":{"background-color":"var(--ast-global-color-5)","background-image":"","background-repeat":"repeat","background-position":"center center","background-size":"auto","background-attachment":"scroll","background-type":"","background-media":"","overlay-type":"","overlay-color":"","overlay-opacity":"","overlay-gradient":""},"tablet":{"background-color":"var(--ast-global-color-5)","background-image":"","background-repeat":"repeat","background-position":"center center","background-size":"auto","background-attachment":"scroll","background-type":"","background-media":"","overlay-type":"","overlay-color":"","overlay-opacity":"","overlay-gradient":""},"mobile":{"background-color":"var(--ast-global-color-5)","background-image":"","background-repeat":"repeat","background-position":"center center","background-size":"auto","background-attachment":"scroll","background-type":"","background-media":"","overlay-type":"","overlay-color":"","overlay-opacity":"","overlay-gradient":""}}},"product_brand":[],"product_cat":[81,33,121,79,93],"product_tag":[],"class_list":{"0":"post-4085","1":"product","2":"type-product","3":"status-publish","4":"has-post-thumbnail","6":"product_cat-dla-milosnikow-zwierzat","7":"product_cat-drzewa-z-chrobotkiem","8":"product_cat-karta-mieszkanca-gminy-kolobrzeg","9":"product_cat-prezenty-na-swieta","10":"product_cat-ok-poznan","11":"desktop-align-left","12":"tablet-align-left","13":"mobile-align-left","15":"first","16":"instock","17":"taxable","18":"shipping-taxable","19":"purchasable","20":"product-type-simple"},"yoast_head":"<!-- This site is optimized with the Yoast SEO plugin v27.4 - https:\/\/yoast.com\/product\/yoast-seo-wordpress\/ -->\n<title>Obraz renifer na tle g\u00f3r<\/title>\n<meta name=\"description\" content=\"Na tle majestatycznych szczyt\u00f3w g\u00f3rskich ukazuje si\u0119 wizerunek renifera. Dodatkowo na obrazie znajduje si\u0119 choinka z prawdziwego mchu chrobotka.\" \/>\n<meta name=\"robots\" content=\"index, follow, max-snippet:-1, max-image-preview:large, max-video-preview:-1\" \/>\n<link rel=\"canonical\" href=\"https:\/\/greenowacja.pl\/produkt\/obraz-renifer-na-tle-gor\/\" \/>\n<meta property=\"og:locale\" content=\"pl_PL\" \/>\n<meta property=\"og:type\" content=\"article\" \/>\n<meta property=\"og:title\" content=\"Obraz renifer na tle g\u00f3r\" \/>\n<meta property=\"og:description\" content=\"Na tle majestatycznych szczyt\u00f3w g\u00f3rskich ukazuje si\u0119 wizerunek renifera. Dodatkowo na obrazie znajduje si\u0119 choinka z prawdziwego mchu chrobotka.\" \/>\n<meta property=\"og:url\" content=\"https:\/\/greenowacja.pl\/produkt\/obraz-renifer-na-tle-gor\/\" \/>\n<meta property=\"og:site_name\" content=\"Ozdoby i prezenty z mchu | #u\u015bMECHnij si\u0119!\" \/>\n<meta property=\"article:publisher\" content=\"https:\/\/www.facebook.com\/Greenowacja\" \/>\n<meta property=\"article:modified_time\" content=\"2026-03-24T09:07:34+00:00\" \/>\n<meta property=\"og:image\" content=\"https:\/\/greenowacja.pl\/wp-content\/uploads\/2023\/11\/jelen-gory-aranzacja.jpg\" \/>\n\t<meta property=\"og:image:width\" content=\"1280\" \/>\n\t<meta property=\"og:image:height\" content=\"1280\" \/>\n\t<meta property=\"og:image:type\" content=\"image\/jpeg\" \/>\n<meta name=\"twitter:card\" content=\"summary_large_image\" \/>\n<meta name=\"twitter:label1\" content=\"Szacowany czas czytania\" \/>\n\t<meta name=\"twitter:data1\" content=\"1 minuta\" \/>\n<script type=\"application\/ld+json\" class=\"yoast-schema-graph\">{\"@context\":\"https:\\\/\\\/schema.org\",\"@graph\":[{\"@type\":\"WebPage\",\"@id\":\"https:\\\/\\\/greenowacja.pl\\\/produkt\\\/obraz-renifer-na-tle-gor\\\/\",\"url\":\"https:\\\/\\\/greenowacja.pl\\\/produkt\\\/obraz-renifer-na-tle-gor\\\/\",\"name\":\"Obraz renifer na tle g\u00f3r\",\"isPartOf\":{\"@id\":\"https:\\\/\\\/greenowacja.pl\\\/#website\"},\"primaryImageOfPage\":{\"@id\":\"https:\\\/\\\/greenowacja.pl\\\/produkt\\\/obraz-renifer-na-tle-gor\\\/#primaryimage\"},\"image\":{\"@id\":\"https:\\\/\\\/greenowacja.pl\\\/produkt\\\/obraz-renifer-na-tle-gor\\\/#primaryimage\"},\"thumbnailUrl\":\"https:\\\/\\\/greenowacja.pl\\\/wp-content\\\/uploads\\\/2023\\\/11\\\/jelen-gory-aranzacja.jpg\",\"datePublished\":\"2023-11-15T19:06:02+00:00\",\"dateModified\":\"2026-03-24T09:07:34+00:00\",\"description\":\"Na tle majestatycznych szczyt\u00f3w g\u00f3rskich ukazuje si\u0119 wizerunek renifera. Dodatkowo na obrazie znajduje si\u0119 choinka z prawdziwego mchu chrobotka.\",\"breadcrumb\":{\"@id\":\"https:\\\/\\\/greenowacja.pl\\\/produkt\\\/obraz-renifer-na-tle-gor\\\/#breadcrumb\"},\"inLanguage\":\"pl-PL\",\"potentialAction\":[{\"@type\":\"ReadAction\",\"target\":[\"https:\\\/\\\/greenowacja.pl\\\/produkt\\\/obraz-renifer-na-tle-gor\\\/\"]}]},{\"@type\":\"ImageObject\",\"inLanguage\":\"pl-PL\",\"@id\":\"https:\\\/\\\/greenowacja.pl\\\/produkt\\\/obraz-renifer-na-tle-gor\\\/#primaryimage\",\"url\":\"https:\\\/\\\/greenowacja.pl\\\/wp-content\\\/uploads\\\/2023\\\/11\\\/jelen-gory-aranzacja.jpg\",\"contentUrl\":\"https:\\\/\\\/greenowacja.pl\\\/wp-content\\\/uploads\\\/2023\\\/11\\\/jelen-gory-aranzacja.jpg\",\"width\":1280,\"height\":1280},{\"@type\":\"BreadcrumbList\",\"@id\":\"https:\\\/\\\/greenowacja.pl\\\/produkt\\\/obraz-renifer-na-tle-gor\\\/#breadcrumb\",\"itemListElement\":[{\"@type\":\"ListItem\",\"position\":1,\"name\":\"Strona g\u0142\u00f3wna\",\"item\":\"https:\\\/\\\/greenowacja.pl\\\/\"},{\"@type\":\"ListItem\",\"position\":2,\"name\":\"Sklep\",\"item\":\"https:\\\/\\\/greenowacja.pl\\\/sklep-z-mchem-chrobotkiem\\\/\"},{\"@type\":\"ListItem\",\"position\":3,\"name\":\"Obraz z chrobotkiem, renifer na tle g\u00f3r, 39cm\"}]},{\"@type\":\"WebSite\",\"@id\":\"https:\\\/\\\/greenowacja.pl\\\/#website\",\"url\":\"https:\\\/\\\/greenowacja.pl\\\/\",\"name\":\"Ozdoby i prezenty z mchu | #u\u015bMECHnij si\u0119!\",\"description\":\"\",\"publisher\":{\"@id\":\"https:\\\/\\\/greenowacja.pl\\\/#organization\"},\"potentialAction\":[{\"@type\":\"SearchAction\",\"target\":{\"@type\":\"EntryPoint\",\"urlTemplate\":\"https:\\\/\\\/greenowacja.pl\\\/?s={search_term_string}\"},\"query-input\":{\"@type\":\"PropertyValueSpecification\",\"valueRequired\":true,\"valueName\":\"search_term_string\"}}],\"inLanguage\":\"pl-PL\"},{\"@type\":\"Organization\",\"@id\":\"https:\\\/\\\/greenowacja.pl\\\/#organization\",\"name\":\"Ozdoby i prezenty z mchu | #u\u015bMECHnij si\u0119!\",\"url\":\"https:\\\/\\\/greenowacja.pl\\\/\",\"logo\":{\"@type\":\"ImageObject\",\"inLanguage\":\"pl-PL\",\"@id\":\"https:\\\/\\\/greenowacja.pl\\\/#\\\/schema\\\/logo\\\/image\\\/\",\"url\":\"https:\\\/\\\/greenowacja.pl\\\/wp-content\\\/uploads\\\/2023\\\/08\\\/Logo-Greenowacja-wer-z-claimem-pozioma-2-kolory_Easy-Resize.com_.jpg\",\"contentUrl\":\"https:\\\/\\\/greenowacja.pl\\\/wp-content\\\/uploads\\\/2023\\\/08\\\/Logo-Greenowacja-wer-z-claimem-pozioma-2-kolory_Easy-Resize.com_.jpg\",\"width\":1280,\"height\":426,\"caption\":\"Ozdoby i prezenty z mchu | #u\u015bMECHnij si\u0119!\"},\"image\":{\"@id\":\"https:\\\/\\\/greenowacja.pl\\\/#\\\/schema\\\/logo\\\/image\\\/\"},\"sameAs\":[\"https:\\\/\\\/www.facebook.com\\\/Greenowacja\",\"https:\\\/\\\/www.instagram.com\\\/greenowacja\\\/\"]}]}<\/script>\n<!-- \/ Yoast SEO plugin. -->","yoast_head_json":{"title":"Obraz renifer na tle g\u00f3r","description":"Na tle majestatycznych szczyt\u00f3w g\u00f3rskich ukazuje si\u0119 wizerunek renifera. Dodatkowo na obrazie znajduje si\u0119 choinka z prawdziwego mchu chrobotka.","robots":{"index":"index","follow":"follow","max-snippet":"max-snippet:-1","max-image-preview":"max-image-preview:large","max-video-preview":"max-video-preview:-1"},"canonical":"https:\/\/greenowacja.pl\/produkt\/obraz-renifer-na-tle-gor\/","og_locale":"pl_PL","og_type":"article","og_title":"Obraz renifer na tle g\u00f3r","og_description":"Na tle majestatycznych szczyt\u00f3w g\u00f3rskich ukazuje si\u0119 wizerunek renifera. Dodatkowo na obrazie znajduje si\u0119 choinka z prawdziwego mchu chrobotka.","og_url":"https:\/\/greenowacja.pl\/produkt\/obraz-renifer-na-tle-gor\/","og_site_name":"Ozdoby i prezenty z mchu | #u\u015bMECHnij si\u0119!","article_publisher":"https:\/\/www.facebook.com\/Greenowacja","article_modified_time":"2026-03-24T09:07:34+00:00","og_image":[{"width":1280,"height":1280,"url":"https:\/\/greenowacja.pl\/wp-content\/uploads\/2023\/11\/jelen-gory-aranzacja.jpg","type":"image\/jpeg"}],"twitter_card":"summary_large_image","twitter_misc":{"Szacowany czas czytania":"1 minuta"},"schema":{"@context":"https:\/\/schema.org","@graph":[{"@type":"WebPage","@id":"https:\/\/greenowacja.pl\/produkt\/obraz-renifer-na-tle-gor\/","url":"https:\/\/greenowacja.pl\/produkt\/obraz-renifer-na-tle-gor\/","name":"Obraz renifer na tle g\u00f3r","isPartOf":{"@id":"https:\/\/greenowacja.pl\/#website"},"primaryImageOfPage":{"@id":"https:\/\/greenowacja.pl\/produkt\/obraz-renifer-na-tle-gor\/#primaryimage"},"image":{"@id":"https:\/\/greenowacja.pl\/produkt\/obraz-renifer-na-tle-gor\/#primaryimage"},"thumbnailUrl":"https:\/\/greenowacja.pl\/wp-content\/uploads\/2023\/11\/jelen-gory-aranzacja.jpg","datePublished":"2023-11-15T19:06:02+00:00","dateModified":"2026-03-24T09:07:34+00:00","description":"Na tle majestatycznych szczyt\u00f3w g\u00f3rskich ukazuje si\u0119 wizerunek renifera. Dodatkowo na obrazie znajduje si\u0119 choinka z prawdziwego mchu chrobotka.","breadcrumb":{"@id":"https:\/\/greenowacja.pl\/produkt\/obraz-renifer-na-tle-gor\/#breadcrumb"},"inLanguage":"pl-PL","potentialAction":[{"@type":"ReadAction","target":["https:\/\/greenowacja.pl\/produkt\/obraz-renifer-na-tle-gor\/"]}]},{"@type":"ImageObject","inLanguage":"pl-PL","@id":"https:\/\/greenowacja.pl\/produkt\/obraz-renifer-na-tle-gor\/#primaryimage","url":"https:\/\/greenowacja.pl\/wp-content\/uploads\/2023\/11\/jelen-gory-aranzacja.jpg","contentUrl":"https:\/\/greenowacja.pl\/wp-content\/uploads\/2023\/11\/jelen-gory-aranzacja.jpg","width":1280,"height":1280},{"@type":"BreadcrumbList","@id":"https:\/\/greenowacja.pl\/produkt\/obraz-renifer-na-tle-gor\/#breadcrumb","itemListElement":[{"@type":"ListItem","position":1,"name":"Strona g\u0142\u00f3wna","item":"https:\/\/greenowacja.pl\/"},{"@type":"ListItem","position":2,"name":"Sklep","item":"https:\/\/greenowacja.pl\/sklep-z-mchem-chrobotkiem\/"},{"@type":"ListItem","position":3,"name":"Obraz z chrobotkiem, renifer na tle g\u00f3r, 39cm"}]},{"@type":"WebSite","@id":"https:\/\/greenowacja.pl\/#website","url":"https:\/\/greenowacja.pl\/","name":"Ozdoby i prezenty z mchu | #u\u015bMECHnij si\u0119!","description":"","publisher":{"@id":"https:\/\/greenowacja.pl\/#organization"},"potentialAction":[{"@type":"SearchAction","target":{"@type":"EntryPoint","urlTemplate":"https:\/\/greenowacja.pl\/?s={search_term_string}"},"query-input":{"@type":"PropertyValueSpecification","valueRequired":true,"valueName":"search_term_string"}}],"inLanguage":"pl-PL"},{"@type":"Organization","@id":"https:\/\/greenowacja.pl\/#organization","name":"Ozdoby i prezenty z mchu | #u\u015bMECHnij si\u0119!","url":"https:\/\/greenowacja.pl\/","logo":{"@type":"ImageObject","inLanguage":"pl-PL","@id":"https:\/\/greenowacja.pl\/#\/schema\/logo\/image\/","url":"https:\/\/greenowacja.pl\/wp-content\/uploads\/2023\/08\/Logo-Greenowacja-wer-z-claimem-pozioma-2-kolory_Easy-Resize.com_.jpg","contentUrl":"https:\/\/greenowacja.pl\/wp-content\/uploads\/2023\/08\/Logo-Greenowacja-wer-z-claimem-pozioma-2-kolory_Easy-Resize.com_.jpg","width":1280,"height":426,"caption":"Ozdoby i prezenty z mchu | #u\u015bMECHnij si\u0119!"},"image":{"@id":"https:\/\/greenowacja.pl\/#\/schema\/logo\/image\/"},"sameAs":["https:\/\/www.facebook.com\/Greenowacja","https:\/\/www.instagram.com\/greenowacja\/"]}]}},"_links":{"self":[{"href":"https:\/\/greenowacja.pl\/wp-json\/wp\/v2\/product\/4085","targetHints":{"allow":["GET"]}}],"collection":[{"href":"https:\/\/greenowacja.pl\/wp-json\/wp\/v2\/product"}],"about":[{"href":"https:\/\/greenowacja.pl\/wp-json\/wp\/v2\/types\/product"}],"wp:featuredmedia":[{"embeddable":true,"href":"https:\/\/greenowacja.pl\/wp-json\/wp\/v2\/media\/4089"}],"wp:attachment":[{"href":"https:\/\/greenowacja.pl\/wp-json\/wp\/v2\/media?parent=4085"}],"wp:term":[{"taxonomy":"product_brand","embeddable":true,"href":"https:\/\/greenowacja.pl\/wp-json\/wp\/v2\/product_brand?post=4085"},{"taxonomy":"product_cat","embeddable":true,"href":"https:\/\/greenowacja.pl\/wp-json\/wp\/v2\/product_cat?post=4085"},{"taxonomy":"product_tag","embeddable":true,"href":"https:\/\/greenowacja.pl\/wp-json\/wp\/v2\/product_tag?post=4085"}],"curies":[{"name":"wp","href":"https:\/\/api.w.org\/{rel}","templated":true}]}}