{"id":4090,"date":"2023-11-15T20:10:58","date_gmt":"2023-11-15T19:10:58","guid":{"rendered":"https:\/\/greenowacja.pl\/?post_type=product&#038;p=4090"},"modified":"2025-08-27T16:34:42","modified_gmt":"2025-08-27T14:34:42","slug":"obraz-para-na-tle-gor-39cm-copy","status":"publish","type":"product","link":"https:\/\/greenowacja.pl\/produkt\/obraz-para-na-tle-gor-39cm-copy\/","title":{"rendered":"Obraz para na tle g\u00f3r, 39cm"},"content":{"rendered":"<p><strong>Obraz para na tle g\u00f3r.<\/strong><\/p>\n<p>Na tle majestatycznych szczyt\u00f3w g\u00f3rskich ukazuje si\u0119 wizerunek pary, kt\u00f3ry stanowi g\u0142\u00f3wny motyw obrazu. Dodatkowo na obrazie znajduje si\u0119 drzewo stworzone z chrobotka reniferowego.<\/p>\n<p><strong>Cechy produktu:<\/strong><\/p>\n<ul>\n<li><strong>\u015arednica:<\/strong>\u00a0 39 cm.<\/li>\n<li><b>Podk\u0142ad: <\/b>p\u0142yta HDF<\/li>\n<li><strong>Uniwersalno\u015b\u0107:<\/strong> Nasze drzewo doskonale komponuje si\u0119 z r\u00f3\u017cnymi stylami wn\u0119trz, dodaj\u0105c im charakteru<\/li>\n<li><strong>Trwa\u0142o\u015b\u0107:<\/strong> Produkty z chrobotkiem pozostan\u0105 pi\u0119kne przez wiele lat.<\/li>\n<li>Obraz przygotowany do powieszenia<\/li>\n<\/ul>\n<p>Do stworzenia naszego r\u0119kodzie\u0142a u\u017cywany jest porost chrobotek reniferowy, g\u0142\u00f3wnie ze Skandynawii. Chrobotek, po przej\u015bciu przez proces stabilizacji, przestaje rosn\u0105\u0107, pozostaj\u0105c pi\u0119kny nawet przez 8-10 lat.<\/p>\n<p><strong>Wskaz\u00f3wki:<\/strong><\/p>\n<ul>\n<li><strong>nie podlewaj mchu go ani nie zraszaj,<\/strong><\/li>\n<li>chrobotek lubi <strong>wilgotno\u015b\u0107 powietrza 40-60%,<\/strong><\/li>\n<li>umie\u015b\u0107 go w znacznej odleg\u0142o\u015bci od \u017ar\u00f3de\u0142 ciep\u0142a i \u015bwiat\u0142a.<\/li>\n<\/ul>\n<p>Lampki i serca s\u0105 elementem aran\u017cacji fotograficznej. Produkt nie zawiera lampek.<\/p>\n","protected":false},"excerpt":{"rendered":"<p><strong>Obraz para na tle g\u00f3r z choink\u0105<\/strong><\/p>\n<p>Wizerunek pary na tle g\u00f3r to \u015bwietna propozycja dla os\u00f3b, kt\u00f3re szukaj\u0105 ciekawego elementu do aran\u017cacji swojego mieszkania lub nietuzinkowego prezentu. Nasze obrazy zdobione chrobotkiem reniferowym \u015bwietnie sprawdzaj\u0105 si\u0119 r\u00f3wnie\u017c jako prezenty na \u015bwi\u0119ta.<\/p>\n","protected":false},"featured_media":4093,"template":"","meta":{"site-sidebar-layout":"default","site-content-layout":"default","ast-site-content-layout":"default","site-content-style":"default","site-sidebar-style":"default","ast-global-header-display":"","ast-banner-title-visibility":"","ast-main-header-display":"","ast-hfb-above-header-display":"","ast-hfb-below-header-display":"","ast-hfb-mobile-header-display":"","site-post-title":"","ast-breadcrumbs-content":"","ast-featured-img":"","footer-sml-layout":"","theme-transparent-header-meta":"default","adv-header-id-meta":"","stick-header-meta":"","header-above-stick-meta":"","header-main-stick-meta":"","header-below-stick-meta":"","astra-migrate-meta-layouts":"set","ast-page-background-enabled":"default","ast-page-background-meta":{"desktop":{"background-color":"","background-image":"","background-repeat":"repeat","background-position":"center center","background-size":"auto","background-attachment":"scroll","background-type":"","background-media":"","overlay-type":"","overlay-color":"","overlay-opacity":"","overlay-gradient":""},"tablet":{"background-color":"","background-image":"","background-repeat":"repeat","background-position":"center center","background-size":"auto","background-attachment":"scroll","background-type":"","background-media":"","overlay-type":"","overlay-color":"","overlay-opacity":"","overlay-gradient":""},"mobile":{"background-color":"","background-image":"","background-repeat":"repeat","background-position":"center center","background-size":"auto","background-attachment":"scroll","background-type":"","background-media":"","overlay-type":"","overlay-color":"","overlay-opacity":"","overlay-gradient":""}},"ast-content-background-meta":{"desktop":{"background-color":"var(--ast-global-color-5)","background-image":"","background-repeat":"repeat","background-position":"center center","background-size":"auto","background-attachment":"scroll","background-type":"","background-media":"","overlay-type":"","overlay-color":"","overlay-opacity":"","overlay-gradient":""},"tablet":{"background-color":"var(--ast-global-color-5)","background-image":"","background-repeat":"repeat","background-position":"center center","background-size":"auto","background-attachment":"scroll","background-type":"","background-media":"","overlay-type":"","overlay-color":"","overlay-opacity":"","overlay-gradient":""},"mobile":{"background-color":"var(--ast-global-color-5)","background-image":"","background-repeat":"repeat","background-position":"center center","background-size":"auto","background-attachment":"scroll","background-type":"","background-media":"","overlay-type":"","overlay-color":"","overlay-opacity":"","overlay-gradient":""}}},"product_brand":[],"product_cat":[33,121,53,42,93],"product_tag":[],"class_list":{"0":"post-4090","1":"product","2":"type-product","3":"status-publish","4":"has-post-thumbnail","6":"product_cat-drzewa-z-chrobotkiem","7":"product_cat-karta-mieszkanca-gminy-kolobrzeg","8":"product_cat-prezenty-na-slub-z-mchem","9":"product_cat-obrazy-z-chrobotkiem","10":"product_cat-ok-poznan","11":"desktop-align-left","12":"tablet-align-left","13":"mobile-align-left","15":"first","16":"instock","17":"taxable","18":"shipping-taxable","19":"purchasable","20":"product-type-simple"},"yoast_head":"<!-- This site is optimized with the Yoast SEO plugin v27.4 - https:\/\/yoast.com\/product\/yoast-seo-wordpress\/ -->\n<title>Obraz para na tle g\u00f3r<\/title>\n<meta name=\"description\" content=\"Na tle majestatycznych szczyt\u00f3w g\u00f3rskich ukazuje si\u0119 wizerunek pary. Dodatkowo na obrazie znajduje si\u0119 drzewo z prawdziwego mchu chrobotka.\" \/>\n<meta name=\"robots\" content=\"index, follow, max-snippet:-1, max-image-preview:large, max-video-preview:-1\" \/>\n<link rel=\"canonical\" href=\"https:\/\/greenowacja.pl\/produkt\/obraz-para-na-tle-gor-39cm-copy\/\" \/>\n<meta property=\"og:locale\" content=\"pl_PL\" \/>\n<meta property=\"og:type\" content=\"article\" \/>\n<meta property=\"og:title\" content=\"Obraz para na tle g\u00f3r\" \/>\n<meta property=\"og:description\" content=\"Na tle majestatycznych szczyt\u00f3w g\u00f3rskich ukazuje si\u0119 wizerunek pary. Dodatkowo na obrazie znajduje si\u0119 drzewo z prawdziwego mchu chrobotka.\" \/>\n<meta property=\"og:url\" content=\"https:\/\/greenowacja.pl\/produkt\/obraz-para-na-tle-gor-39cm-copy\/\" \/>\n<meta property=\"og:site_name\" content=\"Ozdoby i prezenty z mchu | #u\u015bMECHnij si\u0119!\" \/>\n<meta property=\"article:publisher\" content=\"https:\/\/www.facebook.com\/Greenowacja\" \/>\n<meta property=\"article:modified_time\" content=\"2025-08-27T14:34:42+00:00\" \/>\n<meta property=\"og:image\" content=\"https:\/\/greenowacja.pl\/wp-content\/uploads\/2023\/11\/para-gory-szare-e1708770730893.jpg\" \/>\n\t<meta property=\"og:image:width\" content=\"1100\" \/>\n\t<meta property=\"og:image:height\" content=\"1100\" \/>\n\t<meta property=\"og:image:type\" content=\"image\/jpeg\" \/>\n<meta name=\"twitter:card\" content=\"summary_large_image\" \/>\n<meta name=\"twitter:label1\" content=\"Szacowany czas czytania\" \/>\n\t<meta name=\"twitter:data1\" content=\"1 minuta\" \/>\n<script type=\"application\/ld+json\" class=\"yoast-schema-graph\">{\"@context\":\"https:\\\/\\\/schema.org\",\"@graph\":[{\"@type\":\"WebPage\",\"@id\":\"https:\\\/\\\/greenowacja.pl\\\/produkt\\\/obraz-para-na-tle-gor-39cm-copy\\\/\",\"url\":\"https:\\\/\\\/greenowacja.pl\\\/produkt\\\/obraz-para-na-tle-gor-39cm-copy\\\/\",\"name\":\"Obraz para na tle g\u00f3r\",\"isPartOf\":{\"@id\":\"https:\\\/\\\/greenowacja.pl\\\/#website\"},\"primaryImageOfPage\":{\"@id\":\"https:\\\/\\\/greenowacja.pl\\\/produkt\\\/obraz-para-na-tle-gor-39cm-copy\\\/#primaryimage\"},\"image\":{\"@id\":\"https:\\\/\\\/greenowacja.pl\\\/produkt\\\/obraz-para-na-tle-gor-39cm-copy\\\/#primaryimage\"},\"thumbnailUrl\":\"https:\\\/\\\/greenowacja.pl\\\/wp-content\\\/uploads\\\/2023\\\/11\\\/para-gory-szare-e1708770730893.jpg\",\"datePublished\":\"2023-11-15T19:10:58+00:00\",\"dateModified\":\"2025-08-27T14:34:42+00:00\",\"description\":\"Na tle majestatycznych szczyt\u00f3w g\u00f3rskich ukazuje si\u0119 wizerunek pary. Dodatkowo na obrazie znajduje si\u0119 drzewo z prawdziwego mchu chrobotka.\",\"breadcrumb\":{\"@id\":\"https:\\\/\\\/greenowacja.pl\\\/produkt\\\/obraz-para-na-tle-gor-39cm-copy\\\/#breadcrumb\"},\"inLanguage\":\"pl-PL\",\"potentialAction\":[{\"@type\":\"ReadAction\",\"target\":[\"https:\\\/\\\/greenowacja.pl\\\/produkt\\\/obraz-para-na-tle-gor-39cm-copy\\\/\"]}]},{\"@type\":\"ImageObject\",\"inLanguage\":\"pl-PL\",\"@id\":\"https:\\\/\\\/greenowacja.pl\\\/produkt\\\/obraz-para-na-tle-gor-39cm-copy\\\/#primaryimage\",\"url\":\"https:\\\/\\\/greenowacja.pl\\\/wp-content\\\/uploads\\\/2023\\\/11\\\/para-gory-szare-e1708770730893.jpg\",\"contentUrl\":\"https:\\\/\\\/greenowacja.pl\\\/wp-content\\\/uploads\\\/2023\\\/11\\\/para-gory-szare-e1708770730893.jpg\",\"width\":1100,\"height\":1100,\"caption\":\"obraz pary na tle g\u00f3r\"},{\"@type\":\"BreadcrumbList\",\"@id\":\"https:\\\/\\\/greenowacja.pl\\\/produkt\\\/obraz-para-na-tle-gor-39cm-copy\\\/#breadcrumb\",\"itemListElement\":[{\"@type\":\"ListItem\",\"position\":1,\"name\":\"Strona g\u0142\u00f3wna\",\"item\":\"https:\\\/\\\/greenowacja.pl\\\/\"},{\"@type\":\"ListItem\",\"position\":2,\"name\":\"Sklep\",\"item\":\"https:\\\/\\\/greenowacja.pl\\\/sklep-z-mchem-chrobotkiem\\\/\"},{\"@type\":\"ListItem\",\"position\":3,\"name\":\"Obraz para na tle g\u00f3r, 39cm\"}]},{\"@type\":\"WebSite\",\"@id\":\"https:\\\/\\\/greenowacja.pl\\\/#website\",\"url\":\"https:\\\/\\\/greenowacja.pl\\\/\",\"name\":\"Ozdoby i prezenty z mchu | #u\u015bMECHnij si\u0119!\",\"description\":\"\",\"publisher\":{\"@id\":\"https:\\\/\\\/greenowacja.pl\\\/#organization\"},\"potentialAction\":[{\"@type\":\"SearchAction\",\"target\":{\"@type\":\"EntryPoint\",\"urlTemplate\":\"https:\\\/\\\/greenowacja.pl\\\/?s={search_term_string}\"},\"query-input\":{\"@type\":\"PropertyValueSpecification\",\"valueRequired\":true,\"valueName\":\"search_term_string\"}}],\"inLanguage\":\"pl-PL\"},{\"@type\":\"Organization\",\"@id\":\"https:\\\/\\\/greenowacja.pl\\\/#organization\",\"name\":\"Ozdoby i prezenty z mchu | #u\u015bMECHnij si\u0119!\",\"url\":\"https:\\\/\\\/greenowacja.pl\\\/\",\"logo\":{\"@type\":\"ImageObject\",\"inLanguage\":\"pl-PL\",\"@id\":\"https:\\\/\\\/greenowacja.pl\\\/#\\\/schema\\\/logo\\\/image\\\/\",\"url\":\"https:\\\/\\\/greenowacja.pl\\\/wp-content\\\/uploads\\\/2023\\\/08\\\/Logo-Greenowacja-wer-z-claimem-pozioma-2-kolory_Easy-Resize.com_.jpg\",\"contentUrl\":\"https:\\\/\\\/greenowacja.pl\\\/wp-content\\\/uploads\\\/2023\\\/08\\\/Logo-Greenowacja-wer-z-claimem-pozioma-2-kolory_Easy-Resize.com_.jpg\",\"width\":1280,\"height\":426,\"caption\":\"Ozdoby i prezenty z mchu | #u\u015bMECHnij si\u0119!\"},\"image\":{\"@id\":\"https:\\\/\\\/greenowacja.pl\\\/#\\\/schema\\\/logo\\\/image\\\/\"},\"sameAs\":[\"https:\\\/\\\/www.facebook.com\\\/Greenowacja\",\"https:\\\/\\\/www.instagram.com\\\/greenowacja\\\/\"]}]}<\/script>\n<!-- \/ Yoast SEO plugin. -->","yoast_head_json":{"title":"Obraz para na tle g\u00f3r","description":"Na tle majestatycznych szczyt\u00f3w g\u00f3rskich ukazuje si\u0119 wizerunek pary. Dodatkowo na obrazie znajduje si\u0119 drzewo z prawdziwego mchu chrobotka.","robots":{"index":"index","follow":"follow","max-snippet":"max-snippet:-1","max-image-preview":"max-image-preview:large","max-video-preview":"max-video-preview:-1"},"canonical":"https:\/\/greenowacja.pl\/produkt\/obraz-para-na-tle-gor-39cm-copy\/","og_locale":"pl_PL","og_type":"article","og_title":"Obraz para na tle g\u00f3r","og_description":"Na tle majestatycznych szczyt\u00f3w g\u00f3rskich ukazuje si\u0119 wizerunek pary. Dodatkowo na obrazie znajduje si\u0119 drzewo z prawdziwego mchu chrobotka.","og_url":"https:\/\/greenowacja.pl\/produkt\/obraz-para-na-tle-gor-39cm-copy\/","og_site_name":"Ozdoby i prezenty z mchu | #u\u015bMECHnij si\u0119!","article_publisher":"https:\/\/www.facebook.com\/Greenowacja","article_modified_time":"2025-08-27T14:34:42+00:00","og_image":[{"width":1100,"height":1100,"url":"https:\/\/greenowacja.pl\/wp-content\/uploads\/2023\/11\/para-gory-szare-e1708770730893.jpg","type":"image\/jpeg"}],"twitter_card":"summary_large_image","twitter_misc":{"Szacowany czas czytania":"1 minuta"},"schema":{"@context":"https:\/\/schema.org","@graph":[{"@type":"WebPage","@id":"https:\/\/greenowacja.pl\/produkt\/obraz-para-na-tle-gor-39cm-copy\/","url":"https:\/\/greenowacja.pl\/produkt\/obraz-para-na-tle-gor-39cm-copy\/","name":"Obraz para na tle g\u00f3r","isPartOf":{"@id":"https:\/\/greenowacja.pl\/#website"},"primaryImageOfPage":{"@id":"https:\/\/greenowacja.pl\/produkt\/obraz-para-na-tle-gor-39cm-copy\/#primaryimage"},"image":{"@id":"https:\/\/greenowacja.pl\/produkt\/obraz-para-na-tle-gor-39cm-copy\/#primaryimage"},"thumbnailUrl":"https:\/\/greenowacja.pl\/wp-content\/uploads\/2023\/11\/para-gory-szare-e1708770730893.jpg","datePublished":"2023-11-15T19:10:58+00:00","dateModified":"2025-08-27T14:34:42+00:00","description":"Na tle majestatycznych szczyt\u00f3w g\u00f3rskich ukazuje si\u0119 wizerunek pary. Dodatkowo na obrazie znajduje si\u0119 drzewo z prawdziwego mchu chrobotka.","breadcrumb":{"@id":"https:\/\/greenowacja.pl\/produkt\/obraz-para-na-tle-gor-39cm-copy\/#breadcrumb"},"inLanguage":"pl-PL","potentialAction":[{"@type":"ReadAction","target":["https:\/\/greenowacja.pl\/produkt\/obraz-para-na-tle-gor-39cm-copy\/"]}]},{"@type":"ImageObject","inLanguage":"pl-PL","@id":"https:\/\/greenowacja.pl\/produkt\/obraz-para-na-tle-gor-39cm-copy\/#primaryimage","url":"https:\/\/greenowacja.pl\/wp-content\/uploads\/2023\/11\/para-gory-szare-e1708770730893.jpg","contentUrl":"https:\/\/greenowacja.pl\/wp-content\/uploads\/2023\/11\/para-gory-szare-e1708770730893.jpg","width":1100,"height":1100,"caption":"obraz pary na tle g\u00f3r"},{"@type":"BreadcrumbList","@id":"https:\/\/greenowacja.pl\/produkt\/obraz-para-na-tle-gor-39cm-copy\/#breadcrumb","itemListElement":[{"@type":"ListItem","position":1,"name":"Strona g\u0142\u00f3wna","item":"https:\/\/greenowacja.pl\/"},{"@type":"ListItem","position":2,"name":"Sklep","item":"https:\/\/greenowacja.pl\/sklep-z-mchem-chrobotkiem\/"},{"@type":"ListItem","position":3,"name":"Obraz para na tle g\u00f3r, 39cm"}]},{"@type":"WebSite","@id":"https:\/\/greenowacja.pl\/#website","url":"https:\/\/greenowacja.pl\/","name":"Ozdoby i prezenty z mchu | #u\u015bMECHnij si\u0119!","description":"","publisher":{"@id":"https:\/\/greenowacja.pl\/#organization"},"potentialAction":[{"@type":"SearchAction","target":{"@type":"EntryPoint","urlTemplate":"https:\/\/greenowacja.pl\/?s={search_term_string}"},"query-input":{"@type":"PropertyValueSpecification","valueRequired":true,"valueName":"search_term_string"}}],"inLanguage":"pl-PL"},{"@type":"Organization","@id":"https:\/\/greenowacja.pl\/#organization","name":"Ozdoby i prezenty z mchu | #u\u015bMECHnij si\u0119!","url":"https:\/\/greenowacja.pl\/","logo":{"@type":"ImageObject","inLanguage":"pl-PL","@id":"https:\/\/greenowacja.pl\/#\/schema\/logo\/image\/","url":"https:\/\/greenowacja.pl\/wp-content\/uploads\/2023\/08\/Logo-Greenowacja-wer-z-claimem-pozioma-2-kolory_Easy-Resize.com_.jpg","contentUrl":"https:\/\/greenowacja.pl\/wp-content\/uploads\/2023\/08\/Logo-Greenowacja-wer-z-claimem-pozioma-2-kolory_Easy-Resize.com_.jpg","width":1280,"height":426,"caption":"Ozdoby i prezenty z mchu | #u\u015bMECHnij si\u0119!"},"image":{"@id":"https:\/\/greenowacja.pl\/#\/schema\/logo\/image\/"},"sameAs":["https:\/\/www.facebook.com\/Greenowacja","https:\/\/www.instagram.com\/greenowacja\/"]}]}},"_links":{"self":[{"href":"https:\/\/greenowacja.pl\/wp-json\/wp\/v2\/product\/4090","targetHints":{"allow":["GET"]}}],"collection":[{"href":"https:\/\/greenowacja.pl\/wp-json\/wp\/v2\/product"}],"about":[{"href":"https:\/\/greenowacja.pl\/wp-json\/wp\/v2\/types\/product"}],"wp:featuredmedia":[{"embeddable":true,"href":"https:\/\/greenowacja.pl\/wp-json\/wp\/v2\/media\/4093"}],"wp:attachment":[{"href":"https:\/\/greenowacja.pl\/wp-json\/wp\/v2\/media?parent=4090"}],"wp:term":[{"taxonomy":"product_brand","embeddable":true,"href":"https:\/\/greenowacja.pl\/wp-json\/wp\/v2\/product_brand?post=4090"},{"taxonomy":"product_cat","embeddable":true,"href":"https:\/\/greenowacja.pl\/wp-json\/wp\/v2\/product_cat?post=4090"},{"taxonomy":"product_tag","embeddable":true,"href":"https:\/\/greenowacja.pl\/wp-json\/wp\/v2\/product_tag?post=4090"}],"curies":[{"name":"wp","href":"https:\/\/api.w.org\/{rel}","templated":true}]}}