{"id":4106,"date":"2023-11-15T20:57:55","date_gmt":"2023-11-15T19:57:55","guid":{"rendered":"https:\/\/greenowacja.pl\/?post_type=product&#038;p=4106"},"modified":"2025-11-24T12:23:13","modified_gmt":"2025-11-24T11:23:13","slug":"choinka-z-mchu-reniferowego-obraz-w-kole-39cm","status":"publish","type":"product","link":"https:\/\/greenowacja.pl\/produkt\/choinka-z-mchu-reniferowego-obraz-w-kole-39cm\/","title":{"rendered":"Choinka z mchu reniferowego, obraz w kole, 39cm"},"content":{"rendered":"<h2>Choinka z mchu reniferowego, obraz w kole.<\/h2>\n<p>Jak udekorowa\u0107 mieszkanie na \u015bwi\u0119ta? Je\u015bli szukasz ciekawych i oryginalnych dekoracji, mamy dla Ciebie rozwi\u0105zanie. Nasze produkty ozdobione chrobotkiem reniferowym idealnie wpasowuj\u0105 si\u0119 w \u015bwi\u0105teczny klimat. Ziele\u0144 mchu w po\u0142\u0105czeniu z z jego faktur\u0105 sprawia, \u017ce chrobotek jest wdzi\u0119cznym materia\u0142em na wszelkie ozdoby, stroiki i dodatki do wn\u0119trz. Nasza propozycj\u0105 na udekorowanie \u015bciany jest obraz z zielon\u0105 choink\u0105 z prawdziwego mchu reniferowego. Choinka udekorowana jest \u015bwi\u0105tecznymi motywami.<\/p>\n<h2>Trwa\u0142o\u015b\u0107.<\/h2>\n<p><span style=\"font-size: 16px; font-style: normal; font-weight: 400;\">Choinka z mchu reniferowego b\u0119dzie pi\u0119kna jeszcze przez wiele lat. Wi\u0119c pos\u0142u\u017cy na niejedne \u015bwi\u0119ta Bo\u017cego Narodzenia. Chrobotek pochodzi z Fi\u0144skich las\u00f3w,\u00a0 poddany jest stabilizacji dzi\u0119ki kt\u00f3rej ju\u017c nie ro\u015bnie i nie potrzebuje podlewania.<\/span><\/p>\n<h2>Nie masz miejsca na choink\u0119? \ud83d\ude42<\/h2>\n<p>Je\u015bli nie masz miejsca na tradycyjn\u0105 choink\u0119, spraw sobie choink\u0119 na \u015bcian\u0119. Na pewno zwr\u00f3ci uwag\u0119 go\u015bci. A mo\u017ce masz kota? W takiej sytuacji nie musisz ju\u017c rezygnowa\u0107 ze \u015bwi\u0105tecznego drzewka.<\/p>\n<p>&nbsp;<\/p>\n<p><strong>Dane techniczne:<\/strong><\/p>\n<p>&#8211; \u015arednica obrazu: 39cm<\/p>\n<p>&#8211; Podk\u0142ad: p\u0142yta HDF<\/p>\n<p>&#8211; Choinka jest gotowa do zawieszenia<\/p>\n<p>Zapraszamy po wi\u0119cej propozycji na <a href=\"https:\/\/greenowacja.pl\/kategoria-produktu\/prezenty-na-swieta\/\">\u015bwi\u0105teczne prezenty i dekoracje.<\/a><\/p>\n","protected":false},"excerpt":{"rendered":"<h2>Choinka z mchu reniferowego, obraz w kole.<\/h2>\n<p>Choinka z chrobotkiem to propozycja na ciekaw\u0105 ozdob\u0119 na \u015bwi\u0119ta Obraz z zielon\u0105 choink\u0105 z prawdziwego mchu reniferowego. Dodatki z motywami bo\u017conarodzeniowymi sprawiaj\u0105, \u017ce choinka z mchem jest jeszcze bardziej urocza i weso\u0142a. Nasze \u015bwi\u0105teczne drzewko to r\u00f3wnie\u017c idealny prezent dla bliskich.<\/p>\n","protected":false},"featured_media":4223,"template":"","meta":{"site-sidebar-layout":"default","site-content-layout":"default","ast-site-content-layout":"default","site-content-style":"default","site-sidebar-style":"default","ast-global-header-display":"","ast-banner-title-visibility":"","ast-main-header-display":"","ast-hfb-above-header-display":"","ast-hfb-below-header-display":"","ast-hfb-mobile-header-display":"","site-post-title":"","ast-breadcrumbs-content":"","ast-featured-img":"","footer-sml-layout":"","theme-transparent-header-meta":"default","adv-header-id-meta":"","stick-header-meta":"","header-above-stick-meta":"","header-main-stick-meta":"","header-below-stick-meta":"","astra-migrate-meta-layouts":"set","ast-page-background-enabled":"default","ast-page-background-meta":{"desktop":{"background-color":"","background-image":"","background-repeat":"repeat","background-position":"center center","background-size":"auto","background-attachment":"scroll","background-type":"","background-media":"","overlay-type":"","overlay-color":"","overlay-opacity":"","overlay-gradient":""},"tablet":{"background-color":"","background-image":"","background-repeat":"repeat","background-position":"center center","background-size":"auto","background-attachment":"scroll","background-type":"","background-media":"","overlay-type":"","overlay-color":"","overlay-opacity":"","overlay-gradient":""},"mobile":{"background-color":"","background-image":"","background-repeat":"repeat","background-position":"center center","background-size":"auto","background-attachment":"scroll","background-type":"","background-media":"","overlay-type":"","overlay-color":"","overlay-opacity":"","overlay-gradient":""}},"ast-content-background-meta":{"desktop":{"background-color":"var(--ast-global-color-5)","background-image":"","background-repeat":"repeat","background-position":"center center","background-size":"auto","background-attachment":"scroll","background-type":"","background-media":"","overlay-type":"","overlay-color":"","overlay-opacity":"","overlay-gradient":""},"tablet":{"background-color":"var(--ast-global-color-5)","background-image":"","background-repeat":"repeat","background-position":"center center","background-size":"auto","background-attachment":"scroll","background-type":"","background-media":"","overlay-type":"","overlay-color":"","overlay-opacity":"","overlay-gradient":""},"mobile":{"background-color":"var(--ast-global-color-5)","background-image":"","background-repeat":"repeat","background-position":"center center","background-size":"auto","background-attachment":"scroll","background-type":"","background-media":"","overlay-type":"","overlay-color":"","overlay-opacity":"","overlay-gradient":""}}},"product_brand":[],"product_cat":[33,79],"product_tag":[],"class_list":{"0":"post-4106","1":"product","2":"type-product","3":"status-publish","4":"has-post-thumbnail","6":"product_cat-drzewa-z-chrobotkiem","7":"product_cat-prezenty-na-swieta","8":"desktop-align-left","9":"tablet-align-left","10":"mobile-align-left","12":"first","13":"instock","14":"taxable","15":"shipping-taxable","16":"purchasable","17":"product-type-simple"},"yoast_head":"<!-- This site is optimized with the Yoast SEO plugin v27.4 - https:\/\/yoast.com\/product\/yoast-seo-wordpress\/ -->\n<title>Choinka z mchu reniferowego, obraz w kole.<\/title>\n<meta name=\"description\" content=\"Choinka z mchu reniferowego, obraz w kole. Je\u015bli szukasz ciekawych i oryginalnych dekoracji, mamy dla Ciebie rozwi\u0105zanie, to produkty z chrobotkiem.\" \/>\n<meta name=\"robots\" content=\"index, follow, max-snippet:-1, max-image-preview:large, max-video-preview:-1\" \/>\n<link rel=\"canonical\" href=\"https:\/\/greenowacja.pl\/produkt\/choinka-z-mchu-reniferowego-obraz-w-kole-39cm\/\" \/>\n<meta property=\"og:locale\" content=\"pl_PL\" \/>\n<meta property=\"og:type\" content=\"article\" \/>\n<meta property=\"og:title\" content=\"Choinka z mchu reniferowego, obraz w kole.\" \/>\n<meta property=\"og:description\" content=\"Choinka z mchu reniferowego, obraz w kole. Je\u015bli szukasz ciekawych i oryginalnych dekoracji, mamy dla Ciebie rozwi\u0105zanie, to produkty z chrobotkiem.\" \/>\n<meta property=\"og:url\" content=\"https:\/\/greenowacja.pl\/produkt\/choinka-z-mchu-reniferowego-obraz-w-kole-39cm\/\" \/>\n<meta property=\"og:site_name\" content=\"Ozdoby i prezenty z mchu | #u\u015bMECHnij si\u0119!\" \/>\n<meta property=\"article:publisher\" content=\"https:\/\/www.facebook.com\/Greenowacja\" \/>\n<meta property=\"article:modified_time\" content=\"2025-11-24T11:23:13+00:00\" \/>\n<meta property=\"og:image\" content=\"https:\/\/greenowacja.pl\/wp-content\/uploads\/2023\/11\/choinka-szare-swiatelka-scrapki-1-e1733138556126.jpg\" \/>\n\t<meta property=\"og:image:width\" content=\"1158\" \/>\n\t<meta property=\"og:image:height\" content=\"1137\" \/>\n\t<meta property=\"og:image:type\" content=\"image\/jpeg\" \/>\n<meta name=\"twitter:card\" content=\"summary_large_image\" \/>\n<meta name=\"twitter:label1\" content=\"Szacowany czas czytania\" \/>\n\t<meta name=\"twitter:data1\" content=\"2 minuty\" \/>\n<script type=\"application\/ld+json\" class=\"yoast-schema-graph\">{\"@context\":\"https:\\\/\\\/schema.org\",\"@graph\":[{\"@type\":\"WebPage\",\"@id\":\"https:\\\/\\\/greenowacja.pl\\\/produkt\\\/choinka-z-mchu-reniferowego-obraz-w-kole-39cm\\\/\",\"url\":\"https:\\\/\\\/greenowacja.pl\\\/produkt\\\/choinka-z-mchu-reniferowego-obraz-w-kole-39cm\\\/\",\"name\":\"Choinka z mchu reniferowego, obraz w kole.\",\"isPartOf\":{\"@id\":\"https:\\\/\\\/greenowacja.pl\\\/#website\"},\"primaryImageOfPage\":{\"@id\":\"https:\\\/\\\/greenowacja.pl\\\/produkt\\\/choinka-z-mchu-reniferowego-obraz-w-kole-39cm\\\/#primaryimage\"},\"image\":{\"@id\":\"https:\\\/\\\/greenowacja.pl\\\/produkt\\\/choinka-z-mchu-reniferowego-obraz-w-kole-39cm\\\/#primaryimage\"},\"thumbnailUrl\":\"https:\\\/\\\/greenowacja.pl\\\/wp-content\\\/uploads\\\/2023\\\/11\\\/choinka-szare-swiatelka-scrapki-1-e1733138556126.jpg\",\"datePublished\":\"2023-11-15T19:57:55+00:00\",\"dateModified\":\"2025-11-24T11:23:13+00:00\",\"description\":\"Choinka z mchu reniferowego, obraz w kole. Je\u015bli szukasz ciekawych i oryginalnych dekoracji, mamy dla Ciebie rozwi\u0105zanie, to produkty z chrobotkiem.\",\"breadcrumb\":{\"@id\":\"https:\\\/\\\/greenowacja.pl\\\/produkt\\\/choinka-z-mchu-reniferowego-obraz-w-kole-39cm\\\/#breadcrumb\"},\"inLanguage\":\"pl-PL\",\"potentialAction\":[{\"@type\":\"ReadAction\",\"target\":[\"https:\\\/\\\/greenowacja.pl\\\/produkt\\\/choinka-z-mchu-reniferowego-obraz-w-kole-39cm\\\/\"]}]},{\"@type\":\"ImageObject\",\"inLanguage\":\"pl-PL\",\"@id\":\"https:\\\/\\\/greenowacja.pl\\\/produkt\\\/choinka-z-mchu-reniferowego-obraz-w-kole-39cm\\\/#primaryimage\",\"url\":\"https:\\\/\\\/greenowacja.pl\\\/wp-content\\\/uploads\\\/2023\\\/11\\\/choinka-szare-swiatelka-scrapki-1-e1733138556126.jpg\",\"contentUrl\":\"https:\\\/\\\/greenowacja.pl\\\/wp-content\\\/uploads\\\/2023\\\/11\\\/choinka-szare-swiatelka-scrapki-1-e1733138556126.jpg\",\"width\":1158,\"height\":1137},{\"@type\":\"BreadcrumbList\",\"@id\":\"https:\\\/\\\/greenowacja.pl\\\/produkt\\\/choinka-z-mchu-reniferowego-obraz-w-kole-39cm\\\/#breadcrumb\",\"itemListElement\":[{\"@type\":\"ListItem\",\"position\":1,\"name\":\"Strona g\u0142\u00f3wna\",\"item\":\"https:\\\/\\\/greenowacja.pl\\\/\"},{\"@type\":\"ListItem\",\"position\":2,\"name\":\"Sklep\",\"item\":\"https:\\\/\\\/greenowacja.pl\\\/sklep-z-mchem-chrobotkiem\\\/\"},{\"@type\":\"ListItem\",\"position\":3,\"name\":\"Choinka z mchu reniferowego, obraz w kole, 39cm\"}]},{\"@type\":\"WebSite\",\"@id\":\"https:\\\/\\\/greenowacja.pl\\\/#website\",\"url\":\"https:\\\/\\\/greenowacja.pl\\\/\",\"name\":\"Ozdoby i prezenty z mchu | #u\u015bMECHnij si\u0119!\",\"description\":\"\",\"publisher\":{\"@id\":\"https:\\\/\\\/greenowacja.pl\\\/#organization\"},\"potentialAction\":[{\"@type\":\"SearchAction\",\"target\":{\"@type\":\"EntryPoint\",\"urlTemplate\":\"https:\\\/\\\/greenowacja.pl\\\/?s={search_term_string}\"},\"query-input\":{\"@type\":\"PropertyValueSpecification\",\"valueRequired\":true,\"valueName\":\"search_term_string\"}}],\"inLanguage\":\"pl-PL\"},{\"@type\":\"Organization\",\"@id\":\"https:\\\/\\\/greenowacja.pl\\\/#organization\",\"name\":\"Ozdoby i prezenty z mchu | #u\u015bMECHnij si\u0119!\",\"url\":\"https:\\\/\\\/greenowacja.pl\\\/\",\"logo\":{\"@type\":\"ImageObject\",\"inLanguage\":\"pl-PL\",\"@id\":\"https:\\\/\\\/greenowacja.pl\\\/#\\\/schema\\\/logo\\\/image\\\/\",\"url\":\"https:\\\/\\\/greenowacja.pl\\\/wp-content\\\/uploads\\\/2023\\\/08\\\/Logo-Greenowacja-wer-z-claimem-pozioma-2-kolory_Easy-Resize.com_.jpg\",\"contentUrl\":\"https:\\\/\\\/greenowacja.pl\\\/wp-content\\\/uploads\\\/2023\\\/08\\\/Logo-Greenowacja-wer-z-claimem-pozioma-2-kolory_Easy-Resize.com_.jpg\",\"width\":1280,\"height\":426,\"caption\":\"Ozdoby i prezenty z mchu | #u\u015bMECHnij si\u0119!\"},\"image\":{\"@id\":\"https:\\\/\\\/greenowacja.pl\\\/#\\\/schema\\\/logo\\\/image\\\/\"},\"sameAs\":[\"https:\\\/\\\/www.facebook.com\\\/Greenowacja\",\"https:\\\/\\\/www.instagram.com\\\/greenowacja\\\/\"]}]}<\/script>\n<!-- \/ Yoast SEO plugin. -->","yoast_head_json":{"title":"Choinka z mchu reniferowego, obraz w kole.","description":"Choinka z mchu reniferowego, obraz w kole. Je\u015bli szukasz ciekawych i oryginalnych dekoracji, mamy dla Ciebie rozwi\u0105zanie, to produkty z chrobotkiem.","robots":{"index":"index","follow":"follow","max-snippet":"max-snippet:-1","max-image-preview":"max-image-preview:large","max-video-preview":"max-video-preview:-1"},"canonical":"https:\/\/greenowacja.pl\/produkt\/choinka-z-mchu-reniferowego-obraz-w-kole-39cm\/","og_locale":"pl_PL","og_type":"article","og_title":"Choinka z mchu reniferowego, obraz w kole.","og_description":"Choinka z mchu reniferowego, obraz w kole. Je\u015bli szukasz ciekawych i oryginalnych dekoracji, mamy dla Ciebie rozwi\u0105zanie, to produkty z chrobotkiem.","og_url":"https:\/\/greenowacja.pl\/produkt\/choinka-z-mchu-reniferowego-obraz-w-kole-39cm\/","og_site_name":"Ozdoby i prezenty z mchu | #u\u015bMECHnij si\u0119!","article_publisher":"https:\/\/www.facebook.com\/Greenowacja","article_modified_time":"2025-11-24T11:23:13+00:00","og_image":[{"width":1158,"height":1137,"url":"https:\/\/greenowacja.pl\/wp-content\/uploads\/2023\/11\/choinka-szare-swiatelka-scrapki-1-e1733138556126.jpg","type":"image\/jpeg"}],"twitter_card":"summary_large_image","twitter_misc":{"Szacowany czas czytania":"2 minuty"},"schema":{"@context":"https:\/\/schema.org","@graph":[{"@type":"WebPage","@id":"https:\/\/greenowacja.pl\/produkt\/choinka-z-mchu-reniferowego-obraz-w-kole-39cm\/","url":"https:\/\/greenowacja.pl\/produkt\/choinka-z-mchu-reniferowego-obraz-w-kole-39cm\/","name":"Choinka z mchu reniferowego, obraz w kole.","isPartOf":{"@id":"https:\/\/greenowacja.pl\/#website"},"primaryImageOfPage":{"@id":"https:\/\/greenowacja.pl\/produkt\/choinka-z-mchu-reniferowego-obraz-w-kole-39cm\/#primaryimage"},"image":{"@id":"https:\/\/greenowacja.pl\/produkt\/choinka-z-mchu-reniferowego-obraz-w-kole-39cm\/#primaryimage"},"thumbnailUrl":"https:\/\/greenowacja.pl\/wp-content\/uploads\/2023\/11\/choinka-szare-swiatelka-scrapki-1-e1733138556126.jpg","datePublished":"2023-11-15T19:57:55+00:00","dateModified":"2025-11-24T11:23:13+00:00","description":"Choinka z mchu reniferowego, obraz w kole. Je\u015bli szukasz ciekawych i oryginalnych dekoracji, mamy dla Ciebie rozwi\u0105zanie, to produkty z chrobotkiem.","breadcrumb":{"@id":"https:\/\/greenowacja.pl\/produkt\/choinka-z-mchu-reniferowego-obraz-w-kole-39cm\/#breadcrumb"},"inLanguage":"pl-PL","potentialAction":[{"@type":"ReadAction","target":["https:\/\/greenowacja.pl\/produkt\/choinka-z-mchu-reniferowego-obraz-w-kole-39cm\/"]}]},{"@type":"ImageObject","inLanguage":"pl-PL","@id":"https:\/\/greenowacja.pl\/produkt\/choinka-z-mchu-reniferowego-obraz-w-kole-39cm\/#primaryimage","url":"https:\/\/greenowacja.pl\/wp-content\/uploads\/2023\/11\/choinka-szare-swiatelka-scrapki-1-e1733138556126.jpg","contentUrl":"https:\/\/greenowacja.pl\/wp-content\/uploads\/2023\/11\/choinka-szare-swiatelka-scrapki-1-e1733138556126.jpg","width":1158,"height":1137},{"@type":"BreadcrumbList","@id":"https:\/\/greenowacja.pl\/produkt\/choinka-z-mchu-reniferowego-obraz-w-kole-39cm\/#breadcrumb","itemListElement":[{"@type":"ListItem","position":1,"name":"Strona g\u0142\u00f3wna","item":"https:\/\/greenowacja.pl\/"},{"@type":"ListItem","position":2,"name":"Sklep","item":"https:\/\/greenowacja.pl\/sklep-z-mchem-chrobotkiem\/"},{"@type":"ListItem","position":3,"name":"Choinka z mchu reniferowego, obraz w kole, 39cm"}]},{"@type":"WebSite","@id":"https:\/\/greenowacja.pl\/#website","url":"https:\/\/greenowacja.pl\/","name":"Ozdoby i prezenty z mchu | #u\u015bMECHnij si\u0119!","description":"","publisher":{"@id":"https:\/\/greenowacja.pl\/#organization"},"potentialAction":[{"@type":"SearchAction","target":{"@type":"EntryPoint","urlTemplate":"https:\/\/greenowacja.pl\/?s={search_term_string}"},"query-input":{"@type":"PropertyValueSpecification","valueRequired":true,"valueName":"search_term_string"}}],"inLanguage":"pl-PL"},{"@type":"Organization","@id":"https:\/\/greenowacja.pl\/#organization","name":"Ozdoby i prezenty z mchu | #u\u015bMECHnij si\u0119!","url":"https:\/\/greenowacja.pl\/","logo":{"@type":"ImageObject","inLanguage":"pl-PL","@id":"https:\/\/greenowacja.pl\/#\/schema\/logo\/image\/","url":"https:\/\/greenowacja.pl\/wp-content\/uploads\/2023\/08\/Logo-Greenowacja-wer-z-claimem-pozioma-2-kolory_Easy-Resize.com_.jpg","contentUrl":"https:\/\/greenowacja.pl\/wp-content\/uploads\/2023\/08\/Logo-Greenowacja-wer-z-claimem-pozioma-2-kolory_Easy-Resize.com_.jpg","width":1280,"height":426,"caption":"Ozdoby i prezenty z mchu | #u\u015bMECHnij si\u0119!"},"image":{"@id":"https:\/\/greenowacja.pl\/#\/schema\/logo\/image\/"},"sameAs":["https:\/\/www.facebook.com\/Greenowacja","https:\/\/www.instagram.com\/greenowacja\/"]}]}},"_links":{"self":[{"href":"https:\/\/greenowacja.pl\/wp-json\/wp\/v2\/product\/4106","targetHints":{"allow":["GET"]}}],"collection":[{"href":"https:\/\/greenowacja.pl\/wp-json\/wp\/v2\/product"}],"about":[{"href":"https:\/\/greenowacja.pl\/wp-json\/wp\/v2\/types\/product"}],"wp:featuredmedia":[{"embeddable":true,"href":"https:\/\/greenowacja.pl\/wp-json\/wp\/v2\/media\/4223"}],"wp:attachment":[{"href":"https:\/\/greenowacja.pl\/wp-json\/wp\/v2\/media?parent=4106"}],"wp:term":[{"taxonomy":"product_brand","embeddable":true,"href":"https:\/\/greenowacja.pl\/wp-json\/wp\/v2\/product_brand?post=4106"},{"taxonomy":"product_cat","embeddable":true,"href":"https:\/\/greenowacja.pl\/wp-json\/wp\/v2\/product_cat?post=4106"},{"taxonomy":"product_tag","embeddable":true,"href":"https:\/\/greenowacja.pl\/wp-json\/wp\/v2\/product_tag?post=4106"}],"curies":[{"name":"wp","href":"https:\/\/api.w.org\/{rel}","templated":true}]}}