{"id":4135,"date":"2023-11-17T17:48:04","date_gmt":"2023-11-17T16:48:04","guid":{"rendered":"https:\/\/greenowacja.pl\/?post_type=product&#038;p=4135"},"modified":"2026-01-10T12:37:36","modified_gmt":"2026-01-10T11:37:36","slug":"voucher-na-warsztaty-z-mchem","status":"publish","type":"product","link":"https:\/\/greenowacja.pl\/produkt\/voucher-na-warsztaty-z-mchem\/","title":{"rendered":"Voucher na warsztaty z tworzenia obrazu z mchu (39cm) &#8211; (wersja w PDF)"},"content":{"rendered":"<h2>Voucher na warsztaty z tworzenia obrazu z mchu reniferowego<\/h2>\n<p>Voucher dla jednej osoby, upowa\u017cnia do wej\u015bcia na warsztaty organizowane przez Greenowacj\u0119. Wej\u015bci\u00f3wka jest wa\u017cna przez 6 miesi\u0119cy od daty wystawienia przez organizatora.<\/p>\n<p>Zaj\u0119cia odb\u0119d\u0105 si\u0119 w gronie\u00a0 maksymalnie 7 os\u00f3b w pracowni Greenowacja na os. B. Chrobrego 101\/15 w Poznaniu<\/p>\n<p>&nbsp;<\/p>\n<h2 dir=\"ltr\">Co stworzymy na warsztatach i za ile?<\/h2>\n<p dir=\"ltr\">Koszt uczestnictwa jednej osoby w warsztatach to 159 z\u0142otych, w kt\u00f3rych zawarte s\u0105:<\/p>\n<ul>\n<li dir=\"ltr\">do wyboru podk\u0142ad z p\u0142yty HDF o \u015brednicy 39cm, na kt\u00f3rym b\u0119dziemy tworzy\u0107 nasze dzie\u0142o,<\/li>\n<li dir=\"ltr\">stabilizowany chrobotek reniferowy,<\/li>\n<li dir=\"ltr\">pistolet na gor\u0105cy klej, kleje i inne narz\u0119dzia niezb\u0119dne do stworzenia obrazu<\/li>\n<li dir=\"ltr\">ciep\u0142e napoje oraz co\u015b s\u0142odkiego<\/li>\n<li dir=\"ltr\">du\u017ca dawka wiedzy na temat chrobotka<\/li>\n<\/ul>\n<p>Voucher\u00a0na\u00a0stworzenie w\u0142asnego obrazu z mchu to doskona\u0142y prezent dla wielbicieli r\u0119kodzie\u0142a os os\u00f3b kt\u00f3re lubi\u0105 aktywne i kreatywne sp\u0119dzanie czasu.\u00a0 Nasze warsztaty to \u015bwietny pomys\u0142 na prezent dla bliskiej osoby.<\/p>\n","protected":false},"excerpt":{"rendered":"<p>Voucher na warsztaty z r\u0119kodzie\u0142a. Nasze warsztaty z chrobotkiem reniferowym to wspania\u0142y pomys\u0142 na sp\u0119dzenie czasu z rodzin\u0105, znajomymi i przyjaci\u00f3\u0142mi. Nasze spotkania prowadzone s\u0105 w bardzo lu\u017anej i mi\u0142ej atmosferze. Na naszym spotkaniu stworzysz swoje w\u0142asne dzie\u0142o, kt\u00f3re zabierzesz do domu. Czas trwania warsztat\u00f3w ok 1,5 godz. Voucher wa\u017cny 6 miesi\u0119cy od daty zakupu.<\/p>\n","protected":false},"featured_media":7840,"template":"","meta":{"site-sidebar-layout":"default","site-content-layout":"","ast-site-content-layout":"default","site-content-style":"default","site-sidebar-style":"default","ast-global-header-display":"","ast-banner-title-visibility":"","ast-main-header-display":"","ast-hfb-above-header-display":"","ast-hfb-below-header-display":"","ast-hfb-mobile-header-display":"","site-post-title":"","ast-breadcrumbs-content":"","ast-featured-img":"","footer-sml-layout":"","theme-transparent-header-meta":"default","adv-header-id-meta":"","stick-header-meta":"","header-above-stick-meta":"","header-main-stick-meta":"","header-below-stick-meta":"","astra-migrate-meta-layouts":"set","ast-page-background-enabled":"default","ast-page-background-meta":{"desktop":{"background-color":"","background-image":"","background-repeat":"repeat","background-position":"center center","background-size":"auto","background-attachment":"scroll","background-type":"","background-media":"","overlay-type":"","overlay-color":"","overlay-opacity":"","overlay-gradient":""},"tablet":{"background-color":"","background-image":"","background-repeat":"repeat","background-position":"center center","background-size":"auto","background-attachment":"scroll","background-type":"","background-media":"","overlay-type":"","overlay-color":"","overlay-opacity":"","overlay-gradient":""},"mobile":{"background-color":"","background-image":"","background-repeat":"repeat","background-position":"center center","background-size":"auto","background-attachment":"scroll","background-type":"","background-media":"","overlay-type":"","overlay-color":"","overlay-opacity":"","overlay-gradient":""}},"ast-content-background-meta":{"desktop":{"background-color":"var(--ast-global-color-5)","background-image":"","background-repeat":"repeat","background-position":"center center","background-size":"auto","background-attachment":"scroll","background-type":"","background-media":"","overlay-type":"","overlay-color":"","overlay-opacity":"","overlay-gradient":""},"tablet":{"background-color":"var(--ast-global-color-5)","background-image":"","background-repeat":"repeat","background-position":"center center","background-size":"auto","background-attachment":"scroll","background-type":"","background-media":"","overlay-type":"","overlay-color":"","overlay-opacity":"","overlay-gradient":""},"mobile":{"background-color":"var(--ast-global-color-5)","background-image":"","background-repeat":"repeat","background-position":"center center","background-size":"auto","background-attachment":"scroll","background-type":"","background-media":"","overlay-type":"","overlay-color":"","overlay-opacity":"","overlay-gradient":""}}},"product_brand":[],"product_cat":[87,82],"product_tag":[],"class_list":{"0":"post-4135","1":"product","2":"type-product","3":"status-publish","4":"has-post-thumbnail","6":"product_cat-dla-babci-i-dziadka","7":"product_cat-vouchery-na-warsztaty-z-mchem-chrobotkiem","8":"desktop-align-left","9":"tablet-align-left","10":"mobile-align-left","12":"first","13":"instock","14":"virtual","15":"taxable","16":"purchasable","17":"product-type-simple"},"yoast_head":"<!-- This site is optimized with the Yoast SEO plugin v27.4 - https:\/\/yoast.com\/product\/yoast-seo-wordpress\/ -->\n<title>Voucher na warsztaty z mchem<\/title>\n<meta name=\"robots\" content=\"index, follow, max-snippet:-1, max-image-preview:large, max-video-preview:-1\" \/>\n<link rel=\"canonical\" href=\"https:\/\/greenowacja.pl\/produkt\/voucher-na-warsztaty-z-mchem\/\" \/>\n<meta property=\"og:locale\" content=\"pl_PL\" \/>\n<meta property=\"og:type\" content=\"article\" \/>\n<meta property=\"og:title\" content=\"Voucher na warsztaty z mchem\" \/>\n<meta property=\"og:description\" content=\"Voucher na warsztaty z r\u0119kodzie\u0142a. Nasze warsztaty z chrobotkiem reniferowym to wspania\u0142y pomys\u0142 na sp\u0119dzenie czasu z rodzin\u0105, znajomymi i przyjaci\u00f3\u0142mi. Nasze spotkania prowadzone s\u0105 w bardzo lu\u017anej i mi\u0142ej atmosferze. Na naszym spotkaniu stworzysz swoje w\u0142asne dzie\u0142o, kt\u00f3re zabierzesz do domu. Czas trwania warsztat\u00f3w ok 1,5 godz. Voucher wa\u017cny 6 miesi\u0119cy od daty zakupu.\" \/>\n<meta property=\"og:url\" content=\"https:\/\/greenowacja.pl\/produkt\/voucher-na-warsztaty-z-mchem\/\" \/>\n<meta property=\"og:site_name\" content=\"Ozdoby i prezenty z mchu | #u\u015bMECHnij si\u0119!\" \/>\n<meta property=\"article:publisher\" content=\"https:\/\/www.facebook.com\/Greenowacja\" \/>\n<meta property=\"article:modified_time\" content=\"2026-01-10T11:37:36+00:00\" \/>\n<meta property=\"og:image\" content=\"https:\/\/greenowacja.pl\/wp-content\/uploads\/2024\/01\/IMG20240619141603.jpg\" \/>\n\t<meta property=\"og:image:width\" content=\"950\" \/>\n\t<meta property=\"og:image:height\" content=\"950\" \/>\n\t<meta property=\"og:image:type\" content=\"image\/jpeg\" \/>\n<meta name=\"twitter:card\" content=\"summary_large_image\" \/>\n<meta name=\"twitter:label1\" content=\"Szacowany czas czytania\" \/>\n\t<meta name=\"twitter:data1\" content=\"2 minuty\" \/>\n<script type=\"application\/ld+json\" class=\"yoast-schema-graph\">{\"@context\":\"https:\\\/\\\/schema.org\",\"@graph\":[{\"@type\":\"WebPage\",\"@id\":\"https:\\\/\\\/greenowacja.pl\\\/produkt\\\/voucher-na-warsztaty-z-mchem\\\/\",\"url\":\"https:\\\/\\\/greenowacja.pl\\\/produkt\\\/voucher-na-warsztaty-z-mchem\\\/\",\"name\":\"Voucher na warsztaty z mchem\",\"isPartOf\":{\"@id\":\"https:\\\/\\\/greenowacja.pl\\\/#website\"},\"primaryImageOfPage\":{\"@id\":\"https:\\\/\\\/greenowacja.pl\\\/produkt\\\/voucher-na-warsztaty-z-mchem\\\/#primaryimage\"},\"image\":{\"@id\":\"https:\\\/\\\/greenowacja.pl\\\/produkt\\\/voucher-na-warsztaty-z-mchem\\\/#primaryimage\"},\"thumbnailUrl\":\"https:\\\/\\\/greenowacja.pl\\\/wp-content\\\/uploads\\\/2024\\\/01\\\/IMG20240619141603.jpg\",\"datePublished\":\"2023-11-17T16:48:04+00:00\",\"dateModified\":\"2026-01-10T11:37:36+00:00\",\"breadcrumb\":{\"@id\":\"https:\\\/\\\/greenowacja.pl\\\/produkt\\\/voucher-na-warsztaty-z-mchem\\\/#breadcrumb\"},\"inLanguage\":\"pl-PL\",\"potentialAction\":[{\"@type\":\"ReadAction\",\"target\":[\"https:\\\/\\\/greenowacja.pl\\\/produkt\\\/voucher-na-warsztaty-z-mchem\\\/\"]}]},{\"@type\":\"ImageObject\",\"inLanguage\":\"pl-PL\",\"@id\":\"https:\\\/\\\/greenowacja.pl\\\/produkt\\\/voucher-na-warsztaty-z-mchem\\\/#primaryimage\",\"url\":\"https:\\\/\\\/greenowacja.pl\\\/wp-content\\\/uploads\\\/2024\\\/01\\\/IMG20240619141603.jpg\",\"contentUrl\":\"https:\\\/\\\/greenowacja.pl\\\/wp-content\\\/uploads\\\/2024\\\/01\\\/IMG20240619141603.jpg\",\"width\":950,\"height\":950},{\"@type\":\"BreadcrumbList\",\"@id\":\"https:\\\/\\\/greenowacja.pl\\\/produkt\\\/voucher-na-warsztaty-z-mchem\\\/#breadcrumb\",\"itemListElement\":[{\"@type\":\"ListItem\",\"position\":1,\"name\":\"Strona g\u0142\u00f3wna\",\"item\":\"https:\\\/\\\/greenowacja.pl\\\/\"},{\"@type\":\"ListItem\",\"position\":2,\"name\":\"Sklep\",\"item\":\"https:\\\/\\\/greenowacja.pl\\\/sklep-z-mchem-chrobotkiem\\\/\"},{\"@type\":\"ListItem\",\"position\":3,\"name\":\"Voucher na warsztaty z tworzenia obrazu z mchu (39cm) &#8211; (wersja w PDF)\"}]},{\"@type\":\"WebSite\",\"@id\":\"https:\\\/\\\/greenowacja.pl\\\/#website\",\"url\":\"https:\\\/\\\/greenowacja.pl\\\/\",\"name\":\"Ozdoby i prezenty z mchu | #u\u015bMECHnij si\u0119!\",\"description\":\"\",\"publisher\":{\"@id\":\"https:\\\/\\\/greenowacja.pl\\\/#organization\"},\"potentialAction\":[{\"@type\":\"SearchAction\",\"target\":{\"@type\":\"EntryPoint\",\"urlTemplate\":\"https:\\\/\\\/greenowacja.pl\\\/?s={search_term_string}\"},\"query-input\":{\"@type\":\"PropertyValueSpecification\",\"valueRequired\":true,\"valueName\":\"search_term_string\"}}],\"inLanguage\":\"pl-PL\"},{\"@type\":\"Organization\",\"@id\":\"https:\\\/\\\/greenowacja.pl\\\/#organization\",\"name\":\"Ozdoby i prezenty z mchu | #u\u015bMECHnij si\u0119!\",\"url\":\"https:\\\/\\\/greenowacja.pl\\\/\",\"logo\":{\"@type\":\"ImageObject\",\"inLanguage\":\"pl-PL\",\"@id\":\"https:\\\/\\\/greenowacja.pl\\\/#\\\/schema\\\/logo\\\/image\\\/\",\"url\":\"https:\\\/\\\/greenowacja.pl\\\/wp-content\\\/uploads\\\/2023\\\/08\\\/Logo-Greenowacja-wer-z-claimem-pozioma-2-kolory_Easy-Resize.com_.jpg\",\"contentUrl\":\"https:\\\/\\\/greenowacja.pl\\\/wp-content\\\/uploads\\\/2023\\\/08\\\/Logo-Greenowacja-wer-z-claimem-pozioma-2-kolory_Easy-Resize.com_.jpg\",\"width\":1280,\"height\":426,\"caption\":\"Ozdoby i prezenty z mchu | #u\u015bMECHnij si\u0119!\"},\"image\":{\"@id\":\"https:\\\/\\\/greenowacja.pl\\\/#\\\/schema\\\/logo\\\/image\\\/\"},\"sameAs\":[\"https:\\\/\\\/www.facebook.com\\\/Greenowacja\",\"https:\\\/\\\/www.instagram.com\\\/greenowacja\\\/\"]}]}<\/script>\n<!-- \/ Yoast SEO plugin. -->","yoast_head_json":{"title":"Voucher na warsztaty z mchem","robots":{"index":"index","follow":"follow","max-snippet":"max-snippet:-1","max-image-preview":"max-image-preview:large","max-video-preview":"max-video-preview:-1"},"canonical":"https:\/\/greenowacja.pl\/produkt\/voucher-na-warsztaty-z-mchem\/","og_locale":"pl_PL","og_type":"article","og_title":"Voucher na warsztaty z mchem","og_description":"Voucher na warsztaty z r\u0119kodzie\u0142a. Nasze warsztaty z chrobotkiem reniferowym to wspania\u0142y pomys\u0142 na sp\u0119dzenie czasu z rodzin\u0105, znajomymi i przyjaci\u00f3\u0142mi. Nasze spotkania prowadzone s\u0105 w bardzo lu\u017anej i mi\u0142ej atmosferze. Na naszym spotkaniu stworzysz swoje w\u0142asne dzie\u0142o, kt\u00f3re zabierzesz do domu. Czas trwania warsztat\u00f3w ok 1,5 godz. Voucher wa\u017cny 6 miesi\u0119cy od daty zakupu.","og_url":"https:\/\/greenowacja.pl\/produkt\/voucher-na-warsztaty-z-mchem\/","og_site_name":"Ozdoby i prezenty z mchu | #u\u015bMECHnij si\u0119!","article_publisher":"https:\/\/www.facebook.com\/Greenowacja","article_modified_time":"2026-01-10T11:37:36+00:00","og_image":[{"width":950,"height":950,"url":"https:\/\/greenowacja.pl\/wp-content\/uploads\/2024\/01\/IMG20240619141603.jpg","type":"image\/jpeg"}],"twitter_card":"summary_large_image","twitter_misc":{"Szacowany czas czytania":"2 minuty"},"schema":{"@context":"https:\/\/schema.org","@graph":[{"@type":"WebPage","@id":"https:\/\/greenowacja.pl\/produkt\/voucher-na-warsztaty-z-mchem\/","url":"https:\/\/greenowacja.pl\/produkt\/voucher-na-warsztaty-z-mchem\/","name":"Voucher na warsztaty z mchem","isPartOf":{"@id":"https:\/\/greenowacja.pl\/#website"},"primaryImageOfPage":{"@id":"https:\/\/greenowacja.pl\/produkt\/voucher-na-warsztaty-z-mchem\/#primaryimage"},"image":{"@id":"https:\/\/greenowacja.pl\/produkt\/voucher-na-warsztaty-z-mchem\/#primaryimage"},"thumbnailUrl":"https:\/\/greenowacja.pl\/wp-content\/uploads\/2024\/01\/IMG20240619141603.jpg","datePublished":"2023-11-17T16:48:04+00:00","dateModified":"2026-01-10T11:37:36+00:00","breadcrumb":{"@id":"https:\/\/greenowacja.pl\/produkt\/voucher-na-warsztaty-z-mchem\/#breadcrumb"},"inLanguage":"pl-PL","potentialAction":[{"@type":"ReadAction","target":["https:\/\/greenowacja.pl\/produkt\/voucher-na-warsztaty-z-mchem\/"]}]},{"@type":"ImageObject","inLanguage":"pl-PL","@id":"https:\/\/greenowacja.pl\/produkt\/voucher-na-warsztaty-z-mchem\/#primaryimage","url":"https:\/\/greenowacja.pl\/wp-content\/uploads\/2024\/01\/IMG20240619141603.jpg","contentUrl":"https:\/\/greenowacja.pl\/wp-content\/uploads\/2024\/01\/IMG20240619141603.jpg","width":950,"height":950},{"@type":"BreadcrumbList","@id":"https:\/\/greenowacja.pl\/produkt\/voucher-na-warsztaty-z-mchem\/#breadcrumb","itemListElement":[{"@type":"ListItem","position":1,"name":"Strona g\u0142\u00f3wna","item":"https:\/\/greenowacja.pl\/"},{"@type":"ListItem","position":2,"name":"Sklep","item":"https:\/\/greenowacja.pl\/sklep-z-mchem-chrobotkiem\/"},{"@type":"ListItem","position":3,"name":"Voucher na warsztaty z tworzenia obrazu z mchu (39cm) &#8211; (wersja w PDF)"}]},{"@type":"WebSite","@id":"https:\/\/greenowacja.pl\/#website","url":"https:\/\/greenowacja.pl\/","name":"Ozdoby i prezenty z mchu | #u\u015bMECHnij si\u0119!","description":"","publisher":{"@id":"https:\/\/greenowacja.pl\/#organization"},"potentialAction":[{"@type":"SearchAction","target":{"@type":"EntryPoint","urlTemplate":"https:\/\/greenowacja.pl\/?s={search_term_string}"},"query-input":{"@type":"PropertyValueSpecification","valueRequired":true,"valueName":"search_term_string"}}],"inLanguage":"pl-PL"},{"@type":"Organization","@id":"https:\/\/greenowacja.pl\/#organization","name":"Ozdoby i prezenty z mchu | #u\u015bMECHnij si\u0119!","url":"https:\/\/greenowacja.pl\/","logo":{"@type":"ImageObject","inLanguage":"pl-PL","@id":"https:\/\/greenowacja.pl\/#\/schema\/logo\/image\/","url":"https:\/\/greenowacja.pl\/wp-content\/uploads\/2023\/08\/Logo-Greenowacja-wer-z-claimem-pozioma-2-kolory_Easy-Resize.com_.jpg","contentUrl":"https:\/\/greenowacja.pl\/wp-content\/uploads\/2023\/08\/Logo-Greenowacja-wer-z-claimem-pozioma-2-kolory_Easy-Resize.com_.jpg","width":1280,"height":426,"caption":"Ozdoby i prezenty z mchu | #u\u015bMECHnij si\u0119!"},"image":{"@id":"https:\/\/greenowacja.pl\/#\/schema\/logo\/image\/"},"sameAs":["https:\/\/www.facebook.com\/Greenowacja","https:\/\/www.instagram.com\/greenowacja\/"]}]}},"_links":{"self":[{"href":"https:\/\/greenowacja.pl\/wp-json\/wp\/v2\/product\/4135","targetHints":{"allow":["GET"]}}],"collection":[{"href":"https:\/\/greenowacja.pl\/wp-json\/wp\/v2\/product"}],"about":[{"href":"https:\/\/greenowacja.pl\/wp-json\/wp\/v2\/types\/product"}],"wp:featuredmedia":[{"embeddable":true,"href":"https:\/\/greenowacja.pl\/wp-json\/wp\/v2\/media\/7840"}],"wp:attachment":[{"href":"https:\/\/greenowacja.pl\/wp-json\/wp\/v2\/media?parent=4135"}],"wp:term":[{"taxonomy":"product_brand","embeddable":true,"href":"https:\/\/greenowacja.pl\/wp-json\/wp\/v2\/product_brand?post=4135"},{"taxonomy":"product_cat","embeddable":true,"href":"https:\/\/greenowacja.pl\/wp-json\/wp\/v2\/product_cat?post=4135"},{"taxonomy":"product_tag","embeddable":true,"href":"https:\/\/greenowacja.pl\/wp-json\/wp\/v2\/product_tag?post=4135"}],"curies":[{"name":"wp","href":"https:\/\/api.w.org\/{rel}","templated":true}]}}