{"id":4351,"date":"2024-01-01T22:51:33","date_gmt":"2024-01-01T21:51:33","guid":{"rendered":"https:\/\/greenowacja.pl\/?post_type=product&#038;p=4351"},"modified":"2026-01-10T12:37:10","modified_gmt":"2026-01-10T11:37:10","slug":"drzewo-w-kwadracie-dla-kochanej-dziadka-z-nozka","status":"publish","type":"product","link":"https:\/\/greenowacja.pl\/produkt\/drzewo-w-kwadracie-dla-kochanej-dziadka-z-nozka\/","title":{"rendered":"Drzewo z mchu w kwadratowej ramce &#8211; prezent dla dziadk\u00f3w, do powieszenia lub postawienia (3 napisy do wyboru)"},"content":{"rendered":"<p>Obraz z chrobotka reniferowego to idealny prezent na dzie\u0144 dziadka lub babci. Obraz ozdabiamy laserowo wyci\u0119tym napisem <em>Dla Kochanego Dziadka\u201d, \u201cDla Kochanej Babci\u201d\u00a0<\/em>lub<em>\u00a0\u201cDla Kochanych Dziadk\u00f3w\u201d<\/em> . Do stworzenia naszego r\u0119kodzie\u0142a u\u017cywany jest porost chrobotek reniferowy, pochodz\u0105cy ze Skandynawii. Co ciekawe, chrobotka nie trzeba podlewa\u0107 a mimo to b\u0119dzie zielony przez lata.<\/p>\n<p><strong>Nasze obrazy\u00a0 mo\u017cesz nie tylko zawiesi\u0107, ale te\u017c postawi\u0107 na biurku lub p\u00f3\u0142ce dzi\u0119ki specjalnej n\u00f3\u017cce kt\u00f3r\u0105 dok\u0142adamy do zestawu.\u00a0<\/strong><\/p>\n<p><strong>W uwagach prosimy napisa\u0107 jaki napis\u00a0 mamy przygotowa\u0107<\/strong>.<\/p>\n<p>Chrobotek jest poddany procesowi stabilizacji, dzi\u0119ki kt\u00f3remu \u00a0ju\u017c nie ro\u015bnie i mo\u017ce by\u0107 pi\u0119kny nawet przez 8 &#8211; 10 lat.<\/p>\n<p>Stabilizacja mchu\u00a0polega na\u00a0pozbawieniu mchu wszystkich funkcji \u017cyciowych bez negatywnych skutk\u00f3w wizualnych. To stan bardzo podobny do hibernacji.<\/p>\n<p><strong>Produkty po procesie stabilizacji nie s\u0105 \u017cywe &#8211; Nie rozrastaj\u0105 si\u0119!<\/strong><\/p>\n<p><strong>Chrobotek reniferowy jest hipoalergiczny, nie wydziela on r\u00f3wnie\u017c \u017cadnych substancji szkodliwych.<\/strong><\/p>\n<p>&nbsp;<\/p>\n<p><strong>Wskaz\u00f3wki:<\/strong><\/p>\n<ul>\n<li><strong>nie podlewaj go ani nie zraszaj,<\/strong><\/li>\n<li>chrobotek lubi <strong>wilgotno\u015b\u0107 powietrza 40-60%,<\/strong> je\u017celi zrobi si\u0119 szorstki i kruchy, zanie\u015b ozdob\u0119 na kilka dni do \u0142azienki, a odzyska spr\u0119\u017cysto\u015b\u0107,<\/li>\n<li>umie\u015b\u0107 go w znacznej odleg\u0142o\u015bci od \u017ar\u00f3de\u0142 ciep\u0142a i \u015bwiat\u0142a,<\/li>\n<li>je\u017celi osi\u0105dzie na nim kurz, delikatnie zbierz go rolk\u0105 do czyszczenia odzie\u017cy.<\/li>\n<\/ul>\n<p>Do ka\u017cdego zam\u00f3wienia jest dodawana instrukcja z wytycznymi jak zajmowa\u0107 si\u0119 ozdobami z chrobotka.<\/p>\n<p>&nbsp;<\/p>\n<p><strong>Dane techniczne:<\/strong><\/p>\n<p>&#8211; wys. 33cm<\/p>\n<p>&#8211; szer. 39cm<\/p>\n<p>&#8211; Materia\u0142 podk\u0142adu: p\u0142yta pil\u015bniowa (HDF)<\/p>\n<p>&#8211; Obraz gotowy do zawieszenia<\/p>\n<p>Ka\u017cdy produkt jest materia\u0142em naturalnym, kt\u00f3ry r\u00f3\u017cni si\u0119 od siebie wielko\u015bci\u0105, struktur\u0105, faktur\u0105 &#8211; ka\u017cdy jest inny, nieregularny.<\/p>\n<p>Przyst\u0119pujemy do tworzenia ozd\u00f3b po ich zam\u00f3wieniu online, czas realizacji zam\u00f3wienia trwa 3 dni robocze.<\/p>\n<p>Je\u017celi zale\u017cy Pa\u0144stwu na szybszej wysy\u0142ce, prosimy o kontakt telefoniczny.<\/p>\n<p>&nbsp;<\/p>\n<div style=\"padding: 10px; background-color: #f9f9f9; border: 1px solid #ddd; border-radius: 5px; margin-top: 20px;\">\n<p>&nbsp;<\/p>\n<div style=\"padding: 10px; background-color: #f9f9f9; border: 1px solid #ddd; border-radius: 5px; margin-top: 20px;\">\n<h1>Dodaj personalizowane \u017cyczenia do prezentu!<\/h1>\n<h3><\/h3>\n<p>Chcesz, aby Tw\u00f3j prezent by\u0142 jeszcze bardziej wyj\u0105tkowy? <strong>Dodaj elegancki bilecik z \u017cyczeniami<\/strong>, kt\u00f3re samodzielnie napiszesz, a my je dla Ciebie wydrukujemy!<\/p>\n<hr \/>\n<h3><strong>Jak skorzysta\u0107 z us\u0142ugi?<\/strong><\/h3>\n<ol>\n<li>Dodaj &#8222;\u017byczenia dla Dziadk\u00f3w&#8221; do koszyka.<\/li>\n<li>W polu \u201eUwagi do zam\u00f3wienia\u201d podczas finalizacji podaj tre\u015b\u0107 \u017cycze\u0144.<\/li>\n<li>My zajmiemy si\u0119 reszt\u0105 \u2013 Twoje \u017cyczenia trafi\u0105 razem z prezentem do dziadk\u00f3w.<\/li>\n<\/ol>\n<hr \/>\n<p>\ud83d\udc8c <strong>Koszt:<\/strong> 10 z\u0142 za jeden bilecik z \u017cyczeniami.<\/p>\n<p>&nbsp;<\/p>\n<p><strong><a style=\"background-color: #2c7a7b; color: #fff; padding: 8px 16px; border-radius: 5px; border: none; font-size: 14px; cursor: pointer; text-decoration: none; display: inline-block; text-align: center;\" href=\"https:\/\/greenowacja.pl\/produkt\/personalizowane-zyczenia-dla-dziadkow\/\">Dodaj \u017byczenia dla Dziadk\u00f3w<\/a><\/strong><\/p>\n<\/div>\n<\/div>\n<div style=\"padding: 10px; background-color: #f9f9f9; border: 1px solid #ddd; border-radius: 5px; margin-top: 20px;\">\n<h1>Dodatkowa dostawa &#8211; wygoda w jednym zam\u00f3wieniu!<\/h1>\n<p>&nbsp;<\/p>\n<p><strong>Wysy\u0142ka pod wiele adres\u00f3w \u2013 prosto do domu Dziadk\u00f3w<\/strong><\/p>\n<p>Nie zawsze mamy mo\u017cliwo\u015b\u0107 osobi\u015bcie odwiedzi\u0107 naszych kochanych Dziadk\u00f3w, dlatego zadbali\u015bmy o to, by mogli otrzyma\u0107 wyj\u0105tkowe prezenty prosto do swojego domu. <strong>Us\u0142uga dodatkowej dostawy<\/strong> umo\u017cliwia wysy\u0142k\u0119 pod r\u00f3\u017cne adresy. To idealne rozwi\u0105zanie, je\u015bli chcesz obdarowa\u0107 kilka rodzin jednocze\u015bnie.<\/p>\n<p>Je\u015bli planujesz wys\u0142a\u0107 prezent pod jeden adres, wystarczy, \u017ce podasz adres dostawy dziadk\u00f3w podczas sk\u0142adania zam\u00f3wienia \u2013 my zajmiemy si\u0119 reszt\u0105!<\/p>\n<p>Je\u015bli planujesz wys\u0142a\u0107 prezenty pod wi\u0119cej ni\u017c jeden adres, skorzystaj z <strong>us\u0142ugi dodatkowej dostawy<\/strong>.<\/p>\n<hr \/>\n<h3>\ud83d\udc8c <strong>Koszt: 15 z\u0142 za ka\u017cdy dodatkowy adres.<\/strong><\/h3>\n<p>To wygodniejsze i ta\u0144sze ni\u017c sk\u0142adanie kilku osobnych zam\u00f3wie\u0144!<\/p>\n<hr \/>\n<h3><strong>Jak skorzysta\u0107 z us\u0142ugi?<\/strong><\/h3>\n<ol>\n<li>Dodaj t\u0119 us\u0142ug\u0119 do koszyka tyle razy, ile masz dodatkowych adres\u00f3w.<\/li>\n<li>W polu \u201eUwagi do zam\u00f3wienia\u201d podaj adresy, na kt\u00f3re mamy wys\u0142a\u0107 prezenty.<\/li>\n<li>My zajmiemy si\u0119 reszt\u0105 \u2013 dostarczymy rado\u015b\u0107 prosto do Dziadk\u00f3w!<\/li>\n<\/ol>\n<hr \/>\n<h3><strong>Zalety:<\/strong><\/h3>\n<ul>\n<li>Nie musisz przechodzi\u0107 przez proces zam\u00f3wienia i p\u0142atno\u015bci kilkukrotnie \u2013 wystarczy jedno zam\u00f3wienie!<\/li>\n<li>Oszcz\u0119dzasz czas i unikasz dodatkowych formalno\u015bci.<\/li>\n<li>Koszt dodatkowej dostawy: tylko <strong>15 z\u0142 za ka\u017cdy dodatkowy adres<\/strong>.<\/li>\n<li>To ta\u0144sze i wygodniejsze ni\u017c osobne przesy\u0142ki.<\/li>\n<li>Twoi bliscy otrzymaj\u0105 prezenty szybko i sprawnie, nawet je\u015bli Ty nie mo\u017cesz by\u0107 tam osobi\u015bcie.<\/li>\n<\/ul>\n<p><a style=\"background-color: #2c7a7b; color: #fff; padding: 10px 20px; border-radius: 5px; border: none; font-size: 16px; cursor: pointer; text-decoration: none; display: inline-block; text-align: center;\" href=\"https:\/\/greenowacja.pl\/produkt\/usluga-wysylki-do-dziadkow\/\"><strong>Dodaj Dostaw\u0119 do<\/strong> <strong>Dziadk\u00f3w<\/strong><br \/>\n<\/a><\/p>\n<\/div>\n","protected":false},"excerpt":{"rendered":"<p>Drzewo chrobotek dla dziadka. Ozdobiony napisamami:\u00a0 &#8222;<em>Dla Kochanego Dziadka\u201d, \u201cDla Kochanej Babci\u201d\u00a0<\/em>lub<em>\u00a0\u201cDla Kochanych Dziadk\u00f3w\u201d<\/em> . Nasz obraz\u00a0 mo\u017cesz nie tylko zawiesi\u0107, ale te\u017c postawi\u0107 na biurku lub p\u00f3\u0142ce dzi\u0119ki specjalnej n\u00f3\u017cce kt\u00f3ra dok\u0142adamy do zestawu.<\/p>\n","protected":false},"featured_media":4352,"template":"","meta":{"site-sidebar-layout":"default","site-content-layout":"default","ast-site-content-layout":"default","site-content-style":"default","site-sidebar-style":"default","ast-global-header-display":"","ast-banner-title-visibility":"","ast-main-header-display":"","ast-hfb-above-header-display":"","ast-hfb-below-header-display":"","ast-hfb-mobile-header-display":"","site-post-title":"","ast-breadcrumbs-content":"","ast-featured-img":"","footer-sml-layout":"","theme-transparent-header-meta":"default","adv-header-id-meta":"","stick-header-meta":"","header-above-stick-meta":"","header-main-stick-meta":"","header-below-stick-meta":"","astra-migrate-meta-layouts":"set","ast-page-background-enabled":"default","ast-page-background-meta":{"desktop":{"background-color":"","background-image":"","background-repeat":"repeat","background-position":"center center","background-size":"auto","background-attachment":"scroll","background-type":"","background-media":"","overlay-type":"","overlay-color":"","overlay-opacity":"","overlay-gradient":""},"tablet":{"background-color":"","background-image":"","background-repeat":"repeat","background-position":"center center","background-size":"auto","background-attachment":"scroll","background-type":"","background-media":"","overlay-type":"","overlay-color":"","overlay-opacity":"","overlay-gradient":""},"mobile":{"background-color":"","background-image":"","background-repeat":"repeat","background-position":"center center","background-size":"auto","background-attachment":"scroll","background-type":"","background-media":"","overlay-type":"","overlay-color":"","overlay-opacity":"","overlay-gradient":""}},"ast-content-background-meta":{"desktop":{"background-color":"var(--ast-global-color-5)","background-image":"","background-repeat":"repeat","background-position":"center center","background-size":"auto","background-attachment":"scroll","background-type":"","background-media":"","overlay-type":"","overlay-color":"","overlay-opacity":"","overlay-gradient":""},"tablet":{"background-color":"var(--ast-global-color-5)","background-image":"","background-repeat":"repeat","background-position":"center center","background-size":"auto","background-attachment":"scroll","background-type":"","background-media":"","overlay-type":"","overlay-color":"","overlay-opacity":"","overlay-gradient":""},"mobile":{"background-color":"var(--ast-global-color-5)","background-image":"","background-repeat":"repeat","background-position":"center center","background-size":"auto","background-attachment":"scroll","background-type":"","background-media":"","overlay-type":"","overlay-color":"","overlay-opacity":"","overlay-gradient":""}}},"product_brand":[],"product_cat":[87],"product_tag":[],"class_list":{"0":"post-4351","1":"product","2":"type-product","3":"status-publish","4":"has-post-thumbnail","6":"product_cat-dla-babci-i-dziadka","7":"desktop-align-left","8":"tablet-align-left","9":"mobile-align-left","11":"first","12":"instock","13":"taxable","14":"shipping-taxable","15":"purchasable","16":"product-type-simple"},"yoast_head":"<!-- This site is optimized with the Yoast SEO plugin v27.4 - https:\/\/yoast.com\/product\/yoast-seo-wordpress\/ -->\n<title>Drzewo chrobotek dla dziadka<\/title>\n<meta name=\"description\" content=\"Drzewo chrobotek dla dziadka. 3 napisy do wyboru Gotowy do powieszenia lub postawienia.\" \/>\n<meta name=\"robots\" content=\"index, follow, max-snippet:-1, max-image-preview:large, max-video-preview:-1\" \/>\n<link rel=\"canonical\" href=\"https:\/\/greenowacja.pl\/produkt\/drzewo-w-kwadracie-dla-kochanej-dziadka-z-nozka\/\" \/>\n<meta property=\"og:locale\" content=\"pl_PL\" \/>\n<meta property=\"og:type\" content=\"article\" \/>\n<meta property=\"og:title\" content=\"Drzewo chrobotek dla dziadka\" \/>\n<meta property=\"og:description\" content=\"Drzewo chrobotek dla dziadka. 3 napisy do wyboru Gotowy do powieszenia lub postawienia.\" \/>\n<meta property=\"og:url\" content=\"https:\/\/greenowacja.pl\/produkt\/drzewo-w-kwadracie-dla-kochanej-dziadka-z-nozka\/\" \/>\n<meta property=\"og:site_name\" content=\"Ozdoby i prezenty z mchu | #u\u015bMECHnij si\u0119!\" \/>\n<meta property=\"article:publisher\" content=\"https:\/\/www.facebook.com\/Greenowacja\" \/>\n<meta property=\"article:modified_time\" content=\"2026-01-10T11:37:10+00:00\" \/>\n<meta property=\"og:image\" content=\"https:\/\/greenowacja.pl\/wp-content\/uploads\/2024\/01\/IMG20231229132828.jpg\" \/>\n\t<meta property=\"og:image:width\" content=\"1000\" \/>\n\t<meta property=\"og:image:height\" content=\"1000\" \/>\n\t<meta property=\"og:image:type\" content=\"image\/jpeg\" \/>\n<meta name=\"twitter:card\" content=\"summary_large_image\" \/>\n<meta name=\"twitter:label1\" content=\"Szacowany czas czytania\" \/>\n\t<meta name=\"twitter:data1\" content=\"4 minuty\" \/>\n<script type=\"application\/ld+json\" class=\"yoast-schema-graph\">{\"@context\":\"https:\\\/\\\/schema.org\",\"@graph\":[{\"@type\":\"WebPage\",\"@id\":\"https:\\\/\\\/greenowacja.pl\\\/produkt\\\/drzewo-w-kwadracie-dla-kochanej-dziadka-z-nozka\\\/\",\"url\":\"https:\\\/\\\/greenowacja.pl\\\/produkt\\\/drzewo-w-kwadracie-dla-kochanej-dziadka-z-nozka\\\/\",\"name\":\"Drzewo chrobotek dla dziadka\",\"isPartOf\":{\"@id\":\"https:\\\/\\\/greenowacja.pl\\\/#website\"},\"primaryImageOfPage\":{\"@id\":\"https:\\\/\\\/greenowacja.pl\\\/produkt\\\/drzewo-w-kwadracie-dla-kochanej-dziadka-z-nozka\\\/#primaryimage\"},\"image\":{\"@id\":\"https:\\\/\\\/greenowacja.pl\\\/produkt\\\/drzewo-w-kwadracie-dla-kochanej-dziadka-z-nozka\\\/#primaryimage\"},\"thumbnailUrl\":\"https:\\\/\\\/greenowacja.pl\\\/wp-content\\\/uploads\\\/2024\\\/01\\\/IMG20231229132828.jpg\",\"datePublished\":\"2024-01-01T21:51:33+00:00\",\"dateModified\":\"2026-01-10T11:37:10+00:00\",\"description\":\"Drzewo chrobotek dla dziadka. 3 napisy do wyboru Gotowy do powieszenia lub postawienia.\",\"breadcrumb\":{\"@id\":\"https:\\\/\\\/greenowacja.pl\\\/produkt\\\/drzewo-w-kwadracie-dla-kochanej-dziadka-z-nozka\\\/#breadcrumb\"},\"inLanguage\":\"pl-PL\",\"potentialAction\":[{\"@type\":\"ReadAction\",\"target\":[\"https:\\\/\\\/greenowacja.pl\\\/produkt\\\/drzewo-w-kwadracie-dla-kochanej-dziadka-z-nozka\\\/\"]}]},{\"@type\":\"ImageObject\",\"inLanguage\":\"pl-PL\",\"@id\":\"https:\\\/\\\/greenowacja.pl\\\/produkt\\\/drzewo-w-kwadracie-dla-kochanej-dziadka-z-nozka\\\/#primaryimage\",\"url\":\"https:\\\/\\\/greenowacja.pl\\\/wp-content\\\/uploads\\\/2024\\\/01\\\/IMG20231229132828.jpg\",\"contentUrl\":\"https:\\\/\\\/greenowacja.pl\\\/wp-content\\\/uploads\\\/2024\\\/01\\\/IMG20231229132828.jpg\",\"width\":1000,\"height\":1000,\"caption\":\"obraz dla dziadka\"},{\"@type\":\"BreadcrumbList\",\"@id\":\"https:\\\/\\\/greenowacja.pl\\\/produkt\\\/drzewo-w-kwadracie-dla-kochanej-dziadka-z-nozka\\\/#breadcrumb\",\"itemListElement\":[{\"@type\":\"ListItem\",\"position\":1,\"name\":\"Strona g\u0142\u00f3wna\",\"item\":\"https:\\\/\\\/greenowacja.pl\\\/\"},{\"@type\":\"ListItem\",\"position\":2,\"name\":\"Sklep\",\"item\":\"https:\\\/\\\/greenowacja.pl\\\/sklep-z-mchem-chrobotkiem\\\/\"},{\"@type\":\"ListItem\",\"position\":3,\"name\":\"Drzewo z mchu w kwadratowej ramce &#8211; prezent dla dziadk\u00f3w, do powieszenia lub postawienia (3 napisy do wyboru)\"}]},{\"@type\":\"WebSite\",\"@id\":\"https:\\\/\\\/greenowacja.pl\\\/#website\",\"url\":\"https:\\\/\\\/greenowacja.pl\\\/\",\"name\":\"Ozdoby i prezenty z mchu | #u\u015bMECHnij si\u0119!\",\"description\":\"\",\"publisher\":{\"@id\":\"https:\\\/\\\/greenowacja.pl\\\/#organization\"},\"potentialAction\":[{\"@type\":\"SearchAction\",\"target\":{\"@type\":\"EntryPoint\",\"urlTemplate\":\"https:\\\/\\\/greenowacja.pl\\\/?s={search_term_string}\"},\"query-input\":{\"@type\":\"PropertyValueSpecification\",\"valueRequired\":true,\"valueName\":\"search_term_string\"}}],\"inLanguage\":\"pl-PL\"},{\"@type\":\"Organization\",\"@id\":\"https:\\\/\\\/greenowacja.pl\\\/#organization\",\"name\":\"Ozdoby i prezenty z mchu | #u\u015bMECHnij si\u0119!\",\"url\":\"https:\\\/\\\/greenowacja.pl\\\/\",\"logo\":{\"@type\":\"ImageObject\",\"inLanguage\":\"pl-PL\",\"@id\":\"https:\\\/\\\/greenowacja.pl\\\/#\\\/schema\\\/logo\\\/image\\\/\",\"url\":\"https:\\\/\\\/greenowacja.pl\\\/wp-content\\\/uploads\\\/2023\\\/08\\\/Logo-Greenowacja-wer-z-claimem-pozioma-2-kolory_Easy-Resize.com_.jpg\",\"contentUrl\":\"https:\\\/\\\/greenowacja.pl\\\/wp-content\\\/uploads\\\/2023\\\/08\\\/Logo-Greenowacja-wer-z-claimem-pozioma-2-kolory_Easy-Resize.com_.jpg\",\"width\":1280,\"height\":426,\"caption\":\"Ozdoby i prezenty z mchu | #u\u015bMECHnij si\u0119!\"},\"image\":{\"@id\":\"https:\\\/\\\/greenowacja.pl\\\/#\\\/schema\\\/logo\\\/image\\\/\"},\"sameAs\":[\"https:\\\/\\\/www.facebook.com\\\/Greenowacja\",\"https:\\\/\\\/www.instagram.com\\\/greenowacja\\\/\"]}]}<\/script>\n<!-- \/ Yoast SEO plugin. -->","yoast_head_json":{"title":"Drzewo chrobotek dla dziadka","description":"Drzewo chrobotek dla dziadka. 3 napisy do wyboru Gotowy do powieszenia lub postawienia.","robots":{"index":"index","follow":"follow","max-snippet":"max-snippet:-1","max-image-preview":"max-image-preview:large","max-video-preview":"max-video-preview:-1"},"canonical":"https:\/\/greenowacja.pl\/produkt\/drzewo-w-kwadracie-dla-kochanej-dziadka-z-nozka\/","og_locale":"pl_PL","og_type":"article","og_title":"Drzewo chrobotek dla dziadka","og_description":"Drzewo chrobotek dla dziadka. 3 napisy do wyboru Gotowy do powieszenia lub postawienia.","og_url":"https:\/\/greenowacja.pl\/produkt\/drzewo-w-kwadracie-dla-kochanej-dziadka-z-nozka\/","og_site_name":"Ozdoby i prezenty z mchu | #u\u015bMECHnij si\u0119!","article_publisher":"https:\/\/www.facebook.com\/Greenowacja","article_modified_time":"2026-01-10T11:37:10+00:00","og_image":[{"width":1000,"height":1000,"url":"https:\/\/greenowacja.pl\/wp-content\/uploads\/2024\/01\/IMG20231229132828.jpg","type":"image\/jpeg"}],"twitter_card":"summary_large_image","twitter_misc":{"Szacowany czas czytania":"4 minuty"},"schema":{"@context":"https:\/\/schema.org","@graph":[{"@type":"WebPage","@id":"https:\/\/greenowacja.pl\/produkt\/drzewo-w-kwadracie-dla-kochanej-dziadka-z-nozka\/","url":"https:\/\/greenowacja.pl\/produkt\/drzewo-w-kwadracie-dla-kochanej-dziadka-z-nozka\/","name":"Drzewo chrobotek dla dziadka","isPartOf":{"@id":"https:\/\/greenowacja.pl\/#website"},"primaryImageOfPage":{"@id":"https:\/\/greenowacja.pl\/produkt\/drzewo-w-kwadracie-dla-kochanej-dziadka-z-nozka\/#primaryimage"},"image":{"@id":"https:\/\/greenowacja.pl\/produkt\/drzewo-w-kwadracie-dla-kochanej-dziadka-z-nozka\/#primaryimage"},"thumbnailUrl":"https:\/\/greenowacja.pl\/wp-content\/uploads\/2024\/01\/IMG20231229132828.jpg","datePublished":"2024-01-01T21:51:33+00:00","dateModified":"2026-01-10T11:37:10+00:00","description":"Drzewo chrobotek dla dziadka. 3 napisy do wyboru Gotowy do powieszenia lub postawienia.","breadcrumb":{"@id":"https:\/\/greenowacja.pl\/produkt\/drzewo-w-kwadracie-dla-kochanej-dziadka-z-nozka\/#breadcrumb"},"inLanguage":"pl-PL","potentialAction":[{"@type":"ReadAction","target":["https:\/\/greenowacja.pl\/produkt\/drzewo-w-kwadracie-dla-kochanej-dziadka-z-nozka\/"]}]},{"@type":"ImageObject","inLanguage":"pl-PL","@id":"https:\/\/greenowacja.pl\/produkt\/drzewo-w-kwadracie-dla-kochanej-dziadka-z-nozka\/#primaryimage","url":"https:\/\/greenowacja.pl\/wp-content\/uploads\/2024\/01\/IMG20231229132828.jpg","contentUrl":"https:\/\/greenowacja.pl\/wp-content\/uploads\/2024\/01\/IMG20231229132828.jpg","width":1000,"height":1000,"caption":"obraz dla dziadka"},{"@type":"BreadcrumbList","@id":"https:\/\/greenowacja.pl\/produkt\/drzewo-w-kwadracie-dla-kochanej-dziadka-z-nozka\/#breadcrumb","itemListElement":[{"@type":"ListItem","position":1,"name":"Strona g\u0142\u00f3wna","item":"https:\/\/greenowacja.pl\/"},{"@type":"ListItem","position":2,"name":"Sklep","item":"https:\/\/greenowacja.pl\/sklep-z-mchem-chrobotkiem\/"},{"@type":"ListItem","position":3,"name":"Drzewo z mchu w kwadratowej ramce &#8211; prezent dla dziadk\u00f3w, do powieszenia lub postawienia (3 napisy do wyboru)"}]},{"@type":"WebSite","@id":"https:\/\/greenowacja.pl\/#website","url":"https:\/\/greenowacja.pl\/","name":"Ozdoby i prezenty z mchu | #u\u015bMECHnij si\u0119!","description":"","publisher":{"@id":"https:\/\/greenowacja.pl\/#organization"},"potentialAction":[{"@type":"SearchAction","target":{"@type":"EntryPoint","urlTemplate":"https:\/\/greenowacja.pl\/?s={search_term_string}"},"query-input":{"@type":"PropertyValueSpecification","valueRequired":true,"valueName":"search_term_string"}}],"inLanguage":"pl-PL"},{"@type":"Organization","@id":"https:\/\/greenowacja.pl\/#organization","name":"Ozdoby i prezenty z mchu | #u\u015bMECHnij si\u0119!","url":"https:\/\/greenowacja.pl\/","logo":{"@type":"ImageObject","inLanguage":"pl-PL","@id":"https:\/\/greenowacja.pl\/#\/schema\/logo\/image\/","url":"https:\/\/greenowacja.pl\/wp-content\/uploads\/2023\/08\/Logo-Greenowacja-wer-z-claimem-pozioma-2-kolory_Easy-Resize.com_.jpg","contentUrl":"https:\/\/greenowacja.pl\/wp-content\/uploads\/2023\/08\/Logo-Greenowacja-wer-z-claimem-pozioma-2-kolory_Easy-Resize.com_.jpg","width":1280,"height":426,"caption":"Ozdoby i prezenty z mchu | #u\u015bMECHnij si\u0119!"},"image":{"@id":"https:\/\/greenowacja.pl\/#\/schema\/logo\/image\/"},"sameAs":["https:\/\/www.facebook.com\/Greenowacja","https:\/\/www.instagram.com\/greenowacja\/"]}]}},"_links":{"self":[{"href":"https:\/\/greenowacja.pl\/wp-json\/wp\/v2\/product\/4351","targetHints":{"allow":["GET"]}}],"collection":[{"href":"https:\/\/greenowacja.pl\/wp-json\/wp\/v2\/product"}],"about":[{"href":"https:\/\/greenowacja.pl\/wp-json\/wp\/v2\/types\/product"}],"wp:featuredmedia":[{"embeddable":true,"href":"https:\/\/greenowacja.pl\/wp-json\/wp\/v2\/media\/4352"}],"wp:attachment":[{"href":"https:\/\/greenowacja.pl\/wp-json\/wp\/v2\/media?parent=4351"}],"wp:term":[{"taxonomy":"product_brand","embeddable":true,"href":"https:\/\/greenowacja.pl\/wp-json\/wp\/v2\/product_brand?post=4351"},{"taxonomy":"product_cat","embeddable":true,"href":"https:\/\/greenowacja.pl\/wp-json\/wp\/v2\/product_cat?post=4351"},{"taxonomy":"product_tag","embeddable":true,"href":"https:\/\/greenowacja.pl\/wp-json\/wp\/v2\/product_tag?post=4351"}],"curies":[{"name":"wp","href":"https:\/\/api.w.org\/{rel}","templated":true}]}}