{"id":4393,"date":"2024-01-03T18:32:43","date_gmt":"2024-01-03T17:32:43","guid":{"rendered":"https:\/\/greenowacja.pl\/?post_type=product&#038;p=4393"},"modified":"2026-01-10T12:36:55","modified_gmt":"2026-01-10T11:36:55","slug":"betoniczka-z-mchem-dla-kochanych-dziadkow-czerwona-wstazka","status":"publish","type":"product","link":"https:\/\/greenowacja.pl\/produkt\/betoniczka-z-mchem-dla-kochanych-dziadkow-czerwona-wstazka\/","title":{"rendered":"Betoniczka z mchem &#8211; dla kochanych dziadk\u00f3w &#8211; czerwona wst\u0105\u017cka"},"content":{"rendered":"<p>Nasza betoniczka z napisem &#8222;dla kochanych dziadk\u00f3w&#8221; to \u015bwietny <a href=\"https:\/\/greenowacja.pl\/kategoria-produktu\/prezenty-z-mchem\/dla-babci-i-dziadka\/\">pomys\u0142 na dzie\u0144 dziadka<\/a> i babci. Wersja z czerwon\u0105 kokardk\u0105 i czerwonymi suszonymi kwiatkami.<\/p>\n<p><strong>Betoniczka<\/strong> \u2013 czyli doniczka z betonu ozdobiona chrobotkiem reniferowym to \u015bwietna propozycja dla os\u00f3b, kt\u00f3re szukaj\u0105 ciekawego prezentu: na dzie\u0144 dziadka i babci, urodziny lub na jubileusz.\u00a0 Do ka\u017cdej doniczki dodajemy instrukcj\u0119 post\u0119powania z produktami z chrobotkiem.<\/p>\n<p><strong>Ka\u017cda<\/strong>\u00a0doniczka jest wyj\u0105tkowa i posiada unikalny charakter dzi\u0119ki r\u0119cznemu procesowi produkcji. Betoniczki mog\u0105 si\u0119 nieznacznie r\u00f3\u017cni\u0107 faktur\u0105 i zabarwieniem. To w\u0142a\u015bnie te detale nadaj\u0105 im jeszcze wi\u0119kszego uroku.<\/p>\n<h3>Betoniczka z mchem sprawdzi si\u0119 \u015bwietnie je\u015bli:<\/h3>\n<ul>\n<li>szukasz ciekawego dodatku do wn\u0119trz<\/li>\n<li>szukasz oryginalnego prezentu<\/li>\n<li>zapomina Ci si\u0119 podlewa\u0107 ro\u015bliny<\/li>\n<\/ul>\n<h3><strong>Cechy betoniczki z chrobotkiem:<\/strong><\/h3>\n<ul>\n<li>\u015brednica ok. 12 cm<\/li>\n<li>wysoko\u015b\u0107 ok. 14 cm<\/li>\n<li>waga ok. 950 g \u2013 1050 g<\/li>\n<\/ul>\n<p>Przyst\u0119pujemy do tworzenia ozd\u00f3b po ich zam\u00f3wieniu online, czas realizacji zam\u00f3wienia trwa 3 dni robocze.<\/p>\n<p>Je\u017celi zale\u017cy Pa\u0144stwu na szybszej wysy\u0142ce, prosimy o <a href=\"https:\/\/greenowacja.pl\/kontakt\/\">kontakt telefoniczny<\/a>.<\/p>\n<p>Sprawd\u017a tak\u017ce nasze <a href=\"https:\/\/greenowacja.pl\/kategoria-produktu\/prezenty-na-swieta\/\">inne pomys\u0142y na prezenty \u015bwi\u0105teczne<\/a><\/p>\n","protected":false},"excerpt":{"rendered":"<p>Nasze betoniczki to \u015bwietny pomys\u0142 na prezent na dzie\u0144 dziadka i babci. W tej wersji dodajemy napis &#8222;dla kochanych dziadk\u00f3w&#8221; oraz czerwon\u0105 wst\u0105\u017ck\u0119 i czerwone suszone kwiaty.<\/p>\n<p><strong>Betoniczka kanciasta<\/strong>\u00a0\u2013 doniczka z betonu ozdobiona chrobotkiem reniferowym.<\/p>\n<p>Doniczki wykonujemy sami, dzi\u0119ki czemu ka\u017cda z nich jest wyj\u0105tkowa i posiada sw\u00f3j unikalny charakter. \u0141\u0105cz\u0105 w sobie minimalizm i solidno\u015b\u0107 betonu z puszysto\u015bci\u0105 i zieleni\u0105 mchu.<\/p>\n","protected":false},"featured_media":4394,"template":"","meta":{"site-sidebar-layout":"default","site-content-layout":"default","ast-site-content-layout":"default","site-content-style":"default","site-sidebar-style":"default","ast-global-header-display":"","ast-banner-title-visibility":"","ast-main-header-display":"","ast-hfb-above-header-display":"","ast-hfb-below-header-display":"","ast-hfb-mobile-header-display":"","site-post-title":"","ast-breadcrumbs-content":"","ast-featured-img":"","footer-sml-layout":"","theme-transparent-header-meta":"default","adv-header-id-meta":"","stick-header-meta":"","header-above-stick-meta":"","header-main-stick-meta":"","header-below-stick-meta":"","astra-migrate-meta-layouts":"set","ast-page-background-enabled":"default","ast-page-background-meta":{"desktop":{"background-color":"","background-image":"","background-repeat":"repeat","background-position":"center center","background-size":"auto","background-attachment":"scroll","background-type":"","background-media":"","overlay-type":"","overlay-color":"","overlay-opacity":"","overlay-gradient":""},"tablet":{"background-color":"","background-image":"","background-repeat":"repeat","background-position":"center center","background-size":"auto","background-attachment":"scroll","background-type":"","background-media":"","overlay-type":"","overlay-color":"","overlay-opacity":"","overlay-gradient":""},"mobile":{"background-color":"","background-image":"","background-repeat":"repeat","background-position":"center center","background-size":"auto","background-attachment":"scroll","background-type":"","background-media":"","overlay-type":"","overlay-color":"","overlay-opacity":"","overlay-gradient":""}},"ast-content-background-meta":{"desktop":{"background-color":"var(--ast-global-color-5)","background-image":"","background-repeat":"repeat","background-position":"center center","background-size":"auto","background-attachment":"scroll","background-type":"","background-media":"","overlay-type":"","overlay-color":"","overlay-opacity":"","overlay-gradient":""},"tablet":{"background-color":"var(--ast-global-color-5)","background-image":"","background-repeat":"repeat","background-position":"center center","background-size":"auto","background-attachment":"scroll","background-type":"","background-media":"","overlay-type":"","overlay-color":"","overlay-opacity":"","overlay-gradient":""},"mobile":{"background-color":"var(--ast-global-color-5)","background-image":"","background-repeat":"repeat","background-position":"center center","background-size":"auto","background-attachment":"scroll","background-type":"","background-media":"","overlay-type":"","overlay-color":"","overlay-opacity":"","overlay-gradient":""}}},"product_brand":[],"product_cat":[87],"product_tag":[],"class_list":{"0":"post-4393","1":"product","2":"type-product","3":"status-publish","4":"has-post-thumbnail","6":"product_cat-dla-babci-i-dziadka","7":"desktop-align-left","8":"tablet-align-left","9":"mobile-align-left","11":"first","12":"instock","13":"taxable","14":"shipping-taxable","15":"purchasable","16":"product-type-simple"},"yoast_head":"<!-- This site is optimized with the Yoast SEO plugin v27.4 - https:\/\/yoast.com\/product\/yoast-seo-wordpress\/ -->\n<title>Betoniczka dla kochanych dziadk\u00f3w<\/title>\n<meta name=\"description\" content=\"Betoniczka z mchem reniferowym to \u015bwietna propozycja na prezent na dzie\u0144 dziadka i babci. Wi\u0119cej pomys\u0142\u00f3w znajdziesz w sklepie Greenowacja.pl\" \/>\n<meta name=\"robots\" content=\"index, follow, max-snippet:-1, max-image-preview:large, max-video-preview:-1\" \/>\n<link rel=\"canonical\" href=\"https:\/\/greenowacja.pl\/produkt\/betoniczka-z-mchem-dla-kochanych-dziadkow-czerwona-wstazka\/\" \/>\n<meta property=\"og:locale\" content=\"pl_PL\" \/>\n<meta property=\"og:type\" content=\"article\" \/>\n<meta property=\"og:title\" content=\"Betoniczka dla kochanych dziadk\u00f3w\" \/>\n<meta property=\"og:description\" content=\"Betoniczka z mchem reniferowym to \u015bwietna propozycja na prezent na dzie\u0144 dziadka i babci. Wi\u0119cej pomys\u0142\u00f3w znajdziesz w sklepie Greenowacja.pl\" \/>\n<meta property=\"og:url\" content=\"https:\/\/greenowacja.pl\/produkt\/betoniczka-z-mchem-dla-kochanych-dziadkow-czerwona-wstazka\/\" \/>\n<meta property=\"og:site_name\" content=\"Ozdoby i prezenty z mchu | #u\u015bMECHnij si\u0119!\" \/>\n<meta property=\"article:publisher\" content=\"https:\/\/www.facebook.com\/Greenowacja\" \/>\n<meta property=\"article:modified_time\" content=\"2026-01-10T11:36:55+00:00\" \/>\n<meta property=\"og:image\" content=\"https:\/\/greenowacja.pl\/wp-content\/uploads\/2024\/01\/dla-kochanych-dzisadkow-czerwona-betoniczka.jpg\" \/>\n\t<meta property=\"og:image:width\" content=\"1000\" \/>\n\t<meta property=\"og:image:height\" content=\"1000\" \/>\n\t<meta property=\"og:image:type\" content=\"image\/jpeg\" \/>\n<meta name=\"twitter:card\" content=\"summary_large_image\" \/>\n<meta name=\"twitter:label1\" content=\"Szacowany czas czytania\" \/>\n\t<meta name=\"twitter:data1\" content=\"1 minuta\" \/>\n<script type=\"application\/ld+json\" class=\"yoast-schema-graph\">{\"@context\":\"https:\\\/\\\/schema.org\",\"@graph\":[{\"@type\":\"WebPage\",\"@id\":\"https:\\\/\\\/greenowacja.pl\\\/produkt\\\/betoniczka-z-mchem-dla-kochanych-dziadkow-czerwona-wstazka\\\/\",\"url\":\"https:\\\/\\\/greenowacja.pl\\\/produkt\\\/betoniczka-z-mchem-dla-kochanych-dziadkow-czerwona-wstazka\\\/\",\"name\":\"Betoniczka dla kochanych dziadk\u00f3w\",\"isPartOf\":{\"@id\":\"https:\\\/\\\/greenowacja.pl\\\/#website\"},\"primaryImageOfPage\":{\"@id\":\"https:\\\/\\\/greenowacja.pl\\\/produkt\\\/betoniczka-z-mchem-dla-kochanych-dziadkow-czerwona-wstazka\\\/#primaryimage\"},\"image\":{\"@id\":\"https:\\\/\\\/greenowacja.pl\\\/produkt\\\/betoniczka-z-mchem-dla-kochanych-dziadkow-czerwona-wstazka\\\/#primaryimage\"},\"thumbnailUrl\":\"https:\\\/\\\/greenowacja.pl\\\/wp-content\\\/uploads\\\/2024\\\/01\\\/dla-kochanych-dzisadkow-czerwona-betoniczka.jpg\",\"datePublished\":\"2024-01-03T17:32:43+00:00\",\"dateModified\":\"2026-01-10T11:36:55+00:00\",\"description\":\"Betoniczka z mchem reniferowym to \u015bwietna propozycja na prezent na dzie\u0144 dziadka i babci. Wi\u0119cej pomys\u0142\u00f3w znajdziesz w sklepie Greenowacja.pl\",\"breadcrumb\":{\"@id\":\"https:\\\/\\\/greenowacja.pl\\\/produkt\\\/betoniczka-z-mchem-dla-kochanych-dziadkow-czerwona-wstazka\\\/#breadcrumb\"},\"inLanguage\":\"pl-PL\",\"potentialAction\":[{\"@type\":\"ReadAction\",\"target\":[\"https:\\\/\\\/greenowacja.pl\\\/produkt\\\/betoniczka-z-mchem-dla-kochanych-dziadkow-czerwona-wstazka\\\/\"]}]},{\"@type\":\"ImageObject\",\"inLanguage\":\"pl-PL\",\"@id\":\"https:\\\/\\\/greenowacja.pl\\\/produkt\\\/betoniczka-z-mchem-dla-kochanych-dziadkow-czerwona-wstazka\\\/#primaryimage\",\"url\":\"https:\\\/\\\/greenowacja.pl\\\/wp-content\\\/uploads\\\/2024\\\/01\\\/dla-kochanych-dzisadkow-czerwona-betoniczka.jpg\",\"contentUrl\":\"https:\\\/\\\/greenowacja.pl\\\/wp-content\\\/uploads\\\/2024\\\/01\\\/dla-kochanych-dzisadkow-czerwona-betoniczka.jpg\",\"width\":1000,\"height\":1000},{\"@type\":\"BreadcrumbList\",\"@id\":\"https:\\\/\\\/greenowacja.pl\\\/produkt\\\/betoniczka-z-mchem-dla-kochanych-dziadkow-czerwona-wstazka\\\/#breadcrumb\",\"itemListElement\":[{\"@type\":\"ListItem\",\"position\":1,\"name\":\"Strona g\u0142\u00f3wna\",\"item\":\"https:\\\/\\\/greenowacja.pl\\\/\"},{\"@type\":\"ListItem\",\"position\":2,\"name\":\"Sklep\",\"item\":\"https:\\\/\\\/greenowacja.pl\\\/sklep-z-mchem-chrobotkiem\\\/\"},{\"@type\":\"ListItem\",\"position\":3,\"name\":\"Betoniczka z mchem &#8211; dla kochanych dziadk\u00f3w &#8211; czerwona wst\u0105\u017cka\"}]},{\"@type\":\"WebSite\",\"@id\":\"https:\\\/\\\/greenowacja.pl\\\/#website\",\"url\":\"https:\\\/\\\/greenowacja.pl\\\/\",\"name\":\"Ozdoby i prezenty z mchu | #u\u015bMECHnij si\u0119!\",\"description\":\"\",\"publisher\":{\"@id\":\"https:\\\/\\\/greenowacja.pl\\\/#organization\"},\"potentialAction\":[{\"@type\":\"SearchAction\",\"target\":{\"@type\":\"EntryPoint\",\"urlTemplate\":\"https:\\\/\\\/greenowacja.pl\\\/?s={search_term_string}\"},\"query-input\":{\"@type\":\"PropertyValueSpecification\",\"valueRequired\":true,\"valueName\":\"search_term_string\"}}],\"inLanguage\":\"pl-PL\"},{\"@type\":\"Organization\",\"@id\":\"https:\\\/\\\/greenowacja.pl\\\/#organization\",\"name\":\"Ozdoby i prezenty z mchu | #u\u015bMECHnij si\u0119!\",\"url\":\"https:\\\/\\\/greenowacja.pl\\\/\",\"logo\":{\"@type\":\"ImageObject\",\"inLanguage\":\"pl-PL\",\"@id\":\"https:\\\/\\\/greenowacja.pl\\\/#\\\/schema\\\/logo\\\/image\\\/\",\"url\":\"https:\\\/\\\/greenowacja.pl\\\/wp-content\\\/uploads\\\/2023\\\/08\\\/Logo-Greenowacja-wer-z-claimem-pozioma-2-kolory_Easy-Resize.com_.jpg\",\"contentUrl\":\"https:\\\/\\\/greenowacja.pl\\\/wp-content\\\/uploads\\\/2023\\\/08\\\/Logo-Greenowacja-wer-z-claimem-pozioma-2-kolory_Easy-Resize.com_.jpg\",\"width\":1280,\"height\":426,\"caption\":\"Ozdoby i prezenty z mchu | #u\u015bMECHnij si\u0119!\"},\"image\":{\"@id\":\"https:\\\/\\\/greenowacja.pl\\\/#\\\/schema\\\/logo\\\/image\\\/\"},\"sameAs\":[\"https:\\\/\\\/www.facebook.com\\\/Greenowacja\",\"https:\\\/\\\/www.instagram.com\\\/greenowacja\\\/\"]}]}<\/script>\n<!-- \/ Yoast SEO plugin. -->","yoast_head_json":{"title":"Betoniczka dla kochanych dziadk\u00f3w","description":"Betoniczka z mchem reniferowym to \u015bwietna propozycja na prezent na dzie\u0144 dziadka i babci. Wi\u0119cej pomys\u0142\u00f3w znajdziesz w sklepie Greenowacja.pl","robots":{"index":"index","follow":"follow","max-snippet":"max-snippet:-1","max-image-preview":"max-image-preview:large","max-video-preview":"max-video-preview:-1"},"canonical":"https:\/\/greenowacja.pl\/produkt\/betoniczka-z-mchem-dla-kochanych-dziadkow-czerwona-wstazka\/","og_locale":"pl_PL","og_type":"article","og_title":"Betoniczka dla kochanych dziadk\u00f3w","og_description":"Betoniczka z mchem reniferowym to \u015bwietna propozycja na prezent na dzie\u0144 dziadka i babci. Wi\u0119cej pomys\u0142\u00f3w znajdziesz w sklepie Greenowacja.pl","og_url":"https:\/\/greenowacja.pl\/produkt\/betoniczka-z-mchem-dla-kochanych-dziadkow-czerwona-wstazka\/","og_site_name":"Ozdoby i prezenty z mchu | #u\u015bMECHnij si\u0119!","article_publisher":"https:\/\/www.facebook.com\/Greenowacja","article_modified_time":"2026-01-10T11:36:55+00:00","og_image":[{"width":1000,"height":1000,"url":"https:\/\/greenowacja.pl\/wp-content\/uploads\/2024\/01\/dla-kochanych-dzisadkow-czerwona-betoniczka.jpg","type":"image\/jpeg"}],"twitter_card":"summary_large_image","twitter_misc":{"Szacowany czas czytania":"1 minuta"},"schema":{"@context":"https:\/\/schema.org","@graph":[{"@type":"WebPage","@id":"https:\/\/greenowacja.pl\/produkt\/betoniczka-z-mchem-dla-kochanych-dziadkow-czerwona-wstazka\/","url":"https:\/\/greenowacja.pl\/produkt\/betoniczka-z-mchem-dla-kochanych-dziadkow-czerwona-wstazka\/","name":"Betoniczka dla kochanych dziadk\u00f3w","isPartOf":{"@id":"https:\/\/greenowacja.pl\/#website"},"primaryImageOfPage":{"@id":"https:\/\/greenowacja.pl\/produkt\/betoniczka-z-mchem-dla-kochanych-dziadkow-czerwona-wstazka\/#primaryimage"},"image":{"@id":"https:\/\/greenowacja.pl\/produkt\/betoniczka-z-mchem-dla-kochanych-dziadkow-czerwona-wstazka\/#primaryimage"},"thumbnailUrl":"https:\/\/greenowacja.pl\/wp-content\/uploads\/2024\/01\/dla-kochanych-dzisadkow-czerwona-betoniczka.jpg","datePublished":"2024-01-03T17:32:43+00:00","dateModified":"2026-01-10T11:36:55+00:00","description":"Betoniczka z mchem reniferowym to \u015bwietna propozycja na prezent na dzie\u0144 dziadka i babci. Wi\u0119cej pomys\u0142\u00f3w znajdziesz w sklepie Greenowacja.pl","breadcrumb":{"@id":"https:\/\/greenowacja.pl\/produkt\/betoniczka-z-mchem-dla-kochanych-dziadkow-czerwona-wstazka\/#breadcrumb"},"inLanguage":"pl-PL","potentialAction":[{"@type":"ReadAction","target":["https:\/\/greenowacja.pl\/produkt\/betoniczka-z-mchem-dla-kochanych-dziadkow-czerwona-wstazka\/"]}]},{"@type":"ImageObject","inLanguage":"pl-PL","@id":"https:\/\/greenowacja.pl\/produkt\/betoniczka-z-mchem-dla-kochanych-dziadkow-czerwona-wstazka\/#primaryimage","url":"https:\/\/greenowacja.pl\/wp-content\/uploads\/2024\/01\/dla-kochanych-dzisadkow-czerwona-betoniczka.jpg","contentUrl":"https:\/\/greenowacja.pl\/wp-content\/uploads\/2024\/01\/dla-kochanych-dzisadkow-czerwona-betoniczka.jpg","width":1000,"height":1000},{"@type":"BreadcrumbList","@id":"https:\/\/greenowacja.pl\/produkt\/betoniczka-z-mchem-dla-kochanych-dziadkow-czerwona-wstazka\/#breadcrumb","itemListElement":[{"@type":"ListItem","position":1,"name":"Strona g\u0142\u00f3wna","item":"https:\/\/greenowacja.pl\/"},{"@type":"ListItem","position":2,"name":"Sklep","item":"https:\/\/greenowacja.pl\/sklep-z-mchem-chrobotkiem\/"},{"@type":"ListItem","position":3,"name":"Betoniczka z mchem &#8211; dla kochanych dziadk\u00f3w &#8211; czerwona wst\u0105\u017cka"}]},{"@type":"WebSite","@id":"https:\/\/greenowacja.pl\/#website","url":"https:\/\/greenowacja.pl\/","name":"Ozdoby i prezenty z mchu | #u\u015bMECHnij si\u0119!","description":"","publisher":{"@id":"https:\/\/greenowacja.pl\/#organization"},"potentialAction":[{"@type":"SearchAction","target":{"@type":"EntryPoint","urlTemplate":"https:\/\/greenowacja.pl\/?s={search_term_string}"},"query-input":{"@type":"PropertyValueSpecification","valueRequired":true,"valueName":"search_term_string"}}],"inLanguage":"pl-PL"},{"@type":"Organization","@id":"https:\/\/greenowacja.pl\/#organization","name":"Ozdoby i prezenty z mchu | #u\u015bMECHnij si\u0119!","url":"https:\/\/greenowacja.pl\/","logo":{"@type":"ImageObject","inLanguage":"pl-PL","@id":"https:\/\/greenowacja.pl\/#\/schema\/logo\/image\/","url":"https:\/\/greenowacja.pl\/wp-content\/uploads\/2023\/08\/Logo-Greenowacja-wer-z-claimem-pozioma-2-kolory_Easy-Resize.com_.jpg","contentUrl":"https:\/\/greenowacja.pl\/wp-content\/uploads\/2023\/08\/Logo-Greenowacja-wer-z-claimem-pozioma-2-kolory_Easy-Resize.com_.jpg","width":1280,"height":426,"caption":"Ozdoby i prezenty z mchu | #u\u015bMECHnij si\u0119!"},"image":{"@id":"https:\/\/greenowacja.pl\/#\/schema\/logo\/image\/"},"sameAs":["https:\/\/www.facebook.com\/Greenowacja","https:\/\/www.instagram.com\/greenowacja\/"]}]}},"_links":{"self":[{"href":"https:\/\/greenowacja.pl\/wp-json\/wp\/v2\/product\/4393","targetHints":{"allow":["GET"]}}],"collection":[{"href":"https:\/\/greenowacja.pl\/wp-json\/wp\/v2\/product"}],"about":[{"href":"https:\/\/greenowacja.pl\/wp-json\/wp\/v2\/types\/product"}],"wp:featuredmedia":[{"embeddable":true,"href":"https:\/\/greenowacja.pl\/wp-json\/wp\/v2\/media\/4394"}],"wp:attachment":[{"href":"https:\/\/greenowacja.pl\/wp-json\/wp\/v2\/media?parent=4393"}],"wp:term":[{"taxonomy":"product_brand","embeddable":true,"href":"https:\/\/greenowacja.pl\/wp-json\/wp\/v2\/product_brand?post=4393"},{"taxonomy":"product_cat","embeddable":true,"href":"https:\/\/greenowacja.pl\/wp-json\/wp\/v2\/product_cat?post=4393"},{"taxonomy":"product_tag","embeddable":true,"href":"https:\/\/greenowacja.pl\/wp-json\/wp\/v2\/product_tag?post=4393"}],"curies":[{"name":"wp","href":"https:\/\/api.w.org\/{rel}","templated":true}]}}