{"id":4564,"date":"2024-01-19T14:19:41","date_gmt":"2024-01-19T13:19:41","guid":{"rendered":"https:\/\/greenowacja.pl\/?post_type=product&#038;p=4564"},"modified":"2026-02-13T15:29:43","modified_gmt":"2026-02-13T14:29:43","slug":"ramka-z-mchem","status":"publish","type":"product","link":"https:\/\/greenowacja.pl\/produkt\/ramka-z-mchem\/","title":{"rendered":"Ramka box z mchem"},"content":{"rendered":"<div class=\"flex flex-grow flex-col max-w-full\">\n<div class=\"min-h-[20px] text-message flex flex-col items-start gap-3 whitespace-pre-wrap break-words [.text-message+&amp;]:mt-5 overflow-x-auto\" data-message-author-role=\"assistant\" data-message-id=\"14146170-5df4-42d5-9644-02a68155d73d\">\n<div class=\"markdown prose w-full break-words dark:prose-invert light\">\n<h2>Ramka box z mchem<\/h2>\n<p>Oryginalna ramka z centralnie umieszczonym mchem to wyj\u0105tkowy element dekoracyjny, kt\u00f3ry doskonale wprowadzi atmosfer\u0119 natury do ka\u017cdego wn\u0119trza. Ramka box z mchem to nie tylko estetyczna ozdoba, ale tak\u017ce funkcjonalny element wystroju, kt\u00f3ry mo\u017cna umie\u015bci\u0107 na biurku, stole, czy komodzie, a tak\u017ce zawiesi\u0107 na \u015bcianie. Dost\u0119pna w eleganckim br\u0105zowym kolorze.<\/p>\n<p>Ramka z mchem to nie tylko estetyczny dodatek, ale r\u00f3wnie\u017c praktyczny przedmiot. Dzi\u0119ki n\u00f3\u017cce i passe-partout, ramka zyskuje elegancki wygl\u0105d, a jednocze\u015bnie mo\u017ce by\u0107 \u0142atwo postawiona w dowolnym miejscu. To niezwyk\u0142y element wystroju wn\u0119trza, kt\u00f3ry przyci\u0105ga uwag\u0119 i dodaje mu wyj\u0105tkowego charakteru.<\/p>\n<p>Ramka z mchem sprawdzi si\u0119 doskonale, je\u015bli:<\/p>\n<ul>\n<li>poszukujesz oryginalnego elementu dekoracyjnego,<\/li>\n<li>planujesz podarowa\u0107 co\u015b wyj\u0105tkowego jako prezent.<\/li>\n<\/ul>\n<p>Dane techniczne:<\/p>\n<ul>\n<li>szeroko\u015b\u0107: 25 cm,<\/li>\n<li>wysoko\u015b\u0107: 25 cm,<\/li>\n<li>ramka z passe-partout, z centralnym motywem mchu reniferowego na podk\u0142adzie jutowym,<\/li>\n<li>kolor ramki: br\u0105zowy.<\/li>\n<\/ul>\n<p>Do ka\u017cdej ramki do\u0142\u0105czamy instrukcj\u0119 z informacjami dotycz\u0105cymi piel\u0119gnacji mchu reniferowego.<\/p>\n<\/div>\n<\/div>\n<\/div>\n","protected":false},"excerpt":{"rendered":"<div class=\"flex flex-grow flex-col max-w-full\">\n<div class=\"min-h-[20px] text-message flex flex-col items-start gap-3 whitespace-pre-wrap break-words [.text-message+&amp;]:mt-5 overflow-x-auto\" data-message-author-role=\"assistant\" data-message-id=\"f3358aab-29b9-45b4-b912-e15aff344d58\">\n<div class=\"markdown prose w-full break-words dark:prose-invert light\">\n<p>Elegancka br\u0105zowa ramka z mchu chrobotka, idealna do ozdobienia wn\u0119trza. Wyj\u0105tkowy prezent dla mi\u0142o\u015bnik\u00f3w delikatnej estetyki i naturalnego pi\u0119kna.<\/p>\n<\/div>\n<\/div>\n<\/div>\n","protected":false},"featured_media":4567,"template":"","meta":{"site-sidebar-layout":"default","site-content-layout":"","ast-site-content-layout":"default","site-content-style":"default","site-sidebar-style":"default","ast-global-header-display":"","ast-banner-title-visibility":"","ast-main-header-display":"","ast-hfb-above-header-display":"","ast-hfb-below-header-display":"","ast-hfb-mobile-header-display":"","site-post-title":"","ast-breadcrumbs-content":"","ast-featured-img":"","footer-sml-layout":"","theme-transparent-header-meta":"default","adv-header-id-meta":"","stick-header-meta":"","header-above-stick-meta":"","header-main-stick-meta":"","header-below-stick-meta":"","astra-migrate-meta-layouts":"set","ast-page-background-enabled":"default","ast-page-background-meta":{"desktop":{"background-color":"","background-image":"","background-repeat":"repeat","background-position":"center center","background-size":"auto","background-attachment":"scroll","background-type":"","background-media":"","overlay-type":"","overlay-color":"","overlay-opacity":"","overlay-gradient":""},"tablet":{"background-color":"","background-image":"","background-repeat":"repeat","background-position":"center center","background-size":"auto","background-attachment":"scroll","background-type":"","background-media":"","overlay-type":"","overlay-color":"","overlay-opacity":"","overlay-gradient":""},"mobile":{"background-color":"","background-image":"","background-repeat":"repeat","background-position":"center center","background-size":"auto","background-attachment":"scroll","background-type":"","background-media":"","overlay-type":"","overlay-color":"","overlay-opacity":"","overlay-gradient":""}},"ast-content-background-meta":{"desktop":{"background-color":"var(--ast-global-color-5)","background-image":"","background-repeat":"repeat","background-position":"center center","background-size":"auto","background-attachment":"scroll","background-type":"","background-media":"","overlay-type":"","overlay-color":"","overlay-opacity":"","overlay-gradient":""},"tablet":{"background-color":"var(--ast-global-color-5)","background-image":"","background-repeat":"repeat","background-position":"center center","background-size":"auto","background-attachment":"scroll","background-type":"","background-media":"","overlay-type":"","overlay-color":"","overlay-opacity":"","overlay-gradient":""},"mobile":{"background-color":"var(--ast-global-color-5)","background-image":"","background-repeat":"repeat","background-position":"center center","background-size":"auto","background-attachment":"scroll","background-type":"","background-media":"","overlay-type":"","overlay-color":"","overlay-opacity":"","overlay-gradient":""}}},"product_brand":[],"product_cat":[47,51,123],"product_tag":[],"class_list":{"0":"post-4564","1":"product","2":"type-product","3":"status-publish","4":"has-post-thumbnail","6":"product_cat-obrazy-rozne","7":"product_cat-ozdoby-stojace-z-mchem","8":"product_cat-ramki-z-mchem","9":"desktop-align-left","10":"tablet-align-left","11":"mobile-align-left","13":"first","14":"instock","15":"taxable","16":"shipping-taxable","17":"purchasable","18":"product-type-simple"},"yoast_head":"<!-- This site is optimized with the Yoast SEO plugin v27.4 - https:\/\/yoast.com\/product\/yoast-seo-wordpress\/ -->\n<title>ramka z mchem<\/title>\n<meta name=\"description\" content=\"Ramka box z mchem to estetyczna ozdoba i funkcjonalny element wystroju, kt\u00f3ry mo\u017cna umie\u015bci\u0107 na biurku, stole, czy komodzie, a tak\u017ce zawiesi\u0107 na \u015bcianie.\" \/>\n<meta name=\"robots\" content=\"index, follow, max-snippet:-1, max-image-preview:large, max-video-preview:-1\" \/>\n<link rel=\"canonical\" href=\"https:\/\/greenowacja.pl\/produkt\/ramka-z-mchem\/\" \/>\n<meta property=\"og:locale\" content=\"pl_PL\" \/>\n<meta property=\"og:type\" content=\"article\" \/>\n<meta property=\"og:title\" content=\"ramka z mchem\" \/>\n<meta property=\"og:description\" content=\"Ramka box z mchem to estetyczna ozdoba i funkcjonalny element wystroju, kt\u00f3ry mo\u017cna umie\u015bci\u0107 na biurku, stole, czy komodzie, a tak\u017ce zawiesi\u0107 na \u015bcianie.\" \/>\n<meta property=\"og:url\" content=\"https:\/\/greenowacja.pl\/produkt\/ramka-z-mchem\/\" \/>\n<meta property=\"og:site_name\" content=\"Ozdoby i prezenty z mchu | #u\u015bMECHnij si\u0119!\" \/>\n<meta property=\"article:publisher\" content=\"https:\/\/www.facebook.com\/Greenowacja\" \/>\n<meta property=\"article:modified_time\" content=\"2026-02-13T14:29:43+00:00\" \/>\n<meta property=\"og:image\" content=\"https:\/\/greenowacja.pl\/wp-content\/uploads\/2024\/01\/IMG20240119121552-e1720777192560.jpg\" \/>\n\t<meta property=\"og:image:width\" content=\"838\" \/>\n\t<meta property=\"og:image:height\" content=\"798\" \/>\n\t<meta property=\"og:image:type\" content=\"image\/jpeg\" \/>\n<meta name=\"twitter:card\" content=\"summary_large_image\" \/>\n<meta name=\"twitter:label1\" content=\"Szacowany czas czytania\" \/>\n\t<meta name=\"twitter:data1\" content=\"1 minuta\" \/>\n<script type=\"application\/ld+json\" class=\"yoast-schema-graph\">{\"@context\":\"https:\\\/\\\/schema.org\",\"@graph\":[{\"@type\":\"WebPage\",\"@id\":\"https:\\\/\\\/greenowacja.pl\\\/produkt\\\/ramka-z-mchem\\\/\",\"url\":\"https:\\\/\\\/greenowacja.pl\\\/produkt\\\/ramka-z-mchem\\\/\",\"name\":\"ramka z mchem\",\"isPartOf\":{\"@id\":\"https:\\\/\\\/greenowacja.pl\\\/#website\"},\"primaryImageOfPage\":{\"@id\":\"https:\\\/\\\/greenowacja.pl\\\/produkt\\\/ramka-z-mchem\\\/#primaryimage\"},\"image\":{\"@id\":\"https:\\\/\\\/greenowacja.pl\\\/produkt\\\/ramka-z-mchem\\\/#primaryimage\"},\"thumbnailUrl\":\"https:\\\/\\\/greenowacja.pl\\\/wp-content\\\/uploads\\\/2024\\\/01\\\/IMG20240119121552-e1720777192560.jpg\",\"datePublished\":\"2024-01-19T13:19:41+00:00\",\"dateModified\":\"2026-02-13T14:29:43+00:00\",\"description\":\"Ramka box z mchem to estetyczna ozdoba i funkcjonalny element wystroju, kt\u00f3ry mo\u017cna umie\u015bci\u0107 na biurku, stole, czy komodzie, a tak\u017ce zawiesi\u0107 na \u015bcianie.\",\"breadcrumb\":{\"@id\":\"https:\\\/\\\/greenowacja.pl\\\/produkt\\\/ramka-z-mchem\\\/#breadcrumb\"},\"inLanguage\":\"pl-PL\",\"potentialAction\":[{\"@type\":\"ReadAction\",\"target\":[\"https:\\\/\\\/greenowacja.pl\\\/produkt\\\/ramka-z-mchem\\\/\"]}]},{\"@type\":\"ImageObject\",\"inLanguage\":\"pl-PL\",\"@id\":\"https:\\\/\\\/greenowacja.pl\\\/produkt\\\/ramka-z-mchem\\\/#primaryimage\",\"url\":\"https:\\\/\\\/greenowacja.pl\\\/wp-content\\\/uploads\\\/2024\\\/01\\\/IMG20240119121552-e1720777192560.jpg\",\"contentUrl\":\"https:\\\/\\\/greenowacja.pl\\\/wp-content\\\/uploads\\\/2024\\\/01\\\/IMG20240119121552-e1720777192560.jpg\",\"width\":838,\"height\":798},{\"@type\":\"BreadcrumbList\",\"@id\":\"https:\\\/\\\/greenowacja.pl\\\/produkt\\\/ramka-z-mchem\\\/#breadcrumb\",\"itemListElement\":[{\"@type\":\"ListItem\",\"position\":1,\"name\":\"Strona g\u0142\u00f3wna\",\"item\":\"https:\\\/\\\/greenowacja.pl\\\/\"},{\"@type\":\"ListItem\",\"position\":2,\"name\":\"Sklep\",\"item\":\"https:\\\/\\\/greenowacja.pl\\\/sklep-z-mchem-chrobotkiem\\\/\"},{\"@type\":\"ListItem\",\"position\":3,\"name\":\"Ramka box z mchem\"}]},{\"@type\":\"WebSite\",\"@id\":\"https:\\\/\\\/greenowacja.pl\\\/#website\",\"url\":\"https:\\\/\\\/greenowacja.pl\\\/\",\"name\":\"Ozdoby i prezenty z mchu | #u\u015bMECHnij si\u0119!\",\"description\":\"\",\"publisher\":{\"@id\":\"https:\\\/\\\/greenowacja.pl\\\/#organization\"},\"potentialAction\":[{\"@type\":\"SearchAction\",\"target\":{\"@type\":\"EntryPoint\",\"urlTemplate\":\"https:\\\/\\\/greenowacja.pl\\\/?s={search_term_string}\"},\"query-input\":{\"@type\":\"PropertyValueSpecification\",\"valueRequired\":true,\"valueName\":\"search_term_string\"}}],\"inLanguage\":\"pl-PL\"},{\"@type\":\"Organization\",\"@id\":\"https:\\\/\\\/greenowacja.pl\\\/#organization\",\"name\":\"Ozdoby i prezenty z mchu | #u\u015bMECHnij si\u0119!\",\"url\":\"https:\\\/\\\/greenowacja.pl\\\/\",\"logo\":{\"@type\":\"ImageObject\",\"inLanguage\":\"pl-PL\",\"@id\":\"https:\\\/\\\/greenowacja.pl\\\/#\\\/schema\\\/logo\\\/image\\\/\",\"url\":\"https:\\\/\\\/greenowacja.pl\\\/wp-content\\\/uploads\\\/2023\\\/08\\\/Logo-Greenowacja-wer-z-claimem-pozioma-2-kolory_Easy-Resize.com_.jpg\",\"contentUrl\":\"https:\\\/\\\/greenowacja.pl\\\/wp-content\\\/uploads\\\/2023\\\/08\\\/Logo-Greenowacja-wer-z-claimem-pozioma-2-kolory_Easy-Resize.com_.jpg\",\"width\":1280,\"height\":426,\"caption\":\"Ozdoby i prezenty z mchu | #u\u015bMECHnij si\u0119!\"},\"image\":{\"@id\":\"https:\\\/\\\/greenowacja.pl\\\/#\\\/schema\\\/logo\\\/image\\\/\"},\"sameAs\":[\"https:\\\/\\\/www.facebook.com\\\/Greenowacja\",\"https:\\\/\\\/www.instagram.com\\\/greenowacja\\\/\"]}]}<\/script>\n<!-- \/ Yoast SEO plugin. -->","yoast_head_json":{"title":"ramka z mchem","description":"Ramka box z mchem to estetyczna ozdoba i funkcjonalny element wystroju, kt\u00f3ry mo\u017cna umie\u015bci\u0107 na biurku, stole, czy komodzie, a tak\u017ce zawiesi\u0107 na \u015bcianie.","robots":{"index":"index","follow":"follow","max-snippet":"max-snippet:-1","max-image-preview":"max-image-preview:large","max-video-preview":"max-video-preview:-1"},"canonical":"https:\/\/greenowacja.pl\/produkt\/ramka-z-mchem\/","og_locale":"pl_PL","og_type":"article","og_title":"ramka z mchem","og_description":"Ramka box z mchem to estetyczna ozdoba i funkcjonalny element wystroju, kt\u00f3ry mo\u017cna umie\u015bci\u0107 na biurku, stole, czy komodzie, a tak\u017ce zawiesi\u0107 na \u015bcianie.","og_url":"https:\/\/greenowacja.pl\/produkt\/ramka-z-mchem\/","og_site_name":"Ozdoby i prezenty z mchu | #u\u015bMECHnij si\u0119!","article_publisher":"https:\/\/www.facebook.com\/Greenowacja","article_modified_time":"2026-02-13T14:29:43+00:00","og_image":[{"width":838,"height":798,"url":"https:\/\/greenowacja.pl\/wp-content\/uploads\/2024\/01\/IMG20240119121552-e1720777192560.jpg","type":"image\/jpeg"}],"twitter_card":"summary_large_image","twitter_misc":{"Szacowany czas czytania":"1 minuta"},"schema":{"@context":"https:\/\/schema.org","@graph":[{"@type":"WebPage","@id":"https:\/\/greenowacja.pl\/produkt\/ramka-z-mchem\/","url":"https:\/\/greenowacja.pl\/produkt\/ramka-z-mchem\/","name":"ramka z mchem","isPartOf":{"@id":"https:\/\/greenowacja.pl\/#website"},"primaryImageOfPage":{"@id":"https:\/\/greenowacja.pl\/produkt\/ramka-z-mchem\/#primaryimage"},"image":{"@id":"https:\/\/greenowacja.pl\/produkt\/ramka-z-mchem\/#primaryimage"},"thumbnailUrl":"https:\/\/greenowacja.pl\/wp-content\/uploads\/2024\/01\/IMG20240119121552-e1720777192560.jpg","datePublished":"2024-01-19T13:19:41+00:00","dateModified":"2026-02-13T14:29:43+00:00","description":"Ramka box z mchem to estetyczna ozdoba i funkcjonalny element wystroju, kt\u00f3ry mo\u017cna umie\u015bci\u0107 na biurku, stole, czy komodzie, a tak\u017ce zawiesi\u0107 na \u015bcianie.","breadcrumb":{"@id":"https:\/\/greenowacja.pl\/produkt\/ramka-z-mchem\/#breadcrumb"},"inLanguage":"pl-PL","potentialAction":[{"@type":"ReadAction","target":["https:\/\/greenowacja.pl\/produkt\/ramka-z-mchem\/"]}]},{"@type":"ImageObject","inLanguage":"pl-PL","@id":"https:\/\/greenowacja.pl\/produkt\/ramka-z-mchem\/#primaryimage","url":"https:\/\/greenowacja.pl\/wp-content\/uploads\/2024\/01\/IMG20240119121552-e1720777192560.jpg","contentUrl":"https:\/\/greenowacja.pl\/wp-content\/uploads\/2024\/01\/IMG20240119121552-e1720777192560.jpg","width":838,"height":798},{"@type":"BreadcrumbList","@id":"https:\/\/greenowacja.pl\/produkt\/ramka-z-mchem\/#breadcrumb","itemListElement":[{"@type":"ListItem","position":1,"name":"Strona g\u0142\u00f3wna","item":"https:\/\/greenowacja.pl\/"},{"@type":"ListItem","position":2,"name":"Sklep","item":"https:\/\/greenowacja.pl\/sklep-z-mchem-chrobotkiem\/"},{"@type":"ListItem","position":3,"name":"Ramka box z mchem"}]},{"@type":"WebSite","@id":"https:\/\/greenowacja.pl\/#website","url":"https:\/\/greenowacja.pl\/","name":"Ozdoby i prezenty z mchu | #u\u015bMECHnij si\u0119!","description":"","publisher":{"@id":"https:\/\/greenowacja.pl\/#organization"},"potentialAction":[{"@type":"SearchAction","target":{"@type":"EntryPoint","urlTemplate":"https:\/\/greenowacja.pl\/?s={search_term_string}"},"query-input":{"@type":"PropertyValueSpecification","valueRequired":true,"valueName":"search_term_string"}}],"inLanguage":"pl-PL"},{"@type":"Organization","@id":"https:\/\/greenowacja.pl\/#organization","name":"Ozdoby i prezenty z mchu | #u\u015bMECHnij si\u0119!","url":"https:\/\/greenowacja.pl\/","logo":{"@type":"ImageObject","inLanguage":"pl-PL","@id":"https:\/\/greenowacja.pl\/#\/schema\/logo\/image\/","url":"https:\/\/greenowacja.pl\/wp-content\/uploads\/2023\/08\/Logo-Greenowacja-wer-z-claimem-pozioma-2-kolory_Easy-Resize.com_.jpg","contentUrl":"https:\/\/greenowacja.pl\/wp-content\/uploads\/2023\/08\/Logo-Greenowacja-wer-z-claimem-pozioma-2-kolory_Easy-Resize.com_.jpg","width":1280,"height":426,"caption":"Ozdoby i prezenty z mchu | #u\u015bMECHnij si\u0119!"},"image":{"@id":"https:\/\/greenowacja.pl\/#\/schema\/logo\/image\/"},"sameAs":["https:\/\/www.facebook.com\/Greenowacja","https:\/\/www.instagram.com\/greenowacja\/"]}]}},"_links":{"self":[{"href":"https:\/\/greenowacja.pl\/wp-json\/wp\/v2\/product\/4564","targetHints":{"allow":["GET"]}}],"collection":[{"href":"https:\/\/greenowacja.pl\/wp-json\/wp\/v2\/product"}],"about":[{"href":"https:\/\/greenowacja.pl\/wp-json\/wp\/v2\/types\/product"}],"wp:featuredmedia":[{"embeddable":true,"href":"https:\/\/greenowacja.pl\/wp-json\/wp\/v2\/media\/4567"}],"wp:attachment":[{"href":"https:\/\/greenowacja.pl\/wp-json\/wp\/v2\/media?parent=4564"}],"wp:term":[{"taxonomy":"product_brand","embeddable":true,"href":"https:\/\/greenowacja.pl\/wp-json\/wp\/v2\/product_brand?post=4564"},{"taxonomy":"product_cat","embeddable":true,"href":"https:\/\/greenowacja.pl\/wp-json\/wp\/v2\/product_cat?post=4564"},{"taxonomy":"product_tag","embeddable":true,"href":"https:\/\/greenowacja.pl\/wp-json\/wp\/v2\/product_tag?post=4564"}],"curies":[{"name":"wp","href":"https:\/\/api.w.org\/{rel}","templated":true}]}}