{"id":4630,"date":"2024-01-29T16:45:00","date_gmt":"2024-01-29T15:45:00","guid":{"rendered":"https:\/\/greenowacja.pl\/?post_type=product&#038;p=4630"},"modified":"2026-04-25T11:04:01","modified_gmt":"2026-04-25T09:04:01","slug":"obraz-z-chrobotka-serce-29cm","status":"publish","type":"product","link":"https:\/\/greenowacja.pl\/produkt\/obraz-z-chrobotka-serce-29cm\/","title":{"rendered":"Serce z mchu, prezent na \u015blub lub rocznic\u0119 &#8211; 29cm"},"content":{"rendered":"<h2>Obraz z chrobotka, prezent na \u015blub lub rocznic\u0119 &#8211; Serce<\/h2>\n<p><strong>Napisy do wyboru \u201cKocham Ci\u0119\u201d, \u201cJeste\u015b wyj\u0105tkowa\u201d lub \u201cJeste\u015b wyj\u0105tkowy\u201d, &#8222;Gratulacje&#8221;, &#8222;Dzi\u0119kujemy&#8221;, &#8222;M\u0142odej Parze&#8221;, &#8222;Du\u017co mi\u0142o\u015bci&#8221;. Prosimy o informacj\u0119 w zam\u00f3wieniu.<\/strong><\/p>\n<p>Obraz w kszta\u0142cie serce to \u015bwietna propozycja dla os\u00f3b, kt\u00f3re szukaj\u0105 ciekawego prezentu dla ukochanej osoby. Nasze obrazy zdobione chrobotkiem reniferowym s\u0105 naturalne i z pewno\u015bci\u0105 zrobi\u0105 wra\u017cenie na obdarowanych.<\/p>\n<p>Chcesz zrobi\u0107 komu\u015b\u00a0 nietypowy\u00a0 prezent? Zaskoczy\u0107 czym\u015b oryginalnym?\u00a0 Masz wra\u017cenie, \u017ce osoba kt\u00f3rej chcesz zrobi\u0107 niespodziank\u0119 ju\u017c wszystko w domu ma? Postaw na co\u015b\u00a0 nietypowego.<\/p>\n<p>Chrobotek reniferowy, umieszczony na obrazie, poddany zosta\u0142 procesowi stabilizacji, dzi\u0119ki kt\u00f3remu b\u0119dzie zachwycaj\u0105cy przez d\u0142ugie lata.<\/p>\n<p><strong>Obrazy z chrobotkiem sprawdz\u0105 si\u0119 \u015bwietnie je\u015bli:<\/strong><\/p>\n<ul>\n<li>szukasz ciekawego dodatku do wn\u0119trz<\/li>\n<li>szukasz oryginalnego prezentu<\/li>\n<li>zapominasz podlewa\u0107 ro\u015bliny, chrobotka nie musisz<\/li>\n<\/ul>\n<p>&nbsp;<\/p>\n<p><strong>Specyfikacja techniczna:<\/strong><\/p>\n<ul>\n<li>materia\u0142 podk\u0142adu: p\u0142yta hdf<\/li>\n<li>wysoko\u015b\u0107: 29cm<\/li>\n<li>szeroko\u015b\u0107: 35cm<\/li>\n<\/ul>\n<p><strong>Kolory mchu:<\/strong><\/p>\n<ul>\n<li>jasnozielony<\/li>\n<\/ul>\n<p>Przyst\u0119pujemy do tworzenia ozd\u00f3b po ich zam\u00f3wieniu online, czas realizacji zam\u00f3wienia trwa 3 dni robocze.<\/p>\n<p>Je\u017celi zale\u017cy Pa\u0144stwu na szybszej wysy\u0142ce, prosimy o kontakt telefoniczny.<\/p>\n","protected":false},"excerpt":{"rendered":"<p>Obraz serce to \u015bwietna propozycja dla os\u00f3b, kt\u00f3re szukaj\u0105 ciekawego prezentu na \u015blub lub rocznic\u0119. Nasze obrazy ozdobione chrobotkiem reniferowym s\u0105 oryginalne i z pewno\u015bci\u0105 zrobi\u0105 wra\u017cenie na obdarowanej osobie. <strong>Napisy do wyboru \u201cKocham Ci\u0119\u201d, \u201cJeste\u015b wyj\u0105tkowa\u201d lub \u201cJeste\u015b wyj\u0105tkowy\u201d, &#8222;Gratulacje&#8221;, &#8222;Dzi\u0119kujemy&#8221;, &#8222;M\u0142odej Parze&#8221;, &#8222;Du\u017co mi\u0142o\u015bci&#8221;. Prosimy o informacj\u0119 w zam\u00f3wieniu.<\/strong><\/p>\n","protected":false},"featured_media":7864,"template":"","meta":{"site-sidebar-layout":"default","site-content-layout":"default","ast-site-content-layout":"default","site-content-style":"default","site-sidebar-style":"default","ast-global-header-display":"","ast-banner-title-visibility":"","ast-main-header-display":"","ast-hfb-above-header-display":"","ast-hfb-below-header-display":"","ast-hfb-mobile-header-display":"","site-post-title":"","ast-breadcrumbs-content":"","ast-featured-img":"","footer-sml-layout":"","theme-transparent-header-meta":"default","adv-header-id-meta":"","stick-header-meta":"","header-above-stick-meta":"","header-main-stick-meta":"","header-below-stick-meta":"","astra-migrate-meta-layouts":"set","ast-page-background-enabled":"default","ast-page-background-meta":{"desktop":{"background-color":"","background-image":"","background-repeat":"repeat","background-position":"center center","background-size":"auto","background-attachment":"scroll","background-type":"","background-media":"","overlay-type":"","overlay-color":"","overlay-opacity":"","overlay-gradient":""},"tablet":{"background-color":"","background-image":"","background-repeat":"repeat","background-position":"center center","background-size":"auto","background-attachment":"scroll","background-type":"","background-media":"","overlay-type":"","overlay-color":"","overlay-opacity":"","overlay-gradient":""},"mobile":{"background-color":"","background-image":"","background-repeat":"repeat","background-position":"center center","background-size":"auto","background-attachment":"scroll","background-type":"","background-media":"","overlay-type":"","overlay-color":"","overlay-opacity":"","overlay-gradient":""}},"ast-content-background-meta":{"desktop":{"background-color":"var(--ast-global-color-5)","background-image":"","background-repeat":"repeat","background-position":"center center","background-size":"auto","background-attachment":"scroll","background-type":"","background-media":"","overlay-type":"","overlay-color":"","overlay-opacity":"","overlay-gradient":""},"tablet":{"background-color":"var(--ast-global-color-5)","background-image":"","background-repeat":"repeat","background-position":"center center","background-size":"auto","background-attachment":"scroll","background-type":"","background-media":"","overlay-type":"","overlay-color":"","overlay-opacity":"","overlay-gradient":""},"mobile":{"background-color":"var(--ast-global-color-5)","background-image":"","background-repeat":"repeat","background-position":"center center","background-size":"auto","background-attachment":"scroll","background-type":"","background-media":"","overlay-type":"","overlay-color":"","overlay-opacity":"","overlay-gradient":""}}},"product_brand":[],"product_cat":[15],"product_tag":[49],"class_list":{"0":"post-4630","1":"product","2":"type-product","3":"status-publish","4":"has-post-thumbnail","6":"product_cat-bez-kategorii","7":"product_tag-serce","8":"desktop-align-left","9":"tablet-align-left","10":"mobile-align-left","12":"first","13":"instock","14":"taxable","15":"shipping-taxable","16":"purchasable","17":"product-type-simple"},"yoast_head":"<!-- This site is optimized with the Yoast SEO plugin v27.4 - https:\/\/yoast.com\/product\/yoast-seo-wordpress\/ -->\n<title>Serce z mchu, prezent na \u015blub lub rocznic\u0119 - 29cm - Ozdoby i prezenty z mchu | #u\u015bMECHnij si\u0119!<\/title>\n<meta name=\"description\" content=\"Obrazy z chrobotkiem to \u015bwietna propozycja dla os\u00f3b kt\u00f3re szukaj\u0105 ciekawego prezentu na \u015blub lub rocznic\u0119. Jest to ciekawa propozycja dla zakochanych.\" \/>\n<meta name=\"robots\" content=\"index, follow, max-snippet:-1, max-image-preview:large, max-video-preview:-1\" \/>\n<link rel=\"canonical\" href=\"https:\/\/greenowacja.pl\/produkt\/obraz-z-chrobotka-serce-29cm\/\" \/>\n<meta property=\"og:locale\" content=\"pl_PL\" \/>\n<meta property=\"og:type\" content=\"article\" \/>\n<meta property=\"og:title\" content=\"Serce z mchu, prezent na \u015blub lub rocznic\u0119 - 29cm - Ozdoby i prezenty z mchu | #u\u015bMECHnij si\u0119!\" \/>\n<meta property=\"og:description\" content=\"Obrazy z chrobotkiem to \u015bwietna propozycja dla os\u00f3b kt\u00f3re szukaj\u0105 ciekawego prezentu na \u015blub lub rocznic\u0119. Jest to ciekawa propozycja dla zakochanych.\" \/>\n<meta property=\"og:url\" content=\"https:\/\/greenowacja.pl\/produkt\/obraz-z-chrobotka-serce-29cm\/\" \/>\n<meta property=\"og:site_name\" content=\"Ozdoby i prezenty z mchu | #u\u015bMECHnij si\u0119!\" \/>\n<meta property=\"article:publisher\" content=\"https:\/\/www.facebook.com\/Greenowacja\" \/>\n<meta property=\"article:modified_time\" content=\"2026-04-25T09:04:01+00:00\" \/>\n<meta property=\"og:image\" content=\"https:\/\/greenowacja.pl\/wp-content\/uploads\/2024\/01\/zdjecia-allegro-33.jpg\" \/>\n\t<meta property=\"og:image:width\" content=\"2560\" \/>\n\t<meta property=\"og:image:height\" content=\"2560\" \/>\n\t<meta property=\"og:image:type\" content=\"image\/jpeg\" \/>\n<meta name=\"twitter:card\" content=\"summary_large_image\" \/>\n<meta name=\"twitter:label1\" content=\"Szacowany czas czytania\" \/>\n\t<meta name=\"twitter:data1\" content=\"2 minuty\" \/>\n<script type=\"application\/ld+json\" class=\"yoast-schema-graph\">{\"@context\":\"https:\\\/\\\/schema.org\",\"@graph\":[{\"@type\":\"WebPage\",\"@id\":\"https:\\\/\\\/greenowacja.pl\\\/produkt\\\/obraz-z-chrobotka-serce-29cm\\\/\",\"url\":\"https:\\\/\\\/greenowacja.pl\\\/produkt\\\/obraz-z-chrobotka-serce-29cm\\\/\",\"name\":\"Serce z mchu, prezent na \u015blub lub rocznic\u0119 - 29cm - Ozdoby i prezenty z mchu | #u\u015bMECHnij si\u0119!\",\"isPartOf\":{\"@id\":\"https:\\\/\\\/greenowacja.pl\\\/#website\"},\"primaryImageOfPage\":{\"@id\":\"https:\\\/\\\/greenowacja.pl\\\/produkt\\\/obraz-z-chrobotka-serce-29cm\\\/#primaryimage\"},\"image\":{\"@id\":\"https:\\\/\\\/greenowacja.pl\\\/produkt\\\/obraz-z-chrobotka-serce-29cm\\\/#primaryimage\"},\"thumbnailUrl\":\"https:\\\/\\\/greenowacja.pl\\\/wp-content\\\/uploads\\\/2024\\\/01\\\/zdjecia-allegro-33.jpg\",\"datePublished\":\"2024-01-29T15:45:00+00:00\",\"dateModified\":\"2026-04-25T09:04:01+00:00\",\"description\":\"Obrazy z chrobotkiem to \u015bwietna propozycja dla os\u00f3b kt\u00f3re szukaj\u0105 ciekawego prezentu na \u015blub lub rocznic\u0119. Jest to ciekawa propozycja dla zakochanych.\",\"breadcrumb\":{\"@id\":\"https:\\\/\\\/greenowacja.pl\\\/produkt\\\/obraz-z-chrobotka-serce-29cm\\\/#breadcrumb\"},\"inLanguage\":\"pl-PL\",\"potentialAction\":[{\"@type\":\"ReadAction\",\"target\":[\"https:\\\/\\\/greenowacja.pl\\\/produkt\\\/obraz-z-chrobotka-serce-29cm\\\/\"]}]},{\"@type\":\"ImageObject\",\"inLanguage\":\"pl-PL\",\"@id\":\"https:\\\/\\\/greenowacja.pl\\\/produkt\\\/obraz-z-chrobotka-serce-29cm\\\/#primaryimage\",\"url\":\"https:\\\/\\\/greenowacja.pl\\\/wp-content\\\/uploads\\\/2024\\\/01\\\/zdjecia-allegro-33.jpg\",\"contentUrl\":\"https:\\\/\\\/greenowacja.pl\\\/wp-content\\\/uploads\\\/2024\\\/01\\\/zdjecia-allegro-33.jpg\",\"width\":2560,\"height\":2560},{\"@type\":\"BreadcrumbList\",\"@id\":\"https:\\\/\\\/greenowacja.pl\\\/produkt\\\/obraz-z-chrobotka-serce-29cm\\\/#breadcrumb\",\"itemListElement\":[{\"@type\":\"ListItem\",\"position\":1,\"name\":\"Strona g\u0142\u00f3wna\",\"item\":\"https:\\\/\\\/greenowacja.pl\\\/\"},{\"@type\":\"ListItem\",\"position\":2,\"name\":\"Sklep\",\"item\":\"https:\\\/\\\/greenowacja.pl\\\/sklep-z-mchem-chrobotkiem\\\/\"},{\"@type\":\"ListItem\",\"position\":3,\"name\":\"Serce z mchu, prezent na \u015blub lub rocznic\u0119 &#8211; 29cm\"}]},{\"@type\":\"WebSite\",\"@id\":\"https:\\\/\\\/greenowacja.pl\\\/#website\",\"url\":\"https:\\\/\\\/greenowacja.pl\\\/\",\"name\":\"Ozdoby i prezenty z mchu | #u\u015bMECHnij si\u0119!\",\"description\":\"\",\"publisher\":{\"@id\":\"https:\\\/\\\/greenowacja.pl\\\/#organization\"},\"potentialAction\":[{\"@type\":\"SearchAction\",\"target\":{\"@type\":\"EntryPoint\",\"urlTemplate\":\"https:\\\/\\\/greenowacja.pl\\\/?s={search_term_string}\"},\"query-input\":{\"@type\":\"PropertyValueSpecification\",\"valueRequired\":true,\"valueName\":\"search_term_string\"}}],\"inLanguage\":\"pl-PL\"},{\"@type\":\"Organization\",\"@id\":\"https:\\\/\\\/greenowacja.pl\\\/#organization\",\"name\":\"Ozdoby i prezenty z mchu | #u\u015bMECHnij si\u0119!\",\"url\":\"https:\\\/\\\/greenowacja.pl\\\/\",\"logo\":{\"@type\":\"ImageObject\",\"inLanguage\":\"pl-PL\",\"@id\":\"https:\\\/\\\/greenowacja.pl\\\/#\\\/schema\\\/logo\\\/image\\\/\",\"url\":\"https:\\\/\\\/greenowacja.pl\\\/wp-content\\\/uploads\\\/2023\\\/08\\\/Logo-Greenowacja-wer-z-claimem-pozioma-2-kolory_Easy-Resize.com_.jpg\",\"contentUrl\":\"https:\\\/\\\/greenowacja.pl\\\/wp-content\\\/uploads\\\/2023\\\/08\\\/Logo-Greenowacja-wer-z-claimem-pozioma-2-kolory_Easy-Resize.com_.jpg\",\"width\":1280,\"height\":426,\"caption\":\"Ozdoby i prezenty z mchu | #u\u015bMECHnij si\u0119!\"},\"image\":{\"@id\":\"https:\\\/\\\/greenowacja.pl\\\/#\\\/schema\\\/logo\\\/image\\\/\"},\"sameAs\":[\"https:\\\/\\\/www.facebook.com\\\/Greenowacja\",\"https:\\\/\\\/www.instagram.com\\\/greenowacja\\\/\"]}]}<\/script>\n<!-- \/ Yoast SEO plugin. -->","yoast_head_json":{"title":"Serce z mchu, prezent na \u015blub lub rocznic\u0119 - 29cm - Ozdoby i prezenty z mchu | #u\u015bMECHnij si\u0119!","description":"Obrazy z chrobotkiem to \u015bwietna propozycja dla os\u00f3b kt\u00f3re szukaj\u0105 ciekawego prezentu na \u015blub lub rocznic\u0119. Jest to ciekawa propozycja dla zakochanych.","robots":{"index":"index","follow":"follow","max-snippet":"max-snippet:-1","max-image-preview":"max-image-preview:large","max-video-preview":"max-video-preview:-1"},"canonical":"https:\/\/greenowacja.pl\/produkt\/obraz-z-chrobotka-serce-29cm\/","og_locale":"pl_PL","og_type":"article","og_title":"Serce z mchu, prezent na \u015blub lub rocznic\u0119 - 29cm - Ozdoby i prezenty z mchu | #u\u015bMECHnij si\u0119!","og_description":"Obrazy z chrobotkiem to \u015bwietna propozycja dla os\u00f3b kt\u00f3re szukaj\u0105 ciekawego prezentu na \u015blub lub rocznic\u0119. Jest to ciekawa propozycja dla zakochanych.","og_url":"https:\/\/greenowacja.pl\/produkt\/obraz-z-chrobotka-serce-29cm\/","og_site_name":"Ozdoby i prezenty z mchu | #u\u015bMECHnij si\u0119!","article_publisher":"https:\/\/www.facebook.com\/Greenowacja","article_modified_time":"2026-04-25T09:04:01+00:00","og_image":[{"width":2560,"height":2560,"url":"https:\/\/greenowacja.pl\/wp-content\/uploads\/2024\/01\/zdjecia-allegro-33.jpg","type":"image\/jpeg"}],"twitter_card":"summary_large_image","twitter_misc":{"Szacowany czas czytania":"2 minuty"},"schema":{"@context":"https:\/\/schema.org","@graph":[{"@type":"WebPage","@id":"https:\/\/greenowacja.pl\/produkt\/obraz-z-chrobotka-serce-29cm\/","url":"https:\/\/greenowacja.pl\/produkt\/obraz-z-chrobotka-serce-29cm\/","name":"Serce z mchu, prezent na \u015blub lub rocznic\u0119 - 29cm - Ozdoby i prezenty z mchu | #u\u015bMECHnij si\u0119!","isPartOf":{"@id":"https:\/\/greenowacja.pl\/#website"},"primaryImageOfPage":{"@id":"https:\/\/greenowacja.pl\/produkt\/obraz-z-chrobotka-serce-29cm\/#primaryimage"},"image":{"@id":"https:\/\/greenowacja.pl\/produkt\/obraz-z-chrobotka-serce-29cm\/#primaryimage"},"thumbnailUrl":"https:\/\/greenowacja.pl\/wp-content\/uploads\/2024\/01\/zdjecia-allegro-33.jpg","datePublished":"2024-01-29T15:45:00+00:00","dateModified":"2026-04-25T09:04:01+00:00","description":"Obrazy z chrobotkiem to \u015bwietna propozycja dla os\u00f3b kt\u00f3re szukaj\u0105 ciekawego prezentu na \u015blub lub rocznic\u0119. Jest to ciekawa propozycja dla zakochanych.","breadcrumb":{"@id":"https:\/\/greenowacja.pl\/produkt\/obraz-z-chrobotka-serce-29cm\/#breadcrumb"},"inLanguage":"pl-PL","potentialAction":[{"@type":"ReadAction","target":["https:\/\/greenowacja.pl\/produkt\/obraz-z-chrobotka-serce-29cm\/"]}]},{"@type":"ImageObject","inLanguage":"pl-PL","@id":"https:\/\/greenowacja.pl\/produkt\/obraz-z-chrobotka-serce-29cm\/#primaryimage","url":"https:\/\/greenowacja.pl\/wp-content\/uploads\/2024\/01\/zdjecia-allegro-33.jpg","contentUrl":"https:\/\/greenowacja.pl\/wp-content\/uploads\/2024\/01\/zdjecia-allegro-33.jpg","width":2560,"height":2560},{"@type":"BreadcrumbList","@id":"https:\/\/greenowacja.pl\/produkt\/obraz-z-chrobotka-serce-29cm\/#breadcrumb","itemListElement":[{"@type":"ListItem","position":1,"name":"Strona g\u0142\u00f3wna","item":"https:\/\/greenowacja.pl\/"},{"@type":"ListItem","position":2,"name":"Sklep","item":"https:\/\/greenowacja.pl\/sklep-z-mchem-chrobotkiem\/"},{"@type":"ListItem","position":3,"name":"Serce z mchu, prezent na \u015blub lub rocznic\u0119 &#8211; 29cm"}]},{"@type":"WebSite","@id":"https:\/\/greenowacja.pl\/#website","url":"https:\/\/greenowacja.pl\/","name":"Ozdoby i prezenty z mchu | #u\u015bMECHnij si\u0119!","description":"","publisher":{"@id":"https:\/\/greenowacja.pl\/#organization"},"potentialAction":[{"@type":"SearchAction","target":{"@type":"EntryPoint","urlTemplate":"https:\/\/greenowacja.pl\/?s={search_term_string}"},"query-input":{"@type":"PropertyValueSpecification","valueRequired":true,"valueName":"search_term_string"}}],"inLanguage":"pl-PL"},{"@type":"Organization","@id":"https:\/\/greenowacja.pl\/#organization","name":"Ozdoby i prezenty z mchu | #u\u015bMECHnij si\u0119!","url":"https:\/\/greenowacja.pl\/","logo":{"@type":"ImageObject","inLanguage":"pl-PL","@id":"https:\/\/greenowacja.pl\/#\/schema\/logo\/image\/","url":"https:\/\/greenowacja.pl\/wp-content\/uploads\/2023\/08\/Logo-Greenowacja-wer-z-claimem-pozioma-2-kolory_Easy-Resize.com_.jpg","contentUrl":"https:\/\/greenowacja.pl\/wp-content\/uploads\/2023\/08\/Logo-Greenowacja-wer-z-claimem-pozioma-2-kolory_Easy-Resize.com_.jpg","width":1280,"height":426,"caption":"Ozdoby i prezenty z mchu | #u\u015bMECHnij si\u0119!"},"image":{"@id":"https:\/\/greenowacja.pl\/#\/schema\/logo\/image\/"},"sameAs":["https:\/\/www.facebook.com\/Greenowacja","https:\/\/www.instagram.com\/greenowacja\/"]}]}},"_links":{"self":[{"href":"https:\/\/greenowacja.pl\/wp-json\/wp\/v2\/product\/4630","targetHints":{"allow":["GET"]}}],"collection":[{"href":"https:\/\/greenowacja.pl\/wp-json\/wp\/v2\/product"}],"about":[{"href":"https:\/\/greenowacja.pl\/wp-json\/wp\/v2\/types\/product"}],"wp:featuredmedia":[{"embeddable":true,"href":"https:\/\/greenowacja.pl\/wp-json\/wp\/v2\/media\/7864"}],"wp:attachment":[{"href":"https:\/\/greenowacja.pl\/wp-json\/wp\/v2\/media?parent=4630"}],"wp:term":[{"taxonomy":"product_brand","embeddable":true,"href":"https:\/\/greenowacja.pl\/wp-json\/wp\/v2\/product_brand?post=4630"},{"taxonomy":"product_cat","embeddable":true,"href":"https:\/\/greenowacja.pl\/wp-json\/wp\/v2\/product_cat?post=4630"},{"taxonomy":"product_tag","embeddable":true,"href":"https:\/\/greenowacja.pl\/wp-json\/wp\/v2\/product_tag?post=4630"}],"curies":[{"name":"wp","href":"https:\/\/api.w.org\/{rel}","templated":true}]}}