{"id":4849,"date":"2024-02-06T23:13:59","date_gmt":"2024-02-06T22:13:59","guid":{"rendered":"https:\/\/greenowacja.pl\/?post_type=product&#038;p=4849"},"modified":"2026-02-21T12:15:34","modified_gmt":"2026-02-21T11:15:34","slug":"zajaczek-z-mchu-30cm","status":"publish","type":"product","link":"https:\/\/greenowacja.pl\/produkt\/zajaczek-z-mchu-30cm\/","title":{"rendered":"Zaj\u0105czek z mchu, 30cm"},"content":{"rendered":"<h3>Zaj\u0105czek z mchu, 30cm \u2013 figurka<\/h3>\n<p>Zaj\u0105czek ozdobiony mchem reniferowym to idealny pomys\u0142 na \u015bwi\u0105teczn\u0105 ozdob\u0119 lub prezent. Ta urocza figurka w kszta\u0142cie zaj\u0105czka z pewno\u015bci\u0105 przyci\u0105gnie uwag\u0119 wszystkich mi\u0142o\u015bnik\u00f3w nietypowych ozd\u00f3b.<\/p>\n<p><strong>\u00a0To idealny wyb\u00f3r, je\u015bli:<\/strong><\/p>\n<ul>\n<li>Szukasz ciekawego dodatku do swojego wn\u0119trza.<\/li>\n<li>Poszukujesz oryginalnego prezentu dla bliskiej osoby.<\/li>\n<li>Cz\u0119sto zapominasz podlewa\u0107 ro\u015bliny \u2013 z chrobotkiem reniferowym nie musisz si\u0119 tym martwi\u0107.<\/li>\n<\/ul>\n<p>Zaj\u0105czek ozdobiony mchem reniferowym to idealny pomys\u0142 na \u015bwi\u0105teczn\u0105 ozdob\u0119.<\/p>\n<p>Chcesz zrobi\u0107 nietypowy prezent? Zaskoczy\u0107 czym\u015b oryginalnym? Nie masz ju\u017c pomys\u0142\u00f3w na prezenty? Postaw na co\u015b oryginalnego.<\/p>\n<p><span class=\"x4k7w5x x1h91t0o x1h9r5lt xv2umb2 x1beo9mf xaigb6o x12ejxvf x3igimt xarpa2k xedcshv x1lytzrv x1t2pt76 x7ja8zs x1qrby5j x1jfb8zj\">Chrobotek reniferowym poddany zosta\u0142 procesowi stabilizacji, dzi\u0119ki kt\u00f3remu nie wymaga on piel\u0119gnacji i b\u0119dzie pi\u0119kny przez ok 8 lat.<\/span><\/p>\n<p><strong>Cechy:<\/strong><\/p>\n<ul>\n<li>Wysoko\u015b\u0107 zaj\u0105czka:\u00a0 30 cm<\/li>\n<li>Materia\u0142 podk\u0142adu: sklejka<\/li>\n<li>Jednostronnie pokryta \u201emchem\u201d<\/li>\n<\/ul>\n<p>Zaj\u0105czek ozdobiony mchem reniferowym to nie tylko wyj\u0105tkowa dekoracja \u015bwi\u0105teczna, ale tak\u017ce owoc naszej osobistej potrzeby nadania wn\u0119trzu wyj\u0105tkowego charakteru podczas \u015bwi\u0105t. Inspiracj\u0105 do stworzenia tej uroczej figurki by\u0142a ch\u0119\u0107 stworzenia oryginalnych ozd\u00f3b, kt\u00f3re wprowadz\u0105 do naszego domu niepowtarzalny klimat \u015bwi\u0105t Wielkanocnych.<\/p>\n","protected":false},"excerpt":{"rendered":"<div class=\"flex flex-grow flex-col max-w-full\">\n<div class=\"min-h-[20px] text-message flex flex-col items-start gap-3 whitespace-pre-wrap break-words [.text-message+&amp;]:mt-5 overflow-x-auto\" data-message-author-role=\"assistant\" data-message-id=\"b954180c-2afe-4543-9608-642f8af0a48a\">\n<div class=\"markdown prose w-full break-words dark:prose-invert light\">\n<p><strong>Zaj\u0105czek z Mchem Reniferowym, 30 cm \u2013 Figurka<\/strong><\/p>\n<p>R\u0119cznie wykonana figurka zaj\u0105czka to urokliwa ozdoba \u015bwi\u0105teczna, kt\u00f3ra doda magii Twojemu wn\u0119trzu. Ozdobiona stabilizowanym chrobotkiem reniferowym, nie tylko zachwyca wyj\u0105tkowym wygl\u0105dem, ale tak\u017ce nie wymaga specjalnej piel\u0119gnacji. Idealny prezent dla mi\u0142o\u015bnik\u00f3w oryginalnych dekoracji! \ud83d\udc30\u2728<\/p>\n<\/div>\n<\/div>\n<\/div>\n","protected":false},"featured_media":4850,"template":"","meta":{"site-sidebar-layout":"default","site-content-layout":"default","ast-site-content-layout":"default","site-content-style":"default","site-sidebar-style":"default","ast-global-header-display":"","ast-banner-title-visibility":"","ast-main-header-display":"","ast-hfb-above-header-display":"","ast-hfb-below-header-display":"","ast-hfb-mobile-header-display":"","site-post-title":"","ast-breadcrumbs-content":"","ast-featured-img":"","footer-sml-layout":"","theme-transparent-header-meta":"default","adv-header-id-meta":"","stick-header-meta":"","header-above-stick-meta":"","header-main-stick-meta":"","header-below-stick-meta":"","astra-migrate-meta-layouts":"set","ast-page-background-enabled":"default","ast-page-background-meta":{"desktop":{"background-color":"","background-image":"","background-repeat":"repeat","background-position":"center center","background-size":"auto","background-attachment":"scroll","background-type":"","background-media":"","overlay-type":"","overlay-color":"","overlay-opacity":"","overlay-gradient":""},"tablet":{"background-color":"","background-image":"","background-repeat":"repeat","background-position":"center center","background-size":"auto","background-attachment":"scroll","background-type":"","background-media":"","overlay-type":"","overlay-color":"","overlay-opacity":"","overlay-gradient":""},"mobile":{"background-color":"","background-image":"","background-repeat":"repeat","background-position":"center center","background-size":"auto","background-attachment":"scroll","background-type":"","background-media":"","overlay-type":"","overlay-color":"","overlay-opacity":"","overlay-gradient":""}},"ast-content-background-meta":{"desktop":{"background-color":"var(--ast-global-color-5)","background-image":"","background-repeat":"repeat","background-position":"center center","background-size":"auto","background-attachment":"scroll","background-type":"","background-media":"","overlay-type":"","overlay-color":"","overlay-opacity":"","overlay-gradient":""},"tablet":{"background-color":"var(--ast-global-color-5)","background-image":"","background-repeat":"repeat","background-position":"center center","background-size":"auto","background-attachment":"scroll","background-type":"","background-media":"","overlay-type":"","overlay-color":"","overlay-opacity":"","overlay-gradient":""},"mobile":{"background-color":"var(--ast-global-color-5)","background-image":"","background-repeat":"repeat","background-position":"center center","background-size":"auto","background-attachment":"scroll","background-type":"","background-media":"","overlay-type":"","overlay-color":"","overlay-opacity":"","overlay-gradient":""}}},"product_brand":[],"product_cat":[91],"product_tag":[],"class_list":{"0":"post-4849","1":"product","2":"type-product","3":"status-publish","4":"has-post-thumbnail","6":"product_cat-na-wielkanoc","7":"desktop-align-left","8":"tablet-align-left","9":"mobile-align-left","11":"first","12":"instock","13":"taxable","14":"shipping-taxable","15":"purchasable","16":"product-type-simple"},"yoast_head":"<!-- This site is optimized with the Yoast SEO plugin v27.4 - https:\/\/yoast.com\/product\/yoast-seo-wordpress\/ -->\n<title>zaj\u0105czek z mchu- 30cm, figurka na wielkanoc<\/title>\n<meta name=\"description\" content=\"Zaj\u0105czek z Mchem Reniferowym, 30 cm \u2013 Figurka. R\u0119cznie wykonana figurka zaj\u0105czka to urokliwa ozdoba \u015bwi\u0105teczna, kt\u00f3ra doda magii Twojemu wn\u0119trzu.\" \/>\n<meta name=\"robots\" content=\"index, follow, max-snippet:-1, max-image-preview:large, max-video-preview:-1\" \/>\n<link rel=\"canonical\" href=\"https:\/\/greenowacja.pl\/produkt\/zajaczek-z-mchu-30cm\/\" \/>\n<meta property=\"og:locale\" content=\"pl_PL\" \/>\n<meta property=\"og:type\" content=\"article\" \/>\n<meta property=\"og:title\" content=\"zaj\u0105czek z mchu- 30cm, figurka na wielkanoc\" \/>\n<meta property=\"og:description\" content=\"Zaj\u0105czek z Mchem Reniferowym, 30 cm \u2013 Figurka. R\u0119cznie wykonana figurka zaj\u0105czka to urokliwa ozdoba \u015bwi\u0105teczna, kt\u00f3ra doda magii Twojemu wn\u0119trzu.\" \/>\n<meta property=\"og:url\" content=\"https:\/\/greenowacja.pl\/produkt\/zajaczek-z-mchu-30cm\/\" \/>\n<meta property=\"og:site_name\" content=\"Ozdoby i prezenty z mchu | #u\u015bMECHnij si\u0119!\" \/>\n<meta property=\"article:publisher\" content=\"https:\/\/www.facebook.com\/Greenowacja\" \/>\n<meta property=\"article:modified_time\" content=\"2026-02-21T11:15:34+00:00\" \/>\n<meta property=\"og:image\" content=\"https:\/\/greenowacja.pl\/wp-content\/uploads\/2024\/02\/IMG_20240206_213048.jpg\" \/>\n\t<meta property=\"og:image:width\" content=\"1000\" \/>\n\t<meta property=\"og:image:height\" content=\"1000\" \/>\n\t<meta property=\"og:image:type\" content=\"image\/jpeg\" \/>\n<meta name=\"twitter:card\" content=\"summary_large_image\" \/>\n<meta name=\"twitter:label1\" content=\"Szacowany czas czytania\" \/>\n\t<meta name=\"twitter:data1\" content=\"2 minuty\" \/>\n<script type=\"application\/ld+json\" class=\"yoast-schema-graph\">{\"@context\":\"https:\\\/\\\/schema.org\",\"@graph\":[{\"@type\":\"WebPage\",\"@id\":\"https:\\\/\\\/greenowacja.pl\\\/produkt\\\/zajaczek-z-mchu-30cm\\\/\",\"url\":\"https:\\\/\\\/greenowacja.pl\\\/produkt\\\/zajaczek-z-mchu-30cm\\\/\",\"name\":\"zaj\u0105czek z mchu- 30cm, figurka na wielkanoc\",\"isPartOf\":{\"@id\":\"https:\\\/\\\/greenowacja.pl\\\/#website\"},\"primaryImageOfPage\":{\"@id\":\"https:\\\/\\\/greenowacja.pl\\\/produkt\\\/zajaczek-z-mchu-30cm\\\/#primaryimage\"},\"image\":{\"@id\":\"https:\\\/\\\/greenowacja.pl\\\/produkt\\\/zajaczek-z-mchu-30cm\\\/#primaryimage\"},\"thumbnailUrl\":\"https:\\\/\\\/greenowacja.pl\\\/wp-content\\\/uploads\\\/2024\\\/02\\\/IMG_20240206_213048.jpg\",\"datePublished\":\"2024-02-06T22:13:59+00:00\",\"dateModified\":\"2026-02-21T11:15:34+00:00\",\"description\":\"Zaj\u0105czek z Mchem Reniferowym, 30 cm \u2013 Figurka. R\u0119cznie wykonana figurka zaj\u0105czka to urokliwa ozdoba \u015bwi\u0105teczna, kt\u00f3ra doda magii Twojemu wn\u0119trzu.\",\"breadcrumb\":{\"@id\":\"https:\\\/\\\/greenowacja.pl\\\/produkt\\\/zajaczek-z-mchu-30cm\\\/#breadcrumb\"},\"inLanguage\":\"pl-PL\",\"potentialAction\":[{\"@type\":\"ReadAction\",\"target\":[\"https:\\\/\\\/greenowacja.pl\\\/produkt\\\/zajaczek-z-mchu-30cm\\\/\"]}]},{\"@type\":\"ImageObject\",\"inLanguage\":\"pl-PL\",\"@id\":\"https:\\\/\\\/greenowacja.pl\\\/produkt\\\/zajaczek-z-mchu-30cm\\\/#primaryimage\",\"url\":\"https:\\\/\\\/greenowacja.pl\\\/wp-content\\\/uploads\\\/2024\\\/02\\\/IMG_20240206_213048.jpg\",\"contentUrl\":\"https:\\\/\\\/greenowacja.pl\\\/wp-content\\\/uploads\\\/2024\\\/02\\\/IMG_20240206_213048.jpg\",\"width\":1000,\"height\":1000},{\"@type\":\"BreadcrumbList\",\"@id\":\"https:\\\/\\\/greenowacja.pl\\\/produkt\\\/zajaczek-z-mchu-30cm\\\/#breadcrumb\",\"itemListElement\":[{\"@type\":\"ListItem\",\"position\":1,\"name\":\"Strona g\u0142\u00f3wna\",\"item\":\"https:\\\/\\\/greenowacja.pl\\\/\"},{\"@type\":\"ListItem\",\"position\":2,\"name\":\"Sklep\",\"item\":\"https:\\\/\\\/greenowacja.pl\\\/sklep-z-mchem-chrobotkiem\\\/\"},{\"@type\":\"ListItem\",\"position\":3,\"name\":\"Zaj\u0105czek z mchu, 30cm\"}]},{\"@type\":\"WebSite\",\"@id\":\"https:\\\/\\\/greenowacja.pl\\\/#website\",\"url\":\"https:\\\/\\\/greenowacja.pl\\\/\",\"name\":\"Ozdoby i prezenty z mchu | #u\u015bMECHnij si\u0119!\",\"description\":\"\",\"publisher\":{\"@id\":\"https:\\\/\\\/greenowacja.pl\\\/#organization\"},\"potentialAction\":[{\"@type\":\"SearchAction\",\"target\":{\"@type\":\"EntryPoint\",\"urlTemplate\":\"https:\\\/\\\/greenowacja.pl\\\/?s={search_term_string}\"},\"query-input\":{\"@type\":\"PropertyValueSpecification\",\"valueRequired\":true,\"valueName\":\"search_term_string\"}}],\"inLanguage\":\"pl-PL\"},{\"@type\":\"Organization\",\"@id\":\"https:\\\/\\\/greenowacja.pl\\\/#organization\",\"name\":\"Ozdoby i prezenty z mchu | #u\u015bMECHnij si\u0119!\",\"url\":\"https:\\\/\\\/greenowacja.pl\\\/\",\"logo\":{\"@type\":\"ImageObject\",\"inLanguage\":\"pl-PL\",\"@id\":\"https:\\\/\\\/greenowacja.pl\\\/#\\\/schema\\\/logo\\\/image\\\/\",\"url\":\"https:\\\/\\\/greenowacja.pl\\\/wp-content\\\/uploads\\\/2023\\\/08\\\/Logo-Greenowacja-wer-z-claimem-pozioma-2-kolory_Easy-Resize.com_.jpg\",\"contentUrl\":\"https:\\\/\\\/greenowacja.pl\\\/wp-content\\\/uploads\\\/2023\\\/08\\\/Logo-Greenowacja-wer-z-claimem-pozioma-2-kolory_Easy-Resize.com_.jpg\",\"width\":1280,\"height\":426,\"caption\":\"Ozdoby i prezenty z mchu | #u\u015bMECHnij si\u0119!\"},\"image\":{\"@id\":\"https:\\\/\\\/greenowacja.pl\\\/#\\\/schema\\\/logo\\\/image\\\/\"},\"sameAs\":[\"https:\\\/\\\/www.facebook.com\\\/Greenowacja\",\"https:\\\/\\\/www.instagram.com\\\/greenowacja\\\/\"]}]}<\/script>\n<!-- \/ Yoast SEO plugin. -->","yoast_head_json":{"title":"zaj\u0105czek z mchu- 30cm, figurka na wielkanoc","description":"Zaj\u0105czek z Mchem Reniferowym, 30 cm \u2013 Figurka. R\u0119cznie wykonana figurka zaj\u0105czka to urokliwa ozdoba \u015bwi\u0105teczna, kt\u00f3ra doda magii Twojemu wn\u0119trzu.","robots":{"index":"index","follow":"follow","max-snippet":"max-snippet:-1","max-image-preview":"max-image-preview:large","max-video-preview":"max-video-preview:-1"},"canonical":"https:\/\/greenowacja.pl\/produkt\/zajaczek-z-mchu-30cm\/","og_locale":"pl_PL","og_type":"article","og_title":"zaj\u0105czek z mchu- 30cm, figurka na wielkanoc","og_description":"Zaj\u0105czek z Mchem Reniferowym, 30 cm \u2013 Figurka. R\u0119cznie wykonana figurka zaj\u0105czka to urokliwa ozdoba \u015bwi\u0105teczna, kt\u00f3ra doda magii Twojemu wn\u0119trzu.","og_url":"https:\/\/greenowacja.pl\/produkt\/zajaczek-z-mchu-30cm\/","og_site_name":"Ozdoby i prezenty z mchu | #u\u015bMECHnij si\u0119!","article_publisher":"https:\/\/www.facebook.com\/Greenowacja","article_modified_time":"2026-02-21T11:15:34+00:00","og_image":[{"width":1000,"height":1000,"url":"https:\/\/greenowacja.pl\/wp-content\/uploads\/2024\/02\/IMG_20240206_213048.jpg","type":"image\/jpeg"}],"twitter_card":"summary_large_image","twitter_misc":{"Szacowany czas czytania":"2 minuty"},"schema":{"@context":"https:\/\/schema.org","@graph":[{"@type":"WebPage","@id":"https:\/\/greenowacja.pl\/produkt\/zajaczek-z-mchu-30cm\/","url":"https:\/\/greenowacja.pl\/produkt\/zajaczek-z-mchu-30cm\/","name":"zaj\u0105czek z mchu- 30cm, figurka na wielkanoc","isPartOf":{"@id":"https:\/\/greenowacja.pl\/#website"},"primaryImageOfPage":{"@id":"https:\/\/greenowacja.pl\/produkt\/zajaczek-z-mchu-30cm\/#primaryimage"},"image":{"@id":"https:\/\/greenowacja.pl\/produkt\/zajaczek-z-mchu-30cm\/#primaryimage"},"thumbnailUrl":"https:\/\/greenowacja.pl\/wp-content\/uploads\/2024\/02\/IMG_20240206_213048.jpg","datePublished":"2024-02-06T22:13:59+00:00","dateModified":"2026-02-21T11:15:34+00:00","description":"Zaj\u0105czek z Mchem Reniferowym, 30 cm \u2013 Figurka. R\u0119cznie wykonana figurka zaj\u0105czka to urokliwa ozdoba \u015bwi\u0105teczna, kt\u00f3ra doda magii Twojemu wn\u0119trzu.","breadcrumb":{"@id":"https:\/\/greenowacja.pl\/produkt\/zajaczek-z-mchu-30cm\/#breadcrumb"},"inLanguage":"pl-PL","potentialAction":[{"@type":"ReadAction","target":["https:\/\/greenowacja.pl\/produkt\/zajaczek-z-mchu-30cm\/"]}]},{"@type":"ImageObject","inLanguage":"pl-PL","@id":"https:\/\/greenowacja.pl\/produkt\/zajaczek-z-mchu-30cm\/#primaryimage","url":"https:\/\/greenowacja.pl\/wp-content\/uploads\/2024\/02\/IMG_20240206_213048.jpg","contentUrl":"https:\/\/greenowacja.pl\/wp-content\/uploads\/2024\/02\/IMG_20240206_213048.jpg","width":1000,"height":1000},{"@type":"BreadcrumbList","@id":"https:\/\/greenowacja.pl\/produkt\/zajaczek-z-mchu-30cm\/#breadcrumb","itemListElement":[{"@type":"ListItem","position":1,"name":"Strona g\u0142\u00f3wna","item":"https:\/\/greenowacja.pl\/"},{"@type":"ListItem","position":2,"name":"Sklep","item":"https:\/\/greenowacja.pl\/sklep-z-mchem-chrobotkiem\/"},{"@type":"ListItem","position":3,"name":"Zaj\u0105czek z mchu, 30cm"}]},{"@type":"WebSite","@id":"https:\/\/greenowacja.pl\/#website","url":"https:\/\/greenowacja.pl\/","name":"Ozdoby i prezenty z mchu | #u\u015bMECHnij si\u0119!","description":"","publisher":{"@id":"https:\/\/greenowacja.pl\/#organization"},"potentialAction":[{"@type":"SearchAction","target":{"@type":"EntryPoint","urlTemplate":"https:\/\/greenowacja.pl\/?s={search_term_string}"},"query-input":{"@type":"PropertyValueSpecification","valueRequired":true,"valueName":"search_term_string"}}],"inLanguage":"pl-PL"},{"@type":"Organization","@id":"https:\/\/greenowacja.pl\/#organization","name":"Ozdoby i prezenty z mchu | #u\u015bMECHnij si\u0119!","url":"https:\/\/greenowacja.pl\/","logo":{"@type":"ImageObject","inLanguage":"pl-PL","@id":"https:\/\/greenowacja.pl\/#\/schema\/logo\/image\/","url":"https:\/\/greenowacja.pl\/wp-content\/uploads\/2023\/08\/Logo-Greenowacja-wer-z-claimem-pozioma-2-kolory_Easy-Resize.com_.jpg","contentUrl":"https:\/\/greenowacja.pl\/wp-content\/uploads\/2023\/08\/Logo-Greenowacja-wer-z-claimem-pozioma-2-kolory_Easy-Resize.com_.jpg","width":1280,"height":426,"caption":"Ozdoby i prezenty z mchu | #u\u015bMECHnij si\u0119!"},"image":{"@id":"https:\/\/greenowacja.pl\/#\/schema\/logo\/image\/"},"sameAs":["https:\/\/www.facebook.com\/Greenowacja","https:\/\/www.instagram.com\/greenowacja\/"]}]}},"_links":{"self":[{"href":"https:\/\/greenowacja.pl\/wp-json\/wp\/v2\/product\/4849","targetHints":{"allow":["GET"]}}],"collection":[{"href":"https:\/\/greenowacja.pl\/wp-json\/wp\/v2\/product"}],"about":[{"href":"https:\/\/greenowacja.pl\/wp-json\/wp\/v2\/types\/product"}],"wp:featuredmedia":[{"embeddable":true,"href":"https:\/\/greenowacja.pl\/wp-json\/wp\/v2\/media\/4850"}],"wp:attachment":[{"href":"https:\/\/greenowacja.pl\/wp-json\/wp\/v2\/media?parent=4849"}],"wp:term":[{"taxonomy":"product_brand","embeddable":true,"href":"https:\/\/greenowacja.pl\/wp-json\/wp\/v2\/product_brand?post=4849"},{"taxonomy":"product_cat","embeddable":true,"href":"https:\/\/greenowacja.pl\/wp-json\/wp\/v2\/product_cat?post=4849"},{"taxonomy":"product_tag","embeddable":true,"href":"https:\/\/greenowacja.pl\/wp-json\/wp\/v2\/product_tag?post=4849"}],"curies":[{"name":"wp","href":"https:\/\/api.w.org\/{rel}","templated":true}]}}