{"id":4871,"date":"2024-02-07T19:18:17","date_gmt":"2024-02-07T18:18:17","guid":{"rendered":"https:\/\/greenowacja.pl\/?post_type=product&#038;p=4871"},"modified":"2025-08-18T14:04:19","modified_gmt":"2025-08-18T12:04:19","slug":"betoniczka-na-walentynki-jestes-wyjatkowa","status":"publish","type":"product","link":"https:\/\/greenowacja.pl\/produkt\/betoniczka-na-walentynki-jestes-wyjatkowa\/","title":{"rendered":"Betoniczka z mchem i napisem &#8222;Jeste\u015b wyj\u0105tkowa&#8221;"},"content":{"rendered":"<p><strong>Ozdoba przedstawiaj\u0105ca baletnic\u0119 idealnie pasuje jako prezent na Dzie\u0144 Kobiet<\/strong>. Nasze propozycje to co\u015b wi\u0119cej ni\u017c tradycyjny kwiatek \u2013 nasze wyj\u0105tkowe produkty z mchu to trwa\u0142a pami\u0105tka, kt\u00f3ra przetrwa lata.<\/p>\n<p><strong>Betoniczka<\/strong>\u00a0\u2013 czyli doniczka z betonu ozdobiona chrobotkiem reniferowym to \u015bwietna propozycja dla os\u00f3b, kt\u00f3re szukaj\u0105 ciekawego dodatku do wn\u0119trz.<\/p>\n<p><strong>Jest<\/strong> to \u015bwietny pomys\u0142 na prezent z okazji Walentynek!<\/p>\n<p><strong>Ka\u017cda<\/strong>\u00a0doniczka jest wyj\u0105tkowa i posiada unikalny charakter dzi\u0119ki r\u0119cznemu procesowi produkcji. Betoniczki mog\u0105 si\u0119 nieznacznie r\u00f3\u017cni\u0107 faktur\u0105 i zabarwieniem. To w\u0142a\u015bnie te detale nadaj\u0105 im jeszcze wi\u0119kszego uroku.<\/p>\n<p><strong>Betoniczki z chrobotkiem sprawdz\u0105 si\u0119 \u015bwietnie je\u015bli:<\/strong><\/p>\n<p>\u2013 szukasz ciekawego dodatku do wn\u0119trz<\/p>\n<p>\u2013 szukasz oryginalnego prezentu<\/p>\n<p>\u2013 zapomina Ci si\u0119 podlewa\u0107 ro\u015bliny<\/p>\n<p>&nbsp;<\/p>\n<p><strong>Cechy:<\/strong><\/p>\n<ul>\n<li>\u015brednica ok. 12 cm (razem z chrobotkiem)<\/li>\n<li>wysoko\u015b\u0107 ok. 14 cm (razem z chrobotkiem)<\/li>\n<li>waga ok. 950 g \u2013 1050 g<\/li>\n<\/ul>\n<p>Przyst\u0119pujemy do tworzenia ozd\u00f3b po ich zam\u00f3wieniu online, czas realizacji zam\u00f3wienia trwa 3 dni robocze.<\/p>\n<p>Je\u017celi zale\u017cy Pa\u0144stwu na szybszej wysy\u0142ce, prosimy o kontakt telefoniczny.<\/p>\n","protected":false},"excerpt":{"rendered":"<p>R\u0119cznie wykonana betoniczka z mchem i napisem &#8222;Jeste\u015b wyj\u0105tkowa&#8221; &#8211; prezent Dzie\u0144 Kobiet<\/p>\n","protected":false},"featured_media":6953,"template":"","meta":{"site-sidebar-layout":"default","site-content-layout":"","ast-site-content-layout":"default","site-content-style":"default","site-sidebar-style":"default","ast-global-header-display":"","ast-banner-title-visibility":"","ast-main-header-display":"","ast-hfb-above-header-display":"","ast-hfb-below-header-display":"","ast-hfb-mobile-header-display":"","site-post-title":"","ast-breadcrumbs-content":"","ast-featured-img":"","footer-sml-layout":"","theme-transparent-header-meta":"default","adv-header-id-meta":"","stick-header-meta":"","header-above-stick-meta":"","header-main-stick-meta":"","header-below-stick-meta":"","astra-migrate-meta-layouts":"set","ast-page-background-enabled":"default","ast-page-background-meta":{"desktop":{"background-color":"","background-image":"","background-repeat":"repeat","background-position":"center center","background-size":"auto","background-attachment":"scroll","background-type":"","background-media":"","overlay-type":"","overlay-color":"","overlay-opacity":"","overlay-gradient":""},"tablet":{"background-color":"","background-image":"","background-repeat":"repeat","background-position":"center center","background-size":"auto","background-attachment":"scroll","background-type":"","background-media":"","overlay-type":"","overlay-color":"","overlay-opacity":"","overlay-gradient":""},"mobile":{"background-color":"","background-image":"","background-repeat":"repeat","background-position":"center center","background-size":"auto","background-attachment":"scroll","background-type":"","background-media":"","overlay-type":"","overlay-color":"","overlay-opacity":"","overlay-gradient":""}},"ast-content-background-meta":{"desktop":{"background-color":"var(--ast-global-color-5)","background-image":"","background-repeat":"repeat","background-position":"center center","background-size":"auto","background-attachment":"scroll","background-type":"","background-media":"","overlay-type":"","overlay-color":"","overlay-opacity":"","overlay-gradient":""},"tablet":{"background-color":"var(--ast-global-color-5)","background-image":"","background-repeat":"repeat","background-position":"center center","background-size":"auto","background-attachment":"scroll","background-type":"","background-media":"","overlay-type":"","overlay-color":"","overlay-opacity":"","overlay-gradient":""},"mobile":{"background-color":"var(--ast-global-color-5)","background-image":"","background-repeat":"repeat","background-position":"center center","background-size":"auto","background-attachment":"scroll","background-type":"","background-media":"","overlay-type":"","overlay-color":"","overlay-opacity":"","overlay-gradient":""}}},"product_brand":[],"product_cat":[92],"product_tag":[],"class_list":{"0":"post-4871","1":"product","2":"type-product","3":"status-publish","4":"has-post-thumbnail","6":"product_cat-prezent-dla-niej","7":"desktop-align-left","8":"tablet-align-left","9":"mobile-align-left","11":"first","12":"instock","13":"taxable","14":"shipping-taxable","15":"purchasable","16":"product-type-simple"},"yoast_head":"<!-- This site is optimized with the Yoast SEO plugin v27.4 - https:\/\/yoast.com\/product\/yoast-seo-wordpress\/ -->\n<title>Betoniczka na walentynki - &quot;Jestes Wyj\u0105tkowa&quot;<\/title>\n<meta name=\"description\" content=\"R\u0119cznie wykonana betoniczka z chrobotkiem reniferowym to \u015bwietny pomys\u0142 na walentynki.\" \/>\n<meta name=\"robots\" content=\"index, follow, max-snippet:-1, max-image-preview:large, max-video-preview:-1\" \/>\n<link rel=\"canonical\" href=\"https:\/\/greenowacja.pl\/produkt\/betoniczka-na-walentynki-jestes-wyjatkowa\/\" \/>\n<meta property=\"og:locale\" content=\"pl_PL\" \/>\n<meta property=\"og:type\" content=\"article\" \/>\n<meta property=\"og:title\" content=\"Betoniczka na walentynki - &quot;Jestes Wyj\u0105tkowa&quot;\" \/>\n<meta property=\"og:description\" content=\"R\u0119cznie wykonana betoniczka z chrobotkiem reniferowym to \u015bwietny pomys\u0142 na walentynki.\" \/>\n<meta property=\"og:url\" content=\"https:\/\/greenowacja.pl\/produkt\/betoniczka-na-walentynki-jestes-wyjatkowa\/\" \/>\n<meta property=\"og:site_name\" content=\"Ozdoby i prezenty z mchu | #u\u015bMECHnij si\u0119!\" \/>\n<meta property=\"article:publisher\" content=\"https:\/\/www.facebook.com\/Greenowacja\" \/>\n<meta property=\"article:modified_time\" content=\"2025-08-18T12:04:19+00:00\" \/>\n<meta property=\"og:image\" content=\"https:\/\/greenowacja.pl\/wp-content\/uploads\/2024\/02\/IMG20240220153206.jpg\" \/>\n\t<meta property=\"og:image:width\" content=\"950\" \/>\n\t<meta property=\"og:image:height\" content=\"950\" \/>\n\t<meta property=\"og:image:type\" content=\"image\/jpeg\" \/>\n<meta name=\"twitter:card\" content=\"summary_large_image\" \/>\n<meta name=\"twitter:label1\" content=\"Szacowany czas czytania\" \/>\n\t<meta name=\"twitter:data1\" content=\"2 minuty\" \/>\n<script type=\"application\/ld+json\" class=\"yoast-schema-graph\">{\"@context\":\"https:\\\/\\\/schema.org\",\"@graph\":[{\"@type\":\"WebPage\",\"@id\":\"https:\\\/\\\/greenowacja.pl\\\/produkt\\\/betoniczka-na-walentynki-jestes-wyjatkowa\\\/\",\"url\":\"https:\\\/\\\/greenowacja.pl\\\/produkt\\\/betoniczka-na-walentynki-jestes-wyjatkowa\\\/\",\"name\":\"Betoniczka na walentynki - \\\"Jestes Wyj\u0105tkowa\\\"\",\"isPartOf\":{\"@id\":\"https:\\\/\\\/greenowacja.pl\\\/#website\"},\"primaryImageOfPage\":{\"@id\":\"https:\\\/\\\/greenowacja.pl\\\/produkt\\\/betoniczka-na-walentynki-jestes-wyjatkowa\\\/#primaryimage\"},\"image\":{\"@id\":\"https:\\\/\\\/greenowacja.pl\\\/produkt\\\/betoniczka-na-walentynki-jestes-wyjatkowa\\\/#primaryimage\"},\"thumbnailUrl\":\"https:\\\/\\\/greenowacja.pl\\\/wp-content\\\/uploads\\\/2024\\\/02\\\/IMG20240220153206.jpg\",\"datePublished\":\"2024-02-07T18:18:17+00:00\",\"dateModified\":\"2025-08-18T12:04:19+00:00\",\"description\":\"R\u0119cznie wykonana betoniczka z chrobotkiem reniferowym to \u015bwietny pomys\u0142 na walentynki.\",\"breadcrumb\":{\"@id\":\"https:\\\/\\\/greenowacja.pl\\\/produkt\\\/betoniczka-na-walentynki-jestes-wyjatkowa\\\/#breadcrumb\"},\"inLanguage\":\"pl-PL\",\"potentialAction\":[{\"@type\":\"ReadAction\",\"target\":[\"https:\\\/\\\/greenowacja.pl\\\/produkt\\\/betoniczka-na-walentynki-jestes-wyjatkowa\\\/\"]}]},{\"@type\":\"ImageObject\",\"inLanguage\":\"pl-PL\",\"@id\":\"https:\\\/\\\/greenowacja.pl\\\/produkt\\\/betoniczka-na-walentynki-jestes-wyjatkowa\\\/#primaryimage\",\"url\":\"https:\\\/\\\/greenowacja.pl\\\/wp-content\\\/uploads\\\/2024\\\/02\\\/IMG20240220153206.jpg\",\"contentUrl\":\"https:\\\/\\\/greenowacja.pl\\\/wp-content\\\/uploads\\\/2024\\\/02\\\/IMG20240220153206.jpg\",\"width\":950,\"height\":950},{\"@type\":\"BreadcrumbList\",\"@id\":\"https:\\\/\\\/greenowacja.pl\\\/produkt\\\/betoniczka-na-walentynki-jestes-wyjatkowa\\\/#breadcrumb\",\"itemListElement\":[{\"@type\":\"ListItem\",\"position\":1,\"name\":\"Strona g\u0142\u00f3wna\",\"item\":\"https:\\\/\\\/greenowacja.pl\\\/\"},{\"@type\":\"ListItem\",\"position\":2,\"name\":\"Sklep\",\"item\":\"https:\\\/\\\/greenowacja.pl\\\/sklep-z-mchem-chrobotkiem\\\/\"},{\"@type\":\"ListItem\",\"position\":3,\"name\":\"Betoniczka z mchem i napisem &#8222;Jeste\u015b wyj\u0105tkowa&#8221;\"}]},{\"@type\":\"WebSite\",\"@id\":\"https:\\\/\\\/greenowacja.pl\\\/#website\",\"url\":\"https:\\\/\\\/greenowacja.pl\\\/\",\"name\":\"Ozdoby i prezenty z mchu | #u\u015bMECHnij si\u0119!\",\"description\":\"\",\"publisher\":{\"@id\":\"https:\\\/\\\/greenowacja.pl\\\/#organization\"},\"potentialAction\":[{\"@type\":\"SearchAction\",\"target\":{\"@type\":\"EntryPoint\",\"urlTemplate\":\"https:\\\/\\\/greenowacja.pl\\\/?s={search_term_string}\"},\"query-input\":{\"@type\":\"PropertyValueSpecification\",\"valueRequired\":true,\"valueName\":\"search_term_string\"}}],\"inLanguage\":\"pl-PL\"},{\"@type\":\"Organization\",\"@id\":\"https:\\\/\\\/greenowacja.pl\\\/#organization\",\"name\":\"Ozdoby i prezenty z mchu | #u\u015bMECHnij si\u0119!\",\"url\":\"https:\\\/\\\/greenowacja.pl\\\/\",\"logo\":{\"@type\":\"ImageObject\",\"inLanguage\":\"pl-PL\",\"@id\":\"https:\\\/\\\/greenowacja.pl\\\/#\\\/schema\\\/logo\\\/image\\\/\",\"url\":\"https:\\\/\\\/greenowacja.pl\\\/wp-content\\\/uploads\\\/2023\\\/08\\\/Logo-Greenowacja-wer-z-claimem-pozioma-2-kolory_Easy-Resize.com_.jpg\",\"contentUrl\":\"https:\\\/\\\/greenowacja.pl\\\/wp-content\\\/uploads\\\/2023\\\/08\\\/Logo-Greenowacja-wer-z-claimem-pozioma-2-kolory_Easy-Resize.com_.jpg\",\"width\":1280,\"height\":426,\"caption\":\"Ozdoby i prezenty z mchu | #u\u015bMECHnij si\u0119!\"},\"image\":{\"@id\":\"https:\\\/\\\/greenowacja.pl\\\/#\\\/schema\\\/logo\\\/image\\\/\"},\"sameAs\":[\"https:\\\/\\\/www.facebook.com\\\/Greenowacja\",\"https:\\\/\\\/www.instagram.com\\\/greenowacja\\\/\"]}]}<\/script>\n<!-- \/ Yoast SEO plugin. -->","yoast_head_json":{"title":"Betoniczka na walentynki - \"Jestes Wyj\u0105tkowa\"","description":"R\u0119cznie wykonana betoniczka z chrobotkiem reniferowym to \u015bwietny pomys\u0142 na walentynki.","robots":{"index":"index","follow":"follow","max-snippet":"max-snippet:-1","max-image-preview":"max-image-preview:large","max-video-preview":"max-video-preview:-1"},"canonical":"https:\/\/greenowacja.pl\/produkt\/betoniczka-na-walentynki-jestes-wyjatkowa\/","og_locale":"pl_PL","og_type":"article","og_title":"Betoniczka na walentynki - \"Jestes Wyj\u0105tkowa\"","og_description":"R\u0119cznie wykonana betoniczka z chrobotkiem reniferowym to \u015bwietny pomys\u0142 na walentynki.","og_url":"https:\/\/greenowacja.pl\/produkt\/betoniczka-na-walentynki-jestes-wyjatkowa\/","og_site_name":"Ozdoby i prezenty z mchu | #u\u015bMECHnij si\u0119!","article_publisher":"https:\/\/www.facebook.com\/Greenowacja","article_modified_time":"2025-08-18T12:04:19+00:00","og_image":[{"width":950,"height":950,"url":"https:\/\/greenowacja.pl\/wp-content\/uploads\/2024\/02\/IMG20240220153206.jpg","type":"image\/jpeg"}],"twitter_card":"summary_large_image","twitter_misc":{"Szacowany czas czytania":"2 minuty"},"schema":{"@context":"https:\/\/schema.org","@graph":[{"@type":"WebPage","@id":"https:\/\/greenowacja.pl\/produkt\/betoniczka-na-walentynki-jestes-wyjatkowa\/","url":"https:\/\/greenowacja.pl\/produkt\/betoniczka-na-walentynki-jestes-wyjatkowa\/","name":"Betoniczka na walentynki - \"Jestes Wyj\u0105tkowa\"","isPartOf":{"@id":"https:\/\/greenowacja.pl\/#website"},"primaryImageOfPage":{"@id":"https:\/\/greenowacja.pl\/produkt\/betoniczka-na-walentynki-jestes-wyjatkowa\/#primaryimage"},"image":{"@id":"https:\/\/greenowacja.pl\/produkt\/betoniczka-na-walentynki-jestes-wyjatkowa\/#primaryimage"},"thumbnailUrl":"https:\/\/greenowacja.pl\/wp-content\/uploads\/2024\/02\/IMG20240220153206.jpg","datePublished":"2024-02-07T18:18:17+00:00","dateModified":"2025-08-18T12:04:19+00:00","description":"R\u0119cznie wykonana betoniczka z chrobotkiem reniferowym to \u015bwietny pomys\u0142 na walentynki.","breadcrumb":{"@id":"https:\/\/greenowacja.pl\/produkt\/betoniczka-na-walentynki-jestes-wyjatkowa\/#breadcrumb"},"inLanguage":"pl-PL","potentialAction":[{"@type":"ReadAction","target":["https:\/\/greenowacja.pl\/produkt\/betoniczka-na-walentynki-jestes-wyjatkowa\/"]}]},{"@type":"ImageObject","inLanguage":"pl-PL","@id":"https:\/\/greenowacja.pl\/produkt\/betoniczka-na-walentynki-jestes-wyjatkowa\/#primaryimage","url":"https:\/\/greenowacja.pl\/wp-content\/uploads\/2024\/02\/IMG20240220153206.jpg","contentUrl":"https:\/\/greenowacja.pl\/wp-content\/uploads\/2024\/02\/IMG20240220153206.jpg","width":950,"height":950},{"@type":"BreadcrumbList","@id":"https:\/\/greenowacja.pl\/produkt\/betoniczka-na-walentynki-jestes-wyjatkowa\/#breadcrumb","itemListElement":[{"@type":"ListItem","position":1,"name":"Strona g\u0142\u00f3wna","item":"https:\/\/greenowacja.pl\/"},{"@type":"ListItem","position":2,"name":"Sklep","item":"https:\/\/greenowacja.pl\/sklep-z-mchem-chrobotkiem\/"},{"@type":"ListItem","position":3,"name":"Betoniczka z mchem i napisem &#8222;Jeste\u015b wyj\u0105tkowa&#8221;"}]},{"@type":"WebSite","@id":"https:\/\/greenowacja.pl\/#website","url":"https:\/\/greenowacja.pl\/","name":"Ozdoby i prezenty z mchu | #u\u015bMECHnij si\u0119!","description":"","publisher":{"@id":"https:\/\/greenowacja.pl\/#organization"},"potentialAction":[{"@type":"SearchAction","target":{"@type":"EntryPoint","urlTemplate":"https:\/\/greenowacja.pl\/?s={search_term_string}"},"query-input":{"@type":"PropertyValueSpecification","valueRequired":true,"valueName":"search_term_string"}}],"inLanguage":"pl-PL"},{"@type":"Organization","@id":"https:\/\/greenowacja.pl\/#organization","name":"Ozdoby i prezenty z mchu | #u\u015bMECHnij si\u0119!","url":"https:\/\/greenowacja.pl\/","logo":{"@type":"ImageObject","inLanguage":"pl-PL","@id":"https:\/\/greenowacja.pl\/#\/schema\/logo\/image\/","url":"https:\/\/greenowacja.pl\/wp-content\/uploads\/2023\/08\/Logo-Greenowacja-wer-z-claimem-pozioma-2-kolory_Easy-Resize.com_.jpg","contentUrl":"https:\/\/greenowacja.pl\/wp-content\/uploads\/2023\/08\/Logo-Greenowacja-wer-z-claimem-pozioma-2-kolory_Easy-Resize.com_.jpg","width":1280,"height":426,"caption":"Ozdoby i prezenty z mchu | #u\u015bMECHnij si\u0119!"},"image":{"@id":"https:\/\/greenowacja.pl\/#\/schema\/logo\/image\/"},"sameAs":["https:\/\/www.facebook.com\/Greenowacja","https:\/\/www.instagram.com\/greenowacja\/"]}]}},"_links":{"self":[{"href":"https:\/\/greenowacja.pl\/wp-json\/wp\/v2\/product\/4871","targetHints":{"allow":["GET"]}}],"collection":[{"href":"https:\/\/greenowacja.pl\/wp-json\/wp\/v2\/product"}],"about":[{"href":"https:\/\/greenowacja.pl\/wp-json\/wp\/v2\/types\/product"}],"wp:featuredmedia":[{"embeddable":true,"href":"https:\/\/greenowacja.pl\/wp-json\/wp\/v2\/media\/6953"}],"wp:attachment":[{"href":"https:\/\/greenowacja.pl\/wp-json\/wp\/v2\/media?parent=4871"}],"wp:term":[{"taxonomy":"product_brand","embeddable":true,"href":"https:\/\/greenowacja.pl\/wp-json\/wp\/v2\/product_brand?post=4871"},{"taxonomy":"product_cat","embeddable":true,"href":"https:\/\/greenowacja.pl\/wp-json\/wp\/v2\/product_cat?post=4871"},{"taxonomy":"product_tag","embeddable":true,"href":"https:\/\/greenowacja.pl\/wp-json\/wp\/v2\/product_tag?post=4871"}],"curies":[{"name":"wp","href":"https:\/\/api.w.org\/{rel}","templated":true}]}}