{"id":6944,"date":"2024-02-20T22:51:20","date_gmt":"2024-02-20T21:51:20","guid":{"rendered":"https:\/\/greenowacja.pl\/?post_type=product&#038;p=6944"},"modified":"2025-06-18T08:49:23","modified_gmt":"2025-06-18T06:49:23","slug":"baletnica-ozdoba-stojaca-dzien-kobiet","status":"publish","type":"product","link":"https:\/\/greenowacja.pl\/produkt\/baletnica-ozdoba-stojaca-dzien-kobiet\/","title":{"rendered":"Baletnica z napisem &#8222;Jeste\u015b Wyj\u0105tkowa&#8221;- Ozdoba na dzie\u0144 kobiet"},"content":{"rendered":"<p><strong>Baletnica z napisem &#8222;Jeste\u015b wyj\u0105tkowa&#8221;- Ozdoba na dzie\u0144 kobiet<\/strong><\/p>\n<p>Do stworzenia naszego r\u0119kodzie\u0142a u\u017cywany jest porost chrobotek reniferowy, pochodz\u0105cy g\u0142\u00f3wnie ze Skandynawii.<\/p>\n<p>Chrobotek jest poddany procesowi stabilizacji, dzi\u0119ki kt\u00f3remu \u00a0ju\u017c nie ro\u015bnie i mo\u017ce by\u0107 pi\u0119kny nawet przez 8 &#8211; 10 lat.<\/p>\n<p>Stabilizacja mchu\u00a0polega na\u00a0pozbawieniu mchu wszystkich funkcji \u017cyciowych bez negatywnych skutk\u00f3w wizualnych. To stan bardzo podobny do hibernacji.<\/p>\n<p><strong>Produkty po procesie stabilizacji nie s\u0105 \u017cywe &#8211; Nie rozrastaj\u0105 si\u0119!<\/strong><\/p>\n<p><strong>Chrobotek reniferowy jest hipoalergiczny, nie wydziela on r\u00f3wnie\u017c \u017cadnych substancji szkodliwych.<\/strong><\/p>\n<p>&nbsp;<\/p>\n<p><strong>Wskaz\u00f3wki:<\/strong><\/p>\n<p>&#8211; chrobotek lubi <strong>wilgotno\u015b\u0107 powietrza 40-60%,<\/strong> je\u017celi zrobi si\u0119 szorstki i kruchy, zanie\u015b ozdob\u0119 na kilka dni do \u0142azienki, a odzyska spr\u0119\u017cysto\u015b\u0107,<\/p>\n<p>&#8211; umie\u015b\u0107 go w znacznej odleg\u0142o\u015bci od \u017ar\u00f3de\u0142 ciep\u0142a i \u015bwiat\u0142a,<\/p>\n<p>&#8211; je\u017celi osi\u0105dzie na nim kurz, delikatnie zbierz go rolk\u0105 do czyszczenia odzie\u017cy.<\/p>\n<p>Do ka\u017cdego zam\u00f3wienia jest dodawana instrukcja z wytycznymi jak zajmowa\u0107 si\u0119 ozdobami z chrobotka.<\/p>\n<p>&nbsp;<\/p>\n<p><strong>Dost\u0119pne kolory mchu: czerwony, niebieski, fuksja, jasny zielony, ciemny zielony, zielony mieszany<\/strong><\/p>\n<p>Ozdoba jest pokryta chrobotkiem tylko z <strong>jednej<\/strong> strony.<\/p>\n<p>Dane techniczne:<\/p>\n<p>&#8211; sklejka<\/p>\n<p>&#8211; wys. 30cm<\/p>\n<p>&#8211; szer. 18cm<\/p>\n<p>&nbsp;<\/p>\n<p>Przyst\u0119pujemy do tworzenia ozd\u00f3b po ich zam\u00f3wieniu online, czas realizacji zam\u00f3wienia trwa 3 dni robocze.<\/p>\n<p>Je\u017celi zale\u017cy Pa\u0144stwu na szybszej wysy\u0142ce, prosimy o kontakt telefoniczny.<\/p>\n","protected":false},"excerpt":{"rendered":"<p><strong>Baletnica z napisem &#8222;Jeste\u015b wyj\u0105tkowa&#8221;- Ozdoba na Dzie\u0144 Kobiet<\/strong><\/p>\n<p>Ozdoba przedstawiaj\u0105ca baletnic\u0119 idealnie pasuje jako prezent na Dzie\u0144 Kobiet. Nasze propozycje to co\u015b wi\u0119cej ni\u017c tradycyjny kwiatek \u2013 nasze wyj\u0105tkowe produkty z mchu to trwa\u0142a pami\u0105tka, kt\u00f3ra przetrwa lata.<\/p>\n","protected":false},"featured_media":6947,"template":"","meta":{"site-sidebar-layout":"default","site-content-layout":"default","ast-site-content-layout":"default","site-content-style":"default","site-sidebar-style":"default","ast-global-header-display":"","ast-banner-title-visibility":"","ast-main-header-display":"","ast-hfb-above-header-display":"","ast-hfb-below-header-display":"","ast-hfb-mobile-header-display":"","site-post-title":"","ast-breadcrumbs-content":"","ast-featured-img":"","footer-sml-layout":"","theme-transparent-header-meta":"default","adv-header-id-meta":"","stick-header-meta":"","header-above-stick-meta":"","header-main-stick-meta":"","header-below-stick-meta":"","astra-migrate-meta-layouts":"set","ast-page-background-enabled":"default","ast-page-background-meta":{"desktop":{"background-color":"","background-image":"","background-repeat":"repeat","background-position":"center center","background-size":"auto","background-attachment":"scroll","background-type":"","background-media":"","overlay-type":"","overlay-color":"","overlay-opacity":"","overlay-gradient":""},"tablet":{"background-color":"","background-image":"","background-repeat":"repeat","background-position":"center center","background-size":"auto","background-attachment":"scroll","background-type":"","background-media":"","overlay-type":"","overlay-color":"","overlay-opacity":"","overlay-gradient":""},"mobile":{"background-color":"","background-image":"","background-repeat":"repeat","background-position":"center center","background-size":"auto","background-attachment":"scroll","background-type":"","background-media":"","overlay-type":"","overlay-color":"","overlay-opacity":"","overlay-gradient":""}},"ast-content-background-meta":{"desktop":{"background-color":"var(--ast-global-color-5)","background-image":"","background-repeat":"repeat","background-position":"center center","background-size":"auto","background-attachment":"scroll","background-type":"","background-media":"","overlay-type":"","overlay-color":"","overlay-opacity":"","overlay-gradient":""},"tablet":{"background-color":"var(--ast-global-color-5)","background-image":"","background-repeat":"repeat","background-position":"center center","background-size":"auto","background-attachment":"scroll","background-type":"","background-media":"","overlay-type":"","overlay-color":"","overlay-opacity":"","overlay-gradient":""},"mobile":{"background-color":"var(--ast-global-color-5)","background-image":"","background-repeat":"repeat","background-position":"center center","background-size":"auto","background-attachment":"scroll","background-type":"","background-media":"","overlay-type":"","overlay-color":"","overlay-opacity":"","overlay-gradient":""}}},"product_brand":[],"product_cat":[92,118],"product_tag":[],"class_list":{"0":"post-6944","1":"product","2":"type-product","3":"status-publish","4":"has-post-thumbnail","6":"product_cat-prezent-dla-niej","7":"product_cat-na-walentynki","8":"desktop-align-left","9":"tablet-align-left","10":"mobile-align-left","12":"first","13":"instock","14":"taxable","15":"shipping-taxable","16":"purchasable","17":"product-type-simple"},"yoast_head":"<!-- This site is optimized with the Yoast SEO plugin v27.4 - https:\/\/yoast.com\/product\/yoast-seo-wordpress\/ -->\n<title>Baletnica z napisem &quot;Jeste\u015b wyj\u0105tkowa&quot;- Ozdoba na Dzie\u0144 Kobiet<\/title>\n<meta name=\"description\" content=\"Ozdoba przedstawiaj\u0105ca baletnic\u0119 idealnie pasuje jako prezent na Dzie\u0144 Kobiet. Nasze propozycje to co\u015b wi\u0119cej ni\u017c tradycyjny kwiatek \u2013 to trwa\u0142a pami\u0105tka, kt\u00f3ra przetrwa lata.\" \/>\n<meta name=\"robots\" content=\"index, follow, max-snippet:-1, max-image-preview:large, max-video-preview:-1\" \/>\n<link rel=\"canonical\" href=\"https:\/\/greenowacja.pl\/produkt\/baletnica-ozdoba-stojaca-dzien-kobiet\/\" \/>\n<meta property=\"og:locale\" content=\"pl_PL\" \/>\n<meta property=\"og:type\" content=\"article\" \/>\n<meta property=\"og:title\" content=\"Baletnica z napisem &quot;Jeste\u015b wyj\u0105tkowa&quot;- Ozdoba na Dzie\u0144 Kobiet\" \/>\n<meta property=\"og:description\" content=\"Ozdoba przedstawiaj\u0105ca baletnic\u0119 idealnie pasuje jako prezent na Dzie\u0144 Kobiet. Nasze propozycje to co\u015b wi\u0119cej ni\u017c tradycyjny kwiatek \u2013 to trwa\u0142a pami\u0105tka, kt\u00f3ra przetrwa lata.\" \/>\n<meta property=\"og:url\" content=\"https:\/\/greenowacja.pl\/produkt\/baletnica-ozdoba-stojaca-dzien-kobiet\/\" \/>\n<meta property=\"og:site_name\" content=\"Ozdoby i prezenty z mchu | #u\u015bMECHnij si\u0119!\" \/>\n<meta property=\"article:publisher\" content=\"https:\/\/www.facebook.com\/Greenowacja\" \/>\n<meta property=\"article:modified_time\" content=\"2025-06-18T06:49:23+00:00\" \/>\n<meta property=\"og:image\" content=\"https:\/\/greenowacja.pl\/wp-content\/uploads\/2024\/02\/IMG20240220145140.jpg\" \/>\n\t<meta property=\"og:image:width\" content=\"950\" \/>\n\t<meta property=\"og:image:height\" content=\"950\" \/>\n\t<meta property=\"og:image:type\" content=\"image\/jpeg\" \/>\n<meta name=\"twitter:card\" content=\"summary_large_image\" \/>\n<meta name=\"twitter:label1\" content=\"Szacowany czas czytania\" \/>\n\t<meta name=\"twitter:data1\" content=\"2 minuty\" \/>\n<script type=\"application\/ld+json\" class=\"yoast-schema-graph\">{\"@context\":\"https:\\\/\\\/schema.org\",\"@graph\":[{\"@type\":\"WebPage\",\"@id\":\"https:\\\/\\\/greenowacja.pl\\\/produkt\\\/baletnica-ozdoba-stojaca-dzien-kobiet\\\/\",\"url\":\"https:\\\/\\\/greenowacja.pl\\\/produkt\\\/baletnica-ozdoba-stojaca-dzien-kobiet\\\/\",\"name\":\"Baletnica z napisem \\\"Jeste\u015b wyj\u0105tkowa\\\"- Ozdoba na Dzie\u0144 Kobiet\",\"isPartOf\":{\"@id\":\"https:\\\/\\\/greenowacja.pl\\\/#website\"},\"primaryImageOfPage\":{\"@id\":\"https:\\\/\\\/greenowacja.pl\\\/produkt\\\/baletnica-ozdoba-stojaca-dzien-kobiet\\\/#primaryimage\"},\"image\":{\"@id\":\"https:\\\/\\\/greenowacja.pl\\\/produkt\\\/baletnica-ozdoba-stojaca-dzien-kobiet\\\/#primaryimage\"},\"thumbnailUrl\":\"https:\\\/\\\/greenowacja.pl\\\/wp-content\\\/uploads\\\/2024\\\/02\\\/IMG20240220145140.jpg\",\"datePublished\":\"2024-02-20T21:51:20+00:00\",\"dateModified\":\"2025-06-18T06:49:23+00:00\",\"description\":\"Ozdoba przedstawiaj\u0105ca baletnic\u0119 idealnie pasuje jako prezent na Dzie\u0144 Kobiet. Nasze propozycje to co\u015b wi\u0119cej ni\u017c tradycyjny kwiatek \u2013 to trwa\u0142a pami\u0105tka, kt\u00f3ra przetrwa lata.\",\"breadcrumb\":{\"@id\":\"https:\\\/\\\/greenowacja.pl\\\/produkt\\\/baletnica-ozdoba-stojaca-dzien-kobiet\\\/#breadcrumb\"},\"inLanguage\":\"pl-PL\",\"potentialAction\":[{\"@type\":\"ReadAction\",\"target\":[\"https:\\\/\\\/greenowacja.pl\\\/produkt\\\/baletnica-ozdoba-stojaca-dzien-kobiet\\\/\"]}]},{\"@type\":\"ImageObject\",\"inLanguage\":\"pl-PL\",\"@id\":\"https:\\\/\\\/greenowacja.pl\\\/produkt\\\/baletnica-ozdoba-stojaca-dzien-kobiet\\\/#primaryimage\",\"url\":\"https:\\\/\\\/greenowacja.pl\\\/wp-content\\\/uploads\\\/2024\\\/02\\\/IMG20240220145140.jpg\",\"contentUrl\":\"https:\\\/\\\/greenowacja.pl\\\/wp-content\\\/uploads\\\/2024\\\/02\\\/IMG20240220145140.jpg\",\"width\":950,\"height\":950},{\"@type\":\"BreadcrumbList\",\"@id\":\"https:\\\/\\\/greenowacja.pl\\\/produkt\\\/baletnica-ozdoba-stojaca-dzien-kobiet\\\/#breadcrumb\",\"itemListElement\":[{\"@type\":\"ListItem\",\"position\":1,\"name\":\"Strona g\u0142\u00f3wna\",\"item\":\"https:\\\/\\\/greenowacja.pl\\\/\"},{\"@type\":\"ListItem\",\"position\":2,\"name\":\"Sklep\",\"item\":\"https:\\\/\\\/greenowacja.pl\\\/sklep-z-mchem-chrobotkiem\\\/\"},{\"@type\":\"ListItem\",\"position\":3,\"name\":\"Baletnica z napisem &#8222;Jeste\u015b Wyj\u0105tkowa&#8221;- Ozdoba na dzie\u0144 kobiet\"}]},{\"@type\":\"WebSite\",\"@id\":\"https:\\\/\\\/greenowacja.pl\\\/#website\",\"url\":\"https:\\\/\\\/greenowacja.pl\\\/\",\"name\":\"Ozdoby i prezenty z mchu | #u\u015bMECHnij si\u0119!\",\"description\":\"\",\"publisher\":{\"@id\":\"https:\\\/\\\/greenowacja.pl\\\/#organization\"},\"potentialAction\":[{\"@type\":\"SearchAction\",\"target\":{\"@type\":\"EntryPoint\",\"urlTemplate\":\"https:\\\/\\\/greenowacja.pl\\\/?s={search_term_string}\"},\"query-input\":{\"@type\":\"PropertyValueSpecification\",\"valueRequired\":true,\"valueName\":\"search_term_string\"}}],\"inLanguage\":\"pl-PL\"},{\"@type\":\"Organization\",\"@id\":\"https:\\\/\\\/greenowacja.pl\\\/#organization\",\"name\":\"Ozdoby i prezenty z mchu | #u\u015bMECHnij si\u0119!\",\"url\":\"https:\\\/\\\/greenowacja.pl\\\/\",\"logo\":{\"@type\":\"ImageObject\",\"inLanguage\":\"pl-PL\",\"@id\":\"https:\\\/\\\/greenowacja.pl\\\/#\\\/schema\\\/logo\\\/image\\\/\",\"url\":\"https:\\\/\\\/greenowacja.pl\\\/wp-content\\\/uploads\\\/2023\\\/08\\\/Logo-Greenowacja-wer-z-claimem-pozioma-2-kolory_Easy-Resize.com_.jpg\",\"contentUrl\":\"https:\\\/\\\/greenowacja.pl\\\/wp-content\\\/uploads\\\/2023\\\/08\\\/Logo-Greenowacja-wer-z-claimem-pozioma-2-kolory_Easy-Resize.com_.jpg\",\"width\":1280,\"height\":426,\"caption\":\"Ozdoby i prezenty z mchu | #u\u015bMECHnij si\u0119!\"},\"image\":{\"@id\":\"https:\\\/\\\/greenowacja.pl\\\/#\\\/schema\\\/logo\\\/image\\\/\"},\"sameAs\":[\"https:\\\/\\\/www.facebook.com\\\/Greenowacja\",\"https:\\\/\\\/www.instagram.com\\\/greenowacja\\\/\"]}]}<\/script>\n<!-- \/ Yoast SEO plugin. -->","yoast_head_json":{"title":"Baletnica z napisem \"Jeste\u015b wyj\u0105tkowa\"- Ozdoba na Dzie\u0144 Kobiet","description":"Ozdoba przedstawiaj\u0105ca baletnic\u0119 idealnie pasuje jako prezent na Dzie\u0144 Kobiet. Nasze propozycje to co\u015b wi\u0119cej ni\u017c tradycyjny kwiatek \u2013 to trwa\u0142a pami\u0105tka, kt\u00f3ra przetrwa lata.","robots":{"index":"index","follow":"follow","max-snippet":"max-snippet:-1","max-image-preview":"max-image-preview:large","max-video-preview":"max-video-preview:-1"},"canonical":"https:\/\/greenowacja.pl\/produkt\/baletnica-ozdoba-stojaca-dzien-kobiet\/","og_locale":"pl_PL","og_type":"article","og_title":"Baletnica z napisem \"Jeste\u015b wyj\u0105tkowa\"- Ozdoba na Dzie\u0144 Kobiet","og_description":"Ozdoba przedstawiaj\u0105ca baletnic\u0119 idealnie pasuje jako prezent na Dzie\u0144 Kobiet. Nasze propozycje to co\u015b wi\u0119cej ni\u017c tradycyjny kwiatek \u2013 to trwa\u0142a pami\u0105tka, kt\u00f3ra przetrwa lata.","og_url":"https:\/\/greenowacja.pl\/produkt\/baletnica-ozdoba-stojaca-dzien-kobiet\/","og_site_name":"Ozdoby i prezenty z mchu | #u\u015bMECHnij si\u0119!","article_publisher":"https:\/\/www.facebook.com\/Greenowacja","article_modified_time":"2025-06-18T06:49:23+00:00","og_image":[{"width":950,"height":950,"url":"https:\/\/greenowacja.pl\/wp-content\/uploads\/2024\/02\/IMG20240220145140.jpg","type":"image\/jpeg"}],"twitter_card":"summary_large_image","twitter_misc":{"Szacowany czas czytania":"2 minuty"},"schema":{"@context":"https:\/\/schema.org","@graph":[{"@type":"WebPage","@id":"https:\/\/greenowacja.pl\/produkt\/baletnica-ozdoba-stojaca-dzien-kobiet\/","url":"https:\/\/greenowacja.pl\/produkt\/baletnica-ozdoba-stojaca-dzien-kobiet\/","name":"Baletnica z napisem \"Jeste\u015b wyj\u0105tkowa\"- Ozdoba na Dzie\u0144 Kobiet","isPartOf":{"@id":"https:\/\/greenowacja.pl\/#website"},"primaryImageOfPage":{"@id":"https:\/\/greenowacja.pl\/produkt\/baletnica-ozdoba-stojaca-dzien-kobiet\/#primaryimage"},"image":{"@id":"https:\/\/greenowacja.pl\/produkt\/baletnica-ozdoba-stojaca-dzien-kobiet\/#primaryimage"},"thumbnailUrl":"https:\/\/greenowacja.pl\/wp-content\/uploads\/2024\/02\/IMG20240220145140.jpg","datePublished":"2024-02-20T21:51:20+00:00","dateModified":"2025-06-18T06:49:23+00:00","description":"Ozdoba przedstawiaj\u0105ca baletnic\u0119 idealnie pasuje jako prezent na Dzie\u0144 Kobiet. Nasze propozycje to co\u015b wi\u0119cej ni\u017c tradycyjny kwiatek \u2013 to trwa\u0142a pami\u0105tka, kt\u00f3ra przetrwa lata.","breadcrumb":{"@id":"https:\/\/greenowacja.pl\/produkt\/baletnica-ozdoba-stojaca-dzien-kobiet\/#breadcrumb"},"inLanguage":"pl-PL","potentialAction":[{"@type":"ReadAction","target":["https:\/\/greenowacja.pl\/produkt\/baletnica-ozdoba-stojaca-dzien-kobiet\/"]}]},{"@type":"ImageObject","inLanguage":"pl-PL","@id":"https:\/\/greenowacja.pl\/produkt\/baletnica-ozdoba-stojaca-dzien-kobiet\/#primaryimage","url":"https:\/\/greenowacja.pl\/wp-content\/uploads\/2024\/02\/IMG20240220145140.jpg","contentUrl":"https:\/\/greenowacja.pl\/wp-content\/uploads\/2024\/02\/IMG20240220145140.jpg","width":950,"height":950},{"@type":"BreadcrumbList","@id":"https:\/\/greenowacja.pl\/produkt\/baletnica-ozdoba-stojaca-dzien-kobiet\/#breadcrumb","itemListElement":[{"@type":"ListItem","position":1,"name":"Strona g\u0142\u00f3wna","item":"https:\/\/greenowacja.pl\/"},{"@type":"ListItem","position":2,"name":"Sklep","item":"https:\/\/greenowacja.pl\/sklep-z-mchem-chrobotkiem\/"},{"@type":"ListItem","position":3,"name":"Baletnica z napisem &#8222;Jeste\u015b Wyj\u0105tkowa&#8221;- Ozdoba na dzie\u0144 kobiet"}]},{"@type":"WebSite","@id":"https:\/\/greenowacja.pl\/#website","url":"https:\/\/greenowacja.pl\/","name":"Ozdoby i prezenty z mchu | #u\u015bMECHnij si\u0119!","description":"","publisher":{"@id":"https:\/\/greenowacja.pl\/#organization"},"potentialAction":[{"@type":"SearchAction","target":{"@type":"EntryPoint","urlTemplate":"https:\/\/greenowacja.pl\/?s={search_term_string}"},"query-input":{"@type":"PropertyValueSpecification","valueRequired":true,"valueName":"search_term_string"}}],"inLanguage":"pl-PL"},{"@type":"Organization","@id":"https:\/\/greenowacja.pl\/#organization","name":"Ozdoby i prezenty z mchu | #u\u015bMECHnij si\u0119!","url":"https:\/\/greenowacja.pl\/","logo":{"@type":"ImageObject","inLanguage":"pl-PL","@id":"https:\/\/greenowacja.pl\/#\/schema\/logo\/image\/","url":"https:\/\/greenowacja.pl\/wp-content\/uploads\/2023\/08\/Logo-Greenowacja-wer-z-claimem-pozioma-2-kolory_Easy-Resize.com_.jpg","contentUrl":"https:\/\/greenowacja.pl\/wp-content\/uploads\/2023\/08\/Logo-Greenowacja-wer-z-claimem-pozioma-2-kolory_Easy-Resize.com_.jpg","width":1280,"height":426,"caption":"Ozdoby i prezenty z mchu | #u\u015bMECHnij si\u0119!"},"image":{"@id":"https:\/\/greenowacja.pl\/#\/schema\/logo\/image\/"},"sameAs":["https:\/\/www.facebook.com\/Greenowacja","https:\/\/www.instagram.com\/greenowacja\/"]}]}},"_links":{"self":[{"href":"https:\/\/greenowacja.pl\/wp-json\/wp\/v2\/product\/6944","targetHints":{"allow":["GET"]}}],"collection":[{"href":"https:\/\/greenowacja.pl\/wp-json\/wp\/v2\/product"}],"about":[{"href":"https:\/\/greenowacja.pl\/wp-json\/wp\/v2\/types\/product"}],"wp:featuredmedia":[{"embeddable":true,"href":"https:\/\/greenowacja.pl\/wp-json\/wp\/v2\/media\/6947"}],"wp:attachment":[{"href":"https:\/\/greenowacja.pl\/wp-json\/wp\/v2\/media?parent=6944"}],"wp:term":[{"taxonomy":"product_brand","embeddable":true,"href":"https:\/\/greenowacja.pl\/wp-json\/wp\/v2\/product_brand?post=6944"},{"taxonomy":"product_cat","embeddable":true,"href":"https:\/\/greenowacja.pl\/wp-json\/wp\/v2\/product_cat?post=6944"},{"taxonomy":"product_tag","embeddable":true,"href":"https:\/\/greenowacja.pl\/wp-json\/wp\/v2\/product_tag?post=6944"}],"curies":[{"name":"wp","href":"https:\/\/api.w.org\/{rel}","templated":true}]}}