{"id":7334,"date":"2024-04-03T20:15:38","date_gmt":"2024-04-03T18:15:38","guid":{"rendered":"https:\/\/greenowacja.pl\/?post_type=product&#038;p=7334"},"modified":"2026-04-10T11:19:06","modified_gmt":"2026-04-10T09:19:06","slug":"okragla-biala-doniczka-z-mchem-prezent-na-komunie","status":"publish","type":"product","link":"https:\/\/greenowacja.pl\/produkt\/okragla-biala-doniczka-z-mchem-prezent-na-komunie\/","title":{"rendered":"Okr\u0105g\u0142a kremowa doniczka z mchem &#8211; prezent na komuni\u0119"},"content":{"rendered":"<p><strong>Prezent na Pierwsz\u0105 Komuni\u0119 \u015awi\u0119t\u0105 &#8211; Okr\u0105g\u0142a Doniczka z Mchem<\/strong><\/p>\n<p>Podaruj co\u015b pi\u0119knego na t\u0119 wyj\u0105tkow\u0105 okazj\u0119. Okr\u0105g\u0142a doniczka z mchem to doskona\u0142y spos\u00f3b na uczczenie tego wa\u017cnego momentu. Ka\u017cda doniczka jest r\u0119cznie ozdabiana najwy\u017cszej jako\u015bci mchem reniferowym z Finlandii, co nadaje jej niepowtarzalnego uroku. Na doniczce umieszczamy napis Pami\u0105tka I Komunii \u015awi\u0119tej.<\/p>\n<p><strong>Trwa\u0142o\u015b\u0107<\/strong><\/p>\n<p>Nasze produkty s\u0105 zaprojektowane tak, aby cieszy\u0107 oko jeszcze przez wiele lat. Dzi\u0119ki wykorzystaniu stabilizowanego mchu, doniczka zachowuje swoje pi\u0119kno i \u015bwie\u017co\u015b\u0107 na d\u0142ugi czas, bez konieczno\u015bci specjalnej piel\u0119gnacji. To trwa\u0142a pami\u0105tka, kt\u00f3ra b\u0119dzie przypomina\u0107 o tym wyj\u0105tkowym dniu w \u017cyciu dziecka i jego rodziny.<\/p>\n<p><strong>Detale<\/strong><\/p>\n<p>Niezwyk\u0142y design, wysoka jako\u015b\u0107 wykonania oraz trwa\u0142o\u015b\u0107 to cechy, kt\u00f3re wyr\u00f3\u017cniaj\u0105 nasze produkty spo\u015br\u00f3d innych prezent\u00f3w na Pierwsz\u0105 Komuni\u0119 \u015awi\u0119t\u0105. Ka\u017cdy detal jest starannie dopracowany, a wizerunek anio\u0142a str\u00f3\u017ca dodaje symbolicznego znaczenia tej doniczce jako pami\u0105tce z tego wa\u017cnego dnia.<\/p>\n<p><strong>Brak Konieczno\u015bci Podlewania<\/strong><\/p>\n<p>Jedn\u0105 z najwi\u0119kszych zalet stabilizowanego mchu jest jego brak konieczno\u015bci podlewania. Doniczka z mchem nie wymaga r\u00f3wnie\u017c codziennej opieki, co sprawia, \u017ce jest idealnym prezentem dla os\u00f3b, kt\u00f3re ceni\u0105 sobie wygod\u0119 i trwa\u0142o\u015b\u0107.<\/p>\n<p><strong>Dane Techniczne:<\/strong><\/p>\n<ul>\n<li>szeroko\u015b\u0107 13 cm x 13 cm<\/li>\n<li>wysoko\u015b\u0107 17 cm<\/li>\n<li>waga ok 460g<\/li>\n<\/ul>\n<p>Czas realizacji zam\u00f3wienia wynosi zazwyczaj 3 dni robocze. Je\u015bli jednak zale\u017cy Pa\u0144stwu na szybszej dostawie, serdecznie zach\u0119camy do kontaktu telefonicznego, aby\u015bmy mogli dostosowa\u0107 si\u0119 do Pa\u0144stwa preferencji.<\/p>\n","protected":false},"excerpt":{"rendered":"<p><strong>Prezent na Pierwsz\u0105 Komuni\u0119 \u015awi\u0119t\u0105 &#8211; Doniczka Bia\u0142a z Mchem<\/strong><\/p>\n<p>Podaruj co\u015b pi\u0119knego na Pierwsz\u0105 Komuni\u0119. Nasza bia\u0142a doniczka z chrobotkiem, reniferowym\u00a0 to doskona\u0142y spos\u00f3b na uczczenie tego wa\u017cnego momentu. Ka\u017cda doniczka jest r\u0119cznie ozdabiana najwy\u017cszej jako\u015bci mchem\u00a0 z Finlandii, co nadaje jej niepowtarzalnego uroku. Na doniczce umieszczamy napis <strong>Pami\u0105tka I Komunii \u015awi\u0119tej.<\/strong><\/p>\n<p>&nbsp;<\/p>\n","protected":false},"featured_media":7336,"template":"","meta":{"site-sidebar-layout":"default","site-content-layout":"default","ast-site-content-layout":"default","site-content-style":"default","site-sidebar-style":"default","ast-global-header-display":"","ast-banner-title-visibility":"","ast-main-header-display":"","ast-hfb-above-header-display":"","ast-hfb-below-header-display":"","ast-hfb-mobile-header-display":"","site-post-title":"","ast-breadcrumbs-content":"","ast-featured-img":"","footer-sml-layout":"","theme-transparent-header-meta":"default","adv-header-id-meta":"","stick-header-meta":"","header-above-stick-meta":"","header-main-stick-meta":"","header-below-stick-meta":"","astra-migrate-meta-layouts":"set","ast-page-background-enabled":"default","ast-page-background-meta":{"desktop":{"background-color":"","background-image":"","background-repeat":"repeat","background-position":"center center","background-size":"auto","background-attachment":"scroll","background-type":"","background-media":"","overlay-type":"","overlay-color":"","overlay-opacity":"","overlay-gradient":""},"tablet":{"background-color":"","background-image":"","background-repeat":"repeat","background-position":"center center","background-size":"auto","background-attachment":"scroll","background-type":"","background-media":"","overlay-type":"","overlay-color":"","overlay-opacity":"","overlay-gradient":""},"mobile":{"background-color":"","background-image":"","background-repeat":"repeat","background-position":"center center","background-size":"auto","background-attachment":"scroll","background-type":"","background-media":"","overlay-type":"","overlay-color":"","overlay-opacity":"","overlay-gradient":""}},"ast-content-background-meta":{"desktop":{"background-color":"var(--ast-global-color-5)","background-image":"","background-repeat":"repeat","background-position":"center center","background-size":"auto","background-attachment":"scroll","background-type":"","background-media":"","overlay-type":"","overlay-color":"","overlay-opacity":"","overlay-gradient":""},"tablet":{"background-color":"var(--ast-global-color-5)","background-image":"","background-repeat":"repeat","background-position":"center center","background-size":"auto","background-attachment":"scroll","background-type":"","background-media":"","overlay-type":"","overlay-color":"","overlay-opacity":"","overlay-gradient":""},"mobile":{"background-color":"var(--ast-global-color-5)","background-image":"","background-repeat":"repeat","background-position":"center center","background-size":"auto","background-attachment":"scroll","background-type":"","background-media":"","overlay-type":"","overlay-color":"","overlay-opacity":"","overlay-gradient":""}}},"product_brand":[],"product_cat":[56],"product_tag":[],"class_list":{"0":"post-7334","1":"product","2":"type-product","3":"status-publish","4":"has-post-thumbnail","6":"product_cat-prezent-na-chrzest-i-komunie","7":"desktop-align-left","8":"tablet-align-left","9":"mobile-align-left","11":"first","12":"instock","13":"taxable","14":"shipping-taxable","15":"purchasable","16":"product-type-simple"},"yoast_head":"<!-- This site is optimized with the Yoast SEO plugin v27.4 - https:\/\/yoast.com\/product\/yoast-seo-wordpress\/ -->\n<title>Prezent na komuni\u0119 - doniczka z mchem reniferowym<\/title>\n<meta name=\"description\" content=\"Prezent na Pierwsz\u0105 Komuni\u0119 \u015awi\u0119t\u0105 - Doniczka Bia\u0142a z Mchem. Podaruj co\u015b wyj\u0105tkowego na t\u0119 wyj\u0105tkow\u0105 okazj\u0119 Pierwszej Komunii \u015awi\u0119tej.\" \/>\n<meta name=\"robots\" content=\"index, follow, max-snippet:-1, max-image-preview:large, max-video-preview:-1\" \/>\n<link rel=\"canonical\" href=\"https:\/\/greenowacja.pl\/produkt\/okragla-biala-doniczka-z-mchem-prezent-na-komunie\/\" \/>\n<meta property=\"og:locale\" content=\"pl_PL\" \/>\n<meta property=\"og:type\" content=\"article\" \/>\n<meta property=\"og:title\" content=\"Prezent na komuni\u0119 - doniczka z mchem reniferowym\" \/>\n<meta property=\"og:description\" content=\"Prezent na Pierwsz\u0105 Komuni\u0119 \u015awi\u0119t\u0105 - Doniczka Bia\u0142a z Mchem. Podaruj co\u015b wyj\u0105tkowego na t\u0119 wyj\u0105tkow\u0105 okazj\u0119 Pierwszej Komunii \u015awi\u0119tej.\" \/>\n<meta property=\"og:url\" content=\"https:\/\/greenowacja.pl\/produkt\/okragla-biala-doniczka-z-mchem-prezent-na-komunie\/\" \/>\n<meta property=\"og:site_name\" content=\"Ozdoby i prezenty z mchu | #u\u015bMECHnij si\u0119!\" \/>\n<meta property=\"article:publisher\" content=\"https:\/\/www.facebook.com\/Greenowacja\" \/>\n<meta property=\"article:modified_time\" content=\"2026-04-10T09:19:06+00:00\" \/>\n<meta property=\"og:image\" content=\"https:\/\/greenowacja.pl\/wp-content\/uploads\/2024\/04\/IMG20240403135201.jpg\" \/>\n\t<meta property=\"og:image:width\" content=\"950\" \/>\n\t<meta property=\"og:image:height\" content=\"950\" \/>\n\t<meta property=\"og:image:type\" content=\"image\/jpeg\" \/>\n<meta name=\"twitter:card\" content=\"summary_large_image\" \/>\n<meta name=\"twitter:label1\" content=\"Szacowany czas czytania\" \/>\n\t<meta name=\"twitter:data1\" content=\"2 minuty\" \/>\n<script type=\"application\/ld+json\" class=\"yoast-schema-graph\">{\"@context\":\"https:\\\/\\\/schema.org\",\"@graph\":[{\"@type\":\"WebPage\",\"@id\":\"https:\\\/\\\/greenowacja.pl\\\/produkt\\\/okragla-biala-doniczka-z-mchem-prezent-na-komunie\\\/\",\"url\":\"https:\\\/\\\/greenowacja.pl\\\/produkt\\\/okragla-biala-doniczka-z-mchem-prezent-na-komunie\\\/\",\"name\":\"Prezent na komuni\u0119 - doniczka z mchem reniferowym\",\"isPartOf\":{\"@id\":\"https:\\\/\\\/greenowacja.pl\\\/#website\"},\"primaryImageOfPage\":{\"@id\":\"https:\\\/\\\/greenowacja.pl\\\/produkt\\\/okragla-biala-doniczka-z-mchem-prezent-na-komunie\\\/#primaryimage\"},\"image\":{\"@id\":\"https:\\\/\\\/greenowacja.pl\\\/produkt\\\/okragla-biala-doniczka-z-mchem-prezent-na-komunie\\\/#primaryimage\"},\"thumbnailUrl\":\"https:\\\/\\\/greenowacja.pl\\\/wp-content\\\/uploads\\\/2024\\\/04\\\/IMG20240403135201.jpg\",\"datePublished\":\"2024-04-03T18:15:38+00:00\",\"dateModified\":\"2026-04-10T09:19:06+00:00\",\"description\":\"Prezent na Pierwsz\u0105 Komuni\u0119 \u015awi\u0119t\u0105 - Doniczka Bia\u0142a z Mchem. Podaruj co\u015b wyj\u0105tkowego na t\u0119 wyj\u0105tkow\u0105 okazj\u0119 Pierwszej Komunii \u015awi\u0119tej.\",\"breadcrumb\":{\"@id\":\"https:\\\/\\\/greenowacja.pl\\\/produkt\\\/okragla-biala-doniczka-z-mchem-prezent-na-komunie\\\/#breadcrumb\"},\"inLanguage\":\"pl-PL\",\"potentialAction\":[{\"@type\":\"ReadAction\",\"target\":[\"https:\\\/\\\/greenowacja.pl\\\/produkt\\\/okragla-biala-doniczka-z-mchem-prezent-na-komunie\\\/\"]}]},{\"@type\":\"ImageObject\",\"inLanguage\":\"pl-PL\",\"@id\":\"https:\\\/\\\/greenowacja.pl\\\/produkt\\\/okragla-biala-doniczka-z-mchem-prezent-na-komunie\\\/#primaryimage\",\"url\":\"https:\\\/\\\/greenowacja.pl\\\/wp-content\\\/uploads\\\/2024\\\/04\\\/IMG20240403135201.jpg\",\"contentUrl\":\"https:\\\/\\\/greenowacja.pl\\\/wp-content\\\/uploads\\\/2024\\\/04\\\/IMG20240403135201.jpg\",\"width\":950,\"height\":950},{\"@type\":\"BreadcrumbList\",\"@id\":\"https:\\\/\\\/greenowacja.pl\\\/produkt\\\/okragla-biala-doniczka-z-mchem-prezent-na-komunie\\\/#breadcrumb\",\"itemListElement\":[{\"@type\":\"ListItem\",\"position\":1,\"name\":\"Strona g\u0142\u00f3wna\",\"item\":\"https:\\\/\\\/greenowacja.pl\\\/\"},{\"@type\":\"ListItem\",\"position\":2,\"name\":\"Sklep\",\"item\":\"https:\\\/\\\/greenowacja.pl\\\/sklep-z-mchem-chrobotkiem\\\/\"},{\"@type\":\"ListItem\",\"position\":3,\"name\":\"Okr\u0105g\u0142a kremowa doniczka z mchem &#8211; prezent na komuni\u0119\"}]},{\"@type\":\"WebSite\",\"@id\":\"https:\\\/\\\/greenowacja.pl\\\/#website\",\"url\":\"https:\\\/\\\/greenowacja.pl\\\/\",\"name\":\"Ozdoby i prezenty z mchu | #u\u015bMECHnij si\u0119!\",\"description\":\"\",\"publisher\":{\"@id\":\"https:\\\/\\\/greenowacja.pl\\\/#organization\"},\"potentialAction\":[{\"@type\":\"SearchAction\",\"target\":{\"@type\":\"EntryPoint\",\"urlTemplate\":\"https:\\\/\\\/greenowacja.pl\\\/?s={search_term_string}\"},\"query-input\":{\"@type\":\"PropertyValueSpecification\",\"valueRequired\":true,\"valueName\":\"search_term_string\"}}],\"inLanguage\":\"pl-PL\"},{\"@type\":\"Organization\",\"@id\":\"https:\\\/\\\/greenowacja.pl\\\/#organization\",\"name\":\"Ozdoby i prezenty z mchu | #u\u015bMECHnij si\u0119!\",\"url\":\"https:\\\/\\\/greenowacja.pl\\\/\",\"logo\":{\"@type\":\"ImageObject\",\"inLanguage\":\"pl-PL\",\"@id\":\"https:\\\/\\\/greenowacja.pl\\\/#\\\/schema\\\/logo\\\/image\\\/\",\"url\":\"https:\\\/\\\/greenowacja.pl\\\/wp-content\\\/uploads\\\/2023\\\/08\\\/Logo-Greenowacja-wer-z-claimem-pozioma-2-kolory_Easy-Resize.com_.jpg\",\"contentUrl\":\"https:\\\/\\\/greenowacja.pl\\\/wp-content\\\/uploads\\\/2023\\\/08\\\/Logo-Greenowacja-wer-z-claimem-pozioma-2-kolory_Easy-Resize.com_.jpg\",\"width\":1280,\"height\":426,\"caption\":\"Ozdoby i prezenty z mchu | #u\u015bMECHnij si\u0119!\"},\"image\":{\"@id\":\"https:\\\/\\\/greenowacja.pl\\\/#\\\/schema\\\/logo\\\/image\\\/\"},\"sameAs\":[\"https:\\\/\\\/www.facebook.com\\\/Greenowacja\",\"https:\\\/\\\/www.instagram.com\\\/greenowacja\\\/\"]}]}<\/script>\n<!-- \/ Yoast SEO plugin. -->","yoast_head_json":{"title":"Prezent na komuni\u0119 - doniczka z mchem reniferowym","description":"Prezent na Pierwsz\u0105 Komuni\u0119 \u015awi\u0119t\u0105 - Doniczka Bia\u0142a z Mchem. Podaruj co\u015b wyj\u0105tkowego na t\u0119 wyj\u0105tkow\u0105 okazj\u0119 Pierwszej Komunii \u015awi\u0119tej.","robots":{"index":"index","follow":"follow","max-snippet":"max-snippet:-1","max-image-preview":"max-image-preview:large","max-video-preview":"max-video-preview:-1"},"canonical":"https:\/\/greenowacja.pl\/produkt\/okragla-biala-doniczka-z-mchem-prezent-na-komunie\/","og_locale":"pl_PL","og_type":"article","og_title":"Prezent na komuni\u0119 - doniczka z mchem reniferowym","og_description":"Prezent na Pierwsz\u0105 Komuni\u0119 \u015awi\u0119t\u0105 - Doniczka Bia\u0142a z Mchem. Podaruj co\u015b wyj\u0105tkowego na t\u0119 wyj\u0105tkow\u0105 okazj\u0119 Pierwszej Komunii \u015awi\u0119tej.","og_url":"https:\/\/greenowacja.pl\/produkt\/okragla-biala-doniczka-z-mchem-prezent-na-komunie\/","og_site_name":"Ozdoby i prezenty z mchu | #u\u015bMECHnij si\u0119!","article_publisher":"https:\/\/www.facebook.com\/Greenowacja","article_modified_time":"2026-04-10T09:19:06+00:00","og_image":[{"width":950,"height":950,"url":"https:\/\/greenowacja.pl\/wp-content\/uploads\/2024\/04\/IMG20240403135201.jpg","type":"image\/jpeg"}],"twitter_card":"summary_large_image","twitter_misc":{"Szacowany czas czytania":"2 minuty"},"schema":{"@context":"https:\/\/schema.org","@graph":[{"@type":"WebPage","@id":"https:\/\/greenowacja.pl\/produkt\/okragla-biala-doniczka-z-mchem-prezent-na-komunie\/","url":"https:\/\/greenowacja.pl\/produkt\/okragla-biala-doniczka-z-mchem-prezent-na-komunie\/","name":"Prezent na komuni\u0119 - doniczka z mchem reniferowym","isPartOf":{"@id":"https:\/\/greenowacja.pl\/#website"},"primaryImageOfPage":{"@id":"https:\/\/greenowacja.pl\/produkt\/okragla-biala-doniczka-z-mchem-prezent-na-komunie\/#primaryimage"},"image":{"@id":"https:\/\/greenowacja.pl\/produkt\/okragla-biala-doniczka-z-mchem-prezent-na-komunie\/#primaryimage"},"thumbnailUrl":"https:\/\/greenowacja.pl\/wp-content\/uploads\/2024\/04\/IMG20240403135201.jpg","datePublished":"2024-04-03T18:15:38+00:00","dateModified":"2026-04-10T09:19:06+00:00","description":"Prezent na Pierwsz\u0105 Komuni\u0119 \u015awi\u0119t\u0105 - Doniczka Bia\u0142a z Mchem. Podaruj co\u015b wyj\u0105tkowego na t\u0119 wyj\u0105tkow\u0105 okazj\u0119 Pierwszej Komunii \u015awi\u0119tej.","breadcrumb":{"@id":"https:\/\/greenowacja.pl\/produkt\/okragla-biala-doniczka-z-mchem-prezent-na-komunie\/#breadcrumb"},"inLanguage":"pl-PL","potentialAction":[{"@type":"ReadAction","target":["https:\/\/greenowacja.pl\/produkt\/okragla-biala-doniczka-z-mchem-prezent-na-komunie\/"]}]},{"@type":"ImageObject","inLanguage":"pl-PL","@id":"https:\/\/greenowacja.pl\/produkt\/okragla-biala-doniczka-z-mchem-prezent-na-komunie\/#primaryimage","url":"https:\/\/greenowacja.pl\/wp-content\/uploads\/2024\/04\/IMG20240403135201.jpg","contentUrl":"https:\/\/greenowacja.pl\/wp-content\/uploads\/2024\/04\/IMG20240403135201.jpg","width":950,"height":950},{"@type":"BreadcrumbList","@id":"https:\/\/greenowacja.pl\/produkt\/okragla-biala-doniczka-z-mchem-prezent-na-komunie\/#breadcrumb","itemListElement":[{"@type":"ListItem","position":1,"name":"Strona g\u0142\u00f3wna","item":"https:\/\/greenowacja.pl\/"},{"@type":"ListItem","position":2,"name":"Sklep","item":"https:\/\/greenowacja.pl\/sklep-z-mchem-chrobotkiem\/"},{"@type":"ListItem","position":3,"name":"Okr\u0105g\u0142a kremowa doniczka z mchem &#8211; prezent na komuni\u0119"}]},{"@type":"WebSite","@id":"https:\/\/greenowacja.pl\/#website","url":"https:\/\/greenowacja.pl\/","name":"Ozdoby i prezenty z mchu | #u\u015bMECHnij si\u0119!","description":"","publisher":{"@id":"https:\/\/greenowacja.pl\/#organization"},"potentialAction":[{"@type":"SearchAction","target":{"@type":"EntryPoint","urlTemplate":"https:\/\/greenowacja.pl\/?s={search_term_string}"},"query-input":{"@type":"PropertyValueSpecification","valueRequired":true,"valueName":"search_term_string"}}],"inLanguage":"pl-PL"},{"@type":"Organization","@id":"https:\/\/greenowacja.pl\/#organization","name":"Ozdoby i prezenty z mchu | #u\u015bMECHnij si\u0119!","url":"https:\/\/greenowacja.pl\/","logo":{"@type":"ImageObject","inLanguage":"pl-PL","@id":"https:\/\/greenowacja.pl\/#\/schema\/logo\/image\/","url":"https:\/\/greenowacja.pl\/wp-content\/uploads\/2023\/08\/Logo-Greenowacja-wer-z-claimem-pozioma-2-kolory_Easy-Resize.com_.jpg","contentUrl":"https:\/\/greenowacja.pl\/wp-content\/uploads\/2023\/08\/Logo-Greenowacja-wer-z-claimem-pozioma-2-kolory_Easy-Resize.com_.jpg","width":1280,"height":426,"caption":"Ozdoby i prezenty z mchu | #u\u015bMECHnij si\u0119!"},"image":{"@id":"https:\/\/greenowacja.pl\/#\/schema\/logo\/image\/"},"sameAs":["https:\/\/www.facebook.com\/Greenowacja","https:\/\/www.instagram.com\/greenowacja\/"]}]}},"_links":{"self":[{"href":"https:\/\/greenowacja.pl\/wp-json\/wp\/v2\/product\/7334","targetHints":{"allow":["GET"]}}],"collection":[{"href":"https:\/\/greenowacja.pl\/wp-json\/wp\/v2\/product"}],"about":[{"href":"https:\/\/greenowacja.pl\/wp-json\/wp\/v2\/types\/product"}],"wp:featuredmedia":[{"embeddable":true,"href":"https:\/\/greenowacja.pl\/wp-json\/wp\/v2\/media\/7336"}],"wp:attachment":[{"href":"https:\/\/greenowacja.pl\/wp-json\/wp\/v2\/media?parent=7334"}],"wp:term":[{"taxonomy":"product_brand","embeddable":true,"href":"https:\/\/greenowacja.pl\/wp-json\/wp\/v2\/product_brand?post=7334"},{"taxonomy":"product_cat","embeddable":true,"href":"https:\/\/greenowacja.pl\/wp-json\/wp\/v2\/product_cat?post=7334"},{"taxonomy":"product_tag","embeddable":true,"href":"https:\/\/greenowacja.pl\/wp-json\/wp\/v2\/product_tag?post=7334"}],"curies":[{"name":"wp","href":"https:\/\/api.w.org\/{rel}","templated":true}]}}