{"id":7374,"date":"2024-04-03T21:38:47","date_gmt":"2024-04-03T19:38:47","guid":{"rendered":"https:\/\/greenowacja.pl\/?post_type=product&#038;p=7374"},"modified":"2025-08-27T16:34:38","modified_gmt":"2025-08-27T14:34:38","slug":"prezent-na-slub","status":"publish","type":"product","link":"https:\/\/greenowacja.pl\/produkt\/prezent-na-slub\/","title":{"rendered":"Prezent na \u015blub &#8211; Ramka z mchem i wizerunkiem pary m\u0142odej"},"content":{"rendered":"<h2>Prezent na \u015blub &#8211; Ramka z mchem i wizerunkiem pary m\u0142odej<\/h2>\n<p>Podaruj na ta wyj\u0105tkow\u0105 okazj\u0119 jak\u0105 jest zawarcie zwi\u0105zku ma\u0142\u017ce\u0144skiego co\u015b jedynego w swoim rodzaju. Bia\u0142a ramka z prawdziwym mchem oraz wizerunkiem pary m\u0142odej to doskona\u0142y spos\u00f3b na uczczenie tego wa\u017cnego momentu. Nasz\u0105 ramk\u0119, ozdabiamy najwy\u017cszej jako\u015bci mchem chrobotkiem z Finlandii.<\/p>\n<p><strong>Trwa\u0142o\u015b\u0107<\/strong><\/p>\n<p>Nasze produkty b\u0119d\u0105 cieszy\u0107 oko jeszcze przez wiele lat. Chrobotek w odr\u00f3\u017cnieniu od tradycyjnych ro\u015blin zachowuje sw\u00f3j pi\u0119kny wygl\u0105d przez d\u0142ugi czas. Dzi\u0119ki temu mo\u017cna cieszy\u0107 si\u0119 ich urokiem i naturalnym pi\u0119knem przez wiele sezon\u00f3w.<\/p>\n<p><strong>Detale<\/strong><\/p>\n<p>Niezwyk\u0142y design, wysoka jako\u015b\u0107 wykonania oraz trwa\u0142o\u015b\u0107 to cechy, kt\u00f3re wyr\u00f3\u017cniaj\u0105 nasze ozdoby spo\u015br\u00f3d innych prezent\u00f3w na \u015blub. To symboliczna pami\u0105tka, kt\u00f3ra b\u0119dzie przypomina\u0107 o tym wa\u017cnym dniu w \u017cyciu dziecka i jego rodziny. Nasze prace wykonujemy z najwy\u017csz\u0105 dba\u0142o\u015bci\u0105 o detale, staranno\u015bci\u0105 i uwag\u0105. Ka\u017cdy produkt tworzymy sami.<\/p>\n<p><strong>Ozd\u00f3b z chrobotka nie trzeba podlewa\u0107<\/strong><\/p>\n<p>Jedn\u0105 z najwi\u0119kszych zalet stabilizowanego mchu jest jest brak konieczno\u015bci podlewania. Chrobotek nie wymaga r\u00f3wnie\u017c zraszania, ani codziennej opieki.<\/p>\n<p><strong>Ramka z mchem<\/strong> posiada napisy: \u201cGratulacje\u201d, \u201cM\u0142odej Parze\u201d, \u201c\u017bycie To Mi\u0142o\u015b\u0107\u201d lub z okazji rocznicy \u015blubu \u201cRocznica \u015alubu\u201d oraz wizerunek m\u0142odej pary. Niezwykle estetyczne passe partout oraz dodatek suszonych kwiat\u00f3w na pewno zrobi niezapomniane wra\u017cenie.<\/p>\n<p><strong>Dane techniczne:<\/strong><\/p>\n<ul>\n<li>szeroko\u015b\u0107 20 cm<\/li>\n<li>d\u0142ugo\u015b\u0107 ok. 26 cm<\/li>\n<\/ul>\n<p>Czas realizacji zam\u00f3wienia wynosi zazwyczaj 3 dni robocze. Je\u015bli jednak zale\u017cy Pa\u0144stwu na szybszej dostawie, serdecznie zach\u0119camy do kontaktu telefonicznego, aby\u015bmy mogli dostosowa\u0107 si\u0119 do Pa\u0144stwa preferencji.<\/p>\n","protected":false},"excerpt":{"rendered":"<p><strong>Ramka z mchem<\/strong> posiada napisy: \u201cGratulacje\u201d, \u201cM\u0142odej Parze\u201d, \u201c\u017bycie To Mi\u0142o\u015b\u0107\u201d lub z okazji rocznicy \u015blubu \u201cRocznica \u015alubu\u201d oraz wizerunek m\u0142odej pary. Niezwykle estetyczne passe partout oraz dodatek suszonych kwiat\u00f3w na pewno zrobi niezapomniane wra\u017cenie.<\/p>\n","protected":false},"featured_media":7377,"template":"","meta":{"site-sidebar-layout":"default","site-content-layout":"","ast-site-content-layout":"default","site-content-style":"default","site-sidebar-style":"default","ast-global-header-display":"","ast-banner-title-visibility":"","ast-main-header-display":"","ast-hfb-above-header-display":"","ast-hfb-below-header-display":"","ast-hfb-mobile-header-display":"","site-post-title":"","ast-breadcrumbs-content":"","ast-featured-img":"","footer-sml-layout":"","theme-transparent-header-meta":"default","adv-header-id-meta":"","stick-header-meta":"","header-above-stick-meta":"","header-main-stick-meta":"","header-below-stick-meta":"","astra-migrate-meta-layouts":"set","ast-page-background-enabled":"default","ast-page-background-meta":{"desktop":{"background-color":"","background-image":"","background-repeat":"repeat","background-position":"center center","background-size":"auto","background-attachment":"scroll","background-type":"","background-media":"","overlay-type":"","overlay-color":"","overlay-opacity":"","overlay-gradient":""},"tablet":{"background-color":"","background-image":"","background-repeat":"repeat","background-position":"center center","background-size":"auto","background-attachment":"scroll","background-type":"","background-media":"","overlay-type":"","overlay-color":"","overlay-opacity":"","overlay-gradient":""},"mobile":{"background-color":"","background-image":"","background-repeat":"repeat","background-position":"center center","background-size":"auto","background-attachment":"scroll","background-type":"","background-media":"","overlay-type":"","overlay-color":"","overlay-opacity":"","overlay-gradient":""}},"ast-content-background-meta":{"desktop":{"background-color":"var(--ast-global-color-5)","background-image":"","background-repeat":"repeat","background-position":"center center","background-size":"auto","background-attachment":"scroll","background-type":"","background-media":"","overlay-type":"","overlay-color":"","overlay-opacity":"","overlay-gradient":""},"tablet":{"background-color":"var(--ast-global-color-5)","background-image":"","background-repeat":"repeat","background-position":"center center","background-size":"auto","background-attachment":"scroll","background-type":"","background-media":"","overlay-type":"","overlay-color":"","overlay-opacity":"","overlay-gradient":""},"mobile":{"background-color":"var(--ast-global-color-5)","background-image":"","background-repeat":"repeat","background-position":"center center","background-size":"auto","background-attachment":"scroll","background-type":"","background-media":"","overlay-type":"","overlay-color":"","overlay-opacity":"","overlay-gradient":""}}},"product_brand":[],"product_cat":[53,42,59],"product_tag":[],"class_list":{"0":"post-7374","1":"product","2":"type-product","3":"status-publish","4":"has-post-thumbnail","6":"product_cat-prezenty-na-slub-z-mchem","7":"product_cat-obrazy-z-chrobotkiem","8":"product_cat-prezenty-z-mchem","9":"desktop-align-left","10":"tablet-align-left","11":"mobile-align-left","13":"first","14":"instock","15":"taxable","16":"shipping-taxable","17":"purchasable","18":"product-type-simple"},"yoast_head":"<!-- This site is optimized with the Yoast SEO plugin v27.4 - https:\/\/yoast.com\/product\/yoast-seo-wordpress\/ -->\n<title>Prezent na \u015blub - Ramka z mchem<\/title>\n<meta name=\"description\" content=\"Ramka z mchem. Pomys\u0142 prezent \u015blubny. Kwiaty suszone. Napisy do wyboru.\" \/>\n<meta name=\"robots\" content=\"index, follow, max-snippet:-1, max-image-preview:large, max-video-preview:-1\" \/>\n<link rel=\"canonical\" href=\"https:\/\/greenowacja.pl\/produkt\/prezent-na-slub\/\" \/>\n<meta property=\"og:locale\" content=\"pl_PL\" \/>\n<meta property=\"og:type\" content=\"article\" \/>\n<meta property=\"og:title\" content=\"Prezent na \u015blub - Ramka z mchem\" \/>\n<meta property=\"og:description\" content=\"Ramka z mchem. Pomys\u0142 prezent \u015blubny. Kwiaty suszone. Napisy do wyboru.\" \/>\n<meta property=\"og:url\" content=\"https:\/\/greenowacja.pl\/produkt\/prezent-na-slub\/\" \/>\n<meta property=\"og:site_name\" content=\"Ozdoby i prezenty z mchu | #u\u015bMECHnij si\u0119!\" \/>\n<meta property=\"article:publisher\" content=\"https:\/\/www.facebook.com\/Greenowacja\" \/>\n<meta property=\"article:modified_time\" content=\"2025-08-27T14:34:38+00:00\" \/>\n<meta property=\"og:image\" content=\"https:\/\/greenowacja.pl\/wp-content\/uploads\/2024\/04\/IMG20240403140722.jpg\" \/>\n\t<meta property=\"og:image:width\" content=\"950\" \/>\n\t<meta property=\"og:image:height\" content=\"950\" \/>\n\t<meta property=\"og:image:type\" content=\"image\/jpeg\" \/>\n<meta name=\"twitter:card\" content=\"summary_large_image\" \/>\n<meta name=\"twitter:label1\" content=\"Szacowany czas czytania\" \/>\n\t<meta name=\"twitter:data1\" content=\"2 minuty\" \/>\n<script type=\"application\/ld+json\" class=\"yoast-schema-graph\">{\"@context\":\"https:\\\/\\\/schema.org\",\"@graph\":[{\"@type\":\"WebPage\",\"@id\":\"https:\\\/\\\/greenowacja.pl\\\/produkt\\\/prezent-na-slub\\\/\",\"url\":\"https:\\\/\\\/greenowacja.pl\\\/produkt\\\/prezent-na-slub\\\/\",\"name\":\"Prezent na \u015blub - Ramka z mchem\",\"isPartOf\":{\"@id\":\"https:\\\/\\\/greenowacja.pl\\\/#website\"},\"primaryImageOfPage\":{\"@id\":\"https:\\\/\\\/greenowacja.pl\\\/produkt\\\/prezent-na-slub\\\/#primaryimage\"},\"image\":{\"@id\":\"https:\\\/\\\/greenowacja.pl\\\/produkt\\\/prezent-na-slub\\\/#primaryimage\"},\"thumbnailUrl\":\"https:\\\/\\\/greenowacja.pl\\\/wp-content\\\/uploads\\\/2024\\\/04\\\/IMG20240403140722.jpg\",\"datePublished\":\"2024-04-03T19:38:47+00:00\",\"dateModified\":\"2025-08-27T14:34:38+00:00\",\"description\":\"Ramka z mchem. Pomys\u0142 prezent \u015blubny. Kwiaty suszone. Napisy do wyboru.\",\"breadcrumb\":{\"@id\":\"https:\\\/\\\/greenowacja.pl\\\/produkt\\\/prezent-na-slub\\\/#breadcrumb\"},\"inLanguage\":\"pl-PL\",\"potentialAction\":[{\"@type\":\"ReadAction\",\"target\":[\"https:\\\/\\\/greenowacja.pl\\\/produkt\\\/prezent-na-slub\\\/\"]}]},{\"@type\":\"ImageObject\",\"inLanguage\":\"pl-PL\",\"@id\":\"https:\\\/\\\/greenowacja.pl\\\/produkt\\\/prezent-na-slub\\\/#primaryimage\",\"url\":\"https:\\\/\\\/greenowacja.pl\\\/wp-content\\\/uploads\\\/2024\\\/04\\\/IMG20240403140722.jpg\",\"contentUrl\":\"https:\\\/\\\/greenowacja.pl\\\/wp-content\\\/uploads\\\/2024\\\/04\\\/IMG20240403140722.jpg\",\"width\":950,\"height\":950},{\"@type\":\"BreadcrumbList\",\"@id\":\"https:\\\/\\\/greenowacja.pl\\\/produkt\\\/prezent-na-slub\\\/#breadcrumb\",\"itemListElement\":[{\"@type\":\"ListItem\",\"position\":1,\"name\":\"Strona g\u0142\u00f3wna\",\"item\":\"https:\\\/\\\/greenowacja.pl\\\/\"},{\"@type\":\"ListItem\",\"position\":2,\"name\":\"Sklep\",\"item\":\"https:\\\/\\\/greenowacja.pl\\\/sklep-z-mchem-chrobotkiem\\\/\"},{\"@type\":\"ListItem\",\"position\":3,\"name\":\"Prezent na \u015blub &#8211; Ramka z mchem i wizerunkiem pary m\u0142odej\"}]},{\"@type\":\"WebSite\",\"@id\":\"https:\\\/\\\/greenowacja.pl\\\/#website\",\"url\":\"https:\\\/\\\/greenowacja.pl\\\/\",\"name\":\"Ozdoby i prezenty z mchu | #u\u015bMECHnij si\u0119!\",\"description\":\"\",\"publisher\":{\"@id\":\"https:\\\/\\\/greenowacja.pl\\\/#organization\"},\"potentialAction\":[{\"@type\":\"SearchAction\",\"target\":{\"@type\":\"EntryPoint\",\"urlTemplate\":\"https:\\\/\\\/greenowacja.pl\\\/?s={search_term_string}\"},\"query-input\":{\"@type\":\"PropertyValueSpecification\",\"valueRequired\":true,\"valueName\":\"search_term_string\"}}],\"inLanguage\":\"pl-PL\"},{\"@type\":\"Organization\",\"@id\":\"https:\\\/\\\/greenowacja.pl\\\/#organization\",\"name\":\"Ozdoby i prezenty z mchu | #u\u015bMECHnij si\u0119!\",\"url\":\"https:\\\/\\\/greenowacja.pl\\\/\",\"logo\":{\"@type\":\"ImageObject\",\"inLanguage\":\"pl-PL\",\"@id\":\"https:\\\/\\\/greenowacja.pl\\\/#\\\/schema\\\/logo\\\/image\\\/\",\"url\":\"https:\\\/\\\/greenowacja.pl\\\/wp-content\\\/uploads\\\/2023\\\/08\\\/Logo-Greenowacja-wer-z-claimem-pozioma-2-kolory_Easy-Resize.com_.jpg\",\"contentUrl\":\"https:\\\/\\\/greenowacja.pl\\\/wp-content\\\/uploads\\\/2023\\\/08\\\/Logo-Greenowacja-wer-z-claimem-pozioma-2-kolory_Easy-Resize.com_.jpg\",\"width\":1280,\"height\":426,\"caption\":\"Ozdoby i prezenty z mchu | #u\u015bMECHnij si\u0119!\"},\"image\":{\"@id\":\"https:\\\/\\\/greenowacja.pl\\\/#\\\/schema\\\/logo\\\/image\\\/\"},\"sameAs\":[\"https:\\\/\\\/www.facebook.com\\\/Greenowacja\",\"https:\\\/\\\/www.instagram.com\\\/greenowacja\\\/\"]}]}<\/script>\n<!-- \/ Yoast SEO plugin. -->","yoast_head_json":{"title":"Prezent na \u015blub - Ramka z mchem","description":"Ramka z mchem. Pomys\u0142 prezent \u015blubny. Kwiaty suszone. Napisy do wyboru.","robots":{"index":"index","follow":"follow","max-snippet":"max-snippet:-1","max-image-preview":"max-image-preview:large","max-video-preview":"max-video-preview:-1"},"canonical":"https:\/\/greenowacja.pl\/produkt\/prezent-na-slub\/","og_locale":"pl_PL","og_type":"article","og_title":"Prezent na \u015blub - Ramka z mchem","og_description":"Ramka z mchem. Pomys\u0142 prezent \u015blubny. Kwiaty suszone. Napisy do wyboru.","og_url":"https:\/\/greenowacja.pl\/produkt\/prezent-na-slub\/","og_site_name":"Ozdoby i prezenty z mchu | #u\u015bMECHnij si\u0119!","article_publisher":"https:\/\/www.facebook.com\/Greenowacja","article_modified_time":"2025-08-27T14:34:38+00:00","og_image":[{"width":950,"height":950,"url":"https:\/\/greenowacja.pl\/wp-content\/uploads\/2024\/04\/IMG20240403140722.jpg","type":"image\/jpeg"}],"twitter_card":"summary_large_image","twitter_misc":{"Szacowany czas czytania":"2 minuty"},"schema":{"@context":"https:\/\/schema.org","@graph":[{"@type":"WebPage","@id":"https:\/\/greenowacja.pl\/produkt\/prezent-na-slub\/","url":"https:\/\/greenowacja.pl\/produkt\/prezent-na-slub\/","name":"Prezent na \u015blub - Ramka z mchem","isPartOf":{"@id":"https:\/\/greenowacja.pl\/#website"},"primaryImageOfPage":{"@id":"https:\/\/greenowacja.pl\/produkt\/prezent-na-slub\/#primaryimage"},"image":{"@id":"https:\/\/greenowacja.pl\/produkt\/prezent-na-slub\/#primaryimage"},"thumbnailUrl":"https:\/\/greenowacja.pl\/wp-content\/uploads\/2024\/04\/IMG20240403140722.jpg","datePublished":"2024-04-03T19:38:47+00:00","dateModified":"2025-08-27T14:34:38+00:00","description":"Ramka z mchem. Pomys\u0142 prezent \u015blubny. Kwiaty suszone. Napisy do wyboru.","breadcrumb":{"@id":"https:\/\/greenowacja.pl\/produkt\/prezent-na-slub\/#breadcrumb"},"inLanguage":"pl-PL","potentialAction":[{"@type":"ReadAction","target":["https:\/\/greenowacja.pl\/produkt\/prezent-na-slub\/"]}]},{"@type":"ImageObject","inLanguage":"pl-PL","@id":"https:\/\/greenowacja.pl\/produkt\/prezent-na-slub\/#primaryimage","url":"https:\/\/greenowacja.pl\/wp-content\/uploads\/2024\/04\/IMG20240403140722.jpg","contentUrl":"https:\/\/greenowacja.pl\/wp-content\/uploads\/2024\/04\/IMG20240403140722.jpg","width":950,"height":950},{"@type":"BreadcrumbList","@id":"https:\/\/greenowacja.pl\/produkt\/prezent-na-slub\/#breadcrumb","itemListElement":[{"@type":"ListItem","position":1,"name":"Strona g\u0142\u00f3wna","item":"https:\/\/greenowacja.pl\/"},{"@type":"ListItem","position":2,"name":"Sklep","item":"https:\/\/greenowacja.pl\/sklep-z-mchem-chrobotkiem\/"},{"@type":"ListItem","position":3,"name":"Prezent na \u015blub &#8211; Ramka z mchem i wizerunkiem pary m\u0142odej"}]},{"@type":"WebSite","@id":"https:\/\/greenowacja.pl\/#website","url":"https:\/\/greenowacja.pl\/","name":"Ozdoby i prezenty z mchu | #u\u015bMECHnij si\u0119!","description":"","publisher":{"@id":"https:\/\/greenowacja.pl\/#organization"},"potentialAction":[{"@type":"SearchAction","target":{"@type":"EntryPoint","urlTemplate":"https:\/\/greenowacja.pl\/?s={search_term_string}"},"query-input":{"@type":"PropertyValueSpecification","valueRequired":true,"valueName":"search_term_string"}}],"inLanguage":"pl-PL"},{"@type":"Organization","@id":"https:\/\/greenowacja.pl\/#organization","name":"Ozdoby i prezenty z mchu | #u\u015bMECHnij si\u0119!","url":"https:\/\/greenowacja.pl\/","logo":{"@type":"ImageObject","inLanguage":"pl-PL","@id":"https:\/\/greenowacja.pl\/#\/schema\/logo\/image\/","url":"https:\/\/greenowacja.pl\/wp-content\/uploads\/2023\/08\/Logo-Greenowacja-wer-z-claimem-pozioma-2-kolory_Easy-Resize.com_.jpg","contentUrl":"https:\/\/greenowacja.pl\/wp-content\/uploads\/2023\/08\/Logo-Greenowacja-wer-z-claimem-pozioma-2-kolory_Easy-Resize.com_.jpg","width":1280,"height":426,"caption":"Ozdoby i prezenty z mchu | #u\u015bMECHnij si\u0119!"},"image":{"@id":"https:\/\/greenowacja.pl\/#\/schema\/logo\/image\/"},"sameAs":["https:\/\/www.facebook.com\/Greenowacja","https:\/\/www.instagram.com\/greenowacja\/"]}]}},"_links":{"self":[{"href":"https:\/\/greenowacja.pl\/wp-json\/wp\/v2\/product\/7374","targetHints":{"allow":["GET"]}}],"collection":[{"href":"https:\/\/greenowacja.pl\/wp-json\/wp\/v2\/product"}],"about":[{"href":"https:\/\/greenowacja.pl\/wp-json\/wp\/v2\/types\/product"}],"wp:featuredmedia":[{"embeddable":true,"href":"https:\/\/greenowacja.pl\/wp-json\/wp\/v2\/media\/7377"}],"wp:attachment":[{"href":"https:\/\/greenowacja.pl\/wp-json\/wp\/v2\/media?parent=7374"}],"wp:term":[{"taxonomy":"product_brand","embeddable":true,"href":"https:\/\/greenowacja.pl\/wp-json\/wp\/v2\/product_brand?post=7374"},{"taxonomy":"product_cat","embeddable":true,"href":"https:\/\/greenowacja.pl\/wp-json\/wp\/v2\/product_cat?post=7374"},{"taxonomy":"product_tag","embeddable":true,"href":"https:\/\/greenowacja.pl\/wp-json\/wp\/v2\/product_tag?post=7374"}],"curies":[{"name":"wp","href":"https:\/\/api.w.org\/{rel}","templated":true}]}}