{"id":7439,"date":"2024-04-17T10:23:08","date_gmt":"2024-04-17T08:23:08","guid":{"rendered":"https:\/\/greenowacja.pl\/?post_type=product&#038;p=7439"},"modified":"2026-04-15T22:15:12","modified_gmt":"2026-04-15T20:15:12","slug":"panel-z-mchem-heksagon","status":"publish","type":"product","link":"https:\/\/greenowacja.pl\/produkt\/panel-z-mchem-heksagon\/","title":{"rendered":"Panel z mchem &#8211; heksagon"},"content":{"rendered":"<div class=\"flex flex-grow flex-col max-w-full\">\n<div class=\"min-h-[20px] text-message flex flex-col items-start gap-3 whitespace-pre-wrap break-words [.text-message+&amp;]:mt-5 overflow-x-auto\" dir=\"auto\" data-message-author-role=\"assistant\" data-message-id=\"bcb70606-d8af-4e2c-bc6b-8560e859e84c\">\n<div class=\"markdown prose w-full break-words dark:prose-invert light\">\n<h3><strong>Panel w kszta\u0142cie heksagonu ozdobiony chrobotkiem reniferowym.<\/strong><\/h3>\n<p>&nbsp;<\/p>\n<p><strong>Tw\u00f3rz w\u0142asne kompozycje<\/strong><\/p>\n<p>Nasi klienci maj\u0105 mo\u017cliwo\u015b\u0107 \u0142\u0105czenia tych trzech rodzaj\u00f3w paneli w dowolnych konfiguracjach i ilo\u015bciach, aby stworzy\u0107 w\u0142asne unikalne kompozycje, kt\u00f3re najlepiej odzwierciedlaj\u0105 ich styl i potrzeby. Dzi\u0119ki temu ka\u017cdy mo\u017ce stworzy\u0107 przestrze\u0144, kt\u00f3ra jest wyj\u0105tkowa i zgodna z jego indywidualnymi preferencjami. <strong>Wybierz spo\u015br\u00f3d 4 paneli i tw\u00f3rz swoje kompozycje w dowolnej konfiguracji<\/strong><\/p>\n<p>&nbsp;<\/p>\n<p><strong>Do wyboru mamy panele heksagonalne:<\/strong><\/p>\n<ul>\n<li>ozdobione mchem &#8211; r\u0119cznie zdobione fi\u0144skim chrobotkiem klasy premium zielone panele<\/li>\n<\/ul>\n<p>oraz idealne do uzupe\u0142nienia twojej kompozycji<\/p>\n<ul>\n<li>z oklein\u0105 w kolorze czarnym<\/li>\n<li>z oklein\u0105 w kolorze d\u0119bowym<\/li>\n<\/ul>\n<p>&nbsp;<\/p>\n<p><strong>Wymiary paneli:<\/strong><br \/>\n&#8211; przek\u0105tna w najszerszym miejscu 24cm.<br \/>\n&#8211; przek\u0105tna od bok\u00f3w 20,5cm.<br \/>\n&#8211; bok 12cm.<\/p>\n<p><strong>R\u0119czne wykonanie dla najwy\u017cszej jako\u015bci:<\/strong> Ka\u017cdy panel jest starannie wykonany r\u0119cznie, aby zapewni\u0107 nie tylko estetyczny wygl\u0105d, ale r\u00f3wnie\u017c trwa\u0142o\u015b\u0107 i niezmienn\u0105 jako\u015b\u0107. Wykorzystujemy tylko mech fi\u0144ski najwy\u017cszej jako\u015bci, co gwarantuje naturalny wygl\u0105d i d\u0142ugotrwa\u0142\u0105 \u015bwie\u017co\u015b\u0107.<\/p>\n<p><strong>Bezobs\u0142ugowo\u015b\u0107 i trwa\u0142o\u015b\u0107:<\/strong> Dzi\u0119ki naturalnemu pochodzeniu chrobotka reniferowego i procesowi stabilizacji, nasze panele nie wymagaj\u0105 \u017cadnej piel\u0119gnacji. S\u0105 odporne na wilgo\u0107 i utrzymuj\u0105 sw\u00f3j wygl\u0105d przez wiele lat.<\/p>\n<p><strong>Dowolna ilo\u015b\u0107:<\/strong> Panele s\u0105 dost\u0119pne bez ogranicze\u0144 co do ilo\u015bci zam\u00f3wienia &#8211; mo\u017cesz zam\u00f3wi\u0107 dok\u0142adnie tyle, ile potrzebujesz.<\/p>\n<p><strong>Prosty monta\u017c:<\/strong> Monta\u017c jest \u0142atwy i szybki. <strong>Ka\u017cdy panel podklejony jest rzepami samoprzylepnymi.<\/strong> Dzi\u0119ki zastosowaniu rzep\u00f3w mo\u017cna dokona\u0107 korekt zawieszenia. Je\u017celi chcesz u\u017cy\u0107 wkr\u0119t\u00f3w lub kleju monta\u017cowego, prosimy o informacje w zam\u00f3wieniu. W takim przypadku nie przyklejamy rzep\u00f3w.<\/p>\n<p><strong>Stw\u00f3rz unikaln\u0105 przestrze\u0144:<\/strong> Zastosuj nasz panel heksagonalny w r\u00f3\u017cnych miejscach, takich jak \u015bciany, wn\u0119ki, czy nawet sufity, aby stworzy\u0107 wyj\u0105tkow\u0105 i naturaln\u0105 atmosfer\u0119 w swoim domu, biurze lub przestrzeni komercyjnej.<\/p>\n<p><strong>Rozbud\u017a swoj\u0105 kreatywno\u015b\u0107:<\/strong> Dzi\u0119ki naszym panelom mo\u017cesz wyrazi\u0107 swoj\u0105 kreatywno\u015b\u0107 i stworzy\u0107 wn\u0119trze, kt\u00f3re b\u0119dzie odzwierciedla\u0107 Tw\u00f3j unikalny styl i osobowo\u015b\u0107.<\/p>\n<\/div>\n<h3 data-start=\"1289\" data-end=\"1310\"><strong data-start=\"1293\" data-end=\"1310\">Prosty monta\u017c<\/strong><\/h3>\n<p data-start=\"1312\" data-end=\"1513\">W wersji z rzepami samoprzylepnymi monta\u017c jest szybki i bezinwazyjny<br data-start=\"1402\" data-end=\"1405\" \/>Je\u015bli wolisz monta\u017c na wkr\u0119tach lub kleju monta\u017cowym \u2014 wybierz, panel bez rzep\u00f3w.<\/p>\n<\/div>\n<\/div>\n","protected":false},"excerpt":{"rendered":"<p><strong>Tw\u00f3rz w\u0142asne kompozycje<\/strong><\/p>\n<p>Nasi klienci maj\u0105 mo\u017cliwo\u015b\u0107 \u0142\u0105czenia tych trzech rodzaj\u00f3w paneli w dowolnych konfiguracjach i ilo\u015bciach, aby stworzy\u0107 w\u0142asne unikalne kompozycje, kt\u00f3re najlepiej odzwierciedlaj\u0105 ich styl i potrzeby. Dzi\u0119ki temu ka\u017cdy mo\u017ce stworzy\u0107 przestrze\u0144, kt\u00f3ra jest wyj\u0105tkowa i zgodna z jego indywidualnymi preferencjami. <strong>Wybierz spo\u015br\u00f3d 4 paneli i tw\u00f3rz swoje kompozycje w dowolnej konfiguracji<\/strong><\/p>\n<p>Zastosowanie rzep\u00f3w samoprzylepnych umo\u017cliwia:<br \/>\n&#8211; dokonanie korekt po\u0142o\u017cenia nawet po zawieszeniu paneli.<br \/>\n&#8211; dowoln\u0105 zmian\u0119 aran\u017cacji ca\u0142ej kompozycji<\/p>\n","protected":false},"featured_media":7475,"template":"","meta":{"site-sidebar-layout":"default","site-content-layout":"","ast-site-content-layout":"default","site-content-style":"default","site-sidebar-style":"default","ast-global-header-display":"","ast-banner-title-visibility":"","ast-main-header-display":"","ast-hfb-above-header-display":"","ast-hfb-below-header-display":"","ast-hfb-mobile-header-display":"","site-post-title":"","ast-breadcrumbs-content":"","ast-featured-img":"","footer-sml-layout":"","theme-transparent-header-meta":"default","adv-header-id-meta":"","stick-header-meta":"","header-above-stick-meta":"","header-main-stick-meta":"","header-below-stick-meta":"","astra-migrate-meta-layouts":"set","ast-page-background-enabled":"default","ast-page-background-meta":{"desktop":{"background-color":"","background-image":"","background-repeat":"repeat","background-position":"center center","background-size":"auto","background-attachment":"scroll","background-type":"","background-media":"","overlay-type":"","overlay-color":"","overlay-opacity":"","overlay-gradient":""},"tablet":{"background-color":"","background-image":"","background-repeat":"repeat","background-position":"center center","background-size":"auto","background-attachment":"scroll","background-type":"","background-media":"","overlay-type":"","overlay-color":"","overlay-opacity":"","overlay-gradient":""},"mobile":{"background-color":"","background-image":"","background-repeat":"repeat","background-position":"center center","background-size":"auto","background-attachment":"scroll","background-type":"","background-media":"","overlay-type":"","overlay-color":"","overlay-opacity":"","overlay-gradient":""}},"ast-content-background-meta":{"desktop":{"background-color":"var(--ast-global-color-5)","background-image":"","background-repeat":"repeat","background-position":"center center","background-size":"auto","background-attachment":"scroll","background-type":"","background-media":"","overlay-type":"","overlay-color":"","overlay-opacity":"","overlay-gradient":""},"tablet":{"background-color":"var(--ast-global-color-5)","background-image":"","background-repeat":"repeat","background-position":"center center","background-size":"auto","background-attachment":"scroll","background-type":"","background-media":"","overlay-type":"","overlay-color":"","overlay-opacity":"","overlay-gradient":""},"mobile":{"background-color":"var(--ast-global-color-5)","background-image":"","background-repeat":"repeat","background-position":"center center","background-size":"auto","background-attachment":"scroll","background-type":"","background-media":"","overlay-type":"","overlay-color":"","overlay-opacity":"","overlay-gradient":""}}},"product_brand":[],"product_cat":[94,97],"product_tag":[],"class_list":{"0":"post-7439","1":"product","2":"type-product","3":"status-publish","4":"has-post-thumbnail","6":"product_cat-prezenty-dla-niego","7":"product_cat-panele-z-mchu","8":"desktop-align-left","9":"tablet-align-left","10":"mobile-align-left","12":"first","13":"instock","14":"taxable","15":"shipping-taxable","16":"purchasable","17":"product-type-variable"},"yoast_head":"<!-- This site is optimized with the Yoast SEO plugin v27.4 - https:\/\/yoast.com\/product\/yoast-seo-wordpress\/ -->\n<title>Panel z mchem- heksagon<\/title>\n<meta name=\"description\" content=\"Heksagon ozdobiony chrobotkiem reniferowym. Tw\u00f3rz swoj\u0105 w\u0142asn\u0105 kompozycj\u0119 z 4 dost\u0119pnych paneli.\" \/>\n<meta name=\"robots\" content=\"index, follow, max-snippet:-1, max-image-preview:large, max-video-preview:-1\" \/>\n<link rel=\"canonical\" href=\"https:\/\/greenowacja.pl\/produkt\/panel-z-mchem-heksagon\/\" \/>\n<meta property=\"og:locale\" content=\"pl_PL\" \/>\n<meta property=\"og:type\" content=\"article\" \/>\n<meta property=\"og:title\" content=\"Panel z mchem- heksagon\" \/>\n<meta property=\"og:description\" content=\"Heksagon ozdobiony chrobotkiem reniferowym. Tw\u00f3rz swoj\u0105 w\u0142asn\u0105 kompozycj\u0119 z 4 dost\u0119pnych paneli.\" \/>\n<meta property=\"og:url\" content=\"https:\/\/greenowacja.pl\/produkt\/panel-z-mchem-heksagon\/\" \/>\n<meta property=\"og:site_name\" content=\"Ozdoby i prezenty z mchu | #u\u015bMECHnij si\u0119!\" \/>\n<meta property=\"article:publisher\" content=\"https:\/\/www.facebook.com\/Greenowacja\" \/>\n<meta property=\"article:modified_time\" content=\"2026-04-15T20:15:12+00:00\" \/>\n<meta property=\"og:image\" content=\"https:\/\/greenowacja.pl\/wp-content\/uploads\/2024\/04\/zdjecia-allegro-27.jpg\" \/>\n\t<meta property=\"og:image:width\" content=\"2560\" \/>\n\t<meta property=\"og:image:height\" content=\"2560\" \/>\n\t<meta property=\"og:image:type\" content=\"image\/jpeg\" \/>\n<meta name=\"twitter:card\" content=\"summary_large_image\" \/>\n<meta name=\"twitter:label1\" content=\"Szacowany czas czytania\" \/>\n\t<meta name=\"twitter:data1\" content=\"3 minuty\" \/>\n<script type=\"application\/ld+json\" class=\"yoast-schema-graph\">{\"@context\":\"https:\\\/\\\/schema.org\",\"@graph\":[{\"@type\":\"WebPage\",\"@id\":\"https:\\\/\\\/greenowacja.pl\\\/produkt\\\/panel-z-mchem-heksagon\\\/\",\"url\":\"https:\\\/\\\/greenowacja.pl\\\/produkt\\\/panel-z-mchem-heksagon\\\/\",\"name\":\"Panel z mchem- heksagon\",\"isPartOf\":{\"@id\":\"https:\\\/\\\/greenowacja.pl\\\/#website\"},\"primaryImageOfPage\":{\"@id\":\"https:\\\/\\\/greenowacja.pl\\\/produkt\\\/panel-z-mchem-heksagon\\\/#primaryimage\"},\"image\":{\"@id\":\"https:\\\/\\\/greenowacja.pl\\\/produkt\\\/panel-z-mchem-heksagon\\\/#primaryimage\"},\"thumbnailUrl\":\"https:\\\/\\\/greenowacja.pl\\\/wp-content\\\/uploads\\\/2024\\\/04\\\/zdjecia-allegro-27.jpg\",\"datePublished\":\"2024-04-17T08:23:08+00:00\",\"dateModified\":\"2026-04-15T20:15:12+00:00\",\"description\":\"Heksagon ozdobiony chrobotkiem reniferowym. Tw\u00f3rz swoj\u0105 w\u0142asn\u0105 kompozycj\u0119 z 4 dost\u0119pnych paneli.\",\"breadcrumb\":{\"@id\":\"https:\\\/\\\/greenowacja.pl\\\/produkt\\\/panel-z-mchem-heksagon\\\/#breadcrumb\"},\"inLanguage\":\"pl-PL\",\"potentialAction\":[{\"@type\":\"ReadAction\",\"target\":[\"https:\\\/\\\/greenowacja.pl\\\/produkt\\\/panel-z-mchem-heksagon\\\/\"]}]},{\"@type\":\"ImageObject\",\"inLanguage\":\"pl-PL\",\"@id\":\"https:\\\/\\\/greenowacja.pl\\\/produkt\\\/panel-z-mchem-heksagon\\\/#primaryimage\",\"url\":\"https:\\\/\\\/greenowacja.pl\\\/wp-content\\\/uploads\\\/2024\\\/04\\\/zdjecia-allegro-27.jpg\",\"contentUrl\":\"https:\\\/\\\/greenowacja.pl\\\/wp-content\\\/uploads\\\/2024\\\/04\\\/zdjecia-allegro-27.jpg\",\"width\":2560,\"height\":2560},{\"@type\":\"BreadcrumbList\",\"@id\":\"https:\\\/\\\/greenowacja.pl\\\/produkt\\\/panel-z-mchem-heksagon\\\/#breadcrumb\",\"itemListElement\":[{\"@type\":\"ListItem\",\"position\":1,\"name\":\"Strona g\u0142\u00f3wna\",\"item\":\"https:\\\/\\\/greenowacja.pl\\\/\"},{\"@type\":\"ListItem\",\"position\":2,\"name\":\"Sklep\",\"item\":\"https:\\\/\\\/greenowacja.pl\\\/sklep-z-mchem-chrobotkiem\\\/\"},{\"@type\":\"ListItem\",\"position\":3,\"name\":\"Panel z mchem &#8211; heksagon\"}]},{\"@type\":\"WebSite\",\"@id\":\"https:\\\/\\\/greenowacja.pl\\\/#website\",\"url\":\"https:\\\/\\\/greenowacja.pl\\\/\",\"name\":\"Ozdoby i prezenty z mchu | #u\u015bMECHnij si\u0119!\",\"description\":\"\",\"publisher\":{\"@id\":\"https:\\\/\\\/greenowacja.pl\\\/#organization\"},\"potentialAction\":[{\"@type\":\"SearchAction\",\"target\":{\"@type\":\"EntryPoint\",\"urlTemplate\":\"https:\\\/\\\/greenowacja.pl\\\/?s={search_term_string}\"},\"query-input\":{\"@type\":\"PropertyValueSpecification\",\"valueRequired\":true,\"valueName\":\"search_term_string\"}}],\"inLanguage\":\"pl-PL\"},{\"@type\":\"Organization\",\"@id\":\"https:\\\/\\\/greenowacja.pl\\\/#organization\",\"name\":\"Ozdoby i prezenty z mchu | #u\u015bMECHnij si\u0119!\",\"url\":\"https:\\\/\\\/greenowacja.pl\\\/\",\"logo\":{\"@type\":\"ImageObject\",\"inLanguage\":\"pl-PL\",\"@id\":\"https:\\\/\\\/greenowacja.pl\\\/#\\\/schema\\\/logo\\\/image\\\/\",\"url\":\"https:\\\/\\\/greenowacja.pl\\\/wp-content\\\/uploads\\\/2023\\\/08\\\/Logo-Greenowacja-wer-z-claimem-pozioma-2-kolory_Easy-Resize.com_.jpg\",\"contentUrl\":\"https:\\\/\\\/greenowacja.pl\\\/wp-content\\\/uploads\\\/2023\\\/08\\\/Logo-Greenowacja-wer-z-claimem-pozioma-2-kolory_Easy-Resize.com_.jpg\",\"width\":1280,\"height\":426,\"caption\":\"Ozdoby i prezenty z mchu | #u\u015bMECHnij si\u0119!\"},\"image\":{\"@id\":\"https:\\\/\\\/greenowacja.pl\\\/#\\\/schema\\\/logo\\\/image\\\/\"},\"sameAs\":[\"https:\\\/\\\/www.facebook.com\\\/Greenowacja\",\"https:\\\/\\\/www.instagram.com\\\/greenowacja\\\/\"]}]}<\/script>\n<!-- \/ Yoast SEO plugin. -->","yoast_head_json":{"title":"Panel z mchem- heksagon","description":"Heksagon ozdobiony chrobotkiem reniferowym. Tw\u00f3rz swoj\u0105 w\u0142asn\u0105 kompozycj\u0119 z 4 dost\u0119pnych paneli.","robots":{"index":"index","follow":"follow","max-snippet":"max-snippet:-1","max-image-preview":"max-image-preview:large","max-video-preview":"max-video-preview:-1"},"canonical":"https:\/\/greenowacja.pl\/produkt\/panel-z-mchem-heksagon\/","og_locale":"pl_PL","og_type":"article","og_title":"Panel z mchem- heksagon","og_description":"Heksagon ozdobiony chrobotkiem reniferowym. Tw\u00f3rz swoj\u0105 w\u0142asn\u0105 kompozycj\u0119 z 4 dost\u0119pnych paneli.","og_url":"https:\/\/greenowacja.pl\/produkt\/panel-z-mchem-heksagon\/","og_site_name":"Ozdoby i prezenty z mchu | #u\u015bMECHnij si\u0119!","article_publisher":"https:\/\/www.facebook.com\/Greenowacja","article_modified_time":"2026-04-15T20:15:12+00:00","og_image":[{"width":2560,"height":2560,"url":"https:\/\/greenowacja.pl\/wp-content\/uploads\/2024\/04\/zdjecia-allegro-27.jpg","type":"image\/jpeg"}],"twitter_card":"summary_large_image","twitter_misc":{"Szacowany czas czytania":"3 minuty"},"schema":{"@context":"https:\/\/schema.org","@graph":[{"@type":"WebPage","@id":"https:\/\/greenowacja.pl\/produkt\/panel-z-mchem-heksagon\/","url":"https:\/\/greenowacja.pl\/produkt\/panel-z-mchem-heksagon\/","name":"Panel z mchem- heksagon","isPartOf":{"@id":"https:\/\/greenowacja.pl\/#website"},"primaryImageOfPage":{"@id":"https:\/\/greenowacja.pl\/produkt\/panel-z-mchem-heksagon\/#primaryimage"},"image":{"@id":"https:\/\/greenowacja.pl\/produkt\/panel-z-mchem-heksagon\/#primaryimage"},"thumbnailUrl":"https:\/\/greenowacja.pl\/wp-content\/uploads\/2024\/04\/zdjecia-allegro-27.jpg","datePublished":"2024-04-17T08:23:08+00:00","dateModified":"2026-04-15T20:15:12+00:00","description":"Heksagon ozdobiony chrobotkiem reniferowym. Tw\u00f3rz swoj\u0105 w\u0142asn\u0105 kompozycj\u0119 z 4 dost\u0119pnych paneli.","breadcrumb":{"@id":"https:\/\/greenowacja.pl\/produkt\/panel-z-mchem-heksagon\/#breadcrumb"},"inLanguage":"pl-PL","potentialAction":[{"@type":"ReadAction","target":["https:\/\/greenowacja.pl\/produkt\/panel-z-mchem-heksagon\/"]}]},{"@type":"ImageObject","inLanguage":"pl-PL","@id":"https:\/\/greenowacja.pl\/produkt\/panel-z-mchem-heksagon\/#primaryimage","url":"https:\/\/greenowacja.pl\/wp-content\/uploads\/2024\/04\/zdjecia-allegro-27.jpg","contentUrl":"https:\/\/greenowacja.pl\/wp-content\/uploads\/2024\/04\/zdjecia-allegro-27.jpg","width":2560,"height":2560},{"@type":"BreadcrumbList","@id":"https:\/\/greenowacja.pl\/produkt\/panel-z-mchem-heksagon\/#breadcrumb","itemListElement":[{"@type":"ListItem","position":1,"name":"Strona g\u0142\u00f3wna","item":"https:\/\/greenowacja.pl\/"},{"@type":"ListItem","position":2,"name":"Sklep","item":"https:\/\/greenowacja.pl\/sklep-z-mchem-chrobotkiem\/"},{"@type":"ListItem","position":3,"name":"Panel z mchem &#8211; heksagon"}]},{"@type":"WebSite","@id":"https:\/\/greenowacja.pl\/#website","url":"https:\/\/greenowacja.pl\/","name":"Ozdoby i prezenty z mchu | #u\u015bMECHnij si\u0119!","description":"","publisher":{"@id":"https:\/\/greenowacja.pl\/#organization"},"potentialAction":[{"@type":"SearchAction","target":{"@type":"EntryPoint","urlTemplate":"https:\/\/greenowacja.pl\/?s={search_term_string}"},"query-input":{"@type":"PropertyValueSpecification","valueRequired":true,"valueName":"search_term_string"}}],"inLanguage":"pl-PL"},{"@type":"Organization","@id":"https:\/\/greenowacja.pl\/#organization","name":"Ozdoby i prezenty z mchu | #u\u015bMECHnij si\u0119!","url":"https:\/\/greenowacja.pl\/","logo":{"@type":"ImageObject","inLanguage":"pl-PL","@id":"https:\/\/greenowacja.pl\/#\/schema\/logo\/image\/","url":"https:\/\/greenowacja.pl\/wp-content\/uploads\/2023\/08\/Logo-Greenowacja-wer-z-claimem-pozioma-2-kolory_Easy-Resize.com_.jpg","contentUrl":"https:\/\/greenowacja.pl\/wp-content\/uploads\/2023\/08\/Logo-Greenowacja-wer-z-claimem-pozioma-2-kolory_Easy-Resize.com_.jpg","width":1280,"height":426,"caption":"Ozdoby i prezenty z mchu | #u\u015bMECHnij si\u0119!"},"image":{"@id":"https:\/\/greenowacja.pl\/#\/schema\/logo\/image\/"},"sameAs":["https:\/\/www.facebook.com\/Greenowacja","https:\/\/www.instagram.com\/greenowacja\/"]}]}},"_links":{"self":[{"href":"https:\/\/greenowacja.pl\/wp-json\/wp\/v2\/product\/7439","targetHints":{"allow":["GET"]}}],"collection":[{"href":"https:\/\/greenowacja.pl\/wp-json\/wp\/v2\/product"}],"about":[{"href":"https:\/\/greenowacja.pl\/wp-json\/wp\/v2\/types\/product"}],"wp:featuredmedia":[{"embeddable":true,"href":"https:\/\/greenowacja.pl\/wp-json\/wp\/v2\/media\/7475"}],"wp:attachment":[{"href":"https:\/\/greenowacja.pl\/wp-json\/wp\/v2\/media?parent=7439"}],"wp:term":[{"taxonomy":"product_brand","embeddable":true,"href":"https:\/\/greenowacja.pl\/wp-json\/wp\/v2\/product_brand?post=7439"},{"taxonomy":"product_cat","embeddable":true,"href":"https:\/\/greenowacja.pl\/wp-json\/wp\/v2\/product_cat?post=7439"},{"taxonomy":"product_tag","embeddable":true,"href":"https:\/\/greenowacja.pl\/wp-json\/wp\/v2\/product_tag?post=7439"}],"curies":[{"name":"wp","href":"https:\/\/api.w.org\/{rel}","templated":true}]}}