{"id":7520,"date":"2024-04-24T16:40:16","date_gmt":"2024-04-24T14:40:16","guid":{"rendered":"https:\/\/greenowacja.pl\/?post_type=product&#038;p=7520"},"modified":"2025-06-18T08:47:58","modified_gmt":"2025-06-18T06:47:58","slug":"podziekowanie-drzewo-bonsai-z-mchu-39cm","status":"publish","type":"product","link":"https:\/\/greenowacja.pl\/produkt\/podziekowanie-drzewo-bonsai-z-mchu-39cm\/","title":{"rendered":"Podzi\u0119kowanie drzewo bonsai z mchu, 39cm"},"content":{"rendered":"<p><strong>Drzewo z Mchem na podzi\u0119kowanie.<\/strong><\/p>\n<p>Poszukujesz wyj\u0105tkowego sposobu wyra\u017cenia wdzi\u0119czno\u015bci dla bliskich os\u00f3b w wyj\u0105tkowych chwilach \u017cycia? Nasze drzewo z mchem to idealne rozwi\u0105zanie na podzi\u0119kowanie np. dla rodzic\u00f3w podczas ceremonii \u015blubnej. Na drzewie umieszczamy laserowo wycinany napis &#8222;Dzi\u0119kujemy&#8221;, kt\u00f3ry dodaje osobistego i symbolicznego wyrazu Twoim podzi\u0119kowaniom.<\/p>\n<p>Do stworzenia naszego r\u0119kodzie\u0142a u\u017cywany jest porost chrobotek reniferowy, pochodz\u0105cy g\u0142\u00f3wnie ze Skandynawii.<\/p>\n<p>Chrobotek jest poddany procesowi stabilizacji, dzi\u0119ki kt\u00f3remu \u00a0ju\u017c nie ro\u015bnie i mo\u017ce by\u0107 pi\u0119kny nawet przez 8 &#8211; 10 lat.<\/p>\n<p>Stabilizacja mchu polega na pozbawieniu go wszystkich funkcji \u017cyciowych bez negatywnych skutk\u00f3w wizualnych. To stan bardzo podobny do hibernacji.<\/p>\n<p><strong>Produkty po procesie stabilizacji nie s\u0105 \u017cywe &#8211; Nie rozrastaj\u0105 si\u0119!<\/strong><\/p>\n<p><strong>Chrobotek reniferowy jest hipoalergiczny, nie wydziela on r\u00f3wnie\u017c \u017cadnych substancji szkodliwych.<\/strong><\/p>\n<p>&nbsp;<\/p>\n<p><strong>Wskaz\u00f3wki:<\/strong><\/p>\n<ul>\n<li><strong>nie podlewaj go ani nie zraszaj,<\/strong><\/li>\n<li>chrobotek lubi <strong>wilgotno\u015b\u0107 powietrza 40-60%,<\/strong> je\u017celi zrobi si\u0119 szorstki i kruchy, zanie\u015b ozdob\u0119 na kilka dni do \u0142azienki, a odzyska spr\u0119\u017cysto\u015b\u0107,<\/li>\n<li>umie\u015b\u0107 go w znacznej odleg\u0142o\u015bci od \u017ar\u00f3de\u0142 ciep\u0142a i \u015bwiat\u0142a,<\/li>\n<li>je\u017celi osi\u0105dzie na nim kurz, delikatnie zbierz go rolk\u0105 do czyszczenia odzie\u017cy.<\/li>\n<\/ul>\n<p>Do ka\u017cdego zam\u00f3wienia jest dodawana instrukcja z wytycznymi jak zajmowa\u0107 si\u0119 ozdobami z chrobotka.<\/p>\n<p>&nbsp;<\/p>\n<p><strong>Dane techniczne:<\/strong><\/p>\n<p>&#8211; \u015arednica obrazu: 39cm<\/p>\n<p>&#8211; Materia\u0142 podk\u0142adu: p\u0142yta pil\u015bniowa (HDF)<\/p>\n<p>&#8211; Z ty\u0142u znajduje si\u0119 dziurka do powieszenia obrazu<\/p>\n<p>&nbsp;<\/p>\n","protected":false},"excerpt":{"rendered":"<p><strong>Drzewo z Mchem na podzi\u0119kowanie.<\/strong><\/p>\n<p>Nasze drzewo z mchem to idealne rozwi\u0105zanie na podzi\u0119kowanie np. dla rodzic\u00f3w podczas ceremonii \u015blubnej. Na drzewie umieszczamy laserowo wycinany napis &#8222;Dzi\u0119kujemy&#8221;, kt\u00f3ry dodaje osobistego i symbolicznego wyrazu Twoim podzi\u0119kowaniom.<\/p>\n","protected":false},"featured_media":7511,"template":"","meta":{"site-sidebar-layout":"default","site-content-layout":"default","ast-site-content-layout":"default","site-content-style":"default","site-sidebar-style":"default","ast-global-header-display":"","ast-banner-title-visibility":"","ast-main-header-display":"","ast-hfb-above-header-display":"","ast-hfb-below-header-display":"","ast-hfb-mobile-header-display":"","site-post-title":"","ast-breadcrumbs-content":"","ast-featured-img":"","footer-sml-layout":"","theme-transparent-header-meta":"default","adv-header-id-meta":"","stick-header-meta":"","header-above-stick-meta":"","header-main-stick-meta":"","header-below-stick-meta":"","astra-migrate-meta-layouts":"set","ast-page-background-enabled":"default","ast-page-background-meta":{"desktop":{"background-color":"","background-image":"","background-repeat":"repeat","background-position":"center center","background-size":"auto","background-attachment":"scroll","background-type":"","background-media":"","overlay-type":"","overlay-color":"","overlay-opacity":"","overlay-gradient":""},"tablet":{"background-color":"","background-image":"","background-repeat":"repeat","background-position":"center center","background-size":"auto","background-attachment":"scroll","background-type":"","background-media":"","overlay-type":"","overlay-color":"","overlay-opacity":"","overlay-gradient":""},"mobile":{"background-color":"","background-image":"","background-repeat":"repeat","background-position":"center center","background-size":"auto","background-attachment":"scroll","background-type":"","background-media":"","overlay-type":"","overlay-color":"","overlay-opacity":"","overlay-gradient":""}},"ast-content-background-meta":{"desktop":{"background-color":"var(--ast-global-color-5)","background-image":"","background-repeat":"repeat","background-position":"center center","background-size":"auto","background-attachment":"scroll","background-type":"","background-media":"","overlay-type":"","overlay-color":"","overlay-opacity":"","overlay-gradient":""},"tablet":{"background-color":"var(--ast-global-color-5)","background-image":"","background-repeat":"repeat","background-position":"center center","background-size":"auto","background-attachment":"scroll","background-type":"","background-media":"","overlay-type":"","overlay-color":"","overlay-opacity":"","overlay-gradient":""},"mobile":{"background-color":"var(--ast-global-color-5)","background-image":"","background-repeat":"repeat","background-position":"center center","background-size":"auto","background-attachment":"scroll","background-type":"","background-media":"","overlay-type":"","overlay-color":"","overlay-opacity":"","overlay-gradient":""}}},"product_brand":[],"product_cat":[98],"product_tag":[],"class_list":{"0":"post-7520","1":"product","2":"type-product","3":"status-publish","4":"has-post-thumbnail","6":"product_cat-podziekowania","7":"desktop-align-left","8":"tablet-align-left","9":"mobile-align-left","11":"first","12":"instock","13":"taxable","14":"shipping-taxable","15":"purchasable","16":"product-type-simple"},"yoast_head":"<!-- This site is optimized with the Yoast SEO plugin v27.4 - https:\/\/yoast.com\/product\/yoast-seo-wordpress\/ -->\n<title>Podzi\u0119kowanie drzewo bonsai z mchu, 39cm - Ozdoby i prezenty z mchu | #u\u015bMECHnij si\u0119!<\/title>\n<meta name=\"description\" content=\"Drzewo \u017cycia z chrobotka. Obraz do powieszenia na \u015bcian\u0119. Zielony obraz. Drzewo w kole.\" \/>\n<meta name=\"robots\" content=\"index, follow, max-snippet:-1, max-image-preview:large, max-video-preview:-1\" \/>\n<link rel=\"canonical\" href=\"https:\/\/greenowacja.pl\/produkt\/podziekowanie-drzewo-bonsai-z-mchu-39cm\/\" \/>\n<meta property=\"og:locale\" content=\"pl_PL\" \/>\n<meta property=\"og:type\" content=\"article\" \/>\n<meta property=\"og:title\" content=\"Podzi\u0119kowanie drzewo bonsai z mchu, 39cm - Ozdoby i prezenty z mchu | #u\u015bMECHnij si\u0119!\" \/>\n<meta property=\"og:description\" content=\"Drzewo \u017cycia z chrobotka. Obraz do powieszenia na \u015bcian\u0119. Zielony obraz. Drzewo w kole.\" \/>\n<meta property=\"og:url\" content=\"https:\/\/greenowacja.pl\/produkt\/podziekowanie-drzewo-bonsai-z-mchu-39cm\/\" \/>\n<meta property=\"og:site_name\" content=\"Ozdoby i prezenty z mchu | #u\u015bMECHnij si\u0119!\" \/>\n<meta property=\"article:publisher\" content=\"https:\/\/www.facebook.com\/Greenowacja\" \/>\n<meta property=\"article:modified_time\" content=\"2025-06-18T06:47:58+00:00\" \/>\n<meta property=\"og:image\" content=\"https:\/\/greenowacja.pl\/wp-content\/uploads\/2024\/04\/IMG20240424142816.jpg\" \/>\n\t<meta property=\"og:image:width\" content=\"950\" \/>\n\t<meta property=\"og:image:height\" content=\"950\" \/>\n\t<meta property=\"og:image:type\" content=\"image\/jpeg\" \/>\n<meta name=\"twitter:card\" content=\"summary_large_image\" \/>\n<meta name=\"twitter:label1\" content=\"Szacowany czas czytania\" \/>\n\t<meta name=\"twitter:data1\" content=\"2 minuty\" \/>\n<script type=\"application\/ld+json\" class=\"yoast-schema-graph\">{\"@context\":\"https:\\\/\\\/schema.org\",\"@graph\":[{\"@type\":\"WebPage\",\"@id\":\"https:\\\/\\\/greenowacja.pl\\\/produkt\\\/podziekowanie-drzewo-bonsai-z-mchu-39cm\\\/\",\"url\":\"https:\\\/\\\/greenowacja.pl\\\/produkt\\\/podziekowanie-drzewo-bonsai-z-mchu-39cm\\\/\",\"name\":\"Podzi\u0119kowanie drzewo bonsai z mchu, 39cm - Ozdoby i prezenty z mchu | #u\u015bMECHnij si\u0119!\",\"isPartOf\":{\"@id\":\"https:\\\/\\\/greenowacja.pl\\\/#website\"},\"primaryImageOfPage\":{\"@id\":\"https:\\\/\\\/greenowacja.pl\\\/produkt\\\/podziekowanie-drzewo-bonsai-z-mchu-39cm\\\/#primaryimage\"},\"image\":{\"@id\":\"https:\\\/\\\/greenowacja.pl\\\/produkt\\\/podziekowanie-drzewo-bonsai-z-mchu-39cm\\\/#primaryimage\"},\"thumbnailUrl\":\"https:\\\/\\\/greenowacja.pl\\\/wp-content\\\/uploads\\\/2024\\\/04\\\/IMG20240424142816.jpg\",\"datePublished\":\"2024-04-24T14:40:16+00:00\",\"dateModified\":\"2025-06-18T06:47:58+00:00\",\"description\":\"Drzewo \u017cycia z chrobotka. Obraz do powieszenia na \u015bcian\u0119. Zielony obraz. Drzewo w kole.\",\"breadcrumb\":{\"@id\":\"https:\\\/\\\/greenowacja.pl\\\/produkt\\\/podziekowanie-drzewo-bonsai-z-mchu-39cm\\\/#breadcrumb\"},\"inLanguage\":\"pl-PL\",\"potentialAction\":[{\"@type\":\"ReadAction\",\"target\":[\"https:\\\/\\\/greenowacja.pl\\\/produkt\\\/podziekowanie-drzewo-bonsai-z-mchu-39cm\\\/\"]}]},{\"@type\":\"ImageObject\",\"inLanguage\":\"pl-PL\",\"@id\":\"https:\\\/\\\/greenowacja.pl\\\/produkt\\\/podziekowanie-drzewo-bonsai-z-mchu-39cm\\\/#primaryimage\",\"url\":\"https:\\\/\\\/greenowacja.pl\\\/wp-content\\\/uploads\\\/2024\\\/04\\\/IMG20240424142816.jpg\",\"contentUrl\":\"https:\\\/\\\/greenowacja.pl\\\/wp-content\\\/uploads\\\/2024\\\/04\\\/IMG20240424142816.jpg\",\"width\":950,\"height\":950},{\"@type\":\"BreadcrumbList\",\"@id\":\"https:\\\/\\\/greenowacja.pl\\\/produkt\\\/podziekowanie-drzewo-bonsai-z-mchu-39cm\\\/#breadcrumb\",\"itemListElement\":[{\"@type\":\"ListItem\",\"position\":1,\"name\":\"Strona g\u0142\u00f3wna\",\"item\":\"https:\\\/\\\/greenowacja.pl\\\/\"},{\"@type\":\"ListItem\",\"position\":2,\"name\":\"Sklep\",\"item\":\"https:\\\/\\\/greenowacja.pl\\\/sklep-z-mchem-chrobotkiem\\\/\"},{\"@type\":\"ListItem\",\"position\":3,\"name\":\"Podzi\u0119kowanie drzewo bonsai z mchu, 39cm\"}]},{\"@type\":\"WebSite\",\"@id\":\"https:\\\/\\\/greenowacja.pl\\\/#website\",\"url\":\"https:\\\/\\\/greenowacja.pl\\\/\",\"name\":\"Ozdoby i prezenty z mchu | #u\u015bMECHnij si\u0119!\",\"description\":\"\",\"publisher\":{\"@id\":\"https:\\\/\\\/greenowacja.pl\\\/#organization\"},\"potentialAction\":[{\"@type\":\"SearchAction\",\"target\":{\"@type\":\"EntryPoint\",\"urlTemplate\":\"https:\\\/\\\/greenowacja.pl\\\/?s={search_term_string}\"},\"query-input\":{\"@type\":\"PropertyValueSpecification\",\"valueRequired\":true,\"valueName\":\"search_term_string\"}}],\"inLanguage\":\"pl-PL\"},{\"@type\":\"Organization\",\"@id\":\"https:\\\/\\\/greenowacja.pl\\\/#organization\",\"name\":\"Ozdoby i prezenty z mchu | #u\u015bMECHnij si\u0119!\",\"url\":\"https:\\\/\\\/greenowacja.pl\\\/\",\"logo\":{\"@type\":\"ImageObject\",\"inLanguage\":\"pl-PL\",\"@id\":\"https:\\\/\\\/greenowacja.pl\\\/#\\\/schema\\\/logo\\\/image\\\/\",\"url\":\"https:\\\/\\\/greenowacja.pl\\\/wp-content\\\/uploads\\\/2023\\\/08\\\/Logo-Greenowacja-wer-z-claimem-pozioma-2-kolory_Easy-Resize.com_.jpg\",\"contentUrl\":\"https:\\\/\\\/greenowacja.pl\\\/wp-content\\\/uploads\\\/2023\\\/08\\\/Logo-Greenowacja-wer-z-claimem-pozioma-2-kolory_Easy-Resize.com_.jpg\",\"width\":1280,\"height\":426,\"caption\":\"Ozdoby i prezenty z mchu | #u\u015bMECHnij si\u0119!\"},\"image\":{\"@id\":\"https:\\\/\\\/greenowacja.pl\\\/#\\\/schema\\\/logo\\\/image\\\/\"},\"sameAs\":[\"https:\\\/\\\/www.facebook.com\\\/Greenowacja\",\"https:\\\/\\\/www.instagram.com\\\/greenowacja\\\/\"]}]}<\/script>\n<!-- \/ Yoast SEO plugin. -->","yoast_head_json":{"title":"Podzi\u0119kowanie drzewo bonsai z mchu, 39cm - Ozdoby i prezenty z mchu | #u\u015bMECHnij si\u0119!","description":"Drzewo \u017cycia z chrobotka. Obraz do powieszenia na \u015bcian\u0119. Zielony obraz. Drzewo w kole.","robots":{"index":"index","follow":"follow","max-snippet":"max-snippet:-1","max-image-preview":"max-image-preview:large","max-video-preview":"max-video-preview:-1"},"canonical":"https:\/\/greenowacja.pl\/produkt\/podziekowanie-drzewo-bonsai-z-mchu-39cm\/","og_locale":"pl_PL","og_type":"article","og_title":"Podzi\u0119kowanie drzewo bonsai z mchu, 39cm - Ozdoby i prezenty z mchu | #u\u015bMECHnij si\u0119!","og_description":"Drzewo \u017cycia z chrobotka. Obraz do powieszenia na \u015bcian\u0119. Zielony obraz. Drzewo w kole.","og_url":"https:\/\/greenowacja.pl\/produkt\/podziekowanie-drzewo-bonsai-z-mchu-39cm\/","og_site_name":"Ozdoby i prezenty z mchu | #u\u015bMECHnij si\u0119!","article_publisher":"https:\/\/www.facebook.com\/Greenowacja","article_modified_time":"2025-06-18T06:47:58+00:00","og_image":[{"width":950,"height":950,"url":"https:\/\/greenowacja.pl\/wp-content\/uploads\/2024\/04\/IMG20240424142816.jpg","type":"image\/jpeg"}],"twitter_card":"summary_large_image","twitter_misc":{"Szacowany czas czytania":"2 minuty"},"schema":{"@context":"https:\/\/schema.org","@graph":[{"@type":"WebPage","@id":"https:\/\/greenowacja.pl\/produkt\/podziekowanie-drzewo-bonsai-z-mchu-39cm\/","url":"https:\/\/greenowacja.pl\/produkt\/podziekowanie-drzewo-bonsai-z-mchu-39cm\/","name":"Podzi\u0119kowanie drzewo bonsai z mchu, 39cm - Ozdoby i prezenty z mchu | #u\u015bMECHnij si\u0119!","isPartOf":{"@id":"https:\/\/greenowacja.pl\/#website"},"primaryImageOfPage":{"@id":"https:\/\/greenowacja.pl\/produkt\/podziekowanie-drzewo-bonsai-z-mchu-39cm\/#primaryimage"},"image":{"@id":"https:\/\/greenowacja.pl\/produkt\/podziekowanie-drzewo-bonsai-z-mchu-39cm\/#primaryimage"},"thumbnailUrl":"https:\/\/greenowacja.pl\/wp-content\/uploads\/2024\/04\/IMG20240424142816.jpg","datePublished":"2024-04-24T14:40:16+00:00","dateModified":"2025-06-18T06:47:58+00:00","description":"Drzewo \u017cycia z chrobotka. Obraz do powieszenia na \u015bcian\u0119. Zielony obraz. Drzewo w kole.","breadcrumb":{"@id":"https:\/\/greenowacja.pl\/produkt\/podziekowanie-drzewo-bonsai-z-mchu-39cm\/#breadcrumb"},"inLanguage":"pl-PL","potentialAction":[{"@type":"ReadAction","target":["https:\/\/greenowacja.pl\/produkt\/podziekowanie-drzewo-bonsai-z-mchu-39cm\/"]}]},{"@type":"ImageObject","inLanguage":"pl-PL","@id":"https:\/\/greenowacja.pl\/produkt\/podziekowanie-drzewo-bonsai-z-mchu-39cm\/#primaryimage","url":"https:\/\/greenowacja.pl\/wp-content\/uploads\/2024\/04\/IMG20240424142816.jpg","contentUrl":"https:\/\/greenowacja.pl\/wp-content\/uploads\/2024\/04\/IMG20240424142816.jpg","width":950,"height":950},{"@type":"BreadcrumbList","@id":"https:\/\/greenowacja.pl\/produkt\/podziekowanie-drzewo-bonsai-z-mchu-39cm\/#breadcrumb","itemListElement":[{"@type":"ListItem","position":1,"name":"Strona g\u0142\u00f3wna","item":"https:\/\/greenowacja.pl\/"},{"@type":"ListItem","position":2,"name":"Sklep","item":"https:\/\/greenowacja.pl\/sklep-z-mchem-chrobotkiem\/"},{"@type":"ListItem","position":3,"name":"Podzi\u0119kowanie drzewo bonsai z mchu, 39cm"}]},{"@type":"WebSite","@id":"https:\/\/greenowacja.pl\/#website","url":"https:\/\/greenowacja.pl\/","name":"Ozdoby i prezenty z mchu | #u\u015bMECHnij si\u0119!","description":"","publisher":{"@id":"https:\/\/greenowacja.pl\/#organization"},"potentialAction":[{"@type":"SearchAction","target":{"@type":"EntryPoint","urlTemplate":"https:\/\/greenowacja.pl\/?s={search_term_string}"},"query-input":{"@type":"PropertyValueSpecification","valueRequired":true,"valueName":"search_term_string"}}],"inLanguage":"pl-PL"},{"@type":"Organization","@id":"https:\/\/greenowacja.pl\/#organization","name":"Ozdoby i prezenty z mchu | #u\u015bMECHnij si\u0119!","url":"https:\/\/greenowacja.pl\/","logo":{"@type":"ImageObject","inLanguage":"pl-PL","@id":"https:\/\/greenowacja.pl\/#\/schema\/logo\/image\/","url":"https:\/\/greenowacja.pl\/wp-content\/uploads\/2023\/08\/Logo-Greenowacja-wer-z-claimem-pozioma-2-kolory_Easy-Resize.com_.jpg","contentUrl":"https:\/\/greenowacja.pl\/wp-content\/uploads\/2023\/08\/Logo-Greenowacja-wer-z-claimem-pozioma-2-kolory_Easy-Resize.com_.jpg","width":1280,"height":426,"caption":"Ozdoby i prezenty z mchu | #u\u015bMECHnij si\u0119!"},"image":{"@id":"https:\/\/greenowacja.pl\/#\/schema\/logo\/image\/"},"sameAs":["https:\/\/www.facebook.com\/Greenowacja","https:\/\/www.instagram.com\/greenowacja\/"]}]}},"_links":{"self":[{"href":"https:\/\/greenowacja.pl\/wp-json\/wp\/v2\/product\/7520","targetHints":{"allow":["GET"]}}],"collection":[{"href":"https:\/\/greenowacja.pl\/wp-json\/wp\/v2\/product"}],"about":[{"href":"https:\/\/greenowacja.pl\/wp-json\/wp\/v2\/types\/product"}],"wp:featuredmedia":[{"embeddable":true,"href":"https:\/\/greenowacja.pl\/wp-json\/wp\/v2\/media\/7511"}],"wp:attachment":[{"href":"https:\/\/greenowacja.pl\/wp-json\/wp\/v2\/media?parent=7520"}],"wp:term":[{"taxonomy":"product_brand","embeddable":true,"href":"https:\/\/greenowacja.pl\/wp-json\/wp\/v2\/product_brand?post=7520"},{"taxonomy":"product_cat","embeddable":true,"href":"https:\/\/greenowacja.pl\/wp-json\/wp\/v2\/product_cat?post=7520"},{"taxonomy":"product_tag","embeddable":true,"href":"https:\/\/greenowacja.pl\/wp-json\/wp\/v2\/product_tag?post=7520"}],"curies":[{"name":"wp","href":"https:\/\/api.w.org\/{rel}","templated":true}]}}