{"id":7523,"date":"2024-04-24T16:50:53","date_gmt":"2024-04-24T14:50:53","guid":{"rendered":"https:\/\/greenowacja.pl\/?post_type=product&#038;p=7523"},"modified":"2026-04-25T11:37:18","modified_gmt":"2026-04-25T09:37:18","slug":"podziekowania-doniczka-owalna-z-mchem-i-kokardka-szara","status":"publish","type":"product","link":"https:\/\/greenowacja.pl\/produkt\/podziekowania-doniczka-owalna-z-mchem-i-kokardka-szara\/","title":{"rendered":"Podzi\u0119kowanie doniczka owalna z mchem, kwiatkami i kokardk\u0105 &#8211; szara"},"content":{"rendered":"<p><strong>Nasza doniczka owalna z kokardk\u0105 ozdobiona chrobotkiem reniferowym z mchem to idealne rozwi\u0105zanie na podzi\u0119kowanie np. dla rodzic\u00f3w podczas ceremonii \u015blubnej.<\/strong><\/p>\n<p>Na doniczce umieszczamy laserowo wycinany napis \u201cDzi\u0119kujemy\u201d, kt\u00f3ry dodaje osobistego i symbolicznego wyrazu Twoim podzi\u0119kowaniom..<\/p>\n<p><strong>Doniczka z chrobotkiem to idealny wyb\u00f3r, je\u015bli:<\/strong><\/p>\n<ul>\n<li>Szukasz ciekawego podzi\u0119kowania dla bliskich<\/li>\n<li>Idziesz na: \u015blub, imprez\u0119 rocznicow\u0105, jubileusz<\/li>\n<li>Chcesz zaskoczy\u0107 obdarowanych czym\u015b oryginalnym<\/li>\n<\/ul>\n<p>Dodatkow\u0105 zalet\u0105 tej doniczki jest praktyczno\u015b\u0107 dla os\u00f3b zapominaj\u0105cych o regularnym podlewaniu ro\u015blin. Chrobotek reniferowy nie wymaga troszczenia si\u0119 o nawodnienie, co czyni go idealn\u0105 ozdob\u0105 dla tych, kt\u00f3rzy nie s\u0105 zbyt do\u015bwiadczeni w piel\u0119gnacji ro\u015blin.<\/p>\n<p><strong>Cechy<\/strong>:<\/p>\n<ul>\n<li>d\u0142ugo\u015b\u0107 18 cm<\/li>\n<li>szeroko\u015b\u0107 10 cm<\/li>\n<li>wysoko\u015b\u0107 16 cm<\/li>\n<li>waga ok 540g<\/li>\n<\/ul>\n","protected":false},"excerpt":{"rendered":"<p><strong>Nasza doniczka\u00a0 z mchem to idealne rozwi\u0105zanie na podzi\u0119kowanie np. dla rodzic\u00f3w podczas ceremonii \u015blubnej.<\/strong> Na mchu umieszczamy laserowo wycinany napis \u201cDzi\u0119kujemy\u201d, kt\u00f3ry dodaje osobistego i symbolicznego wyrazu Twoim podzi\u0119kowaniom.<\/p>\n<p>&nbsp;<\/p>\n","protected":false},"featured_media":7517,"template":"","meta":{"site-sidebar-layout":"default","site-content-layout":"default","ast-site-content-layout":"default","site-content-style":"default","site-sidebar-style":"default","ast-global-header-display":"","ast-banner-title-visibility":"","ast-main-header-display":"","ast-hfb-above-header-display":"","ast-hfb-below-header-display":"","ast-hfb-mobile-header-display":"","site-post-title":"","ast-breadcrumbs-content":"","ast-featured-img":"","footer-sml-layout":"","theme-transparent-header-meta":"default","adv-header-id-meta":"","stick-header-meta":"","header-above-stick-meta":"","header-main-stick-meta":"","header-below-stick-meta":"","astra-migrate-meta-layouts":"set","ast-page-background-enabled":"default","ast-page-background-meta":{"desktop":{"background-color":"","background-image":"","background-repeat":"repeat","background-position":"center center","background-size":"auto","background-attachment":"scroll","background-type":"","background-media":"","overlay-type":"","overlay-color":"","overlay-opacity":"","overlay-gradient":""},"tablet":{"background-color":"","background-image":"","background-repeat":"repeat","background-position":"center center","background-size":"auto","background-attachment":"scroll","background-type":"","background-media":"","overlay-type":"","overlay-color":"","overlay-opacity":"","overlay-gradient":""},"mobile":{"background-color":"","background-image":"","background-repeat":"repeat","background-position":"center center","background-size":"auto","background-attachment":"scroll","background-type":"","background-media":"","overlay-type":"","overlay-color":"","overlay-opacity":"","overlay-gradient":""}},"ast-content-background-meta":{"desktop":{"background-color":"var(--ast-global-color-5)","background-image":"","background-repeat":"repeat","background-position":"center center","background-size":"auto","background-attachment":"scroll","background-type":"","background-media":"","overlay-type":"","overlay-color":"","overlay-opacity":"","overlay-gradient":""},"tablet":{"background-color":"var(--ast-global-color-5)","background-image":"","background-repeat":"repeat","background-position":"center center","background-size":"auto","background-attachment":"scroll","background-type":"","background-media":"","overlay-type":"","overlay-color":"","overlay-opacity":"","overlay-gradient":""},"mobile":{"background-color":"var(--ast-global-color-5)","background-image":"","background-repeat":"repeat","background-position":"center center","background-size":"auto","background-attachment":"scroll","background-type":"","background-media":"","overlay-type":"","overlay-color":"","overlay-opacity":"","overlay-gradient":""}}},"product_brand":[],"product_cat":[98],"product_tag":[],"class_list":{"0":"post-7523","1":"product","2":"type-product","3":"status-publish","4":"has-post-thumbnail","6":"product_cat-podziekowania","7":"desktop-align-left","8":"tablet-align-left","9":"mobile-align-left","11":"first","12":"instock","13":"taxable","14":"shipping-taxable","15":"purchasable","16":"product-type-simple"},"yoast_head":"<!-- This site is optimized with the Yoast SEO plugin v27.4 - https:\/\/yoast.com\/product\/yoast-seo-wordpress\/ -->\n<title>Podzi\u0119kowanie - Doniczka owalna z kokardk\u0105<\/title>\n<meta name=\"description\" content=\"Doniczka owalna z kokardk\u0105 na podzi\u0119kowanie. Ozdobiona chrobotkiem - oryginalny dodatek do wn\u0119trza! Ta nietypowa doniczka z pewno\u015bci\u0105 przyci\u0105gnie uwag\u0119 wszystkich mi\u0142o\u015bnik\u00f3w nietypowych ozd\u00f3b.\" \/>\n<meta name=\"robots\" content=\"index, follow, max-snippet:-1, max-image-preview:large, max-video-preview:-1\" \/>\n<link rel=\"canonical\" href=\"https:\/\/greenowacja.pl\/produkt\/podziekowania-doniczka-owalna-z-mchem-i-kokardka-szara\/\" \/>\n<meta property=\"og:locale\" content=\"pl_PL\" \/>\n<meta property=\"og:type\" content=\"article\" \/>\n<meta property=\"og:title\" content=\"Podzi\u0119kowanie - Doniczka owalna z kokardk\u0105\" \/>\n<meta property=\"og:description\" content=\"Doniczka owalna z kokardk\u0105 na podzi\u0119kowanie. Ozdobiona chrobotkiem - oryginalny dodatek do wn\u0119trza! Ta nietypowa doniczka z pewno\u015bci\u0105 przyci\u0105gnie uwag\u0119 wszystkich mi\u0142o\u015bnik\u00f3w nietypowych ozd\u00f3b.\" \/>\n<meta property=\"og:url\" content=\"https:\/\/greenowacja.pl\/produkt\/podziekowania-doniczka-owalna-z-mchem-i-kokardka-szara\/\" \/>\n<meta property=\"og:site_name\" content=\"Ozdoby i prezenty z mchu | #u\u015bMECHnij si\u0119!\" \/>\n<meta property=\"article:publisher\" content=\"https:\/\/www.facebook.com\/Greenowacja\" \/>\n<meta property=\"article:modified_time\" content=\"2026-04-25T09:37:18+00:00\" \/>\n<meta property=\"og:image\" content=\"https:\/\/greenowacja.pl\/wp-content\/uploads\/2024\/04\/IMG20240424144405.jpg\" \/>\n\t<meta property=\"og:image:width\" content=\"950\" \/>\n\t<meta property=\"og:image:height\" content=\"950\" \/>\n\t<meta property=\"og:image:type\" content=\"image\/jpeg\" \/>\n<meta name=\"twitter:card\" content=\"summary_large_image\" \/>\n<meta name=\"twitter:label1\" content=\"Szacowany czas czytania\" \/>\n\t<meta name=\"twitter:data1\" content=\"1 minuta\" \/>\n<script type=\"application\/ld+json\" class=\"yoast-schema-graph\">{\"@context\":\"https:\\\/\\\/schema.org\",\"@graph\":[{\"@type\":\"WebPage\",\"@id\":\"https:\\\/\\\/greenowacja.pl\\\/produkt\\\/podziekowania-doniczka-owalna-z-mchem-i-kokardka-szara\\\/\",\"url\":\"https:\\\/\\\/greenowacja.pl\\\/produkt\\\/podziekowania-doniczka-owalna-z-mchem-i-kokardka-szara\\\/\",\"name\":\"Podzi\u0119kowanie - Doniczka owalna z kokardk\u0105\",\"isPartOf\":{\"@id\":\"https:\\\/\\\/greenowacja.pl\\\/#website\"},\"primaryImageOfPage\":{\"@id\":\"https:\\\/\\\/greenowacja.pl\\\/produkt\\\/podziekowania-doniczka-owalna-z-mchem-i-kokardka-szara\\\/#primaryimage\"},\"image\":{\"@id\":\"https:\\\/\\\/greenowacja.pl\\\/produkt\\\/podziekowania-doniczka-owalna-z-mchem-i-kokardka-szara\\\/#primaryimage\"},\"thumbnailUrl\":\"https:\\\/\\\/greenowacja.pl\\\/wp-content\\\/uploads\\\/2024\\\/04\\\/IMG20240424144405.jpg\",\"datePublished\":\"2024-04-24T14:50:53+00:00\",\"dateModified\":\"2026-04-25T09:37:18+00:00\",\"description\":\"Doniczka owalna z kokardk\u0105 na podzi\u0119kowanie. Ozdobiona chrobotkiem - oryginalny dodatek do wn\u0119trza! Ta nietypowa doniczka z pewno\u015bci\u0105 przyci\u0105gnie uwag\u0119 wszystkich mi\u0142o\u015bnik\u00f3w nietypowych ozd\u00f3b.\",\"breadcrumb\":{\"@id\":\"https:\\\/\\\/greenowacja.pl\\\/produkt\\\/podziekowania-doniczka-owalna-z-mchem-i-kokardka-szara\\\/#breadcrumb\"},\"inLanguage\":\"pl-PL\",\"potentialAction\":[{\"@type\":\"ReadAction\",\"target\":[\"https:\\\/\\\/greenowacja.pl\\\/produkt\\\/podziekowania-doniczka-owalna-z-mchem-i-kokardka-szara\\\/\"]}]},{\"@type\":\"ImageObject\",\"inLanguage\":\"pl-PL\",\"@id\":\"https:\\\/\\\/greenowacja.pl\\\/produkt\\\/podziekowania-doniczka-owalna-z-mchem-i-kokardka-szara\\\/#primaryimage\",\"url\":\"https:\\\/\\\/greenowacja.pl\\\/wp-content\\\/uploads\\\/2024\\\/04\\\/IMG20240424144405.jpg\",\"contentUrl\":\"https:\\\/\\\/greenowacja.pl\\\/wp-content\\\/uploads\\\/2024\\\/04\\\/IMG20240424144405.jpg\",\"width\":950,\"height\":950},{\"@type\":\"BreadcrumbList\",\"@id\":\"https:\\\/\\\/greenowacja.pl\\\/produkt\\\/podziekowania-doniczka-owalna-z-mchem-i-kokardka-szara\\\/#breadcrumb\",\"itemListElement\":[{\"@type\":\"ListItem\",\"position\":1,\"name\":\"Strona g\u0142\u00f3wna\",\"item\":\"https:\\\/\\\/greenowacja.pl\\\/\"},{\"@type\":\"ListItem\",\"position\":2,\"name\":\"Sklep\",\"item\":\"https:\\\/\\\/greenowacja.pl\\\/sklep-z-mchem-chrobotkiem\\\/\"},{\"@type\":\"ListItem\",\"position\":3,\"name\":\"Podzi\u0119kowanie doniczka owalna z mchem, kwiatkami i kokardk\u0105 &#8211; szara\"}]},{\"@type\":\"WebSite\",\"@id\":\"https:\\\/\\\/greenowacja.pl\\\/#website\",\"url\":\"https:\\\/\\\/greenowacja.pl\\\/\",\"name\":\"Ozdoby i prezenty z mchu | #u\u015bMECHnij si\u0119!\",\"description\":\"\",\"publisher\":{\"@id\":\"https:\\\/\\\/greenowacja.pl\\\/#organization\"},\"potentialAction\":[{\"@type\":\"SearchAction\",\"target\":{\"@type\":\"EntryPoint\",\"urlTemplate\":\"https:\\\/\\\/greenowacja.pl\\\/?s={search_term_string}\"},\"query-input\":{\"@type\":\"PropertyValueSpecification\",\"valueRequired\":true,\"valueName\":\"search_term_string\"}}],\"inLanguage\":\"pl-PL\"},{\"@type\":\"Organization\",\"@id\":\"https:\\\/\\\/greenowacja.pl\\\/#organization\",\"name\":\"Ozdoby i prezenty z mchu | #u\u015bMECHnij si\u0119!\",\"url\":\"https:\\\/\\\/greenowacja.pl\\\/\",\"logo\":{\"@type\":\"ImageObject\",\"inLanguage\":\"pl-PL\",\"@id\":\"https:\\\/\\\/greenowacja.pl\\\/#\\\/schema\\\/logo\\\/image\\\/\",\"url\":\"https:\\\/\\\/greenowacja.pl\\\/wp-content\\\/uploads\\\/2023\\\/08\\\/Logo-Greenowacja-wer-z-claimem-pozioma-2-kolory_Easy-Resize.com_.jpg\",\"contentUrl\":\"https:\\\/\\\/greenowacja.pl\\\/wp-content\\\/uploads\\\/2023\\\/08\\\/Logo-Greenowacja-wer-z-claimem-pozioma-2-kolory_Easy-Resize.com_.jpg\",\"width\":1280,\"height\":426,\"caption\":\"Ozdoby i prezenty z mchu | #u\u015bMECHnij si\u0119!\"},\"image\":{\"@id\":\"https:\\\/\\\/greenowacja.pl\\\/#\\\/schema\\\/logo\\\/image\\\/\"},\"sameAs\":[\"https:\\\/\\\/www.facebook.com\\\/Greenowacja\",\"https:\\\/\\\/www.instagram.com\\\/greenowacja\\\/\"]}]}<\/script>\n<!-- \/ Yoast SEO plugin. -->","yoast_head_json":{"title":"Podzi\u0119kowanie - Doniczka owalna z kokardk\u0105","description":"Doniczka owalna z kokardk\u0105 na podzi\u0119kowanie. Ozdobiona chrobotkiem - oryginalny dodatek do wn\u0119trza! Ta nietypowa doniczka z pewno\u015bci\u0105 przyci\u0105gnie uwag\u0119 wszystkich mi\u0142o\u015bnik\u00f3w nietypowych ozd\u00f3b.","robots":{"index":"index","follow":"follow","max-snippet":"max-snippet:-1","max-image-preview":"max-image-preview:large","max-video-preview":"max-video-preview:-1"},"canonical":"https:\/\/greenowacja.pl\/produkt\/podziekowania-doniczka-owalna-z-mchem-i-kokardka-szara\/","og_locale":"pl_PL","og_type":"article","og_title":"Podzi\u0119kowanie - Doniczka owalna z kokardk\u0105","og_description":"Doniczka owalna z kokardk\u0105 na podzi\u0119kowanie. Ozdobiona chrobotkiem - oryginalny dodatek do wn\u0119trza! Ta nietypowa doniczka z pewno\u015bci\u0105 przyci\u0105gnie uwag\u0119 wszystkich mi\u0142o\u015bnik\u00f3w nietypowych ozd\u00f3b.","og_url":"https:\/\/greenowacja.pl\/produkt\/podziekowania-doniczka-owalna-z-mchem-i-kokardka-szara\/","og_site_name":"Ozdoby i prezenty z mchu | #u\u015bMECHnij si\u0119!","article_publisher":"https:\/\/www.facebook.com\/Greenowacja","article_modified_time":"2026-04-25T09:37:18+00:00","og_image":[{"width":950,"height":950,"url":"https:\/\/greenowacja.pl\/wp-content\/uploads\/2024\/04\/IMG20240424144405.jpg","type":"image\/jpeg"}],"twitter_card":"summary_large_image","twitter_misc":{"Szacowany czas czytania":"1 minuta"},"schema":{"@context":"https:\/\/schema.org","@graph":[{"@type":"WebPage","@id":"https:\/\/greenowacja.pl\/produkt\/podziekowania-doniczka-owalna-z-mchem-i-kokardka-szara\/","url":"https:\/\/greenowacja.pl\/produkt\/podziekowania-doniczka-owalna-z-mchem-i-kokardka-szara\/","name":"Podzi\u0119kowanie - Doniczka owalna z kokardk\u0105","isPartOf":{"@id":"https:\/\/greenowacja.pl\/#website"},"primaryImageOfPage":{"@id":"https:\/\/greenowacja.pl\/produkt\/podziekowania-doniczka-owalna-z-mchem-i-kokardka-szara\/#primaryimage"},"image":{"@id":"https:\/\/greenowacja.pl\/produkt\/podziekowania-doniczka-owalna-z-mchem-i-kokardka-szara\/#primaryimage"},"thumbnailUrl":"https:\/\/greenowacja.pl\/wp-content\/uploads\/2024\/04\/IMG20240424144405.jpg","datePublished":"2024-04-24T14:50:53+00:00","dateModified":"2026-04-25T09:37:18+00:00","description":"Doniczka owalna z kokardk\u0105 na podzi\u0119kowanie. Ozdobiona chrobotkiem - oryginalny dodatek do wn\u0119trza! Ta nietypowa doniczka z pewno\u015bci\u0105 przyci\u0105gnie uwag\u0119 wszystkich mi\u0142o\u015bnik\u00f3w nietypowych ozd\u00f3b.","breadcrumb":{"@id":"https:\/\/greenowacja.pl\/produkt\/podziekowania-doniczka-owalna-z-mchem-i-kokardka-szara\/#breadcrumb"},"inLanguage":"pl-PL","potentialAction":[{"@type":"ReadAction","target":["https:\/\/greenowacja.pl\/produkt\/podziekowania-doniczka-owalna-z-mchem-i-kokardka-szara\/"]}]},{"@type":"ImageObject","inLanguage":"pl-PL","@id":"https:\/\/greenowacja.pl\/produkt\/podziekowania-doniczka-owalna-z-mchem-i-kokardka-szara\/#primaryimage","url":"https:\/\/greenowacja.pl\/wp-content\/uploads\/2024\/04\/IMG20240424144405.jpg","contentUrl":"https:\/\/greenowacja.pl\/wp-content\/uploads\/2024\/04\/IMG20240424144405.jpg","width":950,"height":950},{"@type":"BreadcrumbList","@id":"https:\/\/greenowacja.pl\/produkt\/podziekowania-doniczka-owalna-z-mchem-i-kokardka-szara\/#breadcrumb","itemListElement":[{"@type":"ListItem","position":1,"name":"Strona g\u0142\u00f3wna","item":"https:\/\/greenowacja.pl\/"},{"@type":"ListItem","position":2,"name":"Sklep","item":"https:\/\/greenowacja.pl\/sklep-z-mchem-chrobotkiem\/"},{"@type":"ListItem","position":3,"name":"Podzi\u0119kowanie doniczka owalna z mchem, kwiatkami i kokardk\u0105 &#8211; szara"}]},{"@type":"WebSite","@id":"https:\/\/greenowacja.pl\/#website","url":"https:\/\/greenowacja.pl\/","name":"Ozdoby i prezenty z mchu | #u\u015bMECHnij si\u0119!","description":"","publisher":{"@id":"https:\/\/greenowacja.pl\/#organization"},"potentialAction":[{"@type":"SearchAction","target":{"@type":"EntryPoint","urlTemplate":"https:\/\/greenowacja.pl\/?s={search_term_string}"},"query-input":{"@type":"PropertyValueSpecification","valueRequired":true,"valueName":"search_term_string"}}],"inLanguage":"pl-PL"},{"@type":"Organization","@id":"https:\/\/greenowacja.pl\/#organization","name":"Ozdoby i prezenty z mchu | #u\u015bMECHnij si\u0119!","url":"https:\/\/greenowacja.pl\/","logo":{"@type":"ImageObject","inLanguage":"pl-PL","@id":"https:\/\/greenowacja.pl\/#\/schema\/logo\/image\/","url":"https:\/\/greenowacja.pl\/wp-content\/uploads\/2023\/08\/Logo-Greenowacja-wer-z-claimem-pozioma-2-kolory_Easy-Resize.com_.jpg","contentUrl":"https:\/\/greenowacja.pl\/wp-content\/uploads\/2023\/08\/Logo-Greenowacja-wer-z-claimem-pozioma-2-kolory_Easy-Resize.com_.jpg","width":1280,"height":426,"caption":"Ozdoby i prezenty z mchu | #u\u015bMECHnij si\u0119!"},"image":{"@id":"https:\/\/greenowacja.pl\/#\/schema\/logo\/image\/"},"sameAs":["https:\/\/www.facebook.com\/Greenowacja","https:\/\/www.instagram.com\/greenowacja\/"]}]}},"_links":{"self":[{"href":"https:\/\/greenowacja.pl\/wp-json\/wp\/v2\/product\/7523","targetHints":{"allow":["GET"]}}],"collection":[{"href":"https:\/\/greenowacja.pl\/wp-json\/wp\/v2\/product"}],"about":[{"href":"https:\/\/greenowacja.pl\/wp-json\/wp\/v2\/types\/product"}],"wp:featuredmedia":[{"embeddable":true,"href":"https:\/\/greenowacja.pl\/wp-json\/wp\/v2\/media\/7517"}],"wp:attachment":[{"href":"https:\/\/greenowacja.pl\/wp-json\/wp\/v2\/media?parent=7523"}],"wp:term":[{"taxonomy":"product_brand","embeddable":true,"href":"https:\/\/greenowacja.pl\/wp-json\/wp\/v2\/product_brand?post=7523"},{"taxonomy":"product_cat","embeddable":true,"href":"https:\/\/greenowacja.pl\/wp-json\/wp\/v2\/product_cat?post=7523"},{"taxonomy":"product_tag","embeddable":true,"href":"https:\/\/greenowacja.pl\/wp-json\/wp\/v2\/product_tag?post=7523"}],"curies":[{"name":"wp","href":"https:\/\/api.w.org\/{rel}","templated":true}]}}