{"id":7548,"date":"2024-05-06T13:25:20","date_gmt":"2024-05-06T11:25:20","guid":{"rendered":"https:\/\/greenowacja.pl\/?post_type=product&#038;p=7548"},"modified":"2026-01-11T09:51:46","modified_gmt":"2026-01-11T08:51:46","slug":"sympatyczna-figurka-z-mchem-prezent-dla-mamy","status":"publish","type":"product","link":"https:\/\/greenowacja.pl\/produkt\/sympatyczna-figurka-z-mchem-prezent-dla-mamy\/","title":{"rendered":"Figurka &#8222;mi\u0142o\u015b\u0107&#8221; z kwiatkami na drewnianej podstawce &#8211; prezent dla mamy"},"content":{"rendered":"<h3 data-start=\"0\" data-end=\"63\"><strong data-start=\"4\" data-end=\"61\">Figurka kobiety -mi\u0142o\u015b\u0107, \u2013 wyj\u0105tkowy prezent dla mamy<\/strong><\/h3>\n<p data-start=\"65\" data-end=\"403\">Szukasz prezentu, kt\u00f3ry wyrazi mi\u0142o\u015b\u0107 i wdzi\u0119czno\u015b\u0107 w najpi\u0119kniejszy spos\u00f3b? <strong data-start=\"142\" data-end=\"196\">Figurka kobiety z r\u0119kami u\u0142o\u017conymi w kszta\u0142t serca<\/strong>, umieszczona na <strong data-start=\"213\" data-end=\"244\">plastrze prawdziwego drewna<\/strong>, to symbol ciep\u0142a, troski i niezast\u0105pionej matczynej mi\u0142o\u015bci. To unikalna dekoracja, kt\u00f3ra nie tylko zachwyca wygl\u0105dem, ale tak\u017ce niesie g\u0142\u0119bokie znaczenie.<\/p>\n<p data-start=\"65\" data-end=\"403\">\ud83e\udde9 <strong data-start=\"102\" data-end=\"156\">Fgurka i podstawka s\u0105 osobnymi elementami (nie s\u0105 sklejone)<\/strong><br data-start=\"156\" data-end=\"159\" \/>Figurka oraz podstawka s\u0105 zapakowane osobno, aby zapewni\u0107 bezpiecze\u0144stwo podczas transportu. Po otrzymaniu przesy\u0142ki wystarczy\u00a0 ustawi\u0107 figurk\u0119 na podstawce \u2013 nie wymaga klejenia ani monta\u017cu. Obie cz\u0119\u015bci idealnie do siebie pasuj\u0105, tworz\u0105c sp\u00f3jn\u0105 i eleganck\u0105 ca\u0142o\u015b\u0107.<\/p>\n<h3 data-start=\"405\" data-end=\"452\"><strong data-start=\"409\" data-end=\"450\">Dlaczego to idealny prezent dla mamy?<\/strong><\/h3>\n<p data-start=\"453\" data-end=\"1000\">\u2764\ufe0f <strong data-start=\"456\" data-end=\"482\">Symboliczne przes\u0142anie<\/strong> \u2013 r\u0119ce u\u0142o\u017cone w kszta\u0142t serca wyra\u017caj\u0105 mi\u0142o\u015b\u0107 i wdzi\u0119czno\u015b\u0107, kt\u00f3re trudno uj\u0105\u0107 w s\u0142owa.<br data-start=\"571\" data-end=\"574\" \/>\ud83c\udf3f <strong data-start=\"577\" data-end=\"597\">Naturalne pi\u0119kno<\/strong> \u2013 po\u0142\u0105czenie eleganckiej figurki, chrobotka reniferowego i drewnianej podstawy tworzy harmonijn\u0105, wyj\u0105tkow\u0105 kompozycj\u0119.<br data-start=\"717\" data-end=\"720\" \/>\ud83d\udc9a <strong data-start=\"723\" data-end=\"749\">Bezobs\u0142ugowa dekoracja<\/strong> \u2013 chrobotek reniferowy nie wymaga podlewania i przez lata zachowuje sw\u00f3j niepowtarzalny wygl\u0105d.<br data-start=\"845\" data-end=\"848\" \/>\ud83c\udf81 <strong data-start=\"851\" data-end=\"869\">Gotowy prezent<\/strong> \u2013 idealny na <strong data-start=\"883\" data-end=\"940\" data-is-only-node=\"\">Dzie\u0144 Matki, urodziny, imieniny czy ka\u017cd\u0105 inn\u0105 okazj\u0119<\/strong>, kiedy chcesz podzi\u0119kowa\u0107 mamie za jej mi\u0142o\u015b\u0107 i wsparcie.<\/p>\n<h3 data-start=\"1002\" data-end=\"1027\"><strong data-start=\"1006\" data-end=\"1025\">Cechy produktu:<\/strong><\/h3>\n<p data-start=\"1028\" data-end=\"1134\">\ud83d\udccf <strong data-start=\"1031\" data-end=\"1043\">Wymiary:<\/strong><br data-start=\"1043\" data-end=\"1046\" \/>\u2714 <strong data-start=\"1048\" data-end=\"1061\">Wysoko\u015b\u0107:<\/strong> ok. 12 cm (razem z chrobotkiem)<br data-start=\"1093\" data-end=\"1096\" \/>\u2714 <strong data-start=\"1098\" data-end=\"1120\">\u015arednica podstawy figurki :<\/strong> ok. 9-10 cm<\/p>\n<p data-start=\"1136\" data-end=\"1423\">\ud83d\uded2 <strong data-start=\"1139\" data-end=\"1173\">R\u0119cznie wykonana na zam\u00f3wienie<\/strong> \u2013 ka\u017cda figurka jest tworzona indywidualnie, dzi\u0119ki czemu masz pewno\u015b\u0107, \u017ce dostajesz unikalny produkt.<br data-start=\"1276\" data-end=\"1279\" \/>\ud83d\ude80 <strong data-start=\"1282\" data-end=\"1303\">Szybka realizacja<\/strong> \u2013 standardowy czas przygotowania to <strong data-start=\"1340\" data-end=\"1357\">3 dni robocze<\/strong>. Je\u015bli potrzebujesz ekspresowej wysy\u0142ki, skontaktuj si\u0119 z nami!<\/p>\n<h3 data-start=\"1425\" data-end=\"1447\"><strong data-start=\"1429\" data-end=\"1445\">Podsumowanie<\/strong><\/h3>\n<p data-start=\"1448\" data-end=\"1630\">Podaruj mamie prezent, kt\u00f3ry b\u0119dzie przypomina\u0142 jej o Twojej mi\u0142o\u015bci ka\u017cdego dnia. <strong data-start=\"1531\" data-end=\"1559\">Figurka kobiety z sercem<\/strong> to nie tylko pi\u0119kna ozdoba, ale tak\u017ce pe\u0142na emocji pami\u0105tka na lata.<\/p>\n<p data-start=\"1632\" data-end=\"1693\" data-is-last-node=\"\" data-is-only-node=\"\">\ud83d\udc49 <strong data-start=\"1635\" data-end=\"1690\">Kup teraz i podaruj mamie wyj\u0105tkowy symbol mi\u0142o\u015bci!<\/strong> \u2764\ufe0f<\/p>\n","protected":false},"excerpt":{"rendered":"<p data-start=\"0\" data-end=\"59\"><strong data-start=\"0\" data-end=\"57\">Figurka kobiety z sercem \u2013 wyj\u0105tkowy prezent dla mamy<\/strong><\/p>\n<p data-start=\"61\" data-end=\"363\">Elegancka figurka kobiety z r\u0119kami u\u0142o\u017conymi w kszta\u0142t serca, symbolizuj\u0105ca mi\u0142o\u015b\u0107 i wdzi\u0119czno\u015b\u0107. Umieszczona na <strong data-start=\"174\" data-end=\"205\">plastrze prawdziwego drewna<\/strong> i ozdobiona <strong data-start=\"218\" data-end=\"245\">chrobotkiem reniferowym<\/strong>, kt\u00f3ry nie wymaga piel\u0119gnacji. Idealny prezent na <strong data-start=\"296\" data-end=\"334\">Dzie\u0144 Matki, urodziny czy imieniny<\/strong> \u2013 pi\u0119kna pami\u0105tka na lata.<\/p>\n<p data-start=\"365\" data-end=\"420\" data-is-last-node=\"\" data-is-only-node=\"\"><strong data-start=\"365\" data-end=\"420\" data-is-last-node=\"\">Kup teraz i podaruj mamie symbol Twojej mi\u0142o\u015bci! \u2764\ufe0f<\/strong><\/p>\n","protected":false},"featured_media":7552,"template":"","meta":{"site-sidebar-layout":"default","site-content-layout":"default","ast-site-content-layout":"default","site-content-style":"default","site-sidebar-style":"default","ast-global-header-display":"","ast-banner-title-visibility":"","ast-main-header-display":"","ast-hfb-above-header-display":"","ast-hfb-below-header-display":"","ast-hfb-mobile-header-display":"","site-post-title":"","ast-breadcrumbs-content":"","ast-featured-img":"","footer-sml-layout":"","theme-transparent-header-meta":"default","adv-header-id-meta":"","stick-header-meta":"","header-above-stick-meta":"","header-main-stick-meta":"","header-below-stick-meta":"","astra-migrate-meta-layouts":"set","ast-page-background-enabled":"default","ast-page-background-meta":{"desktop":{"background-color":"","background-image":"","background-repeat":"repeat","background-position":"center center","background-size":"auto","background-attachment":"scroll","background-type":"","background-media":"","overlay-type":"","overlay-color":"","overlay-opacity":"","overlay-gradient":""},"tablet":{"background-color":"","background-image":"","background-repeat":"repeat","background-position":"center center","background-size":"auto","background-attachment":"scroll","background-type":"","background-media":"","overlay-type":"","overlay-color":"","overlay-opacity":"","overlay-gradient":""},"mobile":{"background-color":"","background-image":"","background-repeat":"repeat","background-position":"center center","background-size":"auto","background-attachment":"scroll","background-type":"","background-media":"","overlay-type":"","overlay-color":"","overlay-opacity":"","overlay-gradient":""}},"ast-content-background-meta":{"desktop":{"background-color":"var(--ast-global-color-5)","background-image":"","background-repeat":"repeat","background-position":"center center","background-size":"auto","background-attachment":"scroll","background-type":"","background-media":"","overlay-type":"","overlay-color":"","overlay-opacity":"","overlay-gradient":""},"tablet":{"background-color":"var(--ast-global-color-5)","background-image":"","background-repeat":"repeat","background-position":"center center","background-size":"auto","background-attachment":"scroll","background-type":"","background-media":"","overlay-type":"","overlay-color":"","overlay-opacity":"","overlay-gradient":""},"mobile":{"background-color":"var(--ast-global-color-5)","background-image":"","background-repeat":"repeat","background-position":"center center","background-size":"auto","background-attachment":"scroll","background-type":"","background-media":"","overlay-type":"","overlay-color":"","overlay-opacity":"","overlay-gradient":""}}},"product_brand":[],"product_cat":[96],"product_tag":[],"class_list":{"0":"post-7548","1":"product","2":"type-product","3":"status-publish","4":"has-post-thumbnail","6":"product_cat-prezenty-na-dzien-mamy-z-mchem","7":"desktop-align-left","8":"tablet-align-left","9":"mobile-align-left","11":"first","12":"instock","13":"taxable","14":"shipping-taxable","15":"purchasable","16":"product-type-simple"},"yoast_head":"<!-- This site is optimized with the Yoast SEO plugin v27.4 - https:\/\/yoast.com\/product\/yoast-seo-wordpress\/ -->\n<title>Figurka z mchem na dzie\u0144 mamy<\/title>\n<meta name=\"description\" content=\"Figurka - prezent na dzie\u0144 mamy. Posta\u0107 kobiety z w\u0142osami z mchu i dodatkiem suszonych kwiatk\u00f3w.\" \/>\n<meta name=\"robots\" content=\"index, follow, max-snippet:-1, max-image-preview:large, max-video-preview:-1\" \/>\n<link rel=\"canonical\" href=\"https:\/\/greenowacja.pl\/produkt\/sympatyczna-figurka-z-mchem-prezent-dla-mamy\/\" \/>\n<meta property=\"og:locale\" content=\"pl_PL\" \/>\n<meta property=\"og:type\" content=\"article\" \/>\n<meta property=\"og:title\" content=\"Figurka z mchem na dzie\u0144 mamy\" \/>\n<meta property=\"og:description\" content=\"Figurka - prezent na dzie\u0144 mamy. Posta\u0107 kobiety z w\u0142osami z mchu i dodatkiem suszonych kwiatk\u00f3w.\" \/>\n<meta property=\"og:url\" content=\"https:\/\/greenowacja.pl\/produkt\/sympatyczna-figurka-z-mchem-prezent-dla-mamy\/\" \/>\n<meta property=\"og:site_name\" content=\"Ozdoby i prezenty z mchu | #u\u015bMECHnij si\u0119!\" \/>\n<meta property=\"article:publisher\" content=\"https:\/\/www.facebook.com\/Greenowacja\" \/>\n<meta property=\"article:modified_time\" content=\"2026-01-11T08:51:46+00:00\" \/>\n<meta property=\"og:image\" content=\"https:\/\/greenowacja.pl\/wp-content\/uploads\/2024\/05\/IMG20240506115818.jpg\" \/>\n\t<meta property=\"og:image:width\" content=\"950\" \/>\n\t<meta property=\"og:image:height\" content=\"950\" \/>\n\t<meta property=\"og:image:type\" content=\"image\/jpeg\" \/>\n<meta name=\"twitter:card\" content=\"summary_large_image\" \/>\n<meta name=\"twitter:label1\" content=\"Szacowany czas czytania\" \/>\n\t<meta name=\"twitter:data1\" content=\"2 minuty\" \/>\n<script type=\"application\/ld+json\" class=\"yoast-schema-graph\">{\"@context\":\"https:\\\/\\\/schema.org\",\"@graph\":[{\"@type\":\"WebPage\",\"@id\":\"https:\\\/\\\/greenowacja.pl\\\/produkt\\\/sympatyczna-figurka-z-mchem-prezent-dla-mamy\\\/\",\"url\":\"https:\\\/\\\/greenowacja.pl\\\/produkt\\\/sympatyczna-figurka-z-mchem-prezent-dla-mamy\\\/\",\"name\":\"Figurka z mchem na dzie\u0144 mamy\",\"isPartOf\":{\"@id\":\"https:\\\/\\\/greenowacja.pl\\\/#website\"},\"primaryImageOfPage\":{\"@id\":\"https:\\\/\\\/greenowacja.pl\\\/produkt\\\/sympatyczna-figurka-z-mchem-prezent-dla-mamy\\\/#primaryimage\"},\"image\":{\"@id\":\"https:\\\/\\\/greenowacja.pl\\\/produkt\\\/sympatyczna-figurka-z-mchem-prezent-dla-mamy\\\/#primaryimage\"},\"thumbnailUrl\":\"https:\\\/\\\/greenowacja.pl\\\/wp-content\\\/uploads\\\/2024\\\/05\\\/IMG20240506115818.jpg\",\"datePublished\":\"2024-05-06T11:25:20+00:00\",\"dateModified\":\"2026-01-11T08:51:46+00:00\",\"description\":\"Figurka - prezent na dzie\u0144 mamy. Posta\u0107 kobiety z w\u0142osami z mchu i dodatkiem suszonych kwiatk\u00f3w.\",\"breadcrumb\":{\"@id\":\"https:\\\/\\\/greenowacja.pl\\\/produkt\\\/sympatyczna-figurka-z-mchem-prezent-dla-mamy\\\/#breadcrumb\"},\"inLanguage\":\"pl-PL\",\"potentialAction\":[{\"@type\":\"ReadAction\",\"target\":[\"https:\\\/\\\/greenowacja.pl\\\/produkt\\\/sympatyczna-figurka-z-mchem-prezent-dla-mamy\\\/\"]}]},{\"@type\":\"ImageObject\",\"inLanguage\":\"pl-PL\",\"@id\":\"https:\\\/\\\/greenowacja.pl\\\/produkt\\\/sympatyczna-figurka-z-mchem-prezent-dla-mamy\\\/#primaryimage\",\"url\":\"https:\\\/\\\/greenowacja.pl\\\/wp-content\\\/uploads\\\/2024\\\/05\\\/IMG20240506115818.jpg\",\"contentUrl\":\"https:\\\/\\\/greenowacja.pl\\\/wp-content\\\/uploads\\\/2024\\\/05\\\/IMG20240506115818.jpg\",\"width\":950,\"height\":950},{\"@type\":\"BreadcrumbList\",\"@id\":\"https:\\\/\\\/greenowacja.pl\\\/produkt\\\/sympatyczna-figurka-z-mchem-prezent-dla-mamy\\\/#breadcrumb\",\"itemListElement\":[{\"@type\":\"ListItem\",\"position\":1,\"name\":\"Strona g\u0142\u00f3wna\",\"item\":\"https:\\\/\\\/greenowacja.pl\\\/\"},{\"@type\":\"ListItem\",\"position\":2,\"name\":\"Sklep\",\"item\":\"https:\\\/\\\/greenowacja.pl\\\/sklep-z-mchem-chrobotkiem\\\/\"},{\"@type\":\"ListItem\",\"position\":3,\"name\":\"Figurka &#8222;mi\u0142o\u015b\u0107&#8221; z kwiatkami na drewnianej podstawce &#8211; prezent dla mamy\"}]},{\"@type\":\"WebSite\",\"@id\":\"https:\\\/\\\/greenowacja.pl\\\/#website\",\"url\":\"https:\\\/\\\/greenowacja.pl\\\/\",\"name\":\"Ozdoby i prezenty z mchu | #u\u015bMECHnij si\u0119!\",\"description\":\"\",\"publisher\":{\"@id\":\"https:\\\/\\\/greenowacja.pl\\\/#organization\"},\"potentialAction\":[{\"@type\":\"SearchAction\",\"target\":{\"@type\":\"EntryPoint\",\"urlTemplate\":\"https:\\\/\\\/greenowacja.pl\\\/?s={search_term_string}\"},\"query-input\":{\"@type\":\"PropertyValueSpecification\",\"valueRequired\":true,\"valueName\":\"search_term_string\"}}],\"inLanguage\":\"pl-PL\"},{\"@type\":\"Organization\",\"@id\":\"https:\\\/\\\/greenowacja.pl\\\/#organization\",\"name\":\"Ozdoby i prezenty z mchu | #u\u015bMECHnij si\u0119!\",\"url\":\"https:\\\/\\\/greenowacja.pl\\\/\",\"logo\":{\"@type\":\"ImageObject\",\"inLanguage\":\"pl-PL\",\"@id\":\"https:\\\/\\\/greenowacja.pl\\\/#\\\/schema\\\/logo\\\/image\\\/\",\"url\":\"https:\\\/\\\/greenowacja.pl\\\/wp-content\\\/uploads\\\/2023\\\/08\\\/Logo-Greenowacja-wer-z-claimem-pozioma-2-kolory_Easy-Resize.com_.jpg\",\"contentUrl\":\"https:\\\/\\\/greenowacja.pl\\\/wp-content\\\/uploads\\\/2023\\\/08\\\/Logo-Greenowacja-wer-z-claimem-pozioma-2-kolory_Easy-Resize.com_.jpg\",\"width\":1280,\"height\":426,\"caption\":\"Ozdoby i prezenty z mchu | #u\u015bMECHnij si\u0119!\"},\"image\":{\"@id\":\"https:\\\/\\\/greenowacja.pl\\\/#\\\/schema\\\/logo\\\/image\\\/\"},\"sameAs\":[\"https:\\\/\\\/www.facebook.com\\\/Greenowacja\",\"https:\\\/\\\/www.instagram.com\\\/greenowacja\\\/\"]}]}<\/script>\n<!-- \/ Yoast SEO plugin. -->","yoast_head_json":{"title":"Figurka z mchem na dzie\u0144 mamy","description":"Figurka - prezent na dzie\u0144 mamy. Posta\u0107 kobiety z w\u0142osami z mchu i dodatkiem suszonych kwiatk\u00f3w.","robots":{"index":"index","follow":"follow","max-snippet":"max-snippet:-1","max-image-preview":"max-image-preview:large","max-video-preview":"max-video-preview:-1"},"canonical":"https:\/\/greenowacja.pl\/produkt\/sympatyczna-figurka-z-mchem-prezent-dla-mamy\/","og_locale":"pl_PL","og_type":"article","og_title":"Figurka z mchem na dzie\u0144 mamy","og_description":"Figurka - prezent na dzie\u0144 mamy. Posta\u0107 kobiety z w\u0142osami z mchu i dodatkiem suszonych kwiatk\u00f3w.","og_url":"https:\/\/greenowacja.pl\/produkt\/sympatyczna-figurka-z-mchem-prezent-dla-mamy\/","og_site_name":"Ozdoby i prezenty z mchu | #u\u015bMECHnij si\u0119!","article_publisher":"https:\/\/www.facebook.com\/Greenowacja","article_modified_time":"2026-01-11T08:51:46+00:00","og_image":[{"width":950,"height":950,"url":"https:\/\/greenowacja.pl\/wp-content\/uploads\/2024\/05\/IMG20240506115818.jpg","type":"image\/jpeg"}],"twitter_card":"summary_large_image","twitter_misc":{"Szacowany czas czytania":"2 minuty"},"schema":{"@context":"https:\/\/schema.org","@graph":[{"@type":"WebPage","@id":"https:\/\/greenowacja.pl\/produkt\/sympatyczna-figurka-z-mchem-prezent-dla-mamy\/","url":"https:\/\/greenowacja.pl\/produkt\/sympatyczna-figurka-z-mchem-prezent-dla-mamy\/","name":"Figurka z mchem na dzie\u0144 mamy","isPartOf":{"@id":"https:\/\/greenowacja.pl\/#website"},"primaryImageOfPage":{"@id":"https:\/\/greenowacja.pl\/produkt\/sympatyczna-figurka-z-mchem-prezent-dla-mamy\/#primaryimage"},"image":{"@id":"https:\/\/greenowacja.pl\/produkt\/sympatyczna-figurka-z-mchem-prezent-dla-mamy\/#primaryimage"},"thumbnailUrl":"https:\/\/greenowacja.pl\/wp-content\/uploads\/2024\/05\/IMG20240506115818.jpg","datePublished":"2024-05-06T11:25:20+00:00","dateModified":"2026-01-11T08:51:46+00:00","description":"Figurka - prezent na dzie\u0144 mamy. Posta\u0107 kobiety z w\u0142osami z mchu i dodatkiem suszonych kwiatk\u00f3w.","breadcrumb":{"@id":"https:\/\/greenowacja.pl\/produkt\/sympatyczna-figurka-z-mchem-prezent-dla-mamy\/#breadcrumb"},"inLanguage":"pl-PL","potentialAction":[{"@type":"ReadAction","target":["https:\/\/greenowacja.pl\/produkt\/sympatyczna-figurka-z-mchem-prezent-dla-mamy\/"]}]},{"@type":"ImageObject","inLanguage":"pl-PL","@id":"https:\/\/greenowacja.pl\/produkt\/sympatyczna-figurka-z-mchem-prezent-dla-mamy\/#primaryimage","url":"https:\/\/greenowacja.pl\/wp-content\/uploads\/2024\/05\/IMG20240506115818.jpg","contentUrl":"https:\/\/greenowacja.pl\/wp-content\/uploads\/2024\/05\/IMG20240506115818.jpg","width":950,"height":950},{"@type":"BreadcrumbList","@id":"https:\/\/greenowacja.pl\/produkt\/sympatyczna-figurka-z-mchem-prezent-dla-mamy\/#breadcrumb","itemListElement":[{"@type":"ListItem","position":1,"name":"Strona g\u0142\u00f3wna","item":"https:\/\/greenowacja.pl\/"},{"@type":"ListItem","position":2,"name":"Sklep","item":"https:\/\/greenowacja.pl\/sklep-z-mchem-chrobotkiem\/"},{"@type":"ListItem","position":3,"name":"Figurka &#8222;mi\u0142o\u015b\u0107&#8221; z kwiatkami na drewnianej podstawce &#8211; prezent dla mamy"}]},{"@type":"WebSite","@id":"https:\/\/greenowacja.pl\/#website","url":"https:\/\/greenowacja.pl\/","name":"Ozdoby i prezenty z mchu | #u\u015bMECHnij si\u0119!","description":"","publisher":{"@id":"https:\/\/greenowacja.pl\/#organization"},"potentialAction":[{"@type":"SearchAction","target":{"@type":"EntryPoint","urlTemplate":"https:\/\/greenowacja.pl\/?s={search_term_string}"},"query-input":{"@type":"PropertyValueSpecification","valueRequired":true,"valueName":"search_term_string"}}],"inLanguage":"pl-PL"},{"@type":"Organization","@id":"https:\/\/greenowacja.pl\/#organization","name":"Ozdoby i prezenty z mchu | #u\u015bMECHnij si\u0119!","url":"https:\/\/greenowacja.pl\/","logo":{"@type":"ImageObject","inLanguage":"pl-PL","@id":"https:\/\/greenowacja.pl\/#\/schema\/logo\/image\/","url":"https:\/\/greenowacja.pl\/wp-content\/uploads\/2023\/08\/Logo-Greenowacja-wer-z-claimem-pozioma-2-kolory_Easy-Resize.com_.jpg","contentUrl":"https:\/\/greenowacja.pl\/wp-content\/uploads\/2023\/08\/Logo-Greenowacja-wer-z-claimem-pozioma-2-kolory_Easy-Resize.com_.jpg","width":1280,"height":426,"caption":"Ozdoby i prezenty z mchu | #u\u015bMECHnij si\u0119!"},"image":{"@id":"https:\/\/greenowacja.pl\/#\/schema\/logo\/image\/"},"sameAs":["https:\/\/www.facebook.com\/Greenowacja","https:\/\/www.instagram.com\/greenowacja\/"]}]}},"_links":{"self":[{"href":"https:\/\/greenowacja.pl\/wp-json\/wp\/v2\/product\/7548","targetHints":{"allow":["GET"]}}],"collection":[{"href":"https:\/\/greenowacja.pl\/wp-json\/wp\/v2\/product"}],"about":[{"href":"https:\/\/greenowacja.pl\/wp-json\/wp\/v2\/types\/product"}],"wp:featuredmedia":[{"embeddable":true,"href":"https:\/\/greenowacja.pl\/wp-json\/wp\/v2\/media\/7552"}],"wp:attachment":[{"href":"https:\/\/greenowacja.pl\/wp-json\/wp\/v2\/media?parent=7548"}],"wp:term":[{"taxonomy":"product_brand","embeddable":true,"href":"https:\/\/greenowacja.pl\/wp-json\/wp\/v2\/product_brand?post=7548"},{"taxonomy":"product_cat","embeddable":true,"href":"https:\/\/greenowacja.pl\/wp-json\/wp\/v2\/product_cat?post=7548"},{"taxonomy":"product_tag","embeddable":true,"href":"https:\/\/greenowacja.pl\/wp-json\/wp\/v2\/product_tag?post=7548"}],"curies":[{"name":"wp","href":"https:\/\/api.w.org\/{rel}","templated":true}]}}