{"id":7703,"date":"2024-06-03T11:17:41","date_gmt":"2024-06-03T09:17:41","guid":{"rendered":"https:\/\/greenowacja.pl\/?post_type=product&#038;p=7703"},"modified":"2026-04-25T11:37:18","modified_gmt":"2026-04-25T09:37:18","slug":"doniczka-owalna-z-mchem-i-kokardka-szara-prezent-dla-nauczyciela","status":"publish","type":"product","link":"https:\/\/greenowacja.pl\/produkt\/doniczka-owalna-z-mchem-i-kokardka-szara-prezent-dla-nauczyciela\/","title":{"rendered":"Doniczka owalna z mchem, kwiatkami i kokardk\u0105 &#8211; szara &#8211; prezent dla nauczyciela"},"content":{"rendered":"<h3 data-start=\"108\" data-end=\"208\">\ud83c\udf3f Doniczka owalna z kokardk\u0105 i chrobotkiem reniferowym \u2013 wyj\u0105tkowy prezent dla nauczyciela \ud83c\udf81<\/h3>\n<p data-start=\"210\" data-end=\"513\">Szukasz eleganckiego i oryginalnego prezentu dla nauczyciela lub nauczycielki?<br data-start=\"288\" data-end=\"291\" \/>Nasza <strong data-start=\"297\" data-end=\"373\">doniczka owalna z kokardk\u0105, ozdobiona naturalnym chrobotkiem reniferowym<\/strong> to dekoracja, kt\u00f3ra zachwyca swoj\u0105 prostot\u0105 i klas\u0105. To nie tylko pi\u0119kny dodatek do wn\u0119trza, ale tak\u017ce <strong data-start=\"477\" data-end=\"510\">symbol wdzi\u0119czno\u015bci i uznania<\/strong>.<\/p>\n<p data-start=\"103\" data-end=\"420\">\u2500\u2500\u2500\u2500\u2500\u2500\u2500\u2500\u2500\u2500\u2500\u2500\u2500\u2500\u2500\u2500\u2500\u2500\u2500\u2500\u2500\u2500\u2500\u2500\u2500\u2500\u2500\u2500\u2500\u2500\u2500\u2500\u2500\u2500\u2500\u2500\u2500\u2500\u2500\u2500\u2500\u2500\u2500\u2500\u2500\u2500<br data-start=\"149\" data-end=\"152\" \/>\ud83d\udcdd <strong data-start=\"155\" data-end=\"217\">Gdzie wpisa\u0107 tre\u015b\u0107 napisu lub sugestie dotycz\u0105ce kwiatk\u00f3w?<\/strong><br data-start=\"217\" data-end=\"220\" \/>Podczas sk\u0142adania zam\u00f3wienia przejd\u017a do koszyka \u2192 kliknij <strong data-start=\"278\" data-end=\"304\">\u201ePrzejd\u017a do p\u0142atno\u015bci\u201d<\/strong>.<br data-start=\"305\" data-end=\"308\" \/>Na dole strony znajdziesz pole <strong data-start=\"339\" data-end=\"364\">\u201eUwagi do zam\u00f3wienia\u201d<\/strong> \u2013 w\u0142a\u015bnie tam wpisz wybrany napis lub swoje sugestie.<\/p>\n<p data-start=\"422\" data-end=\"533\">\ud83d\udc53 <strong data-start=\"425\" data-end=\"453\">Dost\u0119pne wersje napis\u00f3w:<\/strong><br data-start=\"453\" data-end=\"456\" \/>\u201eWyj\u0105tkowy Nauczyciel\u201d, \u201eWyj\u0105tkowa Nauczycielka\u201d, \u201eDzi\u0119kujemy\u201d, \u201eDzi\u0119kuj\u0119\u201d.<\/p>\n<p data-start=\"535\" data-end=\"694\">\ud83d\udce6 <strong data-start=\"538\" data-end=\"554\">Brak wyboru?<\/strong><br data-start=\"554\" data-end=\"557\" \/>W przypadku braku wskazania tre\u015bci napisu \u2013 <strong data-start=\"601\" data-end=\"643\">domy\u015blnie wysy\u0142amy napis \u201eDzi\u0119kujemy\u201d.<\/strong><br data-start=\"643\" data-end=\"646\" \/>\u2500\u2500\u2500\u2500\u2500\u2500\u2500\u2500\u2500\u2500\u2500\u2500\u2500\u2500\u2500\u2500\u2500\u2500\u2500\u2500\u2500\u2500\u2500\u2500\u2500\u2500\u2500\u2500\u2500\u2500\u2500\u2500\u2500\u2500\u2500\u2500\u2500\u2500\u2500\u2500\u2500\u2500\u2500\u2500\u2500\u2500<\/p>\n<p data-start=\"710\" data-end=\"921\">\ud83c\udf38 <strong data-start=\"713\" data-end=\"761\">Losowe, ale zawsze starannie dobrane kwiatki<\/strong> dodaj\u0105 uroku i sprawiaj\u0105, \u017ce ka\u017cda doniczka jest niepowtarzalna. Mo\u017cesz r\u00f3wnie\u017c zasugerowa\u0107 nam kolor kwiat\u00f3w, a my do\u0142o\u017cymy stara\u0144, aby spe\u0142ni\u0107 Twoj\u0105 wizj\u0119.<\/p>\n<hr data-start=\"923\" data-end=\"926\" \/>\n<h3 data-start=\"928\" data-end=\"979\">Dlaczego warto wybra\u0107 doniczk\u0119 z chrobotkiem?<\/h3>\n<p data-start=\"980\" data-end=\"1388\">\u2705 <strong data-start=\"982\" data-end=\"1007\">Nie wymaga podlewania<\/strong> \u2013 chrobotek reniferowy czerpie wilgo\u0107 z powietrza.<br data-start=\"1058\" data-end=\"1061\" \/>\u2705 <strong data-start=\"1063\" data-end=\"1084\">Trwa\u0142o\u015b\u0107 8\u201310 lat<\/strong> \u2013 dekoracja, kt\u00f3ra b\u0119dzie cieszy\u0107 oko przez wiele sezon\u00f3w.<br data-start=\"1143\" data-end=\"1146\" \/>\u2705 <strong data-start=\"1148\" data-end=\"1166\">Bezobs\u0142ugowo\u015b\u0107<\/strong> \u2013 idealna dla zapracowanych i zapominalskich.<br data-start=\"1212\" data-end=\"1215\" \/>\u2705 <strong data-start=\"1217\" data-end=\"1239\">Uniwersalny design<\/strong> \u2013 pasuje do domu, biura czy klasy szkolnej.<br data-start=\"1283\" data-end=\"1286\" \/>\u2705 <strong data-start=\"1288\" data-end=\"1306\">Pi\u0119kny prezent<\/strong> \u2013 szczeg\u00f3lnie na zako\u0144czenie roku szkolnego, Dzie\u0144 Nauczyciela czy inne okazje.<\/p>\n<hr data-start=\"1390\" data-end=\"1393\" \/>\n<h3 data-start=\"1395\" data-end=\"1416\">Cechy produktu:<\/h3>\n<p data-start=\"1417\" data-end=\"1500\">\ud83d\udccf d\u0142ugo\u015b\u0107: 18 cm<br data-start=\"1434\" data-end=\"1437\" \/>\ud83d\udccf szeroko\u015b\u0107: 10 cm<br data-start=\"1456\" data-end=\"1459\" \/>\ud83d\udccf wysoko\u015b\u0107: 16 cm<br data-start=\"1477\" data-end=\"1480\" \/>\u2696\ufe0f waga: ok. 540 g<\/p>\n<hr data-start=\"1502\" data-end=\"1505\" \/>\n<p data-start=\"1507\" data-end=\"1656\">\ud83c\udf3f <strong data-start=\"1510\" data-end=\"1654\">Doniczka z chrobotkiem reniferowym to wi\u0119cej ni\u017c dekoracja \u2013 to wyj\u0105tkowy spos\u00f3b, by podzi\u0119kowa\u0107 nauczycielowi w pi\u0119kny i oryginalny spos\u00f3b.<\/strong><\/p>\n","protected":false},"excerpt":{"rendered":"<p><strong>Doniczka owalna w kolorze szarym z kokardk\u0105 ozdobiona mchem chrobotkiem reniferowym. <\/strong>Pomys\u0142 na prezent dla nauczycielki. Trzy napisy do wyboru:\u00a0 \u201cWyj\u0105tkowy Nauczyciel\u201d, \u201cWyj\u0105tkowa Nauczycielka\u201d lub \u201cDzi\u0119kujemy\u201d.<\/p>\n<p>&nbsp;<\/p>\n","protected":false},"featured_media":16474,"template":"","meta":{"site-sidebar-layout":"default","site-content-layout":"default","ast-site-content-layout":"default","site-content-style":"default","site-sidebar-style":"default","ast-global-header-display":"","ast-banner-title-visibility":"","ast-main-header-display":"","ast-hfb-above-header-display":"","ast-hfb-below-header-display":"","ast-hfb-mobile-header-display":"","site-post-title":"","ast-breadcrumbs-content":"","ast-featured-img":"","footer-sml-layout":"","theme-transparent-header-meta":"default","adv-header-id-meta":"","stick-header-meta":"","header-above-stick-meta":"","header-main-stick-meta":"","header-below-stick-meta":"","astra-migrate-meta-layouts":"set","ast-page-background-enabled":"default","ast-page-background-meta":{"desktop":{"background-color":"","background-image":"","background-repeat":"repeat","background-position":"center center","background-size":"auto","background-attachment":"scroll","background-type":"","background-media":"","overlay-type":"","overlay-color":"","overlay-opacity":"","overlay-gradient":""},"tablet":{"background-color":"","background-image":"","background-repeat":"repeat","background-position":"center center","background-size":"auto","background-attachment":"scroll","background-type":"","background-media":"","overlay-type":"","overlay-color":"","overlay-opacity":"","overlay-gradient":""},"mobile":{"background-color":"","background-image":"","background-repeat":"repeat","background-position":"center center","background-size":"auto","background-attachment":"scroll","background-type":"","background-media":"","overlay-type":"","overlay-color":"","overlay-opacity":"","overlay-gradient":""}},"ast-content-background-meta":{"desktop":{"background-color":"var(--ast-global-color-5)","background-image":"","background-repeat":"repeat","background-position":"center center","background-size":"auto","background-attachment":"scroll","background-type":"","background-media":"","overlay-type":"","overlay-color":"","overlay-opacity":"","overlay-gradient":""},"tablet":{"background-color":"var(--ast-global-color-5)","background-image":"","background-repeat":"repeat","background-position":"center center","background-size":"auto","background-attachment":"scroll","background-type":"","background-media":"","overlay-type":"","overlay-color":"","overlay-opacity":"","overlay-gradient":""},"mobile":{"background-color":"var(--ast-global-color-5)","background-image":"","background-repeat":"repeat","background-position":"center center","background-size":"auto","background-attachment":"scroll","background-type":"","background-media":"","overlay-type":"","overlay-color":"","overlay-opacity":"","overlay-gradient":""}}},"product_brand":[],"product_cat":[58],"product_tag":[],"class_list":{"0":"post-7703","1":"product","2":"type-product","3":"status-publish","4":"has-post-thumbnail","6":"product_cat-prezenty-dla-nauczyciela","7":"desktop-align-left","8":"tablet-align-left","9":"mobile-align-left","11":"first","12":"instock","13":"taxable","14":"shipping-taxable","15":"purchasable","16":"product-type-simple"},"yoast_head":"<!-- This site is optimized with the Yoast SEO plugin v27.4 - https:\/\/yoast.com\/product\/yoast-seo-wordpress\/ -->\n<title>Doniczka owalna z kokardk\u0105 -prezent dla nauczyciela<\/title>\n<meta name=\"description\" content=\"Doniczka owalna z kokardk\u0105 ozdobiona chrobotkiem - oryginalny prezent dla nauczyciela! Ta nietypowa doniczka z pewno\u015bci\u0105 przyci\u0105gnie uwag\u0119 wszystkich mi\u0142o\u015bnik\u00f3w nietypowych ozd\u00f3b..\" \/>\n<meta name=\"robots\" content=\"index, follow, max-snippet:-1, max-image-preview:large, max-video-preview:-1\" \/>\n<link rel=\"canonical\" href=\"https:\/\/greenowacja.pl\/produkt\/doniczka-owalna-z-mchem-i-kokardka-szara-prezent-dla-nauczyciela\/\" \/>\n<meta property=\"og:locale\" content=\"pl_PL\" \/>\n<meta property=\"og:type\" content=\"article\" \/>\n<meta property=\"og:title\" content=\"Doniczka owalna z kokardk\u0105 -prezent dla nauczyciela\" \/>\n<meta property=\"og:description\" content=\"Doniczka owalna z kokardk\u0105 ozdobiona chrobotkiem - oryginalny prezent dla nauczyciela! Ta nietypowa doniczka z pewno\u015bci\u0105 przyci\u0105gnie uwag\u0119 wszystkich mi\u0142o\u015bnik\u00f3w nietypowych ozd\u00f3b..\" \/>\n<meta property=\"og:url\" content=\"https:\/\/greenowacja.pl\/produkt\/doniczka-owalna-z-mchem-i-kokardka-szara-prezent-dla-nauczyciela\/\" \/>\n<meta property=\"og:site_name\" content=\"Ozdoby i prezenty z mchu | #u\u015bMECHnij si\u0119!\" \/>\n<meta property=\"article:publisher\" content=\"https:\/\/www.facebook.com\/Greenowacja\" \/>\n<meta property=\"article:modified_time\" content=\"2026-04-25T09:37:18+00:00\" \/>\n<meta property=\"og:image\" content=\"https:\/\/greenowacja.pl\/wp-content\/uploads\/2024\/06\/IMG20250318091036.jpg\" \/>\n\t<meta property=\"og:image:width\" content=\"950\" \/>\n\t<meta property=\"og:image:height\" content=\"950\" \/>\n\t<meta property=\"og:image:type\" content=\"image\/jpeg\" \/>\n<meta name=\"twitter:card\" content=\"summary_large_image\" \/>\n<meta name=\"twitter:label1\" content=\"Szacowany czas czytania\" \/>\n\t<meta name=\"twitter:data1\" content=\"2 minuty\" \/>\n<script type=\"application\/ld+json\" class=\"yoast-schema-graph\">{\"@context\":\"https:\\\/\\\/schema.org\",\"@graph\":[{\"@type\":\"WebPage\",\"@id\":\"https:\\\/\\\/greenowacja.pl\\\/produkt\\\/doniczka-owalna-z-mchem-i-kokardka-szara-prezent-dla-nauczyciela\\\/\",\"url\":\"https:\\\/\\\/greenowacja.pl\\\/produkt\\\/doniczka-owalna-z-mchem-i-kokardka-szara-prezent-dla-nauczyciela\\\/\",\"name\":\"Doniczka owalna z kokardk\u0105 -prezent dla nauczyciela\",\"isPartOf\":{\"@id\":\"https:\\\/\\\/greenowacja.pl\\\/#website\"},\"primaryImageOfPage\":{\"@id\":\"https:\\\/\\\/greenowacja.pl\\\/produkt\\\/doniczka-owalna-z-mchem-i-kokardka-szara-prezent-dla-nauczyciela\\\/#primaryimage\"},\"image\":{\"@id\":\"https:\\\/\\\/greenowacja.pl\\\/produkt\\\/doniczka-owalna-z-mchem-i-kokardka-szara-prezent-dla-nauczyciela\\\/#primaryimage\"},\"thumbnailUrl\":\"https:\\\/\\\/greenowacja.pl\\\/wp-content\\\/uploads\\\/2024\\\/06\\\/IMG20250318091036.jpg\",\"datePublished\":\"2024-06-03T09:17:41+00:00\",\"dateModified\":\"2026-04-25T09:37:18+00:00\",\"description\":\"Doniczka owalna z kokardk\u0105 ozdobiona chrobotkiem - oryginalny prezent dla nauczyciela! Ta nietypowa doniczka z pewno\u015bci\u0105 przyci\u0105gnie uwag\u0119 wszystkich mi\u0142o\u015bnik\u00f3w nietypowych ozd\u00f3b..\",\"breadcrumb\":{\"@id\":\"https:\\\/\\\/greenowacja.pl\\\/produkt\\\/doniczka-owalna-z-mchem-i-kokardka-szara-prezent-dla-nauczyciela\\\/#breadcrumb\"},\"inLanguage\":\"pl-PL\",\"potentialAction\":[{\"@type\":\"ReadAction\",\"target\":[\"https:\\\/\\\/greenowacja.pl\\\/produkt\\\/doniczka-owalna-z-mchem-i-kokardka-szara-prezent-dla-nauczyciela\\\/\"]}]},{\"@type\":\"ImageObject\",\"inLanguage\":\"pl-PL\",\"@id\":\"https:\\\/\\\/greenowacja.pl\\\/produkt\\\/doniczka-owalna-z-mchem-i-kokardka-szara-prezent-dla-nauczyciela\\\/#primaryimage\",\"url\":\"https:\\\/\\\/greenowacja.pl\\\/wp-content\\\/uploads\\\/2024\\\/06\\\/IMG20250318091036.jpg\",\"contentUrl\":\"https:\\\/\\\/greenowacja.pl\\\/wp-content\\\/uploads\\\/2024\\\/06\\\/IMG20250318091036.jpg\",\"width\":950,\"height\":950},{\"@type\":\"BreadcrumbList\",\"@id\":\"https:\\\/\\\/greenowacja.pl\\\/produkt\\\/doniczka-owalna-z-mchem-i-kokardka-szara-prezent-dla-nauczyciela\\\/#breadcrumb\",\"itemListElement\":[{\"@type\":\"ListItem\",\"position\":1,\"name\":\"Strona g\u0142\u00f3wna\",\"item\":\"https:\\\/\\\/greenowacja.pl\\\/\"},{\"@type\":\"ListItem\",\"position\":2,\"name\":\"Sklep\",\"item\":\"https:\\\/\\\/greenowacja.pl\\\/sklep-z-mchem-chrobotkiem\\\/\"},{\"@type\":\"ListItem\",\"position\":3,\"name\":\"Doniczka owalna z mchem, kwiatkami i kokardk\u0105 &#8211; szara &#8211; prezent dla nauczyciela\"}]},{\"@type\":\"WebSite\",\"@id\":\"https:\\\/\\\/greenowacja.pl\\\/#website\",\"url\":\"https:\\\/\\\/greenowacja.pl\\\/\",\"name\":\"Ozdoby i prezenty z mchu | #u\u015bMECHnij si\u0119!\",\"description\":\"\",\"publisher\":{\"@id\":\"https:\\\/\\\/greenowacja.pl\\\/#organization\"},\"potentialAction\":[{\"@type\":\"SearchAction\",\"target\":{\"@type\":\"EntryPoint\",\"urlTemplate\":\"https:\\\/\\\/greenowacja.pl\\\/?s={search_term_string}\"},\"query-input\":{\"@type\":\"PropertyValueSpecification\",\"valueRequired\":true,\"valueName\":\"search_term_string\"}}],\"inLanguage\":\"pl-PL\"},{\"@type\":\"Organization\",\"@id\":\"https:\\\/\\\/greenowacja.pl\\\/#organization\",\"name\":\"Ozdoby i prezenty z mchu | #u\u015bMECHnij si\u0119!\",\"url\":\"https:\\\/\\\/greenowacja.pl\\\/\",\"logo\":{\"@type\":\"ImageObject\",\"inLanguage\":\"pl-PL\",\"@id\":\"https:\\\/\\\/greenowacja.pl\\\/#\\\/schema\\\/logo\\\/image\\\/\",\"url\":\"https:\\\/\\\/greenowacja.pl\\\/wp-content\\\/uploads\\\/2023\\\/08\\\/Logo-Greenowacja-wer-z-claimem-pozioma-2-kolory_Easy-Resize.com_.jpg\",\"contentUrl\":\"https:\\\/\\\/greenowacja.pl\\\/wp-content\\\/uploads\\\/2023\\\/08\\\/Logo-Greenowacja-wer-z-claimem-pozioma-2-kolory_Easy-Resize.com_.jpg\",\"width\":1280,\"height\":426,\"caption\":\"Ozdoby i prezenty z mchu | #u\u015bMECHnij si\u0119!\"},\"image\":{\"@id\":\"https:\\\/\\\/greenowacja.pl\\\/#\\\/schema\\\/logo\\\/image\\\/\"},\"sameAs\":[\"https:\\\/\\\/www.facebook.com\\\/Greenowacja\",\"https:\\\/\\\/www.instagram.com\\\/greenowacja\\\/\"]}]}<\/script>\n<!-- \/ Yoast SEO plugin. -->","yoast_head_json":{"title":"Doniczka owalna z kokardk\u0105 -prezent dla nauczyciela","description":"Doniczka owalna z kokardk\u0105 ozdobiona chrobotkiem - oryginalny prezent dla nauczyciela! Ta nietypowa doniczka z pewno\u015bci\u0105 przyci\u0105gnie uwag\u0119 wszystkich mi\u0142o\u015bnik\u00f3w nietypowych ozd\u00f3b..","robots":{"index":"index","follow":"follow","max-snippet":"max-snippet:-1","max-image-preview":"max-image-preview:large","max-video-preview":"max-video-preview:-1"},"canonical":"https:\/\/greenowacja.pl\/produkt\/doniczka-owalna-z-mchem-i-kokardka-szara-prezent-dla-nauczyciela\/","og_locale":"pl_PL","og_type":"article","og_title":"Doniczka owalna z kokardk\u0105 -prezent dla nauczyciela","og_description":"Doniczka owalna z kokardk\u0105 ozdobiona chrobotkiem - oryginalny prezent dla nauczyciela! Ta nietypowa doniczka z pewno\u015bci\u0105 przyci\u0105gnie uwag\u0119 wszystkich mi\u0142o\u015bnik\u00f3w nietypowych ozd\u00f3b..","og_url":"https:\/\/greenowacja.pl\/produkt\/doniczka-owalna-z-mchem-i-kokardka-szara-prezent-dla-nauczyciela\/","og_site_name":"Ozdoby i prezenty z mchu | #u\u015bMECHnij si\u0119!","article_publisher":"https:\/\/www.facebook.com\/Greenowacja","article_modified_time":"2026-04-25T09:37:18+00:00","og_image":[{"width":950,"height":950,"url":"https:\/\/greenowacja.pl\/wp-content\/uploads\/2024\/06\/IMG20250318091036.jpg","type":"image\/jpeg"}],"twitter_card":"summary_large_image","twitter_misc":{"Szacowany czas czytania":"2 minuty"},"schema":{"@context":"https:\/\/schema.org","@graph":[{"@type":"WebPage","@id":"https:\/\/greenowacja.pl\/produkt\/doniczka-owalna-z-mchem-i-kokardka-szara-prezent-dla-nauczyciela\/","url":"https:\/\/greenowacja.pl\/produkt\/doniczka-owalna-z-mchem-i-kokardka-szara-prezent-dla-nauczyciela\/","name":"Doniczka owalna z kokardk\u0105 -prezent dla nauczyciela","isPartOf":{"@id":"https:\/\/greenowacja.pl\/#website"},"primaryImageOfPage":{"@id":"https:\/\/greenowacja.pl\/produkt\/doniczka-owalna-z-mchem-i-kokardka-szara-prezent-dla-nauczyciela\/#primaryimage"},"image":{"@id":"https:\/\/greenowacja.pl\/produkt\/doniczka-owalna-z-mchem-i-kokardka-szara-prezent-dla-nauczyciela\/#primaryimage"},"thumbnailUrl":"https:\/\/greenowacja.pl\/wp-content\/uploads\/2024\/06\/IMG20250318091036.jpg","datePublished":"2024-06-03T09:17:41+00:00","dateModified":"2026-04-25T09:37:18+00:00","description":"Doniczka owalna z kokardk\u0105 ozdobiona chrobotkiem - oryginalny prezent dla nauczyciela! Ta nietypowa doniczka z pewno\u015bci\u0105 przyci\u0105gnie uwag\u0119 wszystkich mi\u0142o\u015bnik\u00f3w nietypowych ozd\u00f3b..","breadcrumb":{"@id":"https:\/\/greenowacja.pl\/produkt\/doniczka-owalna-z-mchem-i-kokardka-szara-prezent-dla-nauczyciela\/#breadcrumb"},"inLanguage":"pl-PL","potentialAction":[{"@type":"ReadAction","target":["https:\/\/greenowacja.pl\/produkt\/doniczka-owalna-z-mchem-i-kokardka-szara-prezent-dla-nauczyciela\/"]}]},{"@type":"ImageObject","inLanguage":"pl-PL","@id":"https:\/\/greenowacja.pl\/produkt\/doniczka-owalna-z-mchem-i-kokardka-szara-prezent-dla-nauczyciela\/#primaryimage","url":"https:\/\/greenowacja.pl\/wp-content\/uploads\/2024\/06\/IMG20250318091036.jpg","contentUrl":"https:\/\/greenowacja.pl\/wp-content\/uploads\/2024\/06\/IMG20250318091036.jpg","width":950,"height":950},{"@type":"BreadcrumbList","@id":"https:\/\/greenowacja.pl\/produkt\/doniczka-owalna-z-mchem-i-kokardka-szara-prezent-dla-nauczyciela\/#breadcrumb","itemListElement":[{"@type":"ListItem","position":1,"name":"Strona g\u0142\u00f3wna","item":"https:\/\/greenowacja.pl\/"},{"@type":"ListItem","position":2,"name":"Sklep","item":"https:\/\/greenowacja.pl\/sklep-z-mchem-chrobotkiem\/"},{"@type":"ListItem","position":3,"name":"Doniczka owalna z mchem, kwiatkami i kokardk\u0105 &#8211; szara &#8211; prezent dla nauczyciela"}]},{"@type":"WebSite","@id":"https:\/\/greenowacja.pl\/#website","url":"https:\/\/greenowacja.pl\/","name":"Ozdoby i prezenty z mchu | #u\u015bMECHnij si\u0119!","description":"","publisher":{"@id":"https:\/\/greenowacja.pl\/#organization"},"potentialAction":[{"@type":"SearchAction","target":{"@type":"EntryPoint","urlTemplate":"https:\/\/greenowacja.pl\/?s={search_term_string}"},"query-input":{"@type":"PropertyValueSpecification","valueRequired":true,"valueName":"search_term_string"}}],"inLanguage":"pl-PL"},{"@type":"Organization","@id":"https:\/\/greenowacja.pl\/#organization","name":"Ozdoby i prezenty z mchu | #u\u015bMECHnij si\u0119!","url":"https:\/\/greenowacja.pl\/","logo":{"@type":"ImageObject","inLanguage":"pl-PL","@id":"https:\/\/greenowacja.pl\/#\/schema\/logo\/image\/","url":"https:\/\/greenowacja.pl\/wp-content\/uploads\/2023\/08\/Logo-Greenowacja-wer-z-claimem-pozioma-2-kolory_Easy-Resize.com_.jpg","contentUrl":"https:\/\/greenowacja.pl\/wp-content\/uploads\/2023\/08\/Logo-Greenowacja-wer-z-claimem-pozioma-2-kolory_Easy-Resize.com_.jpg","width":1280,"height":426,"caption":"Ozdoby i prezenty z mchu | #u\u015bMECHnij si\u0119!"},"image":{"@id":"https:\/\/greenowacja.pl\/#\/schema\/logo\/image\/"},"sameAs":["https:\/\/www.facebook.com\/Greenowacja","https:\/\/www.instagram.com\/greenowacja\/"]}]}},"_links":{"self":[{"href":"https:\/\/greenowacja.pl\/wp-json\/wp\/v2\/product\/7703","targetHints":{"allow":["GET"]}}],"collection":[{"href":"https:\/\/greenowacja.pl\/wp-json\/wp\/v2\/product"}],"about":[{"href":"https:\/\/greenowacja.pl\/wp-json\/wp\/v2\/types\/product"}],"wp:featuredmedia":[{"embeddable":true,"href":"https:\/\/greenowacja.pl\/wp-json\/wp\/v2\/media\/16474"}],"wp:attachment":[{"href":"https:\/\/greenowacja.pl\/wp-json\/wp\/v2\/media?parent=7703"}],"wp:term":[{"taxonomy":"product_brand","embeddable":true,"href":"https:\/\/greenowacja.pl\/wp-json\/wp\/v2\/product_brand?post=7703"},{"taxonomy":"product_cat","embeddable":true,"href":"https:\/\/greenowacja.pl\/wp-json\/wp\/v2\/product_cat?post=7703"},{"taxonomy":"product_tag","embeddable":true,"href":"https:\/\/greenowacja.pl\/wp-json\/wp\/v2\/product_tag?post=7703"}],"curies":[{"name":"wp","href":"https:\/\/api.w.org\/{rel}","templated":true}]}}